{"id":238528,"date":"2023-11-15T11:38:39","date_gmt":"2023-11-15T09:38:39","guid":{"rendered":"https:\/\/evolve-fitness.eu\/product\/%d8%b1%d9%81-%d8%a7%d9%84%d8%af%d9%85%d8%a8%d9%84-%d9%85%d9%86-%d8%a5%d9%8a%d9%81%d9%88%d9%84%d9%81-%d8%b3%d8%aa%d9%88%d8%af%d9%8a%d9%88-2\/"},"modified":"2026-04-23T09:54:42","modified_gmt":"2026-04-23T06:54:42","slug":"%d8%b1%d9%81-%d8%a7%d9%84%d8%af%d9%85%d8%a8%d9%84-%d9%85%d9%86-%d8%a5%d9%8a%d9%81%d9%88%d9%84%d9%81-%d8%b3%d8%aa%d9%88%d8%af%d9%8a%d9%88-2","status":"publish","type":"product","link":"https:\/\/evolve-fitness.eu\/ar\/product\/%d8%b1%d9%81-%d8%a7%d9%84%d8%af%d9%85%d8%a8%d9%84-%d9%85%d9%86-%d8%a5%d9%8a%d9%81%d9%88%d9%84%d9%81-%d8%b3%d8%aa%d9%88%d8%af%d9%8a%d9%88-2\/","title":{"rendered":"\u0631\u0641 \u0627\u0644\u062f\u0645\u0628\u0644 \u0645\u0646 \u0625\u064a\u0641\u0648\u0644\u0641 \u0633\u062a\u0648\u062f\u064a\u0648"},"content":{"rendered":"\n<section class=\"wp-block-group alignfull black-content has-white-color has-darkgray-background-color has-text-color has-background is-layout-constrained wp-block-group-is-layout-constrained\" style=\"padding-top:var(--wp--preset--spacing--section-bottom);padding-bottom:var(--wp--preset--spacing--section-bottom)\">\n<p class=\"has-text-align-center has-medium-2-font-size\" style=\"padding-top:var(--wp--preset--spacing--tb-padding);padding-bottom:var(--wp--preset--spacing--tb-padding)\"><strong>\u0628\u0631\u0646\u0627\u0645\u062c Maximiza\u0163i spa\u0163i spa\u0163i dvs. de ltv. de fitness cu raftul de haltere Aerobic de la Evolve Studio <\/strong><\/p>\n\n\n\n<p>\u062a\u0645 \u062a\u0635\u0645\u064a\u0645 \u0627\u0633\u062a\u0648\u062f\u064a\u0648 \u0627\u0644\u0644\u064a\u0627\u0642\u0629 \u0627\u0644\u0628\u062f\u0646\u064a\u0629 \u0648\u0635\u0627\u0644\u0629 \u0627\u0644\u0644\u064a\u0627\u0642\u0629 \u0627\u0644\u0628\u062f\u0646\u064a\u0629 \u0641\u064a \u0645\u0631\u0643\u0632 \u0627\u0644\u0644\u064a\u0627\u0642\u0629 \u0627\u0644\u0628\u062f\u0646\u064a\u0629 <strong>Evolve\u060c<\/strong> \u0648\u0647\u0648 \u0639\u0628\u0627\u0631\u0629 \u0639\u0646 \u0645\u0634\u0631\u0648\u0639 \u062e\u0628\u064a\u0631 \u0641\u064a \u0645\u062c\u0627\u0644 \u0627\u0644\u0644\u064a\u0627\u0642\u0629 \u0627\u0644\u0628\u062f\u0646\u064a\u0629 \u0645\u0646 \u0623\u062c\u0644 \u062a\u0646\u0638\u064a\u0645 \u0627\u0644\u0644\u064a\u0627\u0642\u0629 \u0627\u0644\u0628\u062f\u0646\u064a\u0629. \u062a\u0635\u0645\u064a\u0645 \u0639\u0645\u0648\u062f\u064a \u0641\u0639\u0627\u0644 \u0641\u064a \u0645\u062c\u0627\u0644 \u0627\u0644\u0627\u0633\u062a\u0631\u062e\u0627\u0621 \u0641\u064a \u0627\u0644\u0645\u0646\u062a\u062c\u0639 \u0627\u0644\u0635\u062d\u064a \u0645\u0646 \u062e\u0644\u0627\u0644 \u062a\u0635\u0645\u064a\u0645 \u0639\u0645\u0648\u062f\u064a \u0645\u062b\u0627\u0644\u064a \u0641\u064a \u0627\u0633\u062a\u0648\u062f\u064a\u0648\u0647\u0627\u062a \u0627\u0644\u0644\u064a\u0627\u0642\u0629 \u0627\u0644\u0628\u062f\u0646\u064a\u0629 \u0648\u0645\u0631\u0627\u0643\u0632 \u0627\u0644\u0639\u0627\u0641\u064a\u0629 \u0648\u0627\u0644\u0645\u0646\u062a\u062c\u0639\u0627\u062a \u0627\u0644\u0635\u062d\u064a\u0629 \u0648\u0627\u0644\u0645\u0646\u062a\u062c\u0639\u0627\u062a \u0627\u0644\u0635\u062d\u064a\u0629 \u0641\u064a \u0627\u0644\u0645\u0646\u0632\u0644 \u0645\u0639 \u0645\u062c\u0645\u0648\u0639\u0629 \u0645\u062a\u0646\u0648\u0639\u0629 \u0645\u0646 \u0627\u0644\u0645\u0631\u0627\u0641\u0642 \u0627\u0644\u0645\u062a\u0646\u0648\u0639\u0629. <\/p>\n\n\n\n<div class=\"wp-block-columns alignwide mobile-reverse is-layout-flex wp-container-core-columns-is-layout-ca64bf2d wp-block-columns-is-layout-flex\" style=\"margin-bottom:var(--wp--preset--spacing--side-padding)\">\n<div class=\"wp-block-column is-vertically-aligned-center is-layout-flow wp-block-column-is-layout-flow\">\n<h3 class=\"wp-block-heading\" style=\"margin-bottom:var(--wp--preset--spacing--h-3-bottom)\"><strong>\n  <strong>\n    <strong>\n      <strong>\n        <strong>\n          <strong>\n            <strong>\n              <strong>\n                <strong>\n                  <strong>\u0643\u0627\u0631\u0627\u0643\u062a\u064a\u0631\u064a\u0633\u062a\u064a \u062a\u0634\u064a<\/strong>\n                <\/strong>\n              <\/strong>\n            <\/strong>\n          <\/strong>\n        <\/strong>\n      <\/strong>\n    <\/strong>\n  <\/strong>\n<\/strong>:<\/h3>\n\n\n\n<ul class=\"wp-block-list\">\n<li><strong>\u062a\u0635\u0645\u064a\u0645 \u0627\u0642\u062a\u0635\u0627\u062f\u064a \u0641\u064a \u0627\u0644\u0645\u0646\u062a\u062c\u0639 \u0627\u0644\u0635\u062d\u064a:<\/strong> \u064a\u0633\u0645\u062d \u0627\u0644\u0647\u064a\u0643\u0644 \u0627\u0644\u0631\u0623\u0633\u064a \u0627\u0644\u0639\u0645\u0648\u062f\u064a \u0644\u0644\u0631\u0641\u0648\u0641 \u0641\u064a \u0627\u0644\u0645\u0646\u062a\u062c\u0639 \u0627\u0644\u0635\u062d\u064a Evolve \u0628\u0625\u0632\u0627\u0644\u0629 \u0627\u0644\u062d\u062f \u0627\u0644\u0623\u0642\u0635\u0649 \u0645\u0646 \u0627\u0644\u062a\u0643\u0644\u0641\u0629 \u0645\u0646 \u0623\u062c\u0644 \u0627\u0644\u062a\u0636\u062d\u064a\u0629 \u0628\u0627\u0644\u0645\u0646\u062a\u062c\u0639 \u0627\u0644\u0635\u062d\u064a \u0641\u064a \u0645\u0646\u0637\u0642\u0629 \u0645\u0636\u063a\u0648\u0637\u0629.<\/li>\n\n\n\n<li><strong>\u0627\u0644\u062a\u0646\u0642\u0644 \u0645\u0646 \u0645\u0643\u0627\u0646 \u0625\u0644\u0649 \u0622\u062e\u0631:<\/strong> \u064a\u0645\u0643\u0646 \u0623\u0646 \u064a\u0643\u0648\u0646 \u0647\u0630\u0627 \u0627\u0644\u0645\u0643\u0627\u0646 \u0645\u0631\u064a\u062d\u064b\u0627 \u0648\u0645\u0644\u0627\u0626\u0645\u064b\u0627 \u0644\u0644\u0636\u064a\u0648\u0641 \u0645\u0646 \u062e\u0644\u0627\u0644 \u062a\u0648\u0641\u064a\u0631 \u0627\u0644\u0631\u0627\u062d\u0629 \u0648\u0627\u0644\u0627\u0637\u0645\u0626\u0646\u0627\u0646.<\/li>\n\n\n\n<li><strong>\u062a\u0635\u0645\u064a\u0645 \u0645\u062a\u064a\u0646:<\/strong> \u0625\u0646 Suportul \u0647\u064a \u0623\u062f\u0627\u0629 \u0645\u062a\u064a\u0646\u0629 \u0645\u062a\u064a\u0646\u0629 \u0648\u0641\u0639\u0651\u0627\u0644\u0629 \u0641\u064a \u0645\u062c\u0627\u0644 \u0627\u0644\u0644\u064a\u0627\u0642\u0629 \u0627\u0644\u0628\u062f\u0646\u064a\u0629 \u0648\u0627\u0644\u0644\u064a\u0627\u0642\u0629 \u0627\u0644\u0628\u062f\u0646\u064a\u0629.<\/li>\n\n\n\n<li><strong>\u0645\u0633\u062a\u0642\u0631 \u0648\u0645\u0636\u063a\u0648\u0637:<\/strong> \u062d\u0644 \u0645\u0633\u062a\u0642\u0631 \u0648\u0645\u0636\u063a\u0648\u0637: \u062d\u0644 \u0645\u0633\u062a\u0642\u0631 \u0648\u0645\u0636\u063a\u0648\u0637\u060c \u0648\u0645\u0646\u0627\u0637\u0642 \u0645\u0636\u0627\u062f\u0629 \u0644\u0644\u062a\u062e\u0632\u064a\u0646 \u0648\u0645\u0646\u0638\u0645\u0629.<\/li>\n<\/ul>\n<\/div>\n\n\n\n<div class=\"wp-block-column is-vertically-aligned-center is-layout-flow wp-block-column-is-layout-flow\">\n<figure class=\"wp-block-video\"><video height=\"2160\" style=\"aspect-ratio: 3840 \/ 2160;\" width=\"3840\" autoplay=\"\" controls=\"\" loop=\"\" muted=\"\" src=\"https:\/\/evolve-fitness.eu\/wp-content\/uploads\/2023\/12\/1-2.mp4\"><\/video><\/figure>\n<\/div>\n<\/div>\n\n\n\n<div class=\"wp-block-columns alignwide is-layout-flex wp-container-core-columns-is-layout-c45ee707 wp-block-columns-is-layout-flex\" style=\"margin-bottom:var(--wp--preset--spacing--side-padding);padding-top:var(--wp--preset--spacing--side-padding)\">\n<div class=\"wp-block-column is-vertically-aligned-center is-layout-flow wp-block-column-is-layout-flow\">\n<figure class=\"wp-block-video\"><video height=\"2160\" style=\"aspect-ratio: 3840 \/ 2160;\" width=\"3840\" autoplay=\"\" controls=\"\" loop=\"\" muted=\"\" src=\"https:\/\/evolve-fitness.eu\/wp-content\/uploads\/2023\/12\/2-2.mp4\"><\/video><\/figure>\n<\/div>\n\n\n\n<div class=\"wp-block-column is-vertically-aligned-center is-layout-constrained wp-block-column-is-layout-constrained\">\n<h3 class=\"wp-block-heading\" style=\"margin-bottom:var(--wp--preset--spacing--h-3-bottom)\"><strong><strong><strong><strong><strong><strong><strong><strong><strong><strong>\u0647\u0644 \u064a\u0645\u0643\u0646\u0646\u064a \u0623\u0646 \u0623\u0637\u0644\u0628 \u0645\u0646\u0643 \u0623\u0646 \u062a\u0642\u0648\u0645 \u0628\u062a\u0637\u0648\u064a\u0631 \u0627\u0644\u0623\u064a\u0631\u0648\u0628\u064a\u0643 \u0645\u0646 \u062e\u0644\u0627\u0644 \u062a\u0637\u0628\u064a\u0642 Evolve Aerobic\u061f<\/strong><\/strong><\/strong><\/strong><\/strong><\/strong><\/strong><\/strong><\/strong><\/strong><\/h3>\n\n\n\n<p>\u0647\u0630\u0627 \u0627\u0644\u062f\u0639\u0645 \u0647\u0648 \u0627\u0644\u062d\u0644 \u0627\u0644\u0623\u0645\u062b\u0644 \u0644\u0645\u0634\u0627\u0643\u0644 \u0627\u0644\u0644\u064a\u0627\u0642\u0629 \u0627\u0644\u0628\u062f\u0646\u064a\u0629\u061b \u0641\u0647\u0648 \u0628\u0645\u062b\u0627\u0628\u0629 \u0623\u062f\u0627\u0629 \u0645\u0633\u0627\u0639\u062f\u0629 \u0641\u064a \u0645\u062c\u0627\u0644 \u0627\u0644\u0644\u064a\u0627\u0642\u0629 \u0627\u0644\u0628\u062f\u0646\u064a\u0629. \u0625\u0646\u0647 \u0645\u0631\u0643\u0632 \u0645\u062a\u062e\u0635\u0635 \u0641\u064a \u0627\u0644\u0644\u064a\u0627\u0642\u0629 \u0627\u0644\u0628\u062f\u0646\u064a\u0629 \u0639\u0644\u0649 \u063a\u0631\u0627\u0631 \u0645\u0631\u0643\u0632 \u0627\u0644\u0644\u064a\u0627\u0642\u0629 \u0627\u0644\u0628\u062f\u0646\u064a\u0629 \u0627\u0644\u062e\u0627\u0635 \u0628\u0627\u0644\u0644\u064a\u0627\u0642\u0629 \u0627\u0644\u0628\u062f\u0646\u064a\u0629 \u0627\u0644\u0630\u064a \u064a\u0642\u062f\u0645 \u062e\u062f\u0645\u0627\u062a \u0627\u0644\u0644\u064a\u0627\u0642\u0629 \u0627\u0644\u0628\u062f\u0646\u064a\u0629 \u0627\u0644\u0634\u062e\u0635\u064a\u0629 \u0648\u062f\u0639\u0645 \u0627\u0644\u0644\u064a\u0627\u0642\u0629 \u0627\u0644\u0628\u062f\u0646\u064a\u0629 \u0627\u0644\u0634\u062e\u0635\u064a\u0629 \u0648\u062a\u0646\u0638\u064a\u0645\u0647\u0627 \u0648\u0625\u0632\u0627\u0644\u062a\u0647\u0627. \u062a\u0635\u0645\u064a\u0645 \u0623\u0646\u064a\u0642 \u0648\u0623\u0646\u064a\u0642 \u0648\u0642\u0627\u062f\u0631 \u0639\u0644\u0649 \u0627\u0644\u062a\u0646\u0642\u0644 \u0648\u064a\u062a\u064a\u062d \u0644\u0643 \u0623\u0646 \u062a\u0643\u0648\u0646 \u0627\u0644\u0623\u0641\u0636\u0644 \u0641\u064a \u0645\u062c\u0627\u0644 \u0627\u0644\u0644\u064a\u0627\u0642\u0629 \u0627\u0644\u0628\u062f\u0646\u064a\u0629.    <\/p>\n<\/div>\n<\/div>\n\n\n\n<p class=\"has-text-align-center has-medium-2-font-size\">\u0627\u0633\u062a\u062b\u0645\u0631 \u0641\u064a <strong>\u062a\u0637\u0648\u064a\u0631 \u0627\u0633\u062a\u0648\u062f\u064a\u0648 Evolve Studio<\/strong> \u0648\u062a\u062c\u0631\u0628\u0629 \u0627\u0644\u062c\u0645\u0639 \u0628\u064a\u0646 \u0627\u0644\u0645\u062a\u0639\u0629 \u0648\u0627\u0644\u0645\u062a\u0627\u0646\u0629 \u0648\u0627\u0644\u0644\u064a\u0627\u0642\u0629 \u0627\u0644\u0628\u062f\u0646\u064a\u0629 \u0627\u0644\u0645\u062b\u0627\u0644\u064a\u0629. \u0627\u0633\u062a\u0645\u062a\u0639 \u0628\u0627\u0644\u0644\u064a\u0627\u0642\u0629 \u0627\u0644\u0628\u062f\u0646\u064a\u0629! <\/p>\n<\/section>\n","protected":false},"excerpt":{"rendered":"<p>\u062d\u0644 \u0627\u0644\u0644\u064a\u0627\u0642\u0629 \u0627\u0644\u0628\u062f\u0646\u064a\u0629 \u0627\u0644\u0645\u062a\u0637\u0648\u0631 (EV-RS-SD-500)\u060c \u0648\u0647\u0648 \u062d\u0644 \u0645\u062a\u062d\u0631\u0643 \u0648\u0641\u0639\u0627\u0644 \u0641\u064a \u0645\u062c\u0627\u0644 \u0627\u0644\u0644\u064a\u0627\u0642\u0629 \u0627\u0644\u0628\u062f\u0646\u064a\u0629 \u0641\u064a \u062c\u0645\u064a\u0639 \u0623\u0646\u062d\u0627\u0621 \u0627\u0644\u0639\u0627\u0644\u0645 \u0644\u062a\u0646\u0638\u064a\u0645 \u062f\u0648\u0631\u0627\u062a \u0627\u0644\u0644\u064a\u0627\u0642\u0629 \u0627\u0644\u0628\u062f\u0646\u064a\u0629. \u062a\u0635\u0645\u064a\u0645 \u0639\u0645\u0648\u062f\u064a\u060c \u0645\u062f\u0645\u062c \u0648\u0645\u0636\u063a\u0648\u0637\u060c \u0648\u0645\u0636\u063a\u0648\u0637\u060c \u0648\u0645\u062b\u0627\u0644\u064a \u0644\u062f\u0631\u0627\u0633\u0629 \u0627\u0644\u0644\u064a\u0627\u0642\u0629 \u0627\u0644\u0628\u062f\u0646\u064a\u0629 \u0648\u0631\u064a\u0627\u0636\u0629 \u0627\u0644\u0644\u064a\u0627\u0642\u0629 \u0627\u0644\u0628\u062f\u0646\u064a\u0629 \u0641\u064a \u0627\u0644\u0648\u0642\u062a \u0627\u0644\u0630\u064a \u0644\u0627 \u064a\u0632\u0646 34 \u0643\u062c\u0645\u060c \u0648\u0647\u0648 \u0645\u062b\u0627\u0644\u064a \u0641\u064a \u0627\u0644\u0648\u0642\u062a \u0646\u0641\u0633\u0647. \u0643\u0645\u0627 \u0623\u0646\u0647 \u0645\u0632\u0648\u062f \u0628\u062e\u0627\u0635\u064a\u0629 \u0627\u0644\u0646\u0642\u0644 \u0648\u0627\u0644\u0636\u0645\u0627\u0646\u0627\u062a\u060c \u0648\u0647\u0648 \u0645\u062b\u0627\u0644\u064a \u0644\u0644\u0648\u0638\u0627\u0626\u0641 \u0648\u0627\u0644\u0642\u062f\u0631\u0629 \u0639\u0644\u0649 \u0627\u0644\u062a\u062d\u0645\u0644 \u0645\u0646 \u0623\u062c\u0644 \u0627\u0644\u0644\u064a\u0627\u0642\u0629 \u0627\u0644\u0628\u062f\u0646\u064a\u0629 \u0627\u0644\u062a\u064a \u062a\u0636\u0645\u0646 \u0644\u0643 \u0627\u0644\u062d\u0635\u0648\u0644 \u0639\u0644\u0649 \u0627\u0644\u0644\u064a\u0627\u0642\u0629 \u0627\u0644\u0628\u062f\u0646\u064a\u0629 \u0628\u0634\u0643\u0644 \u0645\u062b\u0627\u0644\u064a.  <\/p>\n","protected":false},"featured_media":0,"template":"","meta":{"_acf_changed":false,"inline_featured_image":false},"product_brand":[],"product_cat":[13038],"product_tag":[],"class_list":{"0":"post-238528","1":"product","2":"type-product","3":"status-publish","5":"product_cat-13038","7":"first","8":"instock","9":"shipping-taxable","10":"purchasable","11":"product-type-simple"},"acf":{"long_title":"","subtitle":"","specifications":null,"product_frequently_asked_questions":null},"yoast_head":"<!-- This site is optimized with the Yoast SEO plugin v27.4 - https:\/\/yoast.com\/product\/yoast-seo-wordpress\/ -->\n<title>\u0631\u0641 \u0627\u0644\u062f\u0645\u0628\u0644 \u0645\u0646 \u0625\u064a\u0641\u0648\u0644\u0641 \u0633\u062a\u0648\u062f\u064a\u0648 - Evolve<\/title>\n<meta name=\"robots\" content=\"index, follow, max-snippet:-1, max-image-preview:large, max-video-preview:-1\" \/>\n<link rel=\"canonical\" href=\"https:\/\/evolve-fitness.eu\/ar\/product\/%d8%b1%d9%81-%d8%a7%d9%84%d8%af%d9%85%d8%a8%d9%84-%d9%85%d9%86-%d8%a5%d9%8a%d9%81%d9%88%d9%84%d9%81-%d8%b3%d8%aa%d9%88%d8%af%d9%8a%d9%88-2\/\" \/>\n<meta property=\"og:locale\" content=\"ar_AR\" \/>\n<meta property=\"og:type\" content=\"article\" \/>\n<meta property=\"og:title\" content=\"\u0631\u0641 \u0627\u0644\u062f\u0645\u0628\u0644 \u0645\u0646 \u0625\u064a\u0641\u0648\u0644\u0641 \u0633\u062a\u0648\u062f\u064a\u0648 - Evolve\" \/>\n<meta property=\"og:url\" content=\"https:\/\/evolve-fitness.eu\/ar\/product\/%d8%b1%d9%81-%d8%a7%d9%84%d8%af%d9%85%d8%a8%d9%84-%d9%85%d9%86-%d8%a5%d9%8a%d9%81%d9%88%d9%84%d9%81-%d8%b3%d8%aa%d9%88%d8%af%d9%8a%d9%88-2\/\" \/>\n<meta property=\"og:site_name\" content=\"Evolve\" \/>\n<meta property=\"article:publisher\" content=\"https:\/\/www.facebook.com\/EvolveFitnessEurope\" \/>\n<meta property=\"article:modified_time\" content=\"2026-04-23T06:54:42+00:00\" \/>\n<meta name=\"twitter:card\" content=\"summary_large_image\" \/>\n<script type=\"application\/ld+json\" class=\"yoast-schema-graph\">{\"@context\":\"https:\\\/\\\/schema.org\",\"@graph\":[{\"@type\":\"WebPage\",\"@id\":\"https:\\\/\\\/evolve-fitness.eu\\\/ar\\\/product\\\/%d8%b1%d9%81-%d8%a7%d9%84%d8%af%d9%85%d8%a8%d9%84-%d9%85%d9%86-%d8%a5%d9%8a%d9%81%d9%88%d9%84%d9%81-%d8%b3%d8%aa%d9%88%d8%af%d9%8a%d9%88-2\\\/\",\"url\":\"https:\\\/\\\/evolve-fitness.eu\\\/ar\\\/product\\\/%d8%b1%d9%81-%d8%a7%d9%84%d8%af%d9%85%d8%a8%d9%84-%d9%85%d9%86-%d8%a5%d9%8a%d9%81%d9%88%d9%84%d9%81-%d8%b3%d8%aa%d9%88%d8%af%d9%8a%d9%88-2\\\/\",\"name\":\"\u0631\u0641 \u0627\u0644\u062f\u0645\u0628\u0644 \u0645\u0646 \u0625\u064a\u0641\u0648\u0644\u0641 \u0633\u062a\u0648\u062f\u064a\u0648 - Evolve\",\"isPartOf\":{\"@id\":\"https:\\\/\\\/evolve-fitness.eu\\\/ar\\\/#website\"},\"datePublished\":\"2023-11-15T09:38:39+00:00\",\"dateModified\":\"2026-04-23T06:54:42+00:00\",\"breadcrumb\":{\"@id\":\"https:\\\/\\\/evolve-fitness.eu\\\/ar\\\/product\\\/%d8%b1%d9%81-%d8%a7%d9%84%d8%af%d9%85%d8%a8%d9%84-%d9%85%d9%86-%d8%a5%d9%8a%d9%81%d9%88%d9%84%d9%81-%d8%b3%d8%aa%d9%88%d8%af%d9%8a%d9%88-2\\\/#breadcrumb\"},\"inLanguage\":\"ar\",\"potentialAction\":[{\"@type\":\"ReadAction\",\"target\":[\"https:\\\/\\\/evolve-fitness.eu\\\/ar\\\/product\\\/%d8%b1%d9%81-%d8%a7%d9%84%d8%af%d9%85%d8%a8%d9%84-%d9%85%d9%86-%d8%a5%d9%8a%d9%81%d9%88%d9%84%d9%81-%d8%b3%d8%aa%d9%88%d8%af%d9%8a%d9%88-2\\\/\"]}]},{\"@type\":\"BreadcrumbList\",\"@id\":\"https:\\\/\\\/evolve-fitness.eu\\\/ar\\\/product\\\/%d8%b1%d9%81-%d8%a7%d9%84%d8%af%d9%85%d8%a8%d9%84-%d9%85%d9%86-%d8%a5%d9%8a%d9%81%d9%88%d9%84%d9%81-%d8%b3%d8%aa%d9%88%d8%af%d9%8a%d9%88-2\\\/#breadcrumb\",\"itemListElement\":[{\"@type\":\"ListItem\",\"position\":1,\"name\":\"Home\",\"item\":\"https:\\\/\\\/evolve-fitness.eu\\\/ar\\\/\"},{\"@type\":\"ListItem\",\"position\":2,\"name\":\"\u0645\u0646\u062a\u062c\u0627\u062a\",\"item\":\"https:\\\/\\\/evolve-fitness.eu\\\/ar\\\/shop\\\/\"},{\"@type\":\"ListItem\",\"position\":3,\"name\":\"\u0631\u0641 \u0627\u0644\u062f\u0645\u0628\u0644 \u0645\u0646 \u0625\u064a\u0641\u0648\u0644\u0641 \u0633\u062a\u0648\u062f\u064a\u0648\"}]},{\"@type\":\"WebSite\",\"@id\":\"https:\\\/\\\/evolve-fitness.eu\\\/ar\\\/#website\",\"url\":\"https:\\\/\\\/evolve-fitness.eu\\\/ar\\\/\",\"name\":\"Evolve\",\"description\":\"Your Evolved Gear Arrived\",\"publisher\":{\"@id\":\"https:\\\/\\\/evolve-fitness.eu\\\/ar\\\/#organization\"},\"potentialAction\":[{\"@type\":\"SearchAction\",\"target\":{\"@type\":\"EntryPoint\",\"urlTemplate\":\"https:\\\/\\\/evolve-fitness.eu\\\/ar\\\/?s={search_term_string}\"},\"query-input\":{\"@type\":\"PropertyValueSpecification\",\"valueRequired\":true,\"valueName\":\"search_term_string\"}}],\"inLanguage\":\"ar\"},{\"@type\":\"Organization\",\"@id\":\"https:\\\/\\\/evolve-fitness.eu\\\/ar\\\/#organization\",\"name\":\"Evolve\",\"url\":\"https:\\\/\\\/evolve-fitness.eu\\\/ar\\\/\",\"logo\":{\"@type\":\"ImageObject\",\"inLanguage\":\"ar\",\"@id\":\"https:\\\/\\\/evolve-fitness.eu\\\/ar\\\/#\\\/schema\\\/logo\\\/image\\\/\",\"url\":\"https:\\\/\\\/evolve-fitness.eu\\\/wp-content\\\/uploads\\\/2023\\\/05\\\/Evolve-logo.svg\",\"contentUrl\":\"https:\\\/\\\/evolve-fitness.eu\\\/wp-content\\\/uploads\\\/2023\\\/05\\\/Evolve-logo.svg\",\"width\":176,\"height\":20,\"caption\":\"Evolve\"},\"image\":{\"@id\":\"https:\\\/\\\/evolve-fitness.eu\\\/ar\\\/#\\\/schema\\\/logo\\\/image\\\/\"},\"sameAs\":[\"https:\\\/\\\/www.facebook.com\\\/EvolveFitnessEurope\"]}]}<\/script>\n<!-- \/ Yoast SEO plugin. -->","yoast_head_json":{"title":"\u0631\u0641 \u0627\u0644\u062f\u0645\u0628\u0644 \u0645\u0646 \u0625\u064a\u0641\u0648\u0644\u0641 \u0633\u062a\u0648\u062f\u064a\u0648 - Evolve","robots":{"index":"index","follow":"follow","max-snippet":"max-snippet:-1","max-image-preview":"max-image-preview:large","max-video-preview":"max-video-preview:-1"},"canonical":"https:\/\/evolve-fitness.eu\/ar\/product\/%d8%b1%d9%81-%d8%a7%d9%84%d8%af%d9%85%d8%a8%d9%84-%d9%85%d9%86-%d8%a5%d9%8a%d9%81%d9%88%d9%84%d9%81-%d8%b3%d8%aa%d9%88%d8%af%d9%8a%d9%88-2\/","og_locale":"ar_AR","og_type":"article","og_title":"\u0631\u0641 \u0627\u0644\u062f\u0645\u0628\u0644 \u0645\u0646 \u0625\u064a\u0641\u0648\u0644\u0641 \u0633\u062a\u0648\u062f\u064a\u0648 - Evolve","og_url":"https:\/\/evolve-fitness.eu\/ar\/product\/%d8%b1%d9%81-%d8%a7%d9%84%d8%af%d9%85%d8%a8%d9%84-%d9%85%d9%86-%d8%a5%d9%8a%d9%81%d9%88%d9%84%d9%81-%d8%b3%d8%aa%d9%88%d8%af%d9%8a%d9%88-2\/","og_site_name":"Evolve","article_publisher":"https:\/\/www.facebook.com\/EvolveFitnessEurope","article_modified_time":"2026-04-23T06:54:42+00:00","twitter_card":"summary_large_image","schema":{"@context":"https:\/\/schema.org","@graph":[{"@type":"WebPage","@id":"https:\/\/evolve-fitness.eu\/ar\/product\/%d8%b1%d9%81-%d8%a7%d9%84%d8%af%d9%85%d8%a8%d9%84-%d9%85%d9%86-%d8%a5%d9%8a%d9%81%d9%88%d9%84%d9%81-%d8%b3%d8%aa%d9%88%d8%af%d9%8a%d9%88-2\/","url":"https:\/\/evolve-fitness.eu\/ar\/product\/%d8%b1%d9%81-%d8%a7%d9%84%d8%af%d9%85%d8%a8%d9%84-%d9%85%d9%86-%d8%a5%d9%8a%d9%81%d9%88%d9%84%d9%81-%d8%b3%d8%aa%d9%88%d8%af%d9%8a%d9%88-2\/","name":"\u0631\u0641 \u0627\u0644\u062f\u0645\u0628\u0644 \u0645\u0646 \u0625\u064a\u0641\u0648\u0644\u0641 \u0633\u062a\u0648\u062f\u064a\u0648 - Evolve","isPartOf":{"@id":"https:\/\/evolve-fitness.eu\/ar\/#website"},"datePublished":"2023-11-15T09:38:39+00:00","dateModified":"2026-04-23T06:54:42+00:00","breadcrumb":{"@id":"https:\/\/evolve-fitness.eu\/ar\/product\/%d8%b1%d9%81-%d8%a7%d9%84%d8%af%d9%85%d8%a8%d9%84-%d9%85%d9%86-%d8%a5%d9%8a%d9%81%d9%88%d9%84%d9%81-%d8%b3%d8%aa%d9%88%d8%af%d9%8a%d9%88-2\/#breadcrumb"},"inLanguage":"ar","potentialAction":[{"@type":"ReadAction","target":["https:\/\/evolve-fitness.eu\/ar\/product\/%d8%b1%d9%81-%d8%a7%d9%84%d8%af%d9%85%d8%a8%d9%84-%d9%85%d9%86-%d8%a5%d9%8a%d9%81%d9%88%d9%84%d9%81-%d8%b3%d8%aa%d9%88%d8%af%d9%8a%d9%88-2\/"]}]},{"@type":"BreadcrumbList","@id":"https:\/\/evolve-fitness.eu\/ar\/product\/%d8%b1%d9%81-%d8%a7%d9%84%d8%af%d9%85%d8%a8%d9%84-%d9%85%d9%86-%d8%a5%d9%8a%d9%81%d9%88%d9%84%d9%81-%d8%b3%d8%aa%d9%88%d8%af%d9%8a%d9%88-2\/#breadcrumb","itemListElement":[{"@type":"ListItem","position":1,"name":"Home","item":"https:\/\/evolve-fitness.eu\/ar\/"},{"@type":"ListItem","position":2,"name":"\u0645\u0646\u062a\u062c\u0627\u062a","item":"https:\/\/evolve-fitness.eu\/ar\/shop\/"},{"@type":"ListItem","position":3,"name":"\u0631\u0641 \u0627\u0644\u062f\u0645\u0628\u0644 \u0645\u0646 \u0625\u064a\u0641\u0648\u0644\u0641 \u0633\u062a\u0648\u062f\u064a\u0648"}]},{"@type":"WebSite","@id":"https:\/\/evolve-fitness.eu\/ar\/#website","url":"https:\/\/evolve-fitness.eu\/ar\/","name":"Evolve","description":"Your Evolved Gear Arrived","publisher":{"@id":"https:\/\/evolve-fitness.eu\/ar\/#organization"},"potentialAction":[{"@type":"SearchAction","target":{"@type":"EntryPoint","urlTemplate":"https:\/\/evolve-fitness.eu\/ar\/?s={search_term_string}"},"query-input":{"@type":"PropertyValueSpecification","valueRequired":true,"valueName":"search_term_string"}}],"inLanguage":"ar"},{"@type":"Organization","@id":"https:\/\/evolve-fitness.eu\/ar\/#organization","name":"Evolve","url":"https:\/\/evolve-fitness.eu\/ar\/","logo":{"@type":"ImageObject","inLanguage":"ar","@id":"https:\/\/evolve-fitness.eu\/ar\/#\/schema\/logo\/image\/","url":"https:\/\/evolve-fitness.eu\/wp-content\/uploads\/2023\/05\/Evolve-logo.svg","contentUrl":"https:\/\/evolve-fitness.eu\/wp-content\/uploads\/2023\/05\/Evolve-logo.svg","width":176,"height":20,"caption":"Evolve"},"image":{"@id":"https:\/\/evolve-fitness.eu\/ar\/#\/schema\/logo\/image\/"},"sameAs":["https:\/\/www.facebook.com\/EvolveFitnessEurope"]}]}},"_links":{"self":[{"href":"https:\/\/evolve-fitness.eu\/ar\/wp-json\/wp\/v2\/product\/238528","targetHints":{"allow":["GET"]}}],"collection":[{"href":"https:\/\/evolve-fitness.eu\/ar\/wp-json\/wp\/v2\/product"}],"about":[{"href":"https:\/\/evolve-fitness.eu\/ar\/wp-json\/wp\/v2\/types\/product"}],"wp:attachment":[{"href":"https:\/\/evolve-fitness.eu\/ar\/wp-json\/wp\/v2\/media?parent=238528"}],"wp:term":[{"taxonomy":"product_brand","embeddable":true,"href":"https:\/\/evolve-fitness.eu\/ar\/wp-json\/wp\/v2\/product_brand?post=238528"},{"taxonomy":"product_cat","embeddable":true,"href":"https:\/\/evolve-fitness.eu\/ar\/wp-json\/wp\/v2\/product_cat?post=238528"},{"taxonomy":"product_tag","embeddable":true,"href":"https:\/\/evolve-fitness.eu\/ar\/wp-json\/wp\/v2\/product_tag?post=238528"}],"curies":[{"name":"wp","href":"https:\/\/api.w.org\/{rel}","templated":true}]}}