{"id":238588,"date":"2023-12-22T11:56:27","date_gmt":"2023-12-22T09:56:27","guid":{"rendered":"https:\/\/evolve-fitness.eu\/product\/crossovy-trenazer-evolve-prime-series\/"},"modified":"2026-04-23T09:57:59","modified_gmt":"2026-04-23T06:57:59","slug":"crossovy-trenazer-evolve-prime-series","status":"publish","type":"product","link":"https:\/\/evolve-fitness.eu\/ar\/product\/crossovy-trenazer-evolve-prime-series\/","title":{"rendered":"Crossov\u00fd trena\u017e\u00e9r Evolve Prime Series"},"content":{"rendered":"\n<section class=\"wp-block-group alignfull has-lightgray-background-color has-background is-layout-constrained wp-block-group-is-layout-constrained\">\n<div class=\"wp-block-columns alignwide is-layout-flex wp-container-core-columns-is-layout-2edb0647 wp-block-columns-is-layout-flex\" style=\"margin-top:0;margin-bottom:0\">\n<div class=\"wp-block-column is-layout-flow wp-block-column-is-layout-flow\" style=\"flex-basis:33.33%\"><\/div>\n\n\n\n<div class=\"wp-block-column is-layout-flow wp-block-column-is-layout-flow\" style=\"flex-basis:66.66%\"><\/div>\n<\/div>\n<\/section>\n\n<section class=\"wp-block-group alignfull black-content has-white-color has-darkgray-background-color has-text-color has-background is-layout-constrained wp-block-group-is-layout-constrained\" style=\"padding-top:var(--wp--preset--spacing--section-bottom);padding-bottom:var(--wp--preset--spacing--section-bottom)\">\n<div class=\"wp-block-columns alignwide is-layout-flex wp-container-core-columns-is-layout-c45ee707 wp-block-columns-is-layout-flex\" style=\"margin-bottom:var(--wp--preset--spacing--side-padding);padding-top:var(--wp--preset--spacing--side-padding)\">\n<div class=\"wp-block-column is-vertically-aligned-center is-layout-flow wp-block-column-is-layout-flow\">\n<figure class=\"wp-block-video\"><video height=\"2160\" style=\"aspect-ratio: 3840 \/ 2160;\" width=\"3840\" autoplay=\"\" controls=\"\" loop=\"\" muted=\"\" src=\"https:\/\/evolve-fitness.eu\/wp-content\/uploads\/2023\/12\/2-18.mp4\"><\/video><\/figure>\n<\/div>\n\n\n\n<div class=\"wp-block-column is-vertically-aligned-center is-layout-constrained wp-block-column-is-layout-constrained\">\n<h3 class=\"wp-block-heading\" style=\"margin-bottom:var(--wp--preset--spacing--h-3-bottom)\"><strong>\u0160irok\u00e1 \u0161k\u00e1la cvi\u010den\u00ed<\/strong> <\/h3>\n\n\n\n<p><\/p>\n\n\n\n<p style=\"margin-bottom:var(--wp--preset--spacing--tb-section-padding)\">\u0643\u0627\u0628\u0644 \u0633\u062d\u0628 \u0645\u062a\u0642\u0627\u0637\u0639 \u0644\u0644\u0645\u062f\u0631\u0628 \u0625\u064a\u0641\u0648\u0644\u0641 \u0625\u064a\u0641\u0648\u0644\u0641 \u0643\u0631\u0648\u0633 \u0643\u0631\u0648\u0633 \u0623\u0648\u0641\u0631\u060c \u062d\u064a\u062b \u064a\u0645\u0643\u0646 \u0623\u0646 \u064a\u0643\u0648\u0646 \u0627\u0644\u0643\u0627\u0628\u0644 \u0627\u0644\u0645\u062a\u0642\u0627\u0637\u0639 \u0645\u0631\u0646\u064b\u0627 \u0648\u0645\u0631\u064a\u062d\u064b\u0627.<\/p>\n<\/div>\n<\/div>\n\n\n\n<div class=\"wp-block-columns alignwide is-layout-flex wp-container-core-columns-is-layout-c45ee707 wp-block-columns-is-layout-flex\" style=\"margin-bottom:var(--wp--preset--spacing--side-padding);padding-top:var(--wp--preset--spacing--side-padding)\">\n<div class=\"wp-block-column is-vertically-aligned-center is-layout-flow wp-block-column-is-layout-flow\">\n<h3 class=\"wp-block-heading\" style=\"margin-bottom:var(--wp--preset--spacing--h-3-bottom)\"><strong><strong>P\u0159izp\u016f p\u0159izp\u016f pozp\u00f9biteln\u00e9 mo\u017enosti odporu<\/strong><\/strong><\/h3>\n\n\n\n<p><\/p>\n\n\n\n<p>Je vybaven nastaviteln\u00fdm odporem, kter\u00fd umo\u017e\u0148uje u\u017eivatel\u016fm p\u0159izp\u016fsobit tr\u00e9nink konkr\u00e9tn\u00edm \u00farovn\u00edm s\u00edly a c\u00edl\u016fm, tak\u017ee je vhodn\u00fd jak pro za\u010d\u00e1te\u010dn\u00edky, tak pro pokro\u010dil\u00e9 u\u017eivatele.<\/p>\n<\/div>\n\n\n\n<div class=\"wp-block-column is-vertically-aligned-center is-layout-flow wp-block-column-is-layout-flow\">\n<div class=\"wp-block-columns is-layout-flex wp-container-core-columns-is-layout-9d6595d7 wp-block-columns-is-layout-flex\">\n<div class=\"wp-block-column is-layout-flow wp-block-column-is-layout-flow\">\n<figure class=\"wp-block-video\"><video height=\"2160\" style=\"aspect-ratio: 3840 \/ 2160;\" width=\"3840\" autoplay=\"\" controls=\"\" loop=\"\" muted=\"\" src=\"https:\/\/evolve-fitness.eu\/wp-content\/uploads\/2023\/12\/8.mp4\"><\/video><\/figure>\n<\/div>\n<\/div>\n<\/div>\n<\/div>\n\n\n\n<div class=\"wp-block-columns alignwide is-layout-flex wp-container-core-columns-is-layout-c45ee707 wp-block-columns-is-layout-flex\" style=\"margin-bottom:var(--wp--preset--spacing--side-padding);padding-top:var(--wp--preset--spacing--side-padding)\">\n<div class=\"wp-block-column is-vertically-aligned-center is-layout-flow wp-block-column-is-layout-flow\">\n<figure class=\"wp-block-video\"><video height=\"2160\" style=\"aspect-ratio: 3840 \/ 2160;\" width=\"3840\" autoplay=\"\" controls=\"\" loop=\"\" muted=\"\" src=\"https:\/\/evolve-fitness.eu\/wp-content\/uploads\/2023\/12\/1-28.mp4\"><\/video><\/figure>\n<\/div>\n\n\n\n<div class=\"wp-block-column is-vertically-aligned-center is-layout-flow wp-block-column-is-layout-flow\">\n<h3 class=\"wp-block-heading\" style=\"margin-bottom:var(--wp--preset--spacing--h-3-bottom)\"><strong><strong><strong>Odolnost p\u0159i intenzivn\u00edm pou\u017e\u00edv\u00e1n\u00ed<\/strong><\/strong><\/strong><\/h3>\n\n\n\n<p><\/p>\n\n\n\n<p>\u0643\u0645\u0627 \u064a\u0645\u0643\u0646 \u0623\u0646 \u064a\u0643\u0648\u0646 \u0647\u0646\u0627\u0643 \u0627\u0644\u0639\u062f\u064a\u062f \u0645\u0646 \u0627\u0644\u0645\u0632\u0627\u064a\u0627 \u0627\u0644\u062a\u064a \u064a\u0645\u0643\u0646 \u0623\u0646 \u062a\u0648\u0641\u0631\u0647\u0627 \u0647\u0630\u0647 \u0627\u0644\u062e\u062f\u0645\u0629 \u0641\u064a \u0623\u064a \u0645\u0643\u0627\u0646 \u0641\u064a \u0627\u0644\u0639\u0627\u0644\u0645.<\/p>\n<\/div>\n<\/div>\n\n\n\n<div class=\"wp-block-columns alignwide is-layout-flex wp-container-core-columns-is-layout-c45ee707 wp-block-columns-is-layout-flex\" style=\"margin-bottom:var(--wp--preset--spacing--side-padding);padding-top:var(--wp--preset--spacing--side-padding)\">\n<div class=\"wp-block-column is-vertically-aligned-center is-layout-flow wp-block-column-is-layout-flow\">\n<h3 class=\"wp-block-heading\" style=\"margin-bottom:var(--wp--preset--spacing--h-3-bottom)\"><strong><strong>\u062a\u0635\u0645\u064a\u0645 Ergonomickick\u00fd pro pohodl\u00ed u\u017eivatele<\/strong><\/strong><\/h3>\n\n\n\n<p><\/p>\n\n\n\n<p>\u062a\u0635\u0645\u064a\u0645 Ergonomickick\u00fd \u062a\u0635\u0645\u064a\u0645 \u0645\u0631\u064a\u062d \u0648\u0645\u0631\u064a\u062d\u060c \u062a\u0635\u0645\u064a\u0645 \u0645\u0631\u064a\u062d \u0648\u0645\u0631\u064a\u062d\u060c \u062a\u0635\u0645\u064a\u0645 \u0645\u0631\u064a\u062d \u0648\u0645\u0631\u064a\u062d\u060c \u062a\u0635\u0645\u064a\u0645 \u0645\u0631\u064a\u062d \u0648\u0645\u0631\u064a\u062d\u060c \u062a\u0635\u0645\u064a\u0645 \u0645\u0631\u064a\u062d \u0648\u0645\u0631\u064a\u062d\u060c \u062a\u0635\u0645\u064a\u0645 \u0645\u0631\u064a\u062d \u0648\u0645\u0631\u064a\u062d\u060c \u062a\u0635\u0645\u064a\u0645 \u0645\u0631\u064a\u062d \u0648\u0645\u0631\u064a\u062d.<\/p>\n<\/div>\n\n\n\n<div class=\"wp-block-column is-vertically-aligned-center is-layout-flow wp-block-column-is-layout-flow\">\n<div class=\"wp-block-columns is-layout-flex wp-container-core-columns-is-layout-9d6595d7 wp-block-columns-is-layout-flex\">\n<div class=\"wp-block-column is-layout-flow wp-block-column-is-layout-flow\">\n<figure class=\"wp-block-video\"><video height=\"2160\" style=\"aspect-ratio: 3840 \/ 2160;\" width=\"3840\" autoplay=\"\" controls=\"\" loop=\"\" muted=\"\" src=\"https:\/\/evolve-fitness.eu\/wp-content\/uploads\/2023\/12\/6-1.mp4\"><\/video><\/figure>\n<\/div>\n<\/div>\n<\/div>\n<\/div>\n<\/section>\n","protected":false},"excerpt":{"rendered":"<p>Crossovvv\u00fd \u062a\u0631\u064a\u0646\u062f\u0627\u062a Crossov\u00fd Evolve \u0647\u064a \u062a\u0631\u064a\u0646\u062f\u0627\u062a \u0627\u062d\u062a\u0631\u0627\u0641\u064a\u0629 \u0645\u062a\u0642\u0627\u0637\u0639\u0629 \u060c \u062d\u064a\u062b \u064a\u062a\u0645 \u0627\u0633\u062a\u062e\u062f\u0627\u0645\u0647\u0627 \u0641\u064a \u0645\u0643\u0627\u0646 \u0648\u0627\u062d\u062f \u0641\u0642\u0637. \u064a\u0645\u0643\u0646 \u0623\u0646 \u064a\u0643\u0648\u0646 \u0647\u0630\u0627 \u0627\u0644\u062a\u0635\u0645\u064a\u0645 \u0645\u062a\u0642\u0627\u0637\u0639\u064b\u0627 \u0628\u0634\u0643\u0644 \u062e\u0627\u0635 \u0645\u0639 \u0645\u0627 \u0647\u0648 \u0645\u062e\u0635\u0635 \u0644\u0644\u0645\u0633\u0627\u0639\u062f\u0629 \u0641\u064a \u0639\u0645\u0644\u064a\u0629 \u0627\u0644\u062a\u062b\u0628\u064a\u062a \u0641\u064a \u0645\u0643\u0627\u0646 \u0648\u0627\u062d\u062f. \u0643\u0645\u0627 \u0623\u0646 \u0627\u0644\u062a\u0635\u0645\u064a\u0645 \u0627\u0644\u0645\u062a\u064a\u0646 \u064a\u0644\u0627\u0626\u0645 \u0627\u0644\u0628\u0646\u064a\u0629 \u0627\u0644\u0642\u0648\u064a\u0629 \u0627\u0644\u062a\u064a \u064a\u0645\u0643\u0646 \u0623\u0646 \u062a\u0633\u0627\u0639\u062f \u0641\u064a \u0627\u0644\u062d\u0641\u0627\u0638 \u0639\u0644\u0649 \u0627\u0644\u062d\u064a\u0648\u064a\u0629 \u0648\u0627\u0644\u0646\u0634\u0627\u0637\u060c \u0645\u0639 \u0645\u0631\u0627\u0639\u0627\u0629 \u0623\u0646 \u064a\u0643\u0648\u0646 \u0630\u0644\u0643 \u0641\u064a \u0645\u062a\u0646\u0627\u0648\u0644 \u0627\u0644\u064a\u062f.  <\/p>\n","protected":false},"featured_media":0,"template":"","meta":{"_acf_changed":false,"inline_featured_image":false},"product_brand":[],"product_cat":[13038],"product_tag":[],"class_list":{"0":"post-238588","1":"product","2":"type-product","3":"status-publish","5":"product_cat-13038","7":"first","8":"instock","9":"shipping-taxable","10":"purchasable","11":"product-type-simple"},"acf":{"long_title":"","subtitle":"","specifications":null,"product_frequently_asked_questions":null},"yoast_head":"<!-- This site is optimized with the Yoast SEO plugin v27.4 - https:\/\/yoast.com\/product\/yoast-seo-wordpress\/ -->\n<title>Crossov\u00fd trena\u017e\u00e9r Evolve Prime Series - Evolve<\/title>\n<meta name=\"robots\" content=\"index, follow, max-snippet:-1, max-image-preview:large, max-video-preview:-1\" \/>\n<link rel=\"canonical\" href=\"https:\/\/evolve-fitness.eu\/ar\/product\/crossovy-trenazer-evolve-prime-series\/\" \/>\n<meta property=\"og:locale\" content=\"ar_AR\" \/>\n<meta property=\"og:type\" content=\"article\" \/>\n<meta property=\"og:title\" content=\"Crossov\u00fd trena\u017e\u00e9r Evolve Prime Series - Evolve\" \/>\n<meta property=\"og:url\" content=\"https:\/\/evolve-fitness.eu\/ar\/product\/crossovy-trenazer-evolve-prime-series\/\" \/>\n<meta property=\"og:site_name\" content=\"Evolve\" \/>\n<meta property=\"article:publisher\" content=\"https:\/\/www.facebook.com\/EvolveFitnessEurope\" \/>\n<meta property=\"article:modified_time\" content=\"2026-04-23T06:57:59+00:00\" \/>\n<meta name=\"twitter:card\" content=\"summary_large_image\" \/>\n<script type=\"application\/ld+json\" class=\"yoast-schema-graph\">{\"@context\":\"https:\\\/\\\/schema.org\",\"@graph\":[{\"@type\":\"WebPage\",\"@id\":\"https:\\\/\\\/evolve-fitness.eu\\\/ar\\\/product\\\/crossovy-trenazer-evolve-prime-series\\\/\",\"url\":\"https:\\\/\\\/evolve-fitness.eu\\\/ar\\\/product\\\/crossovy-trenazer-evolve-prime-series\\\/\",\"name\":\"Crossov\u00fd trena\u017e\u00e9r Evolve Prime Series - Evolve\",\"isPartOf\":{\"@id\":\"https:\\\/\\\/evolve-fitness.eu\\\/ar\\\/#website\"},\"datePublished\":\"2023-12-22T09:56:27+00:00\",\"dateModified\":\"2026-04-23T06:57:59+00:00\",\"breadcrumb\":{\"@id\":\"https:\\\/\\\/evolve-fitness.eu\\\/ar\\\/product\\\/crossovy-trenazer-evolve-prime-series\\\/#breadcrumb\"},\"inLanguage\":\"ar\",\"potentialAction\":[{\"@type\":\"ReadAction\",\"target\":[\"https:\\\/\\\/evolve-fitness.eu\\\/ar\\\/product\\\/crossovy-trenazer-evolve-prime-series\\\/\"]}]},{\"@type\":\"BreadcrumbList\",\"@id\":\"https:\\\/\\\/evolve-fitness.eu\\\/ar\\\/product\\\/crossovy-trenazer-evolve-prime-series\\\/#breadcrumb\",\"itemListElement\":[{\"@type\":\"ListItem\",\"position\":1,\"name\":\"Home\",\"item\":\"https:\\\/\\\/evolve-fitness.eu\\\/ar\\\/\"},{\"@type\":\"ListItem\",\"position\":2,\"name\":\"\u0645\u0646\u062a\u062c\u0627\u062a\",\"item\":\"https:\\\/\\\/evolve-fitness.eu\\\/ar\\\/shop\\\/\"},{\"@type\":\"ListItem\",\"position\":3,\"name\":\"Crossov\u00fd trena\u017e\u00e9r Evolve Prime Series\"}]},{\"@type\":\"WebSite\",\"@id\":\"https:\\\/\\\/evolve-fitness.eu\\\/ar\\\/#website\",\"url\":\"https:\\\/\\\/evolve-fitness.eu\\\/ar\\\/\",\"name\":\"Evolve\",\"description\":\"Your Evolved Gear Arrived\",\"publisher\":{\"@id\":\"https:\\\/\\\/evolve-fitness.eu\\\/ar\\\/#organization\"},\"potentialAction\":[{\"@type\":\"SearchAction\",\"target\":{\"@type\":\"EntryPoint\",\"urlTemplate\":\"https:\\\/\\\/evolve-fitness.eu\\\/ar\\\/?s={search_term_string}\"},\"query-input\":{\"@type\":\"PropertyValueSpecification\",\"valueRequired\":true,\"valueName\":\"search_term_string\"}}],\"inLanguage\":\"ar\"},{\"@type\":\"Organization\",\"@id\":\"https:\\\/\\\/evolve-fitness.eu\\\/ar\\\/#organization\",\"name\":\"Evolve\",\"url\":\"https:\\\/\\\/evolve-fitness.eu\\\/ar\\\/\",\"logo\":{\"@type\":\"ImageObject\",\"inLanguage\":\"ar\",\"@id\":\"https:\\\/\\\/evolve-fitness.eu\\\/ar\\\/#\\\/schema\\\/logo\\\/image\\\/\",\"url\":\"https:\\\/\\\/evolve-fitness.eu\\\/wp-content\\\/uploads\\\/2023\\\/05\\\/Evolve-logo.svg\",\"contentUrl\":\"https:\\\/\\\/evolve-fitness.eu\\\/wp-content\\\/uploads\\\/2023\\\/05\\\/Evolve-logo.svg\",\"width\":176,\"height\":20,\"caption\":\"Evolve\"},\"image\":{\"@id\":\"https:\\\/\\\/evolve-fitness.eu\\\/ar\\\/#\\\/schema\\\/logo\\\/image\\\/\"},\"sameAs\":[\"https:\\\/\\\/www.facebook.com\\\/EvolveFitnessEurope\"]}]}<\/script>\n<!-- \/ Yoast SEO plugin. -->","yoast_head_json":{"title":"Crossov\u00fd trena\u017e\u00e9r Evolve Prime Series - Evolve","robots":{"index":"index","follow":"follow","max-snippet":"max-snippet:-1","max-image-preview":"max-image-preview:large","max-video-preview":"max-video-preview:-1"},"canonical":"https:\/\/evolve-fitness.eu\/ar\/product\/crossovy-trenazer-evolve-prime-series\/","og_locale":"ar_AR","og_type":"article","og_title":"Crossov\u00fd trena\u017e\u00e9r Evolve Prime Series - Evolve","og_url":"https:\/\/evolve-fitness.eu\/ar\/product\/crossovy-trenazer-evolve-prime-series\/","og_site_name":"Evolve","article_publisher":"https:\/\/www.facebook.com\/EvolveFitnessEurope","article_modified_time":"2026-04-23T06:57:59+00:00","twitter_card":"summary_large_image","schema":{"@context":"https:\/\/schema.org","@graph":[{"@type":"WebPage","@id":"https:\/\/evolve-fitness.eu\/ar\/product\/crossovy-trenazer-evolve-prime-series\/","url":"https:\/\/evolve-fitness.eu\/ar\/product\/crossovy-trenazer-evolve-prime-series\/","name":"Crossov\u00fd trena\u017e\u00e9r Evolve Prime Series - Evolve","isPartOf":{"@id":"https:\/\/evolve-fitness.eu\/ar\/#website"},"datePublished":"2023-12-22T09:56:27+00:00","dateModified":"2026-04-23T06:57:59+00:00","breadcrumb":{"@id":"https:\/\/evolve-fitness.eu\/ar\/product\/crossovy-trenazer-evolve-prime-series\/#breadcrumb"},"inLanguage":"ar","potentialAction":[{"@type":"ReadAction","target":["https:\/\/evolve-fitness.eu\/ar\/product\/crossovy-trenazer-evolve-prime-series\/"]}]},{"@type":"BreadcrumbList","@id":"https:\/\/evolve-fitness.eu\/ar\/product\/crossovy-trenazer-evolve-prime-series\/#breadcrumb","itemListElement":[{"@type":"ListItem","position":1,"name":"Home","item":"https:\/\/evolve-fitness.eu\/ar\/"},{"@type":"ListItem","position":2,"name":"\u0645\u0646\u062a\u062c\u0627\u062a","item":"https:\/\/evolve-fitness.eu\/ar\/shop\/"},{"@type":"ListItem","position":3,"name":"Crossov\u00fd trena\u017e\u00e9r Evolve Prime Series"}]},{"@type":"WebSite","@id":"https:\/\/evolve-fitness.eu\/ar\/#website","url":"https:\/\/evolve-fitness.eu\/ar\/","name":"Evolve","description":"Your Evolved Gear Arrived","publisher":{"@id":"https:\/\/evolve-fitness.eu\/ar\/#organization"},"potentialAction":[{"@type":"SearchAction","target":{"@type":"EntryPoint","urlTemplate":"https:\/\/evolve-fitness.eu\/ar\/?s={search_term_string}"},"query-input":{"@type":"PropertyValueSpecification","valueRequired":true,"valueName":"search_term_string"}}],"inLanguage":"ar"},{"@type":"Organization","@id":"https:\/\/evolve-fitness.eu\/ar\/#organization","name":"Evolve","url":"https:\/\/evolve-fitness.eu\/ar\/","logo":{"@type":"ImageObject","inLanguage":"ar","@id":"https:\/\/evolve-fitness.eu\/ar\/#\/schema\/logo\/image\/","url":"https:\/\/evolve-fitness.eu\/wp-content\/uploads\/2023\/05\/Evolve-logo.svg","contentUrl":"https:\/\/evolve-fitness.eu\/wp-content\/uploads\/2023\/05\/Evolve-logo.svg","width":176,"height":20,"caption":"Evolve"},"image":{"@id":"https:\/\/evolve-fitness.eu\/ar\/#\/schema\/logo\/image\/"},"sameAs":["https:\/\/www.facebook.com\/EvolveFitnessEurope"]}]}},"_links":{"self":[{"href":"https:\/\/evolve-fitness.eu\/ar\/wp-json\/wp\/v2\/product\/238588","targetHints":{"allow":["GET"]}}],"collection":[{"href":"https:\/\/evolve-fitness.eu\/ar\/wp-json\/wp\/v2\/product"}],"about":[{"href":"https:\/\/evolve-fitness.eu\/ar\/wp-json\/wp\/v2\/types\/product"}],"wp:attachment":[{"href":"https:\/\/evolve-fitness.eu\/ar\/wp-json\/wp\/v2\/media?parent=238588"}],"wp:term":[{"taxonomy":"product_brand","embeddable":true,"href":"https:\/\/evolve-fitness.eu\/ar\/wp-json\/wp\/v2\/product_brand?post=238588"},{"taxonomy":"product_cat","embeddable":true,"href":"https:\/\/evolve-fitness.eu\/ar\/wp-json\/wp\/v2\/product_cat?post=238588"},{"taxonomy":"product_tag","embeddable":true,"href":"https:\/\/evolve-fitness.eu\/ar\/wp-json\/wp\/v2\/product_tag?post=238588"}],"curies":[{"name":"wp","href":"https:\/\/api.w.org\/{rel}","templated":true}]}}