{"id":34965,"date":"2023-09-11T07:14:18","date_gmt":"2023-09-11T07:14:18","guid":{"rendered":"https:\/\/evolve-fitness.eu\/product\/evolve-ultra-series-%d0%bf%d0%bb%d0%b0%d1%82%d0%b5%d0%bd-%d0%bf%d0%bb%d0%b0%d1%81%d1%82-brustpresse\/"},"modified":"2024-03-15T11:46:18","modified_gmt":"2024-03-15T11:46:18","slug":"evolve-ultra-series-%d0%bf%d0%bb%d0%b0%d1%82%d0%b5%d0%bd-%d0%bf%d0%bb%d0%b0%d1%81%d1%82-brustpresse","status":"publish","type":"product","link":"https:\/\/evolve-fitness.eu\/bg\/produkt\/evolve-ultra-series-%d0%bf%d0%bb%d0%b0%d1%82%d0%b5%d0%bd-%d0%bf%d0%bb%d0%b0%d1%81%d1%82-brustpresse\/","title":{"rendered":"Evolve Ultra Series \u043f\u043b\u0430\u0442\u0435\u043d \u043f\u043b\u0430\u0441\u0442 Brustpresse"},"content":{"rendered":"","protected":false},"excerpt":{"rendered":"<p>Erh\u00f6hen Sie das Angebot in Ihrem Fitnessstudio mit der Evolve Ultra Series Plate Loaded Chest Press UL-010. Diese f\u00fcr kommerzielle Fitnesseinrichtungen konzipierte Brustpresse verf\u00fcgt \u00fcber einen robusten Stahlrahmen mit Rostschutz, 6 integrierte Hantelscheibenaufbewahrungsstifte und rutschfeste Griffe f\u00fcr mehr Sicherheit. Das ergonomische Design, die unilaterale Armbewegung und die anpassbaren Farben machen ihn zu einer erstklassigen Wahl. Mit einer 2-Jahres-Garantie ist es die ideale Erg\u00e4nzung f\u00fcr Fitnessstudios, die auf der Suche nach langlebigen, hochwertigen Ger\u00e4ten sind. Erweitern Sie die Fitnessger\u00e4te in Ihrem Fitnessstudio mit dieser au\u00dfergew\u00f6hnlichen Brustpresse.  <\/p>\n","protected":false},"featured_media":0,"template":"","meta":{"_acf_changed":false,"inline_featured_image":false},"product_brand":[],"product_cat":[17],"product_tag":[],"class_list":{"0":"post-34965","1":"product","2":"type-product","3":"status-publish","5":"product_cat-be-kategorijos","7":"first","8":"instock","9":"virtual","10":"purchasable","11":"product-type-simple"},"acf":{"long_title":"\u0415\u0432\u043e\u043b\u044e\u0438\u0440\u0430\u0439\u0442\u0435 Ultra Series Plate Loaded Chest Press, UL-010","subtitle":"","specifications":[{"label":"SKU","text_value":"EV-PL-UL-010","icon":"x"},{"label":"Abmessungen","text_value":"1100 x 1690 x 1770 \u043c\u043c","icon":"x"},{"label":"Gewicht","text_value":"135 \u043a\u0433","icon":"x"},{"label":"Garantie  ","text_value":"2 \u0433\u043e\u0434\u0438\u043d\u0438","icon":"x"},{"label":"\u041c\u0430\u043a\u0441. \u043d\u0430\u0442\u043e\u0432\u0430\u0440\u0435\u043d  ","text_value":"300 \u043a\u0433","icon":"x"},{"label":"Aufbewahrung von Hantelscheiben","text_value":"","icon":"v"},{"label":"Dick gepolstert","text_value":"","icon":"v"},{"label":"Unilaterale Armbewegung","text_value":"","icon":"v"},{"label":"Sitzh\u00f6he einstellbar  ","text_value":"","icon":"v"},{"label":"Offener Rahmen f\u00fcr leichten Zugang","text_value":"","icon":"v"},{"label":"Langlebige Bodenschoner","text_value":"","icon":"v"},{"label":"Anti-Rutsch-Griffe","text_value":"","icon":"v"},{"label":"6 Stifte zur Aufbewahrung von Hantelscheiben","text_value":"","icon":"v"},{"label":"Rahmen- und Polsterfarben individuell anpassen","text_value":"","icon":"v"}]},"yoast_head":"<!-- This site is optimized with the Yoast SEO plugin v27.4 - https:\/\/yoast.com\/product\/yoast-seo-wordpress\/ -->\n<title>Evolve Ultra Series \u043f\u043b\u0430\u0442\u0435\u043d \u043f\u043b\u0430\u0441\u0442 Brustpresse - Evolve<\/title>\n<meta name=\"robots\" content=\"index, follow, max-snippet:-1, max-image-preview:large, max-video-preview:-1\" \/>\n<link rel=\"canonical\" href=\"https:\/\/evolve-fitness.eu\/bg\/produkt\/evolve-ultra-series-%d0%bf%d0%bb%d0%b0%d1%82%d0%b5%d0%bd-%d0%bf%d0%bb%d0%b0%d1%81%d1%82-brustpresse\/\" \/>\n<meta property=\"og:locale\" content=\"bg_BG\" \/>\n<meta property=\"og:type\" content=\"article\" \/>\n<meta property=\"og:title\" content=\"Evolve Ultra Series \u043f\u043b\u0430\u0442\u0435\u043d \u043f\u043b\u0430\u0441\u0442 Brustpresse - Evolve\" \/>\n<meta property=\"og:url\" content=\"https:\/\/evolve-fitness.eu\/bg\/produkt\/evolve-ultra-series-%d0%bf%d0%bb%d0%b0%d1%82%d0%b5%d0%bd-%d0%bf%d0%bb%d0%b0%d1%81%d1%82-brustpresse\/\" \/>\n<meta property=\"og:site_name\" content=\"Evolve\" \/>\n<meta property=\"article:publisher\" content=\"https:\/\/www.facebook.com\/EvolveFitnessEurope\" \/>\n<meta property=\"article:modified_time\" content=\"2024-03-15T11:46:18+00:00\" \/>\n<meta name=\"twitter:card\" content=\"summary_large_image\" \/>\n<script type=\"application\/ld+json\" class=\"yoast-schema-graph\">{\"@context\":\"https:\\\/\\\/schema.org\",\"@graph\":[{\"@type\":\"WebPage\",\"@id\":\"https:\\\/\\\/evolve-fitness.eu\\\/bg\\\/produkt\\\/evolve-ultra-series-%d0%bf%d0%bb%d0%b0%d1%82%d0%b5%d0%bd-%d0%bf%d0%bb%d0%b0%d1%81%d1%82-brustpresse\\\/\",\"url\":\"https:\\\/\\\/evolve-fitness.eu\\\/bg\\\/produkt\\\/evolve-ultra-series-%d0%bf%d0%bb%d0%b0%d1%82%d0%b5%d0%bd-%d0%bf%d0%bb%d0%b0%d1%81%d1%82-brustpresse\\\/\",\"name\":\"Evolve Ultra Series \u043f\u043b\u0430\u0442\u0435\u043d \u043f\u043b\u0430\u0441\u0442 Brustpresse - Evolve\",\"isPartOf\":{\"@id\":\"https:\\\/\\\/evolve-fitness.eu\\\/bg\\\/#website\"},\"datePublished\":\"2023-09-11T07:14:18+00:00\",\"dateModified\":\"2024-03-15T11:46:18+00:00\",\"breadcrumb\":{\"@id\":\"https:\\\/\\\/evolve-fitness.eu\\\/bg\\\/produkt\\\/evolve-ultra-series-%d0%bf%d0%bb%d0%b0%d1%82%d0%b5%d0%bd-%d0%bf%d0%bb%d0%b0%d1%81%d1%82-brustpresse\\\/#breadcrumb\"},\"inLanguage\":\"bg-BG\",\"potentialAction\":[{\"@type\":\"ReadAction\",\"target\":[\"https:\\\/\\\/evolve-fitness.eu\\\/bg\\\/produkt\\\/evolve-ultra-series-%d0%bf%d0%bb%d0%b0%d1%82%d0%b5%d0%bd-%d0%bf%d0%bb%d0%b0%d1%81%d1%82-brustpresse\\\/\"]}]},{\"@type\":\"BreadcrumbList\",\"@id\":\"https:\\\/\\\/evolve-fitness.eu\\\/bg\\\/produkt\\\/evolve-ultra-series-%d0%bf%d0%bb%d0%b0%d1%82%d0%b5%d0%bd-%d0%bf%d0%bb%d0%b0%d1%81%d1%82-brustpresse\\\/#breadcrumb\",\"itemListElement\":[{\"@type\":\"ListItem\",\"position\":1,\"name\":\"Home\",\"item\":\"https:\\\/\\\/evolve-fitness.eu\\\/bg\\\/\"},{\"@type\":\"ListItem\",\"position\":2,\"name\":\"\u041f\u0440\u043e\u0434\u0443\u043a\u0442\u0438\",\"item\":\"https:\\\/\\\/evolve-fitness.eu\\\/bg\\\/shop\\\/\"},{\"@type\":\"ListItem\",\"position\":3,\"name\":\"Evolve Ultra Series \u043f\u043b\u0430\u0442\u0435\u043d \u043f\u043b\u0430\u0441\u0442 Brustpresse\"}]},{\"@type\":\"WebSite\",\"@id\":\"https:\\\/\\\/evolve-fitness.eu\\\/bg\\\/#website\",\"url\":\"https:\\\/\\\/evolve-fitness.eu\\\/bg\\\/\",\"name\":\"Evolve\",\"description\":\"Your Evolved Gear Arrived\",\"publisher\":{\"@id\":\"https:\\\/\\\/evolve-fitness.eu\\\/bg\\\/#organization\"},\"potentialAction\":[{\"@type\":\"SearchAction\",\"target\":{\"@type\":\"EntryPoint\",\"urlTemplate\":\"https:\\\/\\\/evolve-fitness.eu\\\/bg\\\/?s={search_term_string}\"},\"query-input\":{\"@type\":\"PropertyValueSpecification\",\"valueRequired\":true,\"valueName\":\"search_term_string\"}}],\"inLanguage\":\"bg-BG\"},{\"@type\":\"Organization\",\"@id\":\"https:\\\/\\\/evolve-fitness.eu\\\/bg\\\/#organization\",\"name\":\"Evolve\",\"url\":\"https:\\\/\\\/evolve-fitness.eu\\\/bg\\\/\",\"logo\":{\"@type\":\"ImageObject\",\"inLanguage\":\"bg-BG\",\"@id\":\"https:\\\/\\\/evolve-fitness.eu\\\/bg\\\/#\\\/schema\\\/logo\\\/image\\\/\",\"url\":\"https:\\\/\\\/evolve-fitness.eu\\\/wp-content\\\/uploads\\\/2023\\\/05\\\/Evolve-logo.svg\",\"contentUrl\":\"https:\\\/\\\/evolve-fitness.eu\\\/wp-content\\\/uploads\\\/2023\\\/05\\\/Evolve-logo.svg\",\"width\":176,\"height\":20,\"caption\":\"Evolve\"},\"image\":{\"@id\":\"https:\\\/\\\/evolve-fitness.eu\\\/bg\\\/#\\\/schema\\\/logo\\\/image\\\/\"},\"sameAs\":[\"https:\\\/\\\/www.facebook.com\\\/EvolveFitnessEurope\"]}]}<\/script>\n<!-- \/ Yoast SEO plugin. -->","yoast_head_json":{"title":"Evolve Ultra Series \u043f\u043b\u0430\u0442\u0435\u043d \u043f\u043b\u0430\u0441\u0442 Brustpresse - Evolve","robots":{"index":"index","follow":"follow","max-snippet":"max-snippet:-1","max-image-preview":"max-image-preview:large","max-video-preview":"max-video-preview:-1"},"canonical":"https:\/\/evolve-fitness.eu\/bg\/produkt\/evolve-ultra-series-%d0%bf%d0%bb%d0%b0%d1%82%d0%b5%d0%bd-%d0%bf%d0%bb%d0%b0%d1%81%d1%82-brustpresse\/","og_locale":"bg_BG","og_type":"article","og_title":"Evolve Ultra Series \u043f\u043b\u0430\u0442\u0435\u043d \u043f\u043b\u0430\u0441\u0442 Brustpresse - Evolve","og_url":"https:\/\/evolve-fitness.eu\/bg\/produkt\/evolve-ultra-series-%d0%bf%d0%bb%d0%b0%d1%82%d0%b5%d0%bd-%d0%bf%d0%bb%d0%b0%d1%81%d1%82-brustpresse\/","og_site_name":"Evolve","article_publisher":"https:\/\/www.facebook.com\/EvolveFitnessEurope","article_modified_time":"2024-03-15T11:46:18+00:00","twitter_card":"summary_large_image","schema":{"@context":"https:\/\/schema.org","@graph":[{"@type":"WebPage","@id":"https:\/\/evolve-fitness.eu\/bg\/produkt\/evolve-ultra-series-%d0%bf%d0%bb%d0%b0%d1%82%d0%b5%d0%bd-%d0%bf%d0%bb%d0%b0%d1%81%d1%82-brustpresse\/","url":"https:\/\/evolve-fitness.eu\/bg\/produkt\/evolve-ultra-series-%d0%bf%d0%bb%d0%b0%d1%82%d0%b5%d0%bd-%d0%bf%d0%bb%d0%b0%d1%81%d1%82-brustpresse\/","name":"Evolve Ultra Series \u043f\u043b\u0430\u0442\u0435\u043d \u043f\u043b\u0430\u0441\u0442 Brustpresse - Evolve","isPartOf":{"@id":"https:\/\/evolve-fitness.eu\/bg\/#website"},"datePublished":"2023-09-11T07:14:18+00:00","dateModified":"2024-03-15T11:46:18+00:00","breadcrumb":{"@id":"https:\/\/evolve-fitness.eu\/bg\/produkt\/evolve-ultra-series-%d0%bf%d0%bb%d0%b0%d1%82%d0%b5%d0%bd-%d0%bf%d0%bb%d0%b0%d1%81%d1%82-brustpresse\/#breadcrumb"},"inLanguage":"bg-BG","potentialAction":[{"@type":"ReadAction","target":["https:\/\/evolve-fitness.eu\/bg\/produkt\/evolve-ultra-series-%d0%bf%d0%bb%d0%b0%d1%82%d0%b5%d0%bd-%d0%bf%d0%bb%d0%b0%d1%81%d1%82-brustpresse\/"]}]},{"@type":"BreadcrumbList","@id":"https:\/\/evolve-fitness.eu\/bg\/produkt\/evolve-ultra-series-%d0%bf%d0%bb%d0%b0%d1%82%d0%b5%d0%bd-%d0%bf%d0%bb%d0%b0%d1%81%d1%82-brustpresse\/#breadcrumb","itemListElement":[{"@type":"ListItem","position":1,"name":"Home","item":"https:\/\/evolve-fitness.eu\/bg\/"},{"@type":"ListItem","position":2,"name":"\u041f\u0440\u043e\u0434\u0443\u043a\u0442\u0438","item":"https:\/\/evolve-fitness.eu\/bg\/shop\/"},{"@type":"ListItem","position":3,"name":"Evolve Ultra Series \u043f\u043b\u0430\u0442\u0435\u043d \u043f\u043b\u0430\u0441\u0442 Brustpresse"}]},{"@type":"WebSite","@id":"https:\/\/evolve-fitness.eu\/bg\/#website","url":"https:\/\/evolve-fitness.eu\/bg\/","name":"Evolve","description":"Your Evolved Gear Arrived","publisher":{"@id":"https:\/\/evolve-fitness.eu\/bg\/#organization"},"potentialAction":[{"@type":"SearchAction","target":{"@type":"EntryPoint","urlTemplate":"https:\/\/evolve-fitness.eu\/bg\/?s={search_term_string}"},"query-input":{"@type":"PropertyValueSpecification","valueRequired":true,"valueName":"search_term_string"}}],"inLanguage":"bg-BG"},{"@type":"Organization","@id":"https:\/\/evolve-fitness.eu\/bg\/#organization","name":"Evolve","url":"https:\/\/evolve-fitness.eu\/bg\/","logo":{"@type":"ImageObject","inLanguage":"bg-BG","@id":"https:\/\/evolve-fitness.eu\/bg\/#\/schema\/logo\/image\/","url":"https:\/\/evolve-fitness.eu\/wp-content\/uploads\/2023\/05\/Evolve-logo.svg","contentUrl":"https:\/\/evolve-fitness.eu\/wp-content\/uploads\/2023\/05\/Evolve-logo.svg","width":176,"height":20,"caption":"Evolve"},"image":{"@id":"https:\/\/evolve-fitness.eu\/bg\/#\/schema\/logo\/image\/"},"sameAs":["https:\/\/www.facebook.com\/EvolveFitnessEurope"]}]}},"_links":{"self":[{"href":"https:\/\/evolve-fitness.eu\/bg\/wp-json\/wp\/v2\/product\/34965","targetHints":{"allow":["GET"]}}],"collection":[{"href":"https:\/\/evolve-fitness.eu\/bg\/wp-json\/wp\/v2\/product"}],"about":[{"href":"https:\/\/evolve-fitness.eu\/bg\/wp-json\/wp\/v2\/types\/product"}],"wp:attachment":[{"href":"https:\/\/evolve-fitness.eu\/bg\/wp-json\/wp\/v2\/media?parent=34965"}],"wp:term":[{"taxonomy":"product_brand","embeddable":true,"href":"https:\/\/evolve-fitness.eu\/bg\/wp-json\/wp\/v2\/product_brand?post=34965"},{"taxonomy":"product_cat","embeddable":true,"href":"https:\/\/evolve-fitness.eu\/bg\/wp-json\/wp\/v2\/product_cat?post=34965"},{"taxonomy":"product_tag","embeddable":true,"href":"https:\/\/evolve-fitness.eu\/bg\/wp-json\/wp\/v2\/product_tag?post=34965"}],"curies":[{"name":"wp","href":"https:\/\/api.w.org\/{rel}","templated":true}]}}