{"id":35192,"date":"2023-08-30T08:30:48","date_gmt":"2023-08-30T08:30:48","guid":{"rendered":"https:\/\/evolve-fitness.eu\/product\/evolve-ultra-series-%d1%81%d0%b5%d0%bb%d0%b5%d0%ba%d1%82%d0%b8%d1%80%d0%b0%d0%bd%d0%b8-%d0%bc%d0%b0%d1%82%d0%b5%d1%80%d0%b8%d0%b0%d0%bb%d0%b8-hack-squat\/"},"modified":"2024-03-14T20:51:35","modified_gmt":"2024-03-14T20:51:35","slug":"evolve-ultra-series-%d1%81%d0%b5%d0%bb%d0%b5%d0%ba%d1%82%d0%b8%d1%80%d0%b0%d0%bd%d0%b8-%d0%bc%d0%b0%d1%82%d0%b5%d1%80%d0%b8%d0%b0%d0%bb%d0%b8-hack-squat","status":"publish","type":"product","link":"https:\/\/evolve-fitness.eu\/bg\/produkt\/evolve-ultra-series-%d1%81%d0%b5%d0%bb%d0%b5%d0%ba%d1%82%d0%b8%d1%80%d0%b0%d0%bd%d0%b8-%d0%bc%d0%b0%d1%82%d0%b5%d1%80%d0%b8%d0%b0%d0%bb%d0%b8-hack-squat\/","title":{"rendered":"Evolve Ultra Series \u0421\u0435\u043b\u0435\u043a\u0442\u0438\u0440\u0430\u043d\u0438 \u043c\u0430\u0442\u0435\u0440\u0438\u0430\u043b\u0438 \/ Hack Squat"},"content":{"rendered":"","protected":false},"excerpt":{"rendered":"<p>Bringen Sie Schwung in Ihr Fitnessstudio mit der Evolve Ultra Series UL-160 Selectorized Leg-Press\/Hack Squat. Entdecken Sie Komfort, Vielseitigkeit und Sicherheit mit unabh\u00e4ngiger Armbewegung, Gewichtsstapelabdeckung und Mattlackierung. M\u00fchelose \u00dcberg\u00e4nge durch Einhand-Sitzverstellung. Definieren Sie Workouts neu und ziehen Sie Kunden an.<\/p>\n","protected":false},"featured_media":0,"template":"","meta":{"_acf_changed":false,"inline_featured_image":false},"product_brand":[],"product_cat":[17],"product_tag":[],"class_list":{"0":"post-35192","1":"product","2":"type-product","3":"status-publish","5":"product_cat-be-kategorijos","7":"first","8":"instock","9":"virtual","10":"purchasable","11":"product-type-simple"},"acf":{"long_title":"Evolve Ultra Series \u0421\u0435\u043b\u0435\u043a\u0442\u0438\u0440\u0430\u043d\u0438 \u043c\u0430\u0442\u0435\u0440\u0438\u0430\u043b\u0438 \/ Hack Squat","subtitle":"","specifications":[{"label":"SKU","text_value":"EV-SC-UL-160","icon":"x"},{"label":"Gewicht","text_value":"217 \u043a\u0433","icon":"x"},{"label":"Garantie  ","text_value":"2 \u0433\u043e\u0434\u0438\u043d\u0438","icon":"x"},{"label":"Gewichtsstapel","text_value":"145 \u043a\u0433","icon":"x"},{"label":"Abmessungen","text_value":"1983 x 1022 x 1602 mm","icon":"x"},{"label":"Korrosionsschutzfarbe","text_value":"","icon":"v"},{"label":"Plakat mit Schulungsanweisungen","text_value":"","icon":"v"},{"label":"Einstellbare \u041f\u043e\u0437\u0438\u0446\u0438\u044f","text_value":"","icon":"v"},{"label":"Langlebige Bodenschoner","text_value":"","icon":"v"},{"label":"Verdeckter Gewichtsstapel","text_value":"","icon":"v"}]},"yoast_head":"<!-- This site is optimized with the Yoast SEO plugin v27.4 - https:\/\/yoast.com\/product\/yoast-seo-wordpress\/ -->\n<title>Evolve Ultra Series \u0421\u0435\u043b\u0435\u043a\u0442\u0438\u0440\u0430\u043d\u0438 \u043c\u0430\u0442\u0435\u0440\u0438\u0430\u043b\u0438 \/ Hack Squat - Evolve<\/title>\n<meta name=\"robots\" content=\"index, follow, max-snippet:-1, max-image-preview:large, max-video-preview:-1\" \/>\n<link rel=\"canonical\" href=\"https:\/\/evolve-fitness.eu\/bg\/produkt\/evolve-ultra-series-%d1%81%d0%b5%d0%bb%d0%b5%d0%ba%d1%82%d0%b8%d1%80%d0%b0%d0%bd%d0%b8-%d0%bc%d0%b0%d1%82%d0%b5%d1%80%d0%b8%d0%b0%d0%bb%d0%b8-hack-squat\/\" \/>\n<meta property=\"og:locale\" content=\"bg_BG\" \/>\n<meta property=\"og:type\" content=\"article\" \/>\n<meta property=\"og:title\" content=\"Evolve Ultra Series \u0421\u0435\u043b\u0435\u043a\u0442\u0438\u0440\u0430\u043d\u0438 \u043c\u0430\u0442\u0435\u0440\u0438\u0430\u043b\u0438 \/ Hack Squat - Evolve\" \/>\n<meta property=\"og:url\" content=\"https:\/\/evolve-fitness.eu\/bg\/produkt\/evolve-ultra-series-%d1%81%d0%b5%d0%bb%d0%b5%d0%ba%d1%82%d0%b8%d1%80%d0%b0%d0%bd%d0%b8-%d0%bc%d0%b0%d1%82%d0%b5%d1%80%d0%b8%d0%b0%d0%bb%d0%b8-hack-squat\/\" \/>\n<meta property=\"og:site_name\" content=\"Evolve\" \/>\n<meta property=\"article:publisher\" content=\"https:\/\/www.facebook.com\/EvolveFitnessEurope\" \/>\n<meta property=\"article:modified_time\" content=\"2024-03-14T20:51:35+00:00\" \/>\n<meta name=\"twitter:card\" content=\"summary_large_image\" \/>\n<script type=\"application\/ld+json\" class=\"yoast-schema-graph\">{\"@context\":\"https:\\\/\\\/schema.org\",\"@graph\":[{\"@type\":\"WebPage\",\"@id\":\"https:\\\/\\\/evolve-fitness.eu\\\/bg\\\/produkt\\\/evolve-ultra-series-%d1%81%d0%b5%d0%bb%d0%b5%d0%ba%d1%82%d0%b8%d1%80%d0%b0%d0%bd%d0%b8-%d0%bc%d0%b0%d1%82%d0%b5%d1%80%d0%b8%d0%b0%d0%bb%d0%b8-hack-squat\\\/\",\"url\":\"https:\\\/\\\/evolve-fitness.eu\\\/bg\\\/produkt\\\/evolve-ultra-series-%d1%81%d0%b5%d0%bb%d0%b5%d0%ba%d1%82%d0%b8%d1%80%d0%b0%d0%bd%d0%b8-%d0%bc%d0%b0%d1%82%d0%b5%d1%80%d0%b8%d0%b0%d0%bb%d0%b8-hack-squat\\\/\",\"name\":\"Evolve Ultra Series \u0421\u0435\u043b\u0435\u043a\u0442\u0438\u0440\u0430\u043d\u0438 \u043c\u0430\u0442\u0435\u0440\u0438\u0430\u043b\u0438 \\\/ Hack Squat - Evolve\",\"isPartOf\":{\"@id\":\"https:\\\/\\\/evolve-fitness.eu\\\/bg\\\/#website\"},\"datePublished\":\"2023-08-30T08:30:48+00:00\",\"dateModified\":\"2024-03-14T20:51:35+00:00\",\"breadcrumb\":{\"@id\":\"https:\\\/\\\/evolve-fitness.eu\\\/bg\\\/produkt\\\/evolve-ultra-series-%d1%81%d0%b5%d0%bb%d0%b5%d0%ba%d1%82%d0%b8%d1%80%d0%b0%d0%bd%d0%b8-%d0%bc%d0%b0%d1%82%d0%b5%d1%80%d0%b8%d0%b0%d0%bb%d0%b8-hack-squat\\\/#breadcrumb\"},\"inLanguage\":\"bg-BG\",\"potentialAction\":[{\"@type\":\"ReadAction\",\"target\":[\"https:\\\/\\\/evolve-fitness.eu\\\/bg\\\/produkt\\\/evolve-ultra-series-%d1%81%d0%b5%d0%bb%d0%b5%d0%ba%d1%82%d0%b8%d1%80%d0%b0%d0%bd%d0%b8-%d0%bc%d0%b0%d1%82%d0%b5%d1%80%d0%b8%d0%b0%d0%bb%d0%b8-hack-squat\\\/\"]}]},{\"@type\":\"BreadcrumbList\",\"@id\":\"https:\\\/\\\/evolve-fitness.eu\\\/bg\\\/produkt\\\/evolve-ultra-series-%d1%81%d0%b5%d0%bb%d0%b5%d0%ba%d1%82%d0%b8%d1%80%d0%b0%d0%bd%d0%b8-%d0%bc%d0%b0%d1%82%d0%b5%d1%80%d0%b8%d0%b0%d0%bb%d0%b8-hack-squat\\\/#breadcrumb\",\"itemListElement\":[{\"@type\":\"ListItem\",\"position\":1,\"name\":\"Home\",\"item\":\"https:\\\/\\\/evolve-fitness.eu\\\/bg\\\/\"},{\"@type\":\"ListItem\",\"position\":2,\"name\":\"\u041f\u0440\u043e\u0434\u0443\u043a\u0442\u0438\",\"item\":\"https:\\\/\\\/evolve-fitness.eu\\\/bg\\\/shop\\\/\"},{\"@type\":\"ListItem\",\"position\":3,\"name\":\"Evolve Ultra Series \u0421\u0435\u043b\u0435\u043a\u0442\u0438\u0440\u0430\u043d\u0438 \u043c\u0430\u0442\u0435\u0440\u0438\u0430\u043b\u0438 \\\/ Hack Squat\"}]},{\"@type\":\"WebSite\",\"@id\":\"https:\\\/\\\/evolve-fitness.eu\\\/bg\\\/#website\",\"url\":\"https:\\\/\\\/evolve-fitness.eu\\\/bg\\\/\",\"name\":\"Evolve\",\"description\":\"Your Evolved Gear Arrived\",\"publisher\":{\"@id\":\"https:\\\/\\\/evolve-fitness.eu\\\/bg\\\/#organization\"},\"potentialAction\":[{\"@type\":\"SearchAction\",\"target\":{\"@type\":\"EntryPoint\",\"urlTemplate\":\"https:\\\/\\\/evolve-fitness.eu\\\/bg\\\/?s={search_term_string}\"},\"query-input\":{\"@type\":\"PropertyValueSpecification\",\"valueRequired\":true,\"valueName\":\"search_term_string\"}}],\"inLanguage\":\"bg-BG\"},{\"@type\":\"Organization\",\"@id\":\"https:\\\/\\\/evolve-fitness.eu\\\/bg\\\/#organization\",\"name\":\"Evolve\",\"url\":\"https:\\\/\\\/evolve-fitness.eu\\\/bg\\\/\",\"logo\":{\"@type\":\"ImageObject\",\"inLanguage\":\"bg-BG\",\"@id\":\"https:\\\/\\\/evolve-fitness.eu\\\/bg\\\/#\\\/schema\\\/logo\\\/image\\\/\",\"url\":\"https:\\\/\\\/evolve-fitness.eu\\\/wp-content\\\/uploads\\\/2023\\\/05\\\/Evolve-logo.svg\",\"contentUrl\":\"https:\\\/\\\/evolve-fitness.eu\\\/wp-content\\\/uploads\\\/2023\\\/05\\\/Evolve-logo.svg\",\"width\":176,\"height\":20,\"caption\":\"Evolve\"},\"image\":{\"@id\":\"https:\\\/\\\/evolve-fitness.eu\\\/bg\\\/#\\\/schema\\\/logo\\\/image\\\/\"},\"sameAs\":[\"https:\\\/\\\/www.facebook.com\\\/EvolveFitnessEurope\"]}]}<\/script>\n<!-- \/ Yoast SEO plugin. -->","yoast_head_json":{"title":"Evolve Ultra Series \u0421\u0435\u043b\u0435\u043a\u0442\u0438\u0440\u0430\u043d\u0438 \u043c\u0430\u0442\u0435\u0440\u0438\u0430\u043b\u0438 \/ Hack Squat - Evolve","robots":{"index":"index","follow":"follow","max-snippet":"max-snippet:-1","max-image-preview":"max-image-preview:large","max-video-preview":"max-video-preview:-1"},"canonical":"https:\/\/evolve-fitness.eu\/bg\/produkt\/evolve-ultra-series-%d1%81%d0%b5%d0%bb%d0%b5%d0%ba%d1%82%d0%b8%d1%80%d0%b0%d0%bd%d0%b8-%d0%bc%d0%b0%d1%82%d0%b5%d1%80%d0%b8%d0%b0%d0%bb%d0%b8-hack-squat\/","og_locale":"bg_BG","og_type":"article","og_title":"Evolve Ultra Series \u0421\u0435\u043b\u0435\u043a\u0442\u0438\u0440\u0430\u043d\u0438 \u043c\u0430\u0442\u0435\u0440\u0438\u0430\u043b\u0438 \/ Hack Squat - Evolve","og_url":"https:\/\/evolve-fitness.eu\/bg\/produkt\/evolve-ultra-series-%d1%81%d0%b5%d0%bb%d0%b5%d0%ba%d1%82%d0%b8%d1%80%d0%b0%d0%bd%d0%b8-%d0%bc%d0%b0%d1%82%d0%b5%d1%80%d0%b8%d0%b0%d0%bb%d0%b8-hack-squat\/","og_site_name":"Evolve","article_publisher":"https:\/\/www.facebook.com\/EvolveFitnessEurope","article_modified_time":"2024-03-14T20:51:35+00:00","twitter_card":"summary_large_image","schema":{"@context":"https:\/\/schema.org","@graph":[{"@type":"WebPage","@id":"https:\/\/evolve-fitness.eu\/bg\/produkt\/evolve-ultra-series-%d1%81%d0%b5%d0%bb%d0%b5%d0%ba%d1%82%d0%b8%d1%80%d0%b0%d0%bd%d0%b8-%d0%bc%d0%b0%d1%82%d0%b5%d1%80%d0%b8%d0%b0%d0%bb%d0%b8-hack-squat\/","url":"https:\/\/evolve-fitness.eu\/bg\/produkt\/evolve-ultra-series-%d1%81%d0%b5%d0%bb%d0%b5%d0%ba%d1%82%d0%b8%d1%80%d0%b0%d0%bd%d0%b8-%d0%bc%d0%b0%d1%82%d0%b5%d1%80%d0%b8%d0%b0%d0%bb%d0%b8-hack-squat\/","name":"Evolve Ultra Series \u0421\u0435\u043b\u0435\u043a\u0442\u0438\u0440\u0430\u043d\u0438 \u043c\u0430\u0442\u0435\u0440\u0438\u0430\u043b\u0438 \/ Hack Squat - Evolve","isPartOf":{"@id":"https:\/\/evolve-fitness.eu\/bg\/#website"},"datePublished":"2023-08-30T08:30:48+00:00","dateModified":"2024-03-14T20:51:35+00:00","breadcrumb":{"@id":"https:\/\/evolve-fitness.eu\/bg\/produkt\/evolve-ultra-series-%d1%81%d0%b5%d0%bb%d0%b5%d0%ba%d1%82%d0%b8%d1%80%d0%b0%d0%bd%d0%b8-%d0%bc%d0%b0%d1%82%d0%b5%d1%80%d0%b8%d0%b0%d0%bb%d0%b8-hack-squat\/#breadcrumb"},"inLanguage":"bg-BG","potentialAction":[{"@type":"ReadAction","target":["https:\/\/evolve-fitness.eu\/bg\/produkt\/evolve-ultra-series-%d1%81%d0%b5%d0%bb%d0%b5%d0%ba%d1%82%d0%b8%d1%80%d0%b0%d0%bd%d0%b8-%d0%bc%d0%b0%d1%82%d0%b5%d1%80%d0%b8%d0%b0%d0%bb%d0%b8-hack-squat\/"]}]},{"@type":"BreadcrumbList","@id":"https:\/\/evolve-fitness.eu\/bg\/produkt\/evolve-ultra-series-%d1%81%d0%b5%d0%bb%d0%b5%d0%ba%d1%82%d0%b8%d1%80%d0%b0%d0%bd%d0%b8-%d0%bc%d0%b0%d1%82%d0%b5%d1%80%d0%b8%d0%b0%d0%bb%d0%b8-hack-squat\/#breadcrumb","itemListElement":[{"@type":"ListItem","position":1,"name":"Home","item":"https:\/\/evolve-fitness.eu\/bg\/"},{"@type":"ListItem","position":2,"name":"\u041f\u0440\u043e\u0434\u0443\u043a\u0442\u0438","item":"https:\/\/evolve-fitness.eu\/bg\/shop\/"},{"@type":"ListItem","position":3,"name":"Evolve Ultra Series \u0421\u0435\u043b\u0435\u043a\u0442\u0438\u0440\u0430\u043d\u0438 \u043c\u0430\u0442\u0435\u0440\u0438\u0430\u043b\u0438 \/ Hack Squat"}]},{"@type":"WebSite","@id":"https:\/\/evolve-fitness.eu\/bg\/#website","url":"https:\/\/evolve-fitness.eu\/bg\/","name":"Evolve","description":"Your Evolved Gear Arrived","publisher":{"@id":"https:\/\/evolve-fitness.eu\/bg\/#organization"},"potentialAction":[{"@type":"SearchAction","target":{"@type":"EntryPoint","urlTemplate":"https:\/\/evolve-fitness.eu\/bg\/?s={search_term_string}"},"query-input":{"@type":"PropertyValueSpecification","valueRequired":true,"valueName":"search_term_string"}}],"inLanguage":"bg-BG"},{"@type":"Organization","@id":"https:\/\/evolve-fitness.eu\/bg\/#organization","name":"Evolve","url":"https:\/\/evolve-fitness.eu\/bg\/","logo":{"@type":"ImageObject","inLanguage":"bg-BG","@id":"https:\/\/evolve-fitness.eu\/bg\/#\/schema\/logo\/image\/","url":"https:\/\/evolve-fitness.eu\/wp-content\/uploads\/2023\/05\/Evolve-logo.svg","contentUrl":"https:\/\/evolve-fitness.eu\/wp-content\/uploads\/2023\/05\/Evolve-logo.svg","width":176,"height":20,"caption":"Evolve"},"image":{"@id":"https:\/\/evolve-fitness.eu\/bg\/#\/schema\/logo\/image\/"},"sameAs":["https:\/\/www.facebook.com\/EvolveFitnessEurope"]}]}},"_links":{"self":[{"href":"https:\/\/evolve-fitness.eu\/bg\/wp-json\/wp\/v2\/product\/35192","targetHints":{"allow":["GET"]}}],"collection":[{"href":"https:\/\/evolve-fitness.eu\/bg\/wp-json\/wp\/v2\/product"}],"about":[{"href":"https:\/\/evolve-fitness.eu\/bg\/wp-json\/wp\/v2\/types\/product"}],"wp:attachment":[{"href":"https:\/\/evolve-fitness.eu\/bg\/wp-json\/wp\/v2\/media?parent=35192"}],"wp:term":[{"taxonomy":"product_brand","embeddable":true,"href":"https:\/\/evolve-fitness.eu\/bg\/wp-json\/wp\/v2\/product_brand?post=35192"},{"taxonomy":"product_cat","embeddable":true,"href":"https:\/\/evolve-fitness.eu\/bg\/wp-json\/wp\/v2\/product_cat?post=35192"},{"taxonomy":"product_tag","embeddable":true,"href":"https:\/\/evolve-fitness.eu\/bg\/wp-json\/wp\/v2\/product_tag?post=35192"}],"curies":[{"name":"wp","href":"https:\/\/api.w.org\/{rel}","templated":true}]}}