{"id":140547,"date":"2024-05-16T18:19:05","date_gmt":"2024-05-16T18:19:05","guid":{"rendered":"https:\/\/evolve-fitness.eu\/service\/"},"modified":"2025-11-05T10:37:08","modified_gmt":"2025-11-05T08:37:08","slug":"service","status":"publish","type":"page","link":"https:\/\/evolve-fitness.eu\/da\/service\/","title":{"rendered":"Service"},"content":{"rendered":"\n<div class=\"wp-block-group alignfull has-darkgray-background-color has-background is-layout-flow wp-block-group-is-layout-flow\" style=\"padding-top:0;padding-right:0;padding-bottom:0;padding-left:0\">\n<div class=\"wp-block-cover alignfull object-contain-top has-midgray-color has-text-color has-link-color wp-elements-cb087da9570292b2feb06f25613913dd\" style=\"padding-top:0;padding-right:0;padding-bottom:var(--wp--preset--spacing--tb-section-padding);padding-left:0\"><span aria-hidden=\"true\" class=\"wp-block-cover__background has-background-dim-0 has-background-dim\" style=\"background-color:#3c3c3d\"><\/span><img loading=\"lazy\" decoding=\"async\" width=\"1920\" height=\"630\" class=\"wp-block-cover__image-background wp-image-128148\" alt=\"\" src=\"https:\/\/evolve-fitness.eu\/wp-content\/uploads\/2024\/05\/Service-registration.jpg\" data-object-fit=\"cover\" srcset=\"https:\/\/evolve-fitness.eu\/wp-content\/uploads\/2024\/05\/Service-registration.jpg 1920w, https:\/\/evolve-fitness.eu\/wp-content\/uploads\/2024\/05\/Service-registration-300x98.jpg 300w, https:\/\/evolve-fitness.eu\/wp-content\/uploads\/2024\/05\/Service-registration-457x150.jpg 457w, https:\/\/evolve-fitness.eu\/wp-content\/uploads\/2024\/05\/Service-registration-600x197.jpg 600w, https:\/\/evolve-fitness.eu\/wp-content\/uploads\/2024\/05\/Service-registration-1024x336.jpg 1024w, https:\/\/evolve-fitness.eu\/wp-content\/uploads\/2024\/05\/Service-registration-150x49.jpg 150w, https:\/\/evolve-fitness.eu\/wp-content\/uploads\/2024\/05\/Service-registration-768x252.jpg 768w, https:\/\/evolve-fitness.eu\/wp-content\/uploads\/2024\/05\/Service-registration-1536x504.jpg 1536w\" sizes=\"auto, (max-width: 1920px) 100vw, 1920px\" \/><div class=\"wp-block-cover__inner-container is-layout-constrained wp-container-core-cover-is-layout-9135c74d wp-block-cover-is-layout-constrained\">\n<h2 class=\"wp-block-heading has-text-align-center has-white-color has-text-color has-link-color has-montserrat-font-family has-very-large-title-font-size wp-elements-187323b748adf4896f1f7627bfcbc864\" style=\"padding-top:var(--wp--preset--spacing--section-bottom);padding-bottom:var(--wp--preset--spacing--section-bottom);font-style:normal;font-weight:700\">Registrering af service<\/h2>\n\n\n\n<div class=\"wpcf7 no-js\" id=\"wpcf7-f141101-o1\" lang=\"da-DK\" dir=\"ltr\" data-wpcf7-id=\"141101\">\n<div class=\"screen-reader-response\"><p role=\"status\" aria-live=\"polite\" aria-atomic=\"true\"><\/p> <ul><\/ul><\/div>\n<form action=\"\/da\/wp-json\/wp\/v2\/pages\/140547#wpcf7-f141101-o1\" method=\"post\" class=\"wpcf7-form init\" aria-label=\"Kontaktformular\" enctype=\"multipart\/form-data\" novalidate=\"novalidate\" data-status=\"init\">\n<fieldset class=\"hidden-fields-container\"><input type=\"hidden\" name=\"_wpcf7\" value=\"141101\" \/><input type=\"hidden\" name=\"_wpcf7_version\" value=\"6.1.4\" \/><input type=\"hidden\" name=\"_wpcf7_locale\" value=\"da_DK\" \/><input type=\"hidden\" name=\"_wpcf7_unit_tag\" value=\"wpcf7-f141101-o1\" \/><input type=\"hidden\" name=\"_wpcf7_container_post\" value=\"0\" \/><input type=\"hidden\" name=\"_wpcf7_posted_data_hash\" value=\"\" \/><input type=\"hidden\" name=\"_wpcf7_recaptcha_response\" value=\"\" \/>\n<\/fieldset>\n<div class=\"text-center\">\n<h3>Tilmeldingsformular<\/h3>\n<\/div>\n<div class=\"grid gap-20px grid-cols-1 lg:grid-cols-2 pt-20px pb-20px\"><span class=\"wpcf7-form-control-wrap\" data-name=\"first-name\"><input size=\"40\" maxlength=\"400\" class=\"wpcf7-form-control wpcf7-text wpcf7-validates-as-required\" autocomplete=\"first-name\" aria-required=\"true\" aria-invalid=\"false\" placeholder=\"Fornavn*\" value=\"\" type=\"text\" name=\"first-name\" \/><\/span><span class=\"wpcf7-form-control-wrap\" data-name=\"last-name\"><input size=\"40\" maxlength=\"400\" class=\"wpcf7-form-control wpcf7-text wpcf7-validates-as-required\" autocomplete=\"last-name\" aria-required=\"true\" aria-invalid=\"false\" placeholder=\"Efternavn*\" value=\"\" type=\"text\" name=\"last-name\" \/><\/span><span class=\"wpcf7-form-control-wrap\" data-name=\"your-email\"><input size=\"40\" maxlength=\"400\" class=\"wpcf7-form-control wpcf7-email wpcf7-validates-as-required wpcf7-text wpcf7-validates-as-email\" autocomplete=\"email\" aria-required=\"true\" aria-invalid=\"false\" placeholder=\"E-mail*\" value=\"\" type=\"email\" name=\"your-email\" \/><\/span><span class=\"wpcf7-form-control-wrap\" data-name=\"your-phone\"><input size=\"40\" maxlength=\"400\" class=\"wpcf7-form-control wpcf7-tel wpcf7-validates-as-required wpcf7-text wpcf7-validates-as-tel\" autocomplete=\"phone\" aria-required=\"true\" aria-invalid=\"false\" placeholder=\"Telefon*\" value=\"\" type=\"tel\" name=\"your-phone\" \/><\/span><span class=\"wpcf7-form-control-wrap\" data-name=\"address\"><input size=\"40\" maxlength=\"400\" class=\"wpcf7-form-control wpcf7-text wpcf7-validates-as-required\" autocomplete=\"address\" aria-required=\"true\" aria-invalid=\"false\" placeholder=\"Adresse*\" value=\"\" type=\"text\" name=\"address\" \/><\/span><span class=\"wpcf7-form-control-wrap\" data-name=\"product-name\"><input size=\"40\" maxlength=\"400\" class=\"wpcf7-form-control wpcf7-text wpcf7-validates-as-required\" aria-required=\"true\" aria-invalid=\"false\" placeholder=\"Produktnavn*\" value=\"\" type=\"text\" name=\"product-name\" \/><\/span> <span class=\"wpcf7-form-control-wrap\" data-name=\"product-code\"><input size=\"40\" maxlength=\"400\" class=\"wpcf7-form-control wpcf7-text\" aria-invalid=\"false\" placeholder=\"Produktkode\" value=\"\" type=\"text\" name=\"product-code\" \/><\/span><span class=\"wpcf7-form-control-wrap\" data-name=\"order-nr\"><input size=\"40\" maxlength=\"400\" class=\"wpcf7-form-control wpcf7-text\" aria-invalid=\"false\" placeholder=\"Ordre-\/fakturanummer\" value=\"\" type=\"text\" name=\"order-nr\" \/><\/span><span class=\"wpcf7-form-control-wrap\" data-name=\"defect-detected\"><select class=\"wpcf7-form-control wpcf7-select wpcf7-validates-as-required\" aria-required=\"true\" aria-invalid=\"false\" name=\"defect-detected\"><option value=\"Detaljer Brud Elektronikfejl Revne i stoffet Mekanismefejl Andet\">Detaljer Brud Elektronikfejl Revne i stoffet Mekanismefejl Andet<\/option><\/select><\/span><span class=\"wpcf7-form-control-wrap\" data-name=\"comment\"><input size=\"40\" maxlength=\"400\" class=\"wpcf7-form-control wpcf7-text wpcf7-validates-as-required\" aria-required=\"true\" aria-invalid=\"false\" placeholder=\"Kommentar*\" value=\"\" type=\"text\" name=\"comment\" \/><\/span><\/div>\n<div class=\"img-upl pt-20px\">\n<p><strong>Upload fotos\/videoer af det defekte <span class=\"req\"> produkt*<\/span>.<\/p><\/strong>\n<div class=\"file-upl pt-4\"><div id=\"mfcf7_zl_multifilecontainer\"><span class=\"mfcf7-zl-multiline-sample\" style=\"display:none\"><p class=\"wpcf7-form-control-wrap image-video\"><input size=\"40\" class=\"wpcf7-form-control wpcf7-multilinefile wpcf7-validates-as-required file-upload\" id=\"file-uploader\" multiple=\"multiple\" value=\"Upload\" aria-required=\"true\" aria-invalid=\"false\" type=\"file\" name=\"image-video[]\" \/> <span class=\"mfcf7-zl-multifile-name\"><\/span><a href=\"javascript:void(0);\" class=\"mfcf7_zl_delete_file\"><span class=\"delete-file\" aria-hidden=\"true\">&#x274C;<\/span><\/a><\/p><\/span><\/div><span class=\"wpcf7-form-control-wrap zl-form-control-wrap image-video\"><input size=\"40\" class=\"wpcf7-form-control wpcf7-multilinefile wpcf7-validates-as-required file-upload\" id=\"file-uploader\" multiple=\"multiple\" value=\"Upload\" aria-required=\"true\" aria-invalid=\"false\" type=\"file\" name=\"image-video[]\" \/> <span class=\"mfcf7-zl-multifile-name\"><\/span><a href=\"javascript:void(0);\" class=\"mfcf7_zl_delete_file\"><span class=\"delete-file\" aria-hidden=\"true\">&#x274C;<\/span><\/a><\/span><p><label><span class=\"wpcf7-form-control-wrap\" data-name=\"image-video-zl-mfcf7-upld-btn\"><input type=\"button\" name=\"image-video-zl-mfcf7-upld-btn\" class=\"button button-primary qbutton\" id=\"mfcf7_zl_add_file\" value=\"Upload\"><\/span><\/label><\/p><span class=\"preview_upload\"><\/span><\/div><\/strong><\/p><\/div>\n<div class=\"text-left pt-20px\">\n<p>OBS: Udfyld venligst de angivne felter og indsend tilmeldingen. Hvis du ikke udfylder og indsender alle p\u00e5kr\u00e6vede dokumenter, vil det resultere i en ubekr\u00e6ftet (ugyldig) tilmelding.<\/p>\n\n<p>I tilf\u00e6lde af usikkerhed, skriv til service@evolve-fitness.eu eller kontakt +370 63758888<\/p>\n\n<p>Markerede felter er obligatoriske*.<\/p>\n<\/div>\n\n<div class=\"wp-block-buttons pt-20px ml-auto flex-row-reverse justify-end\"><input class=\"wpcf7-form-control wpcf7-submit has-spinner\" type=\"submit\" value=\"Indsend\" \/><\/div>\n\n<script>\n  jQuery('.file-upl').on('change','input[type=file]', function(event) {\n\n    if (event.target.files) {\nlet target=jQuery(this).parent().find(\".mfcf7-zl-multifile-name\");\ntarget.html('');\n        for(let i=0;i<event.target.files.length;i++){ let skip=false; let output=jQuery('<img\/>');\nfile=event.target.files[i];\nconst  fileType = file['type'];\nconst validImageTypes = ['image\/gif', 'image\/jpeg', 'image\/png'];\nif (!validImageTypes.includes(fileType)) {\nskip=true;\n    continue;\n}\n\/\/console.log(file);\nif(!skip){\n      output[0].src = URL.createObjectURL(file);\n      output[0].onload = function() {\ntarget.append(output);\n        URL.revokeObjectURL(output[0].src) \/\/ free memory\n      }\n}\n        }\n    }\n  });\n<\/script><div class=\"wpcf7-response-output\" aria-hidden=\"true\"><\/div>\n<\/form>\n<\/div>\n\n<\/div><\/div>\n<\/div>\n","protected":false},"excerpt":{"rendered":"","protected":false},"author":1,"featured_media":0,"parent":0,"menu_order":0,"comment_status":"closed","ping_status":"closed","template":"","meta":{"_acf_changed":false,"inline_featured_image":false,"footnotes":""},"class_list":["post-140547","page","type-page","status-publish","hentry"],"acf":[],"yoast_head":"<!-- This site is optimized with the Yoast SEO plugin v26.6 - https:\/\/yoast.com\/wordpress\/plugins\/seo\/ -->\n<title>Service - Evolve<\/title>\n<meta name=\"robots\" content=\"index, follow, max-snippet:-1, max-image-preview:large, max-video-preview:-1\" \/>\n<link rel=\"canonical\" href=\"https:\/\/evolve-fitness.eu\/da\/service\/\" \/>\n<meta property=\"og:locale\" content=\"da_DK\" \/>\n<meta property=\"og:type\" content=\"article\" \/>\n<meta property=\"og:title\" content=\"Service - Evolve\" \/>\n<meta property=\"og:url\" content=\"https:\/\/evolve-fitness.eu\/da\/service\/\" \/>\n<meta property=\"og:site_name\" content=\"Evolve\" \/>\n<meta property=\"article:publisher\" content=\"https:\/\/www.facebook.com\/EvolveFitnessEurope\" \/>\n<meta property=\"article:modified_time\" content=\"2025-11-05T08:37:08+00:00\" \/>\n<meta property=\"og:image\" content=\"https:\/\/evolve-fitness.eu\/wp-content\/uploads\/2024\/05\/Service-registration.jpg\" \/>\n\t<meta property=\"og:image:width\" content=\"1920\" \/>\n\t<meta property=\"og:image:height\" content=\"630\" \/>\n\t<meta property=\"og:image:type\" content=\"image\/jpeg\" \/>\n<meta name=\"twitter:card\" content=\"summary_large_image\" \/>\n<script type=\"application\/ld+json\" class=\"yoast-schema-graph\">{\"@context\":\"https:\/\/schema.org\",\"@graph\":[{\"@type\":\"WebPage\",\"@id\":\"https:\/\/evolve-fitness.eu\/da\/service\/\",\"url\":\"https:\/\/evolve-fitness.eu\/da\/service\/\",\"name\":\"Service - Evolve\",\"isPartOf\":{\"@id\":\"https:\/\/evolve-fitness.eu\/da\/#website\"},\"primaryImageOfPage\":{\"@id\":\"https:\/\/evolve-fitness.eu\/da\/service\/#primaryimage\"},\"image\":{\"@id\":\"https:\/\/evolve-fitness.eu\/da\/service\/#primaryimage\"},\"thumbnailUrl\":\"https:\/\/evolve-fitness.eu\/wp-content\/uploads\/2024\/05\/Service-registration.jpg\",\"datePublished\":\"2024-05-16T18:19:05+00:00\",\"dateModified\":\"2025-11-05T08:37:08+00:00\",\"breadcrumb\":{\"@id\":\"https:\/\/evolve-fitness.eu\/da\/service\/#breadcrumb\"},\"inLanguage\":\"da-DK\",\"potentialAction\":[{\"@type\":\"ReadAction\",\"target\":[\"https:\/\/evolve-fitness.eu\/da\/service\/\"]}]},{\"@type\":\"ImageObject\",\"inLanguage\":\"da-DK\",\"@id\":\"https:\/\/evolve-fitness.eu\/da\/service\/#primaryimage\",\"url\":\"https:\/\/evolve-fitness.eu\/wp-content\/uploads\/2024\/05\/Service-registration.jpg\",\"contentUrl\":\"https:\/\/evolve-fitness.eu\/wp-content\/uploads\/2024\/05\/Service-registration.jpg\"},{\"@type\":\"BreadcrumbList\",\"@id\":\"https:\/\/evolve-fitness.eu\/da\/service\/#breadcrumb\",\"itemListElement\":[{\"@type\":\"ListItem\",\"position\":1,\"name\":\"Home\",\"item\":\"https:\/\/evolve-fitness.eu\/da\/\"},{\"@type\":\"ListItem\",\"position\":2,\"name\":\"Service\"}]},{\"@type\":\"WebSite\",\"@id\":\"https:\/\/evolve-fitness.eu\/da\/#website\",\"url\":\"https:\/\/evolve-fitness.eu\/da\/\",\"name\":\"Evolve\",\"description\":\"Your Evolved Gear Arrived\",\"publisher\":{\"@id\":\"https:\/\/evolve-fitness.eu\/da\/#organization\"},\"potentialAction\":[{\"@type\":\"SearchAction\",\"target\":{\"@type\":\"EntryPoint\",\"urlTemplate\":\"https:\/\/evolve-fitness.eu\/da\/?s={search_term_string}\"},\"query-input\":{\"@type\":\"PropertyValueSpecification\",\"valueRequired\":true,\"valueName\":\"search_term_string\"}}],\"inLanguage\":\"da-DK\"},{\"@type\":\"Organization\",\"@id\":\"https:\/\/evolve-fitness.eu\/da\/#organization\",\"name\":\"Evolve\",\"url\":\"https:\/\/evolve-fitness.eu\/da\/\",\"logo\":{\"@type\":\"ImageObject\",\"inLanguage\":\"da-DK\",\"@id\":\"https:\/\/evolve-fitness.eu\/da\/#\/schema\/logo\/image\/\",\"url\":\"https:\/\/evolve-fitness.eu\/wp-content\/uploads\/2023\/05\/Evolve-logo.svg\",\"contentUrl\":\"https:\/\/evolve-fitness.eu\/wp-content\/uploads\/2023\/05\/Evolve-logo.svg\",\"width\":176,\"height\":20,\"caption\":\"Evolve\"},\"image\":{\"@id\":\"https:\/\/evolve-fitness.eu\/da\/#\/schema\/logo\/image\/\"},\"sameAs\":[\"https:\/\/www.facebook.com\/EvolveFitnessEurope\"]}]}<\/script>\n<!-- \/ Yoast SEO plugin. -->","yoast_head_json":{"title":"Service - Evolve","robots":{"index":"index","follow":"follow","max-snippet":"max-snippet:-1","max-image-preview":"max-image-preview:large","max-video-preview":"max-video-preview:-1"},"canonical":"https:\/\/evolve-fitness.eu\/da\/service\/","og_locale":"da_DK","og_type":"article","og_title":"Service - Evolve","og_url":"https:\/\/evolve-fitness.eu\/da\/service\/","og_site_name":"Evolve","article_publisher":"https:\/\/www.facebook.com\/EvolveFitnessEurope","article_modified_time":"2025-11-05T08:37:08+00:00","og_image":[{"width":1920,"height":630,"url":"https:\/\/evolve-fitness.eu\/wp-content\/uploads\/2024\/05\/Service-registration.jpg","type":"image\/jpeg"}],"twitter_card":"summary_large_image","schema":{"@context":"https:\/\/schema.org","@graph":[{"@type":"WebPage","@id":"https:\/\/evolve-fitness.eu\/da\/service\/","url":"https:\/\/evolve-fitness.eu\/da\/service\/","name":"Service - Evolve","isPartOf":{"@id":"https:\/\/evolve-fitness.eu\/da\/#website"},"primaryImageOfPage":{"@id":"https:\/\/evolve-fitness.eu\/da\/service\/#primaryimage"},"image":{"@id":"https:\/\/evolve-fitness.eu\/da\/service\/#primaryimage"},"thumbnailUrl":"https:\/\/evolve-fitness.eu\/wp-content\/uploads\/2024\/05\/Service-registration.jpg","datePublished":"2024-05-16T18:19:05+00:00","dateModified":"2025-11-05T08:37:08+00:00","breadcrumb":{"@id":"https:\/\/evolve-fitness.eu\/da\/service\/#breadcrumb"},"inLanguage":"da-DK","potentialAction":[{"@type":"ReadAction","target":["https:\/\/evolve-fitness.eu\/da\/service\/"]}]},{"@type":"ImageObject","inLanguage":"da-DK","@id":"https:\/\/evolve-fitness.eu\/da\/service\/#primaryimage","url":"https:\/\/evolve-fitness.eu\/wp-content\/uploads\/2024\/05\/Service-registration.jpg","contentUrl":"https:\/\/evolve-fitness.eu\/wp-content\/uploads\/2024\/05\/Service-registration.jpg"},{"@type":"BreadcrumbList","@id":"https:\/\/evolve-fitness.eu\/da\/service\/#breadcrumb","itemListElement":[{"@type":"ListItem","position":1,"name":"Home","item":"https:\/\/evolve-fitness.eu\/da\/"},{"@type":"ListItem","position":2,"name":"Service"}]},{"@type":"WebSite","@id":"https:\/\/evolve-fitness.eu\/da\/#website","url":"https:\/\/evolve-fitness.eu\/da\/","name":"Evolve","description":"Your Evolved Gear Arrived","publisher":{"@id":"https:\/\/evolve-fitness.eu\/da\/#organization"},"potentialAction":[{"@type":"SearchAction","target":{"@type":"EntryPoint","urlTemplate":"https:\/\/evolve-fitness.eu\/da\/?s={search_term_string}"},"query-input":{"@type":"PropertyValueSpecification","valueRequired":true,"valueName":"search_term_string"}}],"inLanguage":"da-DK"},{"@type":"Organization","@id":"https:\/\/evolve-fitness.eu\/da\/#organization","name":"Evolve","url":"https:\/\/evolve-fitness.eu\/da\/","logo":{"@type":"ImageObject","inLanguage":"da-DK","@id":"https:\/\/evolve-fitness.eu\/da\/#\/schema\/logo\/image\/","url":"https:\/\/evolve-fitness.eu\/wp-content\/uploads\/2023\/05\/Evolve-logo.svg","contentUrl":"https:\/\/evolve-fitness.eu\/wp-content\/uploads\/2023\/05\/Evolve-logo.svg","width":176,"height":20,"caption":"Evolve"},"image":{"@id":"https:\/\/evolve-fitness.eu\/da\/#\/schema\/logo\/image\/"},"sameAs":["https:\/\/www.facebook.com\/EvolveFitnessEurope"]}]}},"_links":{"self":[{"href":"https:\/\/evolve-fitness.eu\/da\/wp-json\/wp\/v2\/pages\/140547","targetHints":{"allow":["GET"]}}],"collection":[{"href":"https:\/\/evolve-fitness.eu\/da\/wp-json\/wp\/v2\/pages"}],"about":[{"href":"https:\/\/evolve-fitness.eu\/da\/wp-json\/wp\/v2\/types\/page"}],"author":[{"embeddable":true,"href":"https:\/\/evolve-fitness.eu\/da\/wp-json\/wp\/v2\/users\/1"}],"replies":[{"embeddable":true,"href":"https:\/\/evolve-fitness.eu\/da\/wp-json\/wp\/v2\/comments?post=140547"}],"version-history":[{"count":1,"href":"https:\/\/evolve-fitness.eu\/da\/wp-json\/wp\/v2\/pages\/140547\/revisions"}],"predecessor-version":[{"id":213381,"href":"https:\/\/evolve-fitness.eu\/da\/wp-json\/wp\/v2\/pages\/140547\/revisions\/213381"}],"wp:attachment":[{"href":"https:\/\/evolve-fitness.eu\/da\/wp-json\/wp\/v2\/media?parent=140547"}],"curies":[{"name":"wp","href":"https:\/\/api.w.org\/{rel}","templated":true}]}}