{"id":213194,"date":"2025-07-07T06:44:43","date_gmt":"2025-07-07T03:44:43","guid":{"rendered":"https:\/\/evolve-fitness.eu\/installation\/"},"modified":"2025-11-05T10:23:09","modified_gmt":"2025-11-05T08:23:09","slug":"installation","status":"publish","type":"page","link":"https:\/\/evolve-fitness.eu\/da\/installation\/","title":{"rendered":"Installation"},"content":{"rendered":"\n<div class=\"wp-block-group h-full w-full installations-heroe has-darkgray-background-color has-background is-layout-constrained wp-container-core-group-is-layout-e566ce2e wp-block-group-is-layout-constrained\" style=\"margin-top:0;margin-bottom:0;padding-top:0;padding-right:0;padding-left:0\">\n<div class=\"wp-block-group alignfull h-full w-full flex-nowrap justify-end items-strech is-vertical is-content-justification-stretch is-nowrap is-layout-flex wp-container-core-group-is-layout-1e1e0099 wp-block-group-is-layout-flex\">\n<div class=\"wp-block-cover has-custom-content-position is-position-bottom-center mobile2x wp-container-content-9cfa9a5a\" style=\"min-height:20vw;aspect-ratio:unset;\"><video class=\"wp-block-cover__video-background intrinsic-ignore\" autoplay muted loop playsinline src=\"https:\/\/evolve-fitness.eu\/wp-content\/uploads\/2025\/08\/social-SQUARE-ansanaviciutes-lemong-gym.mp4\" data-object-fit=\"cover\"><\/video><span aria-hidden=\"true\" class=\"wp-block-cover__background has-background-dim-100 has-background-dim wp-block-cover__gradient-background has-background-gradient\" style=\"background:linear-gradient(180deg,rgba(237,237,237,0) 0%,rgb(22,22,23) 92%)\"><\/span><div class=\"wp-block-cover__inner-container is-layout-flow wp-block-cover-is-layout-flow\">\n<div class=\"wp-block-group alignwide is-content-justification-left is-layout-constrained wp-container-core-group-is-layout-8c890d92 wp-block-group-is-layout-constrained\">\n<h1 class=\"wp-block-heading alignwide has-white-color has-text-color has-link-color has-montserrat-font-family has-extra-large-title-font-size wp-elements-d086c4a42ffb365f1c4b44a1b097741c\" style=\"font-style:normal;font-weight:700\">INSTALLATION<\/h1>\n\n\n\n<p>Levering og installation &#8211; vi har styr p\u00e5 det!<\/p>\n<\/div>\n<\/div><\/div>\n<\/div>\n<\/div>\n\n<section class=\"wp-block-group alignfull black-content has-white-color has-darkgray-background-color has-text-color has-background is-layout-constrained wp-block-group-is-layout-constrained\" style=\"padding-top:var(--wp--preset--spacing--section-title-bottom);padding-bottom:var(--wp--preset--spacing--section-bottom)\">\n<div class=\"wp-block-columns installations-div-p is-layout-flex wp-container-core-columns-is-layout-0bc94483 wp-block-columns-is-layout-flex\" style=\"margin-top:0;margin-bottom:var(--wp--preset--spacing--side-padding);padding-top:0;padding-right:0;padding-bottom:0;padding-left:0\">\n<div class=\"wp-block-column installations-div-inner-col is-layout-flow wp-block-column-is-layout-flow\" style=\"padding-top:0;padding-right:0;padding-bottom:0;padding-left:0\">\n<p style=\"padding-top:0;padding-right:0;padding-bottom:0;padding-left:0\">Vi leverer. Vi installerer. Du tr\u00e6ner.  <\/p>\n<\/div>\n<\/div>\n\n\n\n<div class=\"wp-block-columns alignwide mobile-reverse is-layout-flex wp-container-core-columns-is-layout-ca64bf2d wp-block-columns-is-layout-flex\" style=\"margin-bottom:var(--wp--preset--spacing--side-padding)\">\n<div class=\"wp-block-column is-vertically-aligned-center is-layout-flow wp-block-column-is-layout-flow\">\n<figure class=\"wp-block-video\"><video height=\"1080\" style=\"aspect-ratio: 1920 \/ 1080;\" width=\"1920\" controls=\"\" src=\"https:\/\/evolve-fitness.eu\/wp-content\/uploads\/2025\/08\/Lemon_GYM_HQ.mp4\"><\/video><\/figure>\n<\/div>\n\n\n\n<div class=\"wp-block-column is-vertically-aligned-center is-layout-flow wp-block-column-is-layout-flow\">\n<h3 class=\"wp-block-heading\" style=\"margin-bottom:var(--wp--preset--spacing--h-3-bottom)\">Komplette gymnastikl\u00f8sninger i hele Europa<\/h3>\n\n\n\n<p>Vi tilbyder professionel levering, installation og tr\u00e6ning i alle europ\u00e6iske lande. Uanset om du har brug for et enkelt stykke udstyr eller et komplet fitnesscenter, h\u00e5ndterer vi processen fra planl\u00e6gning til montering &#8211; s\u00e5 du kan fokusere p\u00e5 tr\u00e6ningen. <\/p>\n<\/div>\n<\/div>\n\n\n\n<div class=\"wp-block-columns alignwide is-layout-flex wp-container-core-columns-is-layout-ca64bf2d wp-block-columns-is-layout-flex\" style=\"margin-bottom:var(--wp--preset--spacing--side-padding)\">\n<div class=\"wp-block-column is-vertically-aligned-center is-layout-flow wp-block-column-is-layout-flow\" style=\"padding-top:var(--wp--preset--spacing--side-padding)\">\n<h3 class=\"wp-block-heading\" style=\"margin-bottom:var(--wp--preset--spacing--h-3-bottom)\"><strong><strong><strong><strong><strong><strong><strong>Fra id\u00e9 til virkelighed<\/strong><\/strong><\/strong><\/strong><\/strong><\/strong><\/strong><\/h3>\n\n\n\n<p>Hvert projekt starter med at lytte til dine behov. Uanset om du allerede har en klar vision eller bare en id\u00e9, kan vi lave skitser, udarbejde tekniske 2D-planer og producere 3D-visualiseringer, s\u00e5 du kan se pr\u00e6cis, hvordan din ops\u00e6tning kommer til at se ud. N\u00e5r det er godkendt, f\u00f8rer vores installationsteam planen ud i livet med pr\u00e6cision og sans for detaljer.  <br\/><\/p>\n<\/div>\n\n\n\n<div class=\"wp-block-column is-vertically-aligned-center is-layout-flow wp-block-column-is-layout-flow\">\n<figure class=\"wp-block-video\"><video height=\"1440\" style=\"aspect-ratio: 2560 \/ 1440;\" width=\"2560\" controls=\"\" src=\"https:\/\/evolve-fitness.eu\/wp-content\/uploads\/2025\/08\/Evolve-Home-Systemss.mp4\"><\/video><\/figure>\n<\/div>\n<\/div>\n\n\n\n<div class=\"wp-block-columns alignwide mobile-reverse is-layout-flex wp-container-core-columns-is-layout-c45ee707 wp-block-columns-is-layout-flex\" style=\"margin-bottom:var(--wp--preset--spacing--side-padding);padding-top:var(--wp--preset--spacing--side-padding)\">\n<div class=\"wp-block-column is-vertically-aligned-center is-layout-flow wp-block-column-is-layout-flow\">\n<figure class=\"wp-block-image size-large is-style-default\"><img loading=\"lazy\" decoding=\"async\" width=\"1024\" height=\"576\" src=\"https:\/\/evolve-fitness.eu\/wp-content\/uploads\/2025\/08\/vlcsnap-2023-06-22-17h40m07s325-1024x576.png\" alt=\"\" class=\"wp-image-201949\" srcset=\"https:\/\/evolve-fitness.eu\/wp-content\/uploads\/2025\/08\/vlcsnap-2023-06-22-17h40m07s325-1024x576.png 1024w, https:\/\/evolve-fitness.eu\/wp-content\/uploads\/2025\/08\/vlcsnap-2023-06-22-17h40m07s325-300x169.png 300w, https:\/\/evolve-fitness.eu\/wp-content\/uploads\/2025\/08\/vlcsnap-2023-06-22-17h40m07s325-150x84.png 150w, https:\/\/evolve-fitness.eu\/wp-content\/uploads\/2025\/08\/vlcsnap-2023-06-22-17h40m07s325-768x432.png 768w, https:\/\/evolve-fitness.eu\/wp-content\/uploads\/2025\/08\/vlcsnap-2023-06-22-17h40m07s325-1536x864.png 1536w, https:\/\/evolve-fitness.eu\/wp-content\/uploads\/2025\/08\/vlcsnap-2023-06-22-17h40m07s325-2048x1152.png 2048w, https:\/\/evolve-fitness.eu\/wp-content\/uploads\/2025\/08\/vlcsnap-2023-06-22-17h40m07s325-600x338.png 600w, https:\/\/evolve-fitness.eu\/wp-content\/uploads\/2025\/08\/vlcsnap-2023-06-22-17h40m07s325-267x150.png 267w\" sizes=\"auto, (max-width: 1024px) 100vw, 1024px\" \/><\/figure>\n<\/div>\n\n\n\n<div class=\"wp-block-column is-vertically-aligned-center is-layout-flow wp-block-column-is-layout-flow\">\n<h3 class=\"wp-block-heading\" style=\"margin-bottom:var(--wp--preset--spacing--h-3-bottom)\"><strong><strong><strong><strong><strong><strong><strong><strong>Vi klarer mere end bare cardio<\/strong><\/strong><\/strong><\/strong><\/strong><\/strong><\/strong><\/strong><\/h3>\n\n\n\n<p>\u00d8nsker du at installere en basketballbane eller et kurvesystem? Vi kan komme p\u00e5 stedet og f\u00e5 det til at ske. Har du brug for en komplet ops\u00e6tning af et fitnesscenter fra bunden? Vi kan hj\u00e6lpe dig. Vores ekspertise str\u00e6kker sig over fitness-, sports- og fritidsudstyr og leverer l\u00f8sninger, der er skr\u00e6ddersyet til dit rum og dine behov.    <\/p>\n<\/div>\n<\/div>\n\n\n\n<div class=\"wp-block-columns alignwide is-layout-flex wp-container-core-columns-is-layout-ca64bf2d wp-block-columns-is-layout-flex\" style=\"margin-bottom:var(--wp--preset--spacing--side-padding)\">\n<div class=\"wp-block-column is-vertically-aligned-center is-layout-flow wp-block-column-is-layout-flow\" style=\"padding-top:var(--wp--preset--spacing--side-padding)\">\n<h3 class=\"wp-block-heading\" style=\"margin-bottom:var(--wp--preset--spacing--h-3-bottom)\"><strong><strong><strong><strong><strong><strong><strong><strong>L\u00f8sninger p\u00e5 tv\u00e6rs af Europa<\/strong><\/strong><\/strong><\/strong><\/strong><\/strong><\/strong><\/strong><\/h3>\n\n\n\n<p>Vores leverings- og installationsservice d\u00e6kker alle europ\u00e6iske lande. Fra enkelte maskiner til komplette kommercielle fitnesscentre, fra private studier til sportskomplekser &#8211; vi sikrer, at alle projekter h\u00e5ndteres med samme grad af professionalisme og omhu. <br\/><\/p>\n<\/div>\n\n\n\n<div class=\"wp-block-column is-vertically-aligned-center is-layout-flow wp-block-column-is-layout-flow\">\n<figure class=\"wp-block-image size-large\"><img loading=\"lazy\" decoding=\"async\" width=\"1024\" height=\"683\" src=\"https:\/\/evolve-fitness.eu\/wp-content\/uploads\/2025\/08\/8-1024x683.jpg\" alt=\"\" class=\"wp-image-201974\" srcset=\"https:\/\/evolve-fitness.eu\/wp-content\/uploads\/2025\/08\/8-1024x683.jpg 1024w, https:\/\/evolve-fitness.eu\/wp-content\/uploads\/2025\/08\/8-300x200.jpg 300w, https:\/\/evolve-fitness.eu\/wp-content\/uploads\/2025\/08\/8-150x100.jpg 150w, https:\/\/evolve-fitness.eu\/wp-content\/uploads\/2025\/08\/8-768x512.jpg 768w, https:\/\/evolve-fitness.eu\/wp-content\/uploads\/2025\/08\/8-1536x1024.jpg 1536w, https:\/\/evolve-fitness.eu\/wp-content\/uploads\/2025\/08\/8-2048x1366.jpg 2048w, https:\/\/evolve-fitness.eu\/wp-content\/uploads\/2025\/08\/8-600x400.jpg 600w, https:\/\/evolve-fitness.eu\/wp-content\/uploads\/2025\/08\/8-225x150.jpg 225w\" sizes=\"auto, (max-width: 1024px) 100vw, 1024px\" \/><\/figure>\n<\/div>\n<\/div>\n\n\n\n<div class=\"wp-block-columns alignwide mobile-reverse is-layout-flex wp-container-core-columns-is-layout-c45ee707 wp-block-columns-is-layout-flex\" style=\"margin-bottom:var(--wp--preset--spacing--side-padding);padding-top:var(--wp--preset--spacing--side-padding)\">\n<div class=\"wp-block-column is-vertically-aligned-center is-layout-flow wp-block-column-is-layout-flow\">\n<figure class=\"wp-block-image size-large is-style-default\"><img loading=\"lazy\" decoding=\"async\" width=\"1024\" height=\"683\" src=\"https:\/\/evolve-fitness.eu\/wp-content\/uploads\/2025\/08\/Gym-Gardino-14-1024x683.jpg\" alt=\"\" class=\"wp-image-202024\" srcset=\"https:\/\/evolve-fitness.eu\/wp-content\/uploads\/2025\/08\/Gym-Gardino-14-1024x683.jpg 1024w, https:\/\/evolve-fitness.eu\/wp-content\/uploads\/2025\/08\/Gym-Gardino-14-300x200.jpg 300w, https:\/\/evolve-fitness.eu\/wp-content\/uploads\/2025\/08\/Gym-Gardino-14-150x100.jpg 150w, https:\/\/evolve-fitness.eu\/wp-content\/uploads\/2025\/08\/Gym-Gardino-14-768x512.jpg 768w, https:\/\/evolve-fitness.eu\/wp-content\/uploads\/2025\/08\/Gym-Gardino-14-1536x1024.jpg 1536w, https:\/\/evolve-fitness.eu\/wp-content\/uploads\/2025\/08\/Gym-Gardino-14-600x400.jpg 600w, https:\/\/evolve-fitness.eu\/wp-content\/uploads\/2025\/08\/Gym-Gardino-14-225x150.jpg 225w, https:\/\/evolve-fitness.eu\/wp-content\/uploads\/2025\/08\/Gym-Gardino-14.jpg 2048w\" sizes=\"auto, (max-width: 1024px) 100vw, 1024px\" \/><\/figure>\n<\/div>\n\n\n\n<div class=\"wp-block-column is-vertically-aligned-center is-layout-flow wp-block-column-is-layout-flow\">\n<h3 class=\"wp-block-heading\" style=\"margin-bottom:var(--wp--preset--spacing--h-3-bottom)\"><strong><strong><strong><strong><strong><strong><strong><strong>Dit projekt, vores engagement<\/strong><\/strong><\/strong><\/strong><\/strong><\/strong><\/strong><\/strong><\/h3>\n\n\n\n<p>Uanset st\u00f8rrelse eller kompleksitet mener vi, at enhver installation fortjener en personlig tilgang. Vi kombinerer teknisk ekspertise, moderne designv\u00e6rkt\u00f8jer og praktisk erfaring for at levere resultater, der overg\u00e5r forventningerne. <\/p>\n<\/div>\n<\/div>\n<\/section>\n","protected":false},"excerpt":{"rendered":"<p>Vi leverer. Vi installerer. Du tr\u00e6ner. Komplette gymnastikl\u00f8sninger i hele Europa Vi tilbyder professionel levering, installation og tr\u00e6ning i alle europ\u00e6iske lande. Uanset om du har brug for et enkelt stykke udstyr eller et komplet fitnesscenter, h\u00e5ndterer vi processen fra planl\u00e6gning til montering &#8211; s\u00e5 du kan fokusere p\u00e5 tr\u00e6ningen. Fra id\u00e9 til virkelighed Hvert [&hellip;]<\/p>\n","protected":false},"author":15,"featured_media":0,"parent":0,"menu_order":0,"comment_status":"closed","ping_status":"closed","template":"","meta":{"_acf_changed":false,"inline_featured_image":false,"footnotes":""},"class_list":["post-213194","page","type-page","status-publish","hentry"],"acf":[],"yoast_head":"<!-- This site is optimized with the Yoast SEO plugin v26.6 - https:\/\/yoast.com\/wordpress\/plugins\/seo\/ -->\n<title>Installation - Evolve<\/title>\n<meta name=\"description\" content=\"Vores leverings- og installationsservice d\u00e6kker alle europ\u00e6iske lande. Fra enkelte maskiner til komplette kommercielle fitnesscentre, alle typer fitnesscentre\" \/>\n<meta name=\"robots\" content=\"index, follow, max-snippet:-1, max-image-preview:large, max-video-preview:-1\" \/>\n<link rel=\"canonical\" href=\"https:\/\/evolve-fitness.eu\/da\/installation\/\" \/>\n<meta property=\"og:locale\" content=\"da_DK\" \/>\n<meta property=\"og:type\" content=\"article\" \/>\n<meta property=\"og:title\" content=\"Installation - Evolve\" \/>\n<meta property=\"og:description\" content=\"Vores leverings- og installationsservice d\u00e6kker alle europ\u00e6iske lande. Fra enkelte maskiner til komplette kommercielle fitnesscentre, alle typer fitnesscentre\" \/>\n<meta property=\"og:url\" content=\"https:\/\/evolve-fitness.eu\/da\/installation\/\" \/>\n<meta property=\"og:site_name\" content=\"Evolve\" \/>\n<meta property=\"article:publisher\" content=\"https:\/\/www.facebook.com\/EvolveFitnessEurope\" \/>\n<meta property=\"article:modified_time\" content=\"2025-11-05T08:23:09+00:00\" \/>\n<meta property=\"og:image\" content=\"https:\/\/evolve-fitness.eu\/wp-content\/uploads\/2025\/08\/vlcsnap-2023-06-22-17h40m07s325-scaled.png\" \/>\n\t<meta property=\"og:image:width\" content=\"2560\" \/>\n\t<meta property=\"og:image:height\" content=\"1440\" \/>\n\t<meta property=\"og:image:type\" content=\"image\/png\" \/>\n<meta name=\"twitter:card\" content=\"summary_large_image\" \/>\n<script type=\"application\/ld+json\" class=\"yoast-schema-graph\">{\"@context\":\"https:\/\/schema.org\",\"@graph\":[{\"@type\":\"WebPage\",\"@id\":\"https:\/\/evolve-fitness.eu\/da\/installation\/\",\"url\":\"https:\/\/evolve-fitness.eu\/da\/installation\/\",\"name\":\"Installation - Evolve\",\"isPartOf\":{\"@id\":\"https:\/\/evolve-fitness.eu\/da\/#website\"},\"primaryImageOfPage\":{\"@id\":\"https:\/\/evolve-fitness.eu\/da\/installation\/#primaryimage\"},\"image\":{\"@id\":\"https:\/\/evolve-fitness.eu\/da\/installation\/#primaryimage\"},\"thumbnailUrl\":\"https:\/\/evolve-fitness.eu\/wp-content\/uploads\/2025\/08\/vlcsnap-2023-06-22-17h40m07s325-1024x576.png\",\"datePublished\":\"2025-07-07T03:44:43+00:00\",\"dateModified\":\"2025-11-05T08:23:09+00:00\",\"description\":\"Vores leverings- og installationsservice d\u00e6kker alle europ\u00e6iske lande. Fra enkelte maskiner til komplette kommercielle fitnesscentre, alle typer fitnesscentre\",\"breadcrumb\":{\"@id\":\"https:\/\/evolve-fitness.eu\/da\/installation\/#breadcrumb\"},\"inLanguage\":\"da-DK\",\"potentialAction\":[{\"@type\":\"ReadAction\",\"target\":[\"https:\/\/evolve-fitness.eu\/da\/installation\/\"]}]},{\"@type\":\"ImageObject\",\"inLanguage\":\"da-DK\",\"@id\":\"https:\/\/evolve-fitness.eu\/da\/installation\/#primaryimage\",\"url\":\"https:\/\/evolve-fitness.eu\/wp-content\/uploads\/2025\/08\/vlcsnap-2023-06-22-17h40m07s325-1024x576.png\",\"contentUrl\":\"https:\/\/evolve-fitness.eu\/wp-content\/uploads\/2025\/08\/vlcsnap-2023-06-22-17h40m07s325-1024x576.png\"},{\"@type\":\"BreadcrumbList\",\"@id\":\"https:\/\/evolve-fitness.eu\/da\/installation\/#breadcrumb\",\"itemListElement\":[{\"@type\":\"ListItem\",\"position\":1,\"name\":\"Home\",\"item\":\"https:\/\/evolve-fitness.eu\/da\/\"},{\"@type\":\"ListItem\",\"position\":2,\"name\":\"Installation\"}]},{\"@type\":\"WebSite\",\"@id\":\"https:\/\/evolve-fitness.eu\/da\/#website\",\"url\":\"https:\/\/evolve-fitness.eu\/da\/\",\"name\":\"Evolve\",\"description\":\"Your Evolved Gear Arrived\",\"publisher\":{\"@id\":\"https:\/\/evolve-fitness.eu\/da\/#organization\"},\"potentialAction\":[{\"@type\":\"SearchAction\",\"target\":{\"@type\":\"EntryPoint\",\"urlTemplate\":\"https:\/\/evolve-fitness.eu\/da\/?s={search_term_string}\"},\"query-input\":{\"@type\":\"PropertyValueSpecification\",\"valueRequired\":true,\"valueName\":\"search_term_string\"}}],\"inLanguage\":\"da-DK\"},{\"@type\":\"Organization\",\"@id\":\"https:\/\/evolve-fitness.eu\/da\/#organization\",\"name\":\"Evolve\",\"url\":\"https:\/\/evolve-fitness.eu\/da\/\",\"logo\":{\"@type\":\"ImageObject\",\"inLanguage\":\"da-DK\",\"@id\":\"https:\/\/evolve-fitness.eu\/da\/#\/schema\/logo\/image\/\",\"url\":\"https:\/\/evolve-fitness.eu\/wp-content\/uploads\/2023\/05\/Evolve-logo.svg\",\"contentUrl\":\"https:\/\/evolve-fitness.eu\/wp-content\/uploads\/2023\/05\/Evolve-logo.svg\",\"width\":176,\"height\":20,\"caption\":\"Evolve\"},\"image\":{\"@id\":\"https:\/\/evolve-fitness.eu\/da\/#\/schema\/logo\/image\/\"},\"sameAs\":[\"https:\/\/www.facebook.com\/EvolveFitnessEurope\"]}]}<\/script>\n<!-- \/ Yoast SEO plugin. -->","yoast_head_json":{"title":"Installation - Evolve","description":"Vores leverings- og installationsservice d\u00e6kker alle europ\u00e6iske lande. Fra enkelte maskiner til komplette kommercielle fitnesscentre, alle typer fitnesscentre","robots":{"index":"index","follow":"follow","max-snippet":"max-snippet:-1","max-image-preview":"max-image-preview:large","max-video-preview":"max-video-preview:-1"},"canonical":"https:\/\/evolve-fitness.eu\/da\/installation\/","og_locale":"da_DK","og_type":"article","og_title":"Installation - Evolve","og_description":"Vores leverings- og installationsservice d\u00e6kker alle europ\u00e6iske lande. Fra enkelte maskiner til komplette kommercielle fitnesscentre, alle typer fitnesscentre","og_url":"https:\/\/evolve-fitness.eu\/da\/installation\/","og_site_name":"Evolve","article_publisher":"https:\/\/www.facebook.com\/EvolveFitnessEurope","article_modified_time":"2025-11-05T08:23:09+00:00","og_image":[{"width":2560,"height":1440,"url":"https:\/\/evolve-fitness.eu\/wp-content\/uploads\/2025\/08\/vlcsnap-2023-06-22-17h40m07s325-scaled.png","type":"image\/png"}],"twitter_card":"summary_large_image","schema":{"@context":"https:\/\/schema.org","@graph":[{"@type":"WebPage","@id":"https:\/\/evolve-fitness.eu\/da\/installation\/","url":"https:\/\/evolve-fitness.eu\/da\/installation\/","name":"Installation - Evolve","isPartOf":{"@id":"https:\/\/evolve-fitness.eu\/da\/#website"},"primaryImageOfPage":{"@id":"https:\/\/evolve-fitness.eu\/da\/installation\/#primaryimage"},"image":{"@id":"https:\/\/evolve-fitness.eu\/da\/installation\/#primaryimage"},"thumbnailUrl":"https:\/\/evolve-fitness.eu\/wp-content\/uploads\/2025\/08\/vlcsnap-2023-06-22-17h40m07s325-1024x576.png","datePublished":"2025-07-07T03:44:43+00:00","dateModified":"2025-11-05T08:23:09+00:00","description":"Vores leverings- og installationsservice d\u00e6kker alle europ\u00e6iske lande. Fra enkelte maskiner til komplette kommercielle fitnesscentre, alle typer fitnesscentre","breadcrumb":{"@id":"https:\/\/evolve-fitness.eu\/da\/installation\/#breadcrumb"},"inLanguage":"da-DK","potentialAction":[{"@type":"ReadAction","target":["https:\/\/evolve-fitness.eu\/da\/installation\/"]}]},{"@type":"ImageObject","inLanguage":"da-DK","@id":"https:\/\/evolve-fitness.eu\/da\/installation\/#primaryimage","url":"https:\/\/evolve-fitness.eu\/wp-content\/uploads\/2025\/08\/vlcsnap-2023-06-22-17h40m07s325-1024x576.png","contentUrl":"https:\/\/evolve-fitness.eu\/wp-content\/uploads\/2025\/08\/vlcsnap-2023-06-22-17h40m07s325-1024x576.png"},{"@type":"BreadcrumbList","@id":"https:\/\/evolve-fitness.eu\/da\/installation\/#breadcrumb","itemListElement":[{"@type":"ListItem","position":1,"name":"Home","item":"https:\/\/evolve-fitness.eu\/da\/"},{"@type":"ListItem","position":2,"name":"Installation"}]},{"@type":"WebSite","@id":"https:\/\/evolve-fitness.eu\/da\/#website","url":"https:\/\/evolve-fitness.eu\/da\/","name":"Evolve","description":"Your Evolved Gear Arrived","publisher":{"@id":"https:\/\/evolve-fitness.eu\/da\/#organization"},"potentialAction":[{"@type":"SearchAction","target":{"@type":"EntryPoint","urlTemplate":"https:\/\/evolve-fitness.eu\/da\/?s={search_term_string}"},"query-input":{"@type":"PropertyValueSpecification","valueRequired":true,"valueName":"search_term_string"}}],"inLanguage":"da-DK"},{"@type":"Organization","@id":"https:\/\/evolve-fitness.eu\/da\/#organization","name":"Evolve","url":"https:\/\/evolve-fitness.eu\/da\/","logo":{"@type":"ImageObject","inLanguage":"da-DK","@id":"https:\/\/evolve-fitness.eu\/da\/#\/schema\/logo\/image\/","url":"https:\/\/evolve-fitness.eu\/wp-content\/uploads\/2023\/05\/Evolve-logo.svg","contentUrl":"https:\/\/evolve-fitness.eu\/wp-content\/uploads\/2023\/05\/Evolve-logo.svg","width":176,"height":20,"caption":"Evolve"},"image":{"@id":"https:\/\/evolve-fitness.eu\/da\/#\/schema\/logo\/image\/"},"sameAs":["https:\/\/www.facebook.com\/EvolveFitnessEurope"]}]}},"_links":{"self":[{"href":"https:\/\/evolve-fitness.eu\/da\/wp-json\/wp\/v2\/pages\/213194","targetHints":{"allow":["GET"]}}],"collection":[{"href":"https:\/\/evolve-fitness.eu\/da\/wp-json\/wp\/v2\/pages"}],"about":[{"href":"https:\/\/evolve-fitness.eu\/da\/wp-json\/wp\/v2\/types\/page"}],"author":[{"embeddable":true,"href":"https:\/\/evolve-fitness.eu\/da\/wp-json\/wp\/v2\/users\/15"}],"replies":[{"embeddable":true,"href":"https:\/\/evolve-fitness.eu\/da\/wp-json\/wp\/v2\/comments?post=213194"}],"version-history":[{"count":1,"href":"https:\/\/evolve-fitness.eu\/da\/wp-json\/wp\/v2\/pages\/213194\/revisions"}],"predecessor-version":[{"id":213195,"href":"https:\/\/evolve-fitness.eu\/da\/wp-json\/wp\/v2\/pages\/213194\/revisions\/213195"}],"wp:attachment":[{"href":"https:\/\/evolve-fitness.eu\/da\/wp-json\/wp\/v2\/media?parent=213194"}],"curies":[{"name":"wp","href":"https:\/\/api.w.org\/{rel}","templated":true}]}}