{"id":105046,"date":"2023-12-18T12:04:19","date_gmt":"2023-12-18T12:04:19","guid":{"rendered":"https:\/\/evolve-fitness.eu\/product\/evolve-urethane-kropspumpe-saet\/"},"modified":"2026-04-09T15:21:05","modified_gmt":"2026-04-09T12:21:05","slug":"evolve-urethane-kropspumpe-saet","status":"publish","type":"product","link":"https:\/\/evolve-fitness.eu\/da\/vare\/evolve-urethane-kropspumpe-saet\/","title":{"rendered":"Evolve Urethane Studio Pump Set (GT-UPS)"},"content":{"rendered":"\n<section class=\"wp-block-group alignfull has-lightgray-background-color has-background is-layout-constrained wp-block-group-is-layout-constrained\">\n<div class=\"wp-block-columns alignwide is-layout-flex wp-container-core-columns-is-layout-2edb0647 wp-block-columns-is-layout-flex\" style=\"margin-top:0;margin-bottom:0\">\n<div class=\"wp-block-column is-layout-flow wp-block-column-is-layout-flow\" style=\"flex-basis:33.33%\"><\/div>\n\n\n\n<div class=\"wp-block-column is-layout-flow wp-block-column-is-layout-flow\" style=\"flex-basis:66.66%\"><\/div>\n<\/div>\n<\/section>\n\n<section class=\"wp-block-group alignfull black-content has-white-color has-darkgray-background-color has-text-color has-background is-layout-constrained wp-block-group-is-layout-constrained\" style=\"padding-top:var(--wp--preset--spacing--section-bottom);padding-bottom:var(--wp--preset--spacing--section-bottom)\">\n<div class=\"wp-block-columns alignwide mobile-reverse is-layout-flex wp-container-core-columns-is-layout-ca64bf2d wp-block-columns-is-layout-flex\" style=\"margin-bottom:var(--wp--preset--spacing--side-padding)\">\n<div class=\"wp-block-column is-vertically-aligned-center is-layout-flow wp-block-column-is-layout-flow\">\n<h3 class=\"wp-block-heading\" style=\"margin-bottom:var(--wp--preset--spacing--h-3-bottom)\"><strong>Uovertruffen holdbarhed og ydeevne<\/strong><\/h3>\n\n\n\n<p><em><strong>Overlegen design til effektiv tr\u00e6ning<\/strong><\/em><\/p>\n\n\n\n<p style=\"margin-bottom:var(--wp--preset--spacing--tb-section-padding)\">Oplev det ypperste inden for holdbarhed med Evolve Urethane Studio Pump Set &#8211; 19,5 kg. Dette s\u00e6t er fremstillet af f\u00f8rsteklasses urethanmateriale og garanterer langvarig ydeevne, hvilket g\u00f8r det til et ideelt valg til b\u00e5de kommercielle fitnesscentre og hjemmetr\u00e6ning. Den robuste konstruktion sikrer modstandsdygtighed over for ridser, sk\u00e5r eller afskalning og bevarer sit uber\u00f8rte udseende i \u00e5revis uden behov for hyppige udskiftninger.  <\/p>\n\n\n\n<h3 class=\"wp-block-heading\" style=\"margin-bottom:var(--wp--preset--spacing--h-3-bottom)\">Pr\u00e6cisionsfremstillede v\u00e6gte i urethan<\/h3>\n\n\n\n<p><strong><em>Konsekvent pr\u00e6station for effektiv tr\u00e6ning<\/em><\/strong><\/p>\n\n\n\n<p>Oplev j\u00e6vn p\u00e5- og afl\u00e6sning af plader med de afrundede muffespidser p\u00e5 Evolve Urethane Studio Pump Set. Hver urethanv\u00e6gt, herunder 2 x 1,25 kg, 2 x 2,5 kg og 2 x 5 kg, er pr\u00e6cisionsfremstillet efter n\u00f8jagtige specifikationer, hvilket giver ensartet v\u00e6gt og f\u00f8lelse til pr\u00e6cise tr\u00e6ningspas. <\/p>\n<\/div>\n\n\n\n<div class=\"wp-block-column is-vertically-aligned-center is-layout-flow wp-block-column-is-layout-flow\">\n<figure class=\"wp-block-video\"><video height=\"2160\" style=\"aspect-ratio: 3840 \/ 2160;\" width=\"3840\" autoplay=\"\" controls=\"\" loop=\"\" muted=\"\" src=\"https:\/\/evolve-fitness.eu\/wp-content\/uploads\/2023\/12\/1.mp4\"><\/video><\/figure>\n<\/div>\n<\/div>\n\n\n\n<div class=\"wp-block-columns alignwide is-layout-flex wp-container-core-columns-is-layout-c45ee707 wp-block-columns-is-layout-flex\" style=\"margin-bottom:var(--wp--preset--spacing--side-padding);padding-top:var(--wp--preset--spacing--side-padding)\">\n<div class=\"wp-block-column is-vertically-aligned-center is-layout-flow wp-block-column-is-layout-flow\">\n<figure class=\"wp-block-image size-full is-resized is-style-rounded\"><img loading=\"lazy\" decoding=\"async\" width=\"1000\" height=\"665\" src=\"https:\/\/evolve-fitness.eu\/wp-content\/uploads\/2023\/08\/TPU-urethane-weight-plates-6.jpg\" alt=\"\" class=\"wp-image-838\" style=\"object-fit:cover;width:680px;height:600px\" srcset=\"https:\/\/evolve-fitness.eu\/wp-content\/uploads\/2023\/08\/TPU-urethane-weight-plates-6.jpg 1000w, https:\/\/evolve-fitness.eu\/wp-content\/uploads\/2023\/08\/TPU-urethane-weight-plates-6-300x200.jpg 300w, https:\/\/evolve-fitness.eu\/wp-content\/uploads\/2023\/08\/TPU-urethane-weight-plates-6-226x150.jpg 226w, https:\/\/evolve-fitness.eu\/wp-content\/uploads\/2023\/08\/TPU-urethane-weight-plates-6-600x399.jpg 600w, https:\/\/evolve-fitness.eu\/wp-content\/uploads\/2023\/08\/TPU-urethane-weight-plates-6-150x100.jpg 150w, https:\/\/evolve-fitness.eu\/wp-content\/uploads\/2023\/08\/TPU-urethane-weight-plates-6-768x511.jpg 768w\" sizes=\"auto, (max-width: 1000px) 100vw, 1000px\" \/><\/figure>\n<\/div>\n\n\n\n<div class=\"wp-block-column is-vertically-aligned-center is-layout-flow wp-block-column-is-layout-flow\">\n<h3 class=\"wp-block-heading\" style=\"margin-bottom:var(--wp--preset--spacing--h-3-bottom)\">Tilpasning og stil<\/h3>\n\n\n\n<p><strong><em><strong><em><strong><em>L\u00f8ft dit fitnesscenters branding med Studio Pump-s\u00e6ttet<\/em><\/strong><\/em><\/strong><\/em><\/strong><\/p>\n\n\n\n<p style=\"margin-bottom:var(--wp--preset--spacing--tb-section-padding)\">Med tilpasningsmuligheder kan du tilf\u00f8je dit logo og v\u00e6lge tilpassede farver for at skabe en unik tr\u00e6ningsoplevelse, der adskiller dit fitnesscenter fra konkurrenterne. Evolve Urethane Studio Pump Set tilbyder et visuelt sl\u00e5ende og sammenh\u00e6ngende look, der perfekt supplerer et fitnessbrands identitet. Valget af farver spiller en afg\u00f8rende rolle for at sikre, at s\u00e6ttet ikke kun skiller sig ud, men ogs\u00e5 stemmer overens med brandets \u00e6stetik. Evolve Urethane Studio Pump Set har et lasersk\u00e5ret logo med urethan og en v\u00e6gtangivelse, der ikke skaller af eller slides over tid, og det er bygget til at holde.   <\/p>\n<\/div>\n<\/div>\n\n\n\n<div class=\"wp-block-columns alignwide mobile-reverse is-layout-flex wp-container-core-columns-is-layout-ca64bf2d wp-block-columns-is-layout-flex\" style=\"margin-bottom:var(--wp--preset--spacing--side-padding)\">\n<div class=\"wp-block-column is-vertically-aligned-center is-layout-flow wp-block-column-is-layout-flow\">\n<h3 class=\"wp-block-heading\" style=\"margin-bottom:var(--wp--preset--spacing--h-3-bottom)\">FUNKTIONALITET<\/h3>\n\n\n\n<p>Det unikke design g\u00f8r, at v\u00e6gten ikke kan s\u00e6tte sig fast p\u00e5 stangen<\/p>\n\n\n\n<p style=\"margin-bottom:var(--wp--preset--spacing--tb-section-padding)\">Evolve-v\u00e6gtskiverne har en struktureret overflade, som er nem at reng\u00f8re, skridsikker og giver et godt greb ved h\u00e5ndtering. Disse egenskaber sikrer ogs\u00e5 sikkerhed og minimerer muligheden for, at brugerne klemmer deres fingre, n\u00e5r de l\u00e6gger skiverne p\u00e5 og af stangen. <\/p>\n\n\n\n<h3 class=\"wp-block-heading\" style=\"margin-bottom:var(--wp--preset--spacing--h-3-bottom)\">Urethan-bel\u00e6gning<\/h3>\n\n\n\n<p>Urethanbel\u00e6gning er meget slagfast og dobbelt s\u00e5 holdbar som gummibel\u00e6gning<\/p>\n\n\n\n<p>Malede overflader kan flosse og ruste, gummi kan skalle af eller revne med tiden. Evolve urethan-v\u00e6gtskiver er ekstremt holdbare og nedbrydes ikke. Disse v\u00e6gte vil bevare en fed, ensfarvet farve i hele deres levetid. <\/p>\n<\/div>\n\n\n\n<div class=\"wp-block-column is-vertically-aligned-center is-layout-flow wp-block-column-is-layout-flow\">\n<figure class=\"wp-block-image alignleft size-full is-resized is-style-rounded\"><img loading=\"lazy\" decoding=\"async\" width=\"1920\" height=\"1280\" src=\"https:\/\/evolve-fitness.eu\/wp-content\/uploads\/2023\/12\/A7_05432.jpg\" alt=\"\" class=\"wp-image-7840\" style=\"width:686px;height:652px\" srcset=\"https:\/\/evolve-fitness.eu\/wp-content\/uploads\/2023\/12\/A7_05432.jpg 1920w, https:\/\/evolve-fitness.eu\/wp-content\/uploads\/2023\/12\/A7_05432-300x200.jpg 300w, https:\/\/evolve-fitness.eu\/wp-content\/uploads\/2023\/12\/A7_05432-225x150.jpg 225w, https:\/\/evolve-fitness.eu\/wp-content\/uploads\/2023\/12\/A7_05432-600x400.jpg 600w, https:\/\/evolve-fitness.eu\/wp-content\/uploads\/2023\/12\/A7_05432-1024x683.jpg 1024w, https:\/\/evolve-fitness.eu\/wp-content\/uploads\/2023\/12\/A7_05432-150x100.jpg 150w, https:\/\/evolve-fitness.eu\/wp-content\/uploads\/2023\/12\/A7_05432-768x512.jpg 768w, https:\/\/evolve-fitness.eu\/wp-content\/uploads\/2023\/12\/A7_05432-1536x1024.jpg 1536w\" sizes=\"auto, (max-width: 1920px) 100vw, 1920px\" \/><\/figure>\n<\/div>\n<\/div>\n\n\n\n<div class=\"wp-block-columns alignwide is-layout-flex wp-container-core-columns-is-layout-c45ee707 wp-block-columns-is-layout-flex\" style=\"margin-bottom:var(--wp--preset--spacing--side-padding);padding-top:var(--wp--preset--spacing--side-padding)\">\n<div class=\"wp-block-column is-vertically-aligned-center is-layout-flow wp-block-column-is-layout-flow\">\n<figure class=\"wp-block-image size-large\"><img loading=\"lazy\" decoding=\"async\" width=\"1024\" height=\"768\" src=\"https:\/\/evolve-fitness.eu\/wp-content\/uploads\/2023\/12\/Lemon-Gym-Teika-3-1024x768.jpg\" alt=\"\" class=\"wp-image-8985\" srcset=\"https:\/\/evolve-fitness.eu\/wp-content\/uploads\/2023\/12\/Lemon-Gym-Teika-3-1024x768.jpg 1024w, https:\/\/evolve-fitness.eu\/wp-content\/uploads\/2023\/12\/Lemon-Gym-Teika-3-300x225.jpg 300w, https:\/\/evolve-fitness.eu\/wp-content\/uploads\/2023\/12\/Lemon-Gym-Teika-3-200x150.jpg 200w, https:\/\/evolve-fitness.eu\/wp-content\/uploads\/2023\/12\/Lemon-Gym-Teika-3-600x450.jpg 600w, https:\/\/evolve-fitness.eu\/wp-content\/uploads\/2023\/12\/Lemon-Gym-Teika-3-150x113.jpg 150w, https:\/\/evolve-fitness.eu\/wp-content\/uploads\/2023\/12\/Lemon-Gym-Teika-3-768x576.jpg 768w, https:\/\/evolve-fitness.eu\/wp-content\/uploads\/2023\/12\/Lemon-Gym-Teika-3-1536x1152.jpg 1536w, https:\/\/evolve-fitness.eu\/wp-content\/uploads\/2023\/12\/Lemon-Gym-Teika-3.jpg 2048w\" sizes=\"auto, (max-width: 1024px) 100vw, 1024px\" \/><\/figure>\n<\/div>\n\n\n\n<div class=\"wp-block-column is-vertically-aligned-center is-layout-flow wp-block-column-is-layout-flow\">\n<h3 class=\"wp-block-heading\" style=\"margin-bottom:var(--wp--preset--spacing--h-3-bottom)\">Sikkerhed f\u00f8rst<\/h3>\n\n\n\n<p><strong><em>En sikker og trov\u00e6rdig tr\u00e6ningsoplevelse<\/em><\/strong><\/p>\n\n\n\n<p>Hos Evolve er sikkerhed vores h\u00f8jeste prioritet. Vores urethan-v\u00e6gtskiver er fremstillet af et giftfrit og lugtfrit urethan-materiale af h\u00f8j kvalitet, som sikrer et sikkert og sundt tr\u00e6ningsmilj\u00f8.<\/p>\n<\/div>\n<\/div>\n\n\n\n<div class=\"wp-block-columns alignwide is-layout-flex wp-container-core-columns-is-layout-c45ee707 wp-block-columns-is-layout-flex\" style=\"margin-bottom:var(--wp--preset--spacing--side-padding);padding-top:var(--wp--preset--spacing--side-padding)\">\n<div class=\"wp-block-column is-vertically-aligned-center is-layout-flow wp-block-column-is-layout-flow\">\n<h3 class=\"wp-block-heading\" style=\"margin-bottom:var(--wp--preset--spacing--h-3-bottom)\">Sig farvel til klemte fingre<\/h3>\n\n\n\n<p><strong><em>Med Evolve v\u00e6gtskiver af urethan<\/em><\/strong><\/p>\n\n\n\n<p>Evolve Urethane Weight Plates er designet til at g\u00f8re af- og p\u00e5l\u00e6sning mere sikker og effektiv for motionisterne. S\u00e6ttet indeholder en 140 cm lang v\u00e6gtstang og fjederkraver, som giver en sikker og p\u00e5lidelig tr\u00e6ningsoplevelse. Pladernes strukturerede overflade og afrundede form hj\u00e6lper ogs\u00e5 med at forhindre dem i at kl\u00e6be til hinanden eller til andre overflader. Pladerne kan nemt b\u00e6res og bruges til mange forskellige \u00f8velser.   Uanset om du laver d\u00f8dl\u00f8ft eller lunges, g\u00f8r de fire h\u00e5ndtag det nemt at transportere og bruge dine v\u00e6gtskiver, hvilket g\u00f8r din tr\u00e6ning mere effektiv.<\/p>\n<\/div>\n\n\n\n<div class=\"wp-block-column is-vertically-aligned-center is-layout-flow wp-block-column-is-layout-flow\">\n<div class=\"wp-block-columns is-layout-flex wp-container-core-columns-is-layout-9d6595d7 wp-block-columns-is-layout-flex\">\n<div class=\"wp-block-column is-layout-flow wp-block-column-is-layout-flow\"><\/div>\n<\/div>\n<\/div>\n<\/div>\n<\/section>\n","protected":false},"excerpt":{"rendered":"<p>Oplev enest\u00e5ende tr\u00e6ning med Evolve Urethane Studio Pump Set &#8211; 19,5 kg, et h\u00f8jdepunkt af holdbarhed og ydeevne. Dette s\u00e6t er fremstillet af f\u00f8rsteklasses urethanmateriale og har en uovertruffen lang levetid, hvilket g\u00f8r det til det ultimative valg til b\u00e5de kommercielle fitnesscentre og hjemmetr\u00e6ning. Sig farvel til bekymringer om slitage, da s\u00e6ttets robuste konstruktion garanterer modstandsdygtighed over for ridser og sk\u00e5r, s\u00e5 det bevarer sit uber\u00f8rte udseende over tid. L\u00f8ft dit fitnesscenters identitet med tilpasningsmuligheder, s\u00e5 du kan tilf\u00f8je dit logo og v\u00e6lge tilpassede farver. De pr\u00e6cisionsfremstillede urethanv\u00e6gte sikrer en j\u00e6vn p\u00e5- og afl\u00e6sning af pladerne, hvilket g\u00f8r tr\u00e6ningen ensartet og pr\u00e6cis. Sikkerhed og bekvemmelighed er i h\u00f8js\u00e6det takket v\u00e6re den medf\u00f8lgende 140 cm lange v\u00e6gtstang og fjederhalsb\u00e5nd, der giver sikre tr\u00e6ningssessioner. Omfavn alsidig tr\u00e6ning med Evolve Urethane Studio Pump Set, der passer til en bred vifte af \u00f8velser og fitnessniveauer.<\/p>\n","protected":false},"featured_media":105054,"template":"","meta":{"_acf_changed":false,"inline_featured_image":false},"product_brand":[],"product_cat":[13066,5233],"product_tag":[],"class_list":{"0":"post-105046","1":"product","2":"type-product","3":"status-publish","4":"has-post-thumbnail","6":"product_cat-bar-saet","7":"product_cat-studio-da","9":"first","10":"instock","11":"shipping-taxable","12":"purchasable","13":"product-type-simple"},"acf":{"long_title":"Evolve Urethane Studio Pump Set (GT-UPS)","subtitle":"","specifications":[{"label":"VARENUMMER","text_value":"EV-GT-UPS","icon":"x"}],"product_frequently_asked_questions":null},"yoast_head":"<!-- This site is optimized with the Yoast SEO plugin v27.4 - https:\/\/yoast.com\/product\/yoast-seo-wordpress\/ -->\n<title>Evolve Urethane Studio Pump Set (GT-UPS) - Evolve<\/title>\n<meta name=\"description\" content=\"Oplev enest\u00e5ende tr\u00e6ning med Evolve Urethane Studio Pump Set - 19,5 kg, et h\u00f8jdepunkt af holdbarhed og ydeevne.\" \/>\n<meta name=\"robots\" content=\"index, follow, max-snippet:-1, max-image-preview:large, max-video-preview:-1\" \/>\n<link rel=\"canonical\" href=\"https:\/\/evolve-fitness.eu\/da\/vare\/evolve-urethane-kropspumpe-saet\/\" \/>\n<meta property=\"og:locale\" content=\"da_DK\" \/>\n<meta property=\"og:type\" content=\"article\" \/>\n<meta property=\"og:title\" content=\"Evolve Urethane Studio Pump Set (GT-UPS) - Evolve\" \/>\n<meta property=\"og:description\" content=\"Oplev enest\u00e5ende tr\u00e6ning med Evolve Urethane Studio Pump Set - 19,5 kg, et h\u00f8jdepunkt af holdbarhed og ydeevne.\" \/>\n<meta property=\"og:url\" content=\"https:\/\/evolve-fitness.eu\/da\/vare\/evolve-urethane-kropspumpe-saet\/\" \/>\n<meta property=\"og:site_name\" content=\"Evolve\" \/>\n<meta property=\"article:publisher\" content=\"https:\/\/www.facebook.com\/EvolveFitnessEurope\" \/>\n<meta property=\"article:modified_time\" content=\"2026-04-09T12:21:05+00:00\" \/>\n<meta property=\"og:image\" content=\"https:\/\/evolve-fitness.eu\/wp-content\/uploads\/2023\/09\/Evolve-Body-Pump.png\" \/>\n\t<meta property=\"og:image:width\" content=\"680\" \/>\n\t<meta property=\"og:image:height\" content=\"600\" \/>\n\t<meta property=\"og:image:type\" content=\"image\/png\" \/>\n<meta name=\"twitter:card\" content=\"summary_large_image\" \/>\n<script type=\"application\/ld+json\" class=\"yoast-schema-graph\">{\"@context\":\"https:\\\/\\\/schema.org\",\"@graph\":[{\"@type\":\"WebPage\",\"@id\":\"https:\\\/\\\/evolve-fitness.eu\\\/da\\\/vare\\\/evolve-urethane-kropspumpe-saet\\\/\",\"url\":\"https:\\\/\\\/evolve-fitness.eu\\\/da\\\/vare\\\/evolve-urethane-kropspumpe-saet\\\/\",\"name\":\"Evolve Urethane Studio Pump Set (GT-UPS) - Evolve\",\"isPartOf\":{\"@id\":\"https:\\\/\\\/evolve-fitness.eu\\\/da\\\/#website\"},\"primaryImageOfPage\":{\"@id\":\"https:\\\/\\\/evolve-fitness.eu\\\/da\\\/vare\\\/evolve-urethane-kropspumpe-saet\\\/#primaryimage\"},\"image\":{\"@id\":\"https:\\\/\\\/evolve-fitness.eu\\\/da\\\/vare\\\/evolve-urethane-kropspumpe-saet\\\/#primaryimage\"},\"thumbnailUrl\":\"https:\\\/\\\/evolve-fitness.eu\\\/wp-content\\\/uploads\\\/2023\\\/09\\\/Evolve-Body-Pump.png\",\"datePublished\":\"2023-12-18T12:04:19+00:00\",\"dateModified\":\"2026-04-09T12:21:05+00:00\",\"description\":\"Oplev enest\u00e5ende tr\u00e6ning med Evolve Urethane Studio Pump Set - 19,5 kg, et h\u00f8jdepunkt af holdbarhed og ydeevne.\",\"breadcrumb\":{\"@id\":\"https:\\\/\\\/evolve-fitness.eu\\\/da\\\/vare\\\/evolve-urethane-kropspumpe-saet\\\/#breadcrumb\"},\"inLanguage\":\"da-DK\",\"potentialAction\":[{\"@type\":\"ReadAction\",\"target\":[\"https:\\\/\\\/evolve-fitness.eu\\\/da\\\/vare\\\/evolve-urethane-kropspumpe-saet\\\/\"]}]},{\"@type\":\"ImageObject\",\"inLanguage\":\"da-DK\",\"@id\":\"https:\\\/\\\/evolve-fitness.eu\\\/da\\\/vare\\\/evolve-urethane-kropspumpe-saet\\\/#primaryimage\",\"url\":\"https:\\\/\\\/evolve-fitness.eu\\\/wp-content\\\/uploads\\\/2023\\\/09\\\/Evolve-Body-Pump.png\",\"contentUrl\":\"https:\\\/\\\/evolve-fitness.eu\\\/wp-content\\\/uploads\\\/2023\\\/09\\\/Evolve-Body-Pump.png\",\"width\":680,\"height\":600,\"caption\":\"EV-GT-UPS\"},{\"@type\":\"BreadcrumbList\",\"@id\":\"https:\\\/\\\/evolve-fitness.eu\\\/da\\\/vare\\\/evolve-urethane-kropspumpe-saet\\\/#breadcrumb\",\"itemListElement\":[{\"@type\":\"ListItem\",\"position\":1,\"name\":\"Home\",\"item\":\"https:\\\/\\\/evolve-fitness.eu\\\/da\\\/\"},{\"@type\":\"ListItem\",\"position\":2,\"name\":\"Produkter\",\"item\":\"https:\\\/\\\/evolve-fitness.eu\\\/da\\\/shop\\\/\"},{\"@type\":\"ListItem\",\"position\":3,\"name\":\"Evolve Urethane Studio Pump Set (GT-UPS)\"}]},{\"@type\":\"WebSite\",\"@id\":\"https:\\\/\\\/evolve-fitness.eu\\\/da\\\/#website\",\"url\":\"https:\\\/\\\/evolve-fitness.eu\\\/da\\\/\",\"name\":\"Evolve\",\"description\":\"Your Evolved Gear Arrived\",\"publisher\":{\"@id\":\"https:\\\/\\\/evolve-fitness.eu\\\/da\\\/#organization\"},\"potentialAction\":[{\"@type\":\"SearchAction\",\"target\":{\"@type\":\"EntryPoint\",\"urlTemplate\":\"https:\\\/\\\/evolve-fitness.eu\\\/da\\\/?s={search_term_string}\"},\"query-input\":{\"@type\":\"PropertyValueSpecification\",\"valueRequired\":true,\"valueName\":\"search_term_string\"}}],\"inLanguage\":\"da-DK\"},{\"@type\":\"Organization\",\"@id\":\"https:\\\/\\\/evolve-fitness.eu\\\/da\\\/#organization\",\"name\":\"Evolve\",\"url\":\"https:\\\/\\\/evolve-fitness.eu\\\/da\\\/\",\"logo\":{\"@type\":\"ImageObject\",\"inLanguage\":\"da-DK\",\"@id\":\"https:\\\/\\\/evolve-fitness.eu\\\/da\\\/#\\\/schema\\\/logo\\\/image\\\/\",\"url\":\"https:\\\/\\\/evolve-fitness.eu\\\/wp-content\\\/uploads\\\/2023\\\/05\\\/Evolve-logo.svg\",\"contentUrl\":\"https:\\\/\\\/evolve-fitness.eu\\\/wp-content\\\/uploads\\\/2023\\\/05\\\/Evolve-logo.svg\",\"width\":176,\"height\":20,\"caption\":\"Evolve\"},\"image\":{\"@id\":\"https:\\\/\\\/evolve-fitness.eu\\\/da\\\/#\\\/schema\\\/logo\\\/image\\\/\"},\"sameAs\":[\"https:\\\/\\\/www.facebook.com\\\/EvolveFitnessEurope\"]}]}<\/script>\n<!-- \/ Yoast SEO plugin. -->","yoast_head_json":{"title":"Evolve Urethane Studio Pump Set (GT-UPS) - Evolve","description":"Oplev enest\u00e5ende tr\u00e6ning med Evolve Urethane Studio Pump Set - 19,5 kg, et h\u00f8jdepunkt af holdbarhed og ydeevne.","robots":{"index":"index","follow":"follow","max-snippet":"max-snippet:-1","max-image-preview":"max-image-preview:large","max-video-preview":"max-video-preview:-1"},"canonical":"https:\/\/evolve-fitness.eu\/da\/vare\/evolve-urethane-kropspumpe-saet\/","og_locale":"da_DK","og_type":"article","og_title":"Evolve Urethane Studio Pump Set (GT-UPS) - Evolve","og_description":"Oplev enest\u00e5ende tr\u00e6ning med Evolve Urethane Studio Pump Set - 19,5 kg, et h\u00f8jdepunkt af holdbarhed og ydeevne.","og_url":"https:\/\/evolve-fitness.eu\/da\/vare\/evolve-urethane-kropspumpe-saet\/","og_site_name":"Evolve","article_publisher":"https:\/\/www.facebook.com\/EvolveFitnessEurope","article_modified_time":"2026-04-09T12:21:05+00:00","og_image":[{"width":680,"height":600,"url":"https:\/\/evolve-fitness.eu\/wp-content\/uploads\/2023\/09\/Evolve-Body-Pump.png","type":"image\/png"}],"twitter_card":"summary_large_image","schema":{"@context":"https:\/\/schema.org","@graph":[{"@type":"WebPage","@id":"https:\/\/evolve-fitness.eu\/da\/vare\/evolve-urethane-kropspumpe-saet\/","url":"https:\/\/evolve-fitness.eu\/da\/vare\/evolve-urethane-kropspumpe-saet\/","name":"Evolve Urethane Studio Pump Set (GT-UPS) - Evolve","isPartOf":{"@id":"https:\/\/evolve-fitness.eu\/da\/#website"},"primaryImageOfPage":{"@id":"https:\/\/evolve-fitness.eu\/da\/vare\/evolve-urethane-kropspumpe-saet\/#primaryimage"},"image":{"@id":"https:\/\/evolve-fitness.eu\/da\/vare\/evolve-urethane-kropspumpe-saet\/#primaryimage"},"thumbnailUrl":"https:\/\/evolve-fitness.eu\/wp-content\/uploads\/2023\/09\/Evolve-Body-Pump.png","datePublished":"2023-12-18T12:04:19+00:00","dateModified":"2026-04-09T12:21:05+00:00","description":"Oplev enest\u00e5ende tr\u00e6ning med Evolve Urethane Studio Pump Set - 19,5 kg, et h\u00f8jdepunkt af holdbarhed og ydeevne.","breadcrumb":{"@id":"https:\/\/evolve-fitness.eu\/da\/vare\/evolve-urethane-kropspumpe-saet\/#breadcrumb"},"inLanguage":"da-DK","potentialAction":[{"@type":"ReadAction","target":["https:\/\/evolve-fitness.eu\/da\/vare\/evolve-urethane-kropspumpe-saet\/"]}]},{"@type":"ImageObject","inLanguage":"da-DK","@id":"https:\/\/evolve-fitness.eu\/da\/vare\/evolve-urethane-kropspumpe-saet\/#primaryimage","url":"https:\/\/evolve-fitness.eu\/wp-content\/uploads\/2023\/09\/Evolve-Body-Pump.png","contentUrl":"https:\/\/evolve-fitness.eu\/wp-content\/uploads\/2023\/09\/Evolve-Body-Pump.png","width":680,"height":600,"caption":"EV-GT-UPS"},{"@type":"BreadcrumbList","@id":"https:\/\/evolve-fitness.eu\/da\/vare\/evolve-urethane-kropspumpe-saet\/#breadcrumb","itemListElement":[{"@type":"ListItem","position":1,"name":"Home","item":"https:\/\/evolve-fitness.eu\/da\/"},{"@type":"ListItem","position":2,"name":"Produkter","item":"https:\/\/evolve-fitness.eu\/da\/shop\/"},{"@type":"ListItem","position":3,"name":"Evolve Urethane Studio Pump Set (GT-UPS)"}]},{"@type":"WebSite","@id":"https:\/\/evolve-fitness.eu\/da\/#website","url":"https:\/\/evolve-fitness.eu\/da\/","name":"Evolve","description":"Your Evolved Gear Arrived","publisher":{"@id":"https:\/\/evolve-fitness.eu\/da\/#organization"},"potentialAction":[{"@type":"SearchAction","target":{"@type":"EntryPoint","urlTemplate":"https:\/\/evolve-fitness.eu\/da\/?s={search_term_string}"},"query-input":{"@type":"PropertyValueSpecification","valueRequired":true,"valueName":"search_term_string"}}],"inLanguage":"da-DK"},{"@type":"Organization","@id":"https:\/\/evolve-fitness.eu\/da\/#organization","name":"Evolve","url":"https:\/\/evolve-fitness.eu\/da\/","logo":{"@type":"ImageObject","inLanguage":"da-DK","@id":"https:\/\/evolve-fitness.eu\/da\/#\/schema\/logo\/image\/","url":"https:\/\/evolve-fitness.eu\/wp-content\/uploads\/2023\/05\/Evolve-logo.svg","contentUrl":"https:\/\/evolve-fitness.eu\/wp-content\/uploads\/2023\/05\/Evolve-logo.svg","width":176,"height":20,"caption":"Evolve"},"image":{"@id":"https:\/\/evolve-fitness.eu\/da\/#\/schema\/logo\/image\/"},"sameAs":["https:\/\/www.facebook.com\/EvolveFitnessEurope"]}]}},"_links":{"self":[{"href":"https:\/\/evolve-fitness.eu\/da\/wp-json\/wp\/v2\/product\/105046","targetHints":{"allow":["GET"]}}],"collection":[{"href":"https:\/\/evolve-fitness.eu\/da\/wp-json\/wp\/v2\/product"}],"about":[{"href":"https:\/\/evolve-fitness.eu\/da\/wp-json\/wp\/v2\/types\/product"}],"wp:featuredmedia":[{"embeddable":true,"href":"https:\/\/evolve-fitness.eu\/da\/wp-json\/wp\/v2\/media\/105054"}],"wp:attachment":[{"href":"https:\/\/evolve-fitness.eu\/da\/wp-json\/wp\/v2\/media?parent=105046"}],"wp:term":[{"taxonomy":"product_brand","embeddable":true,"href":"https:\/\/evolve-fitness.eu\/da\/wp-json\/wp\/v2\/product_brand?post=105046"},{"taxonomy":"product_cat","embeddable":true,"href":"https:\/\/evolve-fitness.eu\/da\/wp-json\/wp\/v2\/product_cat?post=105046"},{"taxonomy":"product_tag","embeddable":true,"href":"https:\/\/evolve-fitness.eu\/da\/wp-json\/wp\/v2\/product_tag?post=105046"}],"curies":[{"name":"wp","href":"https:\/\/api.w.org\/{rel}","templated":true}]}}