{"id":171081,"date":"2025-01-06T13:56:35","date_gmt":"2025-01-06T13:56:35","guid":{"rendered":"https:\/\/evolve-fitness.eu\/product\/evolve-ultra-series-selectorized-iso-lateral-biceps-curl\/"},"modified":"2026-03-26T11:25:40","modified_gmt":"2026-03-26T09:25:40","slug":"evolve-ultra-series-selectorized-iso-lateral-biceps-curl","status":"publish","type":"product","link":"https:\/\/evolve-fitness.eu\/da\/vare\/evolve-ultra-series-selectorized-iso-lateral-biceps-curl\/","title":{"rendered":"Evolve Ultra Series Selectorized Iso Lateral Biceps Curl (UL-310)"},"content":{"rendered":"\n<section class=\"wp-block-group alignfull has-lightgray-background-color has-background is-layout-constrained wp-block-group-is-layout-constrained\">\n<div class=\"wp-block-columns alignwide is-layout-flex wp-container-core-columns-is-layout-2edb0647 wp-block-columns-is-layout-flex\" style=\"margin-top:0;margin-bottom:0\">\n<div class=\"wp-block-column is-layout-flow wp-block-column-is-layout-flow\" style=\"flex-basis:33.33%\"><\/div>\n\n\n\n<div class=\"wp-block-column is-layout-flow wp-block-column-is-layout-flow\" style=\"flex-basis:66.66%\"><\/div>\n<\/div>\n<\/section>\n\n<section class=\"wp-block-group alignfull black-content has-white-color has-darkgray-background-color has-text-color has-background is-layout-constrained wp-block-group-is-layout-constrained\" style=\"padding-top:var(--wp--preset--spacing--section-bottom);padding-bottom:var(--wp--preset--spacing--section-bottom)\">\n<section class=\"wp-block-group alignfull black-content has-white-color has-darkgray-background-color has-text-color has-background is-layout-constrained wp-block-group-is-layout-constrained\" style=\"margin-bottom:0;padding-top:var(--wp--preset--spacing--tb-padding);padding-bottom:var(--wp--preset--spacing--tb-padding)\">\n<div class=\"wp-block-columns alignwide mobile-reverse is-layout-flex wp-container-core-columns-is-layout-7a02faa9 wp-block-columns-is-layout-flex\" style=\"margin-bottom:var(--wp--preset--spacing--tb-section-padding)\">\n<div class=\"wp-block-column is-vertically-aligned-center is-layout-flow wp-block-column-is-layout-flow\">\n<h3 class=\"wp-block-heading\" style=\"margin-bottom:var(--wp--preset--spacing--h-3-bottom)\"><strong><strong><strong><strong><strong><strong><strong><strong><strong>Tr\u00e6ning af pr\u00e6cisionsarme<\/strong><\/strong><\/strong><\/strong><\/strong><\/strong><\/strong><\/strong><\/strong><\/h3>\n\n\n\n<p><strong><em><strong><strong><strong><strong><strong><strong>Isol\u00e9r og opbyg biceps med kontrollerede bev\u00e6gelser<\/strong><\/strong><\/strong><\/strong><\/strong><\/strong><\/em><\/strong><\/p>\n\n\n\n<p>Evolve Ultra Series Selectorized Iso-Lateral Biceps Curl er designet til at levere pr\u00e6cis bicepsaktivering for effektivt muskelengagement og afbalanceret udvikling af overkroppen. Den uafh\u00e6ngige armbev\u00e6gelse g\u00f8r det muligt for hver arm at arbejde separat, hvilket hj\u00e6lper med at forbedre styrkesymmetrien og den overordnede muskeldefinition. Med justerbar modstand og et ergonomisk design, der underst\u00f8tter korrekt tilpasning og reducerer belastningen af leddene, er denne maskine velegnet til brugere p\u00e5 alle fitnessniveauer. Den er et fremragende valg til at opbygge armstyrke, forbedre \u00e6stetikken og opn\u00e5 effektiv overkropstr\u00e6ning.   <\/p>\n<\/div>\n\n\n\n<div class=\"wp-block-column is-vertically-aligned-center is-layout-flow wp-block-column-is-layout-flow\">\n<figure class=\"wp-block-image size-full is-style-rounded\"><img loading=\"lazy\" decoding=\"async\" width=\"2060\" height=\"1373\" src=\"https:\/\/evolve-fitness.eu\/wp-content\/uploads\/2025\/01\/A7_04918.jpg\" alt=\"\" class=\"wp-image-225938\" srcset=\"https:\/\/evolve-fitness.eu\/wp-content\/uploads\/2025\/01\/A7_04918.jpg 2060w, https:\/\/evolve-fitness.eu\/wp-content\/uploads\/2025\/01\/A7_04918-300x200.jpg 300w, https:\/\/evolve-fitness.eu\/wp-content\/uploads\/2025\/01\/A7_04918-1024x683.jpg 1024w, https:\/\/evolve-fitness.eu\/wp-content\/uploads\/2025\/01\/A7_04918-150x100.jpg 150w, https:\/\/evolve-fitness.eu\/wp-content\/uploads\/2025\/01\/A7_04918-768x512.jpg 768w, https:\/\/evolve-fitness.eu\/wp-content\/uploads\/2025\/01\/A7_04918-1536x1024.jpg 1536w, https:\/\/evolve-fitness.eu\/wp-content\/uploads\/2025\/01\/A7_04918-2048x1365.jpg 2048w, https:\/\/evolve-fitness.eu\/wp-content\/uploads\/2025\/01\/A7_04918-600x400.jpg 600w, https:\/\/evolve-fitness.eu\/wp-content\/uploads\/2025\/01\/A7_04918-225x150.jpg 225w\" sizes=\"auto, (max-width: 2060px) 100vw, 2060px\" \/><\/figure>\n<\/div>\n<\/div>\n\n\n\n<div class=\"wp-block-columns alignwide is-layout-flex wp-container-core-columns-is-layout-c45ee707 wp-block-columns-is-layout-flex\" style=\"margin-bottom:var(--wp--preset--spacing--side-padding);padding-top:var(--wp--preset--spacing--side-padding)\">\n<div class=\"wp-block-column is-vertically-aligned-center is-layout-flow wp-block-column-is-layout-flow\">\n<figure class=\"wp-block-video\"><video height=\"1080\" style=\"aspect-ratio: 1920 \/ 1080;\" width=\"1920\" autoplay=\"\" controls=\"\" loop=\"\" muted=\"\" src=\"https:\/\/evolve-fitness.eu\/wp-content\/uploads\/2023\/08\/UL-040-Moulded-Seats-Precise-Seat-Adjustments.mp4\"><\/video><\/figure>\n<\/div>\n\n\n\n<div class=\"wp-block-column is-vertically-aligned-center is-layout-flow wp-block-column-is-layout-flow\">\n<h3 class=\"wp-block-heading\" style=\"margin-bottom:var(--wp--preset--spacing--h-3-bottom)\">Formst\u00f8bte s\u00e6der og pr\u00e6cise s\u00e6dejusteringer<\/h3>\n\n\n\n<p><strong><em>Dobbelt syet polstring<\/em><\/strong><\/p>\n\n\n\n<p style=\"margin-bottom:var(--wp--preset--spacing--tb-section-padding)\">Evolve Ultra Series Selectorized Iso-Lateral Biceps Curl har et formst\u00f8bt s\u00e6de med dobbeltsyet betr\u00e6k, der er designet til at give enest\u00e5ende holdbarhed, komfort og langvarig ydeevne. S\u00e6det er konstrueret med henblik p\u00e5 ergonomisk rygst\u00f8tte og passer komfortabelt til brugere af forskellig st\u00f8rrelse, mens PU-puderne af h\u00f8j kvalitet giver fremragende holdbarhed, komfort, nem vedligeholdelse og en hygiejnisk tr\u00e6ningsoverflade. Med et hydraulisk justeringssystem kan s\u00e6deh\u00f8jden justeres j\u00e6vnt med \u00e9n h\u00e5nd for maksimal bekvemmelighed. Med 18 s\u00e6deindstillinger giver maskinen brugerne mulighed for at finde den ideelle tr\u00e6ningsposition til sikker, komfortabel og effektiv tr\u00e6ning.   <\/p>\n<\/div>\n<\/div>\n<\/section>\n\n\n\n<div class=\"wp-block-columns alignwide are-vertically-aligned-center mobile-reverse is-layout-flex wp-container-core-columns-is-layout-e8158c2f wp-block-columns-is-layout-flex\" style=\"padding-top:var(--wp--preset--spacing--side-padding)\">\n<div class=\"wp-block-column is-vertically-aligned-center is-layout-flow wp-block-column-is-layout-flow\">\n<h3 class=\"wp-block-heading\" style=\"margin-bottom:var(--wp--preset--spacing--h-3-bottom)\"><strong>Justerbar vinkel p\u00e5 rygl\u00e6n<\/strong><\/h3>\n\n\n\n<p><strong><em><strong><em>Meget effektiv tr\u00e6ningsoplevelse<\/em><\/strong><\/em><\/strong><\/p>\n\n\n\n<p style=\"margin-bottom:var(--wp--preset--spacing--tb-section-padding)\">Evolve Ultra Series Selectorized Iso-Lateral Biceps Curl-maskine er designet til at give en behagelig og yderst effektiv tr\u00e6ningsoplevelse. Den har 5 justeringspositioner for rygl\u00e6net, s\u00e5 brugerne kan tilpasse maskinen til deres kropsproportioner, tr\u00e6ningsvinkel og personlige pr\u00e6ferencer. Denne grad af justerbarhed er med til at sikre den ideelle tr\u00e6ningsposition for maksimal komfort, korrekt st\u00f8tte og effektiv bicepsaktivering.  <br\/><\/p>\n<\/div>\n\n\n\n<div class=\"wp-block-column is-vertically-aligned-center is-layout-flow wp-block-column-is-layout-flow\">\n<figure class=\"wp-block-image size-full is-resized is-style-rounded\"><img loading=\"lazy\" decoding=\"async\" width=\"664\" height=\"371\" src=\"https:\/\/evolve-fitness.eu\/wp-content\/uploads\/2025\/01\/Screenshot-2025-04-09-113456.png\" alt=\"\" class=\"wp-image-225942\" style=\"aspect-ratio:1.789790675146359;width:847px;height:auto\" srcset=\"https:\/\/evolve-fitness.eu\/wp-content\/uploads\/2025\/01\/Screenshot-2025-04-09-113456.png 664w, https:\/\/evolve-fitness.eu\/wp-content\/uploads\/2025\/01\/Screenshot-2025-04-09-113456-300x168.png 300w, https:\/\/evolve-fitness.eu\/wp-content\/uploads\/2025\/01\/Screenshot-2025-04-09-113456-150x84.png 150w, https:\/\/evolve-fitness.eu\/wp-content\/uploads\/2025\/01\/Screenshot-2025-04-09-113456-600x335.png 600w, https:\/\/evolve-fitness.eu\/wp-content\/uploads\/2025\/01\/Screenshot-2025-04-09-113456-268x150.png 268w\" sizes=\"auto, (max-width: 664px) 100vw, 664px\" \/><\/figure>\n<\/div>\n<\/div>\n\n\n\n<div class=\"wp-block-columns alignwide are-vertically-aligned-center mobile-reverse is-layout-flex wp-container-core-columns-is-layout-e8158c2f wp-block-columns-is-layout-flex\" style=\"padding-top:var(--wp--preset--spacing--side-padding)\">\n<div class=\"wp-block-column is-vertically-aligned-center is-layout-flow wp-block-column-is-layout-flow\">\n<figure class=\"wp-block-video\"><video height=\"1080\" style=\"aspect-ratio: 1920 \/ 1080;\" width=\"1920\" autoplay=\"\" controls=\"\" loop=\"\" muted=\"\" src=\"https:\/\/evolve-fitness.eu\/wp-content\/uploads\/2023\/08\/UL-040-Weight-Stack.mp4\"><\/video><\/figure>\n<\/div>\n\n\n\n<div class=\"wp-block-column is-vertically-aligned-center is-layout-flow wp-block-column-is-layout-flow\">\n<h3 class=\"wp-block-heading\" style=\"margin-bottom:var(--wp--preset--spacing--h-3-bottom)\"><strong>V\u00e6gtstabel<\/strong><\/h3>\n\n\n\n<p>Evolve Ultra Series Selectorized Iso-Lateral Biceps Curl er en f\u00f8rsteklasses kommerciel tr\u00e6ningsmaskine, der er konstrueret til pr\u00e6cis biceps-isolering, j\u00e6vn modstand og overlegen tr\u00e6ningskomfort. Med en samlet v\u00e6gt p\u00e5 232 kg leverer den enest\u00e5ende holdbarhed og stabilitet, mens den valgfri opgradering af v\u00e6gtstakken p\u00e5 80 kg giver en endnu mere intens og udfordrende tr\u00e6ningsoplevelse. Den fuldt indkapslede v\u00e6gtstabel \u00f8ger brugersikkerheden og giver maskinen et elegant, professionelt udseende, hvilket g\u00f8r den til en ideel tilf\u00f8jelse til ethvert eksklusivt fitnesscenter eller tr\u00e6ningslokale.  <br\/><\/p>\n<\/div>\n<\/div>\n\n\n\n<div class=\"wp-block-columns alignwide is-layout-flex wp-container-core-columns-is-layout-c45ee707 wp-block-columns-is-layout-flex\" style=\"margin-bottom:var(--wp--preset--spacing--side-padding);padding-top:var(--wp--preset--spacing--side-padding)\">\n<div class=\"wp-block-column is-vertically-aligned-center is-layout-flow wp-block-column-is-layout-flow\">\n<h3 class=\"wp-block-heading\" style=\"margin-bottom:var(--wp--preset--spacing--h-3-bottom)\">Kabel<\/h3>\n\n\n\n<p><strong><em>Overlegen kvalitet<\/em><\/strong><\/p>\n\n\n\n<p style=\"margin-bottom:var(--wp--preset--spacing--tb-section-padding)\">Evolve Ultra Series-maskiner er udstyret med f\u00f8rsteklasses kabler, der er designet til enest\u00e5ende styrke, holdbarhed og j\u00e6vn ydelse. Hvert kabel har seks hovedstrenge, hvor hver streng best\u00e5r af 19 snoede tr\u00e5de, en bel\u00e6gning af polyamid 12 (PA12) og en diameter p\u00e5 5 mm. Med en brudkraft p\u00e5 9000 kN er disse kabler bygget til at opfylde kravene til professionel kommerciel brug. Uanset om du udf\u00f8rer bicepscurls, brystpres, lat pulldowns eller andre styrketr\u00e6nings\u00f8velser, sikrer kablerne i Evolve Ultra Series j\u00e6vn bev\u00e6gelse og ensartet modstand for en p\u00e5lidelig, effektiv og behagelig tr\u00e6ningsoplevelse.   <\/p>\n<\/div>\n\n\n\n<div class=\"wp-block-column is-vertically-aligned-center is-layout-flow wp-block-column-is-layout-flow\">\n<figure class=\"wp-block-video\"><video height=\"720\" style=\"aspect-ratio: 1280 \/ 720;\" width=\"1280\" autoplay=\"\" controls=\"\" loop=\"\" muted=\"\" src=\"https:\/\/evolve-fitness.eu\/wp-content\/uploads\/2023\/10\/Evolve-cable.mp4\"><\/video><\/figure>\n<\/div>\n<\/div>\n\n\n\n<div class=\"wp-block-columns alignwide are-vertically-aligned-center mobile-reverse is-layout-flex wp-container-core-columns-is-layout-e8158c2f wp-block-columns-is-layout-flex\" style=\"padding-top:var(--wp--preset--spacing--side-padding)\">\n<div class=\"wp-block-column is-vertically-aligned-center is-layout-flow wp-block-column-is-layout-flow\">\n<figure class=\"wp-block-video\"><video height=\"720\" style=\"aspect-ratio: 1280 \/ 720;\" width=\"1280\" autoplay=\"\" controls=\"\" loop=\"\" muted=\"\" src=\"https:\/\/evolve-fitness.eu\/wp-content\/uploads\/2023\/10\/Evolve-Double-powder-coated-Frame.mp4\"><\/video><\/figure>\n<\/div>\n\n\n\n<div class=\"wp-block-column is-vertically-aligned-center is-layout-flow wp-block-column-is-layout-flow\">\n<h3 class=\"wp-block-heading\" style=\"margin-bottom:var(--wp--preset--spacing--h-3-bottom)\"><strong>Dobbelt pulverlakeret ramme<\/strong><\/h3>\n\n\n\n<p><strong><em>Forebyggelse af skader<\/em><\/strong><\/p>\n\n\n\n<p>Evolve Ultra Series styrkemaskiner har en elektrostatisk pulverlakeret perlesort mat ramme, der kombinerer f\u00f8rsteklasses \u00e6stetik med enest\u00e5ende holdbarhed. Den raffinerede matte finish giver hver maskine et slankt, moderne udseende, mens dens friktionsbestandige, korrosionsbeskyttende og ridsefaste egenskaber sikrer p\u00e5lidelig langsigtet ydeevne i professionelle tr\u00e6ningsmilj\u00f8er. <\/p>\n<\/div>\n<\/div>\n<\/section>\n","protected":false},"excerpt":{"rendered":"<p>Evolve Ultra Series Selectorized Iso-Lateral Biceps Curl (EV-SC-UL-310) er en f\u00f8rsteklasses fitnessmaskine, der er designet til at levere pr\u00e6cis og effektiv bicepstr\u00e6ning. Denne maskine er bygget med henblik p\u00e5 holdbarhed og j\u00e6vn ydeevne og giver brugerne mulighed for at isolere og styrke deres armmuskler med kontrollerede og afbalancerede bev\u00e6gelser. Uanset om du er nybegynder eller avanceret atlet, er Iso-Lateral Biceps Curl perfekt til at opn\u00e5 muskelsymmetri, \u00f8ge styrken og forfine armdefinitionen.  <\/p>\n","protected":false},"featured_media":170791,"template":"","meta":{"_acf_changed":false,"inline_featured_image":false},"product_brand":[],"product_cat":[2556,3843],"product_tag":[],"class_list":{"0":"post-171081","1":"product","2":"type-product","3":"status-publish","4":"has-post-thumbnail","6":"product_cat-selekterede-maskiner","7":"product_cat-ultra-series-maskiner-med-valgfri-funktion","9":"first","10":"instock","11":"shipping-taxable","12":"purchasable","13":"product-type-simple"},"acf":{"long_title":"Evolve Ultra Series Selectorized Iso Lateral Biceps Curl (UL-310)","subtitle":"","specifications":[{"label":"VARENUMMER","text_value":"EV-SC-UL-310","icon":"x"},{"label":"Dimensioner","text_value":"1500 x 1325 x 1602 mm","icon":"x"},{"label":"V\u00e6gt","text_value":"232 kg","icon":"x"},{"label":"V\u00e6gtstabel","text_value":"85 kg","icon":"x"},{"label":"\u00d8verste v\u00e6gtskive","text_value":"2 x 2,5 kg","icon":"x"},{"label":"Maks. brugerv\u00e6gt","text_value":"180 kg","icon":"x"},{"label":"Ramme tykkelse","text_value":"3 mm","icon":"x"},{"label":"\u00d8verste v\u00e6gtskive  ","text_value":"180 kg","icon":"v"},{"label":"Justerbar tr\u00e6ningsposition","text_value":"3 mm","icon":"v"},{"label":"Magnetisk v\u00e6gtstang","text_value":"","icon":"v"},{"label":"Skilt med tr\u00e6ningsinstruktioner  ","text_value":"2 \u00e5r","icon":"v"},{"label":"Indkapslet v\u00e6gtstabel","text_value":"","icon":"v"},{"label":"Holdbare gulvbeskyttere","text_value":"2 \u00e5r","icon":"v"},{"label":"Korrosionsbeskyttende maling  ","text_value":"2 \u00e5r","icon":"v"},{"label":"Tyk polstring betrukket med PU-l\u00e6der","text_value":"","icon":"v"},{"label":"Nylonkabel","text_value":"","icon":"v"},{"label":"Skridsikre h\u00e5ndtag","text_value":"","icon":"v"},{"label":"Vandflaske og etui til tilbeh\u00f8r","text_value":"2 \u00e5r","icon":"v"},{"label":"Garanti  ","text_value":"2 \u00e5r","icon":"x"}]},"yoast_head":"<!-- This site is optimized with the Yoast SEO plugin v26.6 - https:\/\/yoast.com\/wordpress\/plugins\/seo\/ -->\n<title>Evolve Ultra Series Selectorized Iso Lateral Biceps Curl (UL-310) - Evolve<\/title>\n<meta name=\"description\" content=\"Evolve Ultra Series Selectorized Iso-Lateral Biceps Curl (EV-SC-UL-310) er en f\u00f8rsteklasses kommerciel styrkemaskine designet til pr\u00e6cis og effektiv biceps\" \/>\n<meta name=\"robots\" content=\"index, follow, max-snippet:-1, max-image-preview:large, max-video-preview:-1\" \/>\n<link rel=\"canonical\" href=\"https:\/\/evolve-fitness.eu\/da\/vare\/evolve-ultra-series-selectorized-iso-lateral-biceps-curl\/\" \/>\n<meta property=\"og:locale\" content=\"da_DK\" \/>\n<meta property=\"og:type\" content=\"article\" \/>\n<meta property=\"og:title\" content=\"Evolve Ultra Series Selectorized Iso Lateral Biceps Curl (UL-310) - Evolve\" \/>\n<meta property=\"og:description\" content=\"Evolve Ultra Series Selectorized Iso-Lateral Biceps Curl (EV-SC-UL-310) er en f\u00f8rsteklasses kommerciel styrkemaskine designet til pr\u00e6cis og effektiv biceps\" \/>\n<meta property=\"og:url\" content=\"https:\/\/evolve-fitness.eu\/da\/vare\/evolve-ultra-series-selectorized-iso-lateral-biceps-curl\/\" \/>\n<meta property=\"og:site_name\" content=\"Evolve\" \/>\n<meta property=\"article:publisher\" content=\"https:\/\/www.facebook.com\/EvolveFitnessEurope\" \/>\n<meta property=\"article:modified_time\" content=\"2026-03-26T09:25:40+00:00\" \/>\n<meta property=\"og:image\" content=\"https:\/\/evolve-fitness.eu\/wp-content\/uploads\/2025\/01\/EV-SC-UL-310-Evolve-Ultra-Series-Selectorized-Iso-Lateral-Biceps-Curl.png\" \/>\n\t<meta property=\"og:image:width\" content=\"680\" \/>\n\t<meta property=\"og:image:height\" content=\"600\" \/>\n\t<meta property=\"og:image:type\" content=\"image\/png\" \/>\n<meta name=\"twitter:card\" content=\"summary_large_image\" \/>\n<script type=\"application\/ld+json\" class=\"yoast-schema-graph\">{\"@context\":\"https:\/\/schema.org\",\"@graph\":[{\"@type\":\"WebPage\",\"@id\":\"https:\/\/evolve-fitness.eu\/da\/vare\/evolve-ultra-series-selectorized-iso-lateral-biceps-curl\/\",\"url\":\"https:\/\/evolve-fitness.eu\/da\/vare\/evolve-ultra-series-selectorized-iso-lateral-biceps-curl\/\",\"name\":\"Evolve Ultra Series Selectorized Iso Lateral Biceps Curl (UL-310) - Evolve\",\"isPartOf\":{\"@id\":\"https:\/\/evolve-fitness.eu\/da\/#website\"},\"primaryImageOfPage\":{\"@id\":\"https:\/\/evolve-fitness.eu\/da\/vare\/evolve-ultra-series-selectorized-iso-lateral-biceps-curl\/#primaryimage\"},\"image\":{\"@id\":\"https:\/\/evolve-fitness.eu\/da\/vare\/evolve-ultra-series-selectorized-iso-lateral-biceps-curl\/#primaryimage\"},\"thumbnailUrl\":\"https:\/\/evolve-fitness.eu\/wp-content\/uploads\/2025\/01\/EV-SC-UL-310-Evolve-Ultra-Series-Selectorized-Iso-Lateral-Biceps-Curl.png\",\"datePublished\":\"2025-01-06T13:56:35+00:00\",\"dateModified\":\"2026-03-26T09:25:40+00:00\",\"description\":\"Evolve Ultra Series Selectorized Iso-Lateral Biceps Curl (EV-SC-UL-310) er en f\u00f8rsteklasses kommerciel styrkemaskine designet til pr\u00e6cis og effektiv biceps\",\"breadcrumb\":{\"@id\":\"https:\/\/evolve-fitness.eu\/da\/vare\/evolve-ultra-series-selectorized-iso-lateral-biceps-curl\/#breadcrumb\"},\"inLanguage\":\"da-DK\",\"potentialAction\":[{\"@type\":\"ReadAction\",\"target\":[\"https:\/\/evolve-fitness.eu\/da\/vare\/evolve-ultra-series-selectorized-iso-lateral-biceps-curl\/\"]}]},{\"@type\":\"ImageObject\",\"inLanguage\":\"da-DK\",\"@id\":\"https:\/\/evolve-fitness.eu\/da\/vare\/evolve-ultra-series-selectorized-iso-lateral-biceps-curl\/#primaryimage\",\"url\":\"https:\/\/evolve-fitness.eu\/wp-content\/uploads\/2025\/01\/EV-SC-UL-310-Evolve-Ultra-Series-Selectorized-Iso-Lateral-Biceps-Curl.png\",\"contentUrl\":\"https:\/\/evolve-fitness.eu\/wp-content\/uploads\/2025\/01\/EV-SC-UL-310-Evolve-Ultra-Series-Selectorized-Iso-Lateral-Biceps-Curl.png\",\"width\":680,\"height\":600,\"caption\":\"EV-SC-UL-310\"},{\"@type\":\"BreadcrumbList\",\"@id\":\"https:\/\/evolve-fitness.eu\/da\/vare\/evolve-ultra-series-selectorized-iso-lateral-biceps-curl\/#breadcrumb\",\"itemListElement\":[{\"@type\":\"ListItem\",\"position\":1,\"name\":\"Home\",\"item\":\"https:\/\/evolve-fitness.eu\/da\/\"},{\"@type\":\"ListItem\",\"position\":2,\"name\":\"Produkter\",\"item\":\"https:\/\/evolve-fitness.eu\/da\/shop\/\"},{\"@type\":\"ListItem\",\"position\":3,\"name\":\"Evolve Ultra Series Selectorized Iso Lateral Biceps Curl (UL-310)\"}]},{\"@type\":\"WebSite\",\"@id\":\"https:\/\/evolve-fitness.eu\/da\/#website\",\"url\":\"https:\/\/evolve-fitness.eu\/da\/\",\"name\":\"Evolve\",\"description\":\"Your Evolved Gear Arrived\",\"publisher\":{\"@id\":\"https:\/\/evolve-fitness.eu\/da\/#organization\"},\"potentialAction\":[{\"@type\":\"SearchAction\",\"target\":{\"@type\":\"EntryPoint\",\"urlTemplate\":\"https:\/\/evolve-fitness.eu\/da\/?s={search_term_string}\"},\"query-input\":{\"@type\":\"PropertyValueSpecification\",\"valueRequired\":true,\"valueName\":\"search_term_string\"}}],\"inLanguage\":\"da-DK\"},{\"@type\":\"Organization\",\"@id\":\"https:\/\/evolve-fitness.eu\/da\/#organization\",\"name\":\"Evolve\",\"url\":\"https:\/\/evolve-fitness.eu\/da\/\",\"logo\":{\"@type\":\"ImageObject\",\"inLanguage\":\"da-DK\",\"@id\":\"https:\/\/evolve-fitness.eu\/da\/#\/schema\/logo\/image\/\",\"url\":\"https:\/\/evolve-fitness.eu\/wp-content\/uploads\/2023\/05\/Evolve-logo.svg\",\"contentUrl\":\"https:\/\/evolve-fitness.eu\/wp-content\/uploads\/2023\/05\/Evolve-logo.svg\",\"width\":176,\"height\":20,\"caption\":\"Evolve\"},\"image\":{\"@id\":\"https:\/\/evolve-fitness.eu\/da\/#\/schema\/logo\/image\/\"},\"sameAs\":[\"https:\/\/www.facebook.com\/EvolveFitnessEurope\"]}]}<\/script>\n<!-- \/ Yoast SEO plugin. -->","yoast_head_json":{"title":"Evolve Ultra Series Selectorized Iso Lateral Biceps Curl (UL-310) - Evolve","description":"Evolve Ultra Series Selectorized Iso-Lateral Biceps Curl (EV-SC-UL-310) er en f\u00f8rsteklasses kommerciel styrkemaskine designet til pr\u00e6cis og effektiv biceps","robots":{"index":"index","follow":"follow","max-snippet":"max-snippet:-1","max-image-preview":"max-image-preview:large","max-video-preview":"max-video-preview:-1"},"canonical":"https:\/\/evolve-fitness.eu\/da\/vare\/evolve-ultra-series-selectorized-iso-lateral-biceps-curl\/","og_locale":"da_DK","og_type":"article","og_title":"Evolve Ultra Series Selectorized Iso Lateral Biceps Curl (UL-310) - Evolve","og_description":"Evolve Ultra Series Selectorized Iso-Lateral Biceps Curl (EV-SC-UL-310) er en f\u00f8rsteklasses kommerciel styrkemaskine designet til pr\u00e6cis og effektiv biceps","og_url":"https:\/\/evolve-fitness.eu\/da\/vare\/evolve-ultra-series-selectorized-iso-lateral-biceps-curl\/","og_site_name":"Evolve","article_publisher":"https:\/\/www.facebook.com\/EvolveFitnessEurope","article_modified_time":"2026-03-26T09:25:40+00:00","og_image":[{"width":680,"height":600,"url":"https:\/\/evolve-fitness.eu\/wp-content\/uploads\/2025\/01\/EV-SC-UL-310-Evolve-Ultra-Series-Selectorized-Iso-Lateral-Biceps-Curl.png","type":"image\/png"}],"twitter_card":"summary_large_image","schema":{"@context":"https:\/\/schema.org","@graph":[{"@type":"WebPage","@id":"https:\/\/evolve-fitness.eu\/da\/vare\/evolve-ultra-series-selectorized-iso-lateral-biceps-curl\/","url":"https:\/\/evolve-fitness.eu\/da\/vare\/evolve-ultra-series-selectorized-iso-lateral-biceps-curl\/","name":"Evolve Ultra Series Selectorized Iso Lateral Biceps Curl (UL-310) - Evolve","isPartOf":{"@id":"https:\/\/evolve-fitness.eu\/da\/#website"},"primaryImageOfPage":{"@id":"https:\/\/evolve-fitness.eu\/da\/vare\/evolve-ultra-series-selectorized-iso-lateral-biceps-curl\/#primaryimage"},"image":{"@id":"https:\/\/evolve-fitness.eu\/da\/vare\/evolve-ultra-series-selectorized-iso-lateral-biceps-curl\/#primaryimage"},"thumbnailUrl":"https:\/\/evolve-fitness.eu\/wp-content\/uploads\/2025\/01\/EV-SC-UL-310-Evolve-Ultra-Series-Selectorized-Iso-Lateral-Biceps-Curl.png","datePublished":"2025-01-06T13:56:35+00:00","dateModified":"2026-03-26T09:25:40+00:00","description":"Evolve Ultra Series Selectorized Iso-Lateral Biceps Curl (EV-SC-UL-310) er en f\u00f8rsteklasses kommerciel styrkemaskine designet til pr\u00e6cis og effektiv biceps","breadcrumb":{"@id":"https:\/\/evolve-fitness.eu\/da\/vare\/evolve-ultra-series-selectorized-iso-lateral-biceps-curl\/#breadcrumb"},"inLanguage":"da-DK","potentialAction":[{"@type":"ReadAction","target":["https:\/\/evolve-fitness.eu\/da\/vare\/evolve-ultra-series-selectorized-iso-lateral-biceps-curl\/"]}]},{"@type":"ImageObject","inLanguage":"da-DK","@id":"https:\/\/evolve-fitness.eu\/da\/vare\/evolve-ultra-series-selectorized-iso-lateral-biceps-curl\/#primaryimage","url":"https:\/\/evolve-fitness.eu\/wp-content\/uploads\/2025\/01\/EV-SC-UL-310-Evolve-Ultra-Series-Selectorized-Iso-Lateral-Biceps-Curl.png","contentUrl":"https:\/\/evolve-fitness.eu\/wp-content\/uploads\/2025\/01\/EV-SC-UL-310-Evolve-Ultra-Series-Selectorized-Iso-Lateral-Biceps-Curl.png","width":680,"height":600,"caption":"EV-SC-UL-310"},{"@type":"BreadcrumbList","@id":"https:\/\/evolve-fitness.eu\/da\/vare\/evolve-ultra-series-selectorized-iso-lateral-biceps-curl\/#breadcrumb","itemListElement":[{"@type":"ListItem","position":1,"name":"Home","item":"https:\/\/evolve-fitness.eu\/da\/"},{"@type":"ListItem","position":2,"name":"Produkter","item":"https:\/\/evolve-fitness.eu\/da\/shop\/"},{"@type":"ListItem","position":3,"name":"Evolve Ultra Series Selectorized Iso Lateral Biceps Curl (UL-310)"}]},{"@type":"WebSite","@id":"https:\/\/evolve-fitness.eu\/da\/#website","url":"https:\/\/evolve-fitness.eu\/da\/","name":"Evolve","description":"Your Evolved Gear Arrived","publisher":{"@id":"https:\/\/evolve-fitness.eu\/da\/#organization"},"potentialAction":[{"@type":"SearchAction","target":{"@type":"EntryPoint","urlTemplate":"https:\/\/evolve-fitness.eu\/da\/?s={search_term_string}"},"query-input":{"@type":"PropertyValueSpecification","valueRequired":true,"valueName":"search_term_string"}}],"inLanguage":"da-DK"},{"@type":"Organization","@id":"https:\/\/evolve-fitness.eu\/da\/#organization","name":"Evolve","url":"https:\/\/evolve-fitness.eu\/da\/","logo":{"@type":"ImageObject","inLanguage":"da-DK","@id":"https:\/\/evolve-fitness.eu\/da\/#\/schema\/logo\/image\/","url":"https:\/\/evolve-fitness.eu\/wp-content\/uploads\/2023\/05\/Evolve-logo.svg","contentUrl":"https:\/\/evolve-fitness.eu\/wp-content\/uploads\/2023\/05\/Evolve-logo.svg","width":176,"height":20,"caption":"Evolve"},"image":{"@id":"https:\/\/evolve-fitness.eu\/da\/#\/schema\/logo\/image\/"},"sameAs":["https:\/\/www.facebook.com\/EvolveFitnessEurope"]}]}},"_links":{"self":[{"href":"https:\/\/evolve-fitness.eu\/da\/wp-json\/wp\/v2\/product\/171081","targetHints":{"allow":["GET"]}}],"collection":[{"href":"https:\/\/evolve-fitness.eu\/da\/wp-json\/wp\/v2\/product"}],"about":[{"href":"https:\/\/evolve-fitness.eu\/da\/wp-json\/wp\/v2\/types\/product"}],"wp:featuredmedia":[{"embeddable":true,"href":"https:\/\/evolve-fitness.eu\/da\/wp-json\/wp\/v2\/media\/170791"}],"wp:attachment":[{"href":"https:\/\/evolve-fitness.eu\/da\/wp-json\/wp\/v2\/media?parent=171081"}],"wp:term":[{"taxonomy":"product_brand","embeddable":true,"href":"https:\/\/evolve-fitness.eu\/da\/wp-json\/wp\/v2\/product_brand?post=171081"},{"taxonomy":"product_cat","embeddable":true,"href":"https:\/\/evolve-fitness.eu\/da\/wp-json\/wp\/v2\/product_cat?post=171081"},{"taxonomy":"product_tag","embeddable":true,"href":"https:\/\/evolve-fitness.eu\/da\/wp-json\/wp\/v2\/product_tag?post=171081"}],"curies":[{"name":"wp","href":"https:\/\/api.w.org\/{rel}","templated":true}]}}