{"id":176394,"date":"2025-01-28T13:48:52","date_gmt":"2025-01-28T13:48:52","guid":{"rendered":"https:\/\/evolve-fitness.eu\/product\/evolve-boksesaek-i-kunstlaeder-100-cm-180-cm\/"},"modified":"2025-02-06T13:04:30","modified_gmt":"2025-02-06T13:04:30","slug":"evolve-boksesaek-i-kunstlaeder-100-cm-180-cm","status":"publish","type":"product","link":"https:\/\/evolve-fitness.eu\/da\/vare\/evolve-boksesaek-i-kunstlaeder-100-cm-180-cm\/","title":{"rendered":"Evolve bokses\u00e6k i kunstl\u00e6der 100 CM \/ 180 CM"},"content":{"rendered":"\n<section class=\"wp-block-group alignfull black-content has-white-color has-darkgray-background-color has-text-color has-background is-layout-constrained wp-block-group-is-layout-constrained\" style=\"padding-top:var(--wp--preset--spacing--section-bottom);padding-bottom:var(--wp--preset--spacing--section-bottom)\">\n<div class=\"wp-block-columns alignwide mobile-reverse is-layout-flex wp-container-core-columns-is-layout-ca64bf2d wp-block-columns-is-layout-flex\" style=\"margin-bottom:var(--wp--preset--spacing--side-padding)\">\n<div class=\"wp-block-column is-vertically-aligned-center is-layout-flow wp-block-column-is-layout-flow\">\n<h3 class=\"wp-block-heading\" style=\"margin-bottom:var(--wp--preset--spacing--h-3-bottom)\"><strong><strong>F\u00f8rsteklasses konstruktion<\/strong><\/strong><\/h3>\n\n\n\n<p style=\"margin-bottom:var(--wp--preset--spacing--tb-section-padding)\">Det inderste lag er fremstillet af PVC-belagt v\u00e6vet l\u00e6rred, mens det yderste lag har ultratykt kunstl\u00e6der for \u00f8get holdbarhed. Bokses\u00e6kken har en <strong>ekstra tyk v\u00e6g i flere lag,<\/strong> som sikrer, at den forbliver glat og modstandsdygtig over for deformation, selv efter lang tids brug. Alle s\u00f8mme er syet <strong>flere gange<\/strong> for at forhindre rivning og sikre langvarig ydeevne.  <\/p>\n<\/div>\n\n\n\n<div class=\"wp-block-column is-vertically-aligned-center is-layout-flow wp-block-column-is-layout-flow\">\n<figure class=\"wp-block-image size-large\"><img loading=\"lazy\" decoding=\"async\" width=\"1024\" height=\"728\" src=\"https:\/\/evolve-fitness.eu\/wp-content\/uploads\/2025\/01\/IMG_5850-1024x728.png\" alt=\"\" class=\"wp-image-176736\" srcset=\"https:\/\/evolve-fitness.eu\/wp-content\/uploads\/2025\/01\/IMG_5850-1024x728.png 1024w, https:\/\/evolve-fitness.eu\/wp-content\/uploads\/2025\/01\/IMG_5850-300x213.png 300w, https:\/\/evolve-fitness.eu\/wp-content\/uploads\/2025\/01\/IMG_5850-150x107.png 150w, https:\/\/evolve-fitness.eu\/wp-content\/uploads\/2025\/01\/IMG_5850-768x546.png 768w, https:\/\/evolve-fitness.eu\/wp-content\/uploads\/2025\/01\/IMG_5850-1536x1092.png 1536w, https:\/\/evolve-fitness.eu\/wp-content\/uploads\/2025\/01\/IMG_5850-2048x1455.png 2048w, https:\/\/evolve-fitness.eu\/wp-content\/uploads\/2025\/01\/IMG_5850-600x426.png 600w, https:\/\/evolve-fitness.eu\/wp-content\/uploads\/2025\/01\/IMG_5850-211x150.png 211w\" sizes=\"auto, (max-width: 1024px) 100vw, 1024px\" \/><\/figure>\n<\/div>\n<\/div>\n\n\n\n<div class=\"wp-block-columns alignwide is-layout-flex wp-container-core-columns-is-layout-c45ee707 wp-block-columns-is-layout-flex\" style=\"margin-bottom:var(--wp--preset--spacing--side-padding);padding-top:var(--wp--preset--spacing--side-padding)\">\n<div class=\"wp-block-column is-vertically-aligned-center is-layout-flow wp-block-column-is-layout-flow\">\n<figure class=\"wp-block-image size-large\"><img loading=\"lazy\" decoding=\"async\" width=\"1024\" height=\"684\" src=\"https:\/\/evolve-fitness.eu\/wp-content\/uploads\/2025\/01\/SaveClip.App_474237713_18386456146128446_2497216198967624731_n-1024x684.jpg\" alt=\"\" class=\"wp-image-176761\" srcset=\"https:\/\/evolve-fitness.eu\/wp-content\/uploads\/2025\/01\/SaveClip.App_474237713_18386456146128446_2497216198967624731_n-1024x684.jpg 1024w, https:\/\/evolve-fitness.eu\/wp-content\/uploads\/2025\/01\/SaveClip.App_474237713_18386456146128446_2497216198967624731_n-300x200.jpg 300w, https:\/\/evolve-fitness.eu\/wp-content\/uploads\/2025\/01\/SaveClip.App_474237713_18386456146128446_2497216198967624731_n-150x100.jpg 150w, https:\/\/evolve-fitness.eu\/wp-content\/uploads\/2025\/01\/SaveClip.App_474237713_18386456146128446_2497216198967624731_n-768x513.jpg 768w, https:\/\/evolve-fitness.eu\/wp-content\/uploads\/2025\/01\/SaveClip.App_474237713_18386456146128446_2497216198967624731_n-600x401.jpg 600w, https:\/\/evolve-fitness.eu\/wp-content\/uploads\/2025\/01\/SaveClip.App_474237713_18386456146128446_2497216198967624731_n-225x150.jpg 225w, https:\/\/evolve-fitness.eu\/wp-content\/uploads\/2025\/01\/SaveClip.App_474237713_18386456146128446_2497216198967624731_n.jpg 1080w\" sizes=\"auto, (max-width: 1024px) 100vw, 1024px\" \/><\/figure>\n<\/div>\n\n\n\n<div class=\"wp-block-column is-vertically-aligned-center is-layout-flow wp-block-column-is-layout-flow\">\n<h3 class=\"wp-block-heading\" style=\"margin-bottom:var(--wp--preset--spacing--h-3-bottom)\"><strong>Mulighed for brugerdefineret branding<\/strong><\/h3>\n\n\n\n<p>G\u00f8r bokses\u00e6kken personlig med <strong>dit fitnesscenters logo<\/strong> for et professionelt og branded look. <strong>Tilg\u00e6ngelige st\u00f8rrelser:<\/strong> 100 CM \/ 180 CM &#8211; velegnet til forskellige tr\u00e6ningsbehov, fra begyndere til professionelle atleter.  <\/p>\n\n\n\n<p>Denne <strong>bokses\u00e6k<\/strong> er perfekt til <strong>boksning, kickboksning, MMA og generel fitnesstr\u00e6ning<\/strong> og giver et ensartet, p\u00e5lideligt underlag til tr\u00e6ning af slagkraft og udholdenhed.<\/p>\n<\/div>\n<\/div>\n<\/section>\n","protected":false},"excerpt":{"rendered":"<p>S\u00e6kkens indre lag er lavet af PVC-belagt v\u00e6vet l\u00e6rred, og det ydre lag er lavet af meget tykt kunstl\u00e6der. Dette skaber en meget tyk v\u00e6g, s\u00e5 bokses\u00e6kken altid vil bevare et glat udseende, selv efter meget lang tids brug. Der er fire ekstra forst\u00e6rkede stropper med ringe p\u00e5 siden til oph\u00e6ngning af bokses\u00e6kken. Alle s\u00f8mme p\u00e5 bokses\u00e6kken er syet flere gange for at forhindre, at den g\u00e5r i stykker.   <\/p>\n","protected":false},"featured_media":176057,"template":"","meta":{"_acf_changed":false,"inline_featured_image":false},"product_brand":[],"product_cat":[2963,3882],"product_tag":[],"class_list":{"0":"post-176394","1":"product","2":"type-product","3":"status-publish","4":"has-post-thumbnail","6":"product_cat-tvaergaende-og-funktionel","7":"product_cat-funktionelt-udstyr","9":"first","10":"instock","11":"shipping-taxable","12":"purchasable","13":"product-type-variable"},"acf":{"long_title":"Evolve bokses\u00e6k i kunstl\u00e6der 100 CM \/ 180 CM","subtitle":"","specifications":[{"label":"VARENUMMER","text_value":"EV-BE-BB-100-AL","icon":"x"},{"label":"L\u00e6ngde","text_value":"100 cm \/ 180 cm","icon":"x"},{"label":"Diameter","text_value":"35 cm","icon":"x"}]},"yoast_head":"<!-- This site is optimized with the Yoast SEO plugin v26.6 - https:\/\/yoast.com\/wordpress\/plugins\/seo\/ -->\n<title>Evolve bokses\u00e6k i kunstl\u00e6der 100 CM \/ 180 CM - Evolve<\/title>\n<meta name=\"robots\" content=\"index, follow, max-snippet:-1, max-image-preview:large, max-video-preview:-1\" \/>\n<link rel=\"canonical\" href=\"https:\/\/evolve-fitness.eu\/da\/vare\/evolve-boksesaek-i-kunstlaeder-100-cm-180-cm\/\" \/>\n<meta property=\"og:locale\" content=\"da_DK\" \/>\n<meta property=\"og:type\" content=\"article\" \/>\n<meta property=\"og:title\" content=\"Evolve bokses\u00e6k i kunstl\u00e6der 100 CM \/ 180 CM - Evolve\" \/>\n<meta property=\"og:url\" content=\"https:\/\/evolve-fitness.eu\/da\/vare\/evolve-boksesaek-i-kunstlaeder-100-cm-180-cm\/\" \/>\n<meta property=\"og:site_name\" content=\"Evolve\" \/>\n<meta property=\"article:publisher\" content=\"https:\/\/www.facebook.com\/EvolveFitnessEurope\" \/>\n<meta property=\"article:modified_time\" content=\"2025-02-06T13:04:30+00:00\" \/>\n<meta property=\"og:image\" content=\"https:\/\/evolve-fitness.eu\/wp-content\/uploads\/2025\/01\/evolve-dirbtines-odos-bokso-maisas-180-cm-100-cm.png\" \/>\n\t<meta property=\"og:image:width\" content=\"680\" \/>\n\t<meta property=\"og:image:height\" content=\"600\" \/>\n\t<meta property=\"og:image:type\" content=\"image\/png\" \/>\n<meta name=\"twitter:card\" content=\"summary_large_image\" \/>\n<script type=\"application\/ld+json\" class=\"yoast-schema-graph\">{\"@context\":\"https:\/\/schema.org\",\"@graph\":[{\"@type\":\"WebPage\",\"@id\":\"https:\/\/evolve-fitness.eu\/da\/vare\/evolve-boksesaek-i-kunstlaeder-100-cm-180-cm\/\",\"url\":\"https:\/\/evolve-fitness.eu\/da\/vare\/evolve-boksesaek-i-kunstlaeder-100-cm-180-cm\/\",\"name\":\"Evolve bokses\u00e6k i kunstl\u00e6der 100 CM \/ 180 CM - Evolve\",\"isPartOf\":{\"@id\":\"https:\/\/evolve-fitness.eu\/da\/#website\"},\"primaryImageOfPage\":{\"@id\":\"https:\/\/evolve-fitness.eu\/da\/vare\/evolve-boksesaek-i-kunstlaeder-100-cm-180-cm\/#primaryimage\"},\"image\":{\"@id\":\"https:\/\/evolve-fitness.eu\/da\/vare\/evolve-boksesaek-i-kunstlaeder-100-cm-180-cm\/#primaryimage\"},\"thumbnailUrl\":\"https:\/\/evolve-fitness.eu\/wp-content\/uploads\/2025\/01\/evolve-dirbtines-odos-bokso-maisas-180-cm-100-cm.png\",\"datePublished\":\"2025-01-28T13:48:52+00:00\",\"dateModified\":\"2025-02-06T13:04:30+00:00\",\"breadcrumb\":{\"@id\":\"https:\/\/evolve-fitness.eu\/da\/vare\/evolve-boksesaek-i-kunstlaeder-100-cm-180-cm\/#breadcrumb\"},\"inLanguage\":\"da-DK\",\"potentialAction\":[{\"@type\":\"ReadAction\",\"target\":[\"https:\/\/evolve-fitness.eu\/da\/vare\/evolve-boksesaek-i-kunstlaeder-100-cm-180-cm\/\"]}]},{\"@type\":\"ImageObject\",\"inLanguage\":\"da-DK\",\"@id\":\"https:\/\/evolve-fitness.eu\/da\/vare\/evolve-boksesaek-i-kunstlaeder-100-cm-180-cm\/#primaryimage\",\"url\":\"https:\/\/evolve-fitness.eu\/wp-content\/uploads\/2025\/01\/evolve-dirbtines-odos-bokso-maisas-180-cm-100-cm.png\",\"contentUrl\":\"https:\/\/evolve-fitness.eu\/wp-content\/uploads\/2025\/01\/evolve-dirbtines-odos-bokso-maisas-180-cm-100-cm.png\",\"width\":680,\"height\":600},{\"@type\":\"BreadcrumbList\",\"@id\":\"https:\/\/evolve-fitness.eu\/da\/vare\/evolve-boksesaek-i-kunstlaeder-100-cm-180-cm\/#breadcrumb\",\"itemListElement\":[{\"@type\":\"ListItem\",\"position\":1,\"name\":\"Home\",\"item\":\"https:\/\/evolve-fitness.eu\/da\/\"},{\"@type\":\"ListItem\",\"position\":2,\"name\":\"Produkter\",\"item\":\"https:\/\/evolve-fitness.eu\/da\/shop\/\"},{\"@type\":\"ListItem\",\"position\":3,\"name\":\"Evolve bokses\u00e6k i kunstl\u00e6der 100 CM \/ 180 CM\"}]},{\"@type\":\"WebSite\",\"@id\":\"https:\/\/evolve-fitness.eu\/da\/#website\",\"url\":\"https:\/\/evolve-fitness.eu\/da\/\",\"name\":\"Evolve\",\"description\":\"Your Evolved Gear Arrived\",\"publisher\":{\"@id\":\"https:\/\/evolve-fitness.eu\/da\/#organization\"},\"potentialAction\":[{\"@type\":\"SearchAction\",\"target\":{\"@type\":\"EntryPoint\",\"urlTemplate\":\"https:\/\/evolve-fitness.eu\/da\/?s={search_term_string}\"},\"query-input\":{\"@type\":\"PropertyValueSpecification\",\"valueRequired\":true,\"valueName\":\"search_term_string\"}}],\"inLanguage\":\"da-DK\"},{\"@type\":\"Organization\",\"@id\":\"https:\/\/evolve-fitness.eu\/da\/#organization\",\"name\":\"Evolve\",\"url\":\"https:\/\/evolve-fitness.eu\/da\/\",\"logo\":{\"@type\":\"ImageObject\",\"inLanguage\":\"da-DK\",\"@id\":\"https:\/\/evolve-fitness.eu\/da\/#\/schema\/logo\/image\/\",\"url\":\"https:\/\/evolve-fitness.eu\/wp-content\/uploads\/2023\/05\/Evolve-logo.svg\",\"contentUrl\":\"https:\/\/evolve-fitness.eu\/wp-content\/uploads\/2023\/05\/Evolve-logo.svg\",\"width\":176,\"height\":20,\"caption\":\"Evolve\"},\"image\":{\"@id\":\"https:\/\/evolve-fitness.eu\/da\/#\/schema\/logo\/image\/\"},\"sameAs\":[\"https:\/\/www.facebook.com\/EvolveFitnessEurope\"]}]}<\/script>\n<!-- \/ Yoast SEO plugin. -->","yoast_head_json":{"title":"Evolve bokses\u00e6k i kunstl\u00e6der 100 CM \/ 180 CM - Evolve","robots":{"index":"index","follow":"follow","max-snippet":"max-snippet:-1","max-image-preview":"max-image-preview:large","max-video-preview":"max-video-preview:-1"},"canonical":"https:\/\/evolve-fitness.eu\/da\/vare\/evolve-boksesaek-i-kunstlaeder-100-cm-180-cm\/","og_locale":"da_DK","og_type":"article","og_title":"Evolve bokses\u00e6k i kunstl\u00e6der 100 CM \/ 180 CM - Evolve","og_url":"https:\/\/evolve-fitness.eu\/da\/vare\/evolve-boksesaek-i-kunstlaeder-100-cm-180-cm\/","og_site_name":"Evolve","article_publisher":"https:\/\/www.facebook.com\/EvolveFitnessEurope","article_modified_time":"2025-02-06T13:04:30+00:00","og_image":[{"width":680,"height":600,"url":"https:\/\/evolve-fitness.eu\/wp-content\/uploads\/2025\/01\/evolve-dirbtines-odos-bokso-maisas-180-cm-100-cm.png","type":"image\/png"}],"twitter_card":"summary_large_image","schema":{"@context":"https:\/\/schema.org","@graph":[{"@type":"WebPage","@id":"https:\/\/evolve-fitness.eu\/da\/vare\/evolve-boksesaek-i-kunstlaeder-100-cm-180-cm\/","url":"https:\/\/evolve-fitness.eu\/da\/vare\/evolve-boksesaek-i-kunstlaeder-100-cm-180-cm\/","name":"Evolve bokses\u00e6k i kunstl\u00e6der 100 CM \/ 180 CM - Evolve","isPartOf":{"@id":"https:\/\/evolve-fitness.eu\/da\/#website"},"primaryImageOfPage":{"@id":"https:\/\/evolve-fitness.eu\/da\/vare\/evolve-boksesaek-i-kunstlaeder-100-cm-180-cm\/#primaryimage"},"image":{"@id":"https:\/\/evolve-fitness.eu\/da\/vare\/evolve-boksesaek-i-kunstlaeder-100-cm-180-cm\/#primaryimage"},"thumbnailUrl":"https:\/\/evolve-fitness.eu\/wp-content\/uploads\/2025\/01\/evolve-dirbtines-odos-bokso-maisas-180-cm-100-cm.png","datePublished":"2025-01-28T13:48:52+00:00","dateModified":"2025-02-06T13:04:30+00:00","breadcrumb":{"@id":"https:\/\/evolve-fitness.eu\/da\/vare\/evolve-boksesaek-i-kunstlaeder-100-cm-180-cm\/#breadcrumb"},"inLanguage":"da-DK","potentialAction":[{"@type":"ReadAction","target":["https:\/\/evolve-fitness.eu\/da\/vare\/evolve-boksesaek-i-kunstlaeder-100-cm-180-cm\/"]}]},{"@type":"ImageObject","inLanguage":"da-DK","@id":"https:\/\/evolve-fitness.eu\/da\/vare\/evolve-boksesaek-i-kunstlaeder-100-cm-180-cm\/#primaryimage","url":"https:\/\/evolve-fitness.eu\/wp-content\/uploads\/2025\/01\/evolve-dirbtines-odos-bokso-maisas-180-cm-100-cm.png","contentUrl":"https:\/\/evolve-fitness.eu\/wp-content\/uploads\/2025\/01\/evolve-dirbtines-odos-bokso-maisas-180-cm-100-cm.png","width":680,"height":600},{"@type":"BreadcrumbList","@id":"https:\/\/evolve-fitness.eu\/da\/vare\/evolve-boksesaek-i-kunstlaeder-100-cm-180-cm\/#breadcrumb","itemListElement":[{"@type":"ListItem","position":1,"name":"Home","item":"https:\/\/evolve-fitness.eu\/da\/"},{"@type":"ListItem","position":2,"name":"Produkter","item":"https:\/\/evolve-fitness.eu\/da\/shop\/"},{"@type":"ListItem","position":3,"name":"Evolve bokses\u00e6k i kunstl\u00e6der 100 CM \/ 180 CM"}]},{"@type":"WebSite","@id":"https:\/\/evolve-fitness.eu\/da\/#website","url":"https:\/\/evolve-fitness.eu\/da\/","name":"Evolve","description":"Your Evolved Gear Arrived","publisher":{"@id":"https:\/\/evolve-fitness.eu\/da\/#organization"},"potentialAction":[{"@type":"SearchAction","target":{"@type":"EntryPoint","urlTemplate":"https:\/\/evolve-fitness.eu\/da\/?s={search_term_string}"},"query-input":{"@type":"PropertyValueSpecification","valueRequired":true,"valueName":"search_term_string"}}],"inLanguage":"da-DK"},{"@type":"Organization","@id":"https:\/\/evolve-fitness.eu\/da\/#organization","name":"Evolve","url":"https:\/\/evolve-fitness.eu\/da\/","logo":{"@type":"ImageObject","inLanguage":"da-DK","@id":"https:\/\/evolve-fitness.eu\/da\/#\/schema\/logo\/image\/","url":"https:\/\/evolve-fitness.eu\/wp-content\/uploads\/2023\/05\/Evolve-logo.svg","contentUrl":"https:\/\/evolve-fitness.eu\/wp-content\/uploads\/2023\/05\/Evolve-logo.svg","width":176,"height":20,"caption":"Evolve"},"image":{"@id":"https:\/\/evolve-fitness.eu\/da\/#\/schema\/logo\/image\/"},"sameAs":["https:\/\/www.facebook.com\/EvolveFitnessEurope"]}]}},"_links":{"self":[{"href":"https:\/\/evolve-fitness.eu\/da\/wp-json\/wp\/v2\/product\/176394","targetHints":{"allow":["GET"]}}],"collection":[{"href":"https:\/\/evolve-fitness.eu\/da\/wp-json\/wp\/v2\/product"}],"about":[{"href":"https:\/\/evolve-fitness.eu\/da\/wp-json\/wp\/v2\/types\/product"}],"wp:featuredmedia":[{"embeddable":true,"href":"https:\/\/evolve-fitness.eu\/da\/wp-json\/wp\/v2\/media\/176057"}],"wp:attachment":[{"href":"https:\/\/evolve-fitness.eu\/da\/wp-json\/wp\/v2\/media?parent=176394"}],"wp:term":[{"taxonomy":"product_brand","embeddable":true,"href":"https:\/\/evolve-fitness.eu\/da\/wp-json\/wp\/v2\/product_brand?post=176394"},{"taxonomy":"product_cat","embeddable":true,"href":"https:\/\/evolve-fitness.eu\/da\/wp-json\/wp\/v2\/product_cat?post=176394"},{"taxonomy":"product_tag","embeddable":true,"href":"https:\/\/evolve-fitness.eu\/da\/wp-json\/wp\/v2\/product_tag?post=176394"}],"curies":[{"name":"wp","href":"https:\/\/api.w.org\/{rel}","templated":true}]}}