{"id":19280,"date":"2023-10-05T06:45:53","date_gmt":"2023-10-05T06:45:53","guid":{"rendered":"https:\/\/evolve-fitness.eu\/product\/evolve-hi-temp-x-kofanger-vaegtskiver-5-25-kg\/"},"modified":"2024-07-18T06:18:32","modified_gmt":"2024-07-18T06:18:32","slug":"evolve-hi-temp-x-kofanger-vaegtskiver-5-25-kg","status":"publish","type":"product","link":"https:\/\/evolve-fitness.eu\/da\/vare\/evolve-hi-temp-x-kofanger-vaegtskiver-5-25-kg\/","title":{"rendered":"Evolve Hi-Temp X Kofanger V\u00e6gtskiver 5-25 kg"},"content":{"rendered":"\n<section class=\"wp-block-group alignfull has-lightgray-background-color has-background is-layout-constrained wp-block-group-is-layout-constrained\"><\/section>\n\n<section class=\"wp-block-group alignfull black-content has-white-color has-darkgray-background-color has-text-color has-background is-layout-constrained wp-block-group-is-layout-constrained\" style=\"padding-top:var(--wp--preset--spacing--section-bottom);padding-bottom:var(--wp--preset--spacing--section-bottom)\">\n<div class=\"wp-block-columns alignwide mobile-reverse is-layout-flex wp-container-core-columns-is-layout-ca64bf2d wp-block-columns-is-layout-flex\" style=\"margin-bottom:var(--wp--preset--spacing--side-padding)\">\n<div class=\"wp-block-column is-vertically-aligned-center is-layout-flow wp-block-column-is-layout-flow\">\n<h3 class=\"wp-block-heading\" style=\"margin-bottom:var(--wp--preset--spacing--h-3-bottom)\">PERFEKT PASFORM<\/h3>\n\n\n\n<p><em><strong>Garanteret uovertruffen ydeevne<\/strong><\/em><\/p>\n\n\n\n<p style=\"margin-bottom:var(--wp--preset--spacing--tb-section-padding)\">Oplev de perfekt tilpassede v\u00e6gtskiver, der er designet med pr\u00e6cisionsst\u00f8bning og hylstre i rustfrit st\u00e5l, der garanterer kompatibilitet med alle olympiske 50 mm st\u00e6nger. Vores v\u00e6gtskiver har ergonomiske, afrundede hylstre, som g\u00f8r det nemt at l\u00e6gge dem p\u00e5 og tage dem af, og den teksturerede gummioverflade sikrer et sikkert greb, selv med tunge v\u00e6gte. L\u00f8ft din tr\u00e6ningsoplevelse med vores f\u00f8rsteklasses fitnessudstyr.<\/p>\n<\/div>\n\n\n\n<div class=\"wp-block-column is-vertically-aligned-center is-layout-flow wp-block-column-is-layout-flow\">\n<figure class=\"wp-block-image size-large is-resized\"><img loading=\"lazy\" decoding=\"async\" width=\"1249\" height=\"702\" src=\"https:\/\/evolve-fitness.eu\/wp-content\/uploads\/2023\/10\/Evolve-Hi-Temp-X-Bumper-Weight-Plates-2-edited.png\" alt=\"\" class=\"wp-image-4234\" style=\"object-fit:cover;width:680px;height:600px\" srcset=\"https:\/\/evolve-fitness.eu\/wp-content\/uploads\/2023\/10\/Evolve-Hi-Temp-X-Bumper-Weight-Plates-2-edited.png 1249w, https:\/\/evolve-fitness.eu\/wp-content\/uploads\/2023\/10\/Evolve-Hi-Temp-X-Bumper-Weight-Plates-2-edited-300x169.png 300w, https:\/\/evolve-fitness.eu\/wp-content\/uploads\/2023\/10\/Evolve-Hi-Temp-X-Bumper-Weight-Plates-2-edited-267x150.png 267w, https:\/\/evolve-fitness.eu\/wp-content\/uploads\/2023\/10\/Evolve-Hi-Temp-X-Bumper-Weight-Plates-2-edited-600x337.png 600w, https:\/\/evolve-fitness.eu\/wp-content\/uploads\/2023\/10\/Evolve-Hi-Temp-X-Bumper-Weight-Plates-2-edited-1024x576.png 1024w, https:\/\/evolve-fitness.eu\/wp-content\/uploads\/2023\/10\/Evolve-Hi-Temp-X-Bumper-Weight-Plates-2-edited-150x84.png 150w, https:\/\/evolve-fitness.eu\/wp-content\/uploads\/2023\/10\/Evolve-Hi-Temp-X-Bumper-Weight-Plates-2-edited-768x432.png 768w\" sizes=\"auto, (max-width: 1249px) 100vw, 1249px\" \/><\/figure>\n<\/div>\n<\/div>\n\n\n\n<div class=\"wp-block-columns alignwide is-layout-flex wp-container-core-columns-is-layout-c45ee707 wp-block-columns-is-layout-flex\" style=\"margin-bottom:var(--wp--preset--spacing--side-padding);padding-top:var(--wp--preset--spacing--side-padding)\">\n<div class=\"wp-block-column is-vertically-aligned-center is-layout-flow wp-block-column-is-layout-flow\">\n<figure class=\"wp-block-image size-large\"><img loading=\"lazy\" decoding=\"async\" width=\"683\" height=\"1024\" src=\"https:\/\/evolve-fitness.eu\/wp-content\/uploads\/2023\/10\/A7_08262-1-683x1024.jpg\" alt=\"\" class=\"wp-image-9112\" srcset=\"https:\/\/evolve-fitness.eu\/wp-content\/uploads\/2023\/10\/A7_08262-1-683x1024.jpg 683w, https:\/\/evolve-fitness.eu\/wp-content\/uploads\/2023\/10\/A7_08262-1-300x450.jpg 300w, https:\/\/evolve-fitness.eu\/wp-content\/uploads\/2023\/10\/A7_08262-1-100x150.jpg 100w, https:\/\/evolve-fitness.eu\/wp-content\/uploads\/2023\/10\/A7_08262-1-600x900.jpg 600w, https:\/\/evolve-fitness.eu\/wp-content\/uploads\/2023\/10\/A7_08262-1-200x300.jpg 200w, https:\/\/evolve-fitness.eu\/wp-content\/uploads\/2023\/10\/A7_08262-1-768x1152.jpg 768w, https:\/\/evolve-fitness.eu\/wp-content\/uploads\/2023\/10\/A7_08262-1-1024x1536.jpg 1024w, https:\/\/evolve-fitness.eu\/wp-content\/uploads\/2023\/10\/A7_08262-1.jpg 1320w\" sizes=\"auto, (max-width: 683px) 100vw, 683px\" \/><\/figure>\n<\/div>\n\n\n\n<div class=\"wp-block-column is-vertically-aligned-center is-layout-constrained wp-block-column-is-layout-constrained\">\n<h3 class=\"wp-block-heading\" style=\"margin-bottom:var(--wp--preset--spacing--h-3-bottom)\">V\u00e6gtskiver, suppleret med et robust stativ<\/h3>\n\n\n\n<p>P<strong><em><strong><em>en dynamisk duo til v\u00e6gttr\u00e6ning<\/em><\/strong><\/em><\/strong> og en elegant \u00e6stetik<\/p>\n\n\n\n<p style=\"margin-bottom:var(--wp--preset--spacing--tb-section-padding)\">Disse plader, der er fremstillet af elastisk gummi, varierer i v\u00e6gt og passer til forskellige fitnessniveauer. Deres design sikrer en god pasform p\u00e5 olympiske st\u00e6nger med fokus p\u00e5 st\u00f8jreduktion og st\u00f8dabsorbering. Det medf\u00f8lgende stativ har et str\u00f8mlinet design og tilbyder en organiseret opbevaringsl\u00f8sning, der holder pladerne tilg\u00e6ngelige og tr\u00e6ningslokalet ryddeligt. Denne kombination forbedrer ethvert fitnesscenter og blander funktionalitet med en elegant \u00e6stetik.<\/p>\n<\/div>\n<\/div>\n\n\n\n<div class=\"wp-block-columns alignwide mobile-reverse is-layout-flex wp-container-core-columns-is-layout-ca64bf2d wp-block-columns-is-layout-flex\" style=\"margin-bottom:var(--wp--preset--spacing--side-padding)\">\n<div class=\"wp-block-column is-vertically-aligned-center is-layout-flow wp-block-column-is-layout-flow\">\n<h3 class=\"wp-block-heading\" style=\"margin-bottom:var(--wp--preset--spacing--h-3-bottom)\">Pladerne f\u00e5s i forskellige st\u00f8rrelser<\/h3>\n\n\n\n<p><em><strong><strong><em>Til forskellige styrkeniveauer og tr\u00e6ningsbehov<\/em><\/strong><\/strong><\/em><\/p>\n\n\n\n<p style=\"margin-bottom:var(--wp--preset--spacing--tb-section-padding)\">De mindre plader er perfekte til gradvis progression, s\u00e5 brugerne kan \u00f8ge deres l\u00f8ftev\u00e6gt i h\u00e5ndterbare trin. I mellemtiden henvender de st\u00f8rre plader sig til mere avancerede v\u00e6gtl\u00f8ftere, der \u00f8nsker betydelig modstand. Hver st\u00f8rrelse opretholder Evolve-m\u00e6rkets standard for kvalitet og holdbarhed med det samme gummimateriale og kompatibilitet med olympiske st\u00e6nger.<\/p>\n<\/div>\n\n\n\n<div class=\"wp-block-column is-vertically-aligned-center is-layout-flow wp-block-column-is-layout-flow\">\n<figure class=\"wp-block-gallery has-nested-images columns-default is-cropped wp-block-gallery-1 is-layout-flex wp-block-gallery-is-layout-flex\">\n<figure class=\"wp-block-image size-large\"><img loading=\"lazy\" decoding=\"async\" width=\"1024\" height=\"683\" data-id=\"9116\" src=\"https:\/\/evolve-fitness.eu\/wp-content\/uploads\/2023\/10\/A7_08265-1024x683.jpg\" alt=\"\" class=\"wp-image-9116\" srcset=\"https:\/\/evolve-fitness.eu\/wp-content\/uploads\/2023\/10\/A7_08265-1024x683.jpg 1024w, https:\/\/evolve-fitness.eu\/wp-content\/uploads\/2023\/10\/A7_08265-300x200.jpg 300w, https:\/\/evolve-fitness.eu\/wp-content\/uploads\/2023\/10\/A7_08265-225x150.jpg 225w, https:\/\/evolve-fitness.eu\/wp-content\/uploads\/2023\/10\/A7_08265-600x400.jpg 600w, https:\/\/evolve-fitness.eu\/wp-content\/uploads\/2023\/10\/A7_08265-150x100.jpg 150w, https:\/\/evolve-fitness.eu\/wp-content\/uploads\/2023\/10\/A7_08265-768x512.jpg 768w, https:\/\/evolve-fitness.eu\/wp-content\/uploads\/2023\/10\/A7_08265-1536x1024.jpg 1536w, https:\/\/evolve-fitness.eu\/wp-content\/uploads\/2023\/10\/A7_08265.jpg 1980w\" sizes=\"auto, (max-width: 1024px) 100vw, 1024px\" \/><\/figure>\n<\/figure>\n<\/div>\n<\/div>\n\n\n\n<div class=\"wp-block-columns alignwide is-layout-flex wp-container-core-columns-is-layout-c45ee707 wp-block-columns-is-layout-flex\" style=\"margin-bottom:var(--wp--preset--spacing--side-padding);padding-top:var(--wp--preset--spacing--side-padding)\">\n<div class=\"wp-block-column is-vertically-aligned-center is-layout-flow wp-block-column-is-layout-flow\">\n<figure class=\"wp-block-image size-large is-resized is-style-default\"><img loading=\"lazy\" decoding=\"async\" width=\"1024\" height=\"1024\" src=\"https:\/\/evolve-fitness.eu\/wp-content\/uploads\/2023\/10\/6KT8117-1024x1024.jpg\" alt=\"\" class=\"wp-image-4232\" style=\"object-fit:cover;width:680px;height:600px\" srcset=\"https:\/\/evolve-fitness.eu\/wp-content\/uploads\/2023\/10\/6KT8117-1024x1024.jpg 1024w, https:\/\/evolve-fitness.eu\/wp-content\/uploads\/2023\/10\/6KT8117-300x300.jpg 300w, https:\/\/evolve-fitness.eu\/wp-content\/uploads\/2023\/10\/6KT8117-150x150.jpg 150w, https:\/\/evolve-fitness.eu\/wp-content\/uploads\/2023\/10\/6KT8117-600x600.jpg 600w, https:\/\/evolve-fitness.eu\/wp-content\/uploads\/2023\/10\/6KT8117-768x768.jpg 768w, https:\/\/evolve-fitness.eu\/wp-content\/uploads\/2023\/10\/6KT8117.jpg 1365w\" sizes=\"auto, (max-width: 1024px) 100vw, 1024px\" \/><\/figure>\n<\/div>\n\n\n\n<div class=\"wp-block-column is-vertically-aligned-center is-layout-constrained wp-block-column-is-layout-constrained\">\n<h3 class=\"wp-block-heading\" style=\"margin-bottom:var(--wp--preset--spacing--h-3-bottom)\">BL\u00d8D BOUNCE OG ST\u00d8JREDUKTION<\/h3>\n\n\n\n<p><strong><em><strong><em>L\u00f8ft din pr\u00e6station<\/em><\/strong><\/em><\/strong><\/p>\n\n\n\n<p style=\"margin-bottom:var(--wp--preset--spacing--tb-section-padding)\">Oplev enest\u00e5ende st\u00f8dabsorbering og st\u00f8jreduktion under dine intense tr\u00e6ningspas med Evolve Crumb Bumper Plates. Disse plader er fremstillet af bl\u00f8dt, men holdbart gummi, og de har en f\u00f8rsteklasses d\u00e6mpningsevne, der sikrer dine gulve og dit udstyr. De er perfekte til b\u00e5de indend\u00f8rs og udend\u00f8rs brug og giver en sk\u00e5nsom, gulvvenlig l\u00f8sning til dine fitnessbehov.<\/p>\n<\/div>\n<\/div>\n\n\n\n<div class=\"wp-block-columns alignwide is-layout-flex wp-container-core-columns-is-layout-c45ee707 wp-block-columns-is-layout-flex\" style=\"margin-bottom:var(--wp--preset--spacing--side-padding);padding-top:var(--wp--preset--spacing--side-padding)\">\n<div class=\"wp-block-column is-vertically-aligned-center is-layout-flow wp-block-column-is-layout-flow\">\n<h3 class=\"wp-block-heading\" style=\"margin-bottom:var(--wp--preset--spacing--h-3-bottom)\">HOLDBARE LOGOFORME<\/h3>\n\n\n\n<p><em><strong>Holdbar og stilfuld<\/strong><\/em><\/p>\n\n\n\n<p>L\u00f8ft dit fitnessudstyr med Evolve Hi-Temp X Bumper v\u00e6gtskiver, hvor holdbarhed m\u00f8der stil. Vores tallerkener har et innovativt design med et logo og v\u00e6gtnumre, der ikke bare er trykt, men faktisk er infunderet og permanent st\u00f8bt ind i tallerkenens overflade. Denne unikke proces sikrer, at m\u00e6rkerne aldrig vil smitte af, falme eller forringes, s\u00e5 de bevarer deres fejlfri udseende under hele din fitnessrejse. Invester i udstyr, der kan holde til tid og tr\u00e6ning, og v\u00e6lg Evolve Hi-Temp X Bumper Weight Plates for uovertruffen holdbarhed og kvalitet i dit fitnessarsenal.<\/p>\n<\/div>\n\n\n\n<div class=\"wp-block-column is-vertically-aligned-center is-layout-flow wp-block-column-is-layout-flow\">\n<div class=\"wp-block-columns is-layout-flex wp-container-core-columns-is-layout-9d6595d7 wp-block-columns-is-layout-flex\">\n<div class=\"wp-block-column is-layout-flow wp-block-column-is-layout-flow\">\n<figure class=\"wp-block-image size-full is-resized is-style-default\"><img loading=\"lazy\" decoding=\"async\" width=\"382\" height=\"679\" src=\"https:\/\/evolve-fitness.eu\/wp-content\/uploads\/2023\/10\/evolve-Bumper-Weight-edited.jpg\" alt=\"\" class=\"wp-image-4230\" style=\"object-fit:cover;width:680px;height:600px\" srcset=\"https:\/\/evolve-fitness.eu\/wp-content\/uploads\/2023\/10\/evolve-Bumper-Weight-edited.jpg 382w, https:\/\/evolve-fitness.eu\/wp-content\/uploads\/2023\/10\/evolve-Bumper-Weight-edited-300x533.jpg 300w, https:\/\/evolve-fitness.eu\/wp-content\/uploads\/2023\/10\/evolve-Bumper-Weight-edited-84x150.jpg 84w, https:\/\/evolve-fitness.eu\/wp-content\/uploads\/2023\/10\/evolve-Bumper-Weight-edited-169x300.jpg 169w\" sizes=\"auto, (max-width: 382px) 100vw, 382px\" \/><\/figure>\n<\/div>\n<\/div>\n<\/div>\n<\/div>\n\n\n\n<div class=\"wp-block-columns alignwide is-layout-flex wp-container-core-columns-is-layout-c45ee707 wp-block-columns-is-layout-flex\" style=\"margin-bottom:var(--wp--preset--spacing--side-padding);padding-top:var(--wp--preset--spacing--side-padding)\">\n<div class=\"wp-block-column is-vertically-aligned-center is-layout-flow wp-block-column-is-layout-flow\">\n<figure class=\"wp-block-image size-large is-resized is-style-default\"><img loading=\"lazy\" decoding=\"async\" width=\"1024\" height=\"1024\" src=\"https:\/\/evolve-fitness.eu\/wp-content\/uploads\/2023\/10\/Measurments-1-1024x1024.png\" alt=\"\" class=\"wp-image-4258\" style=\"object-fit:cover;width:671px;height:592px\" srcset=\"https:\/\/evolve-fitness.eu\/wp-content\/uploads\/2023\/10\/Measurments-1-1024x1024.png 1024w, https:\/\/evolve-fitness.eu\/wp-content\/uploads\/2023\/10\/Measurments-1-300x300.png 300w, https:\/\/evolve-fitness.eu\/wp-content\/uploads\/2023\/10\/Measurments-1-150x150.png 150w, https:\/\/evolve-fitness.eu\/wp-content\/uploads\/2023\/10\/Measurments-1-600x600.png 600w, https:\/\/evolve-fitness.eu\/wp-content\/uploads\/2023\/10\/Measurments-1-768x768.png 768w, https:\/\/evolve-fitness.eu\/wp-content\/uploads\/2023\/10\/Measurments-1-1536x1536.png 1536w, https:\/\/evolve-fitness.eu\/wp-content\/uploads\/2023\/10\/Measurments-1-2048x2048.png 2048w\" sizes=\"auto, (max-width: 1024px) 100vw, 1024px\" \/><\/figure>\n<\/div>\n\n\n\n<div class=\"wp-block-column is-vertically-aligned-center is-layout-flow wp-block-column-is-layout-flow\">\n<h3 class=\"wp-block-heading\" style=\"margin-bottom:var(--wp--preset--spacing--h-3-bottom)\">Revolution\u00e9r din styrke  <\/h3>\n\n\n\n<p><strong><em>Tr\u00e6ning med Evolve X-kofangere<\/em><\/strong><\/p>\n\n\n\n<p>Evolve X Bumpers, nu med et banebrydende komprimeret gummidesign, der er tyndere end typiske bumpers. Denne innovation giver dig mulighed for at maksimere din v\u00e6gtstangs v\u00e6gtkapacitet og \u00f8ge den til imponerende 210 kg. L\u00f8ft din styrketr\u00e6ning med disse h\u00f8jtydende bumpers.<\/p>\n<\/div>\n<\/div>\n\n\n\n<figure class=\"wp-block-video\"><video height=\"1080\" style=\"aspect-ratio: 1920 \/ 1080;\" width=\"1920\" autoplay=\"\" controls=\"\" loop=\"\" muted=\"\" preload=\"auto\" src=\"https:\/\/evolve-fitness.eu\/wp-content\/uploads\/2023\/10\/5-360.mp4\"><\/video><\/figure>\n<\/section>\n","protected":false},"excerpt":{"rendered":"<p>Oplev de ultimative tr\u00e6ningsmakkere med Evolve Hi-Temp X Bumper-v\u00e6gtskiver fra 5 kg til 25 kg. Disse plader er fremstillet af slidst\u00e6rkt, komprimeret gummi og udm\u00e6rker sig ved st\u00f8dabsorbering og st\u00f8jreduktion, hvilket g\u00f8r dem ideelle til b\u00e5de private og kommercielle fitnesscentre. Deres bl\u00f8de hoppen og st\u00f8jreducerende egenskaber beskytter dine gulve og holder tr\u00e6ningen rolig. De er designet til at passe perfekt og har en rustfri st\u00e5lb\u00f8sning og pr\u00e6cis st\u00f8bning, s\u00e5 de uden problemer passer til alle olympiske 50 mm-st\u00e6nger. Med ergonomisk afrundede hylstre og strukturerede gummioverflader, der giver et sikkert greb, sikrer disse plader en problemfri l\u00f8fteoplevelse. L\u00f8ft din fitnessrejse med Evolves f\u00f8rsteklasses bumper-v\u00e6gtskiver.<\/p>\n","protected":false},"featured_media":19341,"template":"","meta":{"_acf_changed":false,"inline_featured_image":false},"product_brand":[],"product_cat":[1462,1467],"product_tag":[],"class_list":{"0":"post-19280","1":"product","2":"type-product","3":"status-publish","4":"has-post-thumbnail","6":"product_cat-frie-vaegte","7":"product_cat-vaegtskiver","9":"first","10":"instock","11":"shipping-taxable","12":"purchasable","13":"product-type-variable"},"acf":{"long_title":"Evolve Hi-Temp X Kofanger V\u00e6gtskiver 5-25 kg","subtitle":"","specifications":[{"label":"VARENUMMER","text_value":"EV-WP-BP","icon":"x"},{"label":"5 kg: Diameter - 450 mm; Tykkelse - 30 mm","text_value":"","icon":"v"},{"label":"10 kg: Diameter - 450 mm; Tykkelse - 45 mm","text_value":"","icon":"v"},{"label":"15 kg: Diameter - 450 mm; Tykkelse - 55 mm","text_value":"","icon":"v"},{"label":"20 kg: Diameter - 450 mm; Tykkelse - 70 mm","text_value":"","icon":"v"},{"label":"25 kg: Diameter - 450 mm; Tykkelse - 90 mm","text_value":"","icon":"v"}]},"yoast_head":"<!-- This site is optimized with the Yoast SEO plugin v26.6 - https:\/\/yoast.com\/wordpress\/plugins\/seo\/ -->\n<title>Evolve Hi-Temp X Kofanger V\u00e6gtskiver 5-25 kg - Evolve<\/title>\n<meta name=\"robots\" content=\"index, follow, max-snippet:-1, max-image-preview:large, max-video-preview:-1\" \/>\n<link rel=\"canonical\" href=\"https:\/\/evolve-fitness.eu\/da\/vare\/evolve-hi-temp-x-kofanger-vaegtskiver-5-25-kg\/\" \/>\n<meta property=\"og:locale\" content=\"da_DK\" \/>\n<meta property=\"og:type\" content=\"article\" \/>\n<meta property=\"og:title\" content=\"Evolve Hi-Temp X Kofanger V\u00e6gtskiver 5-25 kg - Evolve\" \/>\n<meta property=\"og:url\" content=\"https:\/\/evolve-fitness.eu\/da\/vare\/evolve-hi-temp-x-kofanger-vaegtskiver-5-25-kg\/\" \/>\n<meta property=\"og:site_name\" content=\"Evolve\" \/>\n<meta property=\"article:publisher\" content=\"https:\/\/www.facebook.com\/EvolveFitnessEurope\" \/>\n<meta property=\"article:modified_time\" content=\"2024-07-18T06:18:32+00:00\" \/>\n<meta property=\"og:image\" content=\"https:\/\/evolve-fitness.eu\/wp-content\/uploads\/2023\/10\/Evolve-Hi-Temp-X-Bumper-Weight-Plates-5-25-kg.png\" \/>\n\t<meta property=\"og:image:width\" content=\"680\" \/>\n\t<meta property=\"og:image:height\" content=\"600\" \/>\n\t<meta property=\"og:image:type\" content=\"image\/png\" \/>\n<meta name=\"twitter:card\" content=\"summary_large_image\" \/>\n<script type=\"application\/ld+json\" class=\"yoast-schema-graph\">{\"@context\":\"https:\/\/schema.org\",\"@graph\":[{\"@type\":\"WebPage\",\"@id\":\"https:\/\/evolve-fitness.eu\/da\/vare\/evolve-hi-temp-x-kofanger-vaegtskiver-5-25-kg\/\",\"url\":\"https:\/\/evolve-fitness.eu\/da\/vare\/evolve-hi-temp-x-kofanger-vaegtskiver-5-25-kg\/\",\"name\":\"Evolve Hi-Temp X Kofanger V\u00e6gtskiver 5-25 kg - Evolve\",\"isPartOf\":{\"@id\":\"https:\/\/evolve-fitness.eu\/da\/#website\"},\"primaryImageOfPage\":{\"@id\":\"https:\/\/evolve-fitness.eu\/da\/vare\/evolve-hi-temp-x-kofanger-vaegtskiver-5-25-kg\/#primaryimage\"},\"image\":{\"@id\":\"https:\/\/evolve-fitness.eu\/da\/vare\/evolve-hi-temp-x-kofanger-vaegtskiver-5-25-kg\/#primaryimage\"},\"thumbnailUrl\":\"https:\/\/evolve-fitness.eu\/wp-content\/uploads\/2023\/10\/Evolve-Hi-Temp-X-Bumper-Weight-Plates-5-25-kg.png\",\"datePublished\":\"2023-10-05T06:45:53+00:00\",\"dateModified\":\"2024-07-18T06:18:32+00:00\",\"breadcrumb\":{\"@id\":\"https:\/\/evolve-fitness.eu\/da\/vare\/evolve-hi-temp-x-kofanger-vaegtskiver-5-25-kg\/#breadcrumb\"},\"inLanguage\":\"da-DK\",\"potentialAction\":[{\"@type\":\"ReadAction\",\"target\":[\"https:\/\/evolve-fitness.eu\/da\/vare\/evolve-hi-temp-x-kofanger-vaegtskiver-5-25-kg\/\"]}]},{\"@type\":\"ImageObject\",\"inLanguage\":\"da-DK\",\"@id\":\"https:\/\/evolve-fitness.eu\/da\/vare\/evolve-hi-temp-x-kofanger-vaegtskiver-5-25-kg\/#primaryimage\",\"url\":\"https:\/\/evolve-fitness.eu\/wp-content\/uploads\/2023\/10\/Evolve-Hi-Temp-X-Bumper-Weight-Plates-5-25-kg.png\",\"contentUrl\":\"https:\/\/evolve-fitness.eu\/wp-content\/uploads\/2023\/10\/Evolve-Hi-Temp-X-Bumper-Weight-Plates-5-25-kg.png\",\"width\":680,\"height\":600,\"caption\":\"EV-WP-PP-1\"},{\"@type\":\"BreadcrumbList\",\"@id\":\"https:\/\/evolve-fitness.eu\/da\/vare\/evolve-hi-temp-x-kofanger-vaegtskiver-5-25-kg\/#breadcrumb\",\"itemListElement\":[{\"@type\":\"ListItem\",\"position\":1,\"name\":\"Home\",\"item\":\"https:\/\/evolve-fitness.eu\/da\/\"},{\"@type\":\"ListItem\",\"position\":2,\"name\":\"Produkter\",\"item\":\"https:\/\/evolve-fitness.eu\/da\/shop\/\"},{\"@type\":\"ListItem\",\"position\":3,\"name\":\"Evolve Hi-Temp X Kofanger V\u00e6gtskiver 5-25 kg\"}]},{\"@type\":\"WebSite\",\"@id\":\"https:\/\/evolve-fitness.eu\/da\/#website\",\"url\":\"https:\/\/evolve-fitness.eu\/da\/\",\"name\":\"Evolve\",\"description\":\"Your Evolved Gear Arrived\",\"publisher\":{\"@id\":\"https:\/\/evolve-fitness.eu\/da\/#organization\"},\"potentialAction\":[{\"@type\":\"SearchAction\",\"target\":{\"@type\":\"EntryPoint\",\"urlTemplate\":\"https:\/\/evolve-fitness.eu\/da\/?s={search_term_string}\"},\"query-input\":{\"@type\":\"PropertyValueSpecification\",\"valueRequired\":true,\"valueName\":\"search_term_string\"}}],\"inLanguage\":\"da-DK\"},{\"@type\":\"Organization\",\"@id\":\"https:\/\/evolve-fitness.eu\/da\/#organization\",\"name\":\"Evolve\",\"url\":\"https:\/\/evolve-fitness.eu\/da\/\",\"logo\":{\"@type\":\"ImageObject\",\"inLanguage\":\"da-DK\",\"@id\":\"https:\/\/evolve-fitness.eu\/da\/#\/schema\/logo\/image\/\",\"url\":\"https:\/\/evolve-fitness.eu\/wp-content\/uploads\/2023\/05\/Evolve-logo.svg\",\"contentUrl\":\"https:\/\/evolve-fitness.eu\/wp-content\/uploads\/2023\/05\/Evolve-logo.svg\",\"width\":176,\"height\":20,\"caption\":\"Evolve\"},\"image\":{\"@id\":\"https:\/\/evolve-fitness.eu\/da\/#\/schema\/logo\/image\/\"},\"sameAs\":[\"https:\/\/www.facebook.com\/EvolveFitnessEurope\"]}]}<\/script>\n<!-- \/ Yoast SEO plugin. -->","yoast_head_json":{"title":"Evolve Hi-Temp X Kofanger V\u00e6gtskiver 5-25 kg - Evolve","robots":{"index":"index","follow":"follow","max-snippet":"max-snippet:-1","max-image-preview":"max-image-preview:large","max-video-preview":"max-video-preview:-1"},"canonical":"https:\/\/evolve-fitness.eu\/da\/vare\/evolve-hi-temp-x-kofanger-vaegtskiver-5-25-kg\/","og_locale":"da_DK","og_type":"article","og_title":"Evolve Hi-Temp X Kofanger V\u00e6gtskiver 5-25 kg - Evolve","og_url":"https:\/\/evolve-fitness.eu\/da\/vare\/evolve-hi-temp-x-kofanger-vaegtskiver-5-25-kg\/","og_site_name":"Evolve","article_publisher":"https:\/\/www.facebook.com\/EvolveFitnessEurope","article_modified_time":"2024-07-18T06:18:32+00:00","og_image":[{"width":680,"height":600,"url":"https:\/\/evolve-fitness.eu\/wp-content\/uploads\/2023\/10\/Evolve-Hi-Temp-X-Bumper-Weight-Plates-5-25-kg.png","type":"image\/png"}],"twitter_card":"summary_large_image","schema":{"@context":"https:\/\/schema.org","@graph":[{"@type":"WebPage","@id":"https:\/\/evolve-fitness.eu\/da\/vare\/evolve-hi-temp-x-kofanger-vaegtskiver-5-25-kg\/","url":"https:\/\/evolve-fitness.eu\/da\/vare\/evolve-hi-temp-x-kofanger-vaegtskiver-5-25-kg\/","name":"Evolve Hi-Temp X Kofanger V\u00e6gtskiver 5-25 kg - Evolve","isPartOf":{"@id":"https:\/\/evolve-fitness.eu\/da\/#website"},"primaryImageOfPage":{"@id":"https:\/\/evolve-fitness.eu\/da\/vare\/evolve-hi-temp-x-kofanger-vaegtskiver-5-25-kg\/#primaryimage"},"image":{"@id":"https:\/\/evolve-fitness.eu\/da\/vare\/evolve-hi-temp-x-kofanger-vaegtskiver-5-25-kg\/#primaryimage"},"thumbnailUrl":"https:\/\/evolve-fitness.eu\/wp-content\/uploads\/2023\/10\/Evolve-Hi-Temp-X-Bumper-Weight-Plates-5-25-kg.png","datePublished":"2023-10-05T06:45:53+00:00","dateModified":"2024-07-18T06:18:32+00:00","breadcrumb":{"@id":"https:\/\/evolve-fitness.eu\/da\/vare\/evolve-hi-temp-x-kofanger-vaegtskiver-5-25-kg\/#breadcrumb"},"inLanguage":"da-DK","potentialAction":[{"@type":"ReadAction","target":["https:\/\/evolve-fitness.eu\/da\/vare\/evolve-hi-temp-x-kofanger-vaegtskiver-5-25-kg\/"]}]},{"@type":"ImageObject","inLanguage":"da-DK","@id":"https:\/\/evolve-fitness.eu\/da\/vare\/evolve-hi-temp-x-kofanger-vaegtskiver-5-25-kg\/#primaryimage","url":"https:\/\/evolve-fitness.eu\/wp-content\/uploads\/2023\/10\/Evolve-Hi-Temp-X-Bumper-Weight-Plates-5-25-kg.png","contentUrl":"https:\/\/evolve-fitness.eu\/wp-content\/uploads\/2023\/10\/Evolve-Hi-Temp-X-Bumper-Weight-Plates-5-25-kg.png","width":680,"height":600,"caption":"EV-WP-PP-1"},{"@type":"BreadcrumbList","@id":"https:\/\/evolve-fitness.eu\/da\/vare\/evolve-hi-temp-x-kofanger-vaegtskiver-5-25-kg\/#breadcrumb","itemListElement":[{"@type":"ListItem","position":1,"name":"Home","item":"https:\/\/evolve-fitness.eu\/da\/"},{"@type":"ListItem","position":2,"name":"Produkter","item":"https:\/\/evolve-fitness.eu\/da\/shop\/"},{"@type":"ListItem","position":3,"name":"Evolve Hi-Temp X Kofanger V\u00e6gtskiver 5-25 kg"}]},{"@type":"WebSite","@id":"https:\/\/evolve-fitness.eu\/da\/#website","url":"https:\/\/evolve-fitness.eu\/da\/","name":"Evolve","description":"Your Evolved Gear Arrived","publisher":{"@id":"https:\/\/evolve-fitness.eu\/da\/#organization"},"potentialAction":[{"@type":"SearchAction","target":{"@type":"EntryPoint","urlTemplate":"https:\/\/evolve-fitness.eu\/da\/?s={search_term_string}"},"query-input":{"@type":"PropertyValueSpecification","valueRequired":true,"valueName":"search_term_string"}}],"inLanguage":"da-DK"},{"@type":"Organization","@id":"https:\/\/evolve-fitness.eu\/da\/#organization","name":"Evolve","url":"https:\/\/evolve-fitness.eu\/da\/","logo":{"@type":"ImageObject","inLanguage":"da-DK","@id":"https:\/\/evolve-fitness.eu\/da\/#\/schema\/logo\/image\/","url":"https:\/\/evolve-fitness.eu\/wp-content\/uploads\/2023\/05\/Evolve-logo.svg","contentUrl":"https:\/\/evolve-fitness.eu\/wp-content\/uploads\/2023\/05\/Evolve-logo.svg","width":176,"height":20,"caption":"Evolve"},"image":{"@id":"https:\/\/evolve-fitness.eu\/da\/#\/schema\/logo\/image\/"},"sameAs":["https:\/\/www.facebook.com\/EvolveFitnessEurope"]}]}},"_links":{"self":[{"href":"https:\/\/evolve-fitness.eu\/da\/wp-json\/wp\/v2\/product\/19280","targetHints":{"allow":["GET"]}}],"collection":[{"href":"https:\/\/evolve-fitness.eu\/da\/wp-json\/wp\/v2\/product"}],"about":[{"href":"https:\/\/evolve-fitness.eu\/da\/wp-json\/wp\/v2\/types\/product"}],"wp:featuredmedia":[{"embeddable":true,"href":"https:\/\/evolve-fitness.eu\/da\/wp-json\/wp\/v2\/media\/19341"}],"wp:attachment":[{"href":"https:\/\/evolve-fitness.eu\/da\/wp-json\/wp\/v2\/media?parent=19280"}],"wp:term":[{"taxonomy":"product_brand","embeddable":true,"href":"https:\/\/evolve-fitness.eu\/da\/wp-json\/wp\/v2\/product_brand?post=19280"},{"taxonomy":"product_cat","embeddable":true,"href":"https:\/\/evolve-fitness.eu\/da\/wp-json\/wp\/v2\/product_cat?post=19280"},{"taxonomy":"product_tag","embeddable":true,"href":"https:\/\/evolve-fitness.eu\/da\/wp-json\/wp\/v2\/product_tag?post=19280"}],"curies":[{"name":"wp","href":"https:\/\/api.w.org\/{rel}","templated":true}]}}