{"id":208769,"date":"2025-09-24T07:42:33","date_gmt":"2025-09-24T07:42:33","guid":{"rendered":"https:\/\/evolve-fitness.eu\/?post_type=product&#038;p=208769"},"modified":"2026-04-09T15:50:00","modified_gmt":"2026-04-09T12:50:00","slug":"evolve-stativ-til-faste-vaegtstaenger-10-stk-copy-copy-copy","status":"publish","type":"product","link":"https:\/\/evolve-fitness.eu\/da\/vare\/evolve-stativ-til-faste-vaegtstaenger-10-stk-copy-copy-copy\/","title":{"rendered":"Evolve b\u00e5nd- og b\u00e6lteoph\u00e6ng (BB-005)"},"content":{"rendered":"\n<section class=\"wp-block-group alignfull black-content has-white-color has-darkgray-background-color has-text-color has-background is-layout-constrained wp-block-group-is-layout-constrained\" style=\"padding-top:var(--wp--preset--spacing--section-bottom);padding-bottom:var(--wp--preset--spacing--section-bottom)\">\n<div class=\"wp-block-columns alignwide mobile-reverse is-layout-flex wp-container-core-columns-is-layout-ca64bf2d wp-block-columns-is-layout-flex\" style=\"margin-bottom:var(--wp--preset--spacing--side-padding)\">\n<div class=\"wp-block-column is-vertically-aligned-center is-layout-flow wp-block-column-is-layout-flow\">\n<h3 class=\"wp-block-heading\" style=\"margin-bottom:var(--wp--preset--spacing--h-3-bottom)\"><strong><strong><strong><strong><strong><strong><strong><strong><strong>KOMPAKT OG PRAKTISK OPBEVARINGSL\u00d8SNING<\/strong><\/strong><\/strong><\/strong><\/strong><\/strong><\/strong><\/strong><\/strong><\/h3>\n\n\n\n<p>Evolve Band and Belt Hanger er designet til at give en enkel og effektiv m\u00e5de at organisere modstandsb\u00e5nd, l\u00f8fteb\u00e6lter og andet fitnesstilbeh\u00f8r p\u00e5. Med sit v\u00e6gmonterede design og flere vinklede kroge holder den udstyret v\u00e6k fra gulvet og sikrer et renere og mere tilg\u00e6ngeligt tr\u00e6ningsrum. <\/p>\n<\/div>\n\n\n\n<div class=\"wp-block-column is-vertically-aligned-center is-layout-flow wp-block-column-is-layout-flow\">\n<figure class=\"wp-block-image size-full is-resized\"><img loading=\"lazy\" decoding=\"async\" width=\"600\" height=\"450\" src=\"https:\/\/evolve-fitness.eu\/wp-content\/uploads\/2025\/09\/Dizainas-be-pavadinimo-6-1.png\" alt=\"\" class=\"wp-image-208815\" style=\"width:660px;height:auto\" srcset=\"https:\/\/evolve-fitness.eu\/wp-content\/uploads\/2025\/09\/Dizainas-be-pavadinimo-6-1.png 600w, https:\/\/evolve-fitness.eu\/wp-content\/uploads\/2025\/09\/Dizainas-be-pavadinimo-6-1-300x225.png 300w, https:\/\/evolve-fitness.eu\/wp-content\/uploads\/2025\/09\/Dizainas-be-pavadinimo-6-1-150x113.png 150w, https:\/\/evolve-fitness.eu\/wp-content\/uploads\/2025\/09\/Dizainas-be-pavadinimo-6-1-200x150.png 200w\" sizes=\"auto, (max-width: 600px) 100vw, 600px\" \/><\/figure>\n<\/div>\n<\/div>\n\n\n\n<div class=\"wp-block-columns alignwide is-layout-flex wp-container-core-columns-is-layout-c45ee707 wp-block-columns-is-layout-flex\" style=\"margin-bottom:var(--wp--preset--spacing--side-padding);padding-top:var(--wp--preset--spacing--side-padding)\">\n<div class=\"wp-block-column is-vertically-aligned-center is-layout-flow wp-block-column-is-layout-flow\">\n<figure class=\"wp-block-image size-full\"><img loading=\"lazy\" decoding=\"async\" width=\"600\" height=\"450\" src=\"https:\/\/evolve-fitness.eu\/wp-content\/uploads\/2025\/09\/Dizainas-be-pavadinimo-6-2.png\" alt=\"\" class=\"wp-image-208840\" srcset=\"https:\/\/evolve-fitness.eu\/wp-content\/uploads\/2025\/09\/Dizainas-be-pavadinimo-6-2.png 600w, https:\/\/evolve-fitness.eu\/wp-content\/uploads\/2025\/09\/Dizainas-be-pavadinimo-6-2-300x225.png 300w, https:\/\/evolve-fitness.eu\/wp-content\/uploads\/2025\/09\/Dizainas-be-pavadinimo-6-2-150x113.png 150w, https:\/\/evolve-fitness.eu\/wp-content\/uploads\/2025\/09\/Dizainas-be-pavadinimo-6-2-200x150.png 200w\" sizes=\"auto, (max-width: 600px) 100vw, 600px\" \/><\/figure>\n<\/div>\n\n\n\n<div class=\"wp-block-column is-vertically-aligned-center is-layout-constrained wp-block-column-is-layout-constrained\">\n<h3 class=\"wp-block-heading\" style=\"margin-bottom:var(--wp--preset--spacing--h-3-bottom)\"><strong><strong><strong><strong><strong><strong><strong><strong><strong>HOLDBART ST\u00c5L MED FUNKTIONELT DESIGN<\/strong><\/strong><\/strong><\/strong><\/strong><\/strong><\/strong><\/strong><\/strong><\/h3>\n\n\n\n<p>B\u00f8jlen er fremstillet af kraftigt st\u00e5l og afsluttet med en beskyttende sort pulverlakering og er bygget til at modst\u00e5 regelm\u00e6ssig brug, samtidig med at den bevarer sit slanke udseende. De vinklede kroge giver p\u00e5lidelig st\u00f8tte til forskelligt tilbeh\u00f8r, mens forborede huller giver mulighed for hurtig og sikker v\u00e6gmontering. Den kombinerer styrke med praktisk anvendelighed og er en ideel l\u00f8sning til professionel organisering af fitnesscentre.  <br\/><\/p>\n<\/div>\n<\/div>\n\n\n\n<p class=\"has-text-align-center has-medium-2-font-size\" style=\"padding-top:var(--wp--preset--spacing--tb-padding);padding-bottom:var(--wp--preset--spacing--tb-padding)\"><\/p>\n<\/section>\n","protected":false},"excerpt":{"rendered":"<p>Evolve Band and Belt Hanger, EV- ST-BB-005, er en praktisk og pladsbesparende m\u00e5de at opbevare vigtigt tr\u00e6ningstilbeh\u00f8r p\u00e5 i ethvert motionscenter eller fitnesscenter. Den er fremstillet af st\u00e5l af h\u00f8j kvalitet med en pulverlakeret finish, som sikrer holdbarhed og langvarig slidstyrke. B\u00f8jlen har flere kroge og kan rumme modstandsb\u00e5nd, l\u00f8fteb\u00e6lter og andet tr\u00e6ningsudstyr, s\u00e5 de holdes organiseret og inden for r\u00e6kkevidde. Det slanke design med Evolve-logoet giver et professionelt look og bidrager til et ryddeligt og effektivt tr\u00e6ningsmilj\u00f8.  <\/p>\n","protected":false},"featured_media":208794,"template":"","meta":{"_acf_changed":false,"inline_featured_image":false},"product_brand":[],"product_cat":[1462,3823],"product_tag":[],"class_list":{"0":"post-208769","1":"product","2":"type-product","3":"status-publish","4":"has-post-thumbnail","6":"product_cat-frie-vaegte","7":"product_cat-reoler-og-opbevaringslosninger","9":"first","10":"instock","11":"shipping-taxable","12":"purchasable","13":"product-type-simple"},"acf":{"long_title":"Evolve b\u00e5nd- og b\u00e6lteoph\u00e6ng (BB-005)","subtitle":"","specifications":[{"label":"VARENUMMER","text_value":"EV-ST-BB-005","icon":"x"},{"label":"Dimensioner","text_value":"600 x 160 x 90 mm","icon":"x"},{"label":"V\u00e6gt","text_value":"2,40 kg","icon":"x"},{"label":"Garanti","text_value":"2 \u00e5r","icon":"x"}]},"yoast_head":"<!-- This site is optimized with the Yoast SEO plugin v27.4 - https:\/\/yoast.com\/product\/yoast-seo-wordpress\/ -->\n<title>Evolve b\u00e5nd- og b\u00e6lteoph\u00e6ng (BB-005) - Evolve<\/title>\n<meta name=\"description\" content=\"Evolve Band and Belt Hanger, EV- ST-BB-005, er en praktisk og pladsbesparende m\u00e5de at opbevare vigtigt tr\u00e6ningstilbeh\u00f8r p\u00e5 i ethvert motionscenter eller fitnesscenter.\" \/>\n<meta name=\"robots\" content=\"index, follow, max-snippet:-1, max-image-preview:large, max-video-preview:-1\" \/>\n<link rel=\"canonical\" href=\"https:\/\/evolve-fitness.eu\/da\/vare\/evolve-stativ-til-faste-vaegtstaenger-10-stk-copy-copy-copy\/\" \/>\n<meta property=\"og:locale\" content=\"da_DK\" \/>\n<meta property=\"og:type\" content=\"article\" \/>\n<meta property=\"og:title\" content=\"Evolve b\u00e5nd- og b\u00e6lteoph\u00e6ng (BB-005) - Evolve\" \/>\n<meta property=\"og:description\" content=\"Evolve Band and Belt Hanger, EV- ST-BB-005, er en praktisk og pladsbesparende m\u00e5de at opbevare vigtigt tr\u00e6ningstilbeh\u00f8r p\u00e5 i ethvert motionscenter eller fitnesscenter.\" \/>\n<meta property=\"og:url\" content=\"https:\/\/evolve-fitness.eu\/da\/vare\/evolve-stativ-til-faste-vaegtstaenger-10-stk-copy-copy-copy\/\" \/>\n<meta property=\"og:site_name\" content=\"Evolve\" \/>\n<meta property=\"article:publisher\" content=\"https:\/\/www.facebook.com\/EvolveFitnessEurope\" \/>\n<meta property=\"article:modified_time\" content=\"2026-04-09T12:50:00+00:00\" \/>\n<meta property=\"og:image\" content=\"https:\/\/evolve-fitness.eu\/wp-content\/uploads\/2025\/09\/Dizainas-be-pavadinimo-6.png\" \/>\n\t<meta property=\"og:image:width\" content=\"600\" \/>\n\t<meta property=\"og:image:height\" content=\"450\" \/>\n\t<meta property=\"og:image:type\" content=\"image\/png\" \/>\n<meta name=\"twitter:card\" content=\"summary_large_image\" \/>\n<script type=\"application\/ld+json\" class=\"yoast-schema-graph\">{\"@context\":\"https:\\\/\\\/schema.org\",\"@graph\":[{\"@type\":\"WebPage\",\"@id\":\"https:\\\/\\\/evolve-fitness.eu\\\/da\\\/vare\\\/evolve-stativ-til-faste-vaegtstaenger-10-stk-copy-copy-copy\\\/\",\"url\":\"https:\\\/\\\/evolve-fitness.eu\\\/da\\\/vare\\\/evolve-stativ-til-faste-vaegtstaenger-10-stk-copy-copy-copy\\\/\",\"name\":\"Evolve b\u00e5nd- og b\u00e6lteoph\u00e6ng (BB-005) - Evolve\",\"isPartOf\":{\"@id\":\"https:\\\/\\\/evolve-fitness.eu\\\/da\\\/#website\"},\"primaryImageOfPage\":{\"@id\":\"https:\\\/\\\/evolve-fitness.eu\\\/da\\\/vare\\\/evolve-stativ-til-faste-vaegtstaenger-10-stk-copy-copy-copy\\\/#primaryimage\"},\"image\":{\"@id\":\"https:\\\/\\\/evolve-fitness.eu\\\/da\\\/vare\\\/evolve-stativ-til-faste-vaegtstaenger-10-stk-copy-copy-copy\\\/#primaryimage\"},\"thumbnailUrl\":\"https:\\\/\\\/evolve-fitness.eu\\\/wp-content\\\/uploads\\\/2025\\\/09\\\/Dizainas-be-pavadinimo-6.png\",\"datePublished\":\"2025-09-24T07:42:33+00:00\",\"dateModified\":\"2026-04-09T12:50:00+00:00\",\"description\":\"Evolve Band and Belt Hanger, EV- ST-BB-005, er en praktisk og pladsbesparende m\u00e5de at opbevare vigtigt tr\u00e6ningstilbeh\u00f8r p\u00e5 i ethvert motionscenter eller fitnesscenter.\",\"breadcrumb\":{\"@id\":\"https:\\\/\\\/evolve-fitness.eu\\\/da\\\/vare\\\/evolve-stativ-til-faste-vaegtstaenger-10-stk-copy-copy-copy\\\/#breadcrumb\"},\"inLanguage\":\"da-DK\",\"potentialAction\":[{\"@type\":\"ReadAction\",\"target\":[\"https:\\\/\\\/evolve-fitness.eu\\\/da\\\/vare\\\/evolve-stativ-til-faste-vaegtstaenger-10-stk-copy-copy-copy\\\/\"]}]},{\"@type\":\"ImageObject\",\"inLanguage\":\"da-DK\",\"@id\":\"https:\\\/\\\/evolve-fitness.eu\\\/da\\\/vare\\\/evolve-stativ-til-faste-vaegtstaenger-10-stk-copy-copy-copy\\\/#primaryimage\",\"url\":\"https:\\\/\\\/evolve-fitness.eu\\\/wp-content\\\/uploads\\\/2025\\\/09\\\/Dizainas-be-pavadinimo-6.png\",\"contentUrl\":\"https:\\\/\\\/evolve-fitness.eu\\\/wp-content\\\/uploads\\\/2025\\\/09\\\/Dizainas-be-pavadinimo-6.png\",\"width\":600,\"height\":450},{\"@type\":\"BreadcrumbList\",\"@id\":\"https:\\\/\\\/evolve-fitness.eu\\\/da\\\/vare\\\/evolve-stativ-til-faste-vaegtstaenger-10-stk-copy-copy-copy\\\/#breadcrumb\",\"itemListElement\":[{\"@type\":\"ListItem\",\"position\":1,\"name\":\"Home\",\"item\":\"https:\\\/\\\/evolve-fitness.eu\\\/da\\\/\"},{\"@type\":\"ListItem\",\"position\":2,\"name\":\"Produkter\",\"item\":\"https:\\\/\\\/evolve-fitness.eu\\\/da\\\/shop\\\/\"},{\"@type\":\"ListItem\",\"position\":3,\"name\":\"Evolve b\u00e5nd- og b\u00e6lteoph\u00e6ng (BB-005)\"}]},{\"@type\":\"WebSite\",\"@id\":\"https:\\\/\\\/evolve-fitness.eu\\\/da\\\/#website\",\"url\":\"https:\\\/\\\/evolve-fitness.eu\\\/da\\\/\",\"name\":\"Evolve\",\"description\":\"Your Evolved Gear Arrived\",\"publisher\":{\"@id\":\"https:\\\/\\\/evolve-fitness.eu\\\/da\\\/#organization\"},\"potentialAction\":[{\"@type\":\"SearchAction\",\"target\":{\"@type\":\"EntryPoint\",\"urlTemplate\":\"https:\\\/\\\/evolve-fitness.eu\\\/da\\\/?s={search_term_string}\"},\"query-input\":{\"@type\":\"PropertyValueSpecification\",\"valueRequired\":true,\"valueName\":\"search_term_string\"}}],\"inLanguage\":\"da-DK\"},{\"@type\":\"Organization\",\"@id\":\"https:\\\/\\\/evolve-fitness.eu\\\/da\\\/#organization\",\"name\":\"Evolve\",\"url\":\"https:\\\/\\\/evolve-fitness.eu\\\/da\\\/\",\"logo\":{\"@type\":\"ImageObject\",\"inLanguage\":\"da-DK\",\"@id\":\"https:\\\/\\\/evolve-fitness.eu\\\/da\\\/#\\\/schema\\\/logo\\\/image\\\/\",\"url\":\"https:\\\/\\\/evolve-fitness.eu\\\/wp-content\\\/uploads\\\/2023\\\/05\\\/Evolve-logo.svg\",\"contentUrl\":\"https:\\\/\\\/evolve-fitness.eu\\\/wp-content\\\/uploads\\\/2023\\\/05\\\/Evolve-logo.svg\",\"width\":176,\"height\":20,\"caption\":\"Evolve\"},\"image\":{\"@id\":\"https:\\\/\\\/evolve-fitness.eu\\\/da\\\/#\\\/schema\\\/logo\\\/image\\\/\"},\"sameAs\":[\"https:\\\/\\\/www.facebook.com\\\/EvolveFitnessEurope\"]}]}<\/script>\n<!-- \/ Yoast SEO plugin. -->","yoast_head_json":{"title":"Evolve b\u00e5nd- og b\u00e6lteoph\u00e6ng (BB-005) - Evolve","description":"Evolve Band and Belt Hanger, EV- ST-BB-005, er en praktisk og pladsbesparende m\u00e5de at opbevare vigtigt tr\u00e6ningstilbeh\u00f8r p\u00e5 i ethvert motionscenter eller fitnesscenter.","robots":{"index":"index","follow":"follow","max-snippet":"max-snippet:-1","max-image-preview":"max-image-preview:large","max-video-preview":"max-video-preview:-1"},"canonical":"https:\/\/evolve-fitness.eu\/da\/vare\/evolve-stativ-til-faste-vaegtstaenger-10-stk-copy-copy-copy\/","og_locale":"da_DK","og_type":"article","og_title":"Evolve b\u00e5nd- og b\u00e6lteoph\u00e6ng (BB-005) - Evolve","og_description":"Evolve Band and Belt Hanger, EV- ST-BB-005, er en praktisk og pladsbesparende m\u00e5de at opbevare vigtigt tr\u00e6ningstilbeh\u00f8r p\u00e5 i ethvert motionscenter eller fitnesscenter.","og_url":"https:\/\/evolve-fitness.eu\/da\/vare\/evolve-stativ-til-faste-vaegtstaenger-10-stk-copy-copy-copy\/","og_site_name":"Evolve","article_publisher":"https:\/\/www.facebook.com\/EvolveFitnessEurope","article_modified_time":"2026-04-09T12:50:00+00:00","og_image":[{"width":600,"height":450,"url":"https:\/\/evolve-fitness.eu\/wp-content\/uploads\/2025\/09\/Dizainas-be-pavadinimo-6.png","type":"image\/png"}],"twitter_card":"summary_large_image","schema":{"@context":"https:\/\/schema.org","@graph":[{"@type":"WebPage","@id":"https:\/\/evolve-fitness.eu\/da\/vare\/evolve-stativ-til-faste-vaegtstaenger-10-stk-copy-copy-copy\/","url":"https:\/\/evolve-fitness.eu\/da\/vare\/evolve-stativ-til-faste-vaegtstaenger-10-stk-copy-copy-copy\/","name":"Evolve b\u00e5nd- og b\u00e6lteoph\u00e6ng (BB-005) - Evolve","isPartOf":{"@id":"https:\/\/evolve-fitness.eu\/da\/#website"},"primaryImageOfPage":{"@id":"https:\/\/evolve-fitness.eu\/da\/vare\/evolve-stativ-til-faste-vaegtstaenger-10-stk-copy-copy-copy\/#primaryimage"},"image":{"@id":"https:\/\/evolve-fitness.eu\/da\/vare\/evolve-stativ-til-faste-vaegtstaenger-10-stk-copy-copy-copy\/#primaryimage"},"thumbnailUrl":"https:\/\/evolve-fitness.eu\/wp-content\/uploads\/2025\/09\/Dizainas-be-pavadinimo-6.png","datePublished":"2025-09-24T07:42:33+00:00","dateModified":"2026-04-09T12:50:00+00:00","description":"Evolve Band and Belt Hanger, EV- ST-BB-005, er en praktisk og pladsbesparende m\u00e5de at opbevare vigtigt tr\u00e6ningstilbeh\u00f8r p\u00e5 i ethvert motionscenter eller fitnesscenter.","breadcrumb":{"@id":"https:\/\/evolve-fitness.eu\/da\/vare\/evolve-stativ-til-faste-vaegtstaenger-10-stk-copy-copy-copy\/#breadcrumb"},"inLanguage":"da-DK","potentialAction":[{"@type":"ReadAction","target":["https:\/\/evolve-fitness.eu\/da\/vare\/evolve-stativ-til-faste-vaegtstaenger-10-stk-copy-copy-copy\/"]}]},{"@type":"ImageObject","inLanguage":"da-DK","@id":"https:\/\/evolve-fitness.eu\/da\/vare\/evolve-stativ-til-faste-vaegtstaenger-10-stk-copy-copy-copy\/#primaryimage","url":"https:\/\/evolve-fitness.eu\/wp-content\/uploads\/2025\/09\/Dizainas-be-pavadinimo-6.png","contentUrl":"https:\/\/evolve-fitness.eu\/wp-content\/uploads\/2025\/09\/Dizainas-be-pavadinimo-6.png","width":600,"height":450},{"@type":"BreadcrumbList","@id":"https:\/\/evolve-fitness.eu\/da\/vare\/evolve-stativ-til-faste-vaegtstaenger-10-stk-copy-copy-copy\/#breadcrumb","itemListElement":[{"@type":"ListItem","position":1,"name":"Home","item":"https:\/\/evolve-fitness.eu\/da\/"},{"@type":"ListItem","position":2,"name":"Produkter","item":"https:\/\/evolve-fitness.eu\/da\/shop\/"},{"@type":"ListItem","position":3,"name":"Evolve b\u00e5nd- og b\u00e6lteoph\u00e6ng (BB-005)"}]},{"@type":"WebSite","@id":"https:\/\/evolve-fitness.eu\/da\/#website","url":"https:\/\/evolve-fitness.eu\/da\/","name":"Evolve","description":"Your Evolved Gear Arrived","publisher":{"@id":"https:\/\/evolve-fitness.eu\/da\/#organization"},"potentialAction":[{"@type":"SearchAction","target":{"@type":"EntryPoint","urlTemplate":"https:\/\/evolve-fitness.eu\/da\/?s={search_term_string}"},"query-input":{"@type":"PropertyValueSpecification","valueRequired":true,"valueName":"search_term_string"}}],"inLanguage":"da-DK"},{"@type":"Organization","@id":"https:\/\/evolve-fitness.eu\/da\/#organization","name":"Evolve","url":"https:\/\/evolve-fitness.eu\/da\/","logo":{"@type":"ImageObject","inLanguage":"da-DK","@id":"https:\/\/evolve-fitness.eu\/da\/#\/schema\/logo\/image\/","url":"https:\/\/evolve-fitness.eu\/wp-content\/uploads\/2023\/05\/Evolve-logo.svg","contentUrl":"https:\/\/evolve-fitness.eu\/wp-content\/uploads\/2023\/05\/Evolve-logo.svg","width":176,"height":20,"caption":"Evolve"},"image":{"@id":"https:\/\/evolve-fitness.eu\/da\/#\/schema\/logo\/image\/"},"sameAs":["https:\/\/www.facebook.com\/EvolveFitnessEurope"]}]}},"_links":{"self":[{"href":"https:\/\/evolve-fitness.eu\/da\/wp-json\/wp\/v2\/product\/208769","targetHints":{"allow":["GET"]}}],"collection":[{"href":"https:\/\/evolve-fitness.eu\/da\/wp-json\/wp\/v2\/product"}],"about":[{"href":"https:\/\/evolve-fitness.eu\/da\/wp-json\/wp\/v2\/types\/product"}],"wp:featuredmedia":[{"embeddable":true,"href":"https:\/\/evolve-fitness.eu\/da\/wp-json\/wp\/v2\/media\/208794"}],"wp:attachment":[{"href":"https:\/\/evolve-fitness.eu\/da\/wp-json\/wp\/v2\/media?parent=208769"}],"wp:term":[{"taxonomy":"product_brand","embeddable":true,"href":"https:\/\/evolve-fitness.eu\/da\/wp-json\/wp\/v2\/product_brand?post=208769"},{"taxonomy":"product_cat","embeddable":true,"href":"https:\/\/evolve-fitness.eu\/da\/wp-json\/wp\/v2\/product_cat?post=208769"},{"taxonomy":"product_tag","embeddable":true,"href":"https:\/\/evolve-fitness.eu\/da\/wp-json\/wp\/v2\/product_tag?post=208769"}],"curies":[{"name":"wp","href":"https:\/\/api.w.org\/{rel}","templated":true}]}}