{"id":214411,"date":"2025-11-14T16:22:34","date_gmt":"2025-11-14T14:22:34","guid":{"rendered":"https:\/\/evolve-fitness.eu\/product\/evolve-ultra-series-selectorized-arms-machine-ul-410\/"},"modified":"2026-03-26T11:38:44","modified_gmt":"2026-03-26T09:38:44","slug":"evolve-ultra-series-selectorized-arms-machine-ul-410","status":"publish","type":"product","link":"https:\/\/evolve-fitness.eu\/da\/vare\/evolve-ultra-series-selectorized-arms-machine-ul-410\/","title":{"rendered":"Evolve Ultra Series Selectorized Arms Machine (UL-410)"},"content":{"rendered":"\n<section class=\"wp-block-group alignfull black-content has-white-color has-darkgray-background-color has-text-color has-background is-layout-constrained wp-block-group-is-layout-constrained\" style=\"padding-top:var(--wp--preset--spacing--section-bottom);padding-bottom:var(--wp--preset--spacing--section-bottom)\">\n<div class=\"wp-block-columns alignwide mobile-reverse is-layout-flex wp-container-core-columns-is-layout-ca64bf2d wp-block-columns-is-layout-flex\" style=\"margin-bottom:var(--wp--preset--spacing--side-padding)\">\n<div class=\"wp-block-column is-vertically-aligned-center is-layout-flow wp-block-column-is-layout-flow\">\n<h3 class=\"wp-block-heading\" style=\"margin-bottom:var(--wp--preset--spacing--h-3-bottom)\"><strong><strong><strong><strong><strong><strong><strong><strong><strong><strong><strong>Evolve Ultra Series sELECTORIZED ARMS mACHINE (ul-410)<\/strong><\/strong><\/strong><\/strong><\/strong><\/strong><\/strong><\/strong><\/strong><\/strong><\/strong><\/h3>\n\n\n\n<p style=\"margin-bottom:var(--wp--preset--spacing--tb-section-padding)\">Evolve Ultra Series Selectorized Arms Machine (UL-410) giver j\u00e6vn, justerbar modstand gennem sin selekterede v\u00e6gtstabel, hvilket sikrer pr\u00e6cis belastningskontrol for brugere p\u00e5 alle erfaringsniveauer. Med ergonomiske armpuder, optimeret h\u00e5ndtagsgeometri og en guidet bev\u00e6gelsesbane underst\u00f8tter den korrekt justering, kontrolleret bev\u00e6gelse og effektivt muskelengagement i overkroppen. Denne kompakte maskine er bygget af kommercielt st\u00e5l med f\u00f8rsteklasses finish og leverer langvarig holdbarhed, ydeevne og komfort til b\u00e5de kommercielle og private tr\u00e6ningsmilj\u00f8er.  <\/p>\n<\/div>\n\n\n\n<div class=\"wp-block-column is-vertically-aligned-center is-layout-flow wp-block-column-is-layout-flow\">\n<figure class=\"wp-block-image size-full\"><img decoding=\"async\" src=\"https:\/\/store.evolve-fitness.eu\/wp-content\/uploads\/2025\/11\/EV-SC-UL-410-Evolve-Ultra-Series-Selectorized-Arms-Machine-1-1.png\" alt=\"\" class=\"wp-image-147016\"\/><\/figure>\n<\/div>\n<\/div>\n\n\n\n<div class=\"wp-block-columns alignwide is-layout-flex wp-container-core-columns-is-layout-c45ee707 wp-block-columns-is-layout-flex\" style=\"margin-bottom:var(--wp--preset--spacing--side-padding);padding-top:var(--wp--preset--spacing--side-padding)\">\n<div class=\"wp-block-column is-vertically-aligned-center is-layout-flow wp-block-column-is-layout-flow\">\n<figure class=\"wp-block-image size-large\"><img loading=\"lazy\" decoding=\"async\" width=\"1024\" height=\"685\" src=\"https:\/\/evolve-fitness.eu\/wp-content\/uploads\/2023\/08\/A7_08524-1024x685.jpg\" alt=\"\" class=\"wp-image-8737\" srcset=\"https:\/\/evolve-fitness.eu\/wp-content\/uploads\/2023\/08\/A7_08524-1024x685.jpg 1024w, https:\/\/evolve-fitness.eu\/wp-content\/uploads\/2023\/08\/A7_08524-300x201.jpg 300w, https:\/\/evolve-fitness.eu\/wp-content\/uploads\/2023\/08\/A7_08524-224x150.jpg 224w, https:\/\/evolve-fitness.eu\/wp-content\/uploads\/2023\/08\/A7_08524-600x402.jpg 600w, https:\/\/evolve-fitness.eu\/wp-content\/uploads\/2023\/08\/A7_08524-150x100.jpg 150w, https:\/\/evolve-fitness.eu\/wp-content\/uploads\/2023\/08\/A7_08524-768x514.jpg 768w, https:\/\/evolve-fitness.eu\/wp-content\/uploads\/2023\/08\/A7_08524-1536x1028.jpg 1536w, https:\/\/evolve-fitness.eu\/wp-content\/uploads\/2023\/08\/A7_08524.jpg 1980w\" sizes=\"auto, (max-width: 1024px) 100vw, 1024px\" \/><\/figure>\n<\/div>\n\n\n\n<div class=\"wp-block-column is-vertically-aligned-center is-layout-flow wp-block-column-is-layout-flow\">\n<h3 class=\"wp-block-heading\" style=\"margin-bottom:var(--wp--preset--spacing--h-3-bottom)\">Slankt og holdbart<\/h3>\n\n\n\n<p><strong><em>Den unikke matte lakfinish<\/em><\/strong><\/p>\n\n\n\n<p style=\"margin-bottom:var(--wp--preset--spacing--tb-section-padding)\">Ultra-serien introducerer en kombination af sikkerhed og stil med Shrouded Weight Stacks. Uigennemsigtige plastovertr\u00e6k prioriterer tr\u00e6ningssikkerhed og tilf\u00f8jer et strejf af elegance til dit fitnessrum. Uanset om du er ejer af et fitnesscenter eller fitnessentusiast, vil du s\u00e6tte pris p\u00e5 den visuelle appel og sikkerhed, som disse afd\u00e6kninger tilf\u00f8rer dit fitnesscenter.<\/p>\n<\/div>\n<\/div>\n\n\n\n<div class=\"wp-block-columns alignwide are-vertically-aligned-center mobile-reverse is-layout-flex wp-container-core-columns-is-layout-e8158c2f wp-block-columns-is-layout-flex\" style=\"padding-top:var(--wp--preset--spacing--side-padding)\">\n<div class=\"wp-block-column is-vertically-aligned-center is-layout-flow wp-block-column-is-layout-flow\">\n<h3 class=\"wp-block-heading\" style=\"margin-bottom:var(--wp--preset--spacing--h-3-bottom)\"><strong>Optimale h\u00e5ndgreb<\/strong><\/h3>\n\n\n\n<p><strong><em><strong><em>En bedre fitnessoplevelse<\/em><\/strong><\/em><\/strong><\/p>\n\n\n\n<p style=\"margin-bottom:var(--wp--preset--spacing--tb-section-padding)\">At tiltr\u00e6kke og fastholde kunder er afg\u00f8rende for ejere af fitnesscentre og ledere af fitnessfaciliteter. Evolve Ultra-serien tilbyder optimale h\u00e5ndgreb, der er omhyggeligt designet til komfort og sikkerhed. L\u00f8ft dine kunders tr\u00e6ningsoplevelse, hold dem engagerede og motiverede til at n\u00e5 deres fitnessm\u00e5l i dit center.<\/p>\n<\/div>\n\n\n\n<div class=\"wp-block-column is-vertically-aligned-center is-layout-flow wp-block-column-is-layout-flow\">\n<figure class=\"wp-block-image size-large\"><img loading=\"lazy\" decoding=\"async\" width=\"1024\" height=\"683\" src=\"https:\/\/evolve-fitness.eu\/wp-content\/uploads\/2023\/08\/A7_08527-1024x683.jpg\" alt=\"\" class=\"wp-image-8739\" srcset=\"https:\/\/evolve-fitness.eu\/wp-content\/uploads\/2023\/08\/A7_08527-1024x683.jpg 1024w, https:\/\/evolve-fitness.eu\/wp-content\/uploads\/2023\/08\/A7_08527-300x200.jpg 300w, https:\/\/evolve-fitness.eu\/wp-content\/uploads\/2023\/08\/A7_08527-225x150.jpg 225w, https:\/\/evolve-fitness.eu\/wp-content\/uploads\/2023\/08\/A7_08527-600x400.jpg 600w, https:\/\/evolve-fitness.eu\/wp-content\/uploads\/2023\/08\/A7_08527-150x100.jpg 150w, https:\/\/evolve-fitness.eu\/wp-content\/uploads\/2023\/08\/A7_08527-768x512.jpg 768w, https:\/\/evolve-fitness.eu\/wp-content\/uploads\/2023\/08\/A7_08527-1536x1024.jpg 1536w, https:\/\/evolve-fitness.eu\/wp-content\/uploads\/2023\/08\/A7_08527.jpg 1980w\" sizes=\"auto, (max-width: 1024px) 100vw, 1024px\" \/><\/figure>\n<\/div>\n<\/div>\n\n\n\n<div class=\"wp-block-columns alignwide are-vertically-aligned-center mobile-reverse is-layout-flex wp-container-core-columns-is-layout-e8158c2f wp-block-columns-is-layout-flex\" style=\"padding-top:var(--wp--preset--spacing--side-padding)\">\n<div class=\"wp-block-column is-vertically-aligned-center is-layout-flow wp-block-column-is-layout-flow\">\n<figure class=\"wp-block-image size-large\"><img loading=\"lazy\" decoding=\"async\" width=\"1024\" height=\"683\" src=\"https:\/\/evolve-fitness.eu\/wp-content\/uploads\/2023\/08\/A7_08545-1024x683.jpg\" alt=\"\" class=\"wp-image-8734\" srcset=\"https:\/\/evolve-fitness.eu\/wp-content\/uploads\/2023\/08\/A7_08545-1024x683.jpg 1024w, https:\/\/evolve-fitness.eu\/wp-content\/uploads\/2023\/08\/A7_08545-300x200.jpg 300w, https:\/\/evolve-fitness.eu\/wp-content\/uploads\/2023\/08\/A7_08545-225x150.jpg 225w, https:\/\/evolve-fitness.eu\/wp-content\/uploads\/2023\/08\/A7_08545-600x400.jpg 600w, https:\/\/evolve-fitness.eu\/wp-content\/uploads\/2023\/08\/A7_08545-150x100.jpg 150w, https:\/\/evolve-fitness.eu\/wp-content\/uploads\/2023\/08\/A7_08545-768x512.jpg 768w, https:\/\/evolve-fitness.eu\/wp-content\/uploads\/2023\/08\/A7_08545-1536x1024.jpg 1536w, https:\/\/evolve-fitness.eu\/wp-content\/uploads\/2023\/08\/A7_08545.jpg 1980w\" sizes=\"auto, (max-width: 1024px) 100vw, 1024px\" \/><\/figure>\n<\/div>\n\n\n\n<div class=\"wp-block-column is-vertically-aligned-center is-layout-flow wp-block-column-is-layout-flow\">\n<h3 class=\"wp-block-heading\">Uafh\u00e6ngig armbev\u00e6gelse<\/h3>\n\n\n\n<p><strong><em>En gamechanger for alsidighed<\/em><\/strong><\/p>\n\n\n\n<p>Ejere af fitnesscentre og ledere af fitnesscentre forst\u00e5r behovet for alsidigt udstyr. Vores Evolve Ultra-serie introducerer Independent Arm Movement, en banebrydende funktion, der giver brugerne en bredere vifte af bev\u00e6gelser. Denne innovative tilf\u00f8jelse fremmer overlegen muskelengagement og symmetri, hvilket g\u00f8r den til et must-have for fitnessentusiaster, der \u00f8nsker dynamiske tr\u00e6ningsoplevelser. L\u00f8ft dit fitnesscenters omd\u00f8mme med udstyr, der giver dine kunder mulighed for at n\u00e5 deres fitnessm\u00e5l p\u00e5 en effektiv m\u00e5de.<\/p>\n<\/div>\n<\/div>\n\n\n\n<div class=\"wp-block-columns alignwide are-vertically-aligned-center mobile-reverse is-layout-flex wp-container-core-columns-is-layout-e8158c2f wp-block-columns-is-layout-flex\" style=\"padding-top:var(--wp--preset--spacing--side-padding)\">\n<div class=\"wp-block-column is-vertically-aligned-center is-layout-flow wp-block-column-is-layout-flow\">\n<h3 class=\"wp-block-heading\" style=\"margin-bottom:var(--wp--preset--spacing--h-3-bottom)\"><strong>Holdbar og beskyttende<\/strong><\/h3>\n\n\n\n<p><strong><em><strong><em>Elektrostatisk pulverlakeret<\/em><\/strong><\/em><\/strong><\/p>\n\n\n\n<p style=\"margin-bottom:var(--wp--preset--spacing--tb-section-padding)\">Evolve Ultra Series-styrkemaskinerne har en elektrostatisk pulverlakeret perlesort, mat ramme, der giver en perfekt balance mellem stil og funktionalitet. Den raffinerede matte finish forbedrer maskinens f\u00f8rsteklasses udseende, mens dens friktionsbestandige, korrosionsbeskyttende og ridsefaste egenskaber sikrer enest\u00e5ende holdbarhed og langvarig p\u00e5lidelighed i kr\u00e6vende fitnessmilj\u00f8er. Beskyttende skjolde De robuste gummif\u00f8dder p\u00e5 Evolve Ultra Series-maskinerne fungerer som beskyttende skjolde, der hj\u00e6lper med at forhindre potentielle skader p\u00e5 gulvoverflader under brug. Disse kraftige gummif\u00f8dder er designet til b\u00e5de beskyttelse og stabilitet og beskytter ikke kun gulvet, men forbedrer ogs\u00e5 maskinens overordnede balance og sikre placering.   <\/p>\n<\/div>\n\n\n\n<div class=\"wp-block-column is-vertically-aligned-center is-layout-flow wp-block-column-is-layout-flow\">\n<figure class=\"wp-block-video\"><video height=\"720\" style=\"aspect-ratio: 1280 \/ 720;\" width=\"1280\" autoplay=\"\" controls=\"\" loop=\"\" muted=\"\" src=\"https:\/\/evolve-fitness.eu\/wp-content\/uploads\/2023\/10\/Evolve-Double-powder-coated-Frame.mp4\"><\/video><\/figure>\n<\/div>\n<\/div>\n\n\n\n<div class=\"wp-block-columns alignwide are-vertically-aligned-center mobile-reverse is-layout-flex wp-container-core-columns-is-layout-e8158c2f wp-block-columns-is-layout-flex\" style=\"padding-top:var(--wp--preset--spacing--side-padding)\">\n<div class=\"wp-block-column is-vertically-aligned-center is-layout-flow wp-block-column-is-layout-flow\">\n<figure class=\"wp-block-video\"><video height=\"1080\" style=\"aspect-ratio: 1920 \/ 1080;\" width=\"1920\" autoplay=\"\" controls=\"\" loop=\"\" muted=\"\" src=\"https:\/\/evolve-fitness.eu\/wp-content\/uploads\/2023\/08\/UL-040-Weight-Stack.mp4\"><\/video><\/figure>\n<\/div>\n\n\n\n<div class=\"wp-block-column is-vertically-aligned-center is-layout-flow wp-block-column-is-layout-flow\">\n<h3 class=\"wp-block-heading\" style=\"margin-bottom:var(--wp--preset--spacing--h-3-bottom)\"><strong>V\u00e6gtstabel<\/strong><\/h3>\n\n\n\n<p><strong><em><strong><em>En bedre fitnessoplevelse<\/em><\/strong><\/em><\/strong><\/p>\n\n\n\n<p style=\"margin-bottom:var(--wp--preset--spacing--tb-section-padding)\">Evolve Ultra Series Selectorized Biceps Curl-maskine har en v\u00e6gtstabel p\u00e5 80 kg med mulighed for at opgradere til 203 kg for brugere, der \u00f8nsker st\u00f8rre tr\u00e6ningsintensitet. Den fuldt indkapslede v\u00e6gtstabel forbedrer sikkerheden under tr\u00e6ningen, samtidig med at den bidrager til maskinens rene, moderne og professionelle design. <\/p>\n<\/div>\n<\/div>\n<\/section>\n","protected":false},"excerpt":{"rendered":"<p>Forbedr dit fitnesscenters styrketr\u00e6ningszone med Evolve Ultra Series Selectorized Arms Machine (UL-410). Denne tr\u00e6ner er designet til professionelle og kommercielle faciliteter og giver kontrolleret og effektiv udvikling af overkroppen ved at m\u00e5lrette biceps, triceps og st\u00f8ttende armmuskler med pr\u00e6cision. Den har en holdbar st\u00e5lramme med korrosionsbeskyttelse, et glat modstandssystem til hurtig justering af belastningen og ergonomiske armst\u00f8tter, der sikrer korrekt justering og en personlig tr\u00e6ningsoplevelse. Komfortabel polstring og skridsikre h\u00e5ndtag maksimerer stabiliteten under brug, mens materialer af h\u00f8j kvalitet garanterer langvarig ydeevne. Evolve Ultra Series Arms Machine er en f\u00f8rsteklasses l\u00f8sning til fitnesscentre, der s\u00f8ger p\u00e5lideligt, biomekanisk optimeret udstyr med mulighed for at tilpasse ramme- og polstringsfarver og 2 \u00e5rs garanti.    <\/p>\n","protected":false},"featured_media":214417,"template":"","meta":{"_acf_changed":false,"inline_featured_image":false},"product_brand":[],"product_cat":[2556,3843],"product_tag":[],"class_list":{"0":"post-214411","1":"product","2":"type-product","3":"status-publish","4":"has-post-thumbnail","6":"product_cat-selekterede-maskiner","7":"product_cat-ultra-series-maskiner-med-valgfri-funktion","9":"first","10":"instock","11":"shipping-taxable","12":"purchasable","13":"product-type-simple"},"acf":{"long_title":"Evolve Ultra Series Selectorized Arms Machine (UL-410)","subtitle":"","specifications":[{"label":"VARENUMMER","text_value":"EV-SC-UL-410","icon":"x"},{"label":"Dimensioner","text_value":"1377 x 1075 x 1800 mm","icon":"x"},{"label":"V\u00e6gt","text_value":"203 kg","icon":"x"},{"label":"V\u00e6gtstabel","text_value":"80 kg","icon":"x"},{"label":"Fodplatform","text_value":"Bred skridsikker","icon":"x"},{"label":"H\u00e5ndtag","text_value":"360\u00b0 roterende","icon":"x"},{"label":"Justering af h\u00f8jde","text_value":"10","icon":"x"},{"label":"Indstillinger for arml\u00e6ngde","text_value":"4","icon":"x"},{"label":"Design med to funktioner","text_value":"13 justering af armposition","icon":"x"},{"label":"Ramme tykkelse","text_value":"3 mm","icon":"x"},{"label":"\u00d8verste v\u00e6gtskive","text_value":"","icon":"v"},{"label":"Justerbar tr\u00e6ningsposition","text_value":"","icon":"v"},{"label":"Magnetisk v\u00e6gtstang","text_value":"","icon":"v"},{"label":"Skilt med tr\u00e6ningsinstruktioner","text_value":"","icon":"v"},{"label":"Indkapslet v\u00e6gtstabel","text_value":"","icon":"v"},{"label":"Holdbare gulvbeskyttere","text_value":"","icon":"v"},{"label":"Korrosionsbeskyttende maling","text_value":"","icon":"v"},{"label":"Tyk polstring betrukket med PU-l\u00e6der  ","text_value":"","icon":"v"},{"label":"Nylonkabel","text_value":"","icon":"v"},{"label":"Skridsikre h\u00e5ndtag","text_value":"","icon":"v"},{"label":"Vandflaske og etui til tilbeh\u00f8r  ","text_value":"","icon":"v"},{"label":"Garanti","text_value":"2 \u00e5r","icon":"x"}]},"yoast_head":"<!-- This site is optimized with the Yoast SEO plugin v26.6 - https:\/\/yoast.com\/wordpress\/plugins\/seo\/ -->\n<title>Evolve Ultra Series Selectorized Arms Machine (UL-410) - Evolve<\/title>\n<meta name=\"description\" content=\"Udvid dit fitnesscenters styrketr\u00e6ningsomr\u00e5de med Evolve Ultra Series Selectorized Arms Machine (UL-410). Designet til professionelle\" \/>\n<meta name=\"robots\" content=\"index, follow, max-snippet:-1, max-image-preview:large, max-video-preview:-1\" \/>\n<link rel=\"canonical\" href=\"https:\/\/evolve-fitness.eu\/da\/vare\/evolve-ultra-series-selectorized-arms-machine-ul-410\/\" \/>\n<meta property=\"og:locale\" content=\"da_DK\" \/>\n<meta property=\"og:type\" content=\"article\" \/>\n<meta property=\"og:title\" content=\"Evolve Ultra Series Selectorized Arms Machine (UL-410) - Evolve\" \/>\n<meta property=\"og:description\" content=\"Udvid dit fitnesscenters styrketr\u00e6ningsomr\u00e5de med Evolve Ultra Series Selectorized Arms Machine (UL-410). Designet til professionelle\" \/>\n<meta property=\"og:url\" content=\"https:\/\/evolve-fitness.eu\/da\/vare\/evolve-ultra-series-selectorized-arms-machine-ul-410\/\" \/>\n<meta property=\"og:site_name\" content=\"Evolve\" \/>\n<meta property=\"article:publisher\" content=\"https:\/\/www.facebook.com\/EvolveFitnessEurope\" \/>\n<meta property=\"article:modified_time\" content=\"2026-03-26T09:38:44+00:00\" \/>\n<meta property=\"og:image\" content=\"https:\/\/evolve-fitness.eu\/wp-content\/uploads\/2025\/11\/EV-SC-UL-410-Evolve-Ultra-Series-Selectorized-Arms-Machine-1.png\" \/>\n\t<meta property=\"og:image:width\" content=\"1000\" \/>\n\t<meta property=\"og:image:height\" content=\"1000\" \/>\n\t<meta property=\"og:image:type\" content=\"image\/png\" \/>\n<meta name=\"twitter:card\" content=\"summary_large_image\" \/>\n<script type=\"application\/ld+json\" class=\"yoast-schema-graph\">{\"@context\":\"https:\/\/schema.org\",\"@graph\":[{\"@type\":\"WebPage\",\"@id\":\"https:\/\/evolve-fitness.eu\/da\/vare\/evolve-ultra-series-selectorized-arms-machine-ul-410\/\",\"url\":\"https:\/\/evolve-fitness.eu\/da\/vare\/evolve-ultra-series-selectorized-arms-machine-ul-410\/\",\"name\":\"Evolve Ultra Series Selectorized Arms Machine (UL-410) - Evolve\",\"isPartOf\":{\"@id\":\"https:\/\/evolve-fitness.eu\/da\/#website\"},\"primaryImageOfPage\":{\"@id\":\"https:\/\/evolve-fitness.eu\/da\/vare\/evolve-ultra-series-selectorized-arms-machine-ul-410\/#primaryimage\"},\"image\":{\"@id\":\"https:\/\/evolve-fitness.eu\/da\/vare\/evolve-ultra-series-selectorized-arms-machine-ul-410\/#primaryimage\"},\"thumbnailUrl\":\"https:\/\/evolve-fitness.eu\/wp-content\/uploads\/2025\/11\/EV-SC-UL-410-Evolve-Ultra-Series-Selectorized-Arms-Machine-1.png\",\"datePublished\":\"2025-11-14T14:22:34+00:00\",\"dateModified\":\"2026-03-26T09:38:44+00:00\",\"description\":\"Udvid dit fitnesscenters styrketr\u00e6ningsomr\u00e5de med Evolve Ultra Series Selectorized Arms Machine (UL-410). Designet til professionelle\",\"breadcrumb\":{\"@id\":\"https:\/\/evolve-fitness.eu\/da\/vare\/evolve-ultra-series-selectorized-arms-machine-ul-410\/#breadcrumb\"},\"inLanguage\":\"da-DK\",\"potentialAction\":[{\"@type\":\"ReadAction\",\"target\":[\"https:\/\/evolve-fitness.eu\/da\/vare\/evolve-ultra-series-selectorized-arms-machine-ul-410\/\"]}]},{\"@type\":\"ImageObject\",\"inLanguage\":\"da-DK\",\"@id\":\"https:\/\/evolve-fitness.eu\/da\/vare\/evolve-ultra-series-selectorized-arms-machine-ul-410\/#primaryimage\",\"url\":\"https:\/\/evolve-fitness.eu\/wp-content\/uploads\/2025\/11\/EV-SC-UL-410-Evolve-Ultra-Series-Selectorized-Arms-Machine-1.png\",\"contentUrl\":\"https:\/\/evolve-fitness.eu\/wp-content\/uploads\/2025\/11\/EV-SC-UL-410-Evolve-Ultra-Series-Selectorized-Arms-Machine-1.png\",\"width\":1000,\"height\":1000},{\"@type\":\"BreadcrumbList\",\"@id\":\"https:\/\/evolve-fitness.eu\/da\/vare\/evolve-ultra-series-selectorized-arms-machine-ul-410\/#breadcrumb\",\"itemListElement\":[{\"@type\":\"ListItem\",\"position\":1,\"name\":\"Home\",\"item\":\"https:\/\/evolve-fitness.eu\/da\/\"},{\"@type\":\"ListItem\",\"position\":2,\"name\":\"Produkter\",\"item\":\"https:\/\/evolve-fitness.eu\/da\/shop\/\"},{\"@type\":\"ListItem\",\"position\":3,\"name\":\"Evolve Ultra Series Selectorized Arms Machine (UL-410)\"}]},{\"@type\":\"WebSite\",\"@id\":\"https:\/\/evolve-fitness.eu\/da\/#website\",\"url\":\"https:\/\/evolve-fitness.eu\/da\/\",\"name\":\"Evolve\",\"description\":\"Your Evolved Gear Arrived\",\"publisher\":{\"@id\":\"https:\/\/evolve-fitness.eu\/da\/#organization\"},\"potentialAction\":[{\"@type\":\"SearchAction\",\"target\":{\"@type\":\"EntryPoint\",\"urlTemplate\":\"https:\/\/evolve-fitness.eu\/da\/?s={search_term_string}\"},\"query-input\":{\"@type\":\"PropertyValueSpecification\",\"valueRequired\":true,\"valueName\":\"search_term_string\"}}],\"inLanguage\":\"da-DK\"},{\"@type\":\"Organization\",\"@id\":\"https:\/\/evolve-fitness.eu\/da\/#organization\",\"name\":\"Evolve\",\"url\":\"https:\/\/evolve-fitness.eu\/da\/\",\"logo\":{\"@type\":\"ImageObject\",\"inLanguage\":\"da-DK\",\"@id\":\"https:\/\/evolve-fitness.eu\/da\/#\/schema\/logo\/image\/\",\"url\":\"https:\/\/evolve-fitness.eu\/wp-content\/uploads\/2023\/05\/Evolve-logo.svg\",\"contentUrl\":\"https:\/\/evolve-fitness.eu\/wp-content\/uploads\/2023\/05\/Evolve-logo.svg\",\"width\":176,\"height\":20,\"caption\":\"Evolve\"},\"image\":{\"@id\":\"https:\/\/evolve-fitness.eu\/da\/#\/schema\/logo\/image\/\"},\"sameAs\":[\"https:\/\/www.facebook.com\/EvolveFitnessEurope\"]}]}<\/script>\n<!-- \/ Yoast SEO plugin. -->","yoast_head_json":{"title":"Evolve Ultra Series Selectorized Arms Machine (UL-410) - Evolve","description":"Udvid dit fitnesscenters styrketr\u00e6ningsomr\u00e5de med Evolve Ultra Series Selectorized Arms Machine (UL-410). Designet til professionelle","robots":{"index":"index","follow":"follow","max-snippet":"max-snippet:-1","max-image-preview":"max-image-preview:large","max-video-preview":"max-video-preview:-1"},"canonical":"https:\/\/evolve-fitness.eu\/da\/vare\/evolve-ultra-series-selectorized-arms-machine-ul-410\/","og_locale":"da_DK","og_type":"article","og_title":"Evolve Ultra Series Selectorized Arms Machine (UL-410) - Evolve","og_description":"Udvid dit fitnesscenters styrketr\u00e6ningsomr\u00e5de med Evolve Ultra Series Selectorized Arms Machine (UL-410). Designet til professionelle","og_url":"https:\/\/evolve-fitness.eu\/da\/vare\/evolve-ultra-series-selectorized-arms-machine-ul-410\/","og_site_name":"Evolve","article_publisher":"https:\/\/www.facebook.com\/EvolveFitnessEurope","article_modified_time":"2026-03-26T09:38:44+00:00","og_image":[{"width":1000,"height":1000,"url":"https:\/\/evolve-fitness.eu\/wp-content\/uploads\/2025\/11\/EV-SC-UL-410-Evolve-Ultra-Series-Selectorized-Arms-Machine-1.png","type":"image\/png"}],"twitter_card":"summary_large_image","schema":{"@context":"https:\/\/schema.org","@graph":[{"@type":"WebPage","@id":"https:\/\/evolve-fitness.eu\/da\/vare\/evolve-ultra-series-selectorized-arms-machine-ul-410\/","url":"https:\/\/evolve-fitness.eu\/da\/vare\/evolve-ultra-series-selectorized-arms-machine-ul-410\/","name":"Evolve Ultra Series Selectorized Arms Machine (UL-410) - Evolve","isPartOf":{"@id":"https:\/\/evolve-fitness.eu\/da\/#website"},"primaryImageOfPage":{"@id":"https:\/\/evolve-fitness.eu\/da\/vare\/evolve-ultra-series-selectorized-arms-machine-ul-410\/#primaryimage"},"image":{"@id":"https:\/\/evolve-fitness.eu\/da\/vare\/evolve-ultra-series-selectorized-arms-machine-ul-410\/#primaryimage"},"thumbnailUrl":"https:\/\/evolve-fitness.eu\/wp-content\/uploads\/2025\/11\/EV-SC-UL-410-Evolve-Ultra-Series-Selectorized-Arms-Machine-1.png","datePublished":"2025-11-14T14:22:34+00:00","dateModified":"2026-03-26T09:38:44+00:00","description":"Udvid dit fitnesscenters styrketr\u00e6ningsomr\u00e5de med Evolve Ultra Series Selectorized Arms Machine (UL-410). Designet til professionelle","breadcrumb":{"@id":"https:\/\/evolve-fitness.eu\/da\/vare\/evolve-ultra-series-selectorized-arms-machine-ul-410\/#breadcrumb"},"inLanguage":"da-DK","potentialAction":[{"@type":"ReadAction","target":["https:\/\/evolve-fitness.eu\/da\/vare\/evolve-ultra-series-selectorized-arms-machine-ul-410\/"]}]},{"@type":"ImageObject","inLanguage":"da-DK","@id":"https:\/\/evolve-fitness.eu\/da\/vare\/evolve-ultra-series-selectorized-arms-machine-ul-410\/#primaryimage","url":"https:\/\/evolve-fitness.eu\/wp-content\/uploads\/2025\/11\/EV-SC-UL-410-Evolve-Ultra-Series-Selectorized-Arms-Machine-1.png","contentUrl":"https:\/\/evolve-fitness.eu\/wp-content\/uploads\/2025\/11\/EV-SC-UL-410-Evolve-Ultra-Series-Selectorized-Arms-Machine-1.png","width":1000,"height":1000},{"@type":"BreadcrumbList","@id":"https:\/\/evolve-fitness.eu\/da\/vare\/evolve-ultra-series-selectorized-arms-machine-ul-410\/#breadcrumb","itemListElement":[{"@type":"ListItem","position":1,"name":"Home","item":"https:\/\/evolve-fitness.eu\/da\/"},{"@type":"ListItem","position":2,"name":"Produkter","item":"https:\/\/evolve-fitness.eu\/da\/shop\/"},{"@type":"ListItem","position":3,"name":"Evolve Ultra Series Selectorized Arms Machine (UL-410)"}]},{"@type":"WebSite","@id":"https:\/\/evolve-fitness.eu\/da\/#website","url":"https:\/\/evolve-fitness.eu\/da\/","name":"Evolve","description":"Your Evolved Gear Arrived","publisher":{"@id":"https:\/\/evolve-fitness.eu\/da\/#organization"},"potentialAction":[{"@type":"SearchAction","target":{"@type":"EntryPoint","urlTemplate":"https:\/\/evolve-fitness.eu\/da\/?s={search_term_string}"},"query-input":{"@type":"PropertyValueSpecification","valueRequired":true,"valueName":"search_term_string"}}],"inLanguage":"da-DK"},{"@type":"Organization","@id":"https:\/\/evolve-fitness.eu\/da\/#organization","name":"Evolve","url":"https:\/\/evolve-fitness.eu\/da\/","logo":{"@type":"ImageObject","inLanguage":"da-DK","@id":"https:\/\/evolve-fitness.eu\/da\/#\/schema\/logo\/image\/","url":"https:\/\/evolve-fitness.eu\/wp-content\/uploads\/2023\/05\/Evolve-logo.svg","contentUrl":"https:\/\/evolve-fitness.eu\/wp-content\/uploads\/2023\/05\/Evolve-logo.svg","width":176,"height":20,"caption":"Evolve"},"image":{"@id":"https:\/\/evolve-fitness.eu\/da\/#\/schema\/logo\/image\/"},"sameAs":["https:\/\/www.facebook.com\/EvolveFitnessEurope"]}]}},"_links":{"self":[{"href":"https:\/\/evolve-fitness.eu\/da\/wp-json\/wp\/v2\/product\/214411","targetHints":{"allow":["GET"]}}],"collection":[{"href":"https:\/\/evolve-fitness.eu\/da\/wp-json\/wp\/v2\/product"}],"about":[{"href":"https:\/\/evolve-fitness.eu\/da\/wp-json\/wp\/v2\/types\/product"}],"wp:featuredmedia":[{"embeddable":true,"href":"https:\/\/evolve-fitness.eu\/da\/wp-json\/wp\/v2\/media\/214417"}],"wp:attachment":[{"href":"https:\/\/evolve-fitness.eu\/da\/wp-json\/wp\/v2\/media?parent=214411"}],"wp:term":[{"taxonomy":"product_brand","embeddable":true,"href":"https:\/\/evolve-fitness.eu\/da\/wp-json\/wp\/v2\/product_brand?post=214411"},{"taxonomy":"product_cat","embeddable":true,"href":"https:\/\/evolve-fitness.eu\/da\/wp-json\/wp\/v2\/product_cat?post=214411"},{"taxonomy":"product_tag","embeddable":true,"href":"https:\/\/evolve-fitness.eu\/da\/wp-json\/wp\/v2\/product_tag?post=214411"}],"curies":[{"name":"wp","href":"https:\/\/api.w.org\/{rel}","templated":true}]}}