{"id":214570,"date":"2025-11-17T13:28:50","date_gmt":"2025-11-17T11:28:50","guid":{"rendered":"https:\/\/evolve-fitness.eu\/product\/evolve-ultra-series-selectorized-arm-curl-extension-maskine-ul-440\/"},"modified":"2026-03-26T11:50:50","modified_gmt":"2026-03-26T09:50:50","slug":"evolve-ultra-series-selectorized-arm-curl-extension-maskine-ul-440","status":"publish","type":"product","link":"https:\/\/evolve-fitness.eu\/da\/vare\/evolve-ultra-series-selectorized-arm-curl-extension-maskine-ul-440\/","title":{"rendered":"Evolve Ultra Series Selectorized Arm Curl &amp; Extension-maskine (UL-440)"},"content":{"rendered":"\n<section class=\"wp-block-group alignfull black-content has-white-color has-darkgray-background-color has-text-color has-background is-layout-constrained wp-block-group-is-layout-constrained\" style=\"padding-top:var(--wp--preset--spacing--section-bottom);padding-bottom:var(--wp--preset--spacing--section-bottom)\">\n<div class=\"wp-block-columns alignwide mobile-reverse is-layout-flex wp-container-core-columns-is-layout-ca64bf2d wp-block-columns-is-layout-flex\" style=\"margin-bottom:var(--wp--preset--spacing--side-padding)\">\n<div class=\"wp-block-column is-vertically-aligned-center is-layout-flow wp-block-column-is-layout-flow\">\n<h3 class=\"wp-block-heading\" style=\"margin-bottom:var(--wp--preset--spacing--h-3-bottom)\"><strong><strong><strong><strong><strong><strong><strong><strong><strong><strong><strong>Evolve Ultra Series Selectorized Arm Curl &amp; Extension-maskine (UL-440)<\/strong><\/strong><\/strong><\/strong><\/strong><\/strong><\/strong><\/strong><\/strong><\/strong><\/strong><\/h3>\n\n\n\n<p style=\"margin-bottom:var(--wp--preset--spacing--tb-section-padding)\">Evolve Ultra Series Selectorized Arm Curl &amp; Extension Machine (UL-440) kombinerer biceps curls og triceps extensions i \u00e9n kompakt styrkemaskine med to funktioner. Den selekterede v\u00e6gtstabel giver en j\u00e6vn og pr\u00e6cis justering af modstanden, hvilket g\u00f8r den velegnet til brugere p\u00e5 alle fitnessniveauer. Med en ergonomisk formet armpude, et drejeligt h\u00e5ndtagssystem og en guidet bev\u00e6gelsesbane underst\u00f8tter UL-440 korrekt ledjustering, n\u00f8jagtig muskelm\u00e5lretning og kontrolleret bev\u00e6gelse gennem hver gentagelse. Den er bygget af st\u00e5l i kommerciel kvalitet og leverer langvarig holdbarhed og p\u00e5lidelig ydeevne, hvilket g\u00f8r den til et fremragende valg til professionelle fitnesscentre og f\u00f8rsteklasses fitnessrum i hjemmet.   <br\/><\/p>\n<\/div>\n\n\n\n<div class=\"wp-block-column is-vertically-aligned-center is-layout-flow wp-block-column-is-layout-flow\">\n<figure class=\"wp-block-image size-full\"><img decoding=\"async\" src=\"https:\/\/store.evolve-fitness.eu\/wp-content\/uploads\/2025\/11\/EV-SC-UL-440-Evolve-Ultra-Series-Selectorized-Arm-Curl-and-Extension-Mac-3-3.png\" alt=\"\" class=\"wp-image-147032\"\/><\/figure>\n<\/div>\n<\/div>\n\n\n\n<div class=\"wp-block-columns alignwide are-vertically-aligned-center mobile-reverse is-layout-flex wp-container-core-columns-is-layout-e8158c2f wp-block-columns-is-layout-flex\" style=\"padding-top:var(--wp--preset--spacing--side-padding)\">\n<div class=\"wp-block-column is-vertically-aligned-center is-layout-flow wp-block-column-is-layout-flow\">\n<figure class=\"wp-block-video\"><video height=\"1080\" style=\"aspect-ratio: 1920 \/ 1080;\" width=\"1920\" autoplay=\"\" controls=\"\" loop=\"\" muted=\"\" src=\"https:\/\/evolve-fitness.eu\/wp-content\/uploads\/2023\/08\/EV-SC-UL-220Easy-Staart.mp4\"><\/video><\/figure>\n<\/div>\n\n\n\n<div class=\"wp-block-column is-vertically-aligned-center is-layout-flow wp-block-column-is-layout-flow\">\n<h3 class=\"wp-block-heading\" style=\"margin-bottom:var(--wp--preset--spacing--h-3-bottom)\"><strong><strong>Optimale h\u00e5ndgreb<\/strong><\/strong><\/h3>\n\n\n\n<p><strong><em><strong><em><strong><em><strong><em>En bedre fitnessoplevelse<\/em><\/strong><\/em><\/strong><\/em><\/strong><\/em><\/strong><\/p>\n\n\n\n<p style=\"margin-bottom:var(--wp--preset--spacing--tb-section-padding)\">At tiltr\u00e6kke og fastholde kunder er afg\u00f8rende for enhver ejer af et fitnesscenter og leder af et fitnesscenter. Dette udstyr er omhyggeligt designet til komfort og sikkerhed og forbedrer den samlede tr\u00e6ningsoplevelse og fremmer tilliden under hver session. Det hj\u00e6lper med at holde kunderne engagerede, motiverede og fokuserede p\u00e5 at n\u00e5 deres fitnessm\u00e5l i dit center.  <br\/><\/p>\n<\/div>\n<\/div>\n\n\n\n<div class=\"wp-block-columns alignwide are-vertically-aligned-center mobile-reverse is-layout-flex wp-container-core-columns-is-layout-e8158c2f wp-block-columns-is-layout-flex\" style=\"padding-top:var(--wp--preset--spacing--side-padding)\">\n<div class=\"wp-block-column is-vertically-aligned-center is-layout-flow wp-block-column-is-layout-flow\">\n<h3 class=\"wp-block-heading\" style=\"margin-bottom:var(--wp--preset--spacing--h-3-bottom)\"><strong>Kabel<\/strong><\/h3>\n\n\n\n<p><strong><em><strong><em>Overlegen kvalitet<\/em><\/strong><\/em><\/strong><\/p>\n\n\n\n<p style=\"margin-bottom:var(--wp--preset--spacing--tb-section-padding)\">Evolve Ultra Series-maskiner bruger kabler af overlegen kvalitet, der er konstrueret til enest\u00e5ende styrke, holdbarhed og j\u00e6vn ydelse. Hvert kabel har seks hovedtr\u00e5de, hvor hver tr\u00e5d best\u00e5r af 19 snoede tr\u00e5de, en bel\u00e6gning af polyamid 12 (PA12) og en diameter p\u00e5 5 mm. Med en brudstyrke p\u00e5 9000 kN er disse kabler bygget til enest\u00e5ende p\u00e5lidelighed i kr\u00e6vende kommercielle milj\u00f8er. Uanset om du udf\u00f8rer bicepscurls, brystpres, lat pulldowns eller andre styrketr\u00e6nings\u00f8velser, sikrer det h\u00f8jtydende kabelsystem j\u00e6vn bev\u00e6gelse og ensartet modstand for en effektiv, kontrolleret og behagelig tr\u00e6ningsoplevelse.<\/p>\n<\/div>\n\n\n\n<div class=\"wp-block-column is-vertically-aligned-center is-layout-flow wp-block-column-is-layout-flow\">\n<figure class=\"wp-block-video\"><video height=\"720\" style=\"aspect-ratio: 1280 \/ 720;\" width=\"1280\" autoplay=\"\" controls=\"\" loop=\"\" muted=\"\" src=\"https:\/\/evolve-fitness.eu\/wp-content\/uploads\/2023\/10\/Evolve-cable.mp4\"><\/video><\/figure>\n<\/div>\n<\/div>\n\n\n\n<div class=\"wp-block-columns alignwide are-vertically-aligned-center mobile-reverse is-layout-flex wp-container-core-columns-is-layout-e8158c2f wp-block-columns-is-layout-flex\" style=\"padding-top:var(--wp--preset--spacing--side-padding)\">\n<div class=\"wp-block-column is-vertically-aligned-center is-layout-flow wp-block-column-is-layout-flow\">\n<figure class=\"wp-block-video\"><video height=\"1080\" style=\"aspect-ratio: 1920 \/ 1080;\" width=\"1920\" autoplay=\"\" controls=\"\" loop=\"\" muted=\"\" src=\"https:\/\/evolve-fitness.eu\/wp-content\/uploads\/2023\/08\/UL-040-Weight-Stack.mp4\"><\/video><\/figure>\n<\/div>\n\n\n\n<div class=\"wp-block-column is-vertically-aligned-center is-layout-flow wp-block-column-is-layout-flow\">\n<h3 class=\"wp-block-heading\" style=\"margin-bottom:var(--wp--preset--spacing--h-3-bottom)\"><strong>V\u00e6gtstabel<\/strong><\/h3>\n\n\n\n<p><strong><em><strong><em>En bedre fitnessoplevelse<\/em><\/strong><\/em><\/strong><\/p>\n\n\n\n<p style=\"margin-bottom:var(--wp--preset--spacing--tb-section-padding)\">Evolve Ultra Series Selectorized Biceps Curl-maskine har en v\u00e6gtstabel p\u00e5 80 kg med mulighed for at opgradere til 142 kg for brugere, der \u00f8nsker st\u00f8rre tr\u00e6ningsintensitet. Den fuldt indkapslede v\u00e6gtstabel forbedrer sikkerheden under tr\u00e6ningen, samtidig med at den bidrager til maskinens rene, moderne og professionelle design. <\/p>\n<\/div>\n<\/div>\n\n\n\n<div class=\"wp-block-columns alignwide are-vertically-aligned-center mobile-reverse is-layout-flex wp-container-core-columns-is-layout-e8158c2f wp-block-columns-is-layout-flex\" style=\"padding-top:var(--wp--preset--spacing--side-padding)\">\n<div class=\"wp-block-column is-vertically-aligned-center is-layout-flow wp-block-column-is-layout-flow\">\n<h3 class=\"wp-block-heading\" style=\"margin-bottom:var(--wp--preset--spacing--h-3-bottom)\"><strong>Holdbar og beskyttende<\/strong><\/h3>\n\n\n\n<p><strong><em><strong><em>Elektrostatisk pulverlakeret<\/em><\/strong><\/em><\/strong><\/p>\n\n\n\n<p style=\"margin-bottom:var(--wp--preset--spacing--tb-section-padding)\">Evolve Ultra Series-styrkemaskinerne har en elektrostatisk pulverlakeret perlesort, mat ramme, der giver en perfekt balance mellem stil og funktionalitet. Den raffinerede matte finish forbedrer maskinens f\u00f8rsteklasses udseende, mens dens friktionsbestandige, korrosionsbeskyttende og ridsefaste egenskaber sikrer enest\u00e5ende holdbarhed og langvarig p\u00e5lidelighed i kr\u00e6vende fitnessmilj\u00f8er. Beskyttende skjolde De robuste gummif\u00f8dder p\u00e5 Evolve Ultra Series-maskinerne fungerer som beskyttende skjolde, der hj\u00e6lper med at forhindre potentielle skader p\u00e5 gulvoverflader under brug. Disse kraftige gummif\u00f8dder er designet til b\u00e5de beskyttelse og stabilitet og beskytter ikke kun gulvet, men forbedrer ogs\u00e5 maskinens overordnede balance og sikre placering.   <\/p>\n<\/div>\n\n\n\n<div class=\"wp-block-column is-vertically-aligned-center is-layout-flow wp-block-column-is-layout-flow\">\n<figure class=\"wp-block-video\"><video height=\"720\" style=\"aspect-ratio: 1280 \/ 720;\" width=\"1280\" autoplay=\"\" controls=\"\" loop=\"\" muted=\"\" src=\"https:\/\/evolve-fitness.eu\/wp-content\/uploads\/2023\/10\/Evolve-Double-powder-coated-Frame.mp4\"><\/video><\/figure>\n<\/div>\n<\/div>\n<\/section>\n\n<p>ype \/ for at v\u00e6lge en blok<\/p>\n","protected":false},"excerpt":{"rendered":"<p>Evolve Ultra Series Plate Loaded Selectorized Arm Curl &amp; Extension Machine (UL-440) kombinerer to vigtige arm\u00f8velser &#8211; biceps curls og triceps extensions &#8211; i \u00e9n effektiv enhed. Dens Plate Loaded selectorized-system muligg\u00f8r hurtige og pr\u00e6cise modstandsjusteringer, hvilket sikrer kontrolleret og m\u00e5lrettet muskelaktivering. Ergonomiske armst\u00f8tter og h\u00e5ndtagspositionering opretholder optimal tilpasning, hvilket forbedrer komforten og reducerer un\u00f8dvendig belastning. UL-440 er bygget af st\u00e5l i kommerciel kvalitet med en f\u00f8rsteklasses finish og leverer holdbarhed og j\u00e6vn, styret bev\u00e6gelse, der er velegnet til h\u00f8jintensiv brug. Med sit kompakte fodaftryk og p\u00e5lidelige ydeevne er den et ideelt valg til professionelle tr\u00e6ningsmilj\u00f8er, der s\u00f8ger alsidigt udstyr til overkroppen.    <\/p>\n","protected":false},"featured_media":214571,"template":"","meta":{"_acf_changed":false,"inline_featured_image":false},"product_brand":[],"product_cat":[2556,3843],"product_tag":[],"class_list":{"0":"post-214570","1":"product","2":"type-product","3":"status-publish","4":"has-post-thumbnail","6":"product_cat-selekterede-maskiner","7":"product_cat-ultra-series-maskiner-med-valgfri-funktion","9":"first","10":"instock","11":"shipping-taxable","12":"purchasable","13":"product-type-simple"},"acf":{"long_title":"Evolve Ultra Series Selectorized Arm Curl & Extension-maskine (UL-440)","subtitle":"","specifications":[{"label":"VARENUMMER","text_value":"EV-SC-UL-440","icon":"x"},{"label":"Dimensioner","text_value":"1380 x 1207 x 1602 mm","icon":"x"},{"label":"V\u00e6gt","text_value":"142 kg","icon":"x"},{"label":"V\u00e6gtstabel","text_value":"80 kg","icon":"x"},{"label":"Max. V\u00e6gtstabel","text_value":"117,5 kg","icon":"x"},{"label":"Ramme tykkelse","text_value":"3 mm","icon":"x"},{"label":"\u00d8verste v\u00e6gtskive","text_value":"","icon":"v"},{"label":"Justerbar tr\u00e6ningsposition","text_value":"","icon":"v"},{"label":"Magnetisk v\u00e6gtstang","text_value":"","icon":"v"},{"label":"Skilt med tr\u00e6ningsinstruktioner","text_value":"","icon":"v"},{"label":"Indkapslet v\u00e6gtstabel","text_value":"","icon":"v"},{"label":"Holdbare gulvbeskyttere","text_value":"","icon":"v"},{"label":"Korrosionsbeskyttende maling","text_value":"","icon":"v"},{"label":"Tyk polstring betrukket med PU-l\u00e6der","text_value":"","icon":"v"},{"label":"Nylonkabel","text_value":"2 \u00e5r","icon":"v"},{"label":"Skridsikre h\u00e5ndtag","text_value":"","icon":"v"},{"label":"Garanti","text_value":"2 \u00e5r","icon":"x"}]},"yoast_head":"<!-- This site is optimized with the Yoast SEO plugin v26.6 - https:\/\/yoast.com\/wordpress\/plugins\/seo\/ -->\n<title>Evolve Ultra Series Selectorized Arm Curl &amp; Extension-maskine (UL-440) - Evolve<\/title>\n<meta name=\"description\" content=\"Evolve Ultra Series Plate Loaded Selectorized Arm Curl &amp; Extension Machine (UL-440) kombinerer to vigtige arm\u00f8velser\" \/>\n<meta name=\"robots\" content=\"index, follow, max-snippet:-1, max-image-preview:large, max-video-preview:-1\" \/>\n<link rel=\"canonical\" href=\"https:\/\/evolve-fitness.eu\/da\/vare\/evolve-ultra-series-selectorized-arm-curl-extension-maskine-ul-440\/\" \/>\n<meta property=\"og:locale\" content=\"da_DK\" \/>\n<meta property=\"og:type\" content=\"article\" \/>\n<meta property=\"og:title\" content=\"Evolve Ultra Series Selectorized Arm Curl &amp; Extension-maskine (UL-440) - Evolve\" \/>\n<meta property=\"og:description\" content=\"Evolve Ultra Series Plate Loaded Selectorized Arm Curl &amp; Extension Machine (UL-440) kombinerer to vigtige arm\u00f8velser\" \/>\n<meta property=\"og:url\" content=\"https:\/\/evolve-fitness.eu\/da\/vare\/evolve-ultra-series-selectorized-arm-curl-extension-maskine-ul-440\/\" \/>\n<meta property=\"og:site_name\" content=\"Evolve\" \/>\n<meta property=\"article:publisher\" content=\"https:\/\/www.facebook.com\/EvolveFitnessEurope\" \/>\n<meta property=\"article:modified_time\" content=\"2026-03-26T09:50:50+00:00\" \/>\n<meta property=\"og:image\" content=\"https:\/\/evolve-fitness.eu\/wp-content\/uploads\/2025\/11\/EV-SC-UL-440-Evolve-Ultra-Series-Selectorized-Arm-Curl-and-Extension-Mac-3.png\" \/>\n\t<meta property=\"og:image:width\" content=\"1000\" \/>\n\t<meta property=\"og:image:height\" content=\"1000\" \/>\n\t<meta property=\"og:image:type\" content=\"image\/png\" \/>\n<meta name=\"twitter:card\" content=\"summary_large_image\" \/>\n<script type=\"application\/ld+json\" class=\"yoast-schema-graph\">{\"@context\":\"https:\/\/schema.org\",\"@graph\":[{\"@type\":\"WebPage\",\"@id\":\"https:\/\/evolve-fitness.eu\/da\/vare\/evolve-ultra-series-selectorized-arm-curl-extension-maskine-ul-440\/\",\"url\":\"https:\/\/evolve-fitness.eu\/da\/vare\/evolve-ultra-series-selectorized-arm-curl-extension-maskine-ul-440\/\",\"name\":\"Evolve Ultra Series Selectorized Arm Curl &amp; Extension-maskine (UL-440) - Evolve\",\"isPartOf\":{\"@id\":\"https:\/\/evolve-fitness.eu\/da\/#website\"},\"primaryImageOfPage\":{\"@id\":\"https:\/\/evolve-fitness.eu\/da\/vare\/evolve-ultra-series-selectorized-arm-curl-extension-maskine-ul-440\/#primaryimage\"},\"image\":{\"@id\":\"https:\/\/evolve-fitness.eu\/da\/vare\/evolve-ultra-series-selectorized-arm-curl-extension-maskine-ul-440\/#primaryimage\"},\"thumbnailUrl\":\"https:\/\/evolve-fitness.eu\/wp-content\/uploads\/2025\/11\/EV-SC-UL-440-Evolve-Ultra-Series-Selectorized-Arm-Curl-and-Extension-Mac-3.png\",\"datePublished\":\"2025-11-17T11:28:50+00:00\",\"dateModified\":\"2026-03-26T09:50:50+00:00\",\"description\":\"Evolve Ultra Series Plate Loaded Selectorized Arm Curl & Extension Machine (UL-440) kombinerer to vigtige arm\u00f8velser\",\"breadcrumb\":{\"@id\":\"https:\/\/evolve-fitness.eu\/da\/vare\/evolve-ultra-series-selectorized-arm-curl-extension-maskine-ul-440\/#breadcrumb\"},\"inLanguage\":\"da-DK\",\"potentialAction\":[{\"@type\":\"ReadAction\",\"target\":[\"https:\/\/evolve-fitness.eu\/da\/vare\/evolve-ultra-series-selectorized-arm-curl-extension-maskine-ul-440\/\"]}]},{\"@type\":\"ImageObject\",\"inLanguage\":\"da-DK\",\"@id\":\"https:\/\/evolve-fitness.eu\/da\/vare\/evolve-ultra-series-selectorized-arm-curl-extension-maskine-ul-440\/#primaryimage\",\"url\":\"https:\/\/evolve-fitness.eu\/wp-content\/uploads\/2025\/11\/EV-SC-UL-440-Evolve-Ultra-Series-Selectorized-Arm-Curl-and-Extension-Mac-3.png\",\"contentUrl\":\"https:\/\/evolve-fitness.eu\/wp-content\/uploads\/2025\/11\/EV-SC-UL-440-Evolve-Ultra-Series-Selectorized-Arm-Curl-and-Extension-Mac-3.png\",\"width\":1000,\"height\":1000},{\"@type\":\"BreadcrumbList\",\"@id\":\"https:\/\/evolve-fitness.eu\/da\/vare\/evolve-ultra-series-selectorized-arm-curl-extension-maskine-ul-440\/#breadcrumb\",\"itemListElement\":[{\"@type\":\"ListItem\",\"position\":1,\"name\":\"Home\",\"item\":\"https:\/\/evolve-fitness.eu\/da\/\"},{\"@type\":\"ListItem\",\"position\":2,\"name\":\"Produkter\",\"item\":\"https:\/\/evolve-fitness.eu\/da\/shop\/\"},{\"@type\":\"ListItem\",\"position\":3,\"name\":\"Evolve Ultra Series Selectorized Arm Curl &amp; Extension-maskine (UL-440)\"}]},{\"@type\":\"WebSite\",\"@id\":\"https:\/\/evolve-fitness.eu\/da\/#website\",\"url\":\"https:\/\/evolve-fitness.eu\/da\/\",\"name\":\"Evolve\",\"description\":\"Your Evolved Gear Arrived\",\"publisher\":{\"@id\":\"https:\/\/evolve-fitness.eu\/da\/#organization\"},\"potentialAction\":[{\"@type\":\"SearchAction\",\"target\":{\"@type\":\"EntryPoint\",\"urlTemplate\":\"https:\/\/evolve-fitness.eu\/da\/?s={search_term_string}\"},\"query-input\":{\"@type\":\"PropertyValueSpecification\",\"valueRequired\":true,\"valueName\":\"search_term_string\"}}],\"inLanguage\":\"da-DK\"},{\"@type\":\"Organization\",\"@id\":\"https:\/\/evolve-fitness.eu\/da\/#organization\",\"name\":\"Evolve\",\"url\":\"https:\/\/evolve-fitness.eu\/da\/\",\"logo\":{\"@type\":\"ImageObject\",\"inLanguage\":\"da-DK\",\"@id\":\"https:\/\/evolve-fitness.eu\/da\/#\/schema\/logo\/image\/\",\"url\":\"https:\/\/evolve-fitness.eu\/wp-content\/uploads\/2023\/05\/Evolve-logo.svg\",\"contentUrl\":\"https:\/\/evolve-fitness.eu\/wp-content\/uploads\/2023\/05\/Evolve-logo.svg\",\"width\":176,\"height\":20,\"caption\":\"Evolve\"},\"image\":{\"@id\":\"https:\/\/evolve-fitness.eu\/da\/#\/schema\/logo\/image\/\"},\"sameAs\":[\"https:\/\/www.facebook.com\/EvolveFitnessEurope\"]}]}<\/script>\n<!-- \/ Yoast SEO plugin. -->","yoast_head_json":{"title":"Evolve Ultra Series Selectorized Arm Curl &amp; Extension-maskine (UL-440) - Evolve","description":"Evolve Ultra Series Plate Loaded Selectorized Arm Curl & Extension Machine (UL-440) kombinerer to vigtige arm\u00f8velser","robots":{"index":"index","follow":"follow","max-snippet":"max-snippet:-1","max-image-preview":"max-image-preview:large","max-video-preview":"max-video-preview:-1"},"canonical":"https:\/\/evolve-fitness.eu\/da\/vare\/evolve-ultra-series-selectorized-arm-curl-extension-maskine-ul-440\/","og_locale":"da_DK","og_type":"article","og_title":"Evolve Ultra Series Selectorized Arm Curl &amp; Extension-maskine (UL-440) - Evolve","og_description":"Evolve Ultra Series Plate Loaded Selectorized Arm Curl & Extension Machine (UL-440) kombinerer to vigtige arm\u00f8velser","og_url":"https:\/\/evolve-fitness.eu\/da\/vare\/evolve-ultra-series-selectorized-arm-curl-extension-maskine-ul-440\/","og_site_name":"Evolve","article_publisher":"https:\/\/www.facebook.com\/EvolveFitnessEurope","article_modified_time":"2026-03-26T09:50:50+00:00","og_image":[{"width":1000,"height":1000,"url":"https:\/\/evolve-fitness.eu\/wp-content\/uploads\/2025\/11\/EV-SC-UL-440-Evolve-Ultra-Series-Selectorized-Arm-Curl-and-Extension-Mac-3.png","type":"image\/png"}],"twitter_card":"summary_large_image","schema":{"@context":"https:\/\/schema.org","@graph":[{"@type":"WebPage","@id":"https:\/\/evolve-fitness.eu\/da\/vare\/evolve-ultra-series-selectorized-arm-curl-extension-maskine-ul-440\/","url":"https:\/\/evolve-fitness.eu\/da\/vare\/evolve-ultra-series-selectorized-arm-curl-extension-maskine-ul-440\/","name":"Evolve Ultra Series Selectorized Arm Curl &amp; Extension-maskine (UL-440) - Evolve","isPartOf":{"@id":"https:\/\/evolve-fitness.eu\/da\/#website"},"primaryImageOfPage":{"@id":"https:\/\/evolve-fitness.eu\/da\/vare\/evolve-ultra-series-selectorized-arm-curl-extension-maskine-ul-440\/#primaryimage"},"image":{"@id":"https:\/\/evolve-fitness.eu\/da\/vare\/evolve-ultra-series-selectorized-arm-curl-extension-maskine-ul-440\/#primaryimage"},"thumbnailUrl":"https:\/\/evolve-fitness.eu\/wp-content\/uploads\/2025\/11\/EV-SC-UL-440-Evolve-Ultra-Series-Selectorized-Arm-Curl-and-Extension-Mac-3.png","datePublished":"2025-11-17T11:28:50+00:00","dateModified":"2026-03-26T09:50:50+00:00","description":"Evolve Ultra Series Plate Loaded Selectorized Arm Curl & Extension Machine (UL-440) kombinerer to vigtige arm\u00f8velser","breadcrumb":{"@id":"https:\/\/evolve-fitness.eu\/da\/vare\/evolve-ultra-series-selectorized-arm-curl-extension-maskine-ul-440\/#breadcrumb"},"inLanguage":"da-DK","potentialAction":[{"@type":"ReadAction","target":["https:\/\/evolve-fitness.eu\/da\/vare\/evolve-ultra-series-selectorized-arm-curl-extension-maskine-ul-440\/"]}]},{"@type":"ImageObject","inLanguage":"da-DK","@id":"https:\/\/evolve-fitness.eu\/da\/vare\/evolve-ultra-series-selectorized-arm-curl-extension-maskine-ul-440\/#primaryimage","url":"https:\/\/evolve-fitness.eu\/wp-content\/uploads\/2025\/11\/EV-SC-UL-440-Evolve-Ultra-Series-Selectorized-Arm-Curl-and-Extension-Mac-3.png","contentUrl":"https:\/\/evolve-fitness.eu\/wp-content\/uploads\/2025\/11\/EV-SC-UL-440-Evolve-Ultra-Series-Selectorized-Arm-Curl-and-Extension-Mac-3.png","width":1000,"height":1000},{"@type":"BreadcrumbList","@id":"https:\/\/evolve-fitness.eu\/da\/vare\/evolve-ultra-series-selectorized-arm-curl-extension-maskine-ul-440\/#breadcrumb","itemListElement":[{"@type":"ListItem","position":1,"name":"Home","item":"https:\/\/evolve-fitness.eu\/da\/"},{"@type":"ListItem","position":2,"name":"Produkter","item":"https:\/\/evolve-fitness.eu\/da\/shop\/"},{"@type":"ListItem","position":3,"name":"Evolve Ultra Series Selectorized Arm Curl &amp; Extension-maskine (UL-440)"}]},{"@type":"WebSite","@id":"https:\/\/evolve-fitness.eu\/da\/#website","url":"https:\/\/evolve-fitness.eu\/da\/","name":"Evolve","description":"Your Evolved Gear Arrived","publisher":{"@id":"https:\/\/evolve-fitness.eu\/da\/#organization"},"potentialAction":[{"@type":"SearchAction","target":{"@type":"EntryPoint","urlTemplate":"https:\/\/evolve-fitness.eu\/da\/?s={search_term_string}"},"query-input":{"@type":"PropertyValueSpecification","valueRequired":true,"valueName":"search_term_string"}}],"inLanguage":"da-DK"},{"@type":"Organization","@id":"https:\/\/evolve-fitness.eu\/da\/#organization","name":"Evolve","url":"https:\/\/evolve-fitness.eu\/da\/","logo":{"@type":"ImageObject","inLanguage":"da-DK","@id":"https:\/\/evolve-fitness.eu\/da\/#\/schema\/logo\/image\/","url":"https:\/\/evolve-fitness.eu\/wp-content\/uploads\/2023\/05\/Evolve-logo.svg","contentUrl":"https:\/\/evolve-fitness.eu\/wp-content\/uploads\/2023\/05\/Evolve-logo.svg","width":176,"height":20,"caption":"Evolve"},"image":{"@id":"https:\/\/evolve-fitness.eu\/da\/#\/schema\/logo\/image\/"},"sameAs":["https:\/\/www.facebook.com\/EvolveFitnessEurope"]}]}},"_links":{"self":[{"href":"https:\/\/evolve-fitness.eu\/da\/wp-json\/wp\/v2\/product\/214570","targetHints":{"allow":["GET"]}}],"collection":[{"href":"https:\/\/evolve-fitness.eu\/da\/wp-json\/wp\/v2\/product"}],"about":[{"href":"https:\/\/evolve-fitness.eu\/da\/wp-json\/wp\/v2\/types\/product"}],"wp:featuredmedia":[{"embeddable":true,"href":"https:\/\/evolve-fitness.eu\/da\/wp-json\/wp\/v2\/media\/214571"}],"wp:attachment":[{"href":"https:\/\/evolve-fitness.eu\/da\/wp-json\/wp\/v2\/media?parent=214570"}],"wp:term":[{"taxonomy":"product_brand","embeddable":true,"href":"https:\/\/evolve-fitness.eu\/da\/wp-json\/wp\/v2\/product_brand?post=214570"},{"taxonomy":"product_cat","embeddable":true,"href":"https:\/\/evolve-fitness.eu\/da\/wp-json\/wp\/v2\/product_cat?post=214570"},{"taxonomy":"product_tag","embeddable":true,"href":"https:\/\/evolve-fitness.eu\/da\/wp-json\/wp\/v2\/product_tag?post=214570"}],"curies":[{"name":"wp","href":"https:\/\/api.w.org\/{rel}","templated":true}]}}