{"id":225028,"date":"2026-03-13T14:40:53","date_gmt":"2026-03-13T12:40:53","guid":{"rendered":"https:\/\/evolve-fitness.eu\/?post_type=product&#038;p=225028"},"modified":"2026-03-13T15:09:46","modified_gmt":"2026-03-13T13:09:46","slug":"evolve-ultra-series-pladebelastet-glute-maskine-ul-625-copy","status":"publish","type":"product","link":"https:\/\/evolve-fitness.eu\/da\/vare\/evolve-ultra-series-pladebelastet-glute-maskine-ul-625-copy\/","title":{"rendered":"Evolve Ultra Series pladebelastet multi &#8211; d\u00f8dl\u00f8ft (UL-585)"},"content":{"rendered":"\n<section class=\"wp-block-group alignfull black-content has-white-color has-darkgray-background-color has-text-color has-background is-layout-constrained wp-block-group-is-layout-constrained\" style=\"padding-top:var(--wp--preset--spacing--section-bottom);padding-bottom:var(--wp--preset--spacing--section-bottom)\">\n<div class=\"wp-block-columns alignwide mobile-reverse is-layout-flex wp-container-core-columns-is-layout-ca64bf2d wp-block-columns-is-layout-flex\" style=\"margin-bottom:var(--wp--preset--spacing--side-padding)\">\n<div class=\"wp-block-column is-vertically-aligned-center is-layout-flow wp-block-column-is-layout-flow\">\n<h3 class=\"wp-block-heading\" style=\"margin-bottom:var(--wp--preset--spacing--h-3-bottom)\"><strong><strong><strong><strong><strong><strong><strong><strong><strong><strong><strong>Evolve Ultra Series Plate Loaded Multi &#8211; D\u00f8dl\u00f8ft  <\/strong><\/strong><\/strong><\/strong><\/strong><\/strong><\/strong><\/strong><\/strong><\/strong><\/strong><\/h3>\n\n\n\n<p style=\"margin-bottom:var(--wp--preset--spacing--tb-section-padding)\"><strong>Evolve Ultra Series Plate Loaded Multi-Deadlift (UL-585)<\/strong> er en f\u00f8rsteklasses styrketr\u00e6ningsl\u00f8sning, der er udviklet til effektiv tr\u00e6ning med fokus p\u00e5 d\u00f8dl\u00f8ft i kommercielle fitnesscentre. Den er designet til at forbedre udviklingen af underkroppen og bagk\u00e6den og giver brugerne mulighed for at udf\u00f8re kraftfulde l\u00f8ftebev\u00e6gelser i en kontrolleret og sikker tr\u00e6ningsposition. Det g\u00f8r den til et fremragende valg for atleter, styrkeentusiaster og almindelige brugere af fitnesscentre, der \u00f8nsker at opbygge funktionel styrke.  <\/p>\n\n\n\n<p>UL-585 er konstrueret med en kraftig ramme og er bygget til at modst\u00e5 intensiv daglig brug i meget trafikerede tr\u00e6ningsmilj\u00f8er. Plate Loaded-designet giver en enkel og p\u00e5lidelig m\u00e5de at justere modstanden p\u00e5, s\u00e5 brugerne kan skr\u00e6ddersy tr\u00e6ningen til deres individuelle styrkeniveau og tr\u00e6ningsm\u00e5l. Den solide konstruktion sikrer langsigtet ydeevne, stabilitet og sikkerhed under hver session.  <\/p>\n\n\n\n<p>Det ergonomiske layout er designet til at fremme korrekt kropspositionering og effektiv l\u00f8ftemekanik. Det hj\u00e6lper brugerne med at bevare komfort og kontrol under tr\u00e6ningen, samtidig med at de maksimerer muskelaktiveringen. Maskinen er velegnet til en r\u00e6kke forskellige styrketr\u00e6ningsrutiner og underst\u00f8tter effektiv udvikling af baller, haser og andre vigtige muskelgrupper i underkroppen.  <\/p>\n\n\n\n<p style=\"margin-bottom:var(--wp--preset--spacing--tb-section-padding)\">Med sit moderne udseende, holdbare konstruktion og professionelle funktionalitet er <strong>Evolve Ultra Series Plate Loaded Multi-Deadlift (UL-585)<\/strong> en v\u00e6rdifuld tilf\u00f8jelse til ethvert fitnesscenter, tr\u00e6ningsstudie eller pr\u00e6stationscenter, der \u00f8nsker at udvide sit sortiment af f\u00f8rsteklasses styrkeudstyr til underkroppen.<\/p>\n\n\n\n<p style=\"margin-bottom:var(--wp--preset--spacing--tb-section-padding)\"><\/p>\n<\/div>\n\n\n\n<div class=\"wp-block-column is-vertically-aligned-center is-layout-flow wp-block-column-is-layout-flow\">\n<figure class=\"wp-block-image size-large\"><img loading=\"lazy\" decoding=\"async\" width=\"1024\" height=\"1024\" src=\"https:\/\/evolve-fitness.eu\/wp-content\/uploads\/2026\/03\/EV-PL-UL-585-Evolve-Ultra-Series-Plate-Loaded-Multi-Deadlift-2-1-1024x1024.png\" alt=\"\" class=\"wp-image-225038\" srcset=\"https:\/\/evolve-fitness.eu\/wp-content\/uploads\/2026\/03\/EV-PL-UL-585-Evolve-Ultra-Series-Plate-Loaded-Multi-Deadlift-2-1-1024x1024.png 1024w, https:\/\/evolve-fitness.eu\/wp-content\/uploads\/2026\/03\/EV-PL-UL-585-Evolve-Ultra-Series-Plate-Loaded-Multi-Deadlift-2-1-300x300.png 300w, https:\/\/evolve-fitness.eu\/wp-content\/uploads\/2026\/03\/EV-PL-UL-585-Evolve-Ultra-Series-Plate-Loaded-Multi-Deadlift-2-1-150x150.png 150w, https:\/\/evolve-fitness.eu\/wp-content\/uploads\/2026\/03\/EV-PL-UL-585-Evolve-Ultra-Series-Plate-Loaded-Multi-Deadlift-2-1-768x768.png 768w, https:\/\/evolve-fitness.eu\/wp-content\/uploads\/2026\/03\/EV-PL-UL-585-Evolve-Ultra-Series-Plate-Loaded-Multi-Deadlift-2-1-1536x1536.png 1536w, https:\/\/evolve-fitness.eu\/wp-content\/uploads\/2026\/03\/EV-PL-UL-585-Evolve-Ultra-Series-Plate-Loaded-Multi-Deadlift-2-1-2048x2048.png 2048w, https:\/\/evolve-fitness.eu\/wp-content\/uploads\/2026\/03\/EV-PL-UL-585-Evolve-Ultra-Series-Plate-Loaded-Multi-Deadlift-2-1-600x600.png 600w\" sizes=\"auto, (max-width: 1024px) 100vw, 1024px\" \/><\/figure>\n<\/div>\n<\/div>\n<\/section>\n","protected":false},"excerpt":{"rendered":"<p>Evolve Ultra Series Plate Loaded Multi-Deadlift (UL-585) er designet til at underst\u00f8tte kraftfuld tr\u00e6ning af underkroppen og bagk\u00e6den med en stabil og kontrolleret l\u00f8fteplatform. Den er bygget til professionelle fitnessmilj\u00f8er og tilbyder holdbarhed, komfort og alsidighed til brugere, der \u00f8nsker at forbedre styrke, kraft og funktionel ydeevne. <\/p>\n","protected":false},"featured_media":225041,"template":"","meta":{"_acf_changed":false,"inline_featured_image":false},"product_brand":[],"product_cat":[2919,2920],"product_tag":[],"class_list":{"0":"post-225028","1":"product","2":"type-product","3":"status-publish","4":"has-post-thumbnail","6":"product_cat-pladebelastede-maskiner","7":"product_cat-ultra-series-pladebelastede-maskiner","9":"first","10":"instock","11":"shipping-taxable","12":"purchasable","13":"product-type-simple"},"acf":{"long_title":"Evolve Ultra Series pladebelastet multi - d\u00f8dl\u00f8ft (UL-585)  ","subtitle":"","specifications":[{"label":"VARENUMMER","text_value":"EV-PL-UL-585","icon":"x"},{"label":"Dimensioner","text_value":"1458 x 1491 x 900 mm","icon":"x"},{"label":"V\u00e6gt","text_value":"150 kg","icon":"x"},{"label":"Max. belastning","text_value":"320 kg","icon":"x"},{"label":"Ramme tykkelse","text_value":"3 mm","icon":"x"},{"label":"Tyk polstring","text_value":"","icon":"v"},{"label":"Holdbare gulvbeskyttere","text_value":"","icon":"v"},{"label":"Skridsikre h\u00e5ndtag","text_value":"","icon":"v"},{"label":"Anti-korrosionsmaling","text_value":"","icon":"v"},{"label":"Metalramme uden skarpe kanter","text_value":"","icon":"v"},{"label":"Garanti","text_value":"2 \u00e5r","icon":"x"}]},"yoast_head":"<!-- This site is optimized with the Yoast SEO plugin v26.6 - https:\/\/yoast.com\/wordpress\/plugins\/seo\/ -->\n<title>Evolve Ultra Series pladebelastet multi - d\u00f8dl\u00f8ft (UL-585) - Evolve<\/title>\n<meta name=\"robots\" content=\"index, follow, max-snippet:-1, max-image-preview:large, max-video-preview:-1\" \/>\n<link rel=\"canonical\" href=\"https:\/\/evolve-fitness.eu\/da\/vare\/evolve-ultra-series-pladebelastet-glute-maskine-ul-625-copy\/\" \/>\n<meta property=\"og:locale\" content=\"da_DK\" \/>\n<meta property=\"og:type\" content=\"article\" \/>\n<meta property=\"og:title\" content=\"Evolve Ultra Series pladebelastet multi - d\u00f8dl\u00f8ft (UL-585) - Evolve\" \/>\n<meta property=\"og:url\" content=\"https:\/\/evolve-fitness.eu\/da\/vare\/evolve-ultra-series-pladebelastet-glute-maskine-ul-625-copy\/\" \/>\n<meta property=\"og:site_name\" content=\"Evolve\" \/>\n<meta property=\"article:publisher\" content=\"https:\/\/www.facebook.com\/EvolveFitnessEurope\" \/>\n<meta property=\"article:modified_time\" content=\"2026-03-13T13:09:46+00:00\" \/>\n<meta property=\"og:image\" content=\"https:\/\/evolve-fitness.eu\/wp-content\/uploads\/2026\/03\/EV-PL-UL-585-Evolve-Ultra-Series-Plate-Loaded-Multi-Deadlift-2.png\" \/>\n\t<meta property=\"og:image:width\" content=\"2560\" \/>\n\t<meta property=\"og:image:height\" content=\"2560\" \/>\n\t<meta property=\"og:image:type\" content=\"image\/png\" \/>\n<meta name=\"twitter:card\" content=\"summary_large_image\" \/>\n<script type=\"application\/ld+json\" class=\"yoast-schema-graph\">{\"@context\":\"https:\/\/schema.org\",\"@graph\":[{\"@type\":\"WebPage\",\"@id\":\"https:\/\/evolve-fitness.eu\/da\/vare\/evolve-ultra-series-pladebelastet-glute-maskine-ul-625-copy\/\",\"url\":\"https:\/\/evolve-fitness.eu\/da\/vare\/evolve-ultra-series-pladebelastet-glute-maskine-ul-625-copy\/\",\"name\":\"Evolve Ultra Series pladebelastet multi - d\u00f8dl\u00f8ft (UL-585) - Evolve\",\"isPartOf\":{\"@id\":\"https:\/\/evolve-fitness.eu\/da\/#website\"},\"primaryImageOfPage\":{\"@id\":\"https:\/\/evolve-fitness.eu\/da\/vare\/evolve-ultra-series-pladebelastet-glute-maskine-ul-625-copy\/#primaryimage\"},\"image\":{\"@id\":\"https:\/\/evolve-fitness.eu\/da\/vare\/evolve-ultra-series-pladebelastet-glute-maskine-ul-625-copy\/#primaryimage\"},\"thumbnailUrl\":\"https:\/\/evolve-fitness.eu\/wp-content\/uploads\/2026\/03\/EV-PL-UL-585-Evolve-Ultra-Series-Plate-Loaded-Multi-Deadlift-2.png\",\"datePublished\":\"2026-03-13T12:40:53+00:00\",\"dateModified\":\"2026-03-13T13:09:46+00:00\",\"breadcrumb\":{\"@id\":\"https:\/\/evolve-fitness.eu\/da\/vare\/evolve-ultra-series-pladebelastet-glute-maskine-ul-625-copy\/#breadcrumb\"},\"inLanguage\":\"da-DK\",\"potentialAction\":[{\"@type\":\"ReadAction\",\"target\":[\"https:\/\/evolve-fitness.eu\/da\/vare\/evolve-ultra-series-pladebelastet-glute-maskine-ul-625-copy\/\"]}]},{\"@type\":\"ImageObject\",\"inLanguage\":\"da-DK\",\"@id\":\"https:\/\/evolve-fitness.eu\/da\/vare\/evolve-ultra-series-pladebelastet-glute-maskine-ul-625-copy\/#primaryimage\",\"url\":\"https:\/\/evolve-fitness.eu\/wp-content\/uploads\/2026\/03\/EV-PL-UL-585-Evolve-Ultra-Series-Plate-Loaded-Multi-Deadlift-2.png\",\"contentUrl\":\"https:\/\/evolve-fitness.eu\/wp-content\/uploads\/2026\/03\/EV-PL-UL-585-Evolve-Ultra-Series-Plate-Loaded-Multi-Deadlift-2.png\",\"width\":2560,\"height\":2560},{\"@type\":\"BreadcrumbList\",\"@id\":\"https:\/\/evolve-fitness.eu\/da\/vare\/evolve-ultra-series-pladebelastet-glute-maskine-ul-625-copy\/#breadcrumb\",\"itemListElement\":[{\"@type\":\"ListItem\",\"position\":1,\"name\":\"Home\",\"item\":\"https:\/\/evolve-fitness.eu\/da\/\"},{\"@type\":\"ListItem\",\"position\":2,\"name\":\"Produkter\",\"item\":\"https:\/\/evolve-fitness.eu\/da\/shop\/\"},{\"@type\":\"ListItem\",\"position\":3,\"name\":\"Evolve Ultra Series pladebelastet multi &#8211; d\u00f8dl\u00f8ft (UL-585)\"}]},{\"@type\":\"WebSite\",\"@id\":\"https:\/\/evolve-fitness.eu\/da\/#website\",\"url\":\"https:\/\/evolve-fitness.eu\/da\/\",\"name\":\"Evolve\",\"description\":\"Your Evolved Gear Arrived\",\"publisher\":{\"@id\":\"https:\/\/evolve-fitness.eu\/da\/#organization\"},\"potentialAction\":[{\"@type\":\"SearchAction\",\"target\":{\"@type\":\"EntryPoint\",\"urlTemplate\":\"https:\/\/evolve-fitness.eu\/da\/?s={search_term_string}\"},\"query-input\":{\"@type\":\"PropertyValueSpecification\",\"valueRequired\":true,\"valueName\":\"search_term_string\"}}],\"inLanguage\":\"da-DK\"},{\"@type\":\"Organization\",\"@id\":\"https:\/\/evolve-fitness.eu\/da\/#organization\",\"name\":\"Evolve\",\"url\":\"https:\/\/evolve-fitness.eu\/da\/\",\"logo\":{\"@type\":\"ImageObject\",\"inLanguage\":\"da-DK\",\"@id\":\"https:\/\/evolve-fitness.eu\/da\/#\/schema\/logo\/image\/\",\"url\":\"https:\/\/evolve-fitness.eu\/wp-content\/uploads\/2023\/05\/Evolve-logo.svg\",\"contentUrl\":\"https:\/\/evolve-fitness.eu\/wp-content\/uploads\/2023\/05\/Evolve-logo.svg\",\"width\":176,\"height\":20,\"caption\":\"Evolve\"},\"image\":{\"@id\":\"https:\/\/evolve-fitness.eu\/da\/#\/schema\/logo\/image\/\"},\"sameAs\":[\"https:\/\/www.facebook.com\/EvolveFitnessEurope\"]}]}<\/script>\n<!-- \/ Yoast SEO plugin. -->","yoast_head_json":{"title":"Evolve Ultra Series pladebelastet multi - d\u00f8dl\u00f8ft (UL-585) - Evolve","robots":{"index":"index","follow":"follow","max-snippet":"max-snippet:-1","max-image-preview":"max-image-preview:large","max-video-preview":"max-video-preview:-1"},"canonical":"https:\/\/evolve-fitness.eu\/da\/vare\/evolve-ultra-series-pladebelastet-glute-maskine-ul-625-copy\/","og_locale":"da_DK","og_type":"article","og_title":"Evolve Ultra Series pladebelastet multi - d\u00f8dl\u00f8ft (UL-585) - Evolve","og_url":"https:\/\/evolve-fitness.eu\/da\/vare\/evolve-ultra-series-pladebelastet-glute-maskine-ul-625-copy\/","og_site_name":"Evolve","article_publisher":"https:\/\/www.facebook.com\/EvolveFitnessEurope","article_modified_time":"2026-03-13T13:09:46+00:00","og_image":[{"width":2560,"height":2560,"url":"https:\/\/evolve-fitness.eu\/wp-content\/uploads\/2026\/03\/EV-PL-UL-585-Evolve-Ultra-Series-Plate-Loaded-Multi-Deadlift-2.png","type":"image\/png"}],"twitter_card":"summary_large_image","schema":{"@context":"https:\/\/schema.org","@graph":[{"@type":"WebPage","@id":"https:\/\/evolve-fitness.eu\/da\/vare\/evolve-ultra-series-pladebelastet-glute-maskine-ul-625-copy\/","url":"https:\/\/evolve-fitness.eu\/da\/vare\/evolve-ultra-series-pladebelastet-glute-maskine-ul-625-copy\/","name":"Evolve Ultra Series pladebelastet multi - d\u00f8dl\u00f8ft (UL-585) - Evolve","isPartOf":{"@id":"https:\/\/evolve-fitness.eu\/da\/#website"},"primaryImageOfPage":{"@id":"https:\/\/evolve-fitness.eu\/da\/vare\/evolve-ultra-series-pladebelastet-glute-maskine-ul-625-copy\/#primaryimage"},"image":{"@id":"https:\/\/evolve-fitness.eu\/da\/vare\/evolve-ultra-series-pladebelastet-glute-maskine-ul-625-copy\/#primaryimage"},"thumbnailUrl":"https:\/\/evolve-fitness.eu\/wp-content\/uploads\/2026\/03\/EV-PL-UL-585-Evolve-Ultra-Series-Plate-Loaded-Multi-Deadlift-2.png","datePublished":"2026-03-13T12:40:53+00:00","dateModified":"2026-03-13T13:09:46+00:00","breadcrumb":{"@id":"https:\/\/evolve-fitness.eu\/da\/vare\/evolve-ultra-series-pladebelastet-glute-maskine-ul-625-copy\/#breadcrumb"},"inLanguage":"da-DK","potentialAction":[{"@type":"ReadAction","target":["https:\/\/evolve-fitness.eu\/da\/vare\/evolve-ultra-series-pladebelastet-glute-maskine-ul-625-copy\/"]}]},{"@type":"ImageObject","inLanguage":"da-DK","@id":"https:\/\/evolve-fitness.eu\/da\/vare\/evolve-ultra-series-pladebelastet-glute-maskine-ul-625-copy\/#primaryimage","url":"https:\/\/evolve-fitness.eu\/wp-content\/uploads\/2026\/03\/EV-PL-UL-585-Evolve-Ultra-Series-Plate-Loaded-Multi-Deadlift-2.png","contentUrl":"https:\/\/evolve-fitness.eu\/wp-content\/uploads\/2026\/03\/EV-PL-UL-585-Evolve-Ultra-Series-Plate-Loaded-Multi-Deadlift-2.png","width":2560,"height":2560},{"@type":"BreadcrumbList","@id":"https:\/\/evolve-fitness.eu\/da\/vare\/evolve-ultra-series-pladebelastet-glute-maskine-ul-625-copy\/#breadcrumb","itemListElement":[{"@type":"ListItem","position":1,"name":"Home","item":"https:\/\/evolve-fitness.eu\/da\/"},{"@type":"ListItem","position":2,"name":"Produkter","item":"https:\/\/evolve-fitness.eu\/da\/shop\/"},{"@type":"ListItem","position":3,"name":"Evolve Ultra Series pladebelastet multi &#8211; d\u00f8dl\u00f8ft (UL-585)"}]},{"@type":"WebSite","@id":"https:\/\/evolve-fitness.eu\/da\/#website","url":"https:\/\/evolve-fitness.eu\/da\/","name":"Evolve","description":"Your Evolved Gear Arrived","publisher":{"@id":"https:\/\/evolve-fitness.eu\/da\/#organization"},"potentialAction":[{"@type":"SearchAction","target":{"@type":"EntryPoint","urlTemplate":"https:\/\/evolve-fitness.eu\/da\/?s={search_term_string}"},"query-input":{"@type":"PropertyValueSpecification","valueRequired":true,"valueName":"search_term_string"}}],"inLanguage":"da-DK"},{"@type":"Organization","@id":"https:\/\/evolve-fitness.eu\/da\/#organization","name":"Evolve","url":"https:\/\/evolve-fitness.eu\/da\/","logo":{"@type":"ImageObject","inLanguage":"da-DK","@id":"https:\/\/evolve-fitness.eu\/da\/#\/schema\/logo\/image\/","url":"https:\/\/evolve-fitness.eu\/wp-content\/uploads\/2023\/05\/Evolve-logo.svg","contentUrl":"https:\/\/evolve-fitness.eu\/wp-content\/uploads\/2023\/05\/Evolve-logo.svg","width":176,"height":20,"caption":"Evolve"},"image":{"@id":"https:\/\/evolve-fitness.eu\/da\/#\/schema\/logo\/image\/"},"sameAs":["https:\/\/www.facebook.com\/EvolveFitnessEurope"]}]}},"_links":{"self":[{"href":"https:\/\/evolve-fitness.eu\/da\/wp-json\/wp\/v2\/product\/225028","targetHints":{"allow":["GET"]}}],"collection":[{"href":"https:\/\/evolve-fitness.eu\/da\/wp-json\/wp\/v2\/product"}],"about":[{"href":"https:\/\/evolve-fitness.eu\/da\/wp-json\/wp\/v2\/types\/product"}],"wp:featuredmedia":[{"embeddable":true,"href":"https:\/\/evolve-fitness.eu\/da\/wp-json\/wp\/v2\/media\/225041"}],"wp:attachment":[{"href":"https:\/\/evolve-fitness.eu\/da\/wp-json\/wp\/v2\/media?parent=225028"}],"wp:term":[{"taxonomy":"product_brand","embeddable":true,"href":"https:\/\/evolve-fitness.eu\/da\/wp-json\/wp\/v2\/product_brand?post=225028"},{"taxonomy":"product_cat","embeddable":true,"href":"https:\/\/evolve-fitness.eu\/da\/wp-json\/wp\/v2\/product_cat?post=225028"},{"taxonomy":"product_tag","embeddable":true,"href":"https:\/\/evolve-fitness.eu\/da\/wp-json\/wp\/v2\/product_tag?post=225028"}],"curies":[{"name":"wp","href":"https:\/\/api.w.org\/{rel}","templated":true}]}}