{"id":225928,"date":"2025-07-04T11:47:29","date_gmt":"2025-07-04T11:47:29","guid":{"rendered":"https:\/\/evolve-fitness.eu\/product\/evolve-ultra-series-selectorized-iso-lateral-seated-row\/"},"modified":"2026-03-30T13:55:28","modified_gmt":"2026-03-30T10:55:28","slug":"evolve-ultra-series-selectorized-iso-lateral-seated-row","status":"publish","type":"product","link":"https:\/\/evolve-fitness.eu\/da\/vare\/evolve-ultra-series-selectorized-iso-lateral-seated-row\/","title":{"rendered":"Evolve Ultra Series Selectorized Iso Lateral Seated Row (UL-300)"},"content":{"rendered":"\n<section class=\"wp-block-group alignfull black-content has-white-color has-darkgray-background-color has-text-color has-background is-layout-constrained wp-block-group-is-layout-constrained\" style=\"padding-top:var(--wp--preset--spacing--section-bottom);padding-bottom:var(--wp--preset--spacing--section-bottom)\">\n<div class=\"wp-block-columns alignwide mobile-reverse is-layout-flex wp-container-core-columns-is-layout-ca64bf2d wp-block-columns-is-layout-flex\" style=\"margin-bottom:var(--wp--preset--spacing--side-padding)\">\n<div class=\"wp-block-column is-vertically-aligned-center is-layout-flow wp-block-column-is-layout-flow\">\n<figure class=\"wp-block-image size-large\"><img loading=\"lazy\" decoding=\"async\" width=\"1024\" height=\"1024\" src=\"https:\/\/evolve-fitness.eu\/wp-content\/uploads\/2025\/07\/EV-SC-UL-300-Evolve-Ultra-Series-Selectorized-Iso-Lateral-Seated-Row-1024x1024.png\" alt=\"\" class=\"wp-image-200732\" srcset=\"https:\/\/evolve-fitness.eu\/wp-content\/uploads\/2025\/07\/EV-SC-UL-300-Evolve-Ultra-Series-Selectorized-Iso-Lateral-Seated-Row-1024x1024.png 1024w, https:\/\/evolve-fitness.eu\/wp-content\/uploads\/2025\/07\/EV-SC-UL-300-Evolve-Ultra-Series-Selectorized-Iso-Lateral-Seated-Row-300x300.png 300w, https:\/\/evolve-fitness.eu\/wp-content\/uploads\/2025\/07\/EV-SC-UL-300-Evolve-Ultra-Series-Selectorized-Iso-Lateral-Seated-Row-150x150.png 150w, https:\/\/evolve-fitness.eu\/wp-content\/uploads\/2025\/07\/EV-SC-UL-300-Evolve-Ultra-Series-Selectorized-Iso-Lateral-Seated-Row-768x768.png 768w, https:\/\/evolve-fitness.eu\/wp-content\/uploads\/2025\/07\/EV-SC-UL-300-Evolve-Ultra-Series-Selectorized-Iso-Lateral-Seated-Row-600x600.png 600w, https:\/\/evolve-fitness.eu\/wp-content\/uploads\/2025\/07\/EV-SC-UL-300-Evolve-Ultra-Series-Selectorized-Iso-Lateral-Seated-Row.png 1500w\" sizes=\"auto, (max-width: 1024px) 100vw, 1024px\" \/><\/figure>\n<\/div>\n\n\n\n<div class=\"wp-block-column is-vertically-aligned-center is-layout-flow wp-block-column-is-layout-flow\">\n<h3 class=\"wp-block-heading\" style=\"margin-bottom:var(--wp--preset--spacing--h-3-bottom)\"><strong>Uafh\u00e6ngig pr\u00e6cisionsroning<\/strong><\/h3>\n\n\n\n<p><strong><em><strong><strong><strong><strong><strong><strong><strong><em><strong><em><strong>Balanceret rygtr\u00e6ning for maksimal symmetri<\/strong><\/em><\/strong><\/em><\/strong><\/strong><\/strong><\/strong><\/strong><\/strong><\/strong><\/em><\/strong><\/p>\n\n\n\n<p style=\"margin-bottom:var(--wp--preset--spacing--tb-section-padding)\">Iso-Lateral Seated Row er designet til effektivt at m\u00e5lrette latissimus dorsi, rhomboids og trapezius gennem en kontrolleret og naturlig robev\u00e6gelse. Det uafh\u00e6ngige design med to arme g\u00f8r, at hver side af ryggen kan arbejde separat, hvilket hj\u00e6lper med at reducere muskelubalancer og fremme en afbalanceret muskeludvikling. Den justerbare brystpude og det ergonomiske s\u00e6de giver optimal positionering, mens det glatte modstandssystem sikrer en flydende og ensartet tr\u00e6kbev\u00e6gelse i hele bev\u00e6gelsesomr\u00e5det.  <br\/><\/p>\n<\/div>\n<\/div>\n\n\n\n<div class=\"wp-block-columns alignwide mobile-reverse is-layout-flex wp-container-core-columns-is-layout-ca64bf2d wp-block-columns-is-layout-flex\" style=\"margin-bottom:var(--wp--preset--spacing--side-padding)\">\n<div class=\"wp-block-column is-vertically-aligned-center is-layout-flow wp-block-column-is-layout-flow\">\n<h3 class=\"wp-block-heading\" style=\"margin-bottom:var(--wp--preset--spacing--h-3-bottom)\">Fuldt indkapslet v\u00e6gtstabel p\u00e5 110 kg<\/h3>\n\n\n\n<p style=\"margin-bottom:var(--wp--preset--spacing--tb-section-padding)\">Evolve Ultra Series Selectorized Iso Lateral Seated Row Machine har en totalv\u00e6gt p\u00e5 150 kg og er udstyret med en v\u00e6gtstabel p\u00e5 110 kg. Den fuldt indkapslede v\u00e6gtstabel \u00f8ger brugerens sikkerhed under tr\u00e6ningen og bidrager samtidig til maskinens rene, holdbare og professionelle design. <br\/><\/p>\n<\/div>\n\n\n\n<div class=\"wp-block-column is-vertically-aligned-center is-layout-flow wp-block-column-is-layout-flow\">\n<figure class=\"wp-block-image size-full is-style-rounded\"><img loading=\"lazy\" decoding=\"async\" width=\"768\" height=\"779\" src=\"https:\/\/evolve-fitness.eu\/wp-content\/uploads\/2024\/01\/stack.webp\" alt=\"\" class=\"wp-image-9940\" srcset=\"https:\/\/evolve-fitness.eu\/wp-content\/uploads\/2024\/01\/stack.webp 768w, https:\/\/evolve-fitness.eu\/wp-content\/uploads\/2024\/01\/stack-300x304.webp 300w, https:\/\/evolve-fitness.eu\/wp-content\/uploads\/2024\/01\/stack-148x150.webp 148w, https:\/\/evolve-fitness.eu\/wp-content\/uploads\/2024\/01\/stack-600x609.webp 600w, https:\/\/evolve-fitness.eu\/wp-content\/uploads\/2024\/01\/stack-296x300.webp 296w\" sizes=\"auto, (max-width: 768px) 100vw, 768px\" \/><\/figure>\n<\/div>\n<\/div>\n\n\n\n<div class=\"wp-block-columns alignwide is-layout-flex wp-container-core-columns-is-layout-c45ee707 wp-block-columns-is-layout-flex\" style=\"margin-bottom:var(--wp--preset--spacing--side-padding);padding-top:var(--wp--preset--spacing--side-padding)\">\n<div class=\"wp-block-column is-vertically-aligned-center is-layout-flow wp-block-column-is-layout-flow\">\n<figure class=\"wp-block-image size-full is-style-rounded\"><img loading=\"lazy\" decoding=\"async\" width=\"768\" height=\"779\" src=\"https:\/\/evolve-fitness.eu\/wp-content\/uploads\/2024\/01\/plate.webp\" alt=\"\" class=\"wp-image-9942\" srcset=\"https:\/\/evolve-fitness.eu\/wp-content\/uploads\/2024\/01\/plate.webp 768w, https:\/\/evolve-fitness.eu\/wp-content\/uploads\/2024\/01\/plate-300x304.webp 300w, https:\/\/evolve-fitness.eu\/wp-content\/uploads\/2024\/01\/plate-148x150.webp 148w, https:\/\/evolve-fitness.eu\/wp-content\/uploads\/2024\/01\/plate-600x609.webp 600w, https:\/\/evolve-fitness.eu\/wp-content\/uploads\/2024\/01\/plate-296x300.webp 296w\" sizes=\"auto, (max-width: 768px) 100vw, 768px\" \/><\/figure>\n<\/div>\n\n\n\n<div class=\"wp-block-column is-vertically-aligned-center is-layout-flow wp-block-column-is-layout-flow\">\n<h3 class=\"wp-block-heading\" style=\"margin-bottom:var(--wp--preset--spacing--h-3-bottom)\">\u00d8verste v\u00e6gtplade<\/h3>\n\n\n\n<p><strong><em>For bedre ydeevne<\/em><\/strong> <\/p>\n\n\n\n<p style=\"margin-bottom:var(--wp--preset--spacing--tb-section-padding)\">Evolve Ultra Series Selectorized Iso Lateral Seated Row Machine har to ekstra 2,5 kg topv\u00e6gtskiver, som tjener et dobbelt form\u00e5l med at forbedre tr\u00e6ningsmaskinens ydeevne. For det f\u00f8rste udvider den den maksimale modstand, som maskinen kan yde, s\u00e5 brugerne kan udfordre sig selv endnu mere i deres tr\u00e6ning. Derudover giver disse ekstra v\u00e6gtskiver en unik fordel ved at give brugerne mulighed for at foretage mindre, mere pr\u00e6cise trin i deres modstandsjusteringer, idet hver skive giver en stigning p\u00e5 2,5 kg. Denne pr\u00e6cision i valg af modstand g\u00f8r det muligt for enkeltpersoner at finjustere deres tr\u00e6ning til at opfylde deres specifikke behov og m\u00e5l, hvilket sikrer, at hver tr\u00e6ningssession er skr\u00e6ddersyet til at optimere resultaterne.<\/p>\n<\/div>\n<\/div>\n\n\n\n<div class=\"wp-block-columns alignwide mobile-reverse is-layout-flex wp-container-core-columns-is-layout-ca64bf2d wp-block-columns-is-layout-flex\" style=\"margin-bottom:var(--wp--preset--spacing--side-padding)\">\n<div class=\"wp-block-column is-vertically-aligned-center is-layout-flow wp-block-column-is-layout-flow\">\n<h3 class=\"wp-block-heading\" style=\"margin-bottom:var(--wp--preset--spacing--h-3-bottom)\">Dobbelt pulverlakeret<\/h3>\n\n\n\n<p><strong><em>Elektrostatisk pulverlakeret perle<\/em><\/strong><\/p>\n\n\n\n<p style=\"margin-bottom:var(--wp--preset--spacing--tb-section-padding)\">Evolve Ultra Series-styrkemaskinerne med et elektrostatisk pulverlakeret perlesort, mat stel er et eksempel p\u00e5 b\u00e5de form og funktion. Dens \u00e6stetiske appel forst\u00e6rkes af den sorte, matte finish, mens dens praktiske funktioner, herunder friktionsmodstand, korrosionsbeskyttelse og ridsefasthed, sikrer, at den er en p\u00e5lidelig og langtidsholdbar fitness-ledsager.<\/p>\n<\/div>\n\n\n\n<div class=\"wp-block-column is-vertically-aligned-center is-layout-flow wp-block-column-is-layout-flow\">\n<figure class=\"wp-block-video\"><video height=\"720\" style=\"aspect-ratio: 1280 \/ 720;\" width=\"1280\" autoplay=\"\" controls=\"\" loop=\"\" muted=\"\" src=\"https:\/\/evolve-fitness.eu\/wp-content\/uploads\/2023\/10\/Evolve-Double-powder-coated-Frame.mp4\"><\/video><\/figure>\n<\/div>\n<\/div>\n\n\n\n<div class=\"wp-block-columns alignwide mobile-reverse is-layout-flex wp-container-core-columns-is-layout-ca64bf2d wp-block-columns-is-layout-flex\" style=\"margin-bottom:var(--wp--preset--spacing--side-padding)\">\n<div class=\"wp-block-column is-vertically-aligned-center is-layout-flow wp-block-column-is-layout-flow\">\n<figure class=\"wp-block-video\"><video height=\"720\" style=\"aspect-ratio: 1280 \/ 720;\" width=\"1280\" autoplay=\"\" controls=\"\" loop=\"\" muted=\"\" src=\"https:\/\/evolve-fitness.eu\/wp-content\/uploads\/2023\/10\/Evolve-cable.mp4\"><\/video><\/figure>\n<\/div>\n\n\n\n<div class=\"wp-block-column is-vertically-aligned-center is-layout-flow wp-block-column-is-layout-flow\">\n<h3 class=\"wp-block-heading\" style=\"margin-bottom:var(--wp--preset--spacing--h-3-bottom)\">Kabel<\/h3>\n\n\n\n<p>Overlegen kvalitet<\/p>\n\n\n\n<p style=\"margin-bottom:var(--wp--preset--spacing--tb-section-padding)\">Evolve Ultra Series-maskiner bruger kabler af overlegen kvalitet, der er seks hovedstrenge, og hver streng best\u00e5r af 19 tr\u00e5de, der er snoet sammen, Polyamid 12 (PA12)-materiale og en diameter p\u00e5 5 mm. Disse kabler er konstrueret til styrke og holdbarhed med en brudstyrke p\u00e5 9000 kN, hvilket g\u00f8r dem til det foretrukne valg til applikationer, hvor der er behov for ekstraordin\u00e6r p\u00e5lidelighed, holdbarhed og ydeevne. N\u00e5r du g\u00e5r fra en \u00f8velse til en anden, hvad enten det er bicepscurls, brystpres, lat pulldowns eller enhver anden styrkeopbyggende aktivitet, sikrer Evolve Ultra-seriekablets ekstraordin\u00e6re ydeevne, at dine bev\u00e6gelser er j\u00e6vne, og modstanden er ensartet, hvilket fremmer en tr\u00e6ningsoplevelse, der er b\u00e5de effektiv og forn\u00f8jelig.<\/p>\n<\/div>\n<\/div>\n<\/section>\n","protected":false},"excerpt":{"rendered":"<p>Evolve Ultra Series Selectorized Iso Lateral Seated Row (EV-SC-UL-300) er en f\u00f8rsteklasses styrketr\u00e6ningsmaskine designet til pr\u00e6cis, isoleret rygudvikling. Med uafh\u00e6ngige bev\u00e6gelsesarme og et biomekanisk optimeret s\u00e6de og brystpude sikrer den et afbalanceret muskelengagement og en ergonomisk tr\u00e6ningsoplevelse. Denne maskine er ideel til alle fitnessniveauer og kombinerer overlegen byggekvalitet med moderne digital integration for effektiv og sikker tr\u00e6ning.  <\/p>\n","protected":false},"featured_media":200761,"template":"","meta":{"_acf_changed":false,"inline_featured_image":false},"product_brand":[],"product_cat":[2556,3843],"product_tag":[],"class_list":{"0":"post-225928","1":"product","2":"type-product","3":"status-publish","4":"has-post-thumbnail","6":"product_cat-selekterede-maskiner","7":"product_cat-ultra-series-maskiner-med-valgfri-funktion","9":"first","10":"instock","11":"shipping-taxable","12":"purchasable","13":"product-type-simple"},"acf":{"long_title":"  Evolve Ultra Series Selectorized Iso Lateral Seated Row (UL-300)","subtitle":"","specifications":[{"label":"VARENUMMER","text_value":"EV-SC-UL-300","icon":"x"},{"label":"Dimensioner","text_value":"1650 \u00d7 1200 \u00d7 1602 mm","icon":"x"},{"label":"V\u00e6gt","text_value":"150 kg","icon":"x"},{"label":"V\u00e6gtstabel","text_value":"110 kg","icon":"x"},{"label":"Valgfri v\u00e6gtstabel","text_value":"122,5 kg","icon":"x"},{"label":"Minimumsresitans","text_value":"5 kg","icon":"x"},{"label":"\u00d8verste v\u00e6gtskive","text_value":"2 x 2,5 kg","icon":"x"},{"label":"Justerbare positioner for brystst\u00f8tte","text_value":"5","icon":"x"},{"label":"S\u00e6de med justerbare positioner","text_value":"18","icon":"x"},{"label":"Maks. brugerv\u00e6gt","text_value":"180 kg","icon":"x"},{"label":"Ramme tykkelse","text_value":"3 mm","icon":"x"},{"label":"\u00d8verste v\u00e6gtskive","text_value":"","icon":"v"},{"label":"Justerbar tr\u00e6ningsposition","text_value":"","icon":"v"},{"label":"S\u00e6de med justerbare positioner","text_value":"","icon":"v"},{"label":"360 graders roterende h\u00e5ndtag","text_value":"","icon":"v"},{"label":"Hver arm fungerer uafh\u00e6ngigt af den anden","text_value":"","icon":"v"},{"label":"Integreret ekstra h\u00e5ndtag til udf\u00f8relse af \u00f8velser med \u00e9n arm","text_value":"","icon":"v"},{"label":"Magnetisk v\u00e6gtstang","text_value":"","icon":"v"},{"label":"Farvestr\u00e5lende magnetisk v\u00e6gtstang til nem identifikation","text_value":"","icon":"v"},{"label":"Farvestr\u00e5lende justeringsh\u00e5ndtag for nem identifikation","text_value":"","icon":"v"},{"label":"Skilt med tr\u00e6ningsinstruktioner","text_value":"","icon":"v"},{"label":"Indkapslet v\u00e6gtstabel","text_value":"","icon":"v"},{"label":"Holdbare gulvbeskyttere","text_value":"2 \u00e5r","icon":"v"},{"label":"Korrosionsbeskyttende maling","text_value":"2 \u00e5r","icon":"v"},{"label":"Tyk polstring betrukket med PU-l\u00e6der","text_value":"2 \u00e5r","icon":"v"},{"label":"Nylonkabel","text_value":"","icon":"v"},{"label":"Skridsikre h\u00e5ndtag","text_value":"","icon":"v"},{"label":"Vandflaske og etui til tilbeh\u00f8r","text_value":"","icon":"v"},{"label":"Garanti","text_value":"2 \u00e5r","icon":"x"}]},"yoast_head":"<!-- This site is optimized with the Yoast SEO plugin v26.6 - https:\/\/yoast.com\/wordpress\/plugins\/seo\/ -->\n<title>Evolve Ultra Series Selectorized Iso Lateral Seated Row (UL-300) - Evolve<\/title>\n<meta name=\"description\" content=\"Evolve Ultra Series Selectorized Iso Lateral Seated Row (EV-SC-UL-300) er en f\u00f8rsteklasses styrketr\u00e6ningsmaskine, der er designet til pr\u00e6cis, isoleret rygtr\u00e6ning.\" \/>\n<meta name=\"robots\" content=\"index, follow, max-snippet:-1, max-image-preview:large, max-video-preview:-1\" \/>\n<link rel=\"canonical\" href=\"https:\/\/evolve-fitness.eu\/da\/vare\/evolve-ultra-series-selectorized-iso-lateral-seated-row\/\" \/>\n<meta property=\"og:locale\" content=\"da_DK\" \/>\n<meta property=\"og:type\" content=\"article\" \/>\n<meta property=\"og:title\" content=\"Evolve Ultra Series Selectorized Iso Lateral Seated Row (UL-300) - Evolve\" \/>\n<meta property=\"og:description\" content=\"Evolve Ultra Series Selectorized Iso Lateral Seated Row (EV-SC-UL-300) er en f\u00f8rsteklasses styrketr\u00e6ningsmaskine, der er designet til pr\u00e6cis, isoleret rygtr\u00e6ning.\" \/>\n<meta property=\"og:url\" content=\"https:\/\/evolve-fitness.eu\/da\/vare\/evolve-ultra-series-selectorized-iso-lateral-seated-row\/\" \/>\n<meta property=\"og:site_name\" content=\"Evolve\" \/>\n<meta property=\"article:publisher\" content=\"https:\/\/www.facebook.com\/EvolveFitnessEurope\" \/>\n<meta property=\"article:modified_time\" content=\"2026-03-30T10:55:28+00:00\" \/>\n<meta property=\"og:image\" content=\"https:\/\/evolve-fitness.eu\/wp-content\/uploads\/2025\/07\/EV-SC-UL-300-Evolve-Ultra-Series-Selectorized-Iso-Lateral-Seated-Row-1.png\" \/>\n\t<meta property=\"og:image:width\" content=\"1500\" \/>\n\t<meta property=\"og:image:height\" content=\"1500\" \/>\n\t<meta property=\"og:image:type\" content=\"image\/png\" \/>\n<meta name=\"twitter:card\" content=\"summary_large_image\" \/>\n<script type=\"application\/ld+json\" class=\"yoast-schema-graph\">{\"@context\":\"https:\/\/schema.org\",\"@graph\":[{\"@type\":\"WebPage\",\"@id\":\"https:\/\/evolve-fitness.eu\/da\/vare\/evolve-ultra-series-selectorized-iso-lateral-seated-row\/\",\"url\":\"https:\/\/evolve-fitness.eu\/da\/vare\/evolve-ultra-series-selectorized-iso-lateral-seated-row\/\",\"name\":\"Evolve Ultra Series Selectorized Iso Lateral Seated Row (UL-300) - Evolve\",\"isPartOf\":{\"@id\":\"https:\/\/evolve-fitness.eu\/da\/#website\"},\"primaryImageOfPage\":{\"@id\":\"https:\/\/evolve-fitness.eu\/da\/vare\/evolve-ultra-series-selectorized-iso-lateral-seated-row\/#primaryimage\"},\"image\":{\"@id\":\"https:\/\/evolve-fitness.eu\/da\/vare\/evolve-ultra-series-selectorized-iso-lateral-seated-row\/#primaryimage\"},\"thumbnailUrl\":\"https:\/\/evolve-fitness.eu\/wp-content\/uploads\/2025\/07\/EV-SC-UL-300-Evolve-Ultra-Series-Selectorized-Iso-Lateral-Seated-Row-1.png\",\"datePublished\":\"2025-07-04T11:47:29+00:00\",\"dateModified\":\"2026-03-30T10:55:28+00:00\",\"description\":\"Evolve Ultra Series Selectorized Iso Lateral Seated Row (EV-SC-UL-300) er en f\u00f8rsteklasses styrketr\u00e6ningsmaskine, der er designet til pr\u00e6cis, isoleret rygtr\u00e6ning.\",\"breadcrumb\":{\"@id\":\"https:\/\/evolve-fitness.eu\/da\/vare\/evolve-ultra-series-selectorized-iso-lateral-seated-row\/#breadcrumb\"},\"inLanguage\":\"da-DK\",\"potentialAction\":[{\"@type\":\"ReadAction\",\"target\":[\"https:\/\/evolve-fitness.eu\/da\/vare\/evolve-ultra-series-selectorized-iso-lateral-seated-row\/\"]}]},{\"@type\":\"ImageObject\",\"inLanguage\":\"da-DK\",\"@id\":\"https:\/\/evolve-fitness.eu\/da\/vare\/evolve-ultra-series-selectorized-iso-lateral-seated-row\/#primaryimage\",\"url\":\"https:\/\/evolve-fitness.eu\/wp-content\/uploads\/2025\/07\/EV-SC-UL-300-Evolve-Ultra-Series-Selectorized-Iso-Lateral-Seated-Row-1.png\",\"contentUrl\":\"https:\/\/evolve-fitness.eu\/wp-content\/uploads\/2025\/07\/EV-SC-UL-300-Evolve-Ultra-Series-Selectorized-Iso-Lateral-Seated-Row-1.png\",\"width\":1500,\"height\":1500},{\"@type\":\"BreadcrumbList\",\"@id\":\"https:\/\/evolve-fitness.eu\/da\/vare\/evolve-ultra-series-selectorized-iso-lateral-seated-row\/#breadcrumb\",\"itemListElement\":[{\"@type\":\"ListItem\",\"position\":1,\"name\":\"Home\",\"item\":\"https:\/\/evolve-fitness.eu\/da\/\"},{\"@type\":\"ListItem\",\"position\":2,\"name\":\"Produkter\",\"item\":\"https:\/\/evolve-fitness.eu\/da\/shop\/\"},{\"@type\":\"ListItem\",\"position\":3,\"name\":\"Evolve Ultra Series Selectorized Iso Lateral Seated Row (UL-300)\"}]},{\"@type\":\"WebSite\",\"@id\":\"https:\/\/evolve-fitness.eu\/da\/#website\",\"url\":\"https:\/\/evolve-fitness.eu\/da\/\",\"name\":\"Evolve\",\"description\":\"Your Evolved Gear Arrived\",\"publisher\":{\"@id\":\"https:\/\/evolve-fitness.eu\/da\/#organization\"},\"potentialAction\":[{\"@type\":\"SearchAction\",\"target\":{\"@type\":\"EntryPoint\",\"urlTemplate\":\"https:\/\/evolve-fitness.eu\/da\/?s={search_term_string}\"},\"query-input\":{\"@type\":\"PropertyValueSpecification\",\"valueRequired\":true,\"valueName\":\"search_term_string\"}}],\"inLanguage\":\"da-DK\"},{\"@type\":\"Organization\",\"@id\":\"https:\/\/evolve-fitness.eu\/da\/#organization\",\"name\":\"Evolve\",\"url\":\"https:\/\/evolve-fitness.eu\/da\/\",\"logo\":{\"@type\":\"ImageObject\",\"inLanguage\":\"da-DK\",\"@id\":\"https:\/\/evolve-fitness.eu\/da\/#\/schema\/logo\/image\/\",\"url\":\"https:\/\/evolve-fitness.eu\/wp-content\/uploads\/2023\/05\/Evolve-logo.svg\",\"contentUrl\":\"https:\/\/evolve-fitness.eu\/wp-content\/uploads\/2023\/05\/Evolve-logo.svg\",\"width\":176,\"height\":20,\"caption\":\"Evolve\"},\"image\":{\"@id\":\"https:\/\/evolve-fitness.eu\/da\/#\/schema\/logo\/image\/\"},\"sameAs\":[\"https:\/\/www.facebook.com\/EvolveFitnessEurope\"]}]}<\/script>\n<!-- \/ Yoast SEO plugin. -->","yoast_head_json":{"title":"Evolve Ultra Series Selectorized Iso Lateral Seated Row (UL-300) - Evolve","description":"Evolve Ultra Series Selectorized Iso Lateral Seated Row (EV-SC-UL-300) er en f\u00f8rsteklasses styrketr\u00e6ningsmaskine, der er designet til pr\u00e6cis, isoleret rygtr\u00e6ning.","robots":{"index":"index","follow":"follow","max-snippet":"max-snippet:-1","max-image-preview":"max-image-preview:large","max-video-preview":"max-video-preview:-1"},"canonical":"https:\/\/evolve-fitness.eu\/da\/vare\/evolve-ultra-series-selectorized-iso-lateral-seated-row\/","og_locale":"da_DK","og_type":"article","og_title":"Evolve Ultra Series Selectorized Iso Lateral Seated Row (UL-300) - Evolve","og_description":"Evolve Ultra Series Selectorized Iso Lateral Seated Row (EV-SC-UL-300) er en f\u00f8rsteklasses styrketr\u00e6ningsmaskine, der er designet til pr\u00e6cis, isoleret rygtr\u00e6ning.","og_url":"https:\/\/evolve-fitness.eu\/da\/vare\/evolve-ultra-series-selectorized-iso-lateral-seated-row\/","og_site_name":"Evolve","article_publisher":"https:\/\/www.facebook.com\/EvolveFitnessEurope","article_modified_time":"2026-03-30T10:55:28+00:00","og_image":[{"width":1500,"height":1500,"url":"https:\/\/evolve-fitness.eu\/wp-content\/uploads\/2025\/07\/EV-SC-UL-300-Evolve-Ultra-Series-Selectorized-Iso-Lateral-Seated-Row-1.png","type":"image\/png"}],"twitter_card":"summary_large_image","schema":{"@context":"https:\/\/schema.org","@graph":[{"@type":"WebPage","@id":"https:\/\/evolve-fitness.eu\/da\/vare\/evolve-ultra-series-selectorized-iso-lateral-seated-row\/","url":"https:\/\/evolve-fitness.eu\/da\/vare\/evolve-ultra-series-selectorized-iso-lateral-seated-row\/","name":"Evolve Ultra Series Selectorized Iso Lateral Seated Row (UL-300) - Evolve","isPartOf":{"@id":"https:\/\/evolve-fitness.eu\/da\/#website"},"primaryImageOfPage":{"@id":"https:\/\/evolve-fitness.eu\/da\/vare\/evolve-ultra-series-selectorized-iso-lateral-seated-row\/#primaryimage"},"image":{"@id":"https:\/\/evolve-fitness.eu\/da\/vare\/evolve-ultra-series-selectorized-iso-lateral-seated-row\/#primaryimage"},"thumbnailUrl":"https:\/\/evolve-fitness.eu\/wp-content\/uploads\/2025\/07\/EV-SC-UL-300-Evolve-Ultra-Series-Selectorized-Iso-Lateral-Seated-Row-1.png","datePublished":"2025-07-04T11:47:29+00:00","dateModified":"2026-03-30T10:55:28+00:00","description":"Evolve Ultra Series Selectorized Iso Lateral Seated Row (EV-SC-UL-300) er en f\u00f8rsteklasses styrketr\u00e6ningsmaskine, der er designet til pr\u00e6cis, isoleret rygtr\u00e6ning.","breadcrumb":{"@id":"https:\/\/evolve-fitness.eu\/da\/vare\/evolve-ultra-series-selectorized-iso-lateral-seated-row\/#breadcrumb"},"inLanguage":"da-DK","potentialAction":[{"@type":"ReadAction","target":["https:\/\/evolve-fitness.eu\/da\/vare\/evolve-ultra-series-selectorized-iso-lateral-seated-row\/"]}]},{"@type":"ImageObject","inLanguage":"da-DK","@id":"https:\/\/evolve-fitness.eu\/da\/vare\/evolve-ultra-series-selectorized-iso-lateral-seated-row\/#primaryimage","url":"https:\/\/evolve-fitness.eu\/wp-content\/uploads\/2025\/07\/EV-SC-UL-300-Evolve-Ultra-Series-Selectorized-Iso-Lateral-Seated-Row-1.png","contentUrl":"https:\/\/evolve-fitness.eu\/wp-content\/uploads\/2025\/07\/EV-SC-UL-300-Evolve-Ultra-Series-Selectorized-Iso-Lateral-Seated-Row-1.png","width":1500,"height":1500},{"@type":"BreadcrumbList","@id":"https:\/\/evolve-fitness.eu\/da\/vare\/evolve-ultra-series-selectorized-iso-lateral-seated-row\/#breadcrumb","itemListElement":[{"@type":"ListItem","position":1,"name":"Home","item":"https:\/\/evolve-fitness.eu\/da\/"},{"@type":"ListItem","position":2,"name":"Produkter","item":"https:\/\/evolve-fitness.eu\/da\/shop\/"},{"@type":"ListItem","position":3,"name":"Evolve Ultra Series Selectorized Iso Lateral Seated Row (UL-300)"}]},{"@type":"WebSite","@id":"https:\/\/evolve-fitness.eu\/da\/#website","url":"https:\/\/evolve-fitness.eu\/da\/","name":"Evolve","description":"Your Evolved Gear Arrived","publisher":{"@id":"https:\/\/evolve-fitness.eu\/da\/#organization"},"potentialAction":[{"@type":"SearchAction","target":{"@type":"EntryPoint","urlTemplate":"https:\/\/evolve-fitness.eu\/da\/?s={search_term_string}"},"query-input":{"@type":"PropertyValueSpecification","valueRequired":true,"valueName":"search_term_string"}}],"inLanguage":"da-DK"},{"@type":"Organization","@id":"https:\/\/evolve-fitness.eu\/da\/#organization","name":"Evolve","url":"https:\/\/evolve-fitness.eu\/da\/","logo":{"@type":"ImageObject","inLanguage":"da-DK","@id":"https:\/\/evolve-fitness.eu\/da\/#\/schema\/logo\/image\/","url":"https:\/\/evolve-fitness.eu\/wp-content\/uploads\/2023\/05\/Evolve-logo.svg","contentUrl":"https:\/\/evolve-fitness.eu\/wp-content\/uploads\/2023\/05\/Evolve-logo.svg","width":176,"height":20,"caption":"Evolve"},"image":{"@id":"https:\/\/evolve-fitness.eu\/da\/#\/schema\/logo\/image\/"},"sameAs":["https:\/\/www.facebook.com\/EvolveFitnessEurope"]}]}},"_links":{"self":[{"href":"https:\/\/evolve-fitness.eu\/da\/wp-json\/wp\/v2\/product\/225928","targetHints":{"allow":["GET"]}}],"collection":[{"href":"https:\/\/evolve-fitness.eu\/da\/wp-json\/wp\/v2\/product"}],"about":[{"href":"https:\/\/evolve-fitness.eu\/da\/wp-json\/wp\/v2\/types\/product"}],"wp:featuredmedia":[{"embeddable":true,"href":"https:\/\/evolve-fitness.eu\/da\/wp-json\/wp\/v2\/media\/200761"}],"wp:attachment":[{"href":"https:\/\/evolve-fitness.eu\/da\/wp-json\/wp\/v2\/media?parent=225928"}],"wp:term":[{"taxonomy":"product_brand","embeddable":true,"href":"https:\/\/evolve-fitness.eu\/da\/wp-json\/wp\/v2\/product_brand?post=225928"},{"taxonomy":"product_cat","embeddable":true,"href":"https:\/\/evolve-fitness.eu\/da\/wp-json\/wp\/v2\/product_cat?post=225928"},{"taxonomy":"product_tag","embeddable":true,"href":"https:\/\/evolve-fitness.eu\/da\/wp-json\/wp\/v2\/product_tag?post=225928"}],"curies":[{"name":"wp","href":"https:\/\/api.w.org\/{rel}","templated":true}]}}