{"id":226179,"date":"2025-06-26T11:52:42","date_gmt":"2025-06-26T11:52:42","guid":{"rendered":"https:\/\/evolve-fitness.eu\/product\/evolve-ultra-series-plate-loaded-lateral-raise\/"},"modified":"2026-03-31T15:34:09","modified_gmt":"2026-03-31T12:34:09","slug":"evolve-ultra-series-plate-loaded-lateral-raise","status":"publish","type":"product","link":"https:\/\/evolve-fitness.eu\/da\/vare\/evolve-ultra-series-plate-loaded-lateral-raise\/","title":{"rendered":"Evolve Ultra Series Plate Loaded Lateral Raise"},"content":{"rendered":"\n<section class=\"wp-block-group alignfull has-lightgray-background-color has-background is-layout-constrained wp-block-group-is-layout-constrained\">\n<div class=\"wp-block-columns alignwide is-layout-flex wp-container-core-columns-is-layout-2edb0647 wp-block-columns-is-layout-flex\" style=\"margin-top:0;margin-bottom:0\">\n<div class=\"wp-block-column is-layout-flow wp-block-column-is-layout-flow\" style=\"flex-basis:33.33%\"><\/div>\n\n\n\n<div class=\"wp-block-column is-layout-flow wp-block-column-is-layout-flow\" style=\"flex-basis:66.66%\"><\/div>\n<\/div>\n<\/section>\n\n<section class=\"wp-block-group alignfull black-content has-white-color has-darkgray-background-color has-text-color has-background is-layout-constrained wp-block-group-is-layout-constrained\" style=\"padding-top:var(--wp--preset--spacing--section-bottom);padding-bottom:var(--wp--preset--spacing--section-bottom)\">\n<div class=\"wp-block-columns alignwide mobile-reverse is-layout-flex wp-container-core-columns-is-layout-ca64bf2d wp-block-columns-is-layout-flex\" style=\"margin-bottom:var(--wp--preset--spacing--side-padding)\">\n<div class=\"wp-block-column is-vertically-aligned-center is-layout-flow wp-block-column-is-layout-flow\">\n<h3 class=\"wp-block-heading\" style=\"margin-bottom:var(--wp--preset--spacing--h-3-bottom)\"><strong><strong><strong><strong><strong><strong><strong><strong><strong><strong><strong>Evolve Ultra Series Plate Loaded Lateral Raise<\/strong><\/strong><\/strong><\/strong><\/strong><\/strong><\/strong><\/strong><\/strong><\/strong><\/strong><\/h3>\n\n\n\n<p style=\"margin-bottom:var(--wp--preset--spacing--tb-section-padding)\">Evolve Ultra Series Plate Loaded Lateral Raise er konstrueret til at levere m\u00e5lrettet aktivering af de laterale deltamuskler, hvilket g\u00f8r den til en vigtig maskine til udvikling af skulderbredde og -definition. Med sit biomekanisk pr\u00e6cise bev\u00e6gelsesm\u00f8nster underst\u00f8tter den naturlig ledjustering og minimerer belastning, s\u00e5 brugerne kan udf\u00f8re \u00f8velsen med fuld bev\u00e6gelsesfrihed og optimalt muskelengagement. <\/p>\n\n\n\n<p style=\"margin-bottom:var(--wp--preset--spacing--tb-section-padding)\">Uafh\u00e6ngige bev\u00e6gelsesarme muligg\u00f8r unilateral tr\u00e6ning, hvilket hj\u00e6lper med at korrigere muskul\u00e6re ubalancer og sikre symmetrisk udvikling. H\u00e5ndtagene er ergonomisk formede og polstrede for at give komfort, mens armenes bev\u00e6gelsesbane er j\u00e6vn og ensartet under belastning. Et enh\u00e5ndsbetjent, gasassisteret justeringssystem giver mulighed for hurtig og nem tilpasning af s\u00e6deh\u00f8jden, s\u00e5 den passer til brugere af forskellig st\u00f8rrelse.  <\/p>\n\n\n\n<p style=\"margin-bottom:var(--wp--preset--spacing--tb-section-padding)\">EV-PL-UL-340 er konstrueret med en kraftig st\u00e5lramme og belagt med en holdbar, matsort pulverlakering, der giver langvarig stabilitet og korrosionsbestandighed. F\u00f8rsteklasses materialer, forst\u00e6rket polstring og et kompakt fodaftryk g\u00f8r denne maskine ideel til kommercielle fitnesscentre, h\u00f8jtydende tr\u00e6ningscentre og dedikerede hjemmegymnastiksale. <\/p>\n<\/div>\n\n\n\n<div class=\"wp-block-column is-vertically-aligned-center is-layout-flow wp-block-column-is-layout-flow\">\n<figure class=\"wp-block-image size-full is-style-rounded\"><img loading=\"lazy\" decoding=\"async\" width=\"2200\" height=\"2200\" src=\"https:\/\/evolve-fitness.eu\/wp-content\/uploads\/2025\/06\/EV-PL-UL-340-Evolve-Ultra-Series-Plate-Loaded-Lateral-Raise-1.png\" alt=\"\" class=\"wp-image-200060\" srcset=\"https:\/\/evolve-fitness.eu\/wp-content\/uploads\/2025\/06\/EV-PL-UL-340-Evolve-Ultra-Series-Plate-Loaded-Lateral-Raise-1.png 2200w, https:\/\/evolve-fitness.eu\/wp-content\/uploads\/2025\/06\/EV-PL-UL-340-Evolve-Ultra-Series-Plate-Loaded-Lateral-Raise-1-300x300.png 300w, https:\/\/evolve-fitness.eu\/wp-content\/uploads\/2025\/06\/EV-PL-UL-340-Evolve-Ultra-Series-Plate-Loaded-Lateral-Raise-1-1024x1024.png 1024w, https:\/\/evolve-fitness.eu\/wp-content\/uploads\/2025\/06\/EV-PL-UL-340-Evolve-Ultra-Series-Plate-Loaded-Lateral-Raise-1-150x150.png 150w, https:\/\/evolve-fitness.eu\/wp-content\/uploads\/2025\/06\/EV-PL-UL-340-Evolve-Ultra-Series-Plate-Loaded-Lateral-Raise-1-768x768.png 768w, https:\/\/evolve-fitness.eu\/wp-content\/uploads\/2025\/06\/EV-PL-UL-340-Evolve-Ultra-Series-Plate-Loaded-Lateral-Raise-1-1536x1536.png 1536w, https:\/\/evolve-fitness.eu\/wp-content\/uploads\/2025\/06\/EV-PL-UL-340-Evolve-Ultra-Series-Plate-Loaded-Lateral-Raise-1-2048x2048.png 2048w, https:\/\/evolve-fitness.eu\/wp-content\/uploads\/2025\/06\/EV-PL-UL-340-Evolve-Ultra-Series-Plate-Loaded-Lateral-Raise-1-600x600.png 600w\" sizes=\"auto, (max-width: 2200px) 100vw, 2200px\" \/><\/figure>\n<\/div>\n<\/div>\n<\/section>\n","protected":false},"excerpt":{"rendered":"<p>Evolve Ultra Series Plate Loaded Lateral Raise er konstrueret til at levere m\u00e5lrettet aktivering af de laterale deltamuskler, hvilket g\u00f8r den til en vigtig maskine til udvikling af skulderbredde og -definition. Med sit biomekanisk pr\u00e6cise bev\u00e6gelsesm\u00f8nster underst\u00f8tter den naturlig ledjustering og minimerer belastning, s\u00e5 brugerne kan udf\u00f8re \u00f8velsen med fuld bev\u00e6gelsesfrihed og optimalt muskelengagement. <\/p>\n","protected":false},"featured_media":200039,"template":"","meta":{"_acf_changed":false,"inline_featured_image":false},"product_brand":[],"product_cat":[2919,2920],"product_tag":[],"class_list":{"0":"post-226179","1":"product","2":"type-product","3":"status-publish","4":"has-post-thumbnail","6":"product_cat-pladebelastede-maskiner","7":"product_cat-ultra-series-pladebelastede-maskiner","9":"first","10":"instock","11":"shipping-taxable","12":"purchasable","13":"product-type-simple"},"acf":{"long_title":"Evolve Ultra Series Plate Loaded Lateral Raise","subtitle":"","specifications":[{"label":"VARENUMMER","text_value":"EV-PL-UL-340","icon":"x"},{"label":"Dimensioner","text_value":"2138 x 1073 x 1681 mm","icon":"x"},{"label":"V\u00e6gt","text_value":"168 kg","icon":"x"},{"label":"Max. belastning","text_value":"100 kg (2 x 50 kg)","icon":"x"},{"label":"Maks. brugerv\u00e6gt","text_value":"180 kg","icon":"x"},{"label":"Holdere til modstandsbelastning","text_value":"4","icon":"x"},{"label":"Justerbar h\u00f8jde p\u00e5 st\u00e5ende platform","text_value":"6 positioner","icon":"x"},{"label":"Holdere til opbevaring af v\u00e6gtskiver","text_value":"2","icon":"x"},{"label":"Ramme tykkelse","text_value":"3 mm","icon":"x"},{"label":"Modstand","text_value":"tilvejebragt ved at l\u00e6gge v\u00e6gtskiver med en 51 mm \u00e5bning i \u00e6rmet","icon":"x"},{"label":"Integreret polstring designet til hovedst\u00f8tte og tr\u00e6ning af bageste deltoideus","text_value":"","icon":"v"},{"label":"To par h\u00e5ndtag placeret i forskellige h\u00f8jder","text_value":"","icon":"v"},{"label":"Skilt med tr\u00e6ningsinstruktioner  ","text_value":"","icon":"v"},{"label":"Skridsikker platform lavet af st\u00e5l med et s\u00e6rligt struktureret m\u00f8nster","text_value":"","icon":"v"},{"label":"Polstring d\u00e6kket af antibakterielt syntetisk l\u00e6der","text_value":"2 \u00e5r","icon":"v"},{"label":"Metalramme uden skarpe kanter","text_value":"","icon":"v"},{"label":"Anti-korrosionsmaling","text_value":"","icon":"v"},{"label":"Skridsikre h\u00e5ndtag","text_value":"2 \u00e5r","icon":"v"},{"label":"Holdbare gulvbeskyttere","text_value":"","icon":"v"},{"label":"Garanti","text_value":"2 \u00e5r","icon":"x"}]},"yoast_head":"<!-- This site is optimized with the Yoast SEO plugin v26.6 - https:\/\/yoast.com\/wordpress\/plugins\/seo\/ -->\n<title>Evolve Ultra Series Plate Loaded Lateral Raise - Evolve<\/title>\n<meta name=\"description\" content=\"Evolve Ultra Series Plate Loaded Lateral Raise er konstrueret til at levere m\u00e5lrettet aktivering af de laterale deltamuskler\" \/>\n<meta name=\"robots\" content=\"index, follow, max-snippet:-1, max-image-preview:large, max-video-preview:-1\" \/>\n<link rel=\"canonical\" href=\"https:\/\/evolve-fitness.eu\/da\/vare\/evolve-ultra-series-plate-loaded-lateral-raise\/\" \/>\n<meta property=\"og:locale\" content=\"da_DK\" \/>\n<meta property=\"og:type\" content=\"article\" \/>\n<meta property=\"og:title\" content=\"Evolve Ultra Series Plate Loaded Lateral Raise - Evolve\" \/>\n<meta property=\"og:description\" content=\"Evolve Ultra Series Plate Loaded Lateral Raise er konstrueret til at levere m\u00e5lrettet aktivering af de laterale deltamuskler\" \/>\n<meta property=\"og:url\" content=\"https:\/\/evolve-fitness.eu\/da\/vare\/evolve-ultra-series-plate-loaded-lateral-raise\/\" \/>\n<meta property=\"og:site_name\" content=\"Evolve\" \/>\n<meta property=\"article:publisher\" content=\"https:\/\/www.facebook.com\/EvolveFitnessEurope\" \/>\n<meta property=\"article:modified_time\" content=\"2026-03-31T12:34:09+00:00\" \/>\n<meta property=\"og:image\" content=\"https:\/\/evolve-fitness.eu\/wp-content\/uploads\/2025\/06\/EV-PL-UL-340-Evolve-Ultra-Series-Plate-Loaded-Lateral-Raise.png\" \/>\n\t<meta property=\"og:image:width\" content=\"2200\" \/>\n\t<meta property=\"og:image:height\" content=\"2200\" \/>\n\t<meta property=\"og:image:type\" content=\"image\/png\" \/>\n<meta name=\"twitter:card\" content=\"summary_large_image\" \/>\n<script type=\"application\/ld+json\" class=\"yoast-schema-graph\">{\"@context\":\"https:\/\/schema.org\",\"@graph\":[{\"@type\":\"WebPage\",\"@id\":\"https:\/\/evolve-fitness.eu\/da\/vare\/evolve-ultra-series-plate-loaded-lateral-raise\/\",\"url\":\"https:\/\/evolve-fitness.eu\/da\/vare\/evolve-ultra-series-plate-loaded-lateral-raise\/\",\"name\":\"Evolve Ultra Series Plate Loaded Lateral Raise - Evolve\",\"isPartOf\":{\"@id\":\"https:\/\/evolve-fitness.eu\/da\/#website\"},\"primaryImageOfPage\":{\"@id\":\"https:\/\/evolve-fitness.eu\/da\/vare\/evolve-ultra-series-plate-loaded-lateral-raise\/#primaryimage\"},\"image\":{\"@id\":\"https:\/\/evolve-fitness.eu\/da\/vare\/evolve-ultra-series-plate-loaded-lateral-raise\/#primaryimage\"},\"thumbnailUrl\":\"https:\/\/evolve-fitness.eu\/wp-content\/uploads\/2025\/06\/EV-PL-UL-340-Evolve-Ultra-Series-Plate-Loaded-Lateral-Raise.png\",\"datePublished\":\"2025-06-26T11:52:42+00:00\",\"dateModified\":\"2026-03-31T12:34:09+00:00\",\"description\":\"Evolve Ultra Series Plate Loaded Lateral Raise er konstrueret til at levere m\u00e5lrettet aktivering af de laterale deltamuskler\",\"breadcrumb\":{\"@id\":\"https:\/\/evolve-fitness.eu\/da\/vare\/evolve-ultra-series-plate-loaded-lateral-raise\/#breadcrumb\"},\"inLanguage\":\"da-DK\",\"potentialAction\":[{\"@type\":\"ReadAction\",\"target\":[\"https:\/\/evolve-fitness.eu\/da\/vare\/evolve-ultra-series-plate-loaded-lateral-raise\/\"]}]},{\"@type\":\"ImageObject\",\"inLanguage\":\"da-DK\",\"@id\":\"https:\/\/evolve-fitness.eu\/da\/vare\/evolve-ultra-series-plate-loaded-lateral-raise\/#primaryimage\",\"url\":\"https:\/\/evolve-fitness.eu\/wp-content\/uploads\/2025\/06\/EV-PL-UL-340-Evolve-Ultra-Series-Plate-Loaded-Lateral-Raise.png\",\"contentUrl\":\"https:\/\/evolve-fitness.eu\/wp-content\/uploads\/2025\/06\/EV-PL-UL-340-Evolve-Ultra-Series-Plate-Loaded-Lateral-Raise.png\",\"width\":2200,\"height\":2200},{\"@type\":\"BreadcrumbList\",\"@id\":\"https:\/\/evolve-fitness.eu\/da\/vare\/evolve-ultra-series-plate-loaded-lateral-raise\/#breadcrumb\",\"itemListElement\":[{\"@type\":\"ListItem\",\"position\":1,\"name\":\"Home\",\"item\":\"https:\/\/evolve-fitness.eu\/da\/\"},{\"@type\":\"ListItem\",\"position\":2,\"name\":\"Produkter\",\"item\":\"https:\/\/evolve-fitness.eu\/da\/shop\/\"},{\"@type\":\"ListItem\",\"position\":3,\"name\":\"Evolve Ultra Series Plate Loaded Lateral Raise\"}]},{\"@type\":\"WebSite\",\"@id\":\"https:\/\/evolve-fitness.eu\/da\/#website\",\"url\":\"https:\/\/evolve-fitness.eu\/da\/\",\"name\":\"Evolve\",\"description\":\"Your Evolved Gear Arrived\",\"publisher\":{\"@id\":\"https:\/\/evolve-fitness.eu\/da\/#organization\"},\"potentialAction\":[{\"@type\":\"SearchAction\",\"target\":{\"@type\":\"EntryPoint\",\"urlTemplate\":\"https:\/\/evolve-fitness.eu\/da\/?s={search_term_string}\"},\"query-input\":{\"@type\":\"PropertyValueSpecification\",\"valueRequired\":true,\"valueName\":\"search_term_string\"}}],\"inLanguage\":\"da-DK\"},{\"@type\":\"Organization\",\"@id\":\"https:\/\/evolve-fitness.eu\/da\/#organization\",\"name\":\"Evolve\",\"url\":\"https:\/\/evolve-fitness.eu\/da\/\",\"logo\":{\"@type\":\"ImageObject\",\"inLanguage\":\"da-DK\",\"@id\":\"https:\/\/evolve-fitness.eu\/da\/#\/schema\/logo\/image\/\",\"url\":\"https:\/\/evolve-fitness.eu\/wp-content\/uploads\/2023\/05\/Evolve-logo.svg\",\"contentUrl\":\"https:\/\/evolve-fitness.eu\/wp-content\/uploads\/2023\/05\/Evolve-logo.svg\",\"width\":176,\"height\":20,\"caption\":\"Evolve\"},\"image\":{\"@id\":\"https:\/\/evolve-fitness.eu\/da\/#\/schema\/logo\/image\/\"},\"sameAs\":[\"https:\/\/www.facebook.com\/EvolveFitnessEurope\"]}]}<\/script>\n<!-- \/ Yoast SEO plugin. -->","yoast_head_json":{"title":"Evolve Ultra Series Plate Loaded Lateral Raise - Evolve","description":"Evolve Ultra Series Plate Loaded Lateral Raise er konstrueret til at levere m\u00e5lrettet aktivering af de laterale deltamuskler","robots":{"index":"index","follow":"follow","max-snippet":"max-snippet:-1","max-image-preview":"max-image-preview:large","max-video-preview":"max-video-preview:-1"},"canonical":"https:\/\/evolve-fitness.eu\/da\/vare\/evolve-ultra-series-plate-loaded-lateral-raise\/","og_locale":"da_DK","og_type":"article","og_title":"Evolve Ultra Series Plate Loaded Lateral Raise - Evolve","og_description":"Evolve Ultra Series Plate Loaded Lateral Raise er konstrueret til at levere m\u00e5lrettet aktivering af de laterale deltamuskler","og_url":"https:\/\/evolve-fitness.eu\/da\/vare\/evolve-ultra-series-plate-loaded-lateral-raise\/","og_site_name":"Evolve","article_publisher":"https:\/\/www.facebook.com\/EvolveFitnessEurope","article_modified_time":"2026-03-31T12:34:09+00:00","og_image":[{"width":2200,"height":2200,"url":"https:\/\/evolve-fitness.eu\/wp-content\/uploads\/2025\/06\/EV-PL-UL-340-Evolve-Ultra-Series-Plate-Loaded-Lateral-Raise.png","type":"image\/png"}],"twitter_card":"summary_large_image","schema":{"@context":"https:\/\/schema.org","@graph":[{"@type":"WebPage","@id":"https:\/\/evolve-fitness.eu\/da\/vare\/evolve-ultra-series-plate-loaded-lateral-raise\/","url":"https:\/\/evolve-fitness.eu\/da\/vare\/evolve-ultra-series-plate-loaded-lateral-raise\/","name":"Evolve Ultra Series Plate Loaded Lateral Raise - Evolve","isPartOf":{"@id":"https:\/\/evolve-fitness.eu\/da\/#website"},"primaryImageOfPage":{"@id":"https:\/\/evolve-fitness.eu\/da\/vare\/evolve-ultra-series-plate-loaded-lateral-raise\/#primaryimage"},"image":{"@id":"https:\/\/evolve-fitness.eu\/da\/vare\/evolve-ultra-series-plate-loaded-lateral-raise\/#primaryimage"},"thumbnailUrl":"https:\/\/evolve-fitness.eu\/wp-content\/uploads\/2025\/06\/EV-PL-UL-340-Evolve-Ultra-Series-Plate-Loaded-Lateral-Raise.png","datePublished":"2025-06-26T11:52:42+00:00","dateModified":"2026-03-31T12:34:09+00:00","description":"Evolve Ultra Series Plate Loaded Lateral Raise er konstrueret til at levere m\u00e5lrettet aktivering af de laterale deltamuskler","breadcrumb":{"@id":"https:\/\/evolve-fitness.eu\/da\/vare\/evolve-ultra-series-plate-loaded-lateral-raise\/#breadcrumb"},"inLanguage":"da-DK","potentialAction":[{"@type":"ReadAction","target":["https:\/\/evolve-fitness.eu\/da\/vare\/evolve-ultra-series-plate-loaded-lateral-raise\/"]}]},{"@type":"ImageObject","inLanguage":"da-DK","@id":"https:\/\/evolve-fitness.eu\/da\/vare\/evolve-ultra-series-plate-loaded-lateral-raise\/#primaryimage","url":"https:\/\/evolve-fitness.eu\/wp-content\/uploads\/2025\/06\/EV-PL-UL-340-Evolve-Ultra-Series-Plate-Loaded-Lateral-Raise.png","contentUrl":"https:\/\/evolve-fitness.eu\/wp-content\/uploads\/2025\/06\/EV-PL-UL-340-Evolve-Ultra-Series-Plate-Loaded-Lateral-Raise.png","width":2200,"height":2200},{"@type":"BreadcrumbList","@id":"https:\/\/evolve-fitness.eu\/da\/vare\/evolve-ultra-series-plate-loaded-lateral-raise\/#breadcrumb","itemListElement":[{"@type":"ListItem","position":1,"name":"Home","item":"https:\/\/evolve-fitness.eu\/da\/"},{"@type":"ListItem","position":2,"name":"Produkter","item":"https:\/\/evolve-fitness.eu\/da\/shop\/"},{"@type":"ListItem","position":3,"name":"Evolve Ultra Series Plate Loaded Lateral Raise"}]},{"@type":"WebSite","@id":"https:\/\/evolve-fitness.eu\/da\/#website","url":"https:\/\/evolve-fitness.eu\/da\/","name":"Evolve","description":"Your Evolved Gear Arrived","publisher":{"@id":"https:\/\/evolve-fitness.eu\/da\/#organization"},"potentialAction":[{"@type":"SearchAction","target":{"@type":"EntryPoint","urlTemplate":"https:\/\/evolve-fitness.eu\/da\/?s={search_term_string}"},"query-input":{"@type":"PropertyValueSpecification","valueRequired":true,"valueName":"search_term_string"}}],"inLanguage":"da-DK"},{"@type":"Organization","@id":"https:\/\/evolve-fitness.eu\/da\/#organization","name":"Evolve","url":"https:\/\/evolve-fitness.eu\/da\/","logo":{"@type":"ImageObject","inLanguage":"da-DK","@id":"https:\/\/evolve-fitness.eu\/da\/#\/schema\/logo\/image\/","url":"https:\/\/evolve-fitness.eu\/wp-content\/uploads\/2023\/05\/Evolve-logo.svg","contentUrl":"https:\/\/evolve-fitness.eu\/wp-content\/uploads\/2023\/05\/Evolve-logo.svg","width":176,"height":20,"caption":"Evolve"},"image":{"@id":"https:\/\/evolve-fitness.eu\/da\/#\/schema\/logo\/image\/"},"sameAs":["https:\/\/www.facebook.com\/EvolveFitnessEurope"]}]}},"_links":{"self":[{"href":"https:\/\/evolve-fitness.eu\/da\/wp-json\/wp\/v2\/product\/226179","targetHints":{"allow":["GET"]}}],"collection":[{"href":"https:\/\/evolve-fitness.eu\/da\/wp-json\/wp\/v2\/product"}],"about":[{"href":"https:\/\/evolve-fitness.eu\/da\/wp-json\/wp\/v2\/types\/product"}],"wp:featuredmedia":[{"embeddable":true,"href":"https:\/\/evolve-fitness.eu\/da\/wp-json\/wp\/v2\/media\/200039"}],"wp:attachment":[{"href":"https:\/\/evolve-fitness.eu\/da\/wp-json\/wp\/v2\/media?parent=226179"}],"wp:term":[{"taxonomy":"product_brand","embeddable":true,"href":"https:\/\/evolve-fitness.eu\/da\/wp-json\/wp\/v2\/product_brand?post=226179"},{"taxonomy":"product_cat","embeddable":true,"href":"https:\/\/evolve-fitness.eu\/da\/wp-json\/wp\/v2\/product_cat?post=226179"},{"taxonomy":"product_tag","embeddable":true,"href":"https:\/\/evolve-fitness.eu\/da\/wp-json\/wp\/v2\/product_tag?post=226179"}],"curies":[{"name":"wp","href":"https:\/\/api.w.org\/{rel}","templated":true}]}}