{"id":226254,"date":"2025-03-26T13:51:35","date_gmt":"2025-03-26T11:51:35","guid":{"rendered":"https:\/\/evolve-fitness.eu\/product\/evolve-prime-series-gym-handles-rack-gh-020\/"},"modified":"2026-03-27T10:42:42","modified_gmt":"2026-03-27T08:42:42","slug":"evolve-prime-series-gym-handles-rack-gh-020","status":"publish","type":"product","link":"https:\/\/evolve-fitness.eu\/da\/vare\/evolve-prime-series-gym-handles-rack-gh-020\/","title":{"rendered":"Evolve Prime Series Gym Handles Rack (GH-020)"},"content":{"rendered":"\n<section class=\"wp-block-group alignfull black-content has-white-color has-darkgray-background-color has-text-color has-background is-layout-constrained wp-block-group-is-layout-constrained\" style=\"padding-top:var(--wp--preset--spacing--section-bottom);padding-bottom:var(--wp--preset--spacing--section-bottom)\">\n<div class=\"wp-block-columns alignwide mobile-reverse is-layout-flex wp-container-core-columns-is-layout-ca64bf2d wp-block-columns-is-layout-flex\" style=\"margin-bottom:var(--wp--preset--spacing--side-padding)\">\n<div class=\"wp-block-column is-vertically-aligned-center is-layout-flow wp-block-column-is-layout-flow\">\n<h3 class=\"wp-block-heading\" style=\"margin-bottom:var(--wp--preset--spacing--h-3-bottom)\">Hold det rent, hold det meningsfuldt<\/h3>\n\n\n\n<p>Organiser dit tr\u00e6ningsrum som en professionel med <strong>Evolve Prime Series Gym Handles Rack (GH-020)<\/strong> &#8211; den perfekte opbevaringsl\u00f8sning til at holde dit tr\u00e6ningsomr\u00e5de ryddeligt, sikkert og effektivt. Dette kompakte stativ er designet specielt til tr\u00e6ningsh\u00e5ndtag, greb, reb og tilbeh\u00f8r og hj\u00e6lper med at forhindre rod, samtidig med at det sikrer, at dit udstyr altid er inden for r\u00e6kkevidde. <\/p>\n<\/div>\n\n\n\n<div class=\"wp-block-column is-vertically-aligned-center is-layout-flow wp-block-column-is-layout-flow\">\n<figure class=\"wp-block-image size-large is-style-rounded\"><img decoding=\"async\" src=\"https:\/\/store.evolve-fitness.eu\/wp-content\/uploads\/2025\/03\/EV-RS-GH-020-Evolve-Gym-Handles-Rack-6-1024x683.jpg\" alt=\"\" class=\"wp-image-123268\"\/><\/figure>\n<\/div>\n<\/div>\n\n\n\n<div class=\"wp-block-columns is-layout-flex wp-container-core-columns-is-layout-9d6595d7 wp-block-columns-is-layout-flex\">\n<div class=\"wp-block-column is-layout-flow wp-block-column-is-layout-flow\">\n<div class=\"wp-block-columns is-layout-flex wp-container-core-columns-is-layout-9d6595d7 wp-block-columns-is-layout-flex\">\n<div class=\"wp-block-column is-layout-flow wp-block-column-is-layout-flow\">\n<figure class=\"wp-block-image size-large is-style-rounded\"><img decoding=\"async\" src=\"https:\/\/store.evolve-fitness.eu\/wp-content\/uploads\/2025\/03\/EV-RS-GH-020-Evolve-Gym-Handles-Rack-10-1024x683.jpg\" alt=\"\" class=\"wp-image-123293\"\/><\/figure>\n<\/div>\n\n\n\n<div class=\"wp-block-column is-layout-flow wp-block-column-is-layout-flow\">\n<h3 class=\"wp-block-heading\" style=\"margin-bottom:var(--wp--preset--spacing--h-3-bottom)\">Smart design, solid konstruktion<\/h3>\n\n\n\n<p>Dette stativ er fremstillet af st\u00e5l af h\u00f8j kvalitet og afsluttet med en elegant pulverlakering, s\u00e5 det er lavet til at holde. Designet med flere kroge giver masser af plads til alle dine kabeltilbeh\u00f8r &#8211; fra tricepsreb til D-h\u00e5ndtag &#8211; samtidig med at det kun fylder lidt. Ideelt til kommercielle fitnesscentre, PT-studier eller hjemmeops\u00e6tninger, der kr\u00e6ver organisation p\u00e5 professionelt niveau.  <\/p>\n<\/div>\n<\/div>\n<\/div>\n<\/div>\n<\/section>\n","protected":false},"excerpt":{"rendered":"<p>Organiser dit tr\u00e6ningsrum som en professionel med Evolve Prime Series Gym Handles Rack (GH-020) &#8211; den perfekte opbevaringsl\u00f8sning til at holde dit tr\u00e6ningsomr\u00e5de ryddeligt, sikkert og effektivt. Dette kompakte stativ er designet specielt til tr\u00e6ningsh\u00e5ndtag, greb, reb og tilbeh\u00f8r og hj\u00e6lper med at forhindre rod, samtidig med at det sikrer, at dit udstyr altid er inden for r\u00e6kkevidde. <\/p>\n","protected":false},"featured_media":189952,"template":"","meta":{"_acf_changed":false,"inline_featured_image":false},"product_brand":[],"product_cat":[2556,3833],"product_tag":[],"class_list":{"0":"post-226254","1":"product","2":"type-product","3":"status-publish","4":"has-post-thumbnail","6":"product_cat-selekterede-maskiner","7":"product_cat-tilbehor-da","9":"first","10":"instock","11":"shipping-taxable","12":"purchasable","13":"product-type-simple"},"acf":{"long_title":"Evolve Prime Series Gym Handles Rack (GH-020)","subtitle":"","specifications":[{"label":"VARENUMMER","text_value":"EV-RS-GH-020","icon":"x"},{"label":"Dimension","text_value":"1100 x 260 x 870 mm","icon":"x"},{"label":"V\u00e6gt","text_value":"16 kg","icon":"x"},{"label":"Stativet har 5 kroge til fastg\u00f8relse af h\u00e5ndtag","text_value":"","icon":"v"},{"label":"Stabilt st\u00e5lstel med pulverlakeret finish","text_value":"","icon":"v"},{"label":"Garanti","text_value":"2 \u00e5r","icon":"x"}],"product_frequently_asked_questions":null},"yoast_head":"<!-- This site is optimized with the Yoast SEO plugin v27.4 - https:\/\/yoast.com\/product\/yoast-seo-wordpress\/ -->\n<title>Evolve Prime Series Gym Handles Rack (GH-020) - Evolve<\/title>\n<meta name=\"description\" content=\"Evolve h\u00e5ndtagsstativ med stativ og tr\u00e6kh\u00e5ndtag er en praktisk, robust og alsidig opbevaringsl\u00f8sning, der er designet til at placere i tr\u00e6ningsomr\u00e5det og \u00f8ge pladsen.\" \/>\n<meta name=\"robots\" content=\"index, follow, max-snippet:-1, max-image-preview:large, max-video-preview:-1\" \/>\n<link rel=\"canonical\" href=\"https:\/\/evolve-fitness.eu\/da\/vare\/evolve-prime-series-gym-handles-rack-gh-020\/\" \/>\n<meta property=\"og:locale\" content=\"da_DK\" \/>\n<meta property=\"og:type\" content=\"article\" \/>\n<meta property=\"og:title\" content=\"Evolve Prime Series Gym Handles Rack (GH-020) - Evolve\" \/>\n<meta property=\"og:description\" content=\"Evolve h\u00e5ndtagsstativ med stativ og tr\u00e6kh\u00e5ndtag er en praktisk, robust og alsidig opbevaringsl\u00f8sning, der er designet til at placere i tr\u00e6ningsomr\u00e5det og \u00f8ge pladsen.\" \/>\n<meta property=\"og:url\" content=\"https:\/\/evolve-fitness.eu\/da\/vare\/evolve-prime-series-gym-handles-rack-gh-020\/\" \/>\n<meta property=\"og:site_name\" content=\"Evolve\" \/>\n<meta property=\"article:publisher\" content=\"https:\/\/www.facebook.com\/EvolveFitnessEurope\" \/>\n<meta property=\"article:modified_time\" content=\"2026-03-27T08:42:42+00:00\" \/>\n<meta property=\"og:image\" content=\"https:\/\/evolve-fitness.eu\/wp-content\/uploads\/2025\/03\/Evolve-Gym-Handle-Rack.png\" \/>\n\t<meta property=\"og:image:width\" content=\"2160\" \/>\n\t<meta property=\"og:image:height\" content=\"2160\" \/>\n\t<meta property=\"og:image:type\" content=\"image\/png\" \/>\n<meta name=\"twitter:card\" content=\"summary_large_image\" \/>\n<script type=\"application\/ld+json\" class=\"yoast-schema-graph\">{\"@context\":\"https:\\\/\\\/schema.org\",\"@graph\":[{\"@type\":\"WebPage\",\"@id\":\"https:\\\/\\\/evolve-fitness.eu\\\/da\\\/vare\\\/evolve-prime-series-gym-handles-rack-gh-020\\\/\",\"url\":\"https:\\\/\\\/evolve-fitness.eu\\\/da\\\/vare\\\/evolve-prime-series-gym-handles-rack-gh-020\\\/\",\"name\":\"Evolve Prime Series Gym Handles Rack (GH-020) - Evolve\",\"isPartOf\":{\"@id\":\"https:\\\/\\\/evolve-fitness.eu\\\/da\\\/#website\"},\"primaryImageOfPage\":{\"@id\":\"https:\\\/\\\/evolve-fitness.eu\\\/da\\\/vare\\\/evolve-prime-series-gym-handles-rack-gh-020\\\/#primaryimage\"},\"image\":{\"@id\":\"https:\\\/\\\/evolve-fitness.eu\\\/da\\\/vare\\\/evolve-prime-series-gym-handles-rack-gh-020\\\/#primaryimage\"},\"thumbnailUrl\":\"https:\\\/\\\/evolve-fitness.eu\\\/wp-content\\\/uploads\\\/2025\\\/03\\\/Evolve-Gym-Handle-Rack.png\",\"datePublished\":\"2025-03-26T11:51:35+00:00\",\"dateModified\":\"2026-03-27T08:42:42+00:00\",\"description\":\"Evolve h\u00e5ndtagsstativ med stativ og tr\u00e6kh\u00e5ndtag er en praktisk, robust og alsidig opbevaringsl\u00f8sning, der er designet til at placere i tr\u00e6ningsomr\u00e5det og \u00f8ge pladsen.\",\"breadcrumb\":{\"@id\":\"https:\\\/\\\/evolve-fitness.eu\\\/da\\\/vare\\\/evolve-prime-series-gym-handles-rack-gh-020\\\/#breadcrumb\"},\"inLanguage\":\"da-DK\",\"potentialAction\":[{\"@type\":\"ReadAction\",\"target\":[\"https:\\\/\\\/evolve-fitness.eu\\\/da\\\/vare\\\/evolve-prime-series-gym-handles-rack-gh-020\\\/\"]}]},{\"@type\":\"ImageObject\",\"inLanguage\":\"da-DK\",\"@id\":\"https:\\\/\\\/evolve-fitness.eu\\\/da\\\/vare\\\/evolve-prime-series-gym-handles-rack-gh-020\\\/#primaryimage\",\"url\":\"https:\\\/\\\/evolve-fitness.eu\\\/wp-content\\\/uploads\\\/2025\\\/03\\\/Evolve-Gym-Handle-Rack.png\",\"contentUrl\":\"https:\\\/\\\/evolve-fitness.eu\\\/wp-content\\\/uploads\\\/2025\\\/03\\\/Evolve-Gym-Handle-Rack.png\",\"width\":2160,\"height\":2160},{\"@type\":\"BreadcrumbList\",\"@id\":\"https:\\\/\\\/evolve-fitness.eu\\\/da\\\/vare\\\/evolve-prime-series-gym-handles-rack-gh-020\\\/#breadcrumb\",\"itemListElement\":[{\"@type\":\"ListItem\",\"position\":1,\"name\":\"Home\",\"item\":\"https:\\\/\\\/evolve-fitness.eu\\\/da\\\/\"},{\"@type\":\"ListItem\",\"position\":2,\"name\":\"Produkter\",\"item\":\"https:\\\/\\\/evolve-fitness.eu\\\/da\\\/shop\\\/\"},{\"@type\":\"ListItem\",\"position\":3,\"name\":\"Evolve Prime Series Gym Handles Rack (GH-020)\"}]},{\"@type\":\"WebSite\",\"@id\":\"https:\\\/\\\/evolve-fitness.eu\\\/da\\\/#website\",\"url\":\"https:\\\/\\\/evolve-fitness.eu\\\/da\\\/\",\"name\":\"Evolve\",\"description\":\"Your Evolved Gear Arrived\",\"publisher\":{\"@id\":\"https:\\\/\\\/evolve-fitness.eu\\\/da\\\/#organization\"},\"potentialAction\":[{\"@type\":\"SearchAction\",\"target\":{\"@type\":\"EntryPoint\",\"urlTemplate\":\"https:\\\/\\\/evolve-fitness.eu\\\/da\\\/?s={search_term_string}\"},\"query-input\":{\"@type\":\"PropertyValueSpecification\",\"valueRequired\":true,\"valueName\":\"search_term_string\"}}],\"inLanguage\":\"da-DK\"},{\"@type\":\"Organization\",\"@id\":\"https:\\\/\\\/evolve-fitness.eu\\\/da\\\/#organization\",\"name\":\"Evolve\",\"url\":\"https:\\\/\\\/evolve-fitness.eu\\\/da\\\/\",\"logo\":{\"@type\":\"ImageObject\",\"inLanguage\":\"da-DK\",\"@id\":\"https:\\\/\\\/evolve-fitness.eu\\\/da\\\/#\\\/schema\\\/logo\\\/image\\\/\",\"url\":\"https:\\\/\\\/evolve-fitness.eu\\\/wp-content\\\/uploads\\\/2023\\\/05\\\/Evolve-logo.svg\",\"contentUrl\":\"https:\\\/\\\/evolve-fitness.eu\\\/wp-content\\\/uploads\\\/2023\\\/05\\\/Evolve-logo.svg\",\"width\":176,\"height\":20,\"caption\":\"Evolve\"},\"image\":{\"@id\":\"https:\\\/\\\/evolve-fitness.eu\\\/da\\\/#\\\/schema\\\/logo\\\/image\\\/\"},\"sameAs\":[\"https:\\\/\\\/www.facebook.com\\\/EvolveFitnessEurope\"]}]}<\/script>\n<!-- \/ Yoast SEO plugin. -->","yoast_head_json":{"title":"Evolve Prime Series Gym Handles Rack (GH-020) - Evolve","description":"Evolve h\u00e5ndtagsstativ med stativ og tr\u00e6kh\u00e5ndtag er en praktisk, robust og alsidig opbevaringsl\u00f8sning, der er designet til at placere i tr\u00e6ningsomr\u00e5det og \u00f8ge pladsen.","robots":{"index":"index","follow":"follow","max-snippet":"max-snippet:-1","max-image-preview":"max-image-preview:large","max-video-preview":"max-video-preview:-1"},"canonical":"https:\/\/evolve-fitness.eu\/da\/vare\/evolve-prime-series-gym-handles-rack-gh-020\/","og_locale":"da_DK","og_type":"article","og_title":"Evolve Prime Series Gym Handles Rack (GH-020) - Evolve","og_description":"Evolve h\u00e5ndtagsstativ med stativ og tr\u00e6kh\u00e5ndtag er en praktisk, robust og alsidig opbevaringsl\u00f8sning, der er designet til at placere i tr\u00e6ningsomr\u00e5det og \u00f8ge pladsen.","og_url":"https:\/\/evolve-fitness.eu\/da\/vare\/evolve-prime-series-gym-handles-rack-gh-020\/","og_site_name":"Evolve","article_publisher":"https:\/\/www.facebook.com\/EvolveFitnessEurope","article_modified_time":"2026-03-27T08:42:42+00:00","og_image":[{"width":2160,"height":2160,"url":"https:\/\/evolve-fitness.eu\/wp-content\/uploads\/2025\/03\/Evolve-Gym-Handle-Rack.png","type":"image\/png"}],"twitter_card":"summary_large_image","schema":{"@context":"https:\/\/schema.org","@graph":[{"@type":"WebPage","@id":"https:\/\/evolve-fitness.eu\/da\/vare\/evolve-prime-series-gym-handles-rack-gh-020\/","url":"https:\/\/evolve-fitness.eu\/da\/vare\/evolve-prime-series-gym-handles-rack-gh-020\/","name":"Evolve Prime Series Gym Handles Rack (GH-020) - Evolve","isPartOf":{"@id":"https:\/\/evolve-fitness.eu\/da\/#website"},"primaryImageOfPage":{"@id":"https:\/\/evolve-fitness.eu\/da\/vare\/evolve-prime-series-gym-handles-rack-gh-020\/#primaryimage"},"image":{"@id":"https:\/\/evolve-fitness.eu\/da\/vare\/evolve-prime-series-gym-handles-rack-gh-020\/#primaryimage"},"thumbnailUrl":"https:\/\/evolve-fitness.eu\/wp-content\/uploads\/2025\/03\/Evolve-Gym-Handle-Rack.png","datePublished":"2025-03-26T11:51:35+00:00","dateModified":"2026-03-27T08:42:42+00:00","description":"Evolve h\u00e5ndtagsstativ med stativ og tr\u00e6kh\u00e5ndtag er en praktisk, robust og alsidig opbevaringsl\u00f8sning, der er designet til at placere i tr\u00e6ningsomr\u00e5det og \u00f8ge pladsen.","breadcrumb":{"@id":"https:\/\/evolve-fitness.eu\/da\/vare\/evolve-prime-series-gym-handles-rack-gh-020\/#breadcrumb"},"inLanguage":"da-DK","potentialAction":[{"@type":"ReadAction","target":["https:\/\/evolve-fitness.eu\/da\/vare\/evolve-prime-series-gym-handles-rack-gh-020\/"]}]},{"@type":"ImageObject","inLanguage":"da-DK","@id":"https:\/\/evolve-fitness.eu\/da\/vare\/evolve-prime-series-gym-handles-rack-gh-020\/#primaryimage","url":"https:\/\/evolve-fitness.eu\/wp-content\/uploads\/2025\/03\/Evolve-Gym-Handle-Rack.png","contentUrl":"https:\/\/evolve-fitness.eu\/wp-content\/uploads\/2025\/03\/Evolve-Gym-Handle-Rack.png","width":2160,"height":2160},{"@type":"BreadcrumbList","@id":"https:\/\/evolve-fitness.eu\/da\/vare\/evolve-prime-series-gym-handles-rack-gh-020\/#breadcrumb","itemListElement":[{"@type":"ListItem","position":1,"name":"Home","item":"https:\/\/evolve-fitness.eu\/da\/"},{"@type":"ListItem","position":2,"name":"Produkter","item":"https:\/\/evolve-fitness.eu\/da\/shop\/"},{"@type":"ListItem","position":3,"name":"Evolve Prime Series Gym Handles Rack (GH-020)"}]},{"@type":"WebSite","@id":"https:\/\/evolve-fitness.eu\/da\/#website","url":"https:\/\/evolve-fitness.eu\/da\/","name":"Evolve","description":"Your Evolved Gear Arrived","publisher":{"@id":"https:\/\/evolve-fitness.eu\/da\/#organization"},"potentialAction":[{"@type":"SearchAction","target":{"@type":"EntryPoint","urlTemplate":"https:\/\/evolve-fitness.eu\/da\/?s={search_term_string}"},"query-input":{"@type":"PropertyValueSpecification","valueRequired":true,"valueName":"search_term_string"}}],"inLanguage":"da-DK"},{"@type":"Organization","@id":"https:\/\/evolve-fitness.eu\/da\/#organization","name":"Evolve","url":"https:\/\/evolve-fitness.eu\/da\/","logo":{"@type":"ImageObject","inLanguage":"da-DK","@id":"https:\/\/evolve-fitness.eu\/da\/#\/schema\/logo\/image\/","url":"https:\/\/evolve-fitness.eu\/wp-content\/uploads\/2023\/05\/Evolve-logo.svg","contentUrl":"https:\/\/evolve-fitness.eu\/wp-content\/uploads\/2023\/05\/Evolve-logo.svg","width":176,"height":20,"caption":"Evolve"},"image":{"@id":"https:\/\/evolve-fitness.eu\/da\/#\/schema\/logo\/image\/"},"sameAs":["https:\/\/www.facebook.com\/EvolveFitnessEurope"]}]}},"_links":{"self":[{"href":"https:\/\/evolve-fitness.eu\/da\/wp-json\/wp\/v2\/product\/226254","targetHints":{"allow":["GET"]}}],"collection":[{"href":"https:\/\/evolve-fitness.eu\/da\/wp-json\/wp\/v2\/product"}],"about":[{"href":"https:\/\/evolve-fitness.eu\/da\/wp-json\/wp\/v2\/types\/product"}],"wp:featuredmedia":[{"embeddable":true,"href":"https:\/\/evolve-fitness.eu\/da\/wp-json\/wp\/v2\/media\/189952"}],"wp:attachment":[{"href":"https:\/\/evolve-fitness.eu\/da\/wp-json\/wp\/v2\/media?parent=226254"}],"wp:term":[{"taxonomy":"product_brand","embeddable":true,"href":"https:\/\/evolve-fitness.eu\/da\/wp-json\/wp\/v2\/product_brand?post=226254"},{"taxonomy":"product_cat","embeddable":true,"href":"https:\/\/evolve-fitness.eu\/da\/wp-json\/wp\/v2\/product_cat?post=226254"},{"taxonomy":"product_tag","embeddable":true,"href":"https:\/\/evolve-fitness.eu\/da\/wp-json\/wp\/v2\/product_tag?post=226254"}],"curies":[{"name":"wp","href":"https:\/\/api.w.org\/{rel}","templated":true}]}}