{"id":227758,"date":"2025-10-24T14:27:58","date_gmt":"2025-10-24T11:27:58","guid":{"rendered":"https:\/\/evolve-fitness.eu\/product\/evolve-prime-series-pilates-reformer-pr-020\/"},"modified":"2026-04-01T09:15:39","modified_gmt":"2026-04-01T06:15:39","slug":"evolve-prime-series-pilates-reformer-pr-020","status":"publish","type":"product","link":"https:\/\/evolve-fitness.eu\/da\/vare\/evolve-prime-series-pilates-reformer-pr-020\/","title":{"rendered":"Evolve Prime Series Pilates Reformer (PR-020)"},"content":{"rendered":"\n<section class=\"wp-block-group alignfull black-content has-white-color has-darkgray-background-color has-text-color has-background is-layout-constrained wp-block-group-is-layout-constrained\" style=\"padding-top:var(--wp--preset--spacing--section-bottom);padding-bottom:var(--wp--preset--spacing--section-bottom)\">\n<section class=\"wp-block-group alignfull black-content has-white-color has-darkgray-background-color has-text-color has-background is-layout-constrained wp-block-group-is-layout-constrained\" style=\"margin-bottom:0;padding-top:var(--wp--preset--spacing--tb-padding);padding-bottom:var(--wp--preset--spacing--tb-padding)\">\n<div class=\"wp-block-columns alignwide mobile-reverse is-layout-flex wp-container-core-columns-is-layout-7a02faa9 wp-block-columns-is-layout-flex\" style=\"margin-bottom:var(--wp--preset--spacing--tb-section-padding)\">\n<div class=\"wp-block-column is-vertically-aligned-center is-layout-flow wp-block-column-is-layout-flow\">\n<h3 class=\"wp-block-heading\" style=\"margin-bottom:var(--wp--preset--spacing--h-3-bottom)\"><strong><strong><strong><strong><strong><strong><strong><strong>Pr\u00e6cisionsteknik til professionelle pilatesstudier og f\u00f8rsteklasses tr\u00e6ningscentre i hjemmet<\/strong><\/strong><\/strong><\/strong><\/strong><\/strong><\/strong><\/strong><\/h3>\n\n\n\n<p>Evolve Prime Series Pilates Reformer er designet til dem, der kr\u00e6ver j\u00e6vn bev\u00e6gelse, pr\u00e6cis kontrol og langvarig holdbarhed i hver tr\u00e6ning. Bygget med en kraftig st\u00e5lramme og raffinerede mekaniske komponenter giver denne reformer en stabil, lydl\u00f8s og meget responsiv tr\u00e6ningsoplevelse for b\u00e5de begyndere og avancerede brugere. <\/p>\n\n\n\n<p>Hver eneste detalje er konstrueret til at underst\u00f8tte flydende bev\u00e6gelser, korrekt justering og indgreb i hele kroppen &#8211; fra den ultraglatte vogn til det omhyggeligt kalibrerede fjedersystem.<\/p>\n<\/div>\n\n\n\n<div class=\"wp-block-column is-vertically-aligned-center is-layout-flow wp-block-column-is-layout-flow\">\n<figure class=\"wp-block-image size-full\"><img loading=\"lazy\" decoding=\"async\" width=\"810\" height=\"1013\" src=\"https:\/\/evolve-fitness.eu\/wp-content\/uploads\/2025\/10\/EV-PR-PR-020-3.png\" alt=\"\" class=\"wp-image-227599\" srcset=\"https:\/\/evolve-fitness.eu\/wp-content\/uploads\/2025\/10\/EV-PR-PR-020-3.png 810w, https:\/\/evolve-fitness.eu\/wp-content\/uploads\/2025\/10\/EV-PR-PR-020-3-240x300.png 240w, https:\/\/evolve-fitness.eu\/wp-content\/uploads\/2025\/10\/EV-PR-PR-020-3-120x150.png 120w, https:\/\/evolve-fitness.eu\/wp-content\/uploads\/2025\/10\/EV-PR-PR-020-3-768x960.png 768w, https:\/\/evolve-fitness.eu\/wp-content\/uploads\/2025\/10\/EV-PR-PR-020-3-300x375.png 300w, https:\/\/evolve-fitness.eu\/wp-content\/uploads\/2025\/10\/EV-PR-PR-020-3-600x750.png 600w\" sizes=\"auto, (max-width: 810px) 100vw, 810px\" \/><\/figure>\n<\/div>\n<\/div>\n\n\n\n<div class=\"wp-block-columns alignwide mobile-reverse is-layout-flex wp-container-core-columns-is-layout-035fa626 wp-block-columns-is-layout-flex\" style=\"margin-bottom:var(--wp--preset--spacing--side-padding);padding-top:var(--wp--preset--spacing--tb-padding);padding-bottom:var(--wp--preset--spacing--tb-padding)\">\n<div class=\"wp-block-column is-vertically-aligned-center is-layout-flow wp-block-column-is-layout-flow\">\n<figure class=\"wp-block-image size-full\"><img loading=\"lazy\" decoding=\"async\" width=\"810\" height=\"1013\" src=\"https:\/\/evolve-fitness.eu\/wp-content\/uploads\/2025\/10\/EV-PR-PR-020-4.png\" alt=\"\" class=\"wp-image-227600\" srcset=\"https:\/\/evolve-fitness.eu\/wp-content\/uploads\/2025\/10\/EV-PR-PR-020-4.png 810w, https:\/\/evolve-fitness.eu\/wp-content\/uploads\/2025\/10\/EV-PR-PR-020-4-240x300.png 240w, https:\/\/evolve-fitness.eu\/wp-content\/uploads\/2025\/10\/EV-PR-PR-020-4-120x150.png 120w, https:\/\/evolve-fitness.eu\/wp-content\/uploads\/2025\/10\/EV-PR-PR-020-4-768x960.png 768w, https:\/\/evolve-fitness.eu\/wp-content\/uploads\/2025\/10\/EV-PR-PR-020-4-300x375.png 300w, https:\/\/evolve-fitness.eu\/wp-content\/uploads\/2025\/10\/EV-PR-PR-020-4-600x750.png 600w\" sizes=\"auto, (max-width: 810px) 100vw, 810px\" \/><\/figure>\n<\/div>\n\n\n\n<div class=\"wp-block-column is-vertically-aligned-center is-layout-flow wp-block-column-is-layout-flow\">\n<h3 class=\"wp-block-heading\" style=\"margin-bottom:var(--wp--preset--spacing--h-3-bottom)\"><strong><strong><strong><strong><strong><strong><strong><strong><strong>J\u00e6vn, lydl\u00f8s og kontrolleret bev\u00e6gelse<\/strong><\/strong><\/strong><\/strong><\/strong><\/strong><\/strong><\/strong><\/strong><\/h3>\n\n\n\n<p>Reformeren har et <strong>pr\u00e6cisionsstyret vognsystem<\/strong>, der glider ubesv\u00e6ret langs rammen og sikrer ensartet modstand og uafbrudt flow. Det giver brugerne mulighed for at fokusere fuldt ud p\u00e5 form, vejrtr\u00e6kning og muskelaktivering uden at blive distraheret af st\u00f8j eller vibrationer. <\/p>\n\n\n\n<p><strong>Den polstrede vogn og nakkest\u00f8tte med h\u00f8j densitet<\/strong> giver komfort og stabilitet, selv under l\u00e6ngere tr\u00e6ningssessioner, mens de ergonomiske skulderblokke holder kroppen perfekt p\u00e5 linje.<\/p>\n<\/div>\n<\/div>\n\n\n\n<div class=\"wp-block-columns alignwide mobile-reverse is-layout-flex wp-container-core-columns-is-layout-7a02faa9 wp-block-columns-is-layout-flex\" style=\"margin-bottom:var(--wp--preset--spacing--tb-section-padding)\">\n<div class=\"wp-block-column is-vertically-aligned-center is-layout-flow wp-block-column-is-layout-flow\">\n<h3 class=\"wp-block-heading\" style=\"margin-bottom:var(--wp--preset--spacing--h-3-bottom)\"><strong><strong><strong><strong><strong><strong><strong><strong><strong>Justerbar modstand til progressiv tr\u00e6ning<\/strong><\/strong><\/strong><\/strong><\/strong><\/strong><\/strong><\/strong><\/strong><\/h3>\n\n\n\n<p>Med et <strong>farvekodet fjedersystem<\/strong> giver Evolve Prime Series Reformer mulighed for \u00f8jeblikkelig justering af modstanden til forskellige tr\u00e6ningsm\u00e5l:<\/p>\n\n\n\n<ul class=\"wp-block-list\">\n<li>Let modstand til genoptr\u00e6ning og mobilitet<\/li>\n\n\n\n<li>Medium modstand for kernestabilitet og kontrol<\/li>\n\n\n\n<li>Tung modstand til udvikling af styrke og kraft<\/li>\n<\/ul>\n\n\n\n<p>Det g\u00f8r reformeren ideel til <strong>personlig tr\u00e6ning, gruppeundervisning, fysioterapi og atletisk konditionering<\/strong>.<\/p>\n<\/div>\n\n\n\n<div class=\"wp-block-column is-vertically-aligned-center is-layout-flow wp-block-column-is-layout-flow\">\n<figure class=\"wp-block-image size-full\"><img loading=\"lazy\" decoding=\"async\" width=\"810\" height=\"1013\" src=\"https:\/\/evolve-fitness.eu\/wp-content\/uploads\/2025\/10\/EV-PR-PR-020-5.png\" alt=\"\" class=\"wp-image-227601\" srcset=\"https:\/\/evolve-fitness.eu\/wp-content\/uploads\/2025\/10\/EV-PR-PR-020-5.png 810w, https:\/\/evolve-fitness.eu\/wp-content\/uploads\/2025\/10\/EV-PR-PR-020-5-240x300.png 240w, https:\/\/evolve-fitness.eu\/wp-content\/uploads\/2025\/10\/EV-PR-PR-020-5-120x150.png 120w, https:\/\/evolve-fitness.eu\/wp-content\/uploads\/2025\/10\/EV-PR-PR-020-5-768x960.png 768w, https:\/\/evolve-fitness.eu\/wp-content\/uploads\/2025\/10\/EV-PR-PR-020-5-300x375.png 300w, https:\/\/evolve-fitness.eu\/wp-content\/uploads\/2025\/10\/EV-PR-PR-020-5-600x750.png 600w\" sizes=\"auto, (max-width: 810px) 100vw, 810px\" \/><\/figure>\n<\/div>\n<\/div>\n\n\n\n<div class=\"wp-block-columns alignwide mobile-reverse is-layout-flex wp-container-core-columns-is-layout-ca64bf2d wp-block-columns-is-layout-flex\" style=\"margin-bottom:var(--wp--preset--spacing--side-padding)\">\n<div class=\"wp-block-column is-vertically-aligned-center is-layout-flow wp-block-column-is-layout-flow\">\n<div class=\"wp-block-columns is-layout-flex wp-container-core-columns-is-layout-9d6595d7 wp-block-columns-is-layout-flex\">\n<div class=\"wp-block-column is-layout-flow wp-block-column-is-layout-flow\">\n<div class=\"wp-block-columns is-layout-flex wp-container-core-columns-is-layout-9d6595d7 wp-block-columns-is-layout-flex\">\n<div class=\"wp-block-column is-layout-flow wp-block-column-is-layout-flow\"><\/div>\n\n\n\n<div class=\"wp-block-column is-layout-flow wp-block-column-is-layout-flow\"><\/div>\n<\/div>\n\n\n\n<figure class=\"wp-block-image size-full\"><img loading=\"lazy\" decoding=\"async\" width=\"810\" height=\"1013\" src=\"https:\/\/evolve-fitness.eu\/wp-content\/uploads\/2025\/10\/EV-PR-PR-020-7.png\" alt=\"\" class=\"wp-image-227603\" srcset=\"https:\/\/evolve-fitness.eu\/wp-content\/uploads\/2025\/10\/EV-PR-PR-020-7.png 810w, https:\/\/evolve-fitness.eu\/wp-content\/uploads\/2025\/10\/EV-PR-PR-020-7-240x300.png 240w, https:\/\/evolve-fitness.eu\/wp-content\/uploads\/2025\/10\/EV-PR-PR-020-7-120x150.png 120w, https:\/\/evolve-fitness.eu\/wp-content\/uploads\/2025\/10\/EV-PR-PR-020-7-768x960.png 768w, https:\/\/evolve-fitness.eu\/wp-content\/uploads\/2025\/10\/EV-PR-PR-020-7-300x375.png 300w, https:\/\/evolve-fitness.eu\/wp-content\/uploads\/2025\/10\/EV-PR-PR-020-7-600x750.png 600w\" sizes=\"auto, (max-width: 810px) 100vw, 810px\" \/><\/figure>\n<\/div>\n\n\n\n<div class=\"wp-block-column is-vertically-aligned-center is-layout-flow wp-block-column-is-layout-flow\">\n<h3 class=\"wp-block-heading\" style=\"margin-bottom:var(--wp--preset--spacing--h-3-bottom)\"><strong><strong><strong><strong><strong><strong><strong><strong><strong>Designet til alsidighed<\/strong><\/strong><\/strong><\/strong><\/strong><\/strong><\/strong><\/strong><\/strong><\/h3>\n\n\n\n<p>Reformeren indeholder flere justerbare elementer, der udvider \u00f8velsesvariationen:<\/p>\n\n\n\n<ul class=\"wp-block-list\">\n<li>Justerbar fodstang til forskellige kropspositioner og bev\u00e6gelsesm\u00f8nstre<\/li>\n\n\n\n<li>Aftageligt springbr\u00e6t til cardio-fokuserede pilates-sessioner<\/li>\n\n\n\n<li>Justerbare reb og h\u00e5ndtag til \u00f8velser for over- og underkrop<\/li>\n\n\n\n<li>Bokstilbeh\u00f8r til siddende, kn\u00e6lende og liggende bev\u00e6gelser<\/li>\n<\/ul>\n\n\n\n<p>Med disse muligheder underst\u00f8tter en maskine <strong>hundredvis af \u00f8velser<\/strong>, fra sk\u00e5nsom genoptr\u00e6ning til h\u00f8jintensiv tr\u00e6ning.<\/p>\n<\/div>\n<\/div>\n<\/div>\n<\/div>\n\n\n\n<div class=\"wp-block-columns is-layout-flex wp-container-core-columns-is-layout-9d6595d7 wp-block-columns-is-layout-flex\">\n<div class=\"wp-block-column is-layout-flow wp-block-column-is-layout-flow\"><\/div>\n<\/div>\n\n\n\n<div class=\"wp-block-columns alignwide mobile-reverse is-layout-flex wp-container-core-columns-is-layout-7a02faa9 wp-block-columns-is-layout-flex\" style=\"margin-bottom:var(--wp--preset--spacing--tb-section-padding)\">\n<div class=\"wp-block-column is-vertically-aligned-center is-layout-flow wp-block-column-is-layout-flow\">\n<h3 class=\"wp-block-heading\" style=\"margin-bottom:var(--wp--preset--spacing--h-3-bottom)\"><strong><strong><strong><strong><strong><strong><strong><strong><strong>Bygget til studier, perfekt til hjemmebrug<\/strong><\/strong><\/strong><\/strong><\/strong><\/strong><\/strong><\/strong><\/strong><\/h3>\n\n\n\n<p>Takket v\u00e6re det <strong>opretst\u00e5ende opbevaringssystem og de integrerede transporthjul<\/strong> kan reformeren nemt flyttes og opbevares, n\u00e5r den ikke er i brug. Det g\u00f8r den til et fremragende valg til studier med begr\u00e6nset plads eller premium-hjemmegyms, der kr\u00e6ver fleksibilitet uden at g\u00e5 p\u00e5 kompromis med kvaliteten. <\/p>\n\n\n\n<p>Den solide konstruktion sikrer stabilitet selv under intensiv daglig brug, hvilket g\u00f8r den velegnet til <strong>kommercielle milj\u00f8er<\/strong><strong>.<\/strong><\/p>\n<\/div>\n\n\n\n<div class=\"wp-block-column is-vertically-aligned-center is-layout-flow wp-block-column-is-layout-flow\">\n<figure class=\"wp-block-image size-full\"><img loading=\"lazy\" decoding=\"async\" width=\"810\" height=\"1013\" src=\"https:\/\/evolve-fitness.eu\/wp-content\/uploads\/2025\/10\/EV-PR-PR-020-8.png\" alt=\"\" class=\"wp-image-227604\" srcset=\"https:\/\/evolve-fitness.eu\/wp-content\/uploads\/2025\/10\/EV-PR-PR-020-8.png 810w, https:\/\/evolve-fitness.eu\/wp-content\/uploads\/2025\/10\/EV-PR-PR-020-8-240x300.png 240w, https:\/\/evolve-fitness.eu\/wp-content\/uploads\/2025\/10\/EV-PR-PR-020-8-120x150.png 120w, https:\/\/evolve-fitness.eu\/wp-content\/uploads\/2025\/10\/EV-PR-PR-020-8-768x960.png 768w, https:\/\/evolve-fitness.eu\/wp-content\/uploads\/2025\/10\/EV-PR-PR-020-8-300x375.png 300w, https:\/\/evolve-fitness.eu\/wp-content\/uploads\/2025\/10\/EV-PR-PR-020-8-600x750.png 600w\" sizes=\"auto, (max-width: 810px) 100vw, 810px\" \/><\/figure>\n<\/div>\n<\/div>\n<\/section>\n<\/section>\n","protected":false},"excerpt":{"rendered":"<p>Oplev pr\u00e6cision, kontrol og komfort med Evolve Prime Series Pilates Reformer. Den er designet til professionelle studier og hjemmebrug og har justerbar fjedermodstand, ergonomisk design og j\u00e6vn bev\u00e6gelse til sikker og effektiv tr\u00e6ning af hele kroppen. Bygget til holdbarhed, ydeevne og nem opretst\u00e5ende opbevaring.  <\/p>\n","protected":false},"featured_media":227759,"template":"","meta":{"_acf_changed":false,"inline_featured_image":false},"product_brand":[],"product_cat":[5233],"product_tag":[],"class_list":{"0":"post-227758","1":"product","2":"type-product","3":"status-publish","4":"has-post-thumbnail","6":"product_cat-studio-da","8":"first","9":"instock","10":"shipping-taxable","11":"purchasable","12":"product-type-simple"},"acf":{"long_title":"Evolve Prime Series Pilates Reformer (PR-020)","subtitle":"","specifications":[{"label":"VARENUMMER","text_value":"EV-PR-PR-020","icon":"x"},{"label":"Produktets v\u00e6gt","text_value":"70 kg","icon":"x"},{"label":"Bruttov\u00e6gt","text_value":"102 kg","icon":"x"},{"label":"Maks. brugerv\u00e6gt","text_value":"150 kg","icon":"x"},{"label":"Produktets dimensioner","text_value":"2445 x 695 x 370 mm","icon":"x"},{"label":"M\u00e5l p\u00e5 pakken","text_value":"2590 x 740 x 400 mm","icon":"x"},{"label":"Ramme","text_value":"Aluminiumslegering","icon":"x"},{"label":"Polstring i l\u00e6der","text_value":"1 mm PU-l\u00e6der","icon":"x"},{"label":"Indvendig polstring","text_value":"Milj\u00f8venlig inderside i 5D rebound-bomuld","icon":"x"},{"label":"Nakkest\u00f8tte","text_value":"PU-l\u00e6der","icon":"x"},{"label":"Skulderst\u00f8tte","text_value":"2 skulderpuder i PU-l\u00e6der","icon":"x"},{"label":"Fodstang","text_value":"Rustfrit st\u00e5l med polstret yderlag","icon":"x"},{"label":"Fjedersystem","text_value":"6 tyske fjedre (2 r\u00f8de, 2 gr\u00f8nne, 2 gule)","icon":"x"},{"label":"H\u00e5ndtagets position","text_value":"Justerbar i 6 positioner","icon":"x"},{"label":"Stiger\u00f8r","text_value":"2 styreb\u00f8jler i metal, 2 eksterne sejlb\u00e5dsd\u00e6mpere, 2 skruer","icon":"x"},{"label":"Rebsystem","text_value":"2 tykke nylonreb med dobbelte l\u00f8kker","icon":"x"},{"label":"Krogstrop","text_value":"","icon":"v"},{"label":"Springbr\u00e6t","text_value":"Overflade af PU-l\u00e6der","icon":"x"},{"label":"Hjul","text_value":"10 importerede trisser - herunder: 2 glidende sengehjul ved hovedet 4 elastiske og lydl\u00f8se langsg\u00e5ende modv\u00e6gtshjul 4 lydl\u00f8se, slidst\u00e6rke tv\u00e6rg\u00e5ende tr\u00e6ningshjul","icon":"x"},{"label":"Garanti","text_value":"2 \u00e5r","icon":"x"}],"product_frequently_asked_questions":null},"yoast_head":"<!-- This site is optimized with the Yoast SEO plugin v27.4 - https:\/\/yoast.com\/product\/yoast-seo-wordpress\/ -->\n<title>Evolve Prime Series Pilates Reformer (PR-020) - Evolve<\/title>\n<meta name=\"description\" content=\"Oplev pr\u00e6cision, kontrol og komfort med Evolve Prime Series Pilates Reformer. Designet til professionelle studier og hjemmetr\u00e6ning\" \/>\n<meta name=\"robots\" content=\"index, follow, max-snippet:-1, max-image-preview:large, max-video-preview:-1\" \/>\n<link rel=\"canonical\" href=\"https:\/\/evolve-fitness.eu\/da\/vare\/evolve-prime-series-pilates-reformer-pr-020\/\" \/>\n<meta property=\"og:locale\" content=\"da_DK\" \/>\n<meta property=\"og:type\" content=\"article\" \/>\n<meta property=\"og:title\" content=\"Evolve Prime Series Pilates Reformer (PR-020) - Evolve\" \/>\n<meta property=\"og:description\" content=\"Oplev pr\u00e6cision, kontrol og komfort med Evolve Prime Series Pilates Reformer. Designet til professionelle studier og hjemmetr\u00e6ning\" \/>\n<meta property=\"og:url\" content=\"https:\/\/evolve-fitness.eu\/da\/vare\/evolve-prime-series-pilates-reformer-pr-020\/\" \/>\n<meta property=\"og:site_name\" content=\"Evolve\" \/>\n<meta property=\"article:publisher\" content=\"https:\/\/www.facebook.com\/EvolveFitnessEurope\" \/>\n<meta property=\"article:modified_time\" content=\"2026-04-01T06:15:39+00:00\" \/>\n<meta property=\"og:image\" content=\"https:\/\/evolve-fitness.eu\/wp-content\/uploads\/2025\/10\/EV-PR-PR-020.png\" \/>\n\t<meta property=\"og:image:width\" content=\"810\" \/>\n\t<meta property=\"og:image:height\" content=\"1013\" \/>\n\t<meta property=\"og:image:type\" content=\"image\/png\" \/>\n<meta name=\"twitter:card\" content=\"summary_large_image\" \/>\n<script type=\"application\/ld+json\" class=\"yoast-schema-graph\">{\"@context\":\"https:\\\/\\\/schema.org\",\"@graph\":[{\"@type\":\"WebPage\",\"@id\":\"https:\\\/\\\/evolve-fitness.eu\\\/da\\\/vare\\\/evolve-prime-series-pilates-reformer-pr-020\\\/\",\"url\":\"https:\\\/\\\/evolve-fitness.eu\\\/da\\\/vare\\\/evolve-prime-series-pilates-reformer-pr-020\\\/\",\"name\":\"Evolve Prime Series Pilates Reformer (PR-020) - Evolve\",\"isPartOf\":{\"@id\":\"https:\\\/\\\/evolve-fitness.eu\\\/da\\\/#website\"},\"primaryImageOfPage\":{\"@id\":\"https:\\\/\\\/evolve-fitness.eu\\\/da\\\/vare\\\/evolve-prime-series-pilates-reformer-pr-020\\\/#primaryimage\"},\"image\":{\"@id\":\"https:\\\/\\\/evolve-fitness.eu\\\/da\\\/vare\\\/evolve-prime-series-pilates-reformer-pr-020\\\/#primaryimage\"},\"thumbnailUrl\":\"https:\\\/\\\/evolve-fitness.eu\\\/wp-content\\\/uploads\\\/2025\\\/10\\\/EV-PR-PR-020.png\",\"datePublished\":\"2025-10-24T11:27:58+00:00\",\"dateModified\":\"2026-04-01T06:15:39+00:00\",\"description\":\"Oplev pr\u00e6cision, kontrol og komfort med Evolve Prime Series Pilates Reformer. Designet til professionelle studier og hjemmetr\u00e6ning\",\"breadcrumb\":{\"@id\":\"https:\\\/\\\/evolve-fitness.eu\\\/da\\\/vare\\\/evolve-prime-series-pilates-reformer-pr-020\\\/#breadcrumb\"},\"inLanguage\":\"da-DK\",\"potentialAction\":[{\"@type\":\"ReadAction\",\"target\":[\"https:\\\/\\\/evolve-fitness.eu\\\/da\\\/vare\\\/evolve-prime-series-pilates-reformer-pr-020\\\/\"]}]},{\"@type\":\"ImageObject\",\"inLanguage\":\"da-DK\",\"@id\":\"https:\\\/\\\/evolve-fitness.eu\\\/da\\\/vare\\\/evolve-prime-series-pilates-reformer-pr-020\\\/#primaryimage\",\"url\":\"https:\\\/\\\/evolve-fitness.eu\\\/wp-content\\\/uploads\\\/2025\\\/10\\\/EV-PR-PR-020.png\",\"contentUrl\":\"https:\\\/\\\/evolve-fitness.eu\\\/wp-content\\\/uploads\\\/2025\\\/10\\\/EV-PR-PR-020.png\",\"width\":810,\"height\":1013},{\"@type\":\"BreadcrumbList\",\"@id\":\"https:\\\/\\\/evolve-fitness.eu\\\/da\\\/vare\\\/evolve-prime-series-pilates-reformer-pr-020\\\/#breadcrumb\",\"itemListElement\":[{\"@type\":\"ListItem\",\"position\":1,\"name\":\"Home\",\"item\":\"https:\\\/\\\/evolve-fitness.eu\\\/da\\\/\"},{\"@type\":\"ListItem\",\"position\":2,\"name\":\"Produkter\",\"item\":\"https:\\\/\\\/evolve-fitness.eu\\\/da\\\/shop\\\/\"},{\"@type\":\"ListItem\",\"position\":3,\"name\":\"Evolve Prime Series Pilates Reformer (PR-020)\"}]},{\"@type\":\"WebSite\",\"@id\":\"https:\\\/\\\/evolve-fitness.eu\\\/da\\\/#website\",\"url\":\"https:\\\/\\\/evolve-fitness.eu\\\/da\\\/\",\"name\":\"Evolve\",\"description\":\"Your Evolved Gear Arrived\",\"publisher\":{\"@id\":\"https:\\\/\\\/evolve-fitness.eu\\\/da\\\/#organization\"},\"potentialAction\":[{\"@type\":\"SearchAction\",\"target\":{\"@type\":\"EntryPoint\",\"urlTemplate\":\"https:\\\/\\\/evolve-fitness.eu\\\/da\\\/?s={search_term_string}\"},\"query-input\":{\"@type\":\"PropertyValueSpecification\",\"valueRequired\":true,\"valueName\":\"search_term_string\"}}],\"inLanguage\":\"da-DK\"},{\"@type\":\"Organization\",\"@id\":\"https:\\\/\\\/evolve-fitness.eu\\\/da\\\/#organization\",\"name\":\"Evolve\",\"url\":\"https:\\\/\\\/evolve-fitness.eu\\\/da\\\/\",\"logo\":{\"@type\":\"ImageObject\",\"inLanguage\":\"da-DK\",\"@id\":\"https:\\\/\\\/evolve-fitness.eu\\\/da\\\/#\\\/schema\\\/logo\\\/image\\\/\",\"url\":\"https:\\\/\\\/evolve-fitness.eu\\\/wp-content\\\/uploads\\\/2023\\\/05\\\/Evolve-logo.svg\",\"contentUrl\":\"https:\\\/\\\/evolve-fitness.eu\\\/wp-content\\\/uploads\\\/2023\\\/05\\\/Evolve-logo.svg\",\"width\":176,\"height\":20,\"caption\":\"Evolve\"},\"image\":{\"@id\":\"https:\\\/\\\/evolve-fitness.eu\\\/da\\\/#\\\/schema\\\/logo\\\/image\\\/\"},\"sameAs\":[\"https:\\\/\\\/www.facebook.com\\\/EvolveFitnessEurope\"]}]}<\/script>\n<!-- \/ Yoast SEO plugin. -->","yoast_head_json":{"title":"Evolve Prime Series Pilates Reformer (PR-020) - Evolve","description":"Oplev pr\u00e6cision, kontrol og komfort med Evolve Prime Series Pilates Reformer. Designet til professionelle studier og hjemmetr\u00e6ning","robots":{"index":"index","follow":"follow","max-snippet":"max-snippet:-1","max-image-preview":"max-image-preview:large","max-video-preview":"max-video-preview:-1"},"canonical":"https:\/\/evolve-fitness.eu\/da\/vare\/evolve-prime-series-pilates-reformer-pr-020\/","og_locale":"da_DK","og_type":"article","og_title":"Evolve Prime Series Pilates Reformer (PR-020) - Evolve","og_description":"Oplev pr\u00e6cision, kontrol og komfort med Evolve Prime Series Pilates Reformer. Designet til professionelle studier og hjemmetr\u00e6ning","og_url":"https:\/\/evolve-fitness.eu\/da\/vare\/evolve-prime-series-pilates-reformer-pr-020\/","og_site_name":"Evolve","article_publisher":"https:\/\/www.facebook.com\/EvolveFitnessEurope","article_modified_time":"2026-04-01T06:15:39+00:00","og_image":[{"width":810,"height":1013,"url":"https:\/\/evolve-fitness.eu\/wp-content\/uploads\/2025\/10\/EV-PR-PR-020.png","type":"image\/png"}],"twitter_card":"summary_large_image","schema":{"@context":"https:\/\/schema.org","@graph":[{"@type":"WebPage","@id":"https:\/\/evolve-fitness.eu\/da\/vare\/evolve-prime-series-pilates-reformer-pr-020\/","url":"https:\/\/evolve-fitness.eu\/da\/vare\/evolve-prime-series-pilates-reformer-pr-020\/","name":"Evolve Prime Series Pilates Reformer (PR-020) - Evolve","isPartOf":{"@id":"https:\/\/evolve-fitness.eu\/da\/#website"},"primaryImageOfPage":{"@id":"https:\/\/evolve-fitness.eu\/da\/vare\/evolve-prime-series-pilates-reformer-pr-020\/#primaryimage"},"image":{"@id":"https:\/\/evolve-fitness.eu\/da\/vare\/evolve-prime-series-pilates-reformer-pr-020\/#primaryimage"},"thumbnailUrl":"https:\/\/evolve-fitness.eu\/wp-content\/uploads\/2025\/10\/EV-PR-PR-020.png","datePublished":"2025-10-24T11:27:58+00:00","dateModified":"2026-04-01T06:15:39+00:00","description":"Oplev pr\u00e6cision, kontrol og komfort med Evolve Prime Series Pilates Reformer. Designet til professionelle studier og hjemmetr\u00e6ning","breadcrumb":{"@id":"https:\/\/evolve-fitness.eu\/da\/vare\/evolve-prime-series-pilates-reformer-pr-020\/#breadcrumb"},"inLanguage":"da-DK","potentialAction":[{"@type":"ReadAction","target":["https:\/\/evolve-fitness.eu\/da\/vare\/evolve-prime-series-pilates-reformer-pr-020\/"]}]},{"@type":"ImageObject","inLanguage":"da-DK","@id":"https:\/\/evolve-fitness.eu\/da\/vare\/evolve-prime-series-pilates-reformer-pr-020\/#primaryimage","url":"https:\/\/evolve-fitness.eu\/wp-content\/uploads\/2025\/10\/EV-PR-PR-020.png","contentUrl":"https:\/\/evolve-fitness.eu\/wp-content\/uploads\/2025\/10\/EV-PR-PR-020.png","width":810,"height":1013},{"@type":"BreadcrumbList","@id":"https:\/\/evolve-fitness.eu\/da\/vare\/evolve-prime-series-pilates-reformer-pr-020\/#breadcrumb","itemListElement":[{"@type":"ListItem","position":1,"name":"Home","item":"https:\/\/evolve-fitness.eu\/da\/"},{"@type":"ListItem","position":2,"name":"Produkter","item":"https:\/\/evolve-fitness.eu\/da\/shop\/"},{"@type":"ListItem","position":3,"name":"Evolve Prime Series Pilates Reformer (PR-020)"}]},{"@type":"WebSite","@id":"https:\/\/evolve-fitness.eu\/da\/#website","url":"https:\/\/evolve-fitness.eu\/da\/","name":"Evolve","description":"Your Evolved Gear Arrived","publisher":{"@id":"https:\/\/evolve-fitness.eu\/da\/#organization"},"potentialAction":[{"@type":"SearchAction","target":{"@type":"EntryPoint","urlTemplate":"https:\/\/evolve-fitness.eu\/da\/?s={search_term_string}"},"query-input":{"@type":"PropertyValueSpecification","valueRequired":true,"valueName":"search_term_string"}}],"inLanguage":"da-DK"},{"@type":"Organization","@id":"https:\/\/evolve-fitness.eu\/da\/#organization","name":"Evolve","url":"https:\/\/evolve-fitness.eu\/da\/","logo":{"@type":"ImageObject","inLanguage":"da-DK","@id":"https:\/\/evolve-fitness.eu\/da\/#\/schema\/logo\/image\/","url":"https:\/\/evolve-fitness.eu\/wp-content\/uploads\/2023\/05\/Evolve-logo.svg","contentUrl":"https:\/\/evolve-fitness.eu\/wp-content\/uploads\/2023\/05\/Evolve-logo.svg","width":176,"height":20,"caption":"Evolve"},"image":{"@id":"https:\/\/evolve-fitness.eu\/da\/#\/schema\/logo\/image\/"},"sameAs":["https:\/\/www.facebook.com\/EvolveFitnessEurope"]}]}},"_links":{"self":[{"href":"https:\/\/evolve-fitness.eu\/da\/wp-json\/wp\/v2\/product\/227758","targetHints":{"allow":["GET"]}}],"collection":[{"href":"https:\/\/evolve-fitness.eu\/da\/wp-json\/wp\/v2\/product"}],"about":[{"href":"https:\/\/evolve-fitness.eu\/da\/wp-json\/wp\/v2\/types\/product"}],"wp:featuredmedia":[{"embeddable":true,"href":"https:\/\/evolve-fitness.eu\/da\/wp-json\/wp\/v2\/media\/227759"}],"wp:attachment":[{"href":"https:\/\/evolve-fitness.eu\/da\/wp-json\/wp\/v2\/media?parent=227758"}],"wp:term":[{"taxonomy":"product_brand","embeddable":true,"href":"https:\/\/evolve-fitness.eu\/da\/wp-json\/wp\/v2\/product_brand?post=227758"},{"taxonomy":"product_cat","embeddable":true,"href":"https:\/\/evolve-fitness.eu\/da\/wp-json\/wp\/v2\/product_cat?post=227758"},{"taxonomy":"product_tag","embeddable":true,"href":"https:\/\/evolve-fitness.eu\/da\/wp-json\/wp\/v2\/product_tag?post=227758"}],"curies":[{"name":"wp","href":"https:\/\/api.w.org\/{rel}","templated":true}]}}