{"id":227817,"date":"2025-03-26T07:04:29","date_gmt":"2025-03-26T07:04:29","guid":{"rendered":"https:\/\/evolve-fitness.eu\/product\/evolve-mini-band-set-3-i-1\/"},"modified":"2026-04-01T10:35:36","modified_gmt":"2026-04-01T07:35:36","slug":"evolve-mini-band-set-3-i-1","status":"publish","type":"product","link":"https:\/\/evolve-fitness.eu\/da\/vare\/evolve-mini-band-set-3-i-1\/","title":{"rendered":"Evolve Mini Band Set 3 i 1"},"content":{"rendered":"\n<section class=\"wp-block-group alignfull has-lightgray-background-color has-background is-layout-constrained wp-block-group-is-layout-constrained\">\n<div class=\"wp-block-columns alignwide is-layout-flex wp-container-core-columns-is-layout-2edb0647 wp-block-columns-is-layout-flex\" style=\"margin-top:0;margin-bottom:0\">\n<div class=\"wp-block-column is-layout-flow wp-block-column-is-layout-flow\" style=\"flex-basis:33.33%\"><\/div>\n\n\n\n<div class=\"wp-block-column is-layout-flow wp-block-column-is-layout-flow\" style=\"flex-basis:66.66%\"><\/div>\n<\/div>\n<\/section>\n\n<section class=\"wp-block-group alignfull black-content has-white-color has-darkgray-background-color has-text-color has-background is-layout-constrained wp-block-group-is-layout-constrained\" style=\"padding-top:var(--wp--preset--spacing--section-bottom);padding-bottom:var(--wp--preset--spacing--section-bottom)\">\n<section class=\"wp-block-group alignfull black-content has-white-color has-darkgray-background-color has-text-color has-background is-layout-constrained wp-block-group-is-layout-constrained\" style=\"margin-bottom:0;padding-top:var(--wp--preset--spacing--tb-padding);padding-bottom:var(--wp--preset--spacing--tb-padding)\">\n<div class=\"wp-block-columns alignwide mobile-reverse is-layout-flex wp-container-core-columns-is-layout-7a02faa9 wp-block-columns-is-layout-flex\" style=\"margin-bottom:var(--wp--preset--spacing--tb-section-padding)\">\n<div class=\"wp-block-column is-vertically-aligned-center is-layout-flow wp-block-column-is-layout-flow\">\n<h3 class=\"wp-block-heading\" style=\"margin-bottom:var(--wp--preset--spacing--h-3-bottom)\"><strong><strong><strong><strong><strong><strong><strong><strong>Evolve Mini Band 3-i-1-s\u00e6t<\/strong><\/strong><\/strong><\/strong><\/strong><\/strong><\/strong><\/strong><\/h3>\n\n\n\n<p><strong><em><strong><strong><strong><strong><strong><strong><strong><strong><strong><strong><strong><strong><strong>Alsidig modstandstr\u00e6ning overalt<\/strong><\/strong><\/strong><\/strong><\/strong><\/strong><\/strong><\/strong><\/strong><\/strong><\/strong><\/strong><\/strong><\/em><\/strong><\/p>\n\n\n\n<p><strong>Evolve Mini Band 3-i-1-s\u00e6t<\/strong> er et alsidigt s\u00e6t modstandsb\u00e5nd, der er designet til styrketr\u00e6ning, mobilitet og tr\u00e6ning af hele kroppen. Med tre forskellige modstandsniveauer er det velegnet til b\u00e5de begyndere og avancerede brugere og hj\u00e6lper med at forbedre muskelstyrken, fleksibiliteten og den generelle kondition. <\/p>\n\n\n\n<p>Dette minibands\u00e6t er kompakt, let og nemt at b\u00e6re og er perfekt til hjemmetr\u00e6ning, tr\u00e6ning i fitnesscenteret eller p\u00e5 rejsen. For at g\u00f8re tr\u00e6ningen endnu nemmere kan s\u00e6ttet ogs\u00e5 bruges sammen med videoer med tr\u00e6ningstips, der viser ideer til \u00f8velser og korrekt teknik. <\/p>\n\n\n\n<p>Evolve Mini Band 3-i-1-s\u00e6ttet er lavet med henblik p\u00e5 bekvemmelighed og effektive resultater og er et praktisk valg for alle, der er p\u00e5 udkig efter et enkelt og effektivt fitnesstilbeh\u00f8r.<\/p>\n<\/div>\n\n\n\n<div class=\"wp-block-column is-vertically-aligned-center is-layout-flow wp-block-column-is-layout-flow\">\n<figure class=\"wp-block-video\"><video height=\"1280\" style=\"aspect-ratio: 720 \/ 1280;\" width=\"720\" controls=\"\" src=\"https:\/\/evolve-fitness.eu\/wp-content\/uploads\/2025\/03\/Evolve-Mini-Band-Set-3-in-1.mp4\"><\/video><\/figure>\n<\/div>\n<\/div>\n<\/section>\n<\/section>\n","protected":false},"excerpt":{"rendered":"<p>Evolve Mini Band 3-i-1-s\u00e6ttet er et praktisk og alsidigt tr\u00e6ningsredskab, der best\u00e5r af tre forskellige modstandsb\u00e5nd. Hvert b\u00e5nd har forskelligt modstandsniveau, hvilket g\u00f8r det perfekt til b\u00e5de begyndere og \u00f8vede. S\u00e6ttet hj\u00e6lper med at styrke musklerne, forbedre fleksibiliteten og udf\u00f8re en r\u00e6kke forskellige fitness\u00f8velser. Det er kompakt og let, s\u00e5 det er ideelt til brug derhjemme eller p\u00e5 rejsen.<\/p>\n","protected":false},"featured_media":189071,"template":"","meta":{"_acf_changed":false,"inline_featured_image":false},"product_brand":[],"product_cat":[13036,2963,3882,5233],"product_tag":[],"class_list":{"0":"post-227817","1":"product","2":"type-product","3":"status-publish","4":"has-post-thumbnail","6":"product_cat-hyrox-gear","7":"product_cat-tvaergaende-og-funktionel","8":"product_cat-funktionelt-udstyr","9":"product_cat-studio-da","11":"first","12":"instock","13":"virtual","14":"purchasable","15":"product-type-simple"},"acf":{"long_title":"Evolve Mini Band Set 3 i 1","subtitle":"","specifications":[{"label":"VARENUMMER","text_value":"EV-BD-FB-300","icon":"x"},{"label":"Velegnet til daglig brug","text_value":"","icon":"v"},{"label":"S\u00e6ttet indeholder minib\u00e5nd med 3 modstandsniveauer og en taske til opbevaring","text_value":"","icon":"v"}]},"yoast_head":"<!-- This site is optimized with the Yoast SEO plugin v26.6 - https:\/\/yoast.com\/wordpress\/plugins\/seo\/ -->\n<title>Evolve Mini Band Set 3 i 1 - Evolve<\/title>\n<meta name=\"description\" content=\"Evolve Mini Band 3-i-1-s\u00e6ttet er et praktisk og alsidigt tr\u00e6ningsredskab, der best\u00e5r af tre forskellige modstandsb\u00e5nd.\" \/>\n<meta name=\"robots\" content=\"index, follow, max-snippet:-1, max-image-preview:large, max-video-preview:-1\" \/>\n<link rel=\"canonical\" href=\"https:\/\/evolve-fitness.eu\/da\/vare\/evolve-mini-band-set-3-i-1\/\" \/>\n<meta property=\"og:locale\" content=\"da_DK\" \/>\n<meta property=\"og:type\" content=\"article\" \/>\n<meta property=\"og:title\" content=\"Evolve Mini Band Set 3 i 1 - Evolve\" \/>\n<meta property=\"og:description\" content=\"Evolve Mini Band 3-i-1-s\u00e6ttet er et praktisk og alsidigt tr\u00e6ningsredskab, der best\u00e5r af tre forskellige modstandsb\u00e5nd.\" \/>\n<meta property=\"og:url\" content=\"https:\/\/evolve-fitness.eu\/da\/vare\/evolve-mini-band-set-3-i-1\/\" \/>\n<meta property=\"og:site_name\" content=\"Evolve\" \/>\n<meta property=\"article:publisher\" content=\"https:\/\/www.facebook.com\/EvolveFitnessEurope\" \/>\n<meta property=\"article:modified_time\" content=\"2026-04-01T07:35:36+00:00\" \/>\n<meta property=\"og:image\" content=\"https:\/\/evolve-fitness.eu\/wp-content\/uploads\/2025\/03\/EV-BD-FB-300-Evolve-Mini-Band-Set-3-in-1-4.jpg\" \/>\n\t<meta property=\"og:image:width\" content=\"2060\" \/>\n\t<meta property=\"og:image:height\" content=\"1373\" \/>\n\t<meta property=\"og:image:type\" content=\"image\/jpeg\" \/>\n<meta name=\"twitter:card\" content=\"summary_large_image\" \/>\n<script type=\"application\/ld+json\" class=\"yoast-schema-graph\">{\"@context\":\"https:\/\/schema.org\",\"@graph\":[{\"@type\":\"WebPage\",\"@id\":\"https:\/\/evolve-fitness.eu\/da\/vare\/evolve-mini-band-set-3-i-1\/\",\"url\":\"https:\/\/evolve-fitness.eu\/da\/vare\/evolve-mini-band-set-3-i-1\/\",\"name\":\"Evolve Mini Band Set 3 i 1 - Evolve\",\"isPartOf\":{\"@id\":\"https:\/\/evolve-fitness.eu\/da\/#website\"},\"primaryImageOfPage\":{\"@id\":\"https:\/\/evolve-fitness.eu\/da\/vare\/evolve-mini-band-set-3-i-1\/#primaryimage\"},\"image\":{\"@id\":\"https:\/\/evolve-fitness.eu\/da\/vare\/evolve-mini-band-set-3-i-1\/#primaryimage\"},\"thumbnailUrl\":\"https:\/\/evolve-fitness.eu\/wp-content\/uploads\/2025\/03\/EV-BD-FB-300-Evolve-Mini-Band-Set-3-in-1-4.jpg\",\"datePublished\":\"2025-03-26T07:04:29+00:00\",\"dateModified\":\"2026-04-01T07:35:36+00:00\",\"description\":\"Evolve Mini Band 3-i-1-s\u00e6ttet er et praktisk og alsidigt tr\u00e6ningsredskab, der best\u00e5r af tre forskellige modstandsb\u00e5nd.\",\"breadcrumb\":{\"@id\":\"https:\/\/evolve-fitness.eu\/da\/vare\/evolve-mini-band-set-3-i-1\/#breadcrumb\"},\"inLanguage\":\"da-DK\",\"potentialAction\":[{\"@type\":\"ReadAction\",\"target\":[\"https:\/\/evolve-fitness.eu\/da\/vare\/evolve-mini-band-set-3-i-1\/\"]}]},{\"@type\":\"ImageObject\",\"inLanguage\":\"da-DK\",\"@id\":\"https:\/\/evolve-fitness.eu\/da\/vare\/evolve-mini-band-set-3-i-1\/#primaryimage\",\"url\":\"https:\/\/evolve-fitness.eu\/wp-content\/uploads\/2025\/03\/EV-BD-FB-300-Evolve-Mini-Band-Set-3-in-1-4.jpg\",\"contentUrl\":\"https:\/\/evolve-fitness.eu\/wp-content\/uploads\/2025\/03\/EV-BD-FB-300-Evolve-Mini-Band-Set-3-in-1-4.jpg\",\"width\":2060,\"height\":1373},{\"@type\":\"BreadcrumbList\",\"@id\":\"https:\/\/evolve-fitness.eu\/da\/vare\/evolve-mini-band-set-3-i-1\/#breadcrumb\",\"itemListElement\":[{\"@type\":\"ListItem\",\"position\":1,\"name\":\"Home\",\"item\":\"https:\/\/evolve-fitness.eu\/da\/\"},{\"@type\":\"ListItem\",\"position\":2,\"name\":\"Produkter\",\"item\":\"https:\/\/evolve-fitness.eu\/da\/shop\/\"},{\"@type\":\"ListItem\",\"position\":3,\"name\":\"Evolve Mini Band Set 3 i 1\"}]},{\"@type\":\"WebSite\",\"@id\":\"https:\/\/evolve-fitness.eu\/da\/#website\",\"url\":\"https:\/\/evolve-fitness.eu\/da\/\",\"name\":\"Evolve\",\"description\":\"Your Evolved Gear Arrived\",\"publisher\":{\"@id\":\"https:\/\/evolve-fitness.eu\/da\/#organization\"},\"potentialAction\":[{\"@type\":\"SearchAction\",\"target\":{\"@type\":\"EntryPoint\",\"urlTemplate\":\"https:\/\/evolve-fitness.eu\/da\/?s={search_term_string}\"},\"query-input\":{\"@type\":\"PropertyValueSpecification\",\"valueRequired\":true,\"valueName\":\"search_term_string\"}}],\"inLanguage\":\"da-DK\"},{\"@type\":\"Organization\",\"@id\":\"https:\/\/evolve-fitness.eu\/da\/#organization\",\"name\":\"Evolve\",\"url\":\"https:\/\/evolve-fitness.eu\/da\/\",\"logo\":{\"@type\":\"ImageObject\",\"inLanguage\":\"da-DK\",\"@id\":\"https:\/\/evolve-fitness.eu\/da\/#\/schema\/logo\/image\/\",\"url\":\"https:\/\/evolve-fitness.eu\/wp-content\/uploads\/2023\/05\/Evolve-logo.svg\",\"contentUrl\":\"https:\/\/evolve-fitness.eu\/wp-content\/uploads\/2023\/05\/Evolve-logo.svg\",\"width\":176,\"height\":20,\"caption\":\"Evolve\"},\"image\":{\"@id\":\"https:\/\/evolve-fitness.eu\/da\/#\/schema\/logo\/image\/\"},\"sameAs\":[\"https:\/\/www.facebook.com\/EvolveFitnessEurope\"]}]}<\/script>\n<!-- \/ Yoast SEO plugin. -->","yoast_head_json":{"title":"Evolve Mini Band Set 3 i 1 - Evolve","description":"Evolve Mini Band 3-i-1-s\u00e6ttet er et praktisk og alsidigt tr\u00e6ningsredskab, der best\u00e5r af tre forskellige modstandsb\u00e5nd.","robots":{"index":"index","follow":"follow","max-snippet":"max-snippet:-1","max-image-preview":"max-image-preview:large","max-video-preview":"max-video-preview:-1"},"canonical":"https:\/\/evolve-fitness.eu\/da\/vare\/evolve-mini-band-set-3-i-1\/","og_locale":"da_DK","og_type":"article","og_title":"Evolve Mini Band Set 3 i 1 - Evolve","og_description":"Evolve Mini Band 3-i-1-s\u00e6ttet er et praktisk og alsidigt tr\u00e6ningsredskab, der best\u00e5r af tre forskellige modstandsb\u00e5nd.","og_url":"https:\/\/evolve-fitness.eu\/da\/vare\/evolve-mini-band-set-3-i-1\/","og_site_name":"Evolve","article_publisher":"https:\/\/www.facebook.com\/EvolveFitnessEurope","article_modified_time":"2026-04-01T07:35:36+00:00","og_image":[{"width":2060,"height":1373,"url":"https:\/\/evolve-fitness.eu\/wp-content\/uploads\/2025\/03\/EV-BD-FB-300-Evolve-Mini-Band-Set-3-in-1-4.jpg","type":"image\/jpeg"}],"twitter_card":"summary_large_image","schema":{"@context":"https:\/\/schema.org","@graph":[{"@type":"WebPage","@id":"https:\/\/evolve-fitness.eu\/da\/vare\/evolve-mini-band-set-3-i-1\/","url":"https:\/\/evolve-fitness.eu\/da\/vare\/evolve-mini-band-set-3-i-1\/","name":"Evolve Mini Band Set 3 i 1 - Evolve","isPartOf":{"@id":"https:\/\/evolve-fitness.eu\/da\/#website"},"primaryImageOfPage":{"@id":"https:\/\/evolve-fitness.eu\/da\/vare\/evolve-mini-band-set-3-i-1\/#primaryimage"},"image":{"@id":"https:\/\/evolve-fitness.eu\/da\/vare\/evolve-mini-band-set-3-i-1\/#primaryimage"},"thumbnailUrl":"https:\/\/evolve-fitness.eu\/wp-content\/uploads\/2025\/03\/EV-BD-FB-300-Evolve-Mini-Band-Set-3-in-1-4.jpg","datePublished":"2025-03-26T07:04:29+00:00","dateModified":"2026-04-01T07:35:36+00:00","description":"Evolve Mini Band 3-i-1-s\u00e6ttet er et praktisk og alsidigt tr\u00e6ningsredskab, der best\u00e5r af tre forskellige modstandsb\u00e5nd.","breadcrumb":{"@id":"https:\/\/evolve-fitness.eu\/da\/vare\/evolve-mini-band-set-3-i-1\/#breadcrumb"},"inLanguage":"da-DK","potentialAction":[{"@type":"ReadAction","target":["https:\/\/evolve-fitness.eu\/da\/vare\/evolve-mini-band-set-3-i-1\/"]}]},{"@type":"ImageObject","inLanguage":"da-DK","@id":"https:\/\/evolve-fitness.eu\/da\/vare\/evolve-mini-band-set-3-i-1\/#primaryimage","url":"https:\/\/evolve-fitness.eu\/wp-content\/uploads\/2025\/03\/EV-BD-FB-300-Evolve-Mini-Band-Set-3-in-1-4.jpg","contentUrl":"https:\/\/evolve-fitness.eu\/wp-content\/uploads\/2025\/03\/EV-BD-FB-300-Evolve-Mini-Band-Set-3-in-1-4.jpg","width":2060,"height":1373},{"@type":"BreadcrumbList","@id":"https:\/\/evolve-fitness.eu\/da\/vare\/evolve-mini-band-set-3-i-1\/#breadcrumb","itemListElement":[{"@type":"ListItem","position":1,"name":"Home","item":"https:\/\/evolve-fitness.eu\/da\/"},{"@type":"ListItem","position":2,"name":"Produkter","item":"https:\/\/evolve-fitness.eu\/da\/shop\/"},{"@type":"ListItem","position":3,"name":"Evolve Mini Band Set 3 i 1"}]},{"@type":"WebSite","@id":"https:\/\/evolve-fitness.eu\/da\/#website","url":"https:\/\/evolve-fitness.eu\/da\/","name":"Evolve","description":"Your Evolved Gear Arrived","publisher":{"@id":"https:\/\/evolve-fitness.eu\/da\/#organization"},"potentialAction":[{"@type":"SearchAction","target":{"@type":"EntryPoint","urlTemplate":"https:\/\/evolve-fitness.eu\/da\/?s={search_term_string}"},"query-input":{"@type":"PropertyValueSpecification","valueRequired":true,"valueName":"search_term_string"}}],"inLanguage":"da-DK"},{"@type":"Organization","@id":"https:\/\/evolve-fitness.eu\/da\/#organization","name":"Evolve","url":"https:\/\/evolve-fitness.eu\/da\/","logo":{"@type":"ImageObject","inLanguage":"da-DK","@id":"https:\/\/evolve-fitness.eu\/da\/#\/schema\/logo\/image\/","url":"https:\/\/evolve-fitness.eu\/wp-content\/uploads\/2023\/05\/Evolve-logo.svg","contentUrl":"https:\/\/evolve-fitness.eu\/wp-content\/uploads\/2023\/05\/Evolve-logo.svg","width":176,"height":20,"caption":"Evolve"},"image":{"@id":"https:\/\/evolve-fitness.eu\/da\/#\/schema\/logo\/image\/"},"sameAs":["https:\/\/www.facebook.com\/EvolveFitnessEurope"]}]}},"_links":{"self":[{"href":"https:\/\/evolve-fitness.eu\/da\/wp-json\/wp\/v2\/product\/227817","targetHints":{"allow":["GET"]}}],"collection":[{"href":"https:\/\/evolve-fitness.eu\/da\/wp-json\/wp\/v2\/product"}],"about":[{"href":"https:\/\/evolve-fitness.eu\/da\/wp-json\/wp\/v2\/types\/product"}],"wp:featuredmedia":[{"embeddable":true,"href":"https:\/\/evolve-fitness.eu\/da\/wp-json\/wp\/v2\/media\/189071"}],"wp:attachment":[{"href":"https:\/\/evolve-fitness.eu\/da\/wp-json\/wp\/v2\/media?parent=227817"}],"wp:term":[{"taxonomy":"product_brand","embeddable":true,"href":"https:\/\/evolve-fitness.eu\/da\/wp-json\/wp\/v2\/product_brand?post=227817"},{"taxonomy":"product_cat","embeddable":true,"href":"https:\/\/evolve-fitness.eu\/da\/wp-json\/wp\/v2\/product_cat?post=227817"},{"taxonomy":"product_tag","embeddable":true,"href":"https:\/\/evolve-fitness.eu\/da\/wp-json\/wp\/v2\/product_tag?post=227817"}],"curies":[{"name":"wp","href":"https:\/\/api.w.org\/{rel}","templated":true}]}}