{"id":228099,"date":"2024-01-10T12:25:49","date_gmt":"2024-01-10T10:25:49","guid":{"rendered":"https:\/\/evolve-fitness.eu\/product\/evolve-lobeband-med-185-tft-konsol-ht-500-tft\/"},"modified":"2026-04-07T13:54:01","modified_gmt":"2026-04-07T10:54:01","slug":"evolve-lobeband-med-185-tft-konsol-ht-500-tft","status":"publish","type":"product","link":"https:\/\/evolve-fitness.eu\/da\/vare\/evolve-lobeband-med-185-tft-konsol-ht-500-tft\/","title":{"rendered":"Evolve-l\u00f8beb\u00e5nd med 18,5&#8221; TFT-konsol (HT-500-TFT)"},"content":{"rendered":"\n<section class=\"wp-block-group alignfull has-lightgray-background-color has-background is-layout-constrained wp-block-group-is-layout-constrained\">\n<div class=\"wp-block-columns alignwide is-layout-flex wp-container-core-columns-is-layout-2edb0647 wp-block-columns-is-layout-flex\" style=\"margin-top:0;margin-bottom:0\">\n<div class=\"wp-block-column is-layout-flow wp-block-column-is-layout-flow\" style=\"flex-basis:33.33%\"><\/div>\n\n\n\n<div class=\"wp-block-column is-layout-flow wp-block-column-is-layout-flow\" style=\"flex-basis:66.66%\"><\/div>\n<\/div>\n<\/section>\n\n<section class=\"wp-block-group alignfull black-content has-white-color has-darkgray-background-color has-text-color has-background is-layout-constrained wp-block-group-is-layout-constrained\" style=\"padding-top:var(--wp--preset--spacing--section-bottom);padding-bottom:var(--wp--preset--spacing--section-bottom)\">\n<div class=\"wp-block-columns alignwide mobile-reverse is-layout-flex wp-container-core-columns-is-layout-ca64bf2d wp-block-columns-is-layout-flex\" style=\"margin-bottom:var(--wp--preset--spacing--side-padding)\">\n<div class=\"wp-block-column is-vertically-aligned-center is-layout-flow wp-block-column-is-layout-flow\">\n<h3 class=\"wp-block-heading\" style=\"margin-bottom:var(--wp--preset--spacing--h-3-bottom)\"><strong><strong><strong>Evolve HT-500-TFT l\u00f8beb\u00e5nd<\/strong><\/strong><\/strong><\/h3>\n\n\n\n<p>Evolve HT-500-TFT l\u00f8beb\u00e5nd er designet til fitnessentusiaster i hjemmet og tilbyder robust ydeevne med en 5,0 HK AC-motor, en 18,5&#8243; TFT-ber\u00f8ringssk\u00e6rm og forskellige indbyggede tr\u00e6ningsprogrammer.<\/p>\n<\/div>\n\n\n\n<div class=\"wp-block-column is-vertically-aligned-center is-layout-flow wp-block-column-is-layout-flow\">\n<figure class=\"wp-block-video\"><video height=\"2160\" style=\"aspect-ratio: 3840 \/ 2160;\" width=\"3840\" autoplay=\"\" controls=\"\" loop=\"\" muted=\"\" src=\"https:\/\/evolve-fitness.eu\/wp-content\/uploads\/2024\/06\/6.mp4\"><\/video><\/figure>\n<\/div>\n<\/div>\n\n\n\n<div class=\"wp-block-columns alignwide mobile-reverse is-layout-flex wp-container-core-columns-is-layout-ca64bf2d wp-block-columns-is-layout-flex\" style=\"margin-bottom:var(--wp--preset--spacing--side-padding)\">\n<div class=\"wp-block-column is-vertically-aligned-center is-layout-flow wp-block-column-is-layout-flow\">\n<figure class=\"wp-block-video\"><video height=\"1080\" style=\"aspect-ratio: 1920 \/ 1080;\" width=\"1920\" autoplay=\"\" controls=\"\" loop=\"\" muted=\"\" src=\"https:\/\/evolve-fitness.eu\/wp-content\/uploads\/2024\/07\/EV-HT-500-TFT.mp4\"><\/video><\/figure>\n<\/div>\n\n\n\n<div class=\"wp-block-column is-vertically-aligned-center is-layout-flow wp-block-column-is-layout-flow\">\n<h3 class=\"wp-block-heading\" style=\"margin-bottom:var(--wp--preset--spacing--h-3-bottom)\"><strong><strong><strong>Kraftfuld ydeevne<\/strong><\/strong><\/strong><\/h3>\n\n\n\n<p>Evolve HT-500-TFT er udstyret med en 5,0 hk vekselstr\u00f8msmotor og leverer j\u00e6vn, ensartet kraft. Uanset om du g\u00e5r eller sprinter, s\u00e5 passer det store hastighedsomr\u00e5de p\u00e5 1-22 km\/t til alle intensitetsniveauer.<\/p>\n<\/div>\n<\/div>\n\n\n\n<div class=\"wp-block-columns alignwide mobile-reverse is-layout-flex wp-container-core-columns-is-layout-ca64bf2d wp-block-columns-is-layout-flex\" style=\"margin-bottom:var(--wp--preset--spacing--side-padding)\">\n<div class=\"wp-block-column is-vertically-aligned-center is-layout-flow wp-block-column-is-layout-flow\">\n<h3 class=\"wp-block-heading\" style=\"margin-bottom:var(--wp--preset--spacing--h-3-bottom)\"><strong><strong><strong><strong>Holdbarhed og p\u00e5lidelighed<\/strong><\/strong><\/strong><\/strong><\/h3>\n\n\n\n<p>Evolve HT-500-TFT er bygget af materialer af h\u00f8j kvalitet og sikrer langvarig p\u00e5lidelighed og holdbarhed ved hyppig brug.<\/p>\n<\/div>\n\n\n\n<div class=\"wp-block-column is-vertically-aligned-center is-layout-flow wp-block-column-is-layout-flow\">\n<figure class=\"wp-block-image size-large is-resized\"><img loading=\"lazy\" decoding=\"async\" width=\"1024\" height=\"683\" src=\"https:\/\/evolve-fitness.eu\/wp-content\/uploads\/2024\/01\/EV-HT-500-TFT-Evolve-Treadmill-18-43-9-1024x683.jpg\" alt=\"EV-HT-500-TFT\" class=\"wp-image-136458\" style=\"width:766px;height:auto\" srcset=\"https:\/\/evolve-fitness.eu\/wp-content\/uploads\/2024\/01\/EV-HT-500-TFT-Evolve-Treadmill-18-43-9-1024x683.jpg 1024w, https:\/\/evolve-fitness.eu\/wp-content\/uploads\/2024\/01\/EV-HT-500-TFT-Evolve-Treadmill-18-43-9-300x200.jpg 300w, https:\/\/evolve-fitness.eu\/wp-content\/uploads\/2024\/01\/EV-HT-500-TFT-Evolve-Treadmill-18-43-9-225x150.jpg 225w, https:\/\/evolve-fitness.eu\/wp-content\/uploads\/2024\/01\/EV-HT-500-TFT-Evolve-Treadmill-18-43-9-600x400.jpg 600w, https:\/\/evolve-fitness.eu\/wp-content\/uploads\/2024\/01\/EV-HT-500-TFT-Evolve-Treadmill-18-43-9-150x100.jpg 150w, https:\/\/evolve-fitness.eu\/wp-content\/uploads\/2024\/01\/EV-HT-500-TFT-Evolve-Treadmill-18-43-9-768x512.jpg 768w, https:\/\/evolve-fitness.eu\/wp-content\/uploads\/2024\/01\/EV-HT-500-TFT-Evolve-Treadmill-18-43-9-1536x1024.jpg 1536w, https:\/\/evolve-fitness.eu\/wp-content\/uploads\/2024\/01\/EV-HT-500-TFT-Evolve-Treadmill-18-43-9-2048x1365.jpg 2048w\" sizes=\"auto, (max-width: 1024px) 100vw, 1024px\" \/><\/figure>\n<\/div>\n<\/div>\n\n\n\n<div class=\"wp-block-columns alignwide mobile-reverse is-layout-flex wp-container-core-columns-is-layout-ca64bf2d wp-block-columns-is-layout-flex\" style=\"margin-bottom:var(--wp--preset--spacing--side-padding)\">\n<div class=\"wp-block-column is-vertically-aligned-center is-layout-flow wp-block-column-is-layout-flow\">\n<figure class=\"wp-block-video\"><video height=\"2160\" style=\"aspect-ratio: 3840 \/ 2160;\" width=\"3840\" autoplay=\"\" controls=\"\" loop=\"\" muted=\"\" src=\"https:\/\/evolve-fitness.eu\/wp-content\/uploads\/2024\/06\/5.mp4\"><\/video><\/figure>\n<\/div>\n\n\n\n<div class=\"wp-block-column is-vertically-aligned-center is-layout-flow wp-block-column-is-layout-flow\">\n<h3 class=\"wp-block-heading\" style=\"margin-bottom:var(--wp--preset--spacing--h-3-bottom)\"><strong><strong><strong>Avanceret konsol med ber\u00f8ringssk\u00e6rm<\/strong><\/strong><\/strong><\/h3>\n\n\n\n<p>Den 18,5&#8243; store TFT-ber\u00f8ringssk\u00e6rm giver en interaktiv tr\u00e6ningsoplevelse, viser fremskridt og tilbyder flere fitnessprogrammer.<\/p>\n<\/div>\n<\/div>\n\n\n\n<div class=\"wp-block-columns alignwide mobile-reverse is-layout-flex wp-container-core-columns-is-layout-ca64bf2d wp-block-columns-is-layout-flex\" style=\"margin-bottom:var(--wp--preset--spacing--side-padding)\">\n<div class=\"wp-block-column is-vertically-aligned-center is-layout-flow wp-block-column-is-layout-flow\">\n<h3 class=\"wp-block-heading\" style=\"margin-bottom:var(--wp--preset--spacing--h-3-bottom)\"><strong><strong>Teknologi<\/strong><\/strong><\/h3>\n\n\n\n<p>F\u00f8lg dine fremskridt, udforsk forskellige sportstilstande, og v\u00e6lg mellem en r\u00e6kke fitnessprogrammer, der er skr\u00e6ddersyet til dine m\u00e5l. G\u00f8r din tr\u00e6ning mere forn\u00f8jelig med MP3\/USB-gr\u00e6nsefladerne. Lyt til dine yndlingssange eller podcasts, mens du tr\u00e6ner.<\/p>\n<\/div>\n\n\n\n<div class=\"wp-block-column is-vertically-aligned-center is-layout-flow wp-block-column-is-layout-flow\">\n<figure class=\"wp-block-image size-full\"><img loading=\"lazy\" decoding=\"async\" width=\"2060\" height=\"1159\" src=\"https:\/\/evolve-fitness.eu\/wp-content\/uploads\/2024\/01\/EV-HT-500-TFT-4-1.jpg\" alt=\"\" class=\"wp-image-150386\" srcset=\"https:\/\/evolve-fitness.eu\/wp-content\/uploads\/2024\/01\/EV-HT-500-TFT-4-1.jpg 2060w, https:\/\/evolve-fitness.eu\/wp-content\/uploads\/2024\/01\/EV-HT-500-TFT-4-1-300x169.jpg 300w, https:\/\/evolve-fitness.eu\/wp-content\/uploads\/2024\/01\/EV-HT-500-TFT-4-1-267x150.jpg 267w, https:\/\/evolve-fitness.eu\/wp-content\/uploads\/2024\/01\/EV-HT-500-TFT-4-1-600x338.jpg 600w, https:\/\/evolve-fitness.eu\/wp-content\/uploads\/2024\/01\/EV-HT-500-TFT-4-1-1024x576.jpg 1024w, https:\/\/evolve-fitness.eu\/wp-content\/uploads\/2024\/01\/EV-HT-500-TFT-4-1-150x84.jpg 150w, https:\/\/evolve-fitness.eu\/wp-content\/uploads\/2024\/01\/EV-HT-500-TFT-4-1-768x432.jpg 768w, https:\/\/evolve-fitness.eu\/wp-content\/uploads\/2024\/01\/EV-HT-500-TFT-4-1-1536x864.jpg 1536w, https:\/\/evolve-fitness.eu\/wp-content\/uploads\/2024\/01\/EV-HT-500-TFT-4-1-2048x1152.jpg 2048w\" sizes=\"auto, (max-width: 2060px) 100vw, 2060px\" \/><\/figure>\n<\/div>\n<\/div>\n\n\n\n<div class=\"wp-block-columns alignwide is-layout-flex wp-container-core-columns-is-layout-c45ee707 wp-block-columns-is-layout-flex\" style=\"margin-bottom:var(--wp--preset--spacing--side-padding);padding-top:var(--wp--preset--spacing--side-padding)\">\n<div class=\"wp-block-column is-vertically-aligned-center is-layout-flow wp-block-column-is-layout-flow\">\n<figure class=\"wp-block-image size-large\"><img loading=\"lazy\" decoding=\"async\" width=\"1024\" height=\"683\" src=\"https:\/\/evolve-fitness.eu\/wp-content\/uploads\/2024\/06\/EV-HT-500-TFT-Evolve-Treadmill-18-43-2-1024x683.jpg\" alt=\"\" class=\"wp-image-132417\" srcset=\"https:\/\/evolve-fitness.eu\/wp-content\/uploads\/2024\/06\/EV-HT-500-TFT-Evolve-Treadmill-18-43-2-1024x683.jpg 1024w, https:\/\/evolve-fitness.eu\/wp-content\/uploads\/2024\/06\/EV-HT-500-TFT-Evolve-Treadmill-18-43-2-300x200.jpg 300w, https:\/\/evolve-fitness.eu\/wp-content\/uploads\/2024\/06\/EV-HT-500-TFT-Evolve-Treadmill-18-43-2-225x150.jpg 225w, https:\/\/evolve-fitness.eu\/wp-content\/uploads\/2024\/06\/EV-HT-500-TFT-Evolve-Treadmill-18-43-2-600x400.jpg 600w, https:\/\/evolve-fitness.eu\/wp-content\/uploads\/2024\/06\/EV-HT-500-TFT-Evolve-Treadmill-18-43-2-150x100.jpg 150w, https:\/\/evolve-fitness.eu\/wp-content\/uploads\/2024\/06\/EV-HT-500-TFT-Evolve-Treadmill-18-43-2-768x512.jpg 768w, https:\/\/evolve-fitness.eu\/wp-content\/uploads\/2024\/06\/EV-HT-500-TFT-Evolve-Treadmill-18-43-2-1536x1024.jpg 1536w, https:\/\/evolve-fitness.eu\/wp-content\/uploads\/2024\/06\/EV-HT-500-TFT-Evolve-Treadmill-18-43-2-2048x1365.jpg 2048w\" sizes=\"auto, (max-width: 1024px) 100vw, 1024px\" \/><\/figure>\n<\/div>\n\n\n\n<div class=\"wp-block-column is-vertically-aligned-center is-layout-flow wp-block-column-is-layout-flow\">\n<h3 class=\"wp-block-heading\" style=\"margin-bottom:var(--wp--preset--spacing--h-3-bottom)\"><strong><strong><strong>Brugervenligt design<\/strong><\/strong><\/strong><\/h3>\n\n\n\n<p>L\u00f8beb\u00e5ndets brugervenlige design, herunder den letnavigerede konsol og den robuste konstruktion, g\u00f8r det til en fremragende tilf\u00f8jelse til ethvert tr\u00e6ningscenter i hjemmet.<\/p>\n<\/div>\n<\/div>\n\n\n\n<div class=\"wp-block-columns alignwide is-layout-flex wp-container-core-columns-is-layout-c45ee707 wp-block-columns-is-layout-flex\" style=\"margin-bottom:var(--wp--preset--spacing--side-padding);padding-top:var(--wp--preset--spacing--side-padding)\">\n<div class=\"wp-block-column is-vertically-aligned-center is-layout-flow wp-block-column-is-layout-flow\">\n<h3 class=\"wp-block-heading\" style=\"margin-bottom:var(--wp--preset--spacing--h-3-bottom)\"><strong><strong><strong>Komfort og sikkerhed<\/strong><\/strong><\/strong><\/h3>\n\n\n\n<p>Med en brugerv\u00e6gtkapacitet p\u00e5 150 kg er Evolve HT-500-TFT bygget til at rumme en bred vifte af brugere. Den rummelige l\u00f8beflade sikrer en behagelig og sikker tr\u00e6ningsoplevelse.<\/p>\n<\/div>\n\n\n\n<div class=\"wp-block-column is-vertically-aligned-center is-layout-flow wp-block-column-is-layout-flow\">\n<figure class=\"wp-block-image size-full\"><img loading=\"lazy\" decoding=\"async\" width=\"1080\" height=\"1080\" src=\"https:\/\/evolve-fitness.eu\/wp-content\/uploads\/2024\/06\/1.png\" alt=\"\" class=\"wp-image-142384\" srcset=\"https:\/\/evolve-fitness.eu\/wp-content\/uploads\/2024\/06\/1.png 1080w, https:\/\/evolve-fitness.eu\/wp-content\/uploads\/2024\/06\/1-300x300.png 300w, https:\/\/evolve-fitness.eu\/wp-content\/uploads\/2024\/06\/1-150x150.png 150w, https:\/\/evolve-fitness.eu\/wp-content\/uploads\/2024\/06\/1-600x600.png 600w, https:\/\/evolve-fitness.eu\/wp-content\/uploads\/2024\/06\/1-1024x1024.png 1024w, https:\/\/evolve-fitness.eu\/wp-content\/uploads\/2024\/06\/1-768x768.png 768w\" sizes=\"auto, (max-width: 1080px) 100vw, 1080px\" \/><\/figure>\n<\/div>\n<\/div>\n\n\n\n<div class=\"wp-block-columns alignwide is-layout-flex wp-container-core-columns-is-layout-c45ee707 wp-block-columns-is-layout-flex\" style=\"margin-bottom:var(--wp--preset--spacing--side-padding);padding-top:var(--wp--preset--spacing--side-padding)\">\n<div class=\"wp-block-column is-vertically-aligned-center is-layout-flow wp-block-column-is-layout-flow\">\n<figure class=\"wp-block-image size-large\"><img loading=\"lazy\" decoding=\"async\" width=\"1024\" height=\"683\" src=\"https:\/\/evolve-fitness.eu\/wp-content\/uploads\/2024\/06\/VIRTUAL-1024x683.png\" alt=\"\" class=\"wp-image-142410\" srcset=\"https:\/\/evolve-fitness.eu\/wp-content\/uploads\/2024\/06\/VIRTUAL-1024x683.png 1024w, https:\/\/evolve-fitness.eu\/wp-content\/uploads\/2024\/06\/VIRTUAL-300x200.png 300w, https:\/\/evolve-fitness.eu\/wp-content\/uploads\/2024\/06\/VIRTUAL-225x150.png 225w, https:\/\/evolve-fitness.eu\/wp-content\/uploads\/2024\/06\/VIRTUAL-600x400.png 600w, https:\/\/evolve-fitness.eu\/wp-content\/uploads\/2024\/06\/VIRTUAL-150x100.png 150w, https:\/\/evolve-fitness.eu\/wp-content\/uploads\/2024\/06\/VIRTUAL-768x512.png 768w, https:\/\/evolve-fitness.eu\/wp-content\/uploads\/2024\/06\/VIRTUAL-1536x1024.png 1536w, https:\/\/evolve-fitness.eu\/wp-content\/uploads\/2024\/06\/VIRTUAL-2048x1365.png 2048w\" sizes=\"auto, (max-width: 1024px) 100vw, 1024px\" \/><\/figure>\n<\/div>\n\n\n\n<div class=\"wp-block-column is-vertically-aligned-center is-layout-flow wp-block-column-is-layout-flow\">\n<h3 class=\"wp-block-heading\" style=\"margin-bottom:var(--wp--preset--spacing--h-3-bottom)\"><strong><strong><strong><strong>INTERAKTIV TR\u00c6NING<\/strong><\/strong><\/strong><\/strong><\/h3>\n\n\n\n<p>F\u00e5 mere ud af din tr\u00e6ning med integreret adgang til virtuelle udfordringer og l\u00f8b i simulerede milj\u00f8er, rigtige ruter fra hele verden. Virtuel tr\u00e6ning giver en virkelighedstro l\u00f8beoplevelse hjemmefra eller i tr\u00e6ningscentret.<\/p>\n<\/div>\n<\/div>\n<\/section>\n","protected":false},"excerpt":{"rendered":"<p>Det motoriserede l\u00f8beb\u00e5nd Evolve HT-500-TFT er en game-changer inden for hjemmefitness. Dette l\u00f8beb\u00e5nd er designet til at opfylde behovene hos b\u00e5de begyndere og erfarne atleter og kombinerer robust konstruktion med brugervenlige funktioner. Uanset om du \u00f8nsker at tabe dig, forbedre din kardiovaskul\u00e6re sundhed eller bare holde dig aktiv, er Evolve HT-500-TFT l\u00f8beb\u00e5ndet din perfekte partner. Dens blanding af ydeevne, teknologi og holdbarhed g\u00f8r den til et ideelt valg til en tilfredsstillende hjemmetr\u00e6ningsoplevelse. Start din fitnessrejse i dag med l\u00f8beb\u00e5ndet Evolve HT-500-TFT &#8211; hvor hvert skridt t\u00e6ller mod et sundere liv!<\/p>\n","protected":false},"featured_media":62980,"template":"","meta":{"_acf_changed":false,"inline_featured_image":false},"product_brand":[],"product_cat":[1952,2654],"product_tag":[1965],"class_list":{"0":"post-228099","1":"product","2":"type-product","3":"status-publish","4":"has-post-thumbnail","6":"product_cat-cardio-udstyr","7":"product_cat-cardio-udstyr-til-hjemmet","8":"product_tag-cardio-udstyr","10":"first","11":"instock","12":"shipping-taxable","13":"purchasable","14":"product-type-simple"},"acf":{"long_title":"Evolve-l\u00f8beb\u00e5nd med 18,5'' TFT-konsol (HT-500-TFT)","subtitle":"","specifications":[{"label":"VARENUMMER","text_value":"EV-HT-500-TFT","icon":"x"},{"label":"Dimensioner","text_value":"1695 x 860 x 1485 mm","icon":"x"},{"label":"AC-motor","text_value":"5,0 HK","icon":"x"},{"label":"V\u00e6gt","text_value":"125 kg","icon":"x"},{"label":"Hastighedsomr\u00e5de","text_value":"1-22 km\/t","icon":"x"},{"label":"Konsol","text_value":"LED\/18,5'' TFT-ber\u00f8ringssk\u00e6rm","icon":"x"},{"label":"B\u00e6lte dimensioner","text_value":"1550 x 560 mm","icon":"x"},{"label":"Maks. brugerv\u00e6gt","text_value":"150 kg","icon":"x"},{"label":"Tilstande og programmer","text_value":"8 indbyggede sportstilstande og mere end 20 programmer under hver sportstilstand","icon":"x"},{"label":"H\u00e6ldning","text_value":"0-18%","icon":"x"},{"label":"Andre futures","text_value":"MP3\/USB-interface, bluetooth-forbindelse til musikenhed","icon":"x"},{"label":"Sm\u00f8ring","text_value":"Manual","icon":"x"}]},"yoast_head":"<!-- This site is optimized with the Yoast SEO plugin v26.6 - https:\/\/yoast.com\/wordpress\/plugins\/seo\/ -->\n<title>Evolve-l\u00f8beb\u00e5nd med 18,5&#039;&#039; TFT-konsol (HT-500-TFT) - Evolve<\/title>\n<meta name=\"robots\" content=\"index, follow, max-snippet:-1, max-image-preview:large, max-video-preview:-1\" \/>\n<link rel=\"canonical\" href=\"https:\/\/evolve-fitness.eu\/da\/vare\/evolve-lobeband-med-185-tft-konsol-ht-500-tft\/\" \/>\n<meta property=\"og:locale\" content=\"da_DK\" \/>\n<meta property=\"og:type\" content=\"article\" \/>\n<meta property=\"og:title\" content=\"Evolve-l\u00f8beb\u00e5nd med 18,5&#039;&#039; TFT-konsol (HT-500-TFT) - Evolve\" \/>\n<meta property=\"og:url\" content=\"https:\/\/evolve-fitness.eu\/da\/vare\/evolve-lobeband-med-185-tft-konsol-ht-500-tft\/\" \/>\n<meta property=\"og:site_name\" content=\"Evolve\" \/>\n<meta property=\"article:publisher\" content=\"https:\/\/www.facebook.com\/EvolveFitnessEurope\" \/>\n<meta property=\"article:modified_time\" content=\"2026-04-07T10:54:01+00:00\" \/>\n<meta property=\"og:image\" content=\"https:\/\/evolve-fitness.eu\/wp-content\/uploads\/2024\/01\/V-HT-500-TFT.png\" \/>\n\t<meta property=\"og:image:width\" content=\"680\" \/>\n\t<meta property=\"og:image:height\" content=\"600\" \/>\n\t<meta property=\"og:image:type\" content=\"image\/png\" \/>\n<meta name=\"twitter:card\" content=\"summary_large_image\" \/>\n<script type=\"application\/ld+json\" class=\"yoast-schema-graph\">{\"@context\":\"https:\/\/schema.org\",\"@graph\":[{\"@type\":\"WebPage\",\"@id\":\"https:\/\/evolve-fitness.eu\/da\/vare\/evolve-lobeband-med-185-tft-konsol-ht-500-tft\/\",\"url\":\"https:\/\/evolve-fitness.eu\/da\/vare\/evolve-lobeband-med-185-tft-konsol-ht-500-tft\/\",\"name\":\"Evolve-l\u00f8beb\u00e5nd med 18,5'' TFT-konsol (HT-500-TFT) - Evolve\",\"isPartOf\":{\"@id\":\"https:\/\/evolve-fitness.eu\/da\/#website\"},\"primaryImageOfPage\":{\"@id\":\"https:\/\/evolve-fitness.eu\/da\/vare\/evolve-lobeband-med-185-tft-konsol-ht-500-tft\/#primaryimage\"},\"image\":{\"@id\":\"https:\/\/evolve-fitness.eu\/da\/vare\/evolve-lobeband-med-185-tft-konsol-ht-500-tft\/#primaryimage\"},\"thumbnailUrl\":\"https:\/\/evolve-fitness.eu\/wp-content\/uploads\/2024\/01\/V-HT-500-TFT.png\",\"datePublished\":\"2024-01-10T10:25:49+00:00\",\"dateModified\":\"2026-04-07T10:54:01+00:00\",\"breadcrumb\":{\"@id\":\"https:\/\/evolve-fitness.eu\/da\/vare\/evolve-lobeband-med-185-tft-konsol-ht-500-tft\/#breadcrumb\"},\"inLanguage\":\"da-DK\",\"potentialAction\":[{\"@type\":\"ReadAction\",\"target\":[\"https:\/\/evolve-fitness.eu\/da\/vare\/evolve-lobeband-med-185-tft-konsol-ht-500-tft\/\"]}]},{\"@type\":\"ImageObject\",\"inLanguage\":\"da-DK\",\"@id\":\"https:\/\/evolve-fitness.eu\/da\/vare\/evolve-lobeband-med-185-tft-konsol-ht-500-tft\/#primaryimage\",\"url\":\"https:\/\/evolve-fitness.eu\/wp-content\/uploads\/2024\/01\/V-HT-500-TFT.png\",\"contentUrl\":\"https:\/\/evolve-fitness.eu\/wp-content\/uploads\/2024\/01\/V-HT-500-TFT.png\",\"width\":680,\"height\":600,\"caption\":\"EV-HT-500-TFT\"},{\"@type\":\"BreadcrumbList\",\"@id\":\"https:\/\/evolve-fitness.eu\/da\/vare\/evolve-lobeband-med-185-tft-konsol-ht-500-tft\/#breadcrumb\",\"itemListElement\":[{\"@type\":\"ListItem\",\"position\":1,\"name\":\"Home\",\"item\":\"https:\/\/evolve-fitness.eu\/da\/\"},{\"@type\":\"ListItem\",\"position\":2,\"name\":\"Produkter\",\"item\":\"https:\/\/evolve-fitness.eu\/da\/shop\/\"},{\"@type\":\"ListItem\",\"position\":3,\"name\":\"Evolve-l\u00f8beb\u00e5nd med 18,5&#8221; TFT-konsol (HT-500-TFT)\"}]},{\"@type\":\"WebSite\",\"@id\":\"https:\/\/evolve-fitness.eu\/da\/#website\",\"url\":\"https:\/\/evolve-fitness.eu\/da\/\",\"name\":\"Evolve\",\"description\":\"Your Evolved Gear Arrived\",\"publisher\":{\"@id\":\"https:\/\/evolve-fitness.eu\/da\/#organization\"},\"potentialAction\":[{\"@type\":\"SearchAction\",\"target\":{\"@type\":\"EntryPoint\",\"urlTemplate\":\"https:\/\/evolve-fitness.eu\/da\/?s={search_term_string}\"},\"query-input\":{\"@type\":\"PropertyValueSpecification\",\"valueRequired\":true,\"valueName\":\"search_term_string\"}}],\"inLanguage\":\"da-DK\"},{\"@type\":\"Organization\",\"@id\":\"https:\/\/evolve-fitness.eu\/da\/#organization\",\"name\":\"Evolve\",\"url\":\"https:\/\/evolve-fitness.eu\/da\/\",\"logo\":{\"@type\":\"ImageObject\",\"inLanguage\":\"da-DK\",\"@id\":\"https:\/\/evolve-fitness.eu\/da\/#\/schema\/logo\/image\/\",\"url\":\"https:\/\/evolve-fitness.eu\/wp-content\/uploads\/2023\/05\/Evolve-logo.svg\",\"contentUrl\":\"https:\/\/evolve-fitness.eu\/wp-content\/uploads\/2023\/05\/Evolve-logo.svg\",\"width\":176,\"height\":20,\"caption\":\"Evolve\"},\"image\":{\"@id\":\"https:\/\/evolve-fitness.eu\/da\/#\/schema\/logo\/image\/\"},\"sameAs\":[\"https:\/\/www.facebook.com\/EvolveFitnessEurope\"]}]}<\/script>\n<!-- \/ Yoast SEO plugin. -->","yoast_head_json":{"title":"Evolve-l\u00f8beb\u00e5nd med 18,5'' TFT-konsol (HT-500-TFT) - Evolve","robots":{"index":"index","follow":"follow","max-snippet":"max-snippet:-1","max-image-preview":"max-image-preview:large","max-video-preview":"max-video-preview:-1"},"canonical":"https:\/\/evolve-fitness.eu\/da\/vare\/evolve-lobeband-med-185-tft-konsol-ht-500-tft\/","og_locale":"da_DK","og_type":"article","og_title":"Evolve-l\u00f8beb\u00e5nd med 18,5'' TFT-konsol (HT-500-TFT) - Evolve","og_url":"https:\/\/evolve-fitness.eu\/da\/vare\/evolve-lobeband-med-185-tft-konsol-ht-500-tft\/","og_site_name":"Evolve","article_publisher":"https:\/\/www.facebook.com\/EvolveFitnessEurope","article_modified_time":"2026-04-07T10:54:01+00:00","og_image":[{"width":680,"height":600,"url":"https:\/\/evolve-fitness.eu\/wp-content\/uploads\/2024\/01\/V-HT-500-TFT.png","type":"image\/png"}],"twitter_card":"summary_large_image","schema":{"@context":"https:\/\/schema.org","@graph":[{"@type":"WebPage","@id":"https:\/\/evolve-fitness.eu\/da\/vare\/evolve-lobeband-med-185-tft-konsol-ht-500-tft\/","url":"https:\/\/evolve-fitness.eu\/da\/vare\/evolve-lobeband-med-185-tft-konsol-ht-500-tft\/","name":"Evolve-l\u00f8beb\u00e5nd med 18,5'' TFT-konsol (HT-500-TFT) - Evolve","isPartOf":{"@id":"https:\/\/evolve-fitness.eu\/da\/#website"},"primaryImageOfPage":{"@id":"https:\/\/evolve-fitness.eu\/da\/vare\/evolve-lobeband-med-185-tft-konsol-ht-500-tft\/#primaryimage"},"image":{"@id":"https:\/\/evolve-fitness.eu\/da\/vare\/evolve-lobeband-med-185-tft-konsol-ht-500-tft\/#primaryimage"},"thumbnailUrl":"https:\/\/evolve-fitness.eu\/wp-content\/uploads\/2024\/01\/V-HT-500-TFT.png","datePublished":"2024-01-10T10:25:49+00:00","dateModified":"2026-04-07T10:54:01+00:00","breadcrumb":{"@id":"https:\/\/evolve-fitness.eu\/da\/vare\/evolve-lobeband-med-185-tft-konsol-ht-500-tft\/#breadcrumb"},"inLanguage":"da-DK","potentialAction":[{"@type":"ReadAction","target":["https:\/\/evolve-fitness.eu\/da\/vare\/evolve-lobeband-med-185-tft-konsol-ht-500-tft\/"]}]},{"@type":"ImageObject","inLanguage":"da-DK","@id":"https:\/\/evolve-fitness.eu\/da\/vare\/evolve-lobeband-med-185-tft-konsol-ht-500-tft\/#primaryimage","url":"https:\/\/evolve-fitness.eu\/wp-content\/uploads\/2024\/01\/V-HT-500-TFT.png","contentUrl":"https:\/\/evolve-fitness.eu\/wp-content\/uploads\/2024\/01\/V-HT-500-TFT.png","width":680,"height":600,"caption":"EV-HT-500-TFT"},{"@type":"BreadcrumbList","@id":"https:\/\/evolve-fitness.eu\/da\/vare\/evolve-lobeband-med-185-tft-konsol-ht-500-tft\/#breadcrumb","itemListElement":[{"@type":"ListItem","position":1,"name":"Home","item":"https:\/\/evolve-fitness.eu\/da\/"},{"@type":"ListItem","position":2,"name":"Produkter","item":"https:\/\/evolve-fitness.eu\/da\/shop\/"},{"@type":"ListItem","position":3,"name":"Evolve-l\u00f8beb\u00e5nd med 18,5&#8221; TFT-konsol (HT-500-TFT)"}]},{"@type":"WebSite","@id":"https:\/\/evolve-fitness.eu\/da\/#website","url":"https:\/\/evolve-fitness.eu\/da\/","name":"Evolve","description":"Your Evolved Gear Arrived","publisher":{"@id":"https:\/\/evolve-fitness.eu\/da\/#organization"},"potentialAction":[{"@type":"SearchAction","target":{"@type":"EntryPoint","urlTemplate":"https:\/\/evolve-fitness.eu\/da\/?s={search_term_string}"},"query-input":{"@type":"PropertyValueSpecification","valueRequired":true,"valueName":"search_term_string"}}],"inLanguage":"da-DK"},{"@type":"Organization","@id":"https:\/\/evolve-fitness.eu\/da\/#organization","name":"Evolve","url":"https:\/\/evolve-fitness.eu\/da\/","logo":{"@type":"ImageObject","inLanguage":"da-DK","@id":"https:\/\/evolve-fitness.eu\/da\/#\/schema\/logo\/image\/","url":"https:\/\/evolve-fitness.eu\/wp-content\/uploads\/2023\/05\/Evolve-logo.svg","contentUrl":"https:\/\/evolve-fitness.eu\/wp-content\/uploads\/2023\/05\/Evolve-logo.svg","width":176,"height":20,"caption":"Evolve"},"image":{"@id":"https:\/\/evolve-fitness.eu\/da\/#\/schema\/logo\/image\/"},"sameAs":["https:\/\/www.facebook.com\/EvolveFitnessEurope"]}]}},"_links":{"self":[{"href":"https:\/\/evolve-fitness.eu\/da\/wp-json\/wp\/v2\/product\/228099","targetHints":{"allow":["GET"]}}],"collection":[{"href":"https:\/\/evolve-fitness.eu\/da\/wp-json\/wp\/v2\/product"}],"about":[{"href":"https:\/\/evolve-fitness.eu\/da\/wp-json\/wp\/v2\/types\/product"}],"wp:featuredmedia":[{"embeddable":true,"href":"https:\/\/evolve-fitness.eu\/da\/wp-json\/wp\/v2\/media\/62980"}],"wp:attachment":[{"href":"https:\/\/evolve-fitness.eu\/da\/wp-json\/wp\/v2\/media?parent=228099"}],"wp:term":[{"taxonomy":"product_brand","embeddable":true,"href":"https:\/\/evolve-fitness.eu\/da\/wp-json\/wp\/v2\/product_brand?post=228099"},{"taxonomy":"product_cat","embeddable":true,"href":"https:\/\/evolve-fitness.eu\/da\/wp-json\/wp\/v2\/product_cat?post=228099"},{"taxonomy":"product_tag","embeddable":true,"href":"https:\/\/evolve-fitness.eu\/da\/wp-json\/wp\/v2\/product_tag?post=228099"}],"curies":[{"name":"wp","href":"https:\/\/api.w.org\/{rel}","templated":true}]}}