{"id":228441,"date":"2025-12-23T13:22:22","date_gmt":"2025-12-23T11:22:22","guid":{"rendered":"https:\/\/evolve-fitness.eu\/product\/evolve-jammer-arms-ja-010\/"},"modified":"2025-12-23T13:22:22","modified_gmt":"2025-12-23T11:22:22","slug":"evolve-jammer-arms-ja-010","status":"publish","type":"product","link":"https:\/\/evolve-fitness.eu\/da\/vare\/evolve-jammer-arms-ja-010\/","title":{"rendered":"Evolve Jammer Arms (JA-010)"},"content":{"rendered":"","protected":false},"excerpt":{"rendered":"<p>G\u00f8r din tr\u00e6ning mere alsidig med Evolve Jammer Arms. Dette modul\u00e6re tilbeh\u00f8r er designet til brug med Evolve-rigge og \u00e5bner d\u00f8ren til en r\u00e6kke tr\u00e6ningsmuligheder, uanset om du er til funktionel fitness, crossfit, gruppeklasser eller individuel tr\u00e6ning. Tilpas din rig, s\u00e5 den opfylder dine pr\u00e6cise behov, og udvid dens muligheder ved problemfrit at fastg\u00f8re forskelligt tilbeh\u00f8r. Oplev forbedrede tr\u00e6ningsmuligheder og str\u00f8mlinet funktionalitet med dette vigtige udstyr. Pris pr. par.<\/p>\n","protected":false},"featured_media":228442,"template":"","meta":{"_acf_changed":false,"inline_featured_image":false},"product_brand":[],"product_cat":[2963,2964,2965],"product_tag":[],"class_list":{"0":"post-228441","1":"product","2":"type-product","3":"status-publish","4":"has-post-thumbnail","6":"product_cat-tvaergaende-og-funktionel","7":"product_cat-komponenter-til-riggen","8":"product_cat-tilbehor","10":"first","11":"instock","12":"shipping-taxable","13":"purchasable","14":"product-type-simple"},"acf":{"long_title":"Evolve Jammer Arms (JA-010)","subtitle":"","specifications":[{"label":"VARENUMMER","text_value":"EV-AT-JA-010","icon":"x"},{"label":"Garanti","text_value":"2 \u00e5r","icon":"x"}]},"yoast_head":"<!-- This site is optimized with the Yoast SEO plugin v26.6 - https:\/\/yoast.com\/wordpress\/plugins\/seo\/ -->\n<title>Evolve Jammer Arms (JA-010) - Evolve<\/title>\n<meta name=\"description\" content=\"G\u00f8r din tr\u00e6ning mere alsidig med Evolve Jammer Arms. Dette modul\u00e6re tilbeh\u00f8r er designet til brug med Evolve-rigge og \u00e5bner d\u00f8ren til en r\u00e6kke\" \/>\n<meta name=\"robots\" content=\"index, follow, max-snippet:-1, max-image-preview:large, max-video-preview:-1\" \/>\n<link rel=\"canonical\" href=\"https:\/\/evolve-fitness.eu\/da\/vare\/evolve-jammer-arms-ja-010\/\" \/>\n<meta property=\"og:locale\" content=\"da_DK\" \/>\n<meta property=\"og:type\" content=\"article\" \/>\n<meta property=\"og:title\" content=\"Evolve Jammer Arms (JA-010) - Evolve\" \/>\n<meta property=\"og:description\" content=\"G\u00f8r din tr\u00e6ning mere alsidig med Evolve Jammer Arms. Dette modul\u00e6re tilbeh\u00f8r er designet til brug med Evolve-rigge og \u00e5bner d\u00f8ren til en r\u00e6kke\" \/>\n<meta property=\"og:url\" content=\"https:\/\/evolve-fitness.eu\/da\/vare\/evolve-jammer-arms-ja-010\/\" \/>\n<meta property=\"og:site_name\" content=\"Evolve\" \/>\n<meta property=\"article:publisher\" content=\"https:\/\/www.facebook.com\/EvolveFitnessEurope\" \/>\n<meta property=\"og:image\" content=\"https:\/\/evolve-fitness.eu\/wp-content\/uploads\/2025\/12\/Evolve-Jammer-Arms-scaled.jpg\" \/>\n\t<meta property=\"og:image:width\" content=\"2560\" \/>\n\t<meta property=\"og:image:height\" content=\"1937\" \/>\n\t<meta property=\"og:image:type\" content=\"image\/jpeg\" \/>\n<meta name=\"twitter:card\" content=\"summary_large_image\" \/>\n<script type=\"application\/ld+json\" class=\"yoast-schema-graph\">{\"@context\":\"https:\/\/schema.org\",\"@graph\":[{\"@type\":\"WebPage\",\"@id\":\"https:\/\/evolve-fitness.eu\/da\/vare\/evolve-jammer-arms-ja-010\/\",\"url\":\"https:\/\/evolve-fitness.eu\/da\/vare\/evolve-jammer-arms-ja-010\/\",\"name\":\"Evolve Jammer Arms (JA-010) - Evolve\",\"isPartOf\":{\"@id\":\"https:\/\/evolve-fitness.eu\/da\/#website\"},\"primaryImageOfPage\":{\"@id\":\"https:\/\/evolve-fitness.eu\/da\/vare\/evolve-jammer-arms-ja-010\/#primaryimage\"},\"image\":{\"@id\":\"https:\/\/evolve-fitness.eu\/da\/vare\/evolve-jammer-arms-ja-010\/#primaryimage\"},\"thumbnailUrl\":\"https:\/\/evolve-fitness.eu\/wp-content\/uploads\/2025\/12\/Evolve-Jammer-Arms-scaled.jpg\",\"datePublished\":\"2025-12-23T11:22:22+00:00\",\"description\":\"G\u00f8r din tr\u00e6ning mere alsidig med Evolve Jammer Arms. Dette modul\u00e6re tilbeh\u00f8r er designet til brug med Evolve-rigge og \u00e5bner d\u00f8ren til en r\u00e6kke\",\"breadcrumb\":{\"@id\":\"https:\/\/evolve-fitness.eu\/da\/vare\/evolve-jammer-arms-ja-010\/#breadcrumb\"},\"inLanguage\":\"da-DK\",\"potentialAction\":[{\"@type\":\"ReadAction\",\"target\":[\"https:\/\/evolve-fitness.eu\/da\/vare\/evolve-jammer-arms-ja-010\/\"]}]},{\"@type\":\"ImageObject\",\"inLanguage\":\"da-DK\",\"@id\":\"https:\/\/evolve-fitness.eu\/da\/vare\/evolve-jammer-arms-ja-010\/#primaryimage\",\"url\":\"https:\/\/evolve-fitness.eu\/wp-content\/uploads\/2025\/12\/Evolve-Jammer-Arms-scaled.jpg\",\"contentUrl\":\"https:\/\/evolve-fitness.eu\/wp-content\/uploads\/2025\/12\/Evolve-Jammer-Arms-scaled.jpg\",\"width\":2560,\"height\":1937},{\"@type\":\"BreadcrumbList\",\"@id\":\"https:\/\/evolve-fitness.eu\/da\/vare\/evolve-jammer-arms-ja-010\/#breadcrumb\",\"itemListElement\":[{\"@type\":\"ListItem\",\"position\":1,\"name\":\"Home\",\"item\":\"https:\/\/evolve-fitness.eu\/da\/\"},{\"@type\":\"ListItem\",\"position\":2,\"name\":\"Produkter\",\"item\":\"https:\/\/evolve-fitness.eu\/da\/shop\/\"},{\"@type\":\"ListItem\",\"position\":3,\"name\":\"Evolve Jammer Arms (JA-010)\"}]},{\"@type\":\"WebSite\",\"@id\":\"https:\/\/evolve-fitness.eu\/da\/#website\",\"url\":\"https:\/\/evolve-fitness.eu\/da\/\",\"name\":\"Evolve\",\"description\":\"Your Evolved Gear Arrived\",\"publisher\":{\"@id\":\"https:\/\/evolve-fitness.eu\/da\/#organization\"},\"potentialAction\":[{\"@type\":\"SearchAction\",\"target\":{\"@type\":\"EntryPoint\",\"urlTemplate\":\"https:\/\/evolve-fitness.eu\/da\/?s={search_term_string}\"},\"query-input\":{\"@type\":\"PropertyValueSpecification\",\"valueRequired\":true,\"valueName\":\"search_term_string\"}}],\"inLanguage\":\"da-DK\"},{\"@type\":\"Organization\",\"@id\":\"https:\/\/evolve-fitness.eu\/da\/#organization\",\"name\":\"Evolve\",\"url\":\"https:\/\/evolve-fitness.eu\/da\/\",\"logo\":{\"@type\":\"ImageObject\",\"inLanguage\":\"da-DK\",\"@id\":\"https:\/\/evolve-fitness.eu\/da\/#\/schema\/logo\/image\/\",\"url\":\"https:\/\/evolve-fitness.eu\/wp-content\/uploads\/2023\/05\/Evolve-logo.svg\",\"contentUrl\":\"https:\/\/evolve-fitness.eu\/wp-content\/uploads\/2023\/05\/Evolve-logo.svg\",\"width\":176,\"height\":20,\"caption\":\"Evolve\"},\"image\":{\"@id\":\"https:\/\/evolve-fitness.eu\/da\/#\/schema\/logo\/image\/\"},\"sameAs\":[\"https:\/\/www.facebook.com\/EvolveFitnessEurope\"]}]}<\/script>\n<!-- \/ Yoast SEO plugin. -->","yoast_head_json":{"title":"Evolve Jammer Arms (JA-010) - Evolve","description":"G\u00f8r din tr\u00e6ning mere alsidig med Evolve Jammer Arms. Dette modul\u00e6re tilbeh\u00f8r er designet til brug med Evolve-rigge og \u00e5bner d\u00f8ren til en r\u00e6kke","robots":{"index":"index","follow":"follow","max-snippet":"max-snippet:-1","max-image-preview":"max-image-preview:large","max-video-preview":"max-video-preview:-1"},"canonical":"https:\/\/evolve-fitness.eu\/da\/vare\/evolve-jammer-arms-ja-010\/","og_locale":"da_DK","og_type":"article","og_title":"Evolve Jammer Arms (JA-010) - Evolve","og_description":"G\u00f8r din tr\u00e6ning mere alsidig med Evolve Jammer Arms. Dette modul\u00e6re tilbeh\u00f8r er designet til brug med Evolve-rigge og \u00e5bner d\u00f8ren til en r\u00e6kke","og_url":"https:\/\/evolve-fitness.eu\/da\/vare\/evolve-jammer-arms-ja-010\/","og_site_name":"Evolve","article_publisher":"https:\/\/www.facebook.com\/EvolveFitnessEurope","og_image":[{"width":2560,"height":1937,"url":"https:\/\/evolve-fitness.eu\/wp-content\/uploads\/2025\/12\/Evolve-Jammer-Arms-scaled.jpg","type":"image\/jpeg"}],"twitter_card":"summary_large_image","schema":{"@context":"https:\/\/schema.org","@graph":[{"@type":"WebPage","@id":"https:\/\/evolve-fitness.eu\/da\/vare\/evolve-jammer-arms-ja-010\/","url":"https:\/\/evolve-fitness.eu\/da\/vare\/evolve-jammer-arms-ja-010\/","name":"Evolve Jammer Arms (JA-010) - Evolve","isPartOf":{"@id":"https:\/\/evolve-fitness.eu\/da\/#website"},"primaryImageOfPage":{"@id":"https:\/\/evolve-fitness.eu\/da\/vare\/evolve-jammer-arms-ja-010\/#primaryimage"},"image":{"@id":"https:\/\/evolve-fitness.eu\/da\/vare\/evolve-jammer-arms-ja-010\/#primaryimage"},"thumbnailUrl":"https:\/\/evolve-fitness.eu\/wp-content\/uploads\/2025\/12\/Evolve-Jammer-Arms-scaled.jpg","datePublished":"2025-12-23T11:22:22+00:00","description":"G\u00f8r din tr\u00e6ning mere alsidig med Evolve Jammer Arms. Dette modul\u00e6re tilbeh\u00f8r er designet til brug med Evolve-rigge og \u00e5bner d\u00f8ren til en r\u00e6kke","breadcrumb":{"@id":"https:\/\/evolve-fitness.eu\/da\/vare\/evolve-jammer-arms-ja-010\/#breadcrumb"},"inLanguage":"da-DK","potentialAction":[{"@type":"ReadAction","target":["https:\/\/evolve-fitness.eu\/da\/vare\/evolve-jammer-arms-ja-010\/"]}]},{"@type":"ImageObject","inLanguage":"da-DK","@id":"https:\/\/evolve-fitness.eu\/da\/vare\/evolve-jammer-arms-ja-010\/#primaryimage","url":"https:\/\/evolve-fitness.eu\/wp-content\/uploads\/2025\/12\/Evolve-Jammer-Arms-scaled.jpg","contentUrl":"https:\/\/evolve-fitness.eu\/wp-content\/uploads\/2025\/12\/Evolve-Jammer-Arms-scaled.jpg","width":2560,"height":1937},{"@type":"BreadcrumbList","@id":"https:\/\/evolve-fitness.eu\/da\/vare\/evolve-jammer-arms-ja-010\/#breadcrumb","itemListElement":[{"@type":"ListItem","position":1,"name":"Home","item":"https:\/\/evolve-fitness.eu\/da\/"},{"@type":"ListItem","position":2,"name":"Produkter","item":"https:\/\/evolve-fitness.eu\/da\/shop\/"},{"@type":"ListItem","position":3,"name":"Evolve Jammer Arms (JA-010)"}]},{"@type":"WebSite","@id":"https:\/\/evolve-fitness.eu\/da\/#website","url":"https:\/\/evolve-fitness.eu\/da\/","name":"Evolve","description":"Your Evolved Gear Arrived","publisher":{"@id":"https:\/\/evolve-fitness.eu\/da\/#organization"},"potentialAction":[{"@type":"SearchAction","target":{"@type":"EntryPoint","urlTemplate":"https:\/\/evolve-fitness.eu\/da\/?s={search_term_string}"},"query-input":{"@type":"PropertyValueSpecification","valueRequired":true,"valueName":"search_term_string"}}],"inLanguage":"da-DK"},{"@type":"Organization","@id":"https:\/\/evolve-fitness.eu\/da\/#organization","name":"Evolve","url":"https:\/\/evolve-fitness.eu\/da\/","logo":{"@type":"ImageObject","inLanguage":"da-DK","@id":"https:\/\/evolve-fitness.eu\/da\/#\/schema\/logo\/image\/","url":"https:\/\/evolve-fitness.eu\/wp-content\/uploads\/2023\/05\/Evolve-logo.svg","contentUrl":"https:\/\/evolve-fitness.eu\/wp-content\/uploads\/2023\/05\/Evolve-logo.svg","width":176,"height":20,"caption":"Evolve"},"image":{"@id":"https:\/\/evolve-fitness.eu\/da\/#\/schema\/logo\/image\/"},"sameAs":["https:\/\/www.facebook.com\/EvolveFitnessEurope"]}]}},"_links":{"self":[{"href":"https:\/\/evolve-fitness.eu\/da\/wp-json\/wp\/v2\/product\/228441","targetHints":{"allow":["GET"]}}],"collection":[{"href":"https:\/\/evolve-fitness.eu\/da\/wp-json\/wp\/v2\/product"}],"about":[{"href":"https:\/\/evolve-fitness.eu\/da\/wp-json\/wp\/v2\/types\/product"}],"wp:featuredmedia":[{"embeddable":true,"href":"https:\/\/evolve-fitness.eu\/da\/wp-json\/wp\/v2\/media\/228442"}],"wp:attachment":[{"href":"https:\/\/evolve-fitness.eu\/da\/wp-json\/wp\/v2\/media?parent=228441"}],"wp:term":[{"taxonomy":"product_brand","embeddable":true,"href":"https:\/\/evolve-fitness.eu\/da\/wp-json\/wp\/v2\/product_brand?post=228441"},{"taxonomy":"product_cat","embeddable":true,"href":"https:\/\/evolve-fitness.eu\/da\/wp-json\/wp\/v2\/product_cat?post=228441"},{"taxonomy":"product_tag","embeddable":true,"href":"https:\/\/evolve-fitness.eu\/da\/wp-json\/wp\/v2\/product_tag?post=228441"}],"curies":[{"name":"wp","href":"https:\/\/api.w.org\/{rel}","templated":true}]}}