{"id":228673,"date":"2025-02-14T13:29:13","date_gmt":"2025-02-14T11:29:13","guid":{"rendered":"https:\/\/evolve-fitness.eu\/product\/evolve-storage-system-v2-st-020\/"},"modified":"2026-04-08T15:50:16","modified_gmt":"2026-04-08T12:50:16","slug":"evolve-storage-system-v2-st-020","status":"publish","type":"product","link":"https:\/\/evolve-fitness.eu\/da\/vare\/evolve-storage-system-v2-st-020\/","title":{"rendered":"Evolve Storage System V2 (ST-020)"},"content":{"rendered":"\n<section class=\"wp-block-group alignfull has-lightgray-background-color has-background is-layout-constrained wp-block-group-is-layout-constrained\">\n<div class=\"wp-block-columns alignwide is-layout-flex wp-container-core-columns-is-layout-2edb0647 wp-block-columns-is-layout-flex\" style=\"margin-top:0;margin-bottom:0\">\n<div class=\"wp-block-column is-layout-flow wp-block-column-is-layout-flow\" style=\"flex-basis:33.33%\"><\/div>\n\n\n\n<div class=\"wp-block-column is-layout-flow wp-block-column-is-layout-flow\" style=\"flex-basis:66.66%\"><\/div>\n<\/div>\n<\/section>\n\n<section class=\"wp-block-group alignfull black-content has-white-color has-darkgray-background-color has-text-color has-background is-layout-constrained wp-block-group-is-layout-constrained\" style=\"padding-top:var(--wp--preset--spacing--section-bottom);padding-bottom:var(--wp--preset--spacing--section-bottom)\">\n<div class=\"wp-block-columns alignwide mobile-reverse is-layout-flex wp-container-core-columns-is-layout-ca64bf2d wp-block-columns-is-layout-flex\" style=\"margin-bottom:var(--wp--preset--spacing--side-padding)\">\n<div class=\"wp-block-column is-vertically-aligned-center is-layout-flow wp-block-column-is-layout-flow\">\n<h3 class=\"wp-block-heading\" style=\"margin-bottom:var(--wp--preset--spacing--h-3-bottom)\">Evolve Storage System V2<\/h3>\n\n\n\n<p><strong><em><strong>Til effektiv opbevaring af sportsudstyr<\/strong><\/em><\/strong><\/p>\n\n\n\n<p>Hold dit tr\u00e6ningsomr\u00e5de ryddeligt og sikkert med <strong>Evolve Storage System V2.<\/strong> Denne v\u00e6gmonterede l\u00f8sning til opbevaring af h\u00e5ndv\u00e6gte er perfekt til kommercielle fitnesscentre, CrossFit-bokse og hjemmestudier, der \u00f8nsker at maksimere den lodrette plads. Det er bygget med tanke p\u00e5 holdbarhed og sikrer, at dine v\u00e6gte er sikkert opbevaret og let tilg\u00e6ngelige.  <\/p>\n\n\n\n<p><strong><strong>Pakken indeholder:<\/strong><\/strong><br\/>Du modtager en komplet opbevaringsramme, der er klar til installation:<\/p>\n\n\n\n<p><\/p>\n\n\n\n<ul class=\"wp-block-list\">\n<li><strong><a href=\"https:\/\/evolve-fitness.eu\/da\/vare\/evolve-haandvaegtsopbevaring-1100-1800-mm\/\">Stativer til h\u00e5ndv\u00e6gte:<\/a><\/strong> 4x EV-ST-DB (1100 mm bredde) &#8211; Giver rigelig plads til forskellige h\u00e5ndv\u00e6gtst\u00f8rrelser.<\/li>\n\n\n\n<li><strong><a href=\"https:\/\/evolve-fitness.eu\/da\/vare\/evolve-stativer-til-opbevaringssystemer-120-190-cm\/\">Opretst\u00e5ende underst\u00f8tninger<\/a>:<\/strong> 2x EV-ST-UP (190 cm h\u00f8jde) &#8211; Sikrer stabil og sikker v\u00e6gmontering.<\/li>\n<\/ul>\n\n\n\n<p><\/p>\n\n\n\n<p><strong>Bem\u00e6rk venligst:<\/strong><br\/><em>Billederne er til illustrative form\u00e5l. S\u00e6ttet omfatter kun opbevaringsreoler og stolper. De viste v\u00e6gte er ikke inkluderet.  <\/em><\/p>\n\n\n\n<p><\/p>\n\n\n\n<p><\/p>\n\n\n\n<p><\/p>\n<\/div>\n\n\n\n<div class=\"wp-block-column is-vertically-aligned-center is-layout-flow wp-block-column-is-layout-flow\">\n<figure class=\"wp-block-image size-large\"><img loading=\"lazy\" decoding=\"async\" width=\"1024\" height=\"1024\" src=\"https:\/\/evolve-fitness.eu\/wp-content\/uploads\/2025\/02\/EV-RS-ST-020-1024x1024.png\" alt=\"\" class=\"wp-image-223106\" srcset=\"https:\/\/evolve-fitness.eu\/wp-content\/uploads\/2025\/02\/EV-RS-ST-020-1024x1024.png 1024w, https:\/\/evolve-fitness.eu\/wp-content\/uploads\/2025\/02\/EV-RS-ST-020-300x300.png 300w, https:\/\/evolve-fitness.eu\/wp-content\/uploads\/2025\/02\/EV-RS-ST-020-150x150.png 150w, https:\/\/evolve-fitness.eu\/wp-content\/uploads\/2025\/02\/EV-RS-ST-020-768x768.png 768w, https:\/\/evolve-fitness.eu\/wp-content\/uploads\/2025\/02\/EV-RS-ST-020-600x600.png 600w, https:\/\/evolve-fitness.eu\/wp-content\/uploads\/2025\/02\/EV-RS-ST-020.png 1080w\" sizes=\"auto, (max-width: 1024px) 100vw, 1024px\" \/><\/figure>\n<\/div>\n<\/div>\n<\/section>\n","protected":false},"excerpt":{"rendered":"<p>Denne kommercielle full rig er konstrueret til h\u00f8jintensive tr\u00e6ningsmilj\u00f8er og er det ultimative midtpunkt i ethvert professionelt fitnesscenter. Det modul\u00e6re design underst\u00f8tter flere brugere p\u00e5 samme tid og giver s\u00f8ml\u00f8se overgange mellem styrkel\u00f8ft, kropsv\u00e6gtstr\u00e6ning og funktionelle \u00f8velser. Den forst\u00e6rkede st\u00e5lkonstruktion sikrer maksimal holdbarhed under tunge belastninger, mens de justerbare komponenter passer til atleter p\u00e5 alle niveauer. Integrerede opbevaringsl\u00f8sninger holder tr\u00e6ningsrummet organiseret, og valgfrit tilbeh\u00f8r \u00f8ger tr\u00e6ningsvariationen. Uanset om det er i en styrkefokuseret facilitet, en CrossFit-boks eller et multifunktionelt fitnesscenter, leverer dette udstyr den p\u00e5lidelighed, sikkerhed og alsidighed, der er n\u00f8dvendig for at opn\u00e5 toppr\u00e6stationer og lang levetid.    <\/p>\n","protected":false},"featured_media":182838,"template":"","meta":{"_acf_changed":false,"inline_featured_image":false},"product_brand":[],"product_cat":[13092,2963],"product_tag":[],"class_list":{"0":"post-228673","1":"product","2":"type-product","3":"status-publish","4":"has-post-thumbnail","6":"product_cat-opbevaring","7":"product_cat-tvaergaende-og-funktionel","9":"first","10":"instock","11":"shipping-taxable","12":"purchasable","13":"product-type-simple"},"acf":{"long_title":"Evolve Storage System V2 (ST-020)","subtitle":"","specifications":[{"label":"VARENUMMER","text_value":"EV-RS-ST-020","icon":"x"},{"label":"H\u00f8jde","text_value":"1900 mm  ","icon":"x"},{"label":"Bredde","text_value":"1250 mm","icon":"x"},{"label":"Garanti","text_value":"2 \u00e5r","icon":"x"}]},"yoast_head":"<!-- This site is optimized with the Yoast SEO plugin v27.4 - https:\/\/yoast.com\/product\/yoast-seo-wordpress\/ -->\n<title>Evolve Storage System V2 (ST-020) - Evolve<\/title>\n<meta name=\"robots\" content=\"index, follow, max-snippet:-1, max-image-preview:large, max-video-preview:-1\" \/>\n<link rel=\"canonical\" href=\"https:\/\/evolve-fitness.eu\/da\/vare\/evolve-storage-system-v2-st-020\/\" \/>\n<meta property=\"og:locale\" content=\"da_DK\" \/>\n<meta property=\"og:type\" content=\"article\" \/>\n<meta property=\"og:title\" content=\"Evolve Storage System V2 (ST-020) - Evolve\" \/>\n<meta property=\"og:url\" content=\"https:\/\/evolve-fitness.eu\/da\/vare\/evolve-storage-system-v2-st-020\/\" \/>\n<meta property=\"og:site_name\" content=\"Evolve\" \/>\n<meta property=\"article:publisher\" content=\"https:\/\/www.facebook.com\/EvolveFitnessEurope\" \/>\n<meta property=\"article:modified_time\" content=\"2026-04-08T12:50:16+00:00\" \/>\n<meta property=\"og:image\" content=\"https:\/\/evolve-fitness.eu\/wp-content\/uploads\/2025\/02\/EV-RS-ST-020-5-1.png\" \/>\n\t<meta property=\"og:image:width\" content=\"1920\" \/>\n\t<meta property=\"og:image:height\" content=\"1920\" \/>\n\t<meta property=\"og:image:type\" content=\"image\/png\" \/>\n<meta name=\"twitter:card\" content=\"summary_large_image\" \/>\n<script type=\"application\/ld+json\" class=\"yoast-schema-graph\">{\"@context\":\"https:\\\/\\\/schema.org\",\"@graph\":[{\"@type\":\"WebPage\",\"@id\":\"https:\\\/\\\/evolve-fitness.eu\\\/da\\\/vare\\\/evolve-storage-system-v2-st-020\\\/\",\"url\":\"https:\\\/\\\/evolve-fitness.eu\\\/da\\\/vare\\\/evolve-storage-system-v2-st-020\\\/\",\"name\":\"Evolve Storage System V2 (ST-020) - Evolve\",\"isPartOf\":{\"@id\":\"https:\\\/\\\/evolve-fitness.eu\\\/da\\\/#website\"},\"primaryImageOfPage\":{\"@id\":\"https:\\\/\\\/evolve-fitness.eu\\\/da\\\/vare\\\/evolve-storage-system-v2-st-020\\\/#primaryimage\"},\"image\":{\"@id\":\"https:\\\/\\\/evolve-fitness.eu\\\/da\\\/vare\\\/evolve-storage-system-v2-st-020\\\/#primaryimage\"},\"thumbnailUrl\":\"https:\\\/\\\/evolve-fitness.eu\\\/wp-content\\\/uploads\\\/2025\\\/02\\\/EV-RS-ST-020-5-1.png\",\"datePublished\":\"2025-02-14T11:29:13+00:00\",\"dateModified\":\"2026-04-08T12:50:16+00:00\",\"breadcrumb\":{\"@id\":\"https:\\\/\\\/evolve-fitness.eu\\\/da\\\/vare\\\/evolve-storage-system-v2-st-020\\\/#breadcrumb\"},\"inLanguage\":\"da-DK\",\"potentialAction\":[{\"@type\":\"ReadAction\",\"target\":[\"https:\\\/\\\/evolve-fitness.eu\\\/da\\\/vare\\\/evolve-storage-system-v2-st-020\\\/\"]}]},{\"@type\":\"ImageObject\",\"inLanguage\":\"da-DK\",\"@id\":\"https:\\\/\\\/evolve-fitness.eu\\\/da\\\/vare\\\/evolve-storage-system-v2-st-020\\\/#primaryimage\",\"url\":\"https:\\\/\\\/evolve-fitness.eu\\\/wp-content\\\/uploads\\\/2025\\\/02\\\/EV-RS-ST-020-5-1.png\",\"contentUrl\":\"https:\\\/\\\/evolve-fitness.eu\\\/wp-content\\\/uploads\\\/2025\\\/02\\\/EV-RS-ST-020-5-1.png\",\"width\":1920,\"height\":1920,\"caption\":\"EV-RS-ST-020\"},{\"@type\":\"BreadcrumbList\",\"@id\":\"https:\\\/\\\/evolve-fitness.eu\\\/da\\\/vare\\\/evolve-storage-system-v2-st-020\\\/#breadcrumb\",\"itemListElement\":[{\"@type\":\"ListItem\",\"position\":1,\"name\":\"Home\",\"item\":\"https:\\\/\\\/evolve-fitness.eu\\\/da\\\/\"},{\"@type\":\"ListItem\",\"position\":2,\"name\":\"Produkter\",\"item\":\"https:\\\/\\\/evolve-fitness.eu\\\/da\\\/shop\\\/\"},{\"@type\":\"ListItem\",\"position\":3,\"name\":\"Evolve Storage System V2 (ST-020)\"}]},{\"@type\":\"WebSite\",\"@id\":\"https:\\\/\\\/evolve-fitness.eu\\\/da\\\/#website\",\"url\":\"https:\\\/\\\/evolve-fitness.eu\\\/da\\\/\",\"name\":\"Evolve\",\"description\":\"Your Evolved Gear Arrived\",\"publisher\":{\"@id\":\"https:\\\/\\\/evolve-fitness.eu\\\/da\\\/#organization\"},\"potentialAction\":[{\"@type\":\"SearchAction\",\"target\":{\"@type\":\"EntryPoint\",\"urlTemplate\":\"https:\\\/\\\/evolve-fitness.eu\\\/da\\\/?s={search_term_string}\"},\"query-input\":{\"@type\":\"PropertyValueSpecification\",\"valueRequired\":true,\"valueName\":\"search_term_string\"}}],\"inLanguage\":\"da-DK\"},{\"@type\":\"Organization\",\"@id\":\"https:\\\/\\\/evolve-fitness.eu\\\/da\\\/#organization\",\"name\":\"Evolve\",\"url\":\"https:\\\/\\\/evolve-fitness.eu\\\/da\\\/\",\"logo\":{\"@type\":\"ImageObject\",\"inLanguage\":\"da-DK\",\"@id\":\"https:\\\/\\\/evolve-fitness.eu\\\/da\\\/#\\\/schema\\\/logo\\\/image\\\/\",\"url\":\"https:\\\/\\\/evolve-fitness.eu\\\/wp-content\\\/uploads\\\/2023\\\/05\\\/Evolve-logo.svg\",\"contentUrl\":\"https:\\\/\\\/evolve-fitness.eu\\\/wp-content\\\/uploads\\\/2023\\\/05\\\/Evolve-logo.svg\",\"width\":176,\"height\":20,\"caption\":\"Evolve\"},\"image\":{\"@id\":\"https:\\\/\\\/evolve-fitness.eu\\\/da\\\/#\\\/schema\\\/logo\\\/image\\\/\"},\"sameAs\":[\"https:\\\/\\\/www.facebook.com\\\/EvolveFitnessEurope\"]}]}<\/script>\n<!-- \/ Yoast SEO plugin. -->","yoast_head_json":{"title":"Evolve Storage System V2 (ST-020) - Evolve","robots":{"index":"index","follow":"follow","max-snippet":"max-snippet:-1","max-image-preview":"max-image-preview:large","max-video-preview":"max-video-preview:-1"},"canonical":"https:\/\/evolve-fitness.eu\/da\/vare\/evolve-storage-system-v2-st-020\/","og_locale":"da_DK","og_type":"article","og_title":"Evolve Storage System V2 (ST-020) - Evolve","og_url":"https:\/\/evolve-fitness.eu\/da\/vare\/evolve-storage-system-v2-st-020\/","og_site_name":"Evolve","article_publisher":"https:\/\/www.facebook.com\/EvolveFitnessEurope","article_modified_time":"2026-04-08T12:50:16+00:00","og_image":[{"width":1920,"height":1920,"url":"https:\/\/evolve-fitness.eu\/wp-content\/uploads\/2025\/02\/EV-RS-ST-020-5-1.png","type":"image\/png"}],"twitter_card":"summary_large_image","schema":{"@context":"https:\/\/schema.org","@graph":[{"@type":"WebPage","@id":"https:\/\/evolve-fitness.eu\/da\/vare\/evolve-storage-system-v2-st-020\/","url":"https:\/\/evolve-fitness.eu\/da\/vare\/evolve-storage-system-v2-st-020\/","name":"Evolve Storage System V2 (ST-020) - Evolve","isPartOf":{"@id":"https:\/\/evolve-fitness.eu\/da\/#website"},"primaryImageOfPage":{"@id":"https:\/\/evolve-fitness.eu\/da\/vare\/evolve-storage-system-v2-st-020\/#primaryimage"},"image":{"@id":"https:\/\/evolve-fitness.eu\/da\/vare\/evolve-storage-system-v2-st-020\/#primaryimage"},"thumbnailUrl":"https:\/\/evolve-fitness.eu\/wp-content\/uploads\/2025\/02\/EV-RS-ST-020-5-1.png","datePublished":"2025-02-14T11:29:13+00:00","dateModified":"2026-04-08T12:50:16+00:00","breadcrumb":{"@id":"https:\/\/evolve-fitness.eu\/da\/vare\/evolve-storage-system-v2-st-020\/#breadcrumb"},"inLanguage":"da-DK","potentialAction":[{"@type":"ReadAction","target":["https:\/\/evolve-fitness.eu\/da\/vare\/evolve-storage-system-v2-st-020\/"]}]},{"@type":"ImageObject","inLanguage":"da-DK","@id":"https:\/\/evolve-fitness.eu\/da\/vare\/evolve-storage-system-v2-st-020\/#primaryimage","url":"https:\/\/evolve-fitness.eu\/wp-content\/uploads\/2025\/02\/EV-RS-ST-020-5-1.png","contentUrl":"https:\/\/evolve-fitness.eu\/wp-content\/uploads\/2025\/02\/EV-RS-ST-020-5-1.png","width":1920,"height":1920,"caption":"EV-RS-ST-020"},{"@type":"BreadcrumbList","@id":"https:\/\/evolve-fitness.eu\/da\/vare\/evolve-storage-system-v2-st-020\/#breadcrumb","itemListElement":[{"@type":"ListItem","position":1,"name":"Home","item":"https:\/\/evolve-fitness.eu\/da\/"},{"@type":"ListItem","position":2,"name":"Produkter","item":"https:\/\/evolve-fitness.eu\/da\/shop\/"},{"@type":"ListItem","position":3,"name":"Evolve Storage System V2 (ST-020)"}]},{"@type":"WebSite","@id":"https:\/\/evolve-fitness.eu\/da\/#website","url":"https:\/\/evolve-fitness.eu\/da\/","name":"Evolve","description":"Your Evolved Gear Arrived","publisher":{"@id":"https:\/\/evolve-fitness.eu\/da\/#organization"},"potentialAction":[{"@type":"SearchAction","target":{"@type":"EntryPoint","urlTemplate":"https:\/\/evolve-fitness.eu\/da\/?s={search_term_string}"},"query-input":{"@type":"PropertyValueSpecification","valueRequired":true,"valueName":"search_term_string"}}],"inLanguage":"da-DK"},{"@type":"Organization","@id":"https:\/\/evolve-fitness.eu\/da\/#organization","name":"Evolve","url":"https:\/\/evolve-fitness.eu\/da\/","logo":{"@type":"ImageObject","inLanguage":"da-DK","@id":"https:\/\/evolve-fitness.eu\/da\/#\/schema\/logo\/image\/","url":"https:\/\/evolve-fitness.eu\/wp-content\/uploads\/2023\/05\/Evolve-logo.svg","contentUrl":"https:\/\/evolve-fitness.eu\/wp-content\/uploads\/2023\/05\/Evolve-logo.svg","width":176,"height":20,"caption":"Evolve"},"image":{"@id":"https:\/\/evolve-fitness.eu\/da\/#\/schema\/logo\/image\/"},"sameAs":["https:\/\/www.facebook.com\/EvolveFitnessEurope"]}]}},"_links":{"self":[{"href":"https:\/\/evolve-fitness.eu\/da\/wp-json\/wp\/v2\/product\/228673","targetHints":{"allow":["GET"]}}],"collection":[{"href":"https:\/\/evolve-fitness.eu\/da\/wp-json\/wp\/v2\/product"}],"about":[{"href":"https:\/\/evolve-fitness.eu\/da\/wp-json\/wp\/v2\/types\/product"}],"wp:featuredmedia":[{"embeddable":true,"href":"https:\/\/evolve-fitness.eu\/da\/wp-json\/wp\/v2\/media\/182838"}],"wp:attachment":[{"href":"https:\/\/evolve-fitness.eu\/da\/wp-json\/wp\/v2\/media?parent=228673"}],"wp:term":[{"taxonomy":"product_brand","embeddable":true,"href":"https:\/\/evolve-fitness.eu\/da\/wp-json\/wp\/v2\/product_brand?post=228673"},{"taxonomy":"product_cat","embeddable":true,"href":"https:\/\/evolve-fitness.eu\/da\/wp-json\/wp\/v2\/product_cat?post=228673"},{"taxonomy":"product_tag","embeddable":true,"href":"https:\/\/evolve-fitness.eu\/da\/wp-json\/wp\/v2\/product_tag?post=228673"}],"curies":[{"name":"wp","href":"https:\/\/api.w.org\/{rel}","templated":true}]}}