{"id":228734,"date":"2025-06-19T14:53:12","date_gmt":"2025-06-19T11:53:12","guid":{"rendered":"https:\/\/evolve-fitness.eu\/product\/evolve-cerakote-vaegtstangssaet-med-kofangervaegte-bs-ck\/"},"modified":"2026-04-08T15:57:08","modified_gmt":"2026-04-08T12:57:08","slug":"evolve-cerakote-vaegtstangssaet-med-kofangervaegte-bs-ck","status":"publish","type":"product","link":"https:\/\/evolve-fitness.eu\/da\/vare\/evolve-cerakote-vaegtstangssaet-med-kofangervaegte-bs-ck\/","title":{"rendered":"Evolve Cerakote v\u00e6gtstangss\u00e6t med kofangerv\u00e6gte (BS-CK)"},"content":{"rendered":"\n<section class=\"wp-block-group alignfull black-content has-white-color has-darkgray-background-color has-text-color has-background is-layout-constrained wp-block-group-is-layout-constrained\" style=\"padding-top:var(--wp--preset--spacing--section-bottom);padding-bottom:var(--wp--preset--spacing--section-bottom)\">\n<section class=\"wp-block-group alignfull black-content has-white-color has-darkgray-background-color has-text-color has-background is-layout-constrained wp-block-group-is-layout-constrained\" style=\"padding-top:var(--wp--preset--spacing--section-bottom);padding-bottom:var(--wp--preset--spacing--section-bottom)\">\n<div class=\"wp-block-columns alignwide mobile-reverse is-layout-flex wp-container-core-columns-is-layout-ca64bf2d wp-block-columns-is-layout-flex\" style=\"margin-bottom:var(--wp--preset--spacing--side-padding)\">\n<div class=\"wp-block-column is-vertically-aligned-center is-layout-flow wp-block-column-is-layout-flow\">\n<h3 class=\"wp-block-heading\" style=\"margin-bottom:var(--wp--preset--spacing--h-3-bottom)\"><strong><strong><strong>Komplet olympisk v\u00e6gtstangss\u00e6t med Cerakote-stang, Hi-Temp Bumper Plates og l\u00e5sekraver<\/strong><\/strong><\/strong><\/h3>\n\n\n\n<p style=\"margin-bottom:var(--wp--preset--spacing--tb-section-padding)\">L\u00f8ft din styrketr\u00e6ning med dette f\u00f8rsteklasses olympiske v\u00e6gtstangss\u00e6t, der kombinerer holdbarhed, ydeevne og sikkerhed. Dette s\u00e6t indeholder <strong>Evolve Cerakote Series Olympic Man Bar (220 cm, 20 kg)<\/strong>, et udvalg af <strong>Evolve Hi-Temp X Bumper Plates (5-25 kg)<\/strong> og et par <strong>sikre Olympic Bar Collars &#8211; ideelt<\/strong>til b\u00e5de funktionelle tr\u00e6ningszoner og professionelle l\u00f8ftemilj\u00f8er. <\/p>\n<\/div>\n\n\n\n<div class=\"wp-block-column is-vertically-aligned-center is-layout-flow wp-block-column-is-layout-flow\">\n<figure class=\"wp-block-image size-large is-style-rounded\"><img loading=\"lazy\" decoding=\"async\" width=\"1024\" height=\"683\" src=\"https:\/\/evolve-fitness.eu\/wp-content\/uploads\/2025\/06\/A7_02372-1024x683.jpg\" alt=\"\" class=\"wp-image-200370\" srcset=\"https:\/\/evolve-fitness.eu\/wp-content\/uploads\/2025\/06\/A7_02372-1024x683.jpg 1024w, https:\/\/evolve-fitness.eu\/wp-content\/uploads\/2025\/06\/A7_02372-300x200.jpg 300w, https:\/\/evolve-fitness.eu\/wp-content\/uploads\/2025\/06\/A7_02372-150x100.jpg 150w, https:\/\/evolve-fitness.eu\/wp-content\/uploads\/2025\/06\/A7_02372-768x512.jpg 768w, https:\/\/evolve-fitness.eu\/wp-content\/uploads\/2025\/06\/A7_02372-1536x1024.jpg 1536w, https:\/\/evolve-fitness.eu\/wp-content\/uploads\/2025\/06\/A7_02372-2048x1365.jpg 2048w, https:\/\/evolve-fitness.eu\/wp-content\/uploads\/2025\/06\/A7_02372-600x400.jpg 600w, https:\/\/evolve-fitness.eu\/wp-content\/uploads\/2025\/06\/A7_02372-225x150.jpg 225w\" sizes=\"auto, (max-width: 1024px) 100vw, 1024px\" \/><\/figure>\n<\/div>\n<\/div>\n\n\n\n<div class=\"wp-block-columns alignwide is-layout-flex wp-container-core-columns-is-layout-c45ee707 wp-block-columns-is-layout-flex\" style=\"margin-bottom:var(--wp--preset--spacing--side-padding);padding-top:var(--wp--preset--spacing--side-padding)\">\n<div class=\"wp-block-column is-vertically-aligned-center is-layout-flow wp-block-column-is-layout-flow\">\n<figure class=\"wp-block-video\"><video height=\"1000\" style=\"aspect-ratio: 1000 \/ 1000;\" width=\"1000\" controls=\"\" src=\"https:\/\/store.evolve-fitness.eu\/wp-content\/uploads\/2025\/05\/EV-OB-CK-201-Evolve-Cerakote-Series-Olympic-Woman-201-cm-15-kg-1.mp4\"><\/video><\/figure>\n<\/div>\n\n\n\n<div class=\"wp-block-column is-vertically-aligned-center is-layout-flow wp-block-column-is-layout-flow\">\n<h3 class=\"wp-block-heading\" style=\"margin-bottom:var(--wp--preset--spacing--h-3-bottom)\"><strong><br\/><strong>Evolve Cerakote Series Olympic Man Bar &#8211; 220 cm \/ 20 kg<\/strong><\/strong><\/h3>\n\n\n\n<p style=\"margin-bottom:var(--wp--preset--spacing--tb-section-padding)\">Oplev det ultimative inden for styrke og holdbarhed med Evolve Cerakote Olympic Bar, et f\u00f8rsteklasses valg til b\u00e5de professionel tr\u00e6ning og hjemmeatleter. Med en imponerende l\u00e6ngde p\u00e5 220 cm og en v\u00e6gt p\u00e5 20 kg er denne v\u00e6gtstang konstrueret til at b\u00e6re en maksimal belastning p\u00e5 1043 kg, hvilket g\u00f8r den ideel til tunge l\u00f8ft. Med 8 n\u00e5lelejer og 2 kobberb\u00f8sninger sikrer den j\u00e6vn rotation og stabilitet under brug.   B\u00f8sningsdiameteren p\u00e5 \u00d850 mm passer til standardv\u00e6gte, mens diameteren p\u00e5 den indre del af stangen p\u00e5 \u00d828 mm forbedrer grebet og kontrollen.  <\/p>\n<\/div>\n<\/div>\n\n\n\n<div class=\"wp-block-columns alignwide mobile-reverse is-layout-flex wp-container-core-columns-is-layout-ca64bf2d wp-block-columns-is-layout-flex\" style=\"margin-bottom:var(--wp--preset--spacing--side-padding)\">\n<div class=\"wp-block-column is-vertically-aligned-center is-layout-flow wp-block-column-is-layout-flow\">\n<h3 class=\"wp-block-heading\" style=\"margin-bottom:var(--wp--preset--spacing--h-3-bottom)\"><strong>Sikker og p\u00e5lidelig &#8211; Olympic Bar Collars<\/strong><\/h3>\n\n\n\n<p style=\"margin-bottom:var(--wp--preset--spacing--tb-section-padding)\">De medf\u00f8lgende Evolve Olympic Bar Collars er konstrueret til hurtige og sikre skiveskift. Disse kraver er designet til at l\u00e5se v\u00e6gtskiverne fast under h\u00f8jintensive l\u00f8ft og sikrer en stabil og kontrolleret ops\u00e6tning af v\u00e6gtstangen. Deres hurtigl\u00e5semekanisme g\u00f8r det nemt at installere og fjerne dem uden at g\u00e5 p\u00e5 kompromis med sikkerheden eller stabiliteten.  <\/p>\n<\/div>\n\n\n\n<div class=\"wp-block-column is-vertically-aligned-center is-layout-flow wp-block-column-is-layout-flow\">\n<figure class=\"wp-block-video\"><video height=\"1280\" style=\"aspect-ratio: 1920 \/ 1280;\" width=\"1920\" controls=\"\" src=\"https:\/\/store.evolve-fitness.eu\/wp-content\/uploads\/2025\/05\/EV-OC-CC-02-1.mp4\"><\/video><\/figure>\n<\/div>\n<\/div>\n\n\n\n<div class=\"wp-block-columns alignwide is-layout-flex wp-container-core-columns-is-layout-c45ee707 wp-block-columns-is-layout-flex\" style=\"margin-bottom:var(--wp--preset--spacing--side-padding);padding-top:var(--wp--preset--spacing--side-padding)\">\n<div class=\"wp-block-column is-vertically-aligned-center is-layout-flow wp-block-column-is-layout-flow\">\n<figure class=\"wp-block-image size-large is-style-rounded\"><img loading=\"lazy\" decoding=\"async\" width=\"1024\" height=\"683\" src=\"https:\/\/evolve-fitness.eu\/wp-content\/uploads\/2025\/06\/A7_02389-1024x683.jpg\" alt=\"\" class=\"wp-image-200395\" srcset=\"https:\/\/evolve-fitness.eu\/wp-content\/uploads\/2025\/06\/A7_02389-1024x683.jpg 1024w, https:\/\/evolve-fitness.eu\/wp-content\/uploads\/2025\/06\/A7_02389-300x200.jpg 300w, https:\/\/evolve-fitness.eu\/wp-content\/uploads\/2025\/06\/A7_02389-150x100.jpg 150w, https:\/\/evolve-fitness.eu\/wp-content\/uploads\/2025\/06\/A7_02389-768x512.jpg 768w, https:\/\/evolve-fitness.eu\/wp-content\/uploads\/2025\/06\/A7_02389-1536x1024.jpg 1536w, https:\/\/evolve-fitness.eu\/wp-content\/uploads\/2025\/06\/A7_02389-2048x1365.jpg 2048w, https:\/\/evolve-fitness.eu\/wp-content\/uploads\/2025\/06\/A7_02389-600x400.jpg 600w, https:\/\/evolve-fitness.eu\/wp-content\/uploads\/2025\/06\/A7_02389-225x150.jpg 225w\" sizes=\"auto, (max-width: 1024px) 100vw, 1024px\" \/><\/figure>\n<\/div>\n\n\n\n<div class=\"wp-block-column is-vertically-aligned-center is-layout-flow wp-block-column-is-layout-flow\">\n<h3 class=\"wp-block-heading\" style=\"margin-bottom:var(--wp--preset--spacing--h-3-bottom)\"><strong>Holdbare Hi-Temp kofangerplader<\/strong><\/h3>\n\n\n\n<p>Dette s\u00e6t indeholder <strong>Evolve Hi-Temp X Bumper Plates<\/strong>, der f\u00e5s i flere konfigurationer (par p\u00e5 5, 10, 15, 20 og 25 kg). Disse plader er fremstillet af gummi med h\u00f8j densitet og designet til at absorbere st\u00f8d ved slag, og de er ideelle til at reducere st\u00f8j og beskytte gulve i intensive tr\u00e6ningsmilj\u00f8er. Materialet med lavt st\u00f8d giver en sikker og ensartet pr\u00e6station.  <\/p>\n<\/div>\n<\/div>\n\n\n\n<div class=\"wp-block-columns alignwide is-layout-flex wp-container-core-columns-is-layout-c45ee707 wp-block-columns-is-layout-flex\" style=\"margin-bottom:var(--wp--preset--spacing--side-padding);padding-top:var(--wp--preset--spacing--side-padding)\">\n<div class=\"wp-block-column is-vertically-aligned-center is-layout-flow wp-block-column-is-layout-flow\">\n<h3 class=\"wp-block-heading\" style=\"margin-bottom:var(--wp--preset--spacing--h-3-bottom)\"><strong>Brugerdefinerede v\u00e6gtvariationer<\/strong><\/h3>\n\n\n\n<p>Dette v\u00e6gtstangss\u00e6t f\u00e5s i forskellige s\u00e6tkonfigurationer og kan skr\u00e6ddersys til at opfylde dine tr\u00e6ningsm\u00e5l &#8211; uanset om du bygger et grundl\u00e6ggende hjemmegym eller udruster et kommercielt anl\u00e6g. V\u00e6lg den kombination af bumper plates, der passer til dine behov, med samlede s\u00e6tv\u00e6gte fra <strong>90 kg til 170+ kg<\/strong>. <\/p>\n<\/div>\n\n\n\n<div class=\"wp-block-column is-vertically-aligned-center is-layout-flow wp-block-column-is-layout-flow\">\n<div class=\"wp-block-columns is-layout-flex wp-container-core-columns-is-layout-9d6595d7 wp-block-columns-is-layout-flex\">\n<div class=\"wp-block-column is-layout-flow wp-block-column-is-layout-flow\">\n<figure class=\"wp-block-image size-large is-style-rounded\"><img loading=\"lazy\" decoding=\"async\" width=\"1024\" height=\"683\" src=\"https:\/\/evolve-fitness.eu\/wp-content\/uploads\/2025\/06\/A7_02383-1024x683.jpg\" alt=\"\" class=\"wp-image-200445\" srcset=\"https:\/\/evolve-fitness.eu\/wp-content\/uploads\/2025\/06\/A7_02383-1024x683.jpg 1024w, https:\/\/evolve-fitness.eu\/wp-content\/uploads\/2025\/06\/A7_02383-300x200.jpg 300w, https:\/\/evolve-fitness.eu\/wp-content\/uploads\/2025\/06\/A7_02383-150x100.jpg 150w, https:\/\/evolve-fitness.eu\/wp-content\/uploads\/2025\/06\/A7_02383-768x512.jpg 768w, https:\/\/evolve-fitness.eu\/wp-content\/uploads\/2025\/06\/A7_02383-1536x1024.jpg 1536w, https:\/\/evolve-fitness.eu\/wp-content\/uploads\/2025\/06\/A7_02383-2048x1365.jpg 2048w, https:\/\/evolve-fitness.eu\/wp-content\/uploads\/2025\/06\/A7_02383-600x400.jpg 600w, https:\/\/evolve-fitness.eu\/wp-content\/uploads\/2025\/06\/A7_02383-225x150.jpg 225w\" sizes=\"auto, (max-width: 1024px) 100vw, 1024px\" \/><\/figure>\n<\/div>\n<\/div>\n<\/div>\n<\/div>\n<\/section>\n<\/section>\n","protected":false},"excerpt":{"rendered":"<p>L\u00f8ft din styrketr\u00e6ning med dette f\u00f8rsteklasses olympiske v\u00e6gtstangss\u00e6t, der kombinerer holdbarhed, ydeevne og sikkerhed. Dette s\u00e6t indeholder Evolve Cerakote Series Olympic Man Bar (220 cm, 20 kg), et udvalg af Evolve Hi-Temp X Bumper Plates (5-25 kg) og et par sikre Olympic Bar Collars &#8211; ideelt til b\u00e5de funktionelle tr\u00e6ningszoner og professionelle l\u00f8ftemilj\u00f8er. <\/p>\n","protected":false},"featured_media":200349,"template":"","meta":{"_acf_changed":false,"inline_featured_image":false},"product_brand":[],"product_cat":[13066,1462],"product_tag":[],"class_list":{"0":"post-228734","1":"product","2":"type-product","3":"status-publish","4":"has-post-thumbnail","6":"product_cat-bar-saet","7":"product_cat-frie-vaegte","9":"first","10":"instock","11":"shipping-taxable","12":"purchasable","13":"product-type-variable"},"acf":{"long_title":"Evolve Cerakote v\u00e6gtstangss\u00e6t med kofangerv\u00e6gte (BS-CK)","subtitle":"","specifications":[{"label":"VARENUMMER","text_value":"EV-BS-CK","icon":"x"}]},"yoast_head":"<!-- This site is optimized with the Yoast SEO plugin v26.6 - https:\/\/yoast.com\/wordpress\/plugins\/seo\/ -->\n<title>Evolve Cerakote v\u00e6gtstangss\u00e6t med kofangerv\u00e6gte (BS-CK) - Evolve<\/title>\n<meta name=\"description\" content=\"L\u00f8ft din styrketr\u00e6ning med dette s\u00e6t. Dette s\u00e6t indeholder Evolve Cerakote Series Olympic Man Bar, Hi-Temp X Bumpers og Bar Collars.\" \/>\n<meta name=\"robots\" content=\"index, follow, max-snippet:-1, max-image-preview:large, max-video-preview:-1\" \/>\n<link rel=\"canonical\" href=\"https:\/\/evolve-fitness.eu\/da\/vare\/evolve-cerakote-vaegtstangssaet-med-kofangervaegte-bs-ck\/\" \/>\n<meta property=\"og:locale\" content=\"da_DK\" \/>\n<meta property=\"og:type\" content=\"article\" \/>\n<meta property=\"og:title\" content=\"Evolve Cerakote v\u00e6gtstangss\u00e6t med kofangerv\u00e6gte (BS-CK) - Evolve\" \/>\n<meta property=\"og:description\" content=\"L\u00f8ft din styrketr\u00e6ning med dette s\u00e6t. Dette s\u00e6t indeholder Evolve Cerakote Series Olympic Man Bar, Hi-Temp X Bumpers og Bar Collars.\" \/>\n<meta property=\"og:url\" content=\"https:\/\/evolve-fitness.eu\/da\/vare\/evolve-cerakote-vaegtstangssaet-med-kofangervaegte-bs-ck\/\" \/>\n<meta property=\"og:site_name\" content=\"Evolve\" \/>\n<meta property=\"article:publisher\" content=\"https:\/\/www.facebook.com\/EvolveFitnessEurope\" \/>\n<meta property=\"article:modified_time\" content=\"2026-04-08T12:57:08+00:00\" \/>\n<meta property=\"og:image\" content=\"https:\/\/evolve-fitness.eu\/wp-content\/uploads\/2025\/06\/Heading-1-1-scaled.png\" \/>\n\t<meta property=\"og:image:width\" content=\"2560\" \/>\n\t<meta property=\"og:image:height\" content=\"2560\" \/>\n\t<meta property=\"og:image:type\" content=\"image\/png\" \/>\n<meta name=\"twitter:card\" content=\"summary_large_image\" \/>\n<script type=\"application\/ld+json\" class=\"yoast-schema-graph\">{\"@context\":\"https:\/\/schema.org\",\"@graph\":[{\"@type\":\"WebPage\",\"@id\":\"https:\/\/evolve-fitness.eu\/da\/vare\/evolve-cerakote-vaegtstangssaet-med-kofangervaegte-bs-ck\/\",\"url\":\"https:\/\/evolve-fitness.eu\/da\/vare\/evolve-cerakote-vaegtstangssaet-med-kofangervaegte-bs-ck\/\",\"name\":\"Evolve Cerakote v\u00e6gtstangss\u00e6t med kofangerv\u00e6gte (BS-CK) - Evolve\",\"isPartOf\":{\"@id\":\"https:\/\/evolve-fitness.eu\/da\/#website\"},\"primaryImageOfPage\":{\"@id\":\"https:\/\/evolve-fitness.eu\/da\/vare\/evolve-cerakote-vaegtstangssaet-med-kofangervaegte-bs-ck\/#primaryimage\"},\"image\":{\"@id\":\"https:\/\/evolve-fitness.eu\/da\/vare\/evolve-cerakote-vaegtstangssaet-med-kofangervaegte-bs-ck\/#primaryimage\"},\"thumbnailUrl\":\"https:\/\/evolve-fitness.eu\/wp-content\/uploads\/2025\/06\/Heading-1-1-scaled.png\",\"datePublished\":\"2025-06-19T11:53:12+00:00\",\"dateModified\":\"2026-04-08T12:57:08+00:00\",\"description\":\"L\u00f8ft din styrketr\u00e6ning med dette s\u00e6t. Dette s\u00e6t indeholder Evolve Cerakote Series Olympic Man Bar, Hi-Temp X Bumpers og Bar Collars.\",\"breadcrumb\":{\"@id\":\"https:\/\/evolve-fitness.eu\/da\/vare\/evolve-cerakote-vaegtstangssaet-med-kofangervaegte-bs-ck\/#breadcrumb\"},\"inLanguage\":\"da-DK\",\"potentialAction\":[{\"@type\":\"ReadAction\",\"target\":[\"https:\/\/evolve-fitness.eu\/da\/vare\/evolve-cerakote-vaegtstangssaet-med-kofangervaegte-bs-ck\/\"]}]},{\"@type\":\"ImageObject\",\"inLanguage\":\"da-DK\",\"@id\":\"https:\/\/evolve-fitness.eu\/da\/vare\/evolve-cerakote-vaegtstangssaet-med-kofangervaegte-bs-ck\/#primaryimage\",\"url\":\"https:\/\/evolve-fitness.eu\/wp-content\/uploads\/2025\/06\/Heading-1-1-scaled.png\",\"contentUrl\":\"https:\/\/evolve-fitness.eu\/wp-content\/uploads\/2025\/06\/Heading-1-1-scaled.png\",\"width\":2560,\"height\":2560},{\"@type\":\"BreadcrumbList\",\"@id\":\"https:\/\/evolve-fitness.eu\/da\/vare\/evolve-cerakote-vaegtstangssaet-med-kofangervaegte-bs-ck\/#breadcrumb\",\"itemListElement\":[{\"@type\":\"ListItem\",\"position\":1,\"name\":\"Home\",\"item\":\"https:\/\/evolve-fitness.eu\/da\/\"},{\"@type\":\"ListItem\",\"position\":2,\"name\":\"Produkter\",\"item\":\"https:\/\/evolve-fitness.eu\/da\/shop\/\"},{\"@type\":\"ListItem\",\"position\":3,\"name\":\"Evolve Cerakote v\u00e6gtstangss\u00e6t med kofangerv\u00e6gte (BS-CK)\"}]},{\"@type\":\"WebSite\",\"@id\":\"https:\/\/evolve-fitness.eu\/da\/#website\",\"url\":\"https:\/\/evolve-fitness.eu\/da\/\",\"name\":\"Evolve\",\"description\":\"Your Evolved Gear Arrived\",\"publisher\":{\"@id\":\"https:\/\/evolve-fitness.eu\/da\/#organization\"},\"potentialAction\":[{\"@type\":\"SearchAction\",\"target\":{\"@type\":\"EntryPoint\",\"urlTemplate\":\"https:\/\/evolve-fitness.eu\/da\/?s={search_term_string}\"},\"query-input\":{\"@type\":\"PropertyValueSpecification\",\"valueRequired\":true,\"valueName\":\"search_term_string\"}}],\"inLanguage\":\"da-DK\"},{\"@type\":\"Organization\",\"@id\":\"https:\/\/evolve-fitness.eu\/da\/#organization\",\"name\":\"Evolve\",\"url\":\"https:\/\/evolve-fitness.eu\/da\/\",\"logo\":{\"@type\":\"ImageObject\",\"inLanguage\":\"da-DK\",\"@id\":\"https:\/\/evolve-fitness.eu\/da\/#\/schema\/logo\/image\/\",\"url\":\"https:\/\/evolve-fitness.eu\/wp-content\/uploads\/2023\/05\/Evolve-logo.svg\",\"contentUrl\":\"https:\/\/evolve-fitness.eu\/wp-content\/uploads\/2023\/05\/Evolve-logo.svg\",\"width\":176,\"height\":20,\"caption\":\"Evolve\"},\"image\":{\"@id\":\"https:\/\/evolve-fitness.eu\/da\/#\/schema\/logo\/image\/\"},\"sameAs\":[\"https:\/\/www.facebook.com\/EvolveFitnessEurope\"]}]}<\/script>\n<!-- \/ Yoast SEO plugin. -->","yoast_head_json":{"title":"Evolve Cerakote v\u00e6gtstangss\u00e6t med kofangerv\u00e6gte (BS-CK) - Evolve","description":"L\u00f8ft din styrketr\u00e6ning med dette s\u00e6t. Dette s\u00e6t indeholder Evolve Cerakote Series Olympic Man Bar, Hi-Temp X Bumpers og Bar Collars.","robots":{"index":"index","follow":"follow","max-snippet":"max-snippet:-1","max-image-preview":"max-image-preview:large","max-video-preview":"max-video-preview:-1"},"canonical":"https:\/\/evolve-fitness.eu\/da\/vare\/evolve-cerakote-vaegtstangssaet-med-kofangervaegte-bs-ck\/","og_locale":"da_DK","og_type":"article","og_title":"Evolve Cerakote v\u00e6gtstangss\u00e6t med kofangerv\u00e6gte (BS-CK) - Evolve","og_description":"L\u00f8ft din styrketr\u00e6ning med dette s\u00e6t. Dette s\u00e6t indeholder Evolve Cerakote Series Olympic Man Bar, Hi-Temp X Bumpers og Bar Collars.","og_url":"https:\/\/evolve-fitness.eu\/da\/vare\/evolve-cerakote-vaegtstangssaet-med-kofangervaegte-bs-ck\/","og_site_name":"Evolve","article_publisher":"https:\/\/www.facebook.com\/EvolveFitnessEurope","article_modified_time":"2026-04-08T12:57:08+00:00","og_image":[{"width":2560,"height":2560,"url":"https:\/\/evolve-fitness.eu\/wp-content\/uploads\/2025\/06\/Heading-1-1-scaled.png","type":"image\/png"}],"twitter_card":"summary_large_image","schema":{"@context":"https:\/\/schema.org","@graph":[{"@type":"WebPage","@id":"https:\/\/evolve-fitness.eu\/da\/vare\/evolve-cerakote-vaegtstangssaet-med-kofangervaegte-bs-ck\/","url":"https:\/\/evolve-fitness.eu\/da\/vare\/evolve-cerakote-vaegtstangssaet-med-kofangervaegte-bs-ck\/","name":"Evolve Cerakote v\u00e6gtstangss\u00e6t med kofangerv\u00e6gte (BS-CK) - Evolve","isPartOf":{"@id":"https:\/\/evolve-fitness.eu\/da\/#website"},"primaryImageOfPage":{"@id":"https:\/\/evolve-fitness.eu\/da\/vare\/evolve-cerakote-vaegtstangssaet-med-kofangervaegte-bs-ck\/#primaryimage"},"image":{"@id":"https:\/\/evolve-fitness.eu\/da\/vare\/evolve-cerakote-vaegtstangssaet-med-kofangervaegte-bs-ck\/#primaryimage"},"thumbnailUrl":"https:\/\/evolve-fitness.eu\/wp-content\/uploads\/2025\/06\/Heading-1-1-scaled.png","datePublished":"2025-06-19T11:53:12+00:00","dateModified":"2026-04-08T12:57:08+00:00","description":"L\u00f8ft din styrketr\u00e6ning med dette s\u00e6t. Dette s\u00e6t indeholder Evolve Cerakote Series Olympic Man Bar, Hi-Temp X Bumpers og Bar Collars.","breadcrumb":{"@id":"https:\/\/evolve-fitness.eu\/da\/vare\/evolve-cerakote-vaegtstangssaet-med-kofangervaegte-bs-ck\/#breadcrumb"},"inLanguage":"da-DK","potentialAction":[{"@type":"ReadAction","target":["https:\/\/evolve-fitness.eu\/da\/vare\/evolve-cerakote-vaegtstangssaet-med-kofangervaegte-bs-ck\/"]}]},{"@type":"ImageObject","inLanguage":"da-DK","@id":"https:\/\/evolve-fitness.eu\/da\/vare\/evolve-cerakote-vaegtstangssaet-med-kofangervaegte-bs-ck\/#primaryimage","url":"https:\/\/evolve-fitness.eu\/wp-content\/uploads\/2025\/06\/Heading-1-1-scaled.png","contentUrl":"https:\/\/evolve-fitness.eu\/wp-content\/uploads\/2025\/06\/Heading-1-1-scaled.png","width":2560,"height":2560},{"@type":"BreadcrumbList","@id":"https:\/\/evolve-fitness.eu\/da\/vare\/evolve-cerakote-vaegtstangssaet-med-kofangervaegte-bs-ck\/#breadcrumb","itemListElement":[{"@type":"ListItem","position":1,"name":"Home","item":"https:\/\/evolve-fitness.eu\/da\/"},{"@type":"ListItem","position":2,"name":"Produkter","item":"https:\/\/evolve-fitness.eu\/da\/shop\/"},{"@type":"ListItem","position":3,"name":"Evolve Cerakote v\u00e6gtstangss\u00e6t med kofangerv\u00e6gte (BS-CK)"}]},{"@type":"WebSite","@id":"https:\/\/evolve-fitness.eu\/da\/#website","url":"https:\/\/evolve-fitness.eu\/da\/","name":"Evolve","description":"Your Evolved Gear Arrived","publisher":{"@id":"https:\/\/evolve-fitness.eu\/da\/#organization"},"potentialAction":[{"@type":"SearchAction","target":{"@type":"EntryPoint","urlTemplate":"https:\/\/evolve-fitness.eu\/da\/?s={search_term_string}"},"query-input":{"@type":"PropertyValueSpecification","valueRequired":true,"valueName":"search_term_string"}}],"inLanguage":"da-DK"},{"@type":"Organization","@id":"https:\/\/evolve-fitness.eu\/da\/#organization","name":"Evolve","url":"https:\/\/evolve-fitness.eu\/da\/","logo":{"@type":"ImageObject","inLanguage":"da-DK","@id":"https:\/\/evolve-fitness.eu\/da\/#\/schema\/logo\/image\/","url":"https:\/\/evolve-fitness.eu\/wp-content\/uploads\/2023\/05\/Evolve-logo.svg","contentUrl":"https:\/\/evolve-fitness.eu\/wp-content\/uploads\/2023\/05\/Evolve-logo.svg","width":176,"height":20,"caption":"Evolve"},"image":{"@id":"https:\/\/evolve-fitness.eu\/da\/#\/schema\/logo\/image\/"},"sameAs":["https:\/\/www.facebook.com\/EvolveFitnessEurope"]}]}},"_links":{"self":[{"href":"https:\/\/evolve-fitness.eu\/da\/wp-json\/wp\/v2\/product\/228734","targetHints":{"allow":["GET"]}}],"collection":[{"href":"https:\/\/evolve-fitness.eu\/da\/wp-json\/wp\/v2\/product"}],"about":[{"href":"https:\/\/evolve-fitness.eu\/da\/wp-json\/wp\/v2\/types\/product"}],"wp:featuredmedia":[{"embeddable":true,"href":"https:\/\/evolve-fitness.eu\/da\/wp-json\/wp\/v2\/media\/200349"}],"wp:attachment":[{"href":"https:\/\/evolve-fitness.eu\/da\/wp-json\/wp\/v2\/media?parent=228734"}],"wp:term":[{"taxonomy":"product_brand","embeddable":true,"href":"https:\/\/evolve-fitness.eu\/da\/wp-json\/wp\/v2\/product_brand?post=228734"},{"taxonomy":"product_cat","embeddable":true,"href":"https:\/\/evolve-fitness.eu\/da\/wp-json\/wp\/v2\/product_cat?post=228734"},{"taxonomy":"product_tag","embeddable":true,"href":"https:\/\/evolve-fitness.eu\/da\/wp-json\/wp\/v2\/product_tag?post=228734"}],"curies":[{"name":"wp","href":"https:\/\/api.w.org\/{rel}","templated":true}]}}