{"id":228781,"date":"2025-06-03T13:27:34","date_gmt":"2025-06-03T10:27:34","guid":{"rendered":"https:\/\/evolve-fitness.eu\/product\/evolve-ultra-series-stangsaet-med-cpu-vaegtskiver-i-urethan-bs-pr\/"},"modified":"2026-04-08T15:58:02","modified_gmt":"2026-04-08T12:58:02","slug":"evolve-ultra-series-stangsaet-med-cpu-vaegtskiver-i-urethan-bs-pr","status":"publish","type":"product","link":"https:\/\/evolve-fitness.eu\/da\/vare\/evolve-ultra-series-stangsaet-med-cpu-vaegtskiver-i-urethan-bs-pr\/","title":{"rendered":"Evolve Ultra Series stangs\u00e6t med CPU-v\u00e6gtskiver i urethan (BS-PR)"},"content":{"rendered":"\n<section class=\"wp-block-group alignfull black-content has-white-color has-darkgray-background-color has-text-color has-background is-layout-constrained wp-block-group-is-layout-constrained\" style=\"padding-top:var(--wp--preset--spacing--section-bottom);padding-bottom:var(--wp--preset--spacing--section-bottom)\">\n<section class=\"wp-block-group alignfull black-content has-white-color has-darkgray-background-color has-text-color has-background is-layout-constrained wp-block-group-is-layout-constrained\" style=\"padding-top:var(--wp--preset--spacing--section-bottom);padding-bottom:var(--wp--preset--spacing--section-bottom)\">\n<div class=\"wp-block-columns alignwide mobile-reverse is-layout-flex wp-container-core-columns-is-layout-ca64bf2d wp-block-columns-is-layout-flex\" style=\"margin-bottom:var(--wp--preset--spacing--side-padding)\">\n<div class=\"wp-block-column is-vertically-aligned-center is-layout-flow wp-block-column-is-layout-flow\">\n<h3 class=\"wp-block-heading\" style=\"margin-bottom:var(--wp--preset--spacing--h-3-bottom)\"><strong><strong>Evolve styrketr\u00e6ningss\u00e6t &#8211; Prime Series-stang med Ultra Series CPU Urethane-v\u00e6gtskiver<\/strong><\/strong><\/h3>\n\n\n\n<p style=\"margin-bottom:var(--wp--preset--spacing--tb-section-padding)\">Opgrader dit tr\u00e6ningsarsenal med Evolve Strength Training Set, der kombinerer Evolve <strong>Prime Series Olympic Man Bar p\u00e5<\/strong> eliteniveau <strong>(220 cm \/ 20 kg)<\/strong>, pr\u00e6cisionskonstruerede Evolve <strong>Ultra Series CPU Urethane Weight Plates (1,25-25 kg)<\/strong> og sikre Evolve Olympic Bar Collars. Dette s\u00e6t er designet til atleter og fitnessud\u00f8vere, som kr\u00e6ver exceptionel ydeevne, langvarig holdbarhed og professionelle standarder i hvert eneste l\u00f8ft. <\/p>\n<\/div>\n\n\n\n<div class=\"wp-block-column is-vertically-aligned-center is-layout-flow wp-block-column-is-layout-flow\">\n<figure class=\"wp-block-image size-large is-style-rounded\"><img loading=\"lazy\" decoding=\"async\" width=\"1024\" height=\"683\" src=\"https:\/\/evolve-fitness.eu\/wp-content\/uploads\/2025\/06\/A7_02417-1024x683.jpg\" alt=\"\" class=\"wp-image-198606\" srcset=\"https:\/\/evolve-fitness.eu\/wp-content\/uploads\/2025\/06\/A7_02417-1024x683.jpg 1024w, https:\/\/evolve-fitness.eu\/wp-content\/uploads\/2025\/06\/A7_02417-300x200.jpg 300w, https:\/\/evolve-fitness.eu\/wp-content\/uploads\/2025\/06\/A7_02417-150x100.jpg 150w, https:\/\/evolve-fitness.eu\/wp-content\/uploads\/2025\/06\/A7_02417-768x512.jpg 768w, https:\/\/evolve-fitness.eu\/wp-content\/uploads\/2025\/06\/A7_02417-1536x1024.jpg 1536w, https:\/\/evolve-fitness.eu\/wp-content\/uploads\/2025\/06\/A7_02417-2048x1365.jpg 2048w, https:\/\/evolve-fitness.eu\/wp-content\/uploads\/2025\/06\/A7_02417-600x400.jpg 600w, https:\/\/evolve-fitness.eu\/wp-content\/uploads\/2025\/06\/A7_02417-225x150.jpg 225w\" sizes=\"auto, (max-width: 1024px) 100vw, 1024px\" \/><\/figure>\n<\/div>\n<\/div>\n\n\n\n<div class=\"wp-block-columns alignwide is-layout-flex wp-container-core-columns-is-layout-c45ee707 wp-block-columns-is-layout-flex\" style=\"margin-bottom:var(--wp--preset--spacing--side-padding);padding-top:var(--wp--preset--spacing--side-padding)\">\n<div class=\"wp-block-column is-vertically-aligned-center is-layout-flow wp-block-column-is-layout-flow\">\n<figure class=\"wp-block-video\"><video height=\"1000\" style=\"aspect-ratio: 1000 \/ 1000;\" width=\"1000\" controls=\"\" src=\"https:\/\/store.evolve-fitness.eu\/wp-content\/uploads\/2025\/05\/EV-OB-CK-201-Evolve-Cerakote-Series-Olympic-Woman-201-cm-15-kg-1.mp4\"><\/video><\/figure>\n<\/div>\n\n\n\n<div class=\"wp-block-column is-vertically-aligned-center is-layout-flow wp-block-column-is-layout-flow\">\n<h3 class=\"wp-block-heading\" style=\"margin-bottom:var(--wp--preset--spacing--h-3-bottom)\"><strong>Elite Performance &#8211; Evolve Prime Series Olympic Man Bar<\/strong><\/h3>\n\n\n\n<p style=\"margin-bottom:var(--wp--preset--spacing--tb-section-padding)\">Evolve Prime Series Olympic Man Bar er kernen i dette s\u00e6t. Med en l\u00e6ngde p\u00e5 220 cm og en v\u00e6gt p\u00e5 20 kg er den designet til styrketr\u00e6ning med h\u00f8j belastning. Stangen er fremstillet af varmebehandlet legeret st\u00e5l og giver en perfekt balance mellem tr\u00e6kstyrke og fleksibilitet. Pr\u00e6cisionsn\u00e5lelejer sikrer en j\u00e6vn rotation af \u00e6rmet, hvilket er ideelt til olympiske l\u00f8ft og dynamiske v\u00e6gtstangbev\u00e6gelser. Den fint riflede overflade giver et sikkert og behageligt greb til alle former for tr\u00e6ning &#8211; fra squats til cleans.    <\/p>\n<\/div>\n<\/div>\n\n\n\n<div class=\"wp-block-columns alignwide mobile-reverse is-layout-flex wp-container-core-columns-is-layout-ca64bf2d wp-block-columns-is-layout-flex\" style=\"margin-bottom:var(--wp--preset--spacing--side-padding)\">\n<div class=\"wp-block-column is-vertically-aligned-center is-layout-flow wp-block-column-is-layout-flow\">\n<h3 class=\"wp-block-heading\" style=\"margin-bottom:var(--wp--preset--spacing--h-3-bottom)\"><strong>Sikker og p\u00e5lidelig &#8211; Olympic Bar Collars<\/strong><\/h3>\n\n\n\n<p style=\"margin-bottom:var(--wp--preset--spacing--tb-section-padding)\">De medf\u00f8lgende Evolve Olympic Bar Collars er konstrueret til hurtige og sikre skiveskift. Disse kraver er designet til at l\u00e5se v\u00e6gtskiverne fast under h\u00f8jintensive l\u00f8ft og sikrer en stabil og kontrolleret ops\u00e6tning af v\u00e6gtstangen. Deres hurtigl\u00e5semekanisme g\u00f8r det nemt at installere og fjerne dem uden at g\u00e5 p\u00e5 kompromis med sikkerheden eller stabiliteten.  <\/p>\n<\/div>\n\n\n\n<div class=\"wp-block-column is-vertically-aligned-center is-layout-flow wp-block-column-is-layout-flow\">\n<figure class=\"wp-block-video\"><video height=\"1280\" style=\"aspect-ratio: 1920 \/ 1280;\" width=\"1920\" controls=\"\" src=\"https:\/\/store.evolve-fitness.eu\/wp-content\/uploads\/2025\/05\/EV-OC-CC-02-1.mp4\"><\/video><\/figure>\n<\/div>\n<\/div>\n\n\n\n<div class=\"wp-block-columns alignwide is-layout-flex wp-container-core-columns-is-layout-c45ee707 wp-block-columns-is-layout-flex\" style=\"margin-bottom:var(--wp--preset--spacing--side-padding);padding-top:var(--wp--preset--spacing--side-padding)\">\n<div class=\"wp-block-column is-vertically-aligned-center is-layout-flow wp-block-column-is-layout-flow\">\n<figure class=\"wp-block-image size-large is-style-rounded\"><img loading=\"lazy\" decoding=\"async\" width=\"1024\" height=\"683\" src=\"https:\/\/evolve-fitness.eu\/wp-content\/uploads\/2025\/06\/A7_02441-1024x683.jpg\" alt=\"\" class=\"wp-image-198631\" srcset=\"https:\/\/evolve-fitness.eu\/wp-content\/uploads\/2025\/06\/A7_02441-1024x683.jpg 1024w, https:\/\/evolve-fitness.eu\/wp-content\/uploads\/2025\/06\/A7_02441-300x200.jpg 300w, https:\/\/evolve-fitness.eu\/wp-content\/uploads\/2025\/06\/A7_02441-150x100.jpg 150w, https:\/\/evolve-fitness.eu\/wp-content\/uploads\/2025\/06\/A7_02441-768x512.jpg 768w, https:\/\/evolve-fitness.eu\/wp-content\/uploads\/2025\/06\/A7_02441-1536x1024.jpg 1536w, https:\/\/evolve-fitness.eu\/wp-content\/uploads\/2025\/06\/A7_02441-2048x1365.jpg 2048w, https:\/\/evolve-fitness.eu\/wp-content\/uploads\/2025\/06\/A7_02441-600x400.jpg 600w, https:\/\/evolve-fitness.eu\/wp-content\/uploads\/2025\/06\/A7_02441-225x150.jpg 225w\" sizes=\"auto, (max-width: 1024px) 100vw, 1024px\" \/><\/figure>\n<\/div>\n\n\n\n<div class=\"wp-block-column is-vertically-aligned-center is-layout-flow wp-block-column-is-layout-flow\">\n<h3 class=\"wp-block-heading\" style=\"margin-bottom:var(--wp--preset--spacing--h-3-bottom)\"><strong>Pr\u00e6cision og holdbarhed &#8211; Ultra Series CPU Urethane Weight Plates<\/strong><\/h3>\n\n\n\n<p>Dette s\u00e6t indeholder <strong>Evolve Ultra Series CPU Urethane Weight Plates<\/strong>, der giver uovertruffen modstandsdygtighed over for slid, falmning og st\u00f8d. De er fremstillet af CPU-uretan af h\u00f8j kvalitet og f\u00e5s i st\u00f8rrelserne 1,25-25 kg. De er pr\u00e6cisionskalibrerede og bygget til intensiv, langvarig brug. Hver plade har ergonomiske h\u00e5ndtag for nemmere h\u00e5ndtering, en overflade, der ikke s\u00e6tter m\u00e6rker, for at beskytte gymnastiksalens gulve, og lasergraverede logoer og v\u00e6gtindikatorer for langvarig klarhed.  <\/p>\n<\/div>\n<\/div>\n\n\n\n<div class=\"wp-block-columns alignwide is-layout-flex wp-container-core-columns-is-layout-c45ee707 wp-block-columns-is-layout-flex\" style=\"margin-bottom:var(--wp--preset--spacing--side-padding);padding-top:var(--wp--preset--spacing--side-padding)\">\n<div class=\"wp-block-column is-vertically-aligned-center is-layout-flow wp-block-column-is-layout-flow\">\n<h3 class=\"wp-block-heading\" style=\"margin-bottom:var(--wp--preset--spacing--h-3-bottom)\"><strong>Tr\u00e6n som en professionel &#8211; bygget til fremgang og pr\u00e6station<\/strong><\/h3>\n\n\n\n<p>Dette styrketr\u00e6ningss\u00e6t er ideelt til atleter, der s\u00f8ger professionelt udstyr, der kombinerer avanceret teknik med en ren, moderne \u00e6stetik. Uanset om du tr\u00e6ner derhjemme eller udruster et kommercielt anl\u00e6g, giver dette s\u00e6t den tillid, sikkerhed og effektivitet, der er n\u00f8dvendig for seri\u00f8s styrkeudvikling. <\/p>\n<\/div>\n\n\n\n<div class=\"wp-block-column is-vertically-aligned-center is-layout-flow wp-block-column-is-layout-flow\">\n<div class=\"wp-block-columns is-layout-flex wp-container-core-columns-is-layout-9d6595d7 wp-block-columns-is-layout-flex\">\n<div class=\"wp-block-column is-layout-flow wp-block-column-is-layout-flow\">\n<figure class=\"wp-block-image size-large is-style-rounded\"><img loading=\"lazy\" decoding=\"async\" width=\"1024\" height=\"683\" src=\"https:\/\/evolve-fitness.eu\/wp-content\/uploads\/2025\/06\/A7_02443-1024x683.jpg\" alt=\"\" class=\"wp-image-198681\" srcset=\"https:\/\/evolve-fitness.eu\/wp-content\/uploads\/2025\/06\/A7_02443-1024x683.jpg 1024w, https:\/\/evolve-fitness.eu\/wp-content\/uploads\/2025\/06\/A7_02443-300x200.jpg 300w, https:\/\/evolve-fitness.eu\/wp-content\/uploads\/2025\/06\/A7_02443-150x100.jpg 150w, https:\/\/evolve-fitness.eu\/wp-content\/uploads\/2025\/06\/A7_02443-768x512.jpg 768w, https:\/\/evolve-fitness.eu\/wp-content\/uploads\/2025\/06\/A7_02443-1536x1024.jpg 1536w, https:\/\/evolve-fitness.eu\/wp-content\/uploads\/2025\/06\/A7_02443-2048x1365.jpg 2048w, https:\/\/evolve-fitness.eu\/wp-content\/uploads\/2025\/06\/A7_02443-600x400.jpg 600w, https:\/\/evolve-fitness.eu\/wp-content\/uploads\/2025\/06\/A7_02443-225x150.jpg 225w\" sizes=\"auto, (max-width: 1024px) 100vw, 1024px\" \/><\/figure>\n<\/div>\n<\/div>\n<\/div>\n<\/div>\n<\/section>\n<\/section>\n","protected":false},"excerpt":{"rendered":"<p>Opgrader dit tr\u00e6ningsarsenal med Evolve Strength Training Set, der kombinerer Evolve Prime Series Olympic Man Bar p\u00e5 eliteniveau (220 cm \/ 20 kg), pr\u00e6cisionskonstruerede Evolve Ultra Series CPU Urethane Weight Plates (1,25-25 kg) og sikre Evolve Olympic Bar Collars. Dette s\u00e6t er designet til atleter og fitnessud\u00f8vere, som kr\u00e6ver exceptionel ydeevne, langvarig holdbarhed og professionelle standarder i hvert eneste l\u00f8ft. <\/p>\n","protected":false},"featured_media":199735,"template":"","meta":{"_acf_changed":false,"inline_featured_image":false},"product_brand":[],"product_cat":[13066,1462],"product_tag":[],"class_list":{"0":"post-228781","1":"product","2":"type-product","3":"status-publish","4":"has-post-thumbnail","6":"product_cat-bar-saet","7":"product_cat-frie-vaegte","9":"first","10":"instock","11":"shipping-taxable","12":"purchasable","13":"product-type-variable"},"acf":{"long_title":"Evolve ultra Series stangs\u00e6t med CPU-v\u00e6gtskiver i urethan (BS-PR)","subtitle":"","specifications":[{"label":"VARENUMMER","text_value":"EV-BS-PR","icon":"x"}]},"yoast_head":"<!-- This site is optimized with the Yoast SEO plugin v26.6 - https:\/\/yoast.com\/wordpress\/plugins\/seo\/ -->\n<title>Evolve Ultra Series stangs\u00e6t med CPU-v\u00e6gtskiver i urethan (BS-PR) - Evolve<\/title>\n<meta name=\"description\" content=\"Workout Evolve Prime Series Olympic Man Bar (220 cm \/ 20 kg), Evolve Ultra Series CPU Urethane Weight Plates (1,25-25 kg) og Evolve Olympic Bar Collars.\" \/>\n<meta name=\"robots\" content=\"index, follow, max-snippet:-1, max-image-preview:large, max-video-preview:-1\" \/>\n<link rel=\"canonical\" href=\"https:\/\/evolve-fitness.eu\/da\/vare\/evolve-ultra-series-stangsaet-med-cpu-vaegtskiver-i-urethan-bs-pr\/\" \/>\n<meta property=\"og:locale\" content=\"da_DK\" \/>\n<meta property=\"og:type\" content=\"article\" \/>\n<meta property=\"og:title\" content=\"Evolve Ultra Series stangs\u00e6t med CPU-v\u00e6gtskiver i urethan (BS-PR) - Evolve\" \/>\n<meta property=\"og:description\" content=\"Workout Evolve Prime Series Olympic Man Bar (220 cm \/ 20 kg), Evolve Ultra Series CPU Urethane Weight Plates (1,25-25 kg) og Evolve Olympic Bar Collars.\" \/>\n<meta property=\"og:url\" content=\"https:\/\/evolve-fitness.eu\/da\/vare\/evolve-ultra-series-stangsaet-med-cpu-vaegtskiver-i-urethan-bs-pr\/\" \/>\n<meta property=\"og:site_name\" content=\"Evolve\" \/>\n<meta property=\"article:publisher\" content=\"https:\/\/www.facebook.com\/EvolveFitnessEurope\" \/>\n<meta property=\"article:modified_time\" content=\"2026-04-08T12:58:02+00:00\" \/>\n<meta property=\"og:image\" content=\"https:\/\/evolve-fitness.eu\/wp-content\/uploads\/2025\/06\/Heading-scaled.png\" \/>\n\t<meta property=\"og:image:width\" content=\"2560\" \/>\n\t<meta property=\"og:image:height\" content=\"2560\" \/>\n\t<meta property=\"og:image:type\" content=\"image\/png\" \/>\n<meta name=\"twitter:card\" content=\"summary_large_image\" \/>\n<script type=\"application\/ld+json\" class=\"yoast-schema-graph\">{\"@context\":\"https:\/\/schema.org\",\"@graph\":[{\"@type\":\"WebPage\",\"@id\":\"https:\/\/evolve-fitness.eu\/da\/vare\/evolve-ultra-series-stangsaet-med-cpu-vaegtskiver-i-urethan-bs-pr\/\",\"url\":\"https:\/\/evolve-fitness.eu\/da\/vare\/evolve-ultra-series-stangsaet-med-cpu-vaegtskiver-i-urethan-bs-pr\/\",\"name\":\"Evolve Ultra Series stangs\u00e6t med CPU-v\u00e6gtskiver i urethan (BS-PR) - Evolve\",\"isPartOf\":{\"@id\":\"https:\/\/evolve-fitness.eu\/da\/#website\"},\"primaryImageOfPage\":{\"@id\":\"https:\/\/evolve-fitness.eu\/da\/vare\/evolve-ultra-series-stangsaet-med-cpu-vaegtskiver-i-urethan-bs-pr\/#primaryimage\"},\"image\":{\"@id\":\"https:\/\/evolve-fitness.eu\/da\/vare\/evolve-ultra-series-stangsaet-med-cpu-vaegtskiver-i-urethan-bs-pr\/#primaryimage\"},\"thumbnailUrl\":\"https:\/\/evolve-fitness.eu\/wp-content\/uploads\/2025\/06\/Heading-scaled.png\",\"datePublished\":\"2025-06-03T10:27:34+00:00\",\"dateModified\":\"2026-04-08T12:58:02+00:00\",\"description\":\"Workout Evolve Prime Series Olympic Man Bar (220 cm \/ 20 kg), Evolve Ultra Series CPU Urethane Weight Plates (1,25-25 kg) og Evolve Olympic Bar Collars.\",\"breadcrumb\":{\"@id\":\"https:\/\/evolve-fitness.eu\/da\/vare\/evolve-ultra-series-stangsaet-med-cpu-vaegtskiver-i-urethan-bs-pr\/#breadcrumb\"},\"inLanguage\":\"da-DK\",\"potentialAction\":[{\"@type\":\"ReadAction\",\"target\":[\"https:\/\/evolve-fitness.eu\/da\/vare\/evolve-ultra-series-stangsaet-med-cpu-vaegtskiver-i-urethan-bs-pr\/\"]}]},{\"@type\":\"ImageObject\",\"inLanguage\":\"da-DK\",\"@id\":\"https:\/\/evolve-fitness.eu\/da\/vare\/evolve-ultra-series-stangsaet-med-cpu-vaegtskiver-i-urethan-bs-pr\/#primaryimage\",\"url\":\"https:\/\/evolve-fitness.eu\/wp-content\/uploads\/2025\/06\/Heading-scaled.png\",\"contentUrl\":\"https:\/\/evolve-fitness.eu\/wp-content\/uploads\/2025\/06\/Heading-scaled.png\",\"width\":2560,\"height\":2560},{\"@type\":\"BreadcrumbList\",\"@id\":\"https:\/\/evolve-fitness.eu\/da\/vare\/evolve-ultra-series-stangsaet-med-cpu-vaegtskiver-i-urethan-bs-pr\/#breadcrumb\",\"itemListElement\":[{\"@type\":\"ListItem\",\"position\":1,\"name\":\"Home\",\"item\":\"https:\/\/evolve-fitness.eu\/da\/\"},{\"@type\":\"ListItem\",\"position\":2,\"name\":\"Produkter\",\"item\":\"https:\/\/evolve-fitness.eu\/da\/shop\/\"},{\"@type\":\"ListItem\",\"position\":3,\"name\":\"Evolve Ultra Series stangs\u00e6t med CPU-v\u00e6gtskiver i urethan (BS-PR)\"}]},{\"@type\":\"WebSite\",\"@id\":\"https:\/\/evolve-fitness.eu\/da\/#website\",\"url\":\"https:\/\/evolve-fitness.eu\/da\/\",\"name\":\"Evolve\",\"description\":\"Your Evolved Gear Arrived\",\"publisher\":{\"@id\":\"https:\/\/evolve-fitness.eu\/da\/#organization\"},\"potentialAction\":[{\"@type\":\"SearchAction\",\"target\":{\"@type\":\"EntryPoint\",\"urlTemplate\":\"https:\/\/evolve-fitness.eu\/da\/?s={search_term_string}\"},\"query-input\":{\"@type\":\"PropertyValueSpecification\",\"valueRequired\":true,\"valueName\":\"search_term_string\"}}],\"inLanguage\":\"da-DK\"},{\"@type\":\"Organization\",\"@id\":\"https:\/\/evolve-fitness.eu\/da\/#organization\",\"name\":\"Evolve\",\"url\":\"https:\/\/evolve-fitness.eu\/da\/\",\"logo\":{\"@type\":\"ImageObject\",\"inLanguage\":\"da-DK\",\"@id\":\"https:\/\/evolve-fitness.eu\/da\/#\/schema\/logo\/image\/\",\"url\":\"https:\/\/evolve-fitness.eu\/wp-content\/uploads\/2023\/05\/Evolve-logo.svg\",\"contentUrl\":\"https:\/\/evolve-fitness.eu\/wp-content\/uploads\/2023\/05\/Evolve-logo.svg\",\"width\":176,\"height\":20,\"caption\":\"Evolve\"},\"image\":{\"@id\":\"https:\/\/evolve-fitness.eu\/da\/#\/schema\/logo\/image\/\"},\"sameAs\":[\"https:\/\/www.facebook.com\/EvolveFitnessEurope\"]}]}<\/script>\n<!-- \/ Yoast SEO plugin. -->","yoast_head_json":{"title":"Evolve Ultra Series stangs\u00e6t med CPU-v\u00e6gtskiver i urethan (BS-PR) - Evolve","description":"Workout Evolve Prime Series Olympic Man Bar (220 cm \/ 20 kg), Evolve Ultra Series CPU Urethane Weight Plates (1,25-25 kg) og Evolve Olympic Bar Collars.","robots":{"index":"index","follow":"follow","max-snippet":"max-snippet:-1","max-image-preview":"max-image-preview:large","max-video-preview":"max-video-preview:-1"},"canonical":"https:\/\/evolve-fitness.eu\/da\/vare\/evolve-ultra-series-stangsaet-med-cpu-vaegtskiver-i-urethan-bs-pr\/","og_locale":"da_DK","og_type":"article","og_title":"Evolve Ultra Series stangs\u00e6t med CPU-v\u00e6gtskiver i urethan (BS-PR) - Evolve","og_description":"Workout Evolve Prime Series Olympic Man Bar (220 cm \/ 20 kg), Evolve Ultra Series CPU Urethane Weight Plates (1,25-25 kg) og Evolve Olympic Bar Collars.","og_url":"https:\/\/evolve-fitness.eu\/da\/vare\/evolve-ultra-series-stangsaet-med-cpu-vaegtskiver-i-urethan-bs-pr\/","og_site_name":"Evolve","article_publisher":"https:\/\/www.facebook.com\/EvolveFitnessEurope","article_modified_time":"2026-04-08T12:58:02+00:00","og_image":[{"width":2560,"height":2560,"url":"https:\/\/evolve-fitness.eu\/wp-content\/uploads\/2025\/06\/Heading-scaled.png","type":"image\/png"}],"twitter_card":"summary_large_image","schema":{"@context":"https:\/\/schema.org","@graph":[{"@type":"WebPage","@id":"https:\/\/evolve-fitness.eu\/da\/vare\/evolve-ultra-series-stangsaet-med-cpu-vaegtskiver-i-urethan-bs-pr\/","url":"https:\/\/evolve-fitness.eu\/da\/vare\/evolve-ultra-series-stangsaet-med-cpu-vaegtskiver-i-urethan-bs-pr\/","name":"Evolve Ultra Series stangs\u00e6t med CPU-v\u00e6gtskiver i urethan (BS-PR) - Evolve","isPartOf":{"@id":"https:\/\/evolve-fitness.eu\/da\/#website"},"primaryImageOfPage":{"@id":"https:\/\/evolve-fitness.eu\/da\/vare\/evolve-ultra-series-stangsaet-med-cpu-vaegtskiver-i-urethan-bs-pr\/#primaryimage"},"image":{"@id":"https:\/\/evolve-fitness.eu\/da\/vare\/evolve-ultra-series-stangsaet-med-cpu-vaegtskiver-i-urethan-bs-pr\/#primaryimage"},"thumbnailUrl":"https:\/\/evolve-fitness.eu\/wp-content\/uploads\/2025\/06\/Heading-scaled.png","datePublished":"2025-06-03T10:27:34+00:00","dateModified":"2026-04-08T12:58:02+00:00","description":"Workout Evolve Prime Series Olympic Man Bar (220 cm \/ 20 kg), Evolve Ultra Series CPU Urethane Weight Plates (1,25-25 kg) og Evolve Olympic Bar Collars.","breadcrumb":{"@id":"https:\/\/evolve-fitness.eu\/da\/vare\/evolve-ultra-series-stangsaet-med-cpu-vaegtskiver-i-urethan-bs-pr\/#breadcrumb"},"inLanguage":"da-DK","potentialAction":[{"@type":"ReadAction","target":["https:\/\/evolve-fitness.eu\/da\/vare\/evolve-ultra-series-stangsaet-med-cpu-vaegtskiver-i-urethan-bs-pr\/"]}]},{"@type":"ImageObject","inLanguage":"da-DK","@id":"https:\/\/evolve-fitness.eu\/da\/vare\/evolve-ultra-series-stangsaet-med-cpu-vaegtskiver-i-urethan-bs-pr\/#primaryimage","url":"https:\/\/evolve-fitness.eu\/wp-content\/uploads\/2025\/06\/Heading-scaled.png","contentUrl":"https:\/\/evolve-fitness.eu\/wp-content\/uploads\/2025\/06\/Heading-scaled.png","width":2560,"height":2560},{"@type":"BreadcrumbList","@id":"https:\/\/evolve-fitness.eu\/da\/vare\/evolve-ultra-series-stangsaet-med-cpu-vaegtskiver-i-urethan-bs-pr\/#breadcrumb","itemListElement":[{"@type":"ListItem","position":1,"name":"Home","item":"https:\/\/evolve-fitness.eu\/da\/"},{"@type":"ListItem","position":2,"name":"Produkter","item":"https:\/\/evolve-fitness.eu\/da\/shop\/"},{"@type":"ListItem","position":3,"name":"Evolve Ultra Series stangs\u00e6t med CPU-v\u00e6gtskiver i urethan (BS-PR)"}]},{"@type":"WebSite","@id":"https:\/\/evolve-fitness.eu\/da\/#website","url":"https:\/\/evolve-fitness.eu\/da\/","name":"Evolve","description":"Your Evolved Gear Arrived","publisher":{"@id":"https:\/\/evolve-fitness.eu\/da\/#organization"},"potentialAction":[{"@type":"SearchAction","target":{"@type":"EntryPoint","urlTemplate":"https:\/\/evolve-fitness.eu\/da\/?s={search_term_string}"},"query-input":{"@type":"PropertyValueSpecification","valueRequired":true,"valueName":"search_term_string"}}],"inLanguage":"da-DK"},{"@type":"Organization","@id":"https:\/\/evolve-fitness.eu\/da\/#organization","name":"Evolve","url":"https:\/\/evolve-fitness.eu\/da\/","logo":{"@type":"ImageObject","inLanguage":"da-DK","@id":"https:\/\/evolve-fitness.eu\/da\/#\/schema\/logo\/image\/","url":"https:\/\/evolve-fitness.eu\/wp-content\/uploads\/2023\/05\/Evolve-logo.svg","contentUrl":"https:\/\/evolve-fitness.eu\/wp-content\/uploads\/2023\/05\/Evolve-logo.svg","width":176,"height":20,"caption":"Evolve"},"image":{"@id":"https:\/\/evolve-fitness.eu\/da\/#\/schema\/logo\/image\/"},"sameAs":["https:\/\/www.facebook.com\/EvolveFitnessEurope"]}]}},"_links":{"self":[{"href":"https:\/\/evolve-fitness.eu\/da\/wp-json\/wp\/v2\/product\/228781","targetHints":{"allow":["GET"]}}],"collection":[{"href":"https:\/\/evolve-fitness.eu\/da\/wp-json\/wp\/v2\/product"}],"about":[{"href":"https:\/\/evolve-fitness.eu\/da\/wp-json\/wp\/v2\/types\/product"}],"wp:featuredmedia":[{"embeddable":true,"href":"https:\/\/evolve-fitness.eu\/da\/wp-json\/wp\/v2\/media\/199735"}],"wp:attachment":[{"href":"https:\/\/evolve-fitness.eu\/da\/wp-json\/wp\/v2\/media?parent=228781"}],"wp:term":[{"taxonomy":"product_brand","embeddable":true,"href":"https:\/\/evolve-fitness.eu\/da\/wp-json\/wp\/v2\/product_brand?post=228781"},{"taxonomy":"product_cat","embeddable":true,"href":"https:\/\/evolve-fitness.eu\/da\/wp-json\/wp\/v2\/product_cat?post=228781"},{"taxonomy":"product_tag","embeddable":true,"href":"https:\/\/evolve-fitness.eu\/da\/wp-json\/wp\/v2\/product_tag?post=228781"}],"curies":[{"name":"wp","href":"https:\/\/api.w.org\/{rel}","templated":true}]}}