{"id":228937,"date":"2025-05-13T11:23:55","date_gmt":"2025-05-13T08:23:55","guid":{"rendered":"https:\/\/evolve-fitness.eu\/product\/evolve-econ-series-stangsaet-med-vaegtskiver-i-gummi-ec-r\/"},"modified":"2026-04-08T17:43:09","modified_gmt":"2026-04-08T14:43:09","slug":"evolve-econ-series-stangsaet-med-vaegtskiver-i-gummi-ec-r","status":"publish","type":"product","link":"https:\/\/evolve-fitness.eu\/da\/vare\/evolve-econ-series-stangsaet-med-vaegtskiver-i-gummi-ec-r\/","title":{"rendered":"Evolve Econ Series stangs\u00e6t med v\u00e6gtskiver i gummi (EC-R)"},"content":{"rendered":"\n<section class=\"wp-block-group alignfull black-content has-white-color has-darkgray-background-color has-text-color has-background is-layout-constrained wp-block-group-is-layout-constrained\" style=\"padding-top:var(--wp--preset--spacing--section-bottom);padding-bottom:var(--wp--preset--spacing--section-bottom)\">\n<section class=\"wp-block-group alignfull black-content has-white-color has-darkgray-background-color has-text-color has-background is-layout-constrained wp-block-group-is-layout-constrained\" style=\"padding-top:var(--wp--preset--spacing--section-bottom);padding-bottom:var(--wp--preset--spacing--section-bottom)\">\n<div class=\"wp-block-columns alignwide mobile-reverse is-layout-flex wp-container-core-columns-is-layout-ca64bf2d wp-block-columns-is-layout-flex\" style=\"margin-bottom:var(--wp--preset--spacing--side-padding)\">\n<div class=\"wp-block-column is-vertically-aligned-center is-layout-flow wp-block-column-is-layout-flow\">\n<h3 class=\"wp-block-heading\" style=\"margin-bottom:var(--wp--preset--spacing--h-3-bottom)\">Evolve Econ Series Bar Set &#8211; p\u00e5lidelig styrketr\u00e6ning til dit hjemmegym<\/h3>\n\n\n\n<p style=\"margin-bottom:var(--wp--preset--spacing--tb-section-padding)\"><strong>Evolve Econ Series Bar Set<\/strong> er designet til fitnessentusiaster, der er p\u00e5 udkig efter en overkommelig styrketr\u00e6ningsl\u00f8sning af h\u00f8j kvalitet. Dette s\u00e6t kombinerer den holdbare <strong>Evolve Econ Series Olympic Bar (220 cm \/ 20 kg)<\/strong>, sikre <strong>Evolve Olympic Bar Collars<\/strong> og alsidige <strong>Evolve Rubber Weight Plates (1,25-25 kg).<\/strong> Uanset om du bygger et nyt tr\u00e6ningscenter eller opgraderer din eksisterende ops\u00e6tning, leverer dette s\u00e6t p\u00e5lidelig ydeevne til forskellige styrketr\u00e6ningsrutiner.  <\/p>\n<\/div>\n\n\n\n<div class=\"wp-block-column is-vertically-aligned-center is-layout-flow wp-block-column-is-layout-flow\">\n<figure class=\"wp-block-image size-large is-style-rounded\"><img decoding=\"async\" src=\"https:\/\/store.evolve-fitness.eu\/wp-content\/uploads\/2025\/05\/EV-WP-RB-1-1024x683.jpg\" alt=\"\" class=\"wp-image-128671\"\/><\/figure>\n<\/div>\n<\/div>\n\n\n\n<div class=\"wp-block-columns alignwide is-layout-flex wp-container-core-columns-is-layout-c45ee707 wp-block-columns-is-layout-flex\" style=\"margin-bottom:var(--wp--preset--spacing--side-padding);padding-top:var(--wp--preset--spacing--side-padding)\">\n<div class=\"wp-block-column is-vertically-aligned-center is-layout-flow wp-block-column-is-layout-flow\">\n<figure class=\"wp-block-video\"><video height=\"1000\" style=\"aspect-ratio: 1000 \/ 1000;\" width=\"1000\" controls=\"\" src=\"https:\/\/store.evolve-fitness.eu\/wp-content\/uploads\/2025\/05\/EV-OB-CK-201-Evolve-Cerakote-Series-Olympic-Woman-201-cm-15-kg-1.mp4\"><\/video><\/figure>\n<\/div>\n\n\n\n<div class=\"wp-block-column is-vertically-aligned-center is-layout-flow wp-block-column-is-layout-flow\">\n<h3 class=\"wp-block-heading\" style=\"margin-bottom:var(--wp--preset--spacing--h-3-bottom)\">Holdbar og funktionel &#8211; Econ Series Olympic Bar<\/h3>\n\n\n\n<p style=\"margin-bottom:var(--wp--preset--spacing--tb-section-padding)\">Kernen i s\u00e6ttet er <strong>Evolve Econ Series Olympic Bar<\/strong>, der m\u00e5ler 220 cm og vejer 20 kg. Den er fremstillet af st\u00e5l af h\u00f8j kvalitet og giver p\u00e5lidelig styrke og lang levetid. Stangen har en mellemdyb rifling, der giver et behageligt og sikkert greb, ideelt til forskellige l\u00f8fteteknikker. Den robuste konstruktion sikrer stabilitet selv under h\u00f8jintensiv tr\u00e6ning.   <\/p>\n<\/div>\n<\/div>\n\n\n\n<div class=\"wp-block-columns alignwide mobile-reverse is-layout-flex wp-container-core-columns-is-layout-ca64bf2d wp-block-columns-is-layout-flex\" style=\"margin-bottom:var(--wp--preset--spacing--side-padding)\">\n<div class=\"wp-block-column is-vertically-aligned-center is-layout-flow wp-block-column-is-layout-flow\">\n<h3 class=\"wp-block-heading\" style=\"margin-bottom:var(--wp--preset--spacing--h-3-bottom)\">Sikker l\u00f8ft &#8211; olympiske stangkraver<\/h3>\n\n\n\n<p style=\"margin-bottom:var(--wp--preset--spacing--tb-section-padding)\">For at \u00f8ge sikkerheden under l\u00f8ft indeholder s\u00e6ttet <strong>Evolve Olympic Bar Collars<\/strong>. Disse kraver er designet til at l\u00e5se v\u00e6gtskiverne sikkert p\u00e5 plads, minimere bev\u00e6gelse og opretholde balance under hele tr\u00e6ningen. De er hurtige og nemme at bruge og tilf\u00f8jer et lag af sikkerhed til din styrketr\u00e6ningsrutine.  <\/p>\n<\/div>\n\n\n\n<div class=\"wp-block-column is-vertically-aligned-center is-layout-flow wp-block-column-is-layout-flow\">\n<figure class=\"wp-block-video\"><video height=\"1280\" style=\"aspect-ratio: 1920 \/ 1280;\" width=\"1920\" controls=\"\" src=\"https:\/\/store.evolve-fitness.eu\/wp-content\/uploads\/2025\/05\/EV-OC-CC-02-1.mp4\"><\/video><\/figure>\n<\/div>\n<\/div>\n\n\n\n<div class=\"wp-block-columns alignwide is-layout-flex wp-container-core-columns-is-layout-c45ee707 wp-block-columns-is-layout-flex\" style=\"margin-bottom:var(--wp--preset--spacing--side-padding);padding-top:var(--wp--preset--spacing--side-padding)\">\n<div class=\"wp-block-column is-vertically-aligned-center is-layout-flow wp-block-column-is-layout-flow\">\n<figure class=\"wp-block-image size-large is-style-rounded\"><img decoding=\"async\" src=\"https:\/\/store.evolve-fitness.eu\/wp-content\/uploads\/2025\/05\/EV-WP-RB-11-1024x683.jpg\" alt=\"\" class=\"wp-image-128771\"\/><\/figure>\n<\/div>\n\n\n\n<div class=\"wp-block-column is-vertically-aligned-center is-layout-flow wp-block-column-is-layout-flow\">\n<h3 class=\"wp-block-heading\" style=\"margin-bottom:var(--wp--preset--spacing--h-3-bottom)\">Alsidig og modstandsdygtig &#8211; v\u00e6gtskiver i gummi<\/h3>\n\n\n\n<p>S\u00e6ttet leveres med <strong>Evolve Rubber Weight Plates<\/strong> fra 1,25 til 25 kg, hvilket g\u00f8r det velegnet til b\u00e5de begyndere og erfarne l\u00f8ftere. Den holdbare gummikonstruktion minimerer st\u00f8j og gulvskader, mens det pr\u00e6cisionsst\u00f8bte design sikrer en stabil og afbalanceret v\u00e6gtfordeling. Disse plader er ideelle til forskellige \u00f8velser, herunder squat, d\u00f8dl\u00f8ft og b\u00e6nkpres.  <\/p>\n<\/div>\n<\/div>\n\n\n\n<div class=\"wp-block-columns alignwide is-layout-flex wp-container-core-columns-is-layout-c45ee707 wp-block-columns-is-layout-flex\" style=\"margin-bottom:var(--wp--preset--spacing--side-padding);padding-top:var(--wp--preset--spacing--side-padding)\">\n<div class=\"wp-block-column is-vertically-aligned-center is-layout-flow wp-block-column-is-layout-flow\">\n<h3 class=\"wp-block-heading\" style=\"margin-bottom:var(--wp--preset--spacing--h-3-bottom)\">L\u00f8ft din tr\u00e6ning med Evolve<\/h3>\n\n\n\n<p><strong>Evolve Econ Series Bar Set<\/strong> er skabt til dem, der s\u00f8ger holdbarhed, funktionalitet og overkommelige priser i deres styrketr\u00e6ningsudstyr. Med kvalitetskomponenter og gennemt\u00e6nkt design hj\u00e6lper dette s\u00e6t dig med at maksimere din pr\u00e6station og n\u00e5 dine fitnessm\u00e5l effektivt. <br\/><\/p>\n<\/div>\n\n\n\n<div class=\"wp-block-column is-vertically-aligned-center is-layout-flow wp-block-column-is-layout-flow\">\n<div class=\"wp-block-columns is-layout-flex wp-container-core-columns-is-layout-9d6595d7 wp-block-columns-is-layout-flex\">\n<div class=\"wp-block-column is-layout-flow wp-block-column-is-layout-flow\">\n<figure class=\"wp-block-image size-large is-style-rounded\"><img decoding=\"async\" src=\"https:\/\/store.evolve-fitness.eu\/wp-content\/uploads\/2025\/05\/EV-WP-RB-6-1024x683.jpg\" alt=\"\" class=\"wp-image-128796\"\/><\/figure>\n<\/div>\n<\/div>\n<\/div>\n<\/div>\n<\/section>\n<\/section>\n","protected":false},"excerpt":{"rendered":"<p>Evolve Econ Series Bar Set er designet til fitnessentusiaster, der er p\u00e5 udkig efter en overkommelig styrketr\u00e6ningsl\u00f8sning af h\u00f8j kvalitet. Dette s\u00e6t kombinerer den holdbare Evolve Econ Series Olympic Bar (220 cm \/ 20 kg), sikre Evolve Olympic Bar Collars og alsidige Evolve Rubber Weight Plates (1,25-25 kg). Uanset om du bygger et nyt tr\u00e6ningscenter eller opgraderer din eksisterende ops\u00e6tning, leverer dette s\u00e6t p\u00e5lidelig ydeevne til forskellige styrketr\u00e6ningsrutiner.  <\/p>\n","protected":false},"featured_media":197380,"template":"","meta":{"_acf_changed":false,"inline_featured_image":false},"product_brand":[],"product_cat":[13066,1462],"product_tag":[],"class_list":{"0":"post-228937","1":"product","2":"type-product","3":"status-publish","4":"has-post-thumbnail","6":"product_cat-bar-saet","7":"product_cat-frie-vaegte","9":"first","10":"instock","11":"shipping-taxable","12":"purchasable","13":"product-type-variable"},"acf":{"long_title":"Evolve Econ Series stangs\u00e6t med v\u00e6gtskiver i gummi (EC-R)","subtitle":"","specifications":[{"label":"VARENUMMER","text_value":"EV-BS-EC-R","icon":"x"}]},"yoast_head":"<!-- This site is optimized with the Yoast SEO plugin v26.6 - https:\/\/yoast.com\/wordpress\/plugins\/seo\/ -->\n<title>Evolve Econ Series stangs\u00e6t med v\u00e6gtskiver i gummi (EC-R) - Evolve<\/title>\n<meta name=\"description\" content=\"Dette s\u00e6t kombinerer den holdbare Evolve Econ Series Olympic Bar, sikre Evolve Olympic Bar Collars og alsidige Evolve Rubber Weight Plates 1,25-25 kg.\" \/>\n<meta name=\"robots\" content=\"index, follow, max-snippet:-1, max-image-preview:large, max-video-preview:-1\" \/>\n<link rel=\"canonical\" href=\"https:\/\/evolve-fitness.eu\/da\/vare\/evolve-econ-series-stangsaet-med-vaegtskiver-i-gummi-ec-r\/\" \/>\n<meta property=\"og:locale\" content=\"da_DK\" \/>\n<meta property=\"og:type\" content=\"article\" \/>\n<meta property=\"og:title\" content=\"Evolve Econ Series stangs\u00e6t med v\u00e6gtskiver i gummi (EC-R) - Evolve\" \/>\n<meta property=\"og:description\" content=\"Dette s\u00e6t kombinerer den holdbare Evolve Econ Series Olympic Bar, sikre Evolve Olympic Bar Collars og alsidige Evolve Rubber Weight Plates 1,25-25 kg.\" \/>\n<meta property=\"og:url\" content=\"https:\/\/evolve-fitness.eu\/da\/vare\/evolve-econ-series-stangsaet-med-vaegtskiver-i-gummi-ec-r\/\" \/>\n<meta property=\"og:site_name\" content=\"Evolve\" \/>\n<meta property=\"article:publisher\" content=\"https:\/\/www.facebook.com\/EvolveFitnessEurope\" \/>\n<meta property=\"article:modified_time\" content=\"2026-04-08T14:43:09+00:00\" \/>\n<meta property=\"og:image\" content=\"https:\/\/evolve-fitness.eu\/wp-content\/uploads\/2025\/05\/Dizainas-be-pavadinimo-26-scaled.png\" \/>\n\t<meta property=\"og:image:width\" content=\"2560\" \/>\n\t<meta property=\"og:image:height\" content=\"2560\" \/>\n\t<meta property=\"og:image:type\" content=\"image\/png\" \/>\n<meta name=\"twitter:card\" content=\"summary_large_image\" \/>\n<script type=\"application\/ld+json\" class=\"yoast-schema-graph\">{\"@context\":\"https:\/\/schema.org\",\"@graph\":[{\"@type\":\"WebPage\",\"@id\":\"https:\/\/evolve-fitness.eu\/da\/vare\/evolve-econ-series-stangsaet-med-vaegtskiver-i-gummi-ec-r\/\",\"url\":\"https:\/\/evolve-fitness.eu\/da\/vare\/evolve-econ-series-stangsaet-med-vaegtskiver-i-gummi-ec-r\/\",\"name\":\"Evolve Econ Series stangs\u00e6t med v\u00e6gtskiver i gummi (EC-R) - Evolve\",\"isPartOf\":{\"@id\":\"https:\/\/evolve-fitness.eu\/da\/#website\"},\"primaryImageOfPage\":{\"@id\":\"https:\/\/evolve-fitness.eu\/da\/vare\/evolve-econ-series-stangsaet-med-vaegtskiver-i-gummi-ec-r\/#primaryimage\"},\"image\":{\"@id\":\"https:\/\/evolve-fitness.eu\/da\/vare\/evolve-econ-series-stangsaet-med-vaegtskiver-i-gummi-ec-r\/#primaryimage\"},\"thumbnailUrl\":\"https:\/\/evolve-fitness.eu\/wp-content\/uploads\/2025\/05\/Dizainas-be-pavadinimo-26-scaled.png\",\"datePublished\":\"2025-05-13T08:23:55+00:00\",\"dateModified\":\"2026-04-08T14:43:09+00:00\",\"description\":\"Dette s\u00e6t kombinerer den holdbare Evolve Econ Series Olympic Bar, sikre Evolve Olympic Bar Collars og alsidige Evolve Rubber Weight Plates 1,25-25 kg.\",\"breadcrumb\":{\"@id\":\"https:\/\/evolve-fitness.eu\/da\/vare\/evolve-econ-series-stangsaet-med-vaegtskiver-i-gummi-ec-r\/#breadcrumb\"},\"inLanguage\":\"da-DK\",\"potentialAction\":[{\"@type\":\"ReadAction\",\"target\":[\"https:\/\/evolve-fitness.eu\/da\/vare\/evolve-econ-series-stangsaet-med-vaegtskiver-i-gummi-ec-r\/\"]}]},{\"@type\":\"ImageObject\",\"inLanguage\":\"da-DK\",\"@id\":\"https:\/\/evolve-fitness.eu\/da\/vare\/evolve-econ-series-stangsaet-med-vaegtskiver-i-gummi-ec-r\/#primaryimage\",\"url\":\"https:\/\/evolve-fitness.eu\/wp-content\/uploads\/2025\/05\/Dizainas-be-pavadinimo-26-scaled.png\",\"contentUrl\":\"https:\/\/evolve-fitness.eu\/wp-content\/uploads\/2025\/05\/Dizainas-be-pavadinimo-26-scaled.png\",\"width\":2560,\"height\":2560},{\"@type\":\"BreadcrumbList\",\"@id\":\"https:\/\/evolve-fitness.eu\/da\/vare\/evolve-econ-series-stangsaet-med-vaegtskiver-i-gummi-ec-r\/#breadcrumb\",\"itemListElement\":[{\"@type\":\"ListItem\",\"position\":1,\"name\":\"Home\",\"item\":\"https:\/\/evolve-fitness.eu\/da\/\"},{\"@type\":\"ListItem\",\"position\":2,\"name\":\"Produkter\",\"item\":\"https:\/\/evolve-fitness.eu\/da\/shop\/\"},{\"@type\":\"ListItem\",\"position\":3,\"name\":\"Evolve Econ Series stangs\u00e6t med v\u00e6gtskiver i gummi (EC-R)\"}]},{\"@type\":\"WebSite\",\"@id\":\"https:\/\/evolve-fitness.eu\/da\/#website\",\"url\":\"https:\/\/evolve-fitness.eu\/da\/\",\"name\":\"Evolve\",\"description\":\"Your Evolved Gear Arrived\",\"publisher\":{\"@id\":\"https:\/\/evolve-fitness.eu\/da\/#organization\"},\"potentialAction\":[{\"@type\":\"SearchAction\",\"target\":{\"@type\":\"EntryPoint\",\"urlTemplate\":\"https:\/\/evolve-fitness.eu\/da\/?s={search_term_string}\"},\"query-input\":{\"@type\":\"PropertyValueSpecification\",\"valueRequired\":true,\"valueName\":\"search_term_string\"}}],\"inLanguage\":\"da-DK\"},{\"@type\":\"Organization\",\"@id\":\"https:\/\/evolve-fitness.eu\/da\/#organization\",\"name\":\"Evolve\",\"url\":\"https:\/\/evolve-fitness.eu\/da\/\",\"logo\":{\"@type\":\"ImageObject\",\"inLanguage\":\"da-DK\",\"@id\":\"https:\/\/evolve-fitness.eu\/da\/#\/schema\/logo\/image\/\",\"url\":\"https:\/\/evolve-fitness.eu\/wp-content\/uploads\/2023\/05\/Evolve-logo.svg\",\"contentUrl\":\"https:\/\/evolve-fitness.eu\/wp-content\/uploads\/2023\/05\/Evolve-logo.svg\",\"width\":176,\"height\":20,\"caption\":\"Evolve\"},\"image\":{\"@id\":\"https:\/\/evolve-fitness.eu\/da\/#\/schema\/logo\/image\/\"},\"sameAs\":[\"https:\/\/www.facebook.com\/EvolveFitnessEurope\"]}]}<\/script>\n<!-- \/ Yoast SEO plugin. -->","yoast_head_json":{"title":"Evolve Econ Series stangs\u00e6t med v\u00e6gtskiver i gummi (EC-R) - Evolve","description":"Dette s\u00e6t kombinerer den holdbare Evolve Econ Series Olympic Bar, sikre Evolve Olympic Bar Collars og alsidige Evolve Rubber Weight Plates 1,25-25 kg.","robots":{"index":"index","follow":"follow","max-snippet":"max-snippet:-1","max-image-preview":"max-image-preview:large","max-video-preview":"max-video-preview:-1"},"canonical":"https:\/\/evolve-fitness.eu\/da\/vare\/evolve-econ-series-stangsaet-med-vaegtskiver-i-gummi-ec-r\/","og_locale":"da_DK","og_type":"article","og_title":"Evolve Econ Series stangs\u00e6t med v\u00e6gtskiver i gummi (EC-R) - Evolve","og_description":"Dette s\u00e6t kombinerer den holdbare Evolve Econ Series Olympic Bar, sikre Evolve Olympic Bar Collars og alsidige Evolve Rubber Weight Plates 1,25-25 kg.","og_url":"https:\/\/evolve-fitness.eu\/da\/vare\/evolve-econ-series-stangsaet-med-vaegtskiver-i-gummi-ec-r\/","og_site_name":"Evolve","article_publisher":"https:\/\/www.facebook.com\/EvolveFitnessEurope","article_modified_time":"2026-04-08T14:43:09+00:00","og_image":[{"width":2560,"height":2560,"url":"https:\/\/evolve-fitness.eu\/wp-content\/uploads\/2025\/05\/Dizainas-be-pavadinimo-26-scaled.png","type":"image\/png"}],"twitter_card":"summary_large_image","schema":{"@context":"https:\/\/schema.org","@graph":[{"@type":"WebPage","@id":"https:\/\/evolve-fitness.eu\/da\/vare\/evolve-econ-series-stangsaet-med-vaegtskiver-i-gummi-ec-r\/","url":"https:\/\/evolve-fitness.eu\/da\/vare\/evolve-econ-series-stangsaet-med-vaegtskiver-i-gummi-ec-r\/","name":"Evolve Econ Series stangs\u00e6t med v\u00e6gtskiver i gummi (EC-R) - Evolve","isPartOf":{"@id":"https:\/\/evolve-fitness.eu\/da\/#website"},"primaryImageOfPage":{"@id":"https:\/\/evolve-fitness.eu\/da\/vare\/evolve-econ-series-stangsaet-med-vaegtskiver-i-gummi-ec-r\/#primaryimage"},"image":{"@id":"https:\/\/evolve-fitness.eu\/da\/vare\/evolve-econ-series-stangsaet-med-vaegtskiver-i-gummi-ec-r\/#primaryimage"},"thumbnailUrl":"https:\/\/evolve-fitness.eu\/wp-content\/uploads\/2025\/05\/Dizainas-be-pavadinimo-26-scaled.png","datePublished":"2025-05-13T08:23:55+00:00","dateModified":"2026-04-08T14:43:09+00:00","description":"Dette s\u00e6t kombinerer den holdbare Evolve Econ Series Olympic Bar, sikre Evolve Olympic Bar Collars og alsidige Evolve Rubber Weight Plates 1,25-25 kg.","breadcrumb":{"@id":"https:\/\/evolve-fitness.eu\/da\/vare\/evolve-econ-series-stangsaet-med-vaegtskiver-i-gummi-ec-r\/#breadcrumb"},"inLanguage":"da-DK","potentialAction":[{"@type":"ReadAction","target":["https:\/\/evolve-fitness.eu\/da\/vare\/evolve-econ-series-stangsaet-med-vaegtskiver-i-gummi-ec-r\/"]}]},{"@type":"ImageObject","inLanguage":"da-DK","@id":"https:\/\/evolve-fitness.eu\/da\/vare\/evolve-econ-series-stangsaet-med-vaegtskiver-i-gummi-ec-r\/#primaryimage","url":"https:\/\/evolve-fitness.eu\/wp-content\/uploads\/2025\/05\/Dizainas-be-pavadinimo-26-scaled.png","contentUrl":"https:\/\/evolve-fitness.eu\/wp-content\/uploads\/2025\/05\/Dizainas-be-pavadinimo-26-scaled.png","width":2560,"height":2560},{"@type":"BreadcrumbList","@id":"https:\/\/evolve-fitness.eu\/da\/vare\/evolve-econ-series-stangsaet-med-vaegtskiver-i-gummi-ec-r\/#breadcrumb","itemListElement":[{"@type":"ListItem","position":1,"name":"Home","item":"https:\/\/evolve-fitness.eu\/da\/"},{"@type":"ListItem","position":2,"name":"Produkter","item":"https:\/\/evolve-fitness.eu\/da\/shop\/"},{"@type":"ListItem","position":3,"name":"Evolve Econ Series stangs\u00e6t med v\u00e6gtskiver i gummi (EC-R)"}]},{"@type":"WebSite","@id":"https:\/\/evolve-fitness.eu\/da\/#website","url":"https:\/\/evolve-fitness.eu\/da\/","name":"Evolve","description":"Your Evolved Gear Arrived","publisher":{"@id":"https:\/\/evolve-fitness.eu\/da\/#organization"},"potentialAction":[{"@type":"SearchAction","target":{"@type":"EntryPoint","urlTemplate":"https:\/\/evolve-fitness.eu\/da\/?s={search_term_string}"},"query-input":{"@type":"PropertyValueSpecification","valueRequired":true,"valueName":"search_term_string"}}],"inLanguage":"da-DK"},{"@type":"Organization","@id":"https:\/\/evolve-fitness.eu\/da\/#organization","name":"Evolve","url":"https:\/\/evolve-fitness.eu\/da\/","logo":{"@type":"ImageObject","inLanguage":"da-DK","@id":"https:\/\/evolve-fitness.eu\/da\/#\/schema\/logo\/image\/","url":"https:\/\/evolve-fitness.eu\/wp-content\/uploads\/2023\/05\/Evolve-logo.svg","contentUrl":"https:\/\/evolve-fitness.eu\/wp-content\/uploads\/2023\/05\/Evolve-logo.svg","width":176,"height":20,"caption":"Evolve"},"image":{"@id":"https:\/\/evolve-fitness.eu\/da\/#\/schema\/logo\/image\/"},"sameAs":["https:\/\/www.facebook.com\/EvolveFitnessEurope"]}]}},"_links":{"self":[{"href":"https:\/\/evolve-fitness.eu\/da\/wp-json\/wp\/v2\/product\/228937","targetHints":{"allow":["GET"]}}],"collection":[{"href":"https:\/\/evolve-fitness.eu\/da\/wp-json\/wp\/v2\/product"}],"about":[{"href":"https:\/\/evolve-fitness.eu\/da\/wp-json\/wp\/v2\/types\/product"}],"wp:featuredmedia":[{"embeddable":true,"href":"https:\/\/evolve-fitness.eu\/da\/wp-json\/wp\/v2\/media\/197380"}],"wp:attachment":[{"href":"https:\/\/evolve-fitness.eu\/da\/wp-json\/wp\/v2\/media?parent=228937"}],"wp:term":[{"taxonomy":"product_brand","embeddable":true,"href":"https:\/\/evolve-fitness.eu\/da\/wp-json\/wp\/v2\/product_brand?post=228937"},{"taxonomy":"product_cat","embeddable":true,"href":"https:\/\/evolve-fitness.eu\/da\/wp-json\/wp\/v2\/product_cat?post=228937"},{"taxonomy":"product_tag","embeddable":true,"href":"https:\/\/evolve-fitness.eu\/da\/wp-json\/wp\/v2\/product_tag?post=228937"}],"curies":[{"name":"wp","href":"https:\/\/api.w.org\/{rel}","templated":true}]}}