{"id":228993,"date":"2025-05-13T11:10:21","date_gmt":"2025-05-13T08:10:21","guid":{"rendered":"https:\/\/evolve-fitness.eu\/product\/evolve-home-series-stangsaet-med-vaegtskiver-i-gummi-hs-r\/"},"modified":"2026-04-08T17:46:36","modified_gmt":"2026-04-08T14:46:36","slug":"evolve-home-series-stangsaet-med-vaegtskiver-i-gummi-hs-r","status":"publish","type":"product","link":"https:\/\/evolve-fitness.eu\/da\/vare\/evolve-home-series-stangsaet-med-vaegtskiver-i-gummi-hs-r\/","title":{"rendered":"Evolve Home Series stangs\u00e6t med v\u00e6gtskiver i gummi (HS-R)"},"content":{"rendered":"\n<section class=\"wp-block-group alignfull black-content has-white-color has-darkgray-background-color has-text-color has-background is-layout-constrained wp-block-group-is-layout-constrained\" style=\"padding-top:var(--wp--preset--spacing--section-bottom);padding-bottom:var(--wp--preset--spacing--section-bottom)\">\n<section class=\"wp-block-group alignfull black-content has-white-color has-darkgray-background-color has-text-color has-background is-layout-constrained wp-block-group-is-layout-constrained\" style=\"padding-top:var(--wp--preset--spacing--section-bottom);padding-bottom:var(--wp--preset--spacing--section-bottom)\">\n<div class=\"wp-block-columns alignwide mobile-reverse is-layout-flex wp-container-core-columns-is-layout-ca64bf2d wp-block-columns-is-layout-flex\" style=\"margin-bottom:var(--wp--preset--spacing--side-padding)\">\n<div class=\"wp-block-column is-vertically-aligned-center is-layout-flow wp-block-column-is-layout-flow\">\n<h3 class=\"wp-block-heading\" style=\"margin-bottom:var(--wp--preset--spacing--h-3-bottom)\"><strong>Evolve Home Series Bar Set &#8211; din komplette l\u00f8sning til styrketr\u00e6ning<\/strong><\/h3>\n\n\n\n<p><em><strong>Designet til fitnessentusiaster, der s\u00f8ger en p\u00e5lidelig<\/strong><\/em><\/p>\n\n\n\n<p style=\"margin-bottom:var(--wp--preset--spacing--tb-section-padding)\">Vi pr\u00e6senterer <strong>Evolve Home Series Bar Set<\/strong>, som er designet til fitnessentusiaster, der \u00f8nsker et p\u00e5lideligt, holdbart og alsidigt styrketr\u00e6ningssetup. Dette omfattende s\u00e6t kombinerer <strong>Evolve Home Series Olympic Bar af<\/strong> h\u00f8j kvalitet <strong>(220 cm \/ 20 kg)<\/strong>, sikre <strong>Evolve Olympic Bar Collars<\/strong> og et udvalg af <strong>Evolve Rubber Weight Plates (1,25-25 kg).<\/strong> Dette s\u00e6t er perfekt egnet til hjemmetr\u00e6ningscentre og sikrer en effektiv og sikker v\u00e6gtl\u00f8ftningsoplevelse.  <\/p>\n<\/div>\n\n\n\n<div class=\"wp-block-column is-vertically-aligned-center is-layout-flow wp-block-column-is-layout-flow\">\n<figure class=\"wp-block-image size-large is-style-rounded\"><img decoding=\"async\" src=\"https:\/\/store.evolve-fitness.eu\/wp-content\/uploads\/2025\/05\/EV-WP-RB-1-1024x683.jpg\" alt=\"\" class=\"wp-image-128671\"\/><\/figure>\n<\/div>\n<\/div>\n\n\n\n<div class=\"wp-block-columns alignwide is-layout-flex wp-container-core-columns-is-layout-c45ee707 wp-block-columns-is-layout-flex\" style=\"margin-bottom:var(--wp--preset--spacing--side-padding);padding-top:var(--wp--preset--spacing--side-padding)\">\n<div class=\"wp-block-column is-vertically-aligned-center is-layout-flow wp-block-column-is-layout-flow\">\n<figure class=\"wp-block-video\"><video height=\"1000\" style=\"aspect-ratio: 1000 \/ 1000;\" width=\"1000\" controls=\"\" src=\"https:\/\/store.evolve-fitness.eu\/wp-content\/uploads\/2025\/05\/EV-OB-CK-201-Evolve-Cerakote-Series-Olympic-Woman-201-cm-15-kg-1.mp4\"><\/video><\/figure>\n<\/div>\n\n\n\n<div class=\"wp-block-column is-vertically-aligned-center is-layout-flow wp-block-column-is-layout-flow\">\n<h3 class=\"wp-block-heading\" style=\"margin-bottom:var(--wp--preset--spacing--h-3-bottom)\">Premium olympisk stang &#8211; pr\u00e6cision og ydeevne<\/h3>\n\n\n\n<p style=\"margin-bottom:var(--wp--preset--spacing--tb-section-padding)\">Kernen i dette s\u00e6t er <strong>Evolve Home Series Olympic Bar<\/strong>, der m\u00e5ler 220 cm og vejer 20 kg. Den er fremstillet af h\u00f8jkvalitetsst\u00e5l og garanterer langvarig holdbarhed og optimal ydeevne. Den pr\u00e6cise rifling sikrer et sikkert greb, mens den robuste konstruktion modst\u00e5r intensive styrketr\u00e6ningsrutiner.  <\/p>\n<\/div>\n<\/div>\n\n\n\n<div class=\"wp-block-columns alignwide mobile-reverse is-layout-flex wp-container-core-columns-is-layout-ca64bf2d wp-block-columns-is-layout-flex\" style=\"margin-bottom:var(--wp--preset--spacing--side-padding)\">\n<div class=\"wp-block-column is-vertically-aligned-center is-layout-flow wp-block-column-is-layout-flow\">\n<h3 class=\"wp-block-heading\" style=\"margin-bottom:var(--wp--preset--spacing--h-3-bottom)\">Sikker og stabil &#8211; Olympic Bar Collars<\/h3>\n\n\n\n<p style=\"margin-bottom:var(--wp--preset--spacing--tb-section-padding)\"><strong>Evolve Olympic Bar Collars<\/strong> \u00f8ger sikkerheden i din tr\u00e6ning og giver et fast og p\u00e5lideligt greb om dine v\u00e6gtskiver. De er designet til hurtig og ubesv\u00e6ret l\u00e5sning og eliminerer pladebev\u00e6gelse under l\u00f8ft, s\u00e5 du kan fokusere p\u00e5 din pr\u00e6station. <\/p>\n<\/div>\n\n\n\n<div class=\"wp-block-column is-vertically-aligned-center is-layout-flow wp-block-column-is-layout-flow\">\n<figure class=\"wp-block-video\"><video height=\"1280\" style=\"aspect-ratio: 1920 \/ 1280;\" width=\"1920\" controls=\"\" src=\"https:\/\/store.evolve-fitness.eu\/wp-content\/uploads\/2025\/05\/EV-OC-CC-02-1.mp4\"><\/video><\/figure>\n<\/div>\n<\/div>\n\n\n\n<div class=\"wp-block-columns alignwide is-layout-flex wp-container-core-columns-is-layout-c45ee707 wp-block-columns-is-layout-flex\" style=\"margin-bottom:var(--wp--preset--spacing--side-padding);padding-top:var(--wp--preset--spacing--side-padding)\">\n<div class=\"wp-block-column is-vertically-aligned-center is-layout-flow wp-block-column-is-layout-flow\">\n<figure class=\"wp-block-image size-large is-style-rounded\"><img decoding=\"async\" src=\"https:\/\/store.evolve-fitness.eu\/wp-content\/uploads\/2025\/05\/EV-WP-RB-11-1024x683.jpg\" alt=\"\" class=\"wp-image-128771\"\/><\/figure>\n<\/div>\n\n\n\n<div class=\"wp-block-column is-vertically-aligned-center is-layout-flow wp-block-column-is-layout-flow\">\n<h3 class=\"wp-block-heading\" style=\"margin-bottom:var(--wp--preset--spacing--h-3-bottom)\">Alsidige v\u00e6gtskiver &#8211; robuste og modstandsdygtige<\/h3>\n\n\n\n<p>S\u00e6ttet indeholder <strong>Evolve Rubber Weight Plates<\/strong> fra 1,25 til 25 kg, hvilket giver fleksibilitet til progressiv styrketr\u00e6ning. Pladerne er lavet af slidst\u00e6rkt gummi, der reducerer st\u00f8j og beskytter gulvet i dit tr\u00e6ningscenter mod skader. Deres ergonomiske design sikrer nem h\u00e5ndtering og pr\u00e6cise v\u00e6gtjusteringer, hvilket g\u00f8r dem velegnede til en lang r\u00e6kke \u00f8velser.  <\/p>\n<\/div>\n<\/div>\n\n\n\n<div class=\"wp-block-columns alignwide is-layout-flex wp-container-core-columns-is-layout-c45ee707 wp-block-columns-is-layout-flex\" style=\"margin-bottom:var(--wp--preset--spacing--side-padding);padding-top:var(--wp--preset--spacing--side-padding)\">\n<div class=\"wp-block-column is-vertically-aligned-center is-layout-flow wp-block-column-is-layout-flow\">\n<h3 class=\"wp-block-heading\" style=\"margin-bottom:var(--wp--preset--spacing--h-3-bottom)\">Slip dit potentiale l\u00f8s med Evolve<\/h3>\n\n\n\n<p>Med <strong>Evolve Home Series Bar Set<\/strong> er du udstyret til at gennemf\u00f8re alsidige tr\u00e6ningssessioner, uanset om du fokuserer p\u00e5 styrke, udholdenhed eller muskelopbygning. Dette s\u00e6t er ideelt til b\u00e5de begyndere og avancerede brugere og leverer kvalitet og ydeevne til at opfylde dine skiftende fitnessm\u00e5l. <\/p>\n<\/div>\n\n\n\n<div class=\"wp-block-column is-vertically-aligned-center is-layout-flow wp-block-column-is-layout-flow\">\n<div class=\"wp-block-columns is-layout-flex wp-container-core-columns-is-layout-9d6595d7 wp-block-columns-is-layout-flex\">\n<div class=\"wp-block-column is-layout-flow wp-block-column-is-layout-flow\">\n<figure class=\"wp-block-image size-large is-style-rounded\"><img decoding=\"async\" src=\"https:\/\/store.evolve-fitness.eu\/wp-content\/uploads\/2025\/05\/EV-WP-RB-6-1024x683.jpg\" alt=\"\" class=\"wp-image-128796\"\/><\/figure>\n<\/div>\n<\/div>\n<\/div>\n<\/div>\n<\/section>\n<\/section>\n","protected":false},"excerpt":{"rendered":"<p>introducerer Evolve Home Series Bar Set, der er designet til fitnessentusiaster, der \u00f8nsker et p\u00e5lideligt, holdbart og alsidigt styrketr\u00e6ningssetup. Dette omfattende s\u00e6t kombinerer Evolve Home Series Olympic Bar af h\u00f8j kvalitet (220 cm \/ 20 kg), sikre Evolve Olympic Bar Collars og et udvalg af Evolve Rubber Weight Plates (1,25-25 kg). Dette s\u00e6t er perfekt til hjemmetr\u00e6ningscentre og sikrer en effektiv og sikker v\u00e6gtl\u00f8ftningsoplevelse.  <\/p>\n","protected":false},"featured_media":197380,"template":"","meta":{"_acf_changed":false,"inline_featured_image":false},"product_brand":[],"product_cat":[13066,1462],"product_tag":[],"class_list":{"0":"post-228993","1":"product","2":"type-product","3":"status-publish","4":"has-post-thumbnail","6":"product_cat-bar-saet","7":"product_cat-frie-vaegte","9":"first","10":"instock","11":"shipping-taxable","12":"purchasable","13":"product-type-variable"},"acf":{"long_title":"Evolve Home Series stangs\u00e6t med v\u00e6gtskiver i gummi (HS-R)","subtitle":"","specifications":[{"label":"VARENUMMER","text_value":"EV-BS-HS-R","icon":"x"}]},"yoast_head":"<!-- This site is optimized with the Yoast SEO plugin v26.6 - https:\/\/yoast.com\/wordpress\/plugins\/seo\/ -->\n<title>Evolve Home Series stangs\u00e6t med v\u00e6gtskiver i gummi (HS-R) - Evolve<\/title>\n<meta name=\"description\" content=\"Dette omfattende s\u00e6t kombinerer den olympiske stang af h\u00f8j kvalitet, sikre Evolve Olympic Bar Collars og et udvalg af Evolve Rubber Weight Plates\" \/>\n<meta name=\"robots\" content=\"index, follow, max-snippet:-1, max-image-preview:large, max-video-preview:-1\" \/>\n<link rel=\"canonical\" href=\"https:\/\/evolve-fitness.eu\/da\/vare\/evolve-home-series-stangsaet-med-vaegtskiver-i-gummi-hs-r\/\" \/>\n<meta property=\"og:locale\" content=\"da_DK\" \/>\n<meta property=\"og:type\" content=\"article\" \/>\n<meta property=\"og:title\" content=\"Evolve Home Series stangs\u00e6t med v\u00e6gtskiver i gummi (HS-R) - Evolve\" \/>\n<meta property=\"og:description\" content=\"Dette omfattende s\u00e6t kombinerer den olympiske stang af h\u00f8j kvalitet, sikre Evolve Olympic Bar Collars og et udvalg af Evolve Rubber Weight Plates\" \/>\n<meta property=\"og:url\" content=\"https:\/\/evolve-fitness.eu\/da\/vare\/evolve-home-series-stangsaet-med-vaegtskiver-i-gummi-hs-r\/\" \/>\n<meta property=\"og:site_name\" content=\"Evolve\" \/>\n<meta property=\"article:publisher\" content=\"https:\/\/www.facebook.com\/EvolveFitnessEurope\" \/>\n<meta property=\"article:modified_time\" content=\"2026-04-08T14:46:36+00:00\" \/>\n<meta property=\"og:image\" content=\"https:\/\/evolve-fitness.eu\/wp-content\/uploads\/2025\/05\/Dizainas-be-pavadinimo-26-scaled.png\" \/>\n\t<meta property=\"og:image:width\" content=\"2560\" \/>\n\t<meta property=\"og:image:height\" content=\"2560\" \/>\n\t<meta property=\"og:image:type\" content=\"image\/png\" \/>\n<meta name=\"twitter:card\" content=\"summary_large_image\" \/>\n<script type=\"application\/ld+json\" class=\"yoast-schema-graph\">{\"@context\":\"https:\/\/schema.org\",\"@graph\":[{\"@type\":\"WebPage\",\"@id\":\"https:\/\/evolve-fitness.eu\/da\/vare\/evolve-home-series-stangsaet-med-vaegtskiver-i-gummi-hs-r\/\",\"url\":\"https:\/\/evolve-fitness.eu\/da\/vare\/evolve-home-series-stangsaet-med-vaegtskiver-i-gummi-hs-r\/\",\"name\":\"Evolve Home Series stangs\u00e6t med v\u00e6gtskiver i gummi (HS-R) - Evolve\",\"isPartOf\":{\"@id\":\"https:\/\/evolve-fitness.eu\/da\/#website\"},\"primaryImageOfPage\":{\"@id\":\"https:\/\/evolve-fitness.eu\/da\/vare\/evolve-home-series-stangsaet-med-vaegtskiver-i-gummi-hs-r\/#primaryimage\"},\"image\":{\"@id\":\"https:\/\/evolve-fitness.eu\/da\/vare\/evolve-home-series-stangsaet-med-vaegtskiver-i-gummi-hs-r\/#primaryimage\"},\"thumbnailUrl\":\"https:\/\/evolve-fitness.eu\/wp-content\/uploads\/2025\/05\/Dizainas-be-pavadinimo-26-scaled.png\",\"datePublished\":\"2025-05-13T08:10:21+00:00\",\"dateModified\":\"2026-04-08T14:46:36+00:00\",\"description\":\"Dette omfattende s\u00e6t kombinerer den olympiske stang af h\u00f8j kvalitet, sikre Evolve Olympic Bar Collars og et udvalg af Evolve Rubber Weight Plates\",\"breadcrumb\":{\"@id\":\"https:\/\/evolve-fitness.eu\/da\/vare\/evolve-home-series-stangsaet-med-vaegtskiver-i-gummi-hs-r\/#breadcrumb\"},\"inLanguage\":\"da-DK\",\"potentialAction\":[{\"@type\":\"ReadAction\",\"target\":[\"https:\/\/evolve-fitness.eu\/da\/vare\/evolve-home-series-stangsaet-med-vaegtskiver-i-gummi-hs-r\/\"]}]},{\"@type\":\"ImageObject\",\"inLanguage\":\"da-DK\",\"@id\":\"https:\/\/evolve-fitness.eu\/da\/vare\/evolve-home-series-stangsaet-med-vaegtskiver-i-gummi-hs-r\/#primaryimage\",\"url\":\"https:\/\/evolve-fitness.eu\/wp-content\/uploads\/2025\/05\/Dizainas-be-pavadinimo-26-scaled.png\",\"contentUrl\":\"https:\/\/evolve-fitness.eu\/wp-content\/uploads\/2025\/05\/Dizainas-be-pavadinimo-26-scaled.png\",\"width\":2560,\"height\":2560},{\"@type\":\"BreadcrumbList\",\"@id\":\"https:\/\/evolve-fitness.eu\/da\/vare\/evolve-home-series-stangsaet-med-vaegtskiver-i-gummi-hs-r\/#breadcrumb\",\"itemListElement\":[{\"@type\":\"ListItem\",\"position\":1,\"name\":\"Home\",\"item\":\"https:\/\/evolve-fitness.eu\/da\/\"},{\"@type\":\"ListItem\",\"position\":2,\"name\":\"Produkter\",\"item\":\"https:\/\/evolve-fitness.eu\/da\/shop\/\"},{\"@type\":\"ListItem\",\"position\":3,\"name\":\"Evolve Home Series stangs\u00e6t med v\u00e6gtskiver i gummi (HS-R)\"}]},{\"@type\":\"WebSite\",\"@id\":\"https:\/\/evolve-fitness.eu\/da\/#website\",\"url\":\"https:\/\/evolve-fitness.eu\/da\/\",\"name\":\"Evolve\",\"description\":\"Your Evolved Gear Arrived\",\"publisher\":{\"@id\":\"https:\/\/evolve-fitness.eu\/da\/#organization\"},\"potentialAction\":[{\"@type\":\"SearchAction\",\"target\":{\"@type\":\"EntryPoint\",\"urlTemplate\":\"https:\/\/evolve-fitness.eu\/da\/?s={search_term_string}\"},\"query-input\":{\"@type\":\"PropertyValueSpecification\",\"valueRequired\":true,\"valueName\":\"search_term_string\"}}],\"inLanguage\":\"da-DK\"},{\"@type\":\"Organization\",\"@id\":\"https:\/\/evolve-fitness.eu\/da\/#organization\",\"name\":\"Evolve\",\"url\":\"https:\/\/evolve-fitness.eu\/da\/\",\"logo\":{\"@type\":\"ImageObject\",\"inLanguage\":\"da-DK\",\"@id\":\"https:\/\/evolve-fitness.eu\/da\/#\/schema\/logo\/image\/\",\"url\":\"https:\/\/evolve-fitness.eu\/wp-content\/uploads\/2023\/05\/Evolve-logo.svg\",\"contentUrl\":\"https:\/\/evolve-fitness.eu\/wp-content\/uploads\/2023\/05\/Evolve-logo.svg\",\"width\":176,\"height\":20,\"caption\":\"Evolve\"},\"image\":{\"@id\":\"https:\/\/evolve-fitness.eu\/da\/#\/schema\/logo\/image\/\"},\"sameAs\":[\"https:\/\/www.facebook.com\/EvolveFitnessEurope\"]}]}<\/script>\n<!-- \/ Yoast SEO plugin. -->","yoast_head_json":{"title":"Evolve Home Series stangs\u00e6t med v\u00e6gtskiver i gummi (HS-R) - Evolve","description":"Dette omfattende s\u00e6t kombinerer den olympiske stang af h\u00f8j kvalitet, sikre Evolve Olympic Bar Collars og et udvalg af Evolve Rubber Weight Plates","robots":{"index":"index","follow":"follow","max-snippet":"max-snippet:-1","max-image-preview":"max-image-preview:large","max-video-preview":"max-video-preview:-1"},"canonical":"https:\/\/evolve-fitness.eu\/da\/vare\/evolve-home-series-stangsaet-med-vaegtskiver-i-gummi-hs-r\/","og_locale":"da_DK","og_type":"article","og_title":"Evolve Home Series stangs\u00e6t med v\u00e6gtskiver i gummi (HS-R) - Evolve","og_description":"Dette omfattende s\u00e6t kombinerer den olympiske stang af h\u00f8j kvalitet, sikre Evolve Olympic Bar Collars og et udvalg af Evolve Rubber Weight Plates","og_url":"https:\/\/evolve-fitness.eu\/da\/vare\/evolve-home-series-stangsaet-med-vaegtskiver-i-gummi-hs-r\/","og_site_name":"Evolve","article_publisher":"https:\/\/www.facebook.com\/EvolveFitnessEurope","article_modified_time":"2026-04-08T14:46:36+00:00","og_image":[{"width":2560,"height":2560,"url":"https:\/\/evolve-fitness.eu\/wp-content\/uploads\/2025\/05\/Dizainas-be-pavadinimo-26-scaled.png","type":"image\/png"}],"twitter_card":"summary_large_image","schema":{"@context":"https:\/\/schema.org","@graph":[{"@type":"WebPage","@id":"https:\/\/evolve-fitness.eu\/da\/vare\/evolve-home-series-stangsaet-med-vaegtskiver-i-gummi-hs-r\/","url":"https:\/\/evolve-fitness.eu\/da\/vare\/evolve-home-series-stangsaet-med-vaegtskiver-i-gummi-hs-r\/","name":"Evolve Home Series stangs\u00e6t med v\u00e6gtskiver i gummi (HS-R) - Evolve","isPartOf":{"@id":"https:\/\/evolve-fitness.eu\/da\/#website"},"primaryImageOfPage":{"@id":"https:\/\/evolve-fitness.eu\/da\/vare\/evolve-home-series-stangsaet-med-vaegtskiver-i-gummi-hs-r\/#primaryimage"},"image":{"@id":"https:\/\/evolve-fitness.eu\/da\/vare\/evolve-home-series-stangsaet-med-vaegtskiver-i-gummi-hs-r\/#primaryimage"},"thumbnailUrl":"https:\/\/evolve-fitness.eu\/wp-content\/uploads\/2025\/05\/Dizainas-be-pavadinimo-26-scaled.png","datePublished":"2025-05-13T08:10:21+00:00","dateModified":"2026-04-08T14:46:36+00:00","description":"Dette omfattende s\u00e6t kombinerer den olympiske stang af h\u00f8j kvalitet, sikre Evolve Olympic Bar Collars og et udvalg af Evolve Rubber Weight Plates","breadcrumb":{"@id":"https:\/\/evolve-fitness.eu\/da\/vare\/evolve-home-series-stangsaet-med-vaegtskiver-i-gummi-hs-r\/#breadcrumb"},"inLanguage":"da-DK","potentialAction":[{"@type":"ReadAction","target":["https:\/\/evolve-fitness.eu\/da\/vare\/evolve-home-series-stangsaet-med-vaegtskiver-i-gummi-hs-r\/"]}]},{"@type":"ImageObject","inLanguage":"da-DK","@id":"https:\/\/evolve-fitness.eu\/da\/vare\/evolve-home-series-stangsaet-med-vaegtskiver-i-gummi-hs-r\/#primaryimage","url":"https:\/\/evolve-fitness.eu\/wp-content\/uploads\/2025\/05\/Dizainas-be-pavadinimo-26-scaled.png","contentUrl":"https:\/\/evolve-fitness.eu\/wp-content\/uploads\/2025\/05\/Dizainas-be-pavadinimo-26-scaled.png","width":2560,"height":2560},{"@type":"BreadcrumbList","@id":"https:\/\/evolve-fitness.eu\/da\/vare\/evolve-home-series-stangsaet-med-vaegtskiver-i-gummi-hs-r\/#breadcrumb","itemListElement":[{"@type":"ListItem","position":1,"name":"Home","item":"https:\/\/evolve-fitness.eu\/da\/"},{"@type":"ListItem","position":2,"name":"Produkter","item":"https:\/\/evolve-fitness.eu\/da\/shop\/"},{"@type":"ListItem","position":3,"name":"Evolve Home Series stangs\u00e6t med v\u00e6gtskiver i gummi (HS-R)"}]},{"@type":"WebSite","@id":"https:\/\/evolve-fitness.eu\/da\/#website","url":"https:\/\/evolve-fitness.eu\/da\/","name":"Evolve","description":"Your Evolved Gear Arrived","publisher":{"@id":"https:\/\/evolve-fitness.eu\/da\/#organization"},"potentialAction":[{"@type":"SearchAction","target":{"@type":"EntryPoint","urlTemplate":"https:\/\/evolve-fitness.eu\/da\/?s={search_term_string}"},"query-input":{"@type":"PropertyValueSpecification","valueRequired":true,"valueName":"search_term_string"}}],"inLanguage":"da-DK"},{"@type":"Organization","@id":"https:\/\/evolve-fitness.eu\/da\/#organization","name":"Evolve","url":"https:\/\/evolve-fitness.eu\/da\/","logo":{"@type":"ImageObject","inLanguage":"da-DK","@id":"https:\/\/evolve-fitness.eu\/da\/#\/schema\/logo\/image\/","url":"https:\/\/evolve-fitness.eu\/wp-content\/uploads\/2023\/05\/Evolve-logo.svg","contentUrl":"https:\/\/evolve-fitness.eu\/wp-content\/uploads\/2023\/05\/Evolve-logo.svg","width":176,"height":20,"caption":"Evolve"},"image":{"@id":"https:\/\/evolve-fitness.eu\/da\/#\/schema\/logo\/image\/"},"sameAs":["https:\/\/www.facebook.com\/EvolveFitnessEurope"]}]}},"_links":{"self":[{"href":"https:\/\/evolve-fitness.eu\/da\/wp-json\/wp\/v2\/product\/228993","targetHints":{"allow":["GET"]}}],"collection":[{"href":"https:\/\/evolve-fitness.eu\/da\/wp-json\/wp\/v2\/product"}],"about":[{"href":"https:\/\/evolve-fitness.eu\/da\/wp-json\/wp\/v2\/types\/product"}],"wp:featuredmedia":[{"embeddable":true,"href":"https:\/\/evolve-fitness.eu\/da\/wp-json\/wp\/v2\/media\/197380"}],"wp:attachment":[{"href":"https:\/\/evolve-fitness.eu\/da\/wp-json\/wp\/v2\/media?parent=228993"}],"wp:term":[{"taxonomy":"product_brand","embeddable":true,"href":"https:\/\/evolve-fitness.eu\/da\/wp-json\/wp\/v2\/product_brand?post=228993"},{"taxonomy":"product_cat","embeddable":true,"href":"https:\/\/evolve-fitness.eu\/da\/wp-json\/wp\/v2\/product_cat?post=228993"},{"taxonomy":"product_tag","embeddable":true,"href":"https:\/\/evolve-fitness.eu\/da\/wp-json\/wp\/v2\/product_tag?post=228993"}],"curies":[{"name":"wp","href":"https:\/\/api.w.org\/{rel}","templated":true}]}}