{"id":229204,"date":"2025-03-28T09:47:53","date_gmt":"2025-03-28T07:47:53","guid":{"rendered":"https:\/\/evolve-fitness.eu\/product\/evolve-fritstaende-justerbar-matteholder-ah-300\/"},"modified":"2026-04-09T16:03:31","modified_gmt":"2026-04-09T13:03:31","slug":"evolve-fritstaende-justerbar-matteholder-ah-300","status":"publish","type":"product","link":"https:\/\/evolve-fitness.eu\/da\/vare\/evolve-fritstaende-justerbar-matteholder-ah-300\/","title":{"rendered":"Evolve fritst\u00e5ende justerbar m\u00e5tteholder (AH-300)"},"content":{"rendered":"\n<section class=\"wp-block-group alignfull black-content has-white-color has-darkgray-background-color has-text-color has-background is-layout-constrained wp-block-group-is-layout-constrained\" style=\"padding-top:var(--wp--preset--spacing--section-bottom);padding-bottom:var(--wp--preset--spacing--section-bottom)\">\n<div class=\"wp-block-columns alignwide mobile-reverse is-layout-flex wp-container-core-columns-is-layout-ca64bf2d wp-block-columns-is-layout-flex\" style=\"margin-bottom:var(--wp--preset--spacing--side-padding)\">\n<div class=\"wp-block-column is-vertically-aligned-center is-layout-flow wp-block-column-is-layout-flow\">\n<h3 class=\"wp-block-heading\" style=\"margin-bottom:var(--wp--preset--spacing--h-3-bottom)\"><strong><strong>Fritst\u00e5ende justerbar m\u00e5tteholder  <\/strong><\/strong><\/h3>\n\n\n\n<p><strong>Evolve Free-Standing Adjustable Mat Holder (AH-300)<\/strong> er en praktisk opbevaringsl\u00f8sning, der er designet til at holde tr\u00e6ningsm\u00e5tter organiserede, tilg\u00e6ngelige og v\u00e6k fra gulvet i b\u00e5de kommercielle og private tr\u00e6ningsmilj\u00f8er. Den fritst\u00e5ende konstruktion giver mulighed for fleksibel placering uden behov for v\u00e6gmontering. <\/p>\n\n\n\n<p>Det justerbare design passer til m\u00e5tter i forskellige st\u00f8rrelser og tykkelser, hvilket g\u00f8r den velegnet til yoga-, fitness-, str\u00e6k- og genoptr\u00e6ningsm\u00e5tter. Det lodrette opbevaringslayout hj\u00e6lper med at maksimere gulvpladsen og samtidig opretholde et rent og professionelt tr\u00e6ningsomr\u00e5de. <\/p>\n<\/div>\n\n\n\n<div class=\"wp-block-column is-vertically-aligned-center is-layout-flow wp-block-column-is-layout-flow\">\n<figure class=\"wp-block-image size-large is-style-rounded\"><img loading=\"lazy\" decoding=\"async\" width=\"683\" height=\"1024\" src=\"https:\/\/evolve-fitness.eu\/wp-content\/uploads\/2025\/03\/A7_00863-683x1024.jpg\" alt=\"\" class=\"wp-image-222525\" srcset=\"https:\/\/evolve-fitness.eu\/wp-content\/uploads\/2025\/03\/A7_00863-683x1024.jpg 683w, https:\/\/evolve-fitness.eu\/wp-content\/uploads\/2025\/03\/A7_00863-200x300.jpg 200w, https:\/\/evolve-fitness.eu\/wp-content\/uploads\/2025\/03\/A7_00863-100x150.jpg 100w, https:\/\/evolve-fitness.eu\/wp-content\/uploads\/2025\/03\/A7_00863-768x1152.jpg 768w, https:\/\/evolve-fitness.eu\/wp-content\/uploads\/2025\/03\/A7_00863-1024x1536.jpg 1024w, https:\/\/evolve-fitness.eu\/wp-content\/uploads\/2025\/03\/A7_00863-300x450.jpg 300w, https:\/\/evolve-fitness.eu\/wp-content\/uploads\/2025\/03\/A7_00863-600x900.jpg 600w, https:\/\/evolve-fitness.eu\/wp-content\/uploads\/2025\/03\/A7_00863.jpg 1365w\" sizes=\"auto, (max-width: 683px) 100vw, 683px\" \/><\/figure>\n<\/div>\n<\/div>\n\n\n\n<div class=\"wp-block-columns alignwide mobile-reverse is-layout-flex wp-container-core-columns-is-layout-ca64bf2d wp-block-columns-is-layout-flex\" style=\"margin-bottom:var(--wp--preset--spacing--side-padding)\">\n<div class=\"wp-block-column is-layout-flow wp-block-column-is-layout-flow\">\n<figure class=\"wp-block-image size-large is-style-rounded\"><img loading=\"lazy\" decoding=\"async\" width=\"683\" height=\"1024\" src=\"https:\/\/evolve-fitness.eu\/wp-content\/uploads\/2025\/03\/A7_00889-683x1024.jpg\" alt=\"\" class=\"wp-image-222526\" srcset=\"https:\/\/evolve-fitness.eu\/wp-content\/uploads\/2025\/03\/A7_00889-683x1024.jpg 683w, https:\/\/evolve-fitness.eu\/wp-content\/uploads\/2025\/03\/A7_00889-200x300.jpg 200w, https:\/\/evolve-fitness.eu\/wp-content\/uploads\/2025\/03\/A7_00889-100x150.jpg 100w, https:\/\/evolve-fitness.eu\/wp-content\/uploads\/2025\/03\/A7_00889-768x1152.jpg 768w, https:\/\/evolve-fitness.eu\/wp-content\/uploads\/2025\/03\/A7_00889-1024x1536.jpg 1024w, https:\/\/evolve-fitness.eu\/wp-content\/uploads\/2025\/03\/A7_00889-300x450.jpg 300w, https:\/\/evolve-fitness.eu\/wp-content\/uploads\/2025\/03\/A7_00889-600x900.jpg 600w, https:\/\/evolve-fitness.eu\/wp-content\/uploads\/2025\/03\/A7_00889.jpg 1365w\" sizes=\"auto, (max-width: 683px) 100vw, 683px\" \/><\/figure>\n<\/div>\n\n\n\n<div class=\"wp-block-column is-vertically-aligned-center is-layout-flow wp-block-column-is-layout-flow\">\n<h3 class=\"wp-block-heading\" style=\"margin-bottom:var(--wp--preset--spacing--h-3-bottom)\"><strong><strong>UBESV\u00c6RET BEV\u00c6GELSE<\/strong><\/strong><\/h3>\n\n\n\n<p>Holderen er udstyret <strong>med kraftige drejehjul med bremser<\/strong>, s\u00e5 den nemt kan flyttes mellem tr\u00e6ningsomr\u00e5der, samtidig med at den st\u00e5r stabilt, n\u00e5r den er placeret. Ergonomiske <strong>sideh\u00e5ndtag<\/strong> g\u00f8r det nemt og sikkert at flytte stativet, selv n\u00e5r det er fuldt lastet. <\/p>\n<\/div>\n<\/div>\n\n\n\n<div class=\"wp-block-columns alignwide mobile-reverse is-layout-flex wp-container-core-columns-is-layout-ca64bf2d wp-block-columns-is-layout-flex\" style=\"margin-bottom:var(--wp--preset--spacing--side-padding)\">\n<div class=\"wp-block-column is-vertically-aligned-center is-layout-flow wp-block-column-is-layout-flow\">\n<h3 class=\"wp-block-heading\" style=\"margin-bottom:var(--wp--preset--spacing--h-3-bottom)\"><strong><strong>nem tilpasning til forskellige m\u00e5ttebredder<\/strong><\/strong><\/h3>\n\n\n\n<p>De <strong>justerbare sidest\u00f8tter<\/strong> g\u00f8r det nemt at tilpasse m\u00e5tten til forskellige bredder og sikrer kompatibilitet med en lang r\u00e6kke tr\u00e6ningsm\u00e5tter. Det integrerede <strong>l\u00e5seknopsystem<\/strong> giver hurtig og sikker justering og holder m\u00e5tterne stabile under opbevaring og transport. <\/p>\n<\/div>\n\n\n\n<div class=\"wp-block-column is-vertically-aligned-center is-layout-flow wp-block-column-is-layout-flow\">\n<div class=\"wp-block-columns is-layout-flex wp-container-core-columns-is-layout-9d6595d7 wp-block-columns-is-layout-flex\">\n<div class=\"wp-block-column is-layout-flow wp-block-column-is-layout-flow\">\n<figure class=\"wp-block-image size-full is-style-rounded\"><img loading=\"lazy\" decoding=\"async\" width=\"683\" height=\"455\" src=\"https:\/\/evolve-fitness.eu\/wp-content\/uploads\/2026\/01\/Dizainas-be-pavadinimo-3-edited-1.png\" alt=\"\" class=\"wp-image-222531\" srcset=\"https:\/\/evolve-fitness.eu\/wp-content\/uploads\/2026\/01\/Dizainas-be-pavadinimo-3-edited-1.png 683w, https:\/\/evolve-fitness.eu\/wp-content\/uploads\/2026\/01\/Dizainas-be-pavadinimo-3-edited-1-300x200.png 300w, https:\/\/evolve-fitness.eu\/wp-content\/uploads\/2026\/01\/Dizainas-be-pavadinimo-3-edited-1-150x100.png 150w, https:\/\/evolve-fitness.eu\/wp-content\/uploads\/2026\/01\/Dizainas-be-pavadinimo-3-edited-1-600x400.png 600w, https:\/\/evolve-fitness.eu\/wp-content\/uploads\/2026\/01\/Dizainas-be-pavadinimo-3-edited-1-225x150.png 225w\" sizes=\"auto, (max-width: 683px) 100vw, 683px\" \/><\/figure>\n<\/div>\n<\/div>\n<\/div>\n<\/div>\n\n\n\n<div class=\"wp-block-columns alignwide mobile-reverse is-layout-flex wp-container-core-columns-is-layout-ca64bf2d wp-block-columns-is-layout-flex\" style=\"margin-bottom:var(--wp--preset--spacing--side-padding)\">\n<div class=\"wp-block-column is-layout-flow wp-block-column-is-layout-flow\">\n<figure class=\"wp-block-image size-large is-style-rounded\"><img loading=\"lazy\" decoding=\"async\" width=\"683\" height=\"1024\" src=\"https:\/\/evolve-fitness.eu\/wp-content\/uploads\/2025\/03\/A7_03222-683x1024.jpg\" alt=\"\" class=\"wp-image-222532\" srcset=\"https:\/\/evolve-fitness.eu\/wp-content\/uploads\/2025\/03\/A7_03222-683x1024.jpg 683w, https:\/\/evolve-fitness.eu\/wp-content\/uploads\/2025\/03\/A7_03222-200x300.jpg 200w, https:\/\/evolve-fitness.eu\/wp-content\/uploads\/2025\/03\/A7_03222-100x150.jpg 100w, https:\/\/evolve-fitness.eu\/wp-content\/uploads\/2025\/03\/A7_03222-768x1152.jpg 768w, https:\/\/evolve-fitness.eu\/wp-content\/uploads\/2025\/03\/A7_03222-1024x1536.jpg 1024w, https:\/\/evolve-fitness.eu\/wp-content\/uploads\/2025\/03\/A7_03222-1365x2048.jpg 1365w, https:\/\/evolve-fitness.eu\/wp-content\/uploads\/2025\/03\/A7_03222-300x450.jpg 300w, https:\/\/evolve-fitness.eu\/wp-content\/uploads\/2025\/03\/A7_03222-600x900.jpg 600w, https:\/\/evolve-fitness.eu\/wp-content\/uploads\/2025\/03\/A7_03222-scaled.jpg 1707w\" sizes=\"auto, (max-width: 683px) 100vw, 683px\" \/><\/figure>\n<\/div>\n\n\n\n<div class=\"wp-block-column is-vertically-aligned-center is-layout-flow wp-block-column-is-layout-flow\">\n<h3 class=\"wp-block-heading\" style=\"margin-bottom:var(--wp--preset--spacing--h-3-bottom)\"><strong><strong>Konstrueret af holdbart st\u00e5l<\/strong><\/strong><\/h3>\n\n\n\n<p>AH-300 er konstrueret af holdbart st\u00e5l og sikrer langvarig stabilitet og p\u00e5lidelighed under daglig brug. Den solide base giver sikker st\u00f8tte, mens det enkle, funktionelle design giver mulighed for hurtig il\u00e6gning og fjernelse af m\u00e5tter, hvilket forbedrer den samlede effektivitet i fitnesscentret. <\/p>\n\n\n\n<p>Denne m\u00e5tteholder er en ideel tilf\u00f8jelse til fitnessklubber, studier og tr\u00e6ningsfaciliteter, der \u00f8nsker en organiseret, pladsbesparende og professionel l\u00f8sning til opbevaring af m\u00e5tter.<\/p>\n<\/div>\n<\/div>\n<\/section>\n","protected":false},"excerpt":{"rendered":"<p>Hold dit tr\u00e6ningsrum p\u00e6nt og organiseret med Evolve EV-RS-AH-300 Storage Rack. Dette robuste og kompakte stativ er designet til at opbevare forskelligt fitnesstilbeh\u00f8r og sikrer hurtig adgang til dit udstyr, samtidig med at du bevarer et ryddeligt tr\u00e6ningsomr\u00e5de. <\/p>\n","protected":false},"featured_media":229209,"template":"","meta":{"_acf_changed":false,"inline_featured_image":false},"product_brand":[],"product_cat":[1462,3823,5233],"product_tag":[],"class_list":{"0":"post-229204","1":"product","2":"type-product","3":"status-publish","4":"has-post-thumbnail","6":"product_cat-frie-vaegte","7":"product_cat-reoler-og-opbevaringslosninger","8":"product_cat-studio-da","10":"first","11":"instock","12":"shipping-taxable","13":"purchasable","14":"product-type-simple"},"acf":{"long_title":"Evolve fritst\u00e5ende justerbar m\u00e5tteholder (AH-300)","subtitle":"","specifications":[{"label":"VARENUMMER","text_value":"EV-RS-AH-300","icon":"x"}]},"yoast_head":"<!-- This site is optimized with the Yoast SEO plugin v26.6 - https:\/\/yoast.com\/wordpress\/plugins\/seo\/ -->\n<title>Evolve fritst\u00e5ende justerbar m\u00e5tteholder (AH-300) - Evolve<\/title>\n<meta name=\"description\" content=\"Hold dit tr\u00e6ningsrum p\u00e6nt og organiseret med Evolve Storage Rack. Dette robuste og kompakte stativ er designet til at opbevare forskelligt fitnesstilbeh\u00f8r.\" \/>\n<meta name=\"robots\" content=\"index, follow, max-snippet:-1, max-image-preview:large, max-video-preview:-1\" \/>\n<link rel=\"canonical\" href=\"https:\/\/evolve-fitness.eu\/da\/vare\/evolve-fritstaende-justerbar-matteholder-ah-300\/\" \/>\n<meta property=\"og:locale\" content=\"da_DK\" \/>\n<meta property=\"og:type\" content=\"article\" \/>\n<meta property=\"og:title\" content=\"Evolve fritst\u00e5ende justerbar m\u00e5tteholder (AH-300) - Evolve\" \/>\n<meta property=\"og:description\" content=\"Hold dit tr\u00e6ningsrum p\u00e6nt og organiseret med Evolve Storage Rack. Dette robuste og kompakte stativ er designet til at opbevare forskelligt fitnesstilbeh\u00f8r.\" \/>\n<meta property=\"og:url\" content=\"https:\/\/evolve-fitness.eu\/da\/vare\/evolve-fritstaende-justerbar-matteholder-ah-300\/\" \/>\n<meta property=\"og:site_name\" content=\"Evolve\" \/>\n<meta property=\"article:publisher\" content=\"https:\/\/www.facebook.com\/EvolveFitnessEurope\" \/>\n<meta property=\"article:modified_time\" content=\"2026-04-09T13:03:31+00:00\" \/>\n<meta property=\"og:image\" content=\"https:\/\/evolve-fitness.eu\/wp-content\/uploads\/2025\/03\/EV-RS-AH-300-1.png\" \/>\n\t<meta property=\"og:image:width\" content=\"1600\" \/>\n\t<meta property=\"og:image:height\" content=\"1600\" \/>\n\t<meta property=\"og:image:type\" content=\"image\/png\" \/>\n<meta name=\"twitter:card\" content=\"summary_large_image\" \/>\n<script type=\"application\/ld+json\" class=\"yoast-schema-graph\">{\"@context\":\"https:\/\/schema.org\",\"@graph\":[{\"@type\":\"WebPage\",\"@id\":\"https:\/\/evolve-fitness.eu\/da\/vare\/evolve-fritstaende-justerbar-matteholder-ah-300\/\",\"url\":\"https:\/\/evolve-fitness.eu\/da\/vare\/evolve-fritstaende-justerbar-matteholder-ah-300\/\",\"name\":\"Evolve fritst\u00e5ende justerbar m\u00e5tteholder (AH-300) - Evolve\",\"isPartOf\":{\"@id\":\"https:\/\/evolve-fitness.eu\/da\/#website\"},\"primaryImageOfPage\":{\"@id\":\"https:\/\/evolve-fitness.eu\/da\/vare\/evolve-fritstaende-justerbar-matteholder-ah-300\/#primaryimage\"},\"image\":{\"@id\":\"https:\/\/evolve-fitness.eu\/da\/vare\/evolve-fritstaende-justerbar-matteholder-ah-300\/#primaryimage\"},\"thumbnailUrl\":\"https:\/\/evolve-fitness.eu\/wp-content\/uploads\/2025\/03\/EV-RS-AH-300-1.png\",\"datePublished\":\"2025-03-28T07:47:53+00:00\",\"dateModified\":\"2026-04-09T13:03:31+00:00\",\"description\":\"Hold dit tr\u00e6ningsrum p\u00e6nt og organiseret med Evolve Storage Rack. Dette robuste og kompakte stativ er designet til at opbevare forskelligt fitnesstilbeh\u00f8r.\",\"breadcrumb\":{\"@id\":\"https:\/\/evolve-fitness.eu\/da\/vare\/evolve-fritstaende-justerbar-matteholder-ah-300\/#breadcrumb\"},\"inLanguage\":\"da-DK\",\"potentialAction\":[{\"@type\":\"ReadAction\",\"target\":[\"https:\/\/evolve-fitness.eu\/da\/vare\/evolve-fritstaende-justerbar-matteholder-ah-300\/\"]}]},{\"@type\":\"ImageObject\",\"inLanguage\":\"da-DK\",\"@id\":\"https:\/\/evolve-fitness.eu\/da\/vare\/evolve-fritstaende-justerbar-matteholder-ah-300\/#primaryimage\",\"url\":\"https:\/\/evolve-fitness.eu\/wp-content\/uploads\/2025\/03\/EV-RS-AH-300-1.png\",\"contentUrl\":\"https:\/\/evolve-fitness.eu\/wp-content\/uploads\/2025\/03\/EV-RS-AH-300-1.png\",\"width\":1600,\"height\":1600},{\"@type\":\"BreadcrumbList\",\"@id\":\"https:\/\/evolve-fitness.eu\/da\/vare\/evolve-fritstaende-justerbar-matteholder-ah-300\/#breadcrumb\",\"itemListElement\":[{\"@type\":\"ListItem\",\"position\":1,\"name\":\"Home\",\"item\":\"https:\/\/evolve-fitness.eu\/da\/\"},{\"@type\":\"ListItem\",\"position\":2,\"name\":\"Produkter\",\"item\":\"https:\/\/evolve-fitness.eu\/da\/shop\/\"},{\"@type\":\"ListItem\",\"position\":3,\"name\":\"Evolve fritst\u00e5ende justerbar m\u00e5tteholder (AH-300)\"}]},{\"@type\":\"WebSite\",\"@id\":\"https:\/\/evolve-fitness.eu\/da\/#website\",\"url\":\"https:\/\/evolve-fitness.eu\/da\/\",\"name\":\"Evolve\",\"description\":\"Your Evolved Gear Arrived\",\"publisher\":{\"@id\":\"https:\/\/evolve-fitness.eu\/da\/#organization\"},\"potentialAction\":[{\"@type\":\"SearchAction\",\"target\":{\"@type\":\"EntryPoint\",\"urlTemplate\":\"https:\/\/evolve-fitness.eu\/da\/?s={search_term_string}\"},\"query-input\":{\"@type\":\"PropertyValueSpecification\",\"valueRequired\":true,\"valueName\":\"search_term_string\"}}],\"inLanguage\":\"da-DK\"},{\"@type\":\"Organization\",\"@id\":\"https:\/\/evolve-fitness.eu\/da\/#organization\",\"name\":\"Evolve\",\"url\":\"https:\/\/evolve-fitness.eu\/da\/\",\"logo\":{\"@type\":\"ImageObject\",\"inLanguage\":\"da-DK\",\"@id\":\"https:\/\/evolve-fitness.eu\/da\/#\/schema\/logo\/image\/\",\"url\":\"https:\/\/evolve-fitness.eu\/wp-content\/uploads\/2023\/05\/Evolve-logo.svg\",\"contentUrl\":\"https:\/\/evolve-fitness.eu\/wp-content\/uploads\/2023\/05\/Evolve-logo.svg\",\"width\":176,\"height\":20,\"caption\":\"Evolve\"},\"image\":{\"@id\":\"https:\/\/evolve-fitness.eu\/da\/#\/schema\/logo\/image\/\"},\"sameAs\":[\"https:\/\/www.facebook.com\/EvolveFitnessEurope\"]}]}<\/script>\n<!-- \/ Yoast SEO plugin. -->","yoast_head_json":{"title":"Evolve fritst\u00e5ende justerbar m\u00e5tteholder (AH-300) - Evolve","description":"Hold dit tr\u00e6ningsrum p\u00e6nt og organiseret med Evolve Storage Rack. Dette robuste og kompakte stativ er designet til at opbevare forskelligt fitnesstilbeh\u00f8r.","robots":{"index":"index","follow":"follow","max-snippet":"max-snippet:-1","max-image-preview":"max-image-preview:large","max-video-preview":"max-video-preview:-1"},"canonical":"https:\/\/evolve-fitness.eu\/da\/vare\/evolve-fritstaende-justerbar-matteholder-ah-300\/","og_locale":"da_DK","og_type":"article","og_title":"Evolve fritst\u00e5ende justerbar m\u00e5tteholder (AH-300) - Evolve","og_description":"Hold dit tr\u00e6ningsrum p\u00e6nt og organiseret med Evolve Storage Rack. Dette robuste og kompakte stativ er designet til at opbevare forskelligt fitnesstilbeh\u00f8r.","og_url":"https:\/\/evolve-fitness.eu\/da\/vare\/evolve-fritstaende-justerbar-matteholder-ah-300\/","og_site_name":"Evolve","article_publisher":"https:\/\/www.facebook.com\/EvolveFitnessEurope","article_modified_time":"2026-04-09T13:03:31+00:00","og_image":[{"width":1600,"height":1600,"url":"https:\/\/evolve-fitness.eu\/wp-content\/uploads\/2025\/03\/EV-RS-AH-300-1.png","type":"image\/png"}],"twitter_card":"summary_large_image","schema":{"@context":"https:\/\/schema.org","@graph":[{"@type":"WebPage","@id":"https:\/\/evolve-fitness.eu\/da\/vare\/evolve-fritstaende-justerbar-matteholder-ah-300\/","url":"https:\/\/evolve-fitness.eu\/da\/vare\/evolve-fritstaende-justerbar-matteholder-ah-300\/","name":"Evolve fritst\u00e5ende justerbar m\u00e5tteholder (AH-300) - Evolve","isPartOf":{"@id":"https:\/\/evolve-fitness.eu\/da\/#website"},"primaryImageOfPage":{"@id":"https:\/\/evolve-fitness.eu\/da\/vare\/evolve-fritstaende-justerbar-matteholder-ah-300\/#primaryimage"},"image":{"@id":"https:\/\/evolve-fitness.eu\/da\/vare\/evolve-fritstaende-justerbar-matteholder-ah-300\/#primaryimage"},"thumbnailUrl":"https:\/\/evolve-fitness.eu\/wp-content\/uploads\/2025\/03\/EV-RS-AH-300-1.png","datePublished":"2025-03-28T07:47:53+00:00","dateModified":"2026-04-09T13:03:31+00:00","description":"Hold dit tr\u00e6ningsrum p\u00e6nt og organiseret med Evolve Storage Rack. Dette robuste og kompakte stativ er designet til at opbevare forskelligt fitnesstilbeh\u00f8r.","breadcrumb":{"@id":"https:\/\/evolve-fitness.eu\/da\/vare\/evolve-fritstaende-justerbar-matteholder-ah-300\/#breadcrumb"},"inLanguage":"da-DK","potentialAction":[{"@type":"ReadAction","target":["https:\/\/evolve-fitness.eu\/da\/vare\/evolve-fritstaende-justerbar-matteholder-ah-300\/"]}]},{"@type":"ImageObject","inLanguage":"da-DK","@id":"https:\/\/evolve-fitness.eu\/da\/vare\/evolve-fritstaende-justerbar-matteholder-ah-300\/#primaryimage","url":"https:\/\/evolve-fitness.eu\/wp-content\/uploads\/2025\/03\/EV-RS-AH-300-1.png","contentUrl":"https:\/\/evolve-fitness.eu\/wp-content\/uploads\/2025\/03\/EV-RS-AH-300-1.png","width":1600,"height":1600},{"@type":"BreadcrumbList","@id":"https:\/\/evolve-fitness.eu\/da\/vare\/evolve-fritstaende-justerbar-matteholder-ah-300\/#breadcrumb","itemListElement":[{"@type":"ListItem","position":1,"name":"Home","item":"https:\/\/evolve-fitness.eu\/da\/"},{"@type":"ListItem","position":2,"name":"Produkter","item":"https:\/\/evolve-fitness.eu\/da\/shop\/"},{"@type":"ListItem","position":3,"name":"Evolve fritst\u00e5ende justerbar m\u00e5tteholder (AH-300)"}]},{"@type":"WebSite","@id":"https:\/\/evolve-fitness.eu\/da\/#website","url":"https:\/\/evolve-fitness.eu\/da\/","name":"Evolve","description":"Your Evolved Gear Arrived","publisher":{"@id":"https:\/\/evolve-fitness.eu\/da\/#organization"},"potentialAction":[{"@type":"SearchAction","target":{"@type":"EntryPoint","urlTemplate":"https:\/\/evolve-fitness.eu\/da\/?s={search_term_string}"},"query-input":{"@type":"PropertyValueSpecification","valueRequired":true,"valueName":"search_term_string"}}],"inLanguage":"da-DK"},{"@type":"Organization","@id":"https:\/\/evolve-fitness.eu\/da\/#organization","name":"Evolve","url":"https:\/\/evolve-fitness.eu\/da\/","logo":{"@type":"ImageObject","inLanguage":"da-DK","@id":"https:\/\/evolve-fitness.eu\/da\/#\/schema\/logo\/image\/","url":"https:\/\/evolve-fitness.eu\/wp-content\/uploads\/2023\/05\/Evolve-logo.svg","contentUrl":"https:\/\/evolve-fitness.eu\/wp-content\/uploads\/2023\/05\/Evolve-logo.svg","width":176,"height":20,"caption":"Evolve"},"image":{"@id":"https:\/\/evolve-fitness.eu\/da\/#\/schema\/logo\/image\/"},"sameAs":["https:\/\/www.facebook.com\/EvolveFitnessEurope"]}]}},"_links":{"self":[{"href":"https:\/\/evolve-fitness.eu\/da\/wp-json\/wp\/v2\/product\/229204","targetHints":{"allow":["GET"]}}],"collection":[{"href":"https:\/\/evolve-fitness.eu\/da\/wp-json\/wp\/v2\/product"}],"about":[{"href":"https:\/\/evolve-fitness.eu\/da\/wp-json\/wp\/v2\/types\/product"}],"wp:featuredmedia":[{"embeddable":true,"href":"https:\/\/evolve-fitness.eu\/da\/wp-json\/wp\/v2\/media\/229209"}],"wp:attachment":[{"href":"https:\/\/evolve-fitness.eu\/da\/wp-json\/wp\/v2\/media?parent=229204"}],"wp:term":[{"taxonomy":"product_brand","embeddable":true,"href":"https:\/\/evolve-fitness.eu\/da\/wp-json\/wp\/v2\/product_brand?post=229204"},{"taxonomy":"product_cat","embeddable":true,"href":"https:\/\/evolve-fitness.eu\/da\/wp-json\/wp\/v2\/product_cat?post=229204"},{"taxonomy":"product_tag","embeddable":true,"href":"https:\/\/evolve-fitness.eu\/da\/wp-json\/wp\/v2\/product_tag?post=229204"}],"curies":[{"name":"wp","href":"https:\/\/api.w.org\/{rel}","templated":true}]}}