{"id":229239,"date":"2026-04-09T15:20:21","date_gmt":"2026-04-09T12:20:21","guid":{"rendered":"https:\/\/evolve-fitness.eu\/product\/tilbehor-til-evolve-smith-maskine-sm-010\/"},"modified":"2026-04-13T10:12:46","modified_gmt":"2026-04-13T07:12:46","slug":"tilbehor-til-evolve-smith-maskine-sm-010","status":"publish","type":"product","link":"https:\/\/evolve-fitness.eu\/da\/vare\/tilbehor-til-evolve-smith-maskine-sm-010\/","title":{"rendered":"Tilbeh\u00f8r til Evolve Smith-maskine (SM-010)"},"content":{"rendered":"\n<section class=\"wp-block-group alignfull black-content has-white-color has-darkgray-background-color has-text-color has-background is-layout-constrained wp-block-group-is-layout-constrained\" style=\"padding-top:var(--wp--preset--spacing--section-bottom);padding-bottom:var(--wp--preset--spacing--section-bottom)\">\n<section class=\"wp-block-group alignfull black-content has-white-color has-darkgray-background-color has-text-color has-background is-layout-constrained wp-block-group-is-layout-constrained\" style=\"margin-bottom:0;padding-top:var(--wp--preset--spacing--tb-padding);padding-bottom:var(--wp--preset--spacing--tb-padding)\">\n<div class=\"wp-block-columns alignwide mobile-reverse is-layout-flex wp-container-core-columns-is-layout-7a02faa9 wp-block-columns-is-layout-flex\" style=\"margin-bottom:var(--wp--preset--spacing--tb-section-padding)\">\n<div class=\"wp-block-column is-vertically-aligned-center is-layout-flow wp-block-column-is-layout-flow\">\n<h3 class=\"wp-block-heading\" style=\"margin-bottom:var(--wp--preset--spacing--h-3-bottom)\"><strong><strong><strong><strong><strong><strong><strong><strong>L\u00f8ft din tr\u00e6ning med Evolve Smith Machine Attachment  <\/strong><\/strong><\/strong><\/strong><\/strong><\/strong><\/strong><\/strong><\/h3>\n\n\n\n<p><strong>Evolve Smith Machine Attachment (EV-AT-SM-010)<\/strong> er en praktisk tilf\u00f8jelse til styrketr\u00e6ning, der er konstrueret til brug med opretst\u00e5ende stolper. Den guidede vertikale stangbev\u00e6gelse hj\u00e6lper brugerne med at udf\u00f8re squats, presses, lunges og andre grundl\u00e6ggende \u00f8velser med forbedret kontrol og sikkerhed. Det g\u00f8r den s\u00e6rligt velegnet til solotr\u00e6ning, hvor en fast bev\u00e6gelsesbane og integreret st\u00f8tte kan \u00f8ge selvtilliden under belastning.  <\/p>\n\n\n\n<p>Dette tilbeh\u00f8r er designet til integration med st\u00e5ende stativsystemer og forbedrer funktionaliteten i modulopbyggede fitnesscentre uden at kr\u00e6ve en selvst\u00e6ndig maskine. Den tekniske tegning viser, at forbindelsesr\u00f8rets position kan justeres lodret ved at v\u00e6lge en alternativ monteringsh\u00f8jde, hvilket giver st\u00f8rre fleksibilitet i forhold til forskellige rammekonfigurationer og installationskrav. Det er et godt valg til kommercielle fitnesscentre, performance-faciliteter og professionelle tr\u00e6ningsmilj\u00f8er, der s\u00f8ger en kompakt og alsidig Smith-systeml\u00f8sning.  <\/p>\n<\/div>\n\n\n\n<div class=\"wp-block-column is-vertically-aligned-center is-layout-flow wp-block-column-is-layout-flow\">\n<figure class=\"wp-block-image size-full is-style-rounded\"><img decoding=\"async\" src=\"https:\/\/store.evolve-fitness.eu\/wp-content\/uploads\/2026\/04\/EV-ST-SM-010-1.png\" alt=\"\" class=\"wp-image-149805\"\/><\/figure>\n<\/div>\n<\/div>\n<\/section>\n<\/section>\n","protected":false},"excerpt":{"rendered":"<p>Evolve Smith Machine Attachment (EV-AT-SM-010) er designet til montering p\u00e5 opretst\u00e5ende stolper, hvilket giver en sikker og stabil styret stangbane til styrketr\u00e6ning. Det er en fremragende l\u00f8sning til at udvide et power rack eller en modul\u00e6r tr\u00e6ningsstation med mere kontrollerede og alsidige tr\u00e6ningsmuligheder. <\/p>\n","protected":false},"featured_media":229244,"template":"","meta":{"_acf_changed":false,"inline_featured_image":false},"product_brand":[],"product_cat":[2964,2965,2963],"product_tag":[],"class_list":{"0":"post-229239","1":"product","2":"type-product","3":"status-publish","4":"has-post-thumbnail","6":"product_cat-komponenter-til-riggen","7":"product_cat-tilbehor","8":"product_cat-tvaergaende-og-funktionel","10":"first","11":"instock","12":"shipping-taxable","13":"purchasable","14":"product-type-simple"},"acf":{"long_title":"","subtitle":"","specifications":null,"product_frequently_asked_questions":null},"yoast_head":"<!-- This site is optimized with the Yoast SEO plugin v27.4 - https:\/\/yoast.com\/product\/yoast-seo-wordpress\/ -->\n<title>Tilbeh\u00f8r til Evolve Smith-maskine (SM-010) - Evolve<\/title>\n<meta name=\"robots\" content=\"index, follow, max-snippet:-1, max-image-preview:large, max-video-preview:-1\" \/>\n<link rel=\"canonical\" href=\"https:\/\/evolve-fitness.eu\/da\/vare\/tilbehor-til-evolve-smith-maskine-sm-010\/\" \/>\n<meta property=\"og:locale\" content=\"da_DK\" \/>\n<meta property=\"og:type\" content=\"article\" \/>\n<meta property=\"og:title\" content=\"Tilbeh\u00f8r til Evolve Smith-maskine (SM-010) - Evolve\" \/>\n<meta property=\"og:url\" content=\"https:\/\/evolve-fitness.eu\/da\/vare\/tilbehor-til-evolve-smith-maskine-sm-010\/\" \/>\n<meta property=\"og:site_name\" content=\"Evolve\" \/>\n<meta property=\"article:publisher\" content=\"https:\/\/www.facebook.com\/EvolveFitnessEurope\" \/>\n<meta property=\"article:modified_time\" content=\"2026-04-13T07:12:46+00:00\" \/>\n<meta property=\"og:image\" content=\"https:\/\/evolve-fitness.eu\/wp-content\/uploads\/2026\/04\/EV-ST-SM-010-2.png\" \/>\n\t<meta property=\"og:image:width\" content=\"600\" \/>\n\t<meta property=\"og:image:height\" content=\"600\" \/>\n\t<meta property=\"og:image:type\" content=\"image\/png\" \/>\n<meta name=\"twitter:card\" content=\"summary_large_image\" \/>\n<script type=\"application\/ld+json\" class=\"yoast-schema-graph\">{\"@context\":\"https:\\\/\\\/schema.org\",\"@graph\":[{\"@type\":\"WebPage\",\"@id\":\"https:\\\/\\\/evolve-fitness.eu\\\/da\\\/vare\\\/tilbehor-til-evolve-smith-maskine-sm-010\\\/\",\"url\":\"https:\\\/\\\/evolve-fitness.eu\\\/da\\\/vare\\\/tilbehor-til-evolve-smith-maskine-sm-010\\\/\",\"name\":\"Tilbeh\u00f8r til Evolve Smith-maskine (SM-010) - Evolve\",\"isPartOf\":{\"@id\":\"https:\\\/\\\/evolve-fitness.eu\\\/da\\\/#website\"},\"primaryImageOfPage\":{\"@id\":\"https:\\\/\\\/evolve-fitness.eu\\\/da\\\/vare\\\/tilbehor-til-evolve-smith-maskine-sm-010\\\/#primaryimage\"},\"image\":{\"@id\":\"https:\\\/\\\/evolve-fitness.eu\\\/da\\\/vare\\\/tilbehor-til-evolve-smith-maskine-sm-010\\\/#primaryimage\"},\"thumbnailUrl\":\"https:\\\/\\\/evolve-fitness.eu\\\/wp-content\\\/uploads\\\/2026\\\/04\\\/EV-ST-SM-010-2.png\",\"datePublished\":\"2026-04-09T12:20:21+00:00\",\"dateModified\":\"2026-04-13T07:12:46+00:00\",\"breadcrumb\":{\"@id\":\"https:\\\/\\\/evolve-fitness.eu\\\/da\\\/vare\\\/tilbehor-til-evolve-smith-maskine-sm-010\\\/#breadcrumb\"},\"inLanguage\":\"da-DK\",\"potentialAction\":[{\"@type\":\"ReadAction\",\"target\":[\"https:\\\/\\\/evolve-fitness.eu\\\/da\\\/vare\\\/tilbehor-til-evolve-smith-maskine-sm-010\\\/\"]}]},{\"@type\":\"ImageObject\",\"inLanguage\":\"da-DK\",\"@id\":\"https:\\\/\\\/evolve-fitness.eu\\\/da\\\/vare\\\/tilbehor-til-evolve-smith-maskine-sm-010\\\/#primaryimage\",\"url\":\"https:\\\/\\\/evolve-fitness.eu\\\/wp-content\\\/uploads\\\/2026\\\/04\\\/EV-ST-SM-010-2.png\",\"contentUrl\":\"https:\\\/\\\/evolve-fitness.eu\\\/wp-content\\\/uploads\\\/2026\\\/04\\\/EV-ST-SM-010-2.png\",\"width\":600,\"height\":600},{\"@type\":\"BreadcrumbList\",\"@id\":\"https:\\\/\\\/evolve-fitness.eu\\\/da\\\/vare\\\/tilbehor-til-evolve-smith-maskine-sm-010\\\/#breadcrumb\",\"itemListElement\":[{\"@type\":\"ListItem\",\"position\":1,\"name\":\"Home\",\"item\":\"https:\\\/\\\/evolve-fitness.eu\\\/da\\\/\"},{\"@type\":\"ListItem\",\"position\":2,\"name\":\"Produkter\",\"item\":\"https:\\\/\\\/evolve-fitness.eu\\\/da\\\/shop\\\/\"},{\"@type\":\"ListItem\",\"position\":3,\"name\":\"Tilbeh\u00f8r til Evolve Smith-maskine (SM-010)\"}]},{\"@type\":\"WebSite\",\"@id\":\"https:\\\/\\\/evolve-fitness.eu\\\/da\\\/#website\",\"url\":\"https:\\\/\\\/evolve-fitness.eu\\\/da\\\/\",\"name\":\"Evolve\",\"description\":\"Your Evolved Gear Arrived\",\"publisher\":{\"@id\":\"https:\\\/\\\/evolve-fitness.eu\\\/da\\\/#organization\"},\"potentialAction\":[{\"@type\":\"SearchAction\",\"target\":{\"@type\":\"EntryPoint\",\"urlTemplate\":\"https:\\\/\\\/evolve-fitness.eu\\\/da\\\/?s={search_term_string}\"},\"query-input\":{\"@type\":\"PropertyValueSpecification\",\"valueRequired\":true,\"valueName\":\"search_term_string\"}}],\"inLanguage\":\"da-DK\"},{\"@type\":\"Organization\",\"@id\":\"https:\\\/\\\/evolve-fitness.eu\\\/da\\\/#organization\",\"name\":\"Evolve\",\"url\":\"https:\\\/\\\/evolve-fitness.eu\\\/da\\\/\",\"logo\":{\"@type\":\"ImageObject\",\"inLanguage\":\"da-DK\",\"@id\":\"https:\\\/\\\/evolve-fitness.eu\\\/da\\\/#\\\/schema\\\/logo\\\/image\\\/\",\"url\":\"https:\\\/\\\/evolve-fitness.eu\\\/wp-content\\\/uploads\\\/2023\\\/05\\\/Evolve-logo.svg\",\"contentUrl\":\"https:\\\/\\\/evolve-fitness.eu\\\/wp-content\\\/uploads\\\/2023\\\/05\\\/Evolve-logo.svg\",\"width\":176,\"height\":20,\"caption\":\"Evolve\"},\"image\":{\"@id\":\"https:\\\/\\\/evolve-fitness.eu\\\/da\\\/#\\\/schema\\\/logo\\\/image\\\/\"},\"sameAs\":[\"https:\\\/\\\/www.facebook.com\\\/EvolveFitnessEurope\"]}]}<\/script>\n<!-- \/ Yoast SEO plugin. -->","yoast_head_json":{"title":"Tilbeh\u00f8r til Evolve Smith-maskine (SM-010) - Evolve","robots":{"index":"index","follow":"follow","max-snippet":"max-snippet:-1","max-image-preview":"max-image-preview:large","max-video-preview":"max-video-preview:-1"},"canonical":"https:\/\/evolve-fitness.eu\/da\/vare\/tilbehor-til-evolve-smith-maskine-sm-010\/","og_locale":"da_DK","og_type":"article","og_title":"Tilbeh\u00f8r til Evolve Smith-maskine (SM-010) - Evolve","og_url":"https:\/\/evolve-fitness.eu\/da\/vare\/tilbehor-til-evolve-smith-maskine-sm-010\/","og_site_name":"Evolve","article_publisher":"https:\/\/www.facebook.com\/EvolveFitnessEurope","article_modified_time":"2026-04-13T07:12:46+00:00","og_image":[{"width":600,"height":600,"url":"https:\/\/evolve-fitness.eu\/wp-content\/uploads\/2026\/04\/EV-ST-SM-010-2.png","type":"image\/png"}],"twitter_card":"summary_large_image","schema":{"@context":"https:\/\/schema.org","@graph":[{"@type":"WebPage","@id":"https:\/\/evolve-fitness.eu\/da\/vare\/tilbehor-til-evolve-smith-maskine-sm-010\/","url":"https:\/\/evolve-fitness.eu\/da\/vare\/tilbehor-til-evolve-smith-maskine-sm-010\/","name":"Tilbeh\u00f8r til Evolve Smith-maskine (SM-010) - Evolve","isPartOf":{"@id":"https:\/\/evolve-fitness.eu\/da\/#website"},"primaryImageOfPage":{"@id":"https:\/\/evolve-fitness.eu\/da\/vare\/tilbehor-til-evolve-smith-maskine-sm-010\/#primaryimage"},"image":{"@id":"https:\/\/evolve-fitness.eu\/da\/vare\/tilbehor-til-evolve-smith-maskine-sm-010\/#primaryimage"},"thumbnailUrl":"https:\/\/evolve-fitness.eu\/wp-content\/uploads\/2026\/04\/EV-ST-SM-010-2.png","datePublished":"2026-04-09T12:20:21+00:00","dateModified":"2026-04-13T07:12:46+00:00","breadcrumb":{"@id":"https:\/\/evolve-fitness.eu\/da\/vare\/tilbehor-til-evolve-smith-maskine-sm-010\/#breadcrumb"},"inLanguage":"da-DK","potentialAction":[{"@type":"ReadAction","target":["https:\/\/evolve-fitness.eu\/da\/vare\/tilbehor-til-evolve-smith-maskine-sm-010\/"]}]},{"@type":"ImageObject","inLanguage":"da-DK","@id":"https:\/\/evolve-fitness.eu\/da\/vare\/tilbehor-til-evolve-smith-maskine-sm-010\/#primaryimage","url":"https:\/\/evolve-fitness.eu\/wp-content\/uploads\/2026\/04\/EV-ST-SM-010-2.png","contentUrl":"https:\/\/evolve-fitness.eu\/wp-content\/uploads\/2026\/04\/EV-ST-SM-010-2.png","width":600,"height":600},{"@type":"BreadcrumbList","@id":"https:\/\/evolve-fitness.eu\/da\/vare\/tilbehor-til-evolve-smith-maskine-sm-010\/#breadcrumb","itemListElement":[{"@type":"ListItem","position":1,"name":"Home","item":"https:\/\/evolve-fitness.eu\/da\/"},{"@type":"ListItem","position":2,"name":"Produkter","item":"https:\/\/evolve-fitness.eu\/da\/shop\/"},{"@type":"ListItem","position":3,"name":"Tilbeh\u00f8r til Evolve Smith-maskine (SM-010)"}]},{"@type":"WebSite","@id":"https:\/\/evolve-fitness.eu\/da\/#website","url":"https:\/\/evolve-fitness.eu\/da\/","name":"Evolve","description":"Your Evolved Gear Arrived","publisher":{"@id":"https:\/\/evolve-fitness.eu\/da\/#organization"},"potentialAction":[{"@type":"SearchAction","target":{"@type":"EntryPoint","urlTemplate":"https:\/\/evolve-fitness.eu\/da\/?s={search_term_string}"},"query-input":{"@type":"PropertyValueSpecification","valueRequired":true,"valueName":"search_term_string"}}],"inLanguage":"da-DK"},{"@type":"Organization","@id":"https:\/\/evolve-fitness.eu\/da\/#organization","name":"Evolve","url":"https:\/\/evolve-fitness.eu\/da\/","logo":{"@type":"ImageObject","inLanguage":"da-DK","@id":"https:\/\/evolve-fitness.eu\/da\/#\/schema\/logo\/image\/","url":"https:\/\/evolve-fitness.eu\/wp-content\/uploads\/2023\/05\/Evolve-logo.svg","contentUrl":"https:\/\/evolve-fitness.eu\/wp-content\/uploads\/2023\/05\/Evolve-logo.svg","width":176,"height":20,"caption":"Evolve"},"image":{"@id":"https:\/\/evolve-fitness.eu\/da\/#\/schema\/logo\/image\/"},"sameAs":["https:\/\/www.facebook.com\/EvolveFitnessEurope"]}]}},"_links":{"self":[{"href":"https:\/\/evolve-fitness.eu\/da\/wp-json\/wp\/v2\/product\/229239","targetHints":{"allow":["GET"]}}],"collection":[{"href":"https:\/\/evolve-fitness.eu\/da\/wp-json\/wp\/v2\/product"}],"about":[{"href":"https:\/\/evolve-fitness.eu\/da\/wp-json\/wp\/v2\/types\/product"}],"wp:featuredmedia":[{"embeddable":true,"href":"https:\/\/evolve-fitness.eu\/da\/wp-json\/wp\/v2\/media\/229244"}],"wp:attachment":[{"href":"https:\/\/evolve-fitness.eu\/da\/wp-json\/wp\/v2\/media?parent=229239"}],"wp:term":[{"taxonomy":"product_brand","embeddable":true,"href":"https:\/\/evolve-fitness.eu\/da\/wp-json\/wp\/v2\/product_brand?post=229239"},{"taxonomy":"product_cat","embeddable":true,"href":"https:\/\/evolve-fitness.eu\/da\/wp-json\/wp\/v2\/product_cat?post=229239"},{"taxonomy":"product_tag","embeddable":true,"href":"https:\/\/evolve-fitness.eu\/da\/wp-json\/wp\/v2\/product_tag?post=229239"}],"curies":[{"name":"wp","href":"https:\/\/api.w.org\/{rel}","templated":true}]}}