{"id":229691,"date":"2026-04-14T10:26:48","date_gmt":"2026-04-14T07:26:48","guid":{"rendered":"https:\/\/evolve-fitness.eu\/product\/evolve-in-ground-basketball-stand-ah-180\/"},"modified":"2026-04-15T13:01:16","modified_gmt":"2026-04-15T10:01:16","slug":"evolve-in-ground-basketball-stand-ah-180","status":"publish","type":"product","link":"https:\/\/evolve-fitness.eu\/da\/vare\/evolve-in-ground-basketball-stand-ah-180\/","title":{"rendered":"Evolve In-Ground Basketball Stand (AH-180)"},"content":{"rendered":"\n<section class=\"wp-block-group alignfull black-content has-white-color has-darkgray-background-color has-text-color has-background is-layout-constrained wp-block-group-is-layout-constrained\" style=\"padding-top:var(--wp--preset--spacing--section-bottom);padding-bottom:var(--wp--preset--spacing--section-bottom)\">\n<div class=\"wp-block-columns alignwide mobile-reverse is-layout-flex wp-container-core-columns-is-layout-ca64bf2d wp-block-columns-is-layout-flex\" style=\"margin-bottom:var(--wp--preset--spacing--side-padding)\">\n<div class=\"wp-block-column is-vertically-aligned-center is-layout-flow wp-block-column-is-layout-flow\">\n<h3 class=\"wp-block-heading\" style=\"margin-bottom:var(--wp--preset--spacing--h-3-bottom)\"><strong><strong>Professionelt design og justerbarhed<\/strong><\/strong><\/h3>\n\n\n\n<p style=\"margin-bottom:var(--wp--preset--spacing--tb-section-padding)\">Evolve basketballstativ med justerbar h\u00f8jde er designet til intensiv brug og giver p\u00e5lidelighed, stabilitet og en professionel spilleoplevelse. H\u00f8jdejusteringen fra 167 til 305 cm g\u00f8r det nemt at tilpasse stativet til spillere i forskellige aldre og p\u00e5 forskellige niveauer, fra ungdomstr\u00e6ning til konkurrencespil for voksne. En bagplade af 12 mm h\u00e6rdet glas med en forst\u00e6rket metalramme og aluminiumsbekl\u00e6dning sikrer fremragende holdbarhed og konsekvent boldrefleksion, mens den store bagplade (1805 \u00d7 1050 mm) underst\u00f8tter pr\u00e6cist og dynamisk spil.  <\/p>\n<\/div>\n\n\n\n<div class=\"wp-block-column is-vertically-aligned-center is-layout-flow wp-block-column-is-layout-flow\">\n<figure class=\"wp-block-gallery has-nested-images columns-default is-cropped wp-block-gallery-1 is-layout-flex wp-block-gallery-is-layout-flex\">\n<figure class=\"wp-block-image size-large\"><img decoding=\"async\" data-id=\"148046\" src=\"https:\/\/store.evolve-fitness.eu\/wp-content\/uploads\/2026\/01\/EV-BS-IG-AH-1801-1-1024x1024.png\" alt=\"\" class=\"wp-image-148046\"\/><\/figure>\n<\/figure>\n<\/div>\n<\/div>\n\n\n\n<div class=\"wp-block-columns alignwide is-layout-flex wp-container-core-columns-is-layout-c45ee707 wp-block-columns-is-layout-flex\" style=\"margin-bottom:var(--wp--preset--spacing--side-padding);padding-top:var(--wp--preset--spacing--side-padding)\">\n<div class=\"wp-block-column is-vertically-aligned-center is-layout-flow wp-block-column-is-layout-flow\">\n<div class=\"wp-block-columns is-layout-flex wp-container-core-columns-is-layout-9d6595d7 wp-block-columns-is-layout-flex\">\n<div class=\"wp-block-column is-layout-flow wp-block-column-is-layout-flow\"><\/div>\n<\/div>\n\n\n\n<figure class=\"wp-block-image size-full\"><img decoding=\"async\" src=\"https:\/\/store.evolve-fitness.eu\/wp-content\/uploads\/2026\/01\/Be-pavadinimo-600-x-600-piks.-1.png\" alt=\"\" class=\"wp-image-148350\"\/><\/figure>\n<\/div>\n\n\n\n<div class=\"wp-block-column is-vertically-aligned-center is-layout-flow wp-block-column-is-layout-flow\">\n<h3 class=\"wp-block-heading\" style=\"margin-bottom:var(--wp--preset--spacing--h-3-bottom)\">Stabilitet og langsigtede resultater<\/h3>\n\n\n\n<p>Den 45 cm h\u00f8je st\u00e5lkant med to st\u00f8dabsorberende fjedre er velegnet til intensiv leg og dunking og suppleres af et vejrbestandigt nylonnet. Med en samlet v\u00e6gt p\u00e5 277 kg og en sikker installation i jorden giver tribunen enest\u00e5ende stabilitet og sikkerhed. Den solide st\u00e5lramme med en profil p\u00e5 15 \u00d7 15 cm og en v\u00e6gtykkelse p\u00e5 4 mm sikrer langvarig holdbarhed i kr\u00e6vende milj\u00f8er.  <\/p>\n<\/div>\n<\/div>\n\n\n\n<div class=\"wp-block-columns alignwide mobile-reverse is-layout-flex wp-container-core-columns-is-layout-ca64bf2d wp-block-columns-is-layout-flex\" style=\"margin-bottom:var(--wp--preset--spacing--side-padding)\">\n<div class=\"wp-block-column is-vertically-aligned-center is-layout-flow wp-block-column-is-layout-flow\">\n<h3 class=\"wp-block-heading\" style=\"margin-bottom:var(--wp--preset--spacing--h-3-bottom)\"><strong><strong>Polstring af stangen giver ekstra sikkerhed<\/strong><\/strong><\/h3>\n\n\n\n<p style=\"margin-bottom:var(--wp--preset--spacing--tb-section-padding)\">Stolpepolstring giver ekstra sikkerhed p\u00e5 din hjemmebasketballbane ved at beskytte spillerne mod utilsigtede sammenst\u00f8d med stolpen under spillet. Det hj\u00e6lper med at reducere risikoen for skader, is\u00e6r under fast breaks, rebounds eller aggressive drives mod kurven. Puden er designet til basketballsystemer i jorden og passer sikkert rundt om stangen og absorberer st\u00f8d, samtidig med at den bevarer et rent, professionelt udseende. Det er et vigtigt sikkerhedstilbeh\u00f8r, der g\u00f8r din hjemmebane mere sikker for spillere i alle aldre og p\u00e5 alle niveauer, uden at det p\u00e5virker spillet eller pr\u00e6stationen.   <\/p>\n<\/div>\n\n\n\n<div class=\"wp-block-column is-vertically-aligned-center is-layout-flow wp-block-column-is-layout-flow\">\n<figure class=\"wp-block-gallery has-nested-images columns-default is-cropped wp-block-gallery-2 is-layout-flex wp-block-gallery-is-layout-flex\">\n<figure class=\"wp-block-image size-full is-style-rounded\"><img decoding=\"async\" data-id=\"148368\" src=\"https:\/\/store.evolve-fitness.eu\/wp-content\/uploads\/2026\/01\/Dizainas-be-pavadinimo.png\" alt=\"\" class=\"wp-image-148368\"\/><\/figure>\n<\/figure>\n<\/div>\n<\/div>\n\n\n\n<div class=\"wp-block-columns alignwide is-layout-flex wp-container-core-columns-is-layout-c45ee707 wp-block-columns-is-layout-flex\" style=\"margin-bottom:var(--wp--preset--spacing--side-padding);padding-top:var(--wp--preset--spacing--side-padding)\">\n<div class=\"wp-block-column is-vertically-aligned-center is-layout-flow wp-block-column-is-layout-flow\">\n<div class=\"wp-block-columns is-layout-flex wp-container-core-columns-is-layout-9d6595d7 wp-block-columns-is-layout-flex\">\n<div class=\"wp-block-column is-layout-flow wp-block-column-is-layout-flow\"><\/div>\n<\/div>\n\n\n\n<figure class=\"wp-block-image size-full is-style-rounded\"><img decoding=\"async\" src=\"https:\/\/store.evolve-fitness.eu\/wp-content\/uploads\/2026\/01\/Dizainas-be-pavadinimo-1.png\" alt=\"\" class=\"wp-image-148370\"\/><\/figure>\n<\/div>\n\n\n\n<div class=\"wp-block-column is-vertically-aligned-center is-layout-flow wp-block-column-is-layout-flow\">\n<h3 class=\"wp-block-heading\" style=\"margin-bottom:var(--wp--preset--spacing--h-3-bottom)\">Overfladen er behandlet med pulver af h\u00f8j kvalitet<\/h3>\n\n\n\n<p>Overfladen er behandlet med en pulverlakering af h\u00f8j kvalitet, der giver fremragende modstandsdygtighed over for vejr- og milj\u00f8forhold. Denne holdbare bel\u00e6gning beskytter st\u00e5lkonstruktionen mod korrosion, fugt, UV-eksponering og temperatur\u00e6ndringer, hvilket sikrer en langvarig ydeevne udend\u00f8rs. <\/p>\n\n\n\n<p>Takket v\u00e6re den pulverlakerede finish bevarer overfladen sit udseende og sin strukturelle integritet over tid, selv ved regelm\u00e6ssig brug p\u00e5 udend\u00f8rs hjemmebaner, skoler eller offentlige legepladser.<\/p>\n<\/div>\n<\/div>\n\n\n\n<div class=\"wp-block-columns alignwide mobile-reverse is-layout-flex wp-container-core-columns-is-layout-ca64bf2d wp-block-columns-is-layout-flex\" style=\"margin-bottom:var(--wp--preset--spacing--side-padding)\">\n<div class=\"wp-block-column is-vertically-aligned-center is-layout-flow wp-block-column-is-layout-flow\">\n<h3 class=\"wp-block-heading\" style=\"margin-bottom:var(--wp--preset--spacing--h-3-bottom)\"><strong><strong>D\u00e6ksel til monteringsplade giver<\/strong><\/strong> sikkerhed omkring basen<\/h3>\n\n\n\n<p style=\"margin-bottom:var(--wp--preset--spacing--tb-section-padding)\">Monteringspladed\u00e6kslet giver et rent, f\u00e6rdigt look og forbedrer samtidig sikkerheden omkring basketballm\u00e5lets base. Det skjuler ankerboltene, reducerer risikoen for at snuble eller komme til skade og giver installationen et mere poleret udseende. D\u00e6kslet kan nemt fjernes, s\u00e5 m\u00e5let kan l\u00f8snes og flyttes, hvis det er n\u00f8dvendigt. Det g\u00f8r det til en praktisk l\u00f8sning for brugere, der gerne vil have fleksibilitet til at flytte eller omkonfigurere deres bane i fremtiden uden at g\u00e5 p\u00e5 kompromis med sikkerheden eller \u00e6stetikken.   <\/p>\n<\/div>\n\n\n\n<div class=\"wp-block-column is-vertically-aligned-center is-layout-flow wp-block-column-is-layout-flow\">\n<figure class=\"wp-block-gallery has-nested-images columns-default is-cropped wp-block-gallery-3 is-layout-flex wp-block-gallery-is-layout-flex\">\n<figure class=\"wp-block-image size-full is-style-rounded\"><img decoding=\"async\" data-id=\"149000\" src=\"https:\/\/store.evolve-fitness.eu\/wp-content\/uploads\/2026\/01\/STOVO-DANGTIS.png\" alt=\"\" class=\"wp-image-149000\"\/><\/figure>\n<\/figure>\n<\/div>\n<\/div>\n\n\n\n<div class=\"wp-block-columns alignwide is-layout-flex wp-container-core-columns-is-layout-c45ee707 wp-block-columns-is-layout-flex\" style=\"margin-bottom:var(--wp--preset--spacing--side-padding);padding-top:var(--wp--preset--spacing--side-padding)\">\n<div class=\"wp-block-column is-vertically-aligned-center is-layout-flow wp-block-column-is-layout-flow\">\n<div class=\"wp-block-columns is-layout-flex wp-container-core-columns-is-layout-9d6595d7 wp-block-columns-is-layout-flex\">\n<div class=\"wp-block-column is-layout-flow wp-block-column-is-layout-flow\"><\/div>\n<\/div>\n\n\n\n<figure class=\"wp-block-image size-full is-style-rounded\"><img decoding=\"async\" src=\"https:\/\/store.evolve-fitness.eu\/wp-content\/uploads\/2026\/01\/183-cm-4.png\" alt=\"\" class=\"wp-image-148382\"\/><\/figure>\n<\/div>\n\n\n\n<div class=\"wp-block-column is-vertically-aligned-center is-layout-flow wp-block-column-is-layout-flow\">\n<h3 class=\"wp-block-heading\" style=\"margin-bottom:var(--wp--preset--spacing--h-3-bottom)\">Overfladen er behandlet med pulver af h\u00f8j kvalitet<\/h3>\n\n\n\n<p>Basketballsystemet er udstyret med bolte i rustfrit st\u00e5l og tyverisikrede bolth\u00e6tter, der giver \u00f8get sikkerhed og langvarig holdbarhed. Rustfrit st\u00e5l sikrer fremragende modstandsdygtighed over for rust og korrosion, selv i udend\u00f8rs milj\u00f8er udsat for regn og fugt. <\/p>\n\n\n\n<p>Tyverisikringsh\u00e6tterne tilf\u00f8jer et ekstra lag af sikkerhed ved at forhindre uautoriseret fjernelse, samtidig med at de d\u00e6kker skarpe kanter for en renere og mere sikker finish. H\u00e6tterne kan specialfremstilles med dit logo, s\u00e5 de f\u00e5r et professionelt pr\u00e6g, <\/p>\n\n\n\n<p>Takket v\u00e6re den pulverlakerede finish bevarer overfladen sit udseende og sin strukturelle integritet over tid, selv ved regelm\u00e6ssig brug p\u00e5 udend\u00f8rs hjemmebaner, skoler eller offentlige legepladser.<\/p>\n<\/div>\n<\/div>\n\n\n\n<div class=\"wp-block-columns alignwide mobile-reverse is-layout-flex wp-container-core-columns-is-layout-ca64bf2d wp-block-columns-is-layout-flex\" style=\"margin-bottom:var(--wp--preset--spacing--side-padding)\">\n<div class=\"wp-block-column is-vertically-aligned-center is-layout-flow wp-block-column-is-layout-flow\">\n<h3 class=\"wp-block-heading\" style=\"margin-bottom:var(--wp--preset--spacing--h-3-bottom)\">Basketballm\u00e5lets funktioner<\/h3>\n\n\n\n<p style=\"margin-bottom:var(--wp--preset--spacing--tb-section-padding)\">Basketballm\u00e5let har tre store st\u00f8ttearme lavet af st\u00e6rkt, kraftigt st\u00e5l, der er designet til at \u00f8ge den samlede stabilitet betydeligt. Denne forst\u00e6rkede konstruktion reducerer vibrationer og bev\u00e6gelser under spillet, selv under intens brug som f.eks. dunks eller aggressive rebounds. De solide st\u00e5larme fordeler belastningen j\u00e6vnt over hele strukturen, hvilket sikrer en fast, sikker fornemmelse og langvarig p\u00e5lidelighed til udend\u00f8rs hjemmebaner, skoler og tr\u00e6ningsfaciliteter.  <\/p>\n<\/div>\n\n\n\n<div class=\"wp-block-column is-vertically-aligned-center is-layout-flow wp-block-column-is-layout-flow\">\n<figure class=\"wp-block-gallery has-nested-images columns-default is-cropped wp-block-gallery-4 is-layout-flex wp-block-gallery-is-layout-flex\">\n<figure class=\"wp-block-image size-full is-style-rounded\"><img decoding=\"async\" data-id=\"148373\" src=\"https:\/\/store.evolve-fitness.eu\/wp-content\/uploads\/2026\/01\/Dizainas-be-pavadinimo-4.png\" alt=\"\" class=\"wp-image-148373\"\/><\/figure>\n<\/figure>\n<\/div>\n<\/div>\n\n\n\n<div class=\"wp-block-columns alignwide is-layout-flex wp-container-core-columns-is-layout-c45ee707 wp-block-columns-is-layout-flex\" style=\"margin-bottom:var(--wp--preset--spacing--side-padding);padding-top:var(--wp--preset--spacing--side-padding)\">\n<div class=\"wp-block-column is-vertically-aligned-center is-layout-flow wp-block-column-is-layout-flow\">\n<div class=\"wp-block-columns is-layout-flex wp-container-core-columns-is-layout-9d6595d7 wp-block-columns-is-layout-flex\">\n<div class=\"wp-block-column is-layout-flow wp-block-column-is-layout-flow\"><\/div>\n<\/div>\n\n\n\n<figure class=\"wp-block-image size-full is-style-rounded\"><img decoding=\"async\" src=\"https:\/\/store.evolve-fitness.eu\/wp-content\/uploads\/2026\/01\/183-cm-2.png\" alt=\"\" class=\"wp-image-148379\"\/><\/figure>\n<\/div>\n\n\n\n<div class=\"wp-block-column is-vertically-aligned-center is-layout-flow wp-block-column-is-layout-flow\">\n<h3 class=\"wp-block-heading\" style=\"margin-bottom:var(--wp--preset--spacing--h-3-bottom)\">Solid og st\u00e6rkere stang<\/h3>\n\n\n\n<p>Solid og st\u00e6rkere stolpe lavet af kraftigt st\u00e5l, designet til at give maksimal stabilitet. Den robuste konstruktion er tung nok til effektivt at afbalancere bagpladen, hvilket sikrer en fast, stabil struktur under leg og langvarig udend\u00f8rs brug. <\/p>\n<\/div>\n<\/div>\n<\/section>\n","protected":false},"excerpt":{"rendered":"<p>  Evolve basketballstativ til nedgravning med justerbar h\u00f8jde er en l\u00f8sning af h\u00f8j kvalitet, der er designet til langvarig og intensiv leg. Den justerbare h\u00f8jde p\u00e5 kurven fra 167 til 305 cm g\u00f8r det muligt at tilpasse stativet til spillere i forskellige aldre og p\u00e5 forskellige niveauer &#8211; fra b\u00f8rn til voksne. <\/p>\n<p>Den holdbare bagplade i 12 mm h\u00e6rdet glas med metalramme og aluminiumsbekl\u00e6dning sikrer fremragende st\u00f8dabsorbering, lang levetid og en spilleoplevelse p\u00e5 professionelt niveau. St\u00e5lkanten med en diameter p\u00e5 45 cm og to st\u00f8dabsorberende fjedre er designet til intensiv brug. Den massive konstruktion og den samlede v\u00e6gt p\u00e5 277 kg giver enest\u00e5ende stabilitet, mens den nedgravede installationsmetode garanterer sikker og p\u00e5lidelig brug under alle forhold.    <\/p>\n","protected":false},"featured_media":229712,"template":"","meta":{"_acf_changed":false,"inline_featured_image":false},"product_brand":[],"product_cat":[13105],"product_tag":[],"class_list":{"0":"post-229691","1":"product","2":"type-product","3":"status-publish","4":"has-post-thumbnail","6":"product_cat-basketball-udstyr","8":"first","9":"instock","10":"shipping-taxable","11":"purchasable","12":"product-type-simple"},"acf":{"long_title":"Evolve In-Ground Basketball Stand (AH-180)","subtitle":"","specifications":[{"label":"VARENUMMER","text_value":"EV-BS-IG-AH-180","icon":"x"},{"label":"M\u00e5l p\u00e5 pakken","text_value":"1930 x 1280 x 430 mm","icon":"x"},{"label":"V\u00e6gt  ","text_value":"277 kg","icon":"x"},{"label":"Omr\u00e5de for h\u00f8jdejustering","text_value":"167 x 305 cm","icon":"x"},{"label":"Rammens dimensioner","text_value":"150 x 150 mm","icon":"x"},{"label":"Type bagplade","text_value":"H\u00e6rdet glas med st\u00e5lramme","icon":"x"},{"label":"Bagplade-st\u00f8rrelse","text_value":"1805 x 1050 mm","icon":"x"},{"label":"Bagpladens tykkelse","text_value":"12 mm","icon":"x"},{"label":"Type f\u00e6lg  ","text_value":"St\u00e5lf\u00e6lg med 45 cm diameter og fjedre","icon":"x"},{"label":"Netto materiale","text_value":"Nylon, vejrbestandig","icon":"x"},{"label":"Ramme tykkelse","text_value":"4 mm","icon":"x"},{"label":"Projektion af bagplade","text_value":"120 cm","icon":"x"},{"label":"Garanti  ","text_value":"2 \u00e5r","icon":"x"}],"product_frequently_asked_questions":null},"yoast_head":"<!-- This site is optimized with the Yoast SEO plugin v27.4 - https:\/\/yoast.com\/product\/yoast-seo-wordpress\/ -->\n<title>Evolve In-Ground Basketball Stand (AH-180) - Evolve<\/title>\n<meta name=\"robots\" content=\"index, follow, max-snippet:-1, max-image-preview:large, max-video-preview:-1\" \/>\n<link rel=\"canonical\" href=\"https:\/\/evolve-fitness.eu\/da\/vare\/evolve-in-ground-basketball-stand-ah-180\/\" \/>\n<meta property=\"og:locale\" content=\"da_DK\" \/>\n<meta property=\"og:type\" content=\"article\" \/>\n<meta property=\"og:title\" content=\"Evolve In-Ground Basketball Stand (AH-180) - Evolve\" \/>\n<meta property=\"og:url\" content=\"https:\/\/evolve-fitness.eu\/da\/vare\/evolve-in-ground-basketball-stand-ah-180\/\" \/>\n<meta property=\"og:site_name\" content=\"Evolve\" \/>\n<meta property=\"article:publisher\" content=\"https:\/\/www.facebook.com\/EvolveFitnessEurope\" \/>\n<meta property=\"article:modified_time\" content=\"2026-04-15T10:01:16+00:00\" \/>\n<meta property=\"og:image\" content=\"https:\/\/evolve-fitness.eu\/wp-content\/uploads\/2026\/04\/EV-BS-IG-AH-1801.webp\" \/>\n\t<meta property=\"og:image:width\" content=\"1080\" \/>\n\t<meta property=\"og:image:height\" content=\"1080\" \/>\n\t<meta property=\"og:image:type\" content=\"image\/webp\" \/>\n<meta name=\"twitter:card\" content=\"summary_large_image\" \/>\n<script type=\"application\/ld+json\" class=\"yoast-schema-graph\">{\"@context\":\"https:\\\/\\\/schema.org\",\"@graph\":[{\"@type\":\"WebPage\",\"@id\":\"https:\\\/\\\/evolve-fitness.eu\\\/da\\\/vare\\\/evolve-in-ground-basketball-stand-ah-180\\\/\",\"url\":\"https:\\\/\\\/evolve-fitness.eu\\\/da\\\/vare\\\/evolve-in-ground-basketball-stand-ah-180\\\/\",\"name\":\"Evolve In-Ground Basketball Stand (AH-180) - Evolve\",\"isPartOf\":{\"@id\":\"https:\\\/\\\/evolve-fitness.eu\\\/da\\\/#website\"},\"primaryImageOfPage\":{\"@id\":\"https:\\\/\\\/evolve-fitness.eu\\\/da\\\/vare\\\/evolve-in-ground-basketball-stand-ah-180\\\/#primaryimage\"},\"image\":{\"@id\":\"https:\\\/\\\/evolve-fitness.eu\\\/da\\\/vare\\\/evolve-in-ground-basketball-stand-ah-180\\\/#primaryimage\"},\"thumbnailUrl\":\"https:\\\/\\\/evolve-fitness.eu\\\/wp-content\\\/uploads\\\/2026\\\/04\\\/EV-BS-IG-AH-1801.webp\",\"datePublished\":\"2026-04-14T07:26:48+00:00\",\"dateModified\":\"2026-04-15T10:01:16+00:00\",\"breadcrumb\":{\"@id\":\"https:\\\/\\\/evolve-fitness.eu\\\/da\\\/vare\\\/evolve-in-ground-basketball-stand-ah-180\\\/#breadcrumb\"},\"inLanguage\":\"da-DK\",\"potentialAction\":[{\"@type\":\"ReadAction\",\"target\":[\"https:\\\/\\\/evolve-fitness.eu\\\/da\\\/vare\\\/evolve-in-ground-basketball-stand-ah-180\\\/\"]}]},{\"@type\":\"ImageObject\",\"inLanguage\":\"da-DK\",\"@id\":\"https:\\\/\\\/evolve-fitness.eu\\\/da\\\/vare\\\/evolve-in-ground-basketball-stand-ah-180\\\/#primaryimage\",\"url\":\"https:\\\/\\\/evolve-fitness.eu\\\/wp-content\\\/uploads\\\/2026\\\/04\\\/EV-BS-IG-AH-1801.webp\",\"contentUrl\":\"https:\\\/\\\/evolve-fitness.eu\\\/wp-content\\\/uploads\\\/2026\\\/04\\\/EV-BS-IG-AH-1801.webp\",\"width\":1080,\"height\":1080},{\"@type\":\"BreadcrumbList\",\"@id\":\"https:\\\/\\\/evolve-fitness.eu\\\/da\\\/vare\\\/evolve-in-ground-basketball-stand-ah-180\\\/#breadcrumb\",\"itemListElement\":[{\"@type\":\"ListItem\",\"position\":1,\"name\":\"Home\",\"item\":\"https:\\\/\\\/evolve-fitness.eu\\\/da\\\/\"},{\"@type\":\"ListItem\",\"position\":2,\"name\":\"Produkter\",\"item\":\"https:\\\/\\\/evolve-fitness.eu\\\/da\\\/shop\\\/\"},{\"@type\":\"ListItem\",\"position\":3,\"name\":\"Evolve In-Ground Basketball Stand (AH-180)\"}]},{\"@type\":\"WebSite\",\"@id\":\"https:\\\/\\\/evolve-fitness.eu\\\/da\\\/#website\",\"url\":\"https:\\\/\\\/evolve-fitness.eu\\\/da\\\/\",\"name\":\"Evolve\",\"description\":\"Your Evolved Gear Arrived\",\"publisher\":{\"@id\":\"https:\\\/\\\/evolve-fitness.eu\\\/da\\\/#organization\"},\"potentialAction\":[{\"@type\":\"SearchAction\",\"target\":{\"@type\":\"EntryPoint\",\"urlTemplate\":\"https:\\\/\\\/evolve-fitness.eu\\\/da\\\/?s={search_term_string}\"},\"query-input\":{\"@type\":\"PropertyValueSpecification\",\"valueRequired\":true,\"valueName\":\"search_term_string\"}}],\"inLanguage\":\"da-DK\"},{\"@type\":\"Organization\",\"@id\":\"https:\\\/\\\/evolve-fitness.eu\\\/da\\\/#organization\",\"name\":\"Evolve\",\"url\":\"https:\\\/\\\/evolve-fitness.eu\\\/da\\\/\",\"logo\":{\"@type\":\"ImageObject\",\"inLanguage\":\"da-DK\",\"@id\":\"https:\\\/\\\/evolve-fitness.eu\\\/da\\\/#\\\/schema\\\/logo\\\/image\\\/\",\"url\":\"https:\\\/\\\/evolve-fitness.eu\\\/wp-content\\\/uploads\\\/2023\\\/05\\\/Evolve-logo.svg\",\"contentUrl\":\"https:\\\/\\\/evolve-fitness.eu\\\/wp-content\\\/uploads\\\/2023\\\/05\\\/Evolve-logo.svg\",\"width\":176,\"height\":20,\"caption\":\"Evolve\"},\"image\":{\"@id\":\"https:\\\/\\\/evolve-fitness.eu\\\/da\\\/#\\\/schema\\\/logo\\\/image\\\/\"},\"sameAs\":[\"https:\\\/\\\/www.facebook.com\\\/EvolveFitnessEurope\"]}]}<\/script>\n<!-- \/ Yoast SEO plugin. -->","yoast_head_json":{"title":"Evolve In-Ground Basketball Stand (AH-180) - Evolve","robots":{"index":"index","follow":"follow","max-snippet":"max-snippet:-1","max-image-preview":"max-image-preview:large","max-video-preview":"max-video-preview:-1"},"canonical":"https:\/\/evolve-fitness.eu\/da\/vare\/evolve-in-ground-basketball-stand-ah-180\/","og_locale":"da_DK","og_type":"article","og_title":"Evolve In-Ground Basketball Stand (AH-180) - Evolve","og_url":"https:\/\/evolve-fitness.eu\/da\/vare\/evolve-in-ground-basketball-stand-ah-180\/","og_site_name":"Evolve","article_publisher":"https:\/\/www.facebook.com\/EvolveFitnessEurope","article_modified_time":"2026-04-15T10:01:16+00:00","og_image":[{"width":1080,"height":1080,"url":"https:\/\/evolve-fitness.eu\/wp-content\/uploads\/2026\/04\/EV-BS-IG-AH-1801.webp","type":"image\/webp"}],"twitter_card":"summary_large_image","schema":{"@context":"https:\/\/schema.org","@graph":[{"@type":"WebPage","@id":"https:\/\/evolve-fitness.eu\/da\/vare\/evolve-in-ground-basketball-stand-ah-180\/","url":"https:\/\/evolve-fitness.eu\/da\/vare\/evolve-in-ground-basketball-stand-ah-180\/","name":"Evolve In-Ground Basketball Stand (AH-180) - Evolve","isPartOf":{"@id":"https:\/\/evolve-fitness.eu\/da\/#website"},"primaryImageOfPage":{"@id":"https:\/\/evolve-fitness.eu\/da\/vare\/evolve-in-ground-basketball-stand-ah-180\/#primaryimage"},"image":{"@id":"https:\/\/evolve-fitness.eu\/da\/vare\/evolve-in-ground-basketball-stand-ah-180\/#primaryimage"},"thumbnailUrl":"https:\/\/evolve-fitness.eu\/wp-content\/uploads\/2026\/04\/EV-BS-IG-AH-1801.webp","datePublished":"2026-04-14T07:26:48+00:00","dateModified":"2026-04-15T10:01:16+00:00","breadcrumb":{"@id":"https:\/\/evolve-fitness.eu\/da\/vare\/evolve-in-ground-basketball-stand-ah-180\/#breadcrumb"},"inLanguage":"da-DK","potentialAction":[{"@type":"ReadAction","target":["https:\/\/evolve-fitness.eu\/da\/vare\/evolve-in-ground-basketball-stand-ah-180\/"]}]},{"@type":"ImageObject","inLanguage":"da-DK","@id":"https:\/\/evolve-fitness.eu\/da\/vare\/evolve-in-ground-basketball-stand-ah-180\/#primaryimage","url":"https:\/\/evolve-fitness.eu\/wp-content\/uploads\/2026\/04\/EV-BS-IG-AH-1801.webp","contentUrl":"https:\/\/evolve-fitness.eu\/wp-content\/uploads\/2026\/04\/EV-BS-IG-AH-1801.webp","width":1080,"height":1080},{"@type":"BreadcrumbList","@id":"https:\/\/evolve-fitness.eu\/da\/vare\/evolve-in-ground-basketball-stand-ah-180\/#breadcrumb","itemListElement":[{"@type":"ListItem","position":1,"name":"Home","item":"https:\/\/evolve-fitness.eu\/da\/"},{"@type":"ListItem","position":2,"name":"Produkter","item":"https:\/\/evolve-fitness.eu\/da\/shop\/"},{"@type":"ListItem","position":3,"name":"Evolve In-Ground Basketball Stand (AH-180)"}]},{"@type":"WebSite","@id":"https:\/\/evolve-fitness.eu\/da\/#website","url":"https:\/\/evolve-fitness.eu\/da\/","name":"Evolve","description":"Your Evolved Gear Arrived","publisher":{"@id":"https:\/\/evolve-fitness.eu\/da\/#organization"},"potentialAction":[{"@type":"SearchAction","target":{"@type":"EntryPoint","urlTemplate":"https:\/\/evolve-fitness.eu\/da\/?s={search_term_string}"},"query-input":{"@type":"PropertyValueSpecification","valueRequired":true,"valueName":"search_term_string"}}],"inLanguage":"da-DK"},{"@type":"Organization","@id":"https:\/\/evolve-fitness.eu\/da\/#organization","name":"Evolve","url":"https:\/\/evolve-fitness.eu\/da\/","logo":{"@type":"ImageObject","inLanguage":"da-DK","@id":"https:\/\/evolve-fitness.eu\/da\/#\/schema\/logo\/image\/","url":"https:\/\/evolve-fitness.eu\/wp-content\/uploads\/2023\/05\/Evolve-logo.svg","contentUrl":"https:\/\/evolve-fitness.eu\/wp-content\/uploads\/2023\/05\/Evolve-logo.svg","width":176,"height":20,"caption":"Evolve"},"image":{"@id":"https:\/\/evolve-fitness.eu\/da\/#\/schema\/logo\/image\/"},"sameAs":["https:\/\/www.facebook.com\/EvolveFitnessEurope"]}]}},"_links":{"self":[{"href":"https:\/\/evolve-fitness.eu\/da\/wp-json\/wp\/v2\/product\/229691","targetHints":{"allow":["GET"]}}],"collection":[{"href":"https:\/\/evolve-fitness.eu\/da\/wp-json\/wp\/v2\/product"}],"about":[{"href":"https:\/\/evolve-fitness.eu\/da\/wp-json\/wp\/v2\/types\/product"}],"wp:featuredmedia":[{"embeddable":true,"href":"https:\/\/evolve-fitness.eu\/da\/wp-json\/wp\/v2\/media\/229712"}],"wp:attachment":[{"href":"https:\/\/evolve-fitness.eu\/da\/wp-json\/wp\/v2\/media?parent=229691"}],"wp:term":[{"taxonomy":"product_brand","embeddable":true,"href":"https:\/\/evolve-fitness.eu\/da\/wp-json\/wp\/v2\/product_brand?post=229691"},{"taxonomy":"product_cat","embeddable":true,"href":"https:\/\/evolve-fitness.eu\/da\/wp-json\/wp\/v2\/product_cat?post=229691"},{"taxonomy":"product_tag","embeddable":true,"href":"https:\/\/evolve-fitness.eu\/da\/wp-json\/wp\/v2\/product_tag?post=229691"}],"curies":[{"name":"wp","href":"https:\/\/api.w.org\/{rel}","templated":true}]}}