{"id":229987,"date":"2026-04-15T13:39:20","date_gmt":"2026-04-15T10:39:20","guid":{"rendered":"https:\/\/evolve-fitness.eu\/product\/klassiske-padelbaner\/"},"modified":"2026-04-17T13:53:14","modified_gmt":"2026-04-17T10:53:14","slug":"klassiske-padelbaner","status":"publish","type":"product","link":"https:\/\/evolve-fitness.eu\/da\/vare\/klassiske-padelbaner\/","title":{"rendered":"Klassiske padelbaner"},"content":{"rendered":"\n<section class=\"wp-block-group alignfull black-content has-white-color has-darkgray-background-color has-text-color has-background is-layout-constrained wp-block-group-is-layout-constrained\" style=\"padding-top:var(--wp--preset--spacing--section-bottom);padding-bottom:var(--wp--preset--spacing--section-bottom)\">\n<div class=\"wp-block-columns alignwide is-layout-flex wp-container-core-columns-is-layout-c45ee707 wp-block-columns-is-layout-flex\" style=\"margin-bottom:var(--wp--preset--spacing--side-padding);padding-top:var(--wp--preset--spacing--side-padding)\">\n<div class=\"wp-block-column is-vertically-aligned-center is-layout-flow wp-block-column-is-layout-flow\">\n<h3 class=\"wp-block-heading\" style=\"margin-bottom:var(--wp--preset--spacing--h-3-bottom)\"><strong>Udstyr og strukturel forst\u00e6rkning<\/strong><\/h3>\n\n\n\n<p><\/p>\n\n\n\n<p>Alle stolper i metalstrukturen er desuden forst\u00e6rket med firkantede profiler med stort tv\u00e6rsnit, hvilket giver st\u00f8rre styrke, stivhed og generel strukturel integritet. Det sikrer en p\u00e5lidelig baneydelse selv under intensiv brug og udfordrende vejrforhold. <\/p>\n\n\n\n<p>Banen er udstyret med 18 enheder af 12 mm G1 h\u00e6rdede glaspaneler, 3 mm varmgalvaniserede st\u00e5lr\u00f8r, 4 mm varmgalvaniseret st\u00e5lnet, forst\u00e6rket kunstgr\u00e6s, IP65-klassificeret LED-lys til udend\u00f8rs brug, 304 rustfri st\u00e5lbolte og alle n\u00f8dvendige fastg\u00f8relseselementer, samlinger og yderligere komponenter, der kr\u00e6ves til fuld installation af banen.<\/p>\n<\/div>\n\n\n\n<div class=\"wp-block-column is-vertically-aligned-center is-layout-flow wp-block-column-is-layout-flow\">\n<figure class=\"wp-block-image size-full is-resized is-style-rounded\"><img loading=\"lazy\" decoding=\"async\" width=\"1080\" height=\"1080\" src=\"https:\/\/evolve-fitness.eu\/wp-content\/uploads\/2026\/04\/padel-2-1.png\" alt=\"\" class=\"wp-image-232252\" style=\"width:830px;height:auto\" srcset=\"https:\/\/evolve-fitness.eu\/wp-content\/uploads\/2026\/04\/padel-2-1.png 1080w, https:\/\/evolve-fitness.eu\/wp-content\/uploads\/2026\/04\/padel-2-1-300x300.png 300w, https:\/\/evolve-fitness.eu\/wp-content\/uploads\/2026\/04\/padel-2-1-1024x1024.png 1024w, https:\/\/evolve-fitness.eu\/wp-content\/uploads\/2026\/04\/padel-2-1-150x150.png 150w, https:\/\/evolve-fitness.eu\/wp-content\/uploads\/2026\/04\/padel-2-1-768x768.png 768w, https:\/\/evolve-fitness.eu\/wp-content\/uploads\/2026\/04\/padel-2-1-600x600.png 600w\" sizes=\"auto, (max-width: 1080px) 100vw, 1080px\" \/><\/figure>\n<\/div>\n<\/div>\n\n\n\n<div class=\"wp-block-columns alignwide mobile-reverse is-layout-flex wp-container-core-columns-is-layout-ca64bf2d wp-block-columns-is-layout-flex\" style=\"margin-bottom:var(--wp--preset--spacing--side-padding)\">\n<div class=\"wp-block-column is-vertically-aligned-center is-layout-flow wp-block-column-is-layout-flow\">\n<figure class=\"wp-block-image size-full is-resized is-style-rounded\"><img loading=\"lazy\" decoding=\"async\" width=\"600\" height=\"450\" src=\"https:\/\/evolve-fitness.eu\/wp-content\/uploads\/2026\/04\/Padel-clasic.png\" alt=\"\" class=\"wp-image-229973\" style=\"width:797px;height:auto\" srcset=\"https:\/\/evolve-fitness.eu\/wp-content\/uploads\/2026\/04\/Padel-clasic.png 600w, https:\/\/evolve-fitness.eu\/wp-content\/uploads\/2026\/04\/Padel-clasic-300x225.png 300w, https:\/\/evolve-fitness.eu\/wp-content\/uploads\/2026\/04\/Padel-clasic-150x113.png 150w, https:\/\/evolve-fitness.eu\/wp-content\/uploads\/2026\/04\/Padel-clasic-200x150.png 200w\" sizes=\"auto, (max-width: 600px) 100vw, 600px\" \/><\/figure>\n<\/div>\n\n\n\n<div class=\"wp-block-column is-vertically-aligned-center is-layout-flow wp-block-column-is-layout-flow\">\n<h3 class=\"wp-block-heading\" style=\"margin-bottom:var(--wp--preset--spacing--h-3-bottom)\">S\u00f8jler og bj\u00e6lker<\/h3>\n\n\n\n<p><strong>Materiale og korrosionsbestandighed<\/strong><\/p>\n\n\n\n<p>Alle s\u00f8jler og bj\u00e6lker er lavet af varmgalvaniseret st\u00e5l af h\u00f8j kvalitet. Dimensionerne p\u00e5 st\u00e5ls\u00f8jlerne er 80 \u00d7 80 \u00d7 3 mm. Varmgalvaniseret st\u00e5l har fremragende korrosionsbeskyttende egenskaber &#8211; det ruster ikke, skaller ikke af og mister ikke sin farve, selv efter lang tids udend\u00f8rs brug.  <\/p>\n\n\n\n<p><strong>Hegn af net<\/strong><\/p>\n\n\n\n<p><strong>Dobbelt beskyttelse og sikre kanter<\/strong><\/p>\n\n\n\n<p>Nethegnet er lavet af varmgalvaniseret st\u00e5l af h\u00f8j kvalitet. Fremstillingsprocessen foreg\u00e5r i to trin: F\u00f8rst behandles st\u00e5l og net ved hj\u00e6lp af varmgalvaniseringsmetoden, og i andet trin overtr\u00e6kkes overfladen ved hj\u00e6lp af elektrostatisk pulverbel\u00e6gningsteknologi. <\/p>\n\n\n\n<p>Maskest\u00f8rrelsen er 1 \u00d7 2 m, tr\u00e5ddiameteren er 4 mm, og maskest\u00f8rrelsen er 50 \u00d7 50 mm. Kanterne p\u00e5 nettet er specielt beskyttet mod ridser og hakker, hvilket sikrer sikker brug. <\/p>\n\n\n\n<p><strong>Bolte og fastg\u00f8relseselementer<\/strong><\/p>\n\n\n\n<p><strong>304 rustfrit st\u00e5l &#8211; p\u00e5lidelig til udend\u00f8rs brug<\/strong><\/p>\n\n\n\n<p>Alt tilbeh\u00f8r og alle bolte er lavet af rustfrit st\u00e5l 304, der er beregnet til udend\u00f8rs installation. De ruster ikke i hele deres levetid, er st\u00e6rke, deformeres ikke og har en \u00e6stetisk finish af h\u00f8j kvalitet. <\/p>\n<\/div>\n<\/div>\n\n\n\n<div class=\"wp-block-columns alignwide mobile-reverse is-layout-flex wp-container-core-columns-is-layout-ca64bf2d wp-block-columns-is-layout-flex\" style=\"margin-bottom:var(--wp--preset--spacing--side-padding)\">\n<div class=\"wp-block-column is-vertically-aligned-center is-layout-flow wp-block-column-is-layout-flow\">\n<p><strong>H\u00e6rdet (float) glas<\/strong><\/p>\n\n\n\n<p><strong>12 mm G1-glaspaneler for sikkerhed og holdbarhed<\/strong><\/p>\n\n\n\n<p>Der anvendes et s\u00e6rligt 12 mm tykt eksplosionssikkert h\u00e6rdet glas, som overholder den europ\u00e6iske standard EN 12150-1. Certificeringer: SGCC, IGCC, ISO, CSI, SAI Global, AS\/NZS 4666, CCC, CE. <\/p>\n\n\n\n<p><strong>Egenskaber:<\/strong> slagfasthed, sands\u00e6kkep\u00e5virkningstest og fragmenttilstand i overensstemmelse med GB 15763.2-2005 (sikkerhedsglas til byggematerialer, del 2 &#8211; h\u00e6rdet glas). Det er ogs\u00e5 i overensstemmelse med AS\/NZS 2208:1996, EN 12150-1, CAN\/CGSB 12.1-2017 og ANSI Z97.1-2015. <\/p>\n\n\n\n<p><strong>Dimensioner:<\/strong> 2990 \u00d7 1995 mm<br\/><strong>Antal:<\/strong> 18 stk.<br\/><strong>Tykkelse<\/strong>: 12 mm<\/p>\n\n\n\n<p>I produktionen anvendes floatglas af h\u00f8jeste kvalitet, fri for urenheder, hvilket reducerer risikoen for spontane brud efter h\u00e6rdning betydeligt og forl\u00e6nger glassets levetid.<\/p>\n\n\n\n<p><strong>Kunstgr\u00e6s til padelbaner<\/strong><\/p>\n\n\n\n<p><strong>Professionel l\u00f8sning til kunstgr\u00e6s<\/strong><\/p>\n\n\n\n<p>Banen er udstyret med kunstgr\u00e6s af h\u00f8j kvalitet, der er specielt designet til padelbaner. Det overholder GB\/T 20394-2006-standarden for kunstgr\u00e6s til sportsbrug og har fremragende modstandsdygtighed over for slid, UV-str\u00e5ling, brand og antibakterielle egenskaber. <\/p>\n\n\n\n<p><strong>Standard<\/strong><\/p>\n\n\n\n<p>Overholder GB\/T 20394-2006 (premium standard for sportskunstgr\u00e6s). Denne kunstgr\u00e6smodel er et af de h\u00f8jeste kvalitetsprodukter, der er specielt fremstillet til padelbaner. <\/p>\n\n\n\n<p><strong>Kunstgr\u00e6sfibre og bagside<\/strong><\/p>\n\n\n\n<p><strong>KDK-teknologi, forst\u00e6rket bagside og l\u00e6ngere levetid<\/strong><\/p>\n\n\n\n<p>Gr\u00e6sfibermaterialet er lavet af PE-plastgranulat med h\u00f8j line\u00e6r t\u00e6thed. Takket v\u00e6re KDK-teknologi og en s\u00e6rlig fremstillingsproces bevarer gr\u00e6sfibrene deres farve og form over en lang periode, hvilket forl\u00e6nger overfladens levetid. <\/p>\n\n\n\n<p>Bagbekl\u00e6dningen er lavet af en dobbeltlags twillv\u00e6vning, som giver st\u00f8rre rivestyrke og reducerer risikoen for rynker, der kan opst\u00e5 p\u00e5 grund af tykke garner og h\u00f8j t\u00e6thed. Bagsiden er belagt med et polyuretanlag, som sikrer fibrene maksimalt og forl\u00e6nger produktets levetid. <\/p>\n\n\n\n<p><strong>Certifikater og overholdelse af standarder<\/strong><\/p>\n\n\n\n<p>CE, ROHS, GB\/T 21604-2008 (hudirritationstest), GB 21510-2008 (antibakteriel og svampedr\u00e6bende test), Lisport (slidstyrke &#8211; 150.000 cyklusser), SGS (UV-modstand &#8211; UVA 5000 timer), GB\/T 20394-2013 (brandmodstandstest), REACH 205 (europ\u00e6isk standard), GB\/T 20394-2019 (alle tests), GB 36246-2018 (alle tests).<\/p>\n<\/div>\n\n\n\n<div class=\"wp-block-column is-vertically-aligned-center is-layout-flow wp-block-column-is-layout-flow\">\n<figure class=\"wp-block-image size-full is-resized is-style-rounded\"><img loading=\"lazy\" decoding=\"async\" width=\"1080\" height=\"1080\" src=\"https:\/\/evolve-fitness.eu\/wp-content\/uploads\/2026\/04\/padel-2-1.png\" alt=\"\" class=\"wp-image-232252\" style=\"width:864px;height:auto\" srcset=\"https:\/\/evolve-fitness.eu\/wp-content\/uploads\/2026\/04\/padel-2-1.png 1080w, https:\/\/evolve-fitness.eu\/wp-content\/uploads\/2026\/04\/padel-2-1-300x300.png 300w, https:\/\/evolve-fitness.eu\/wp-content\/uploads\/2026\/04\/padel-2-1-1024x1024.png 1024w, https:\/\/evolve-fitness.eu\/wp-content\/uploads\/2026\/04\/padel-2-1-150x150.png 150w, https:\/\/evolve-fitness.eu\/wp-content\/uploads\/2026\/04\/padel-2-1-768x768.png 768w, https:\/\/evolve-fitness.eu\/wp-content\/uploads\/2026\/04\/padel-2-1-600x600.png 600w\" sizes=\"auto, (max-width: 1080px) 100vw, 1080px\" \/><\/figure>\n<\/div>\n<\/div>\n<\/section>\n","protected":false},"excerpt":{"rendered":"<p>Klassisk padelbane &#8211; en st\u00e6rk og holdbar struktur<\/p>\n<p>En klassisk padelbane med en st\u00e6rk, \u00e6stetisk og praktisk struktur, der er designet til langvarig udend\u00f8rs brug. Glasdelen af konstruktionen er forst\u00e6rket med 16 s\u00f8jles\u00e6t, der sikrer st\u00f8rre stabilitet og sikker fastg\u00f8relse af glaspanelerne. Hele metalrammen er konstrueret til at forbedre modstanden mod udend\u00f8rs vindbelastninger betydeligt og til at sikre sikker brug selv under udfordrende milj\u00f8forhold.  <\/p>\n","protected":false},"featured_media":232255,"template":"","meta":{"_acf_changed":false,"inline_featured_image":false},"product_brand":[],"product_cat":[13120],"product_tag":[],"class_list":{"0":"post-229987","1":"product","2":"type-product","3":"status-publish","4":"has-post-thumbnail","6":"product_cat-padel-baner","8":"first","9":"instock","10":"shipping-taxable","11":"purchasable","12":"product-type-simple"},"acf":{"long_title":"Klassiske padelbaner","subtitle":"","specifications":[{"label":"L\u00e6ngde","text_value":"20.000 mm","icon":"x"},{"label":"H\u00f8jde","text_value":"12 mm","icon":"x"},{"label":"Dimensioner","text_value":"2990 \u00d7 1995 mm","icon":"x"},{"label":"M\u00e6ngde","text_value":"18 stk.","icon":"x"},{"label":"Type gr\u00e6sgarn","text_value":"10.000 Dtex","icon":"x"},{"label":"Farve","text_value":"bl\u00e5 (tilpassede farver er tilg\u00e6ngelige)","icon":"x"},{"label":"T\u00e6thed","text_value":"63,000 \/ m\u00b2","icon":"x"},{"label":"M\u00e5ler","text_value":"4,76 mm","icon":"x"},{"label":"Baggrund","text_value":"PP+ PP+ PU-net","icon":"x"},{"label":"Glasets tykkelse","text_value":"12 mm med 8 unders\u00e6nkede fastg\u00f8relseshuller","icon":"x"}],"product_frequently_asked_questions":null},"yoast_head":"<!-- This site is optimized with the Yoast SEO plugin v27.4 - https:\/\/yoast.com\/product\/yoast-seo-wordpress\/ -->\n<title>Klassiske padelbaner - Evolve<\/title>\n<meta name=\"robots\" content=\"index, follow, max-snippet:-1, max-image-preview:large, max-video-preview:-1\" \/>\n<link rel=\"canonical\" href=\"https:\/\/evolve-fitness.eu\/da\/vare\/klassiske-padelbaner\/\" \/>\n<meta property=\"og:locale\" content=\"da_DK\" \/>\n<meta property=\"og:type\" content=\"article\" \/>\n<meta property=\"og:title\" content=\"Klassiske padelbaner - Evolve\" \/>\n<meta property=\"og:url\" content=\"https:\/\/evolve-fitness.eu\/da\/vare\/klassiske-padelbaner\/\" \/>\n<meta property=\"og:site_name\" content=\"Evolve\" \/>\n<meta property=\"article:publisher\" content=\"https:\/\/www.facebook.com\/EvolveFitnessEurope\" \/>\n<meta property=\"article:modified_time\" content=\"2026-04-17T10:53:14+00:00\" \/>\n<meta property=\"og:image\" content=\"https:\/\/evolve-fitness.eu\/wp-content\/uploads\/2026\/04\/padel-2-1.png\" \/>\n\t<meta property=\"og:image:width\" content=\"1080\" \/>\n\t<meta property=\"og:image:height\" content=\"1080\" \/>\n\t<meta property=\"og:image:type\" content=\"image\/png\" \/>\n<meta name=\"twitter:card\" content=\"summary_large_image\" \/>\n<script type=\"application\/ld+json\" class=\"yoast-schema-graph\">{\"@context\":\"https:\\\/\\\/schema.org\",\"@graph\":[{\"@type\":\"WebPage\",\"@id\":\"https:\\\/\\\/evolve-fitness.eu\\\/da\\\/vare\\\/klassiske-padelbaner\\\/\",\"url\":\"https:\\\/\\\/evolve-fitness.eu\\\/da\\\/vare\\\/klassiske-padelbaner\\\/\",\"name\":\"Klassiske padelbaner - Evolve\",\"isPartOf\":{\"@id\":\"https:\\\/\\\/evolve-fitness.eu\\\/da\\\/#website\"},\"primaryImageOfPage\":{\"@id\":\"https:\\\/\\\/evolve-fitness.eu\\\/da\\\/vare\\\/klassiske-padelbaner\\\/#primaryimage\"},\"image\":{\"@id\":\"https:\\\/\\\/evolve-fitness.eu\\\/da\\\/vare\\\/klassiske-padelbaner\\\/#primaryimage\"},\"thumbnailUrl\":\"https:\\\/\\\/evolve-fitness.eu\\\/wp-content\\\/uploads\\\/2026\\\/04\\\/padel-2-1.png\",\"datePublished\":\"2026-04-15T10:39:20+00:00\",\"dateModified\":\"2026-04-17T10:53:14+00:00\",\"breadcrumb\":{\"@id\":\"https:\\\/\\\/evolve-fitness.eu\\\/da\\\/vare\\\/klassiske-padelbaner\\\/#breadcrumb\"},\"inLanguage\":\"da-DK\",\"potentialAction\":[{\"@type\":\"ReadAction\",\"target\":[\"https:\\\/\\\/evolve-fitness.eu\\\/da\\\/vare\\\/klassiske-padelbaner\\\/\"]}]},{\"@type\":\"ImageObject\",\"inLanguage\":\"da-DK\",\"@id\":\"https:\\\/\\\/evolve-fitness.eu\\\/da\\\/vare\\\/klassiske-padelbaner\\\/#primaryimage\",\"url\":\"https:\\\/\\\/evolve-fitness.eu\\\/wp-content\\\/uploads\\\/2026\\\/04\\\/padel-2-1.png\",\"contentUrl\":\"https:\\\/\\\/evolve-fitness.eu\\\/wp-content\\\/uploads\\\/2026\\\/04\\\/padel-2-1.png\",\"width\":1080,\"height\":1080},{\"@type\":\"BreadcrumbList\",\"@id\":\"https:\\\/\\\/evolve-fitness.eu\\\/da\\\/vare\\\/klassiske-padelbaner\\\/#breadcrumb\",\"itemListElement\":[{\"@type\":\"ListItem\",\"position\":1,\"name\":\"Home\",\"item\":\"https:\\\/\\\/evolve-fitness.eu\\\/da\\\/\"},{\"@type\":\"ListItem\",\"position\":2,\"name\":\"Produkter\",\"item\":\"https:\\\/\\\/evolve-fitness.eu\\\/da\\\/shop\\\/\"},{\"@type\":\"ListItem\",\"position\":3,\"name\":\"Klassiske padelbaner\"}]},{\"@type\":\"WebSite\",\"@id\":\"https:\\\/\\\/evolve-fitness.eu\\\/da\\\/#website\",\"url\":\"https:\\\/\\\/evolve-fitness.eu\\\/da\\\/\",\"name\":\"Evolve\",\"description\":\"Your Evolved Gear Arrived\",\"publisher\":{\"@id\":\"https:\\\/\\\/evolve-fitness.eu\\\/da\\\/#organization\"},\"potentialAction\":[{\"@type\":\"SearchAction\",\"target\":{\"@type\":\"EntryPoint\",\"urlTemplate\":\"https:\\\/\\\/evolve-fitness.eu\\\/da\\\/?s={search_term_string}\"},\"query-input\":{\"@type\":\"PropertyValueSpecification\",\"valueRequired\":true,\"valueName\":\"search_term_string\"}}],\"inLanguage\":\"da-DK\"},{\"@type\":\"Organization\",\"@id\":\"https:\\\/\\\/evolve-fitness.eu\\\/da\\\/#organization\",\"name\":\"Evolve\",\"url\":\"https:\\\/\\\/evolve-fitness.eu\\\/da\\\/\",\"logo\":{\"@type\":\"ImageObject\",\"inLanguage\":\"da-DK\",\"@id\":\"https:\\\/\\\/evolve-fitness.eu\\\/da\\\/#\\\/schema\\\/logo\\\/image\\\/\",\"url\":\"https:\\\/\\\/evolve-fitness.eu\\\/wp-content\\\/uploads\\\/2023\\\/05\\\/Evolve-logo.svg\",\"contentUrl\":\"https:\\\/\\\/evolve-fitness.eu\\\/wp-content\\\/uploads\\\/2023\\\/05\\\/Evolve-logo.svg\",\"width\":176,\"height\":20,\"caption\":\"Evolve\"},\"image\":{\"@id\":\"https:\\\/\\\/evolve-fitness.eu\\\/da\\\/#\\\/schema\\\/logo\\\/image\\\/\"},\"sameAs\":[\"https:\\\/\\\/www.facebook.com\\\/EvolveFitnessEurope\"]}]}<\/script>\n<!-- \/ Yoast SEO plugin. -->","yoast_head_json":{"title":"Klassiske padelbaner - Evolve","robots":{"index":"index","follow":"follow","max-snippet":"max-snippet:-1","max-image-preview":"max-image-preview:large","max-video-preview":"max-video-preview:-1"},"canonical":"https:\/\/evolve-fitness.eu\/da\/vare\/klassiske-padelbaner\/","og_locale":"da_DK","og_type":"article","og_title":"Klassiske padelbaner - Evolve","og_url":"https:\/\/evolve-fitness.eu\/da\/vare\/klassiske-padelbaner\/","og_site_name":"Evolve","article_publisher":"https:\/\/www.facebook.com\/EvolveFitnessEurope","article_modified_time":"2026-04-17T10:53:14+00:00","og_image":[{"width":1080,"height":1080,"url":"https:\/\/evolve-fitness.eu\/wp-content\/uploads\/2026\/04\/padel-2-1.png","type":"image\/png"}],"twitter_card":"summary_large_image","schema":{"@context":"https:\/\/schema.org","@graph":[{"@type":"WebPage","@id":"https:\/\/evolve-fitness.eu\/da\/vare\/klassiske-padelbaner\/","url":"https:\/\/evolve-fitness.eu\/da\/vare\/klassiske-padelbaner\/","name":"Klassiske padelbaner - Evolve","isPartOf":{"@id":"https:\/\/evolve-fitness.eu\/da\/#website"},"primaryImageOfPage":{"@id":"https:\/\/evolve-fitness.eu\/da\/vare\/klassiske-padelbaner\/#primaryimage"},"image":{"@id":"https:\/\/evolve-fitness.eu\/da\/vare\/klassiske-padelbaner\/#primaryimage"},"thumbnailUrl":"https:\/\/evolve-fitness.eu\/wp-content\/uploads\/2026\/04\/padel-2-1.png","datePublished":"2026-04-15T10:39:20+00:00","dateModified":"2026-04-17T10:53:14+00:00","breadcrumb":{"@id":"https:\/\/evolve-fitness.eu\/da\/vare\/klassiske-padelbaner\/#breadcrumb"},"inLanguage":"da-DK","potentialAction":[{"@type":"ReadAction","target":["https:\/\/evolve-fitness.eu\/da\/vare\/klassiske-padelbaner\/"]}]},{"@type":"ImageObject","inLanguage":"da-DK","@id":"https:\/\/evolve-fitness.eu\/da\/vare\/klassiske-padelbaner\/#primaryimage","url":"https:\/\/evolve-fitness.eu\/wp-content\/uploads\/2026\/04\/padel-2-1.png","contentUrl":"https:\/\/evolve-fitness.eu\/wp-content\/uploads\/2026\/04\/padel-2-1.png","width":1080,"height":1080},{"@type":"BreadcrumbList","@id":"https:\/\/evolve-fitness.eu\/da\/vare\/klassiske-padelbaner\/#breadcrumb","itemListElement":[{"@type":"ListItem","position":1,"name":"Home","item":"https:\/\/evolve-fitness.eu\/da\/"},{"@type":"ListItem","position":2,"name":"Produkter","item":"https:\/\/evolve-fitness.eu\/da\/shop\/"},{"@type":"ListItem","position":3,"name":"Klassiske padelbaner"}]},{"@type":"WebSite","@id":"https:\/\/evolve-fitness.eu\/da\/#website","url":"https:\/\/evolve-fitness.eu\/da\/","name":"Evolve","description":"Your Evolved Gear Arrived","publisher":{"@id":"https:\/\/evolve-fitness.eu\/da\/#organization"},"potentialAction":[{"@type":"SearchAction","target":{"@type":"EntryPoint","urlTemplate":"https:\/\/evolve-fitness.eu\/da\/?s={search_term_string}"},"query-input":{"@type":"PropertyValueSpecification","valueRequired":true,"valueName":"search_term_string"}}],"inLanguage":"da-DK"},{"@type":"Organization","@id":"https:\/\/evolve-fitness.eu\/da\/#organization","name":"Evolve","url":"https:\/\/evolve-fitness.eu\/da\/","logo":{"@type":"ImageObject","inLanguage":"da-DK","@id":"https:\/\/evolve-fitness.eu\/da\/#\/schema\/logo\/image\/","url":"https:\/\/evolve-fitness.eu\/wp-content\/uploads\/2023\/05\/Evolve-logo.svg","contentUrl":"https:\/\/evolve-fitness.eu\/wp-content\/uploads\/2023\/05\/Evolve-logo.svg","width":176,"height":20,"caption":"Evolve"},"image":{"@id":"https:\/\/evolve-fitness.eu\/da\/#\/schema\/logo\/image\/"},"sameAs":["https:\/\/www.facebook.com\/EvolveFitnessEurope"]}]}},"_links":{"self":[{"href":"https:\/\/evolve-fitness.eu\/da\/wp-json\/wp\/v2\/product\/229987","targetHints":{"allow":["GET"]}}],"collection":[{"href":"https:\/\/evolve-fitness.eu\/da\/wp-json\/wp\/v2\/product"}],"about":[{"href":"https:\/\/evolve-fitness.eu\/da\/wp-json\/wp\/v2\/types\/product"}],"wp:featuredmedia":[{"embeddable":true,"href":"https:\/\/evolve-fitness.eu\/da\/wp-json\/wp\/v2\/media\/232255"}],"wp:attachment":[{"href":"https:\/\/evolve-fitness.eu\/da\/wp-json\/wp\/v2\/media?parent=229987"}],"wp:term":[{"taxonomy":"product_brand","embeddable":true,"href":"https:\/\/evolve-fitness.eu\/da\/wp-json\/wp\/v2\/product_brand?post=229987"},{"taxonomy":"product_cat","embeddable":true,"href":"https:\/\/evolve-fitness.eu\/da\/wp-json\/wp\/v2\/product_cat?post=229987"},{"taxonomy":"product_tag","embeddable":true,"href":"https:\/\/evolve-fitness.eu\/da\/wp-json\/wp\/v2\/product_tag?post=229987"}],"curies":[{"name":"wp","href":"https:\/\/api.w.org\/{rel}","templated":true}]}}