{"id":230214,"date":"2026-04-15T15:24:43","date_gmt":"2026-04-15T12:24:43","guid":{"rendered":"https:\/\/evolve-fitness.eu\/product\/evolve-sportsgulv-af-polypropylen-ev-fl-pp-antal-8-93-m%c2%b2\/"},"modified":"2026-04-16T13:54:01","modified_gmt":"2026-04-16T10:54:01","slug":"evolve-sportsgulv-af-polypropylen-ev-fl-pp-antal-8-93-m%c2%b2","status":"publish","type":"product","link":"https:\/\/evolve-fitness.eu\/da\/vare\/evolve-sportsgulv-af-polypropylen-ev-fl-pp-antal-8-93-m%c2%b2\/","title":{"rendered":"Evolve sportsgulve af polypropylen (FL-PP)"},"content":{"rendered":"\n<section class=\"wp-block-group alignfull black-content has-white-color has-darkgray-background-color has-text-color has-background is-layout-constrained wp-block-group-is-layout-constrained\" style=\"padding-top:var(--wp--preset--spacing--section-bottom);padding-bottom:var(--wp--preset--spacing--section-bottom)\">\n<div class=\"wp-block-columns alignwide is-layout-flex wp-container-core-columns-is-layout-c45ee707 wp-block-columns-is-layout-flex\" style=\"margin-bottom:var(--wp--preset--spacing--side-padding);padding-top:var(--wp--preset--spacing--side-padding)\">\n<div class=\"wp-block-column is-vertically-aligned-center is-layout-flow wp-block-column-is-layout-flow\">\n<h3 class=\"wp-block-heading\" style=\"margin-bottom:var(--wp--preset--spacing--h-3-bottom)\"><strong>Slidst\u00e6rke sportsgulve af polypropylen til aktive rum<\/strong><\/h3>\n\n\n\n<p>Evolve polypropylen-sportsgulve er en holdbar og praktisk overflade af h\u00f8j kvalitet, der er designet til en lang r\u00e6kke sports- og aktivitetsomr\u00e5der. Det er fremstillet af f\u00f8rsteklasses polypropylen og har en fremragende modstandsdygtighed over for mekaniske skader, UV-eksponering og fugt, hvilket g\u00f8r det velegnet til kr\u00e6vende daglig brug. Den robuste konstruktion g\u00f8r den ideel til aktiviteter som l\u00f8b, fodbold, tennis og legepladser, mens den nemme og hurtige installation er med til at reducere vedligeholdelses- og reparationsomkostningerne. Gulvbel\u00e6gningen f\u00e5s i brun og gr\u00e5 og passer naturligt ind i forskellige milj\u00f8er og giver langvarig ydeevne til sportsbaner, udend\u00f8rs aktivitetszoner og tr\u00e6ningsrum.   <\/p>\n\n\n\n<p><\/p>\n\n\n\n<p><\/p>\n<\/div>\n\n\n\n<div class=\"wp-block-column is-vertically-aligned-center is-layout-flow wp-block-column-is-layout-flow\">\n<figure class=\"wp-block-image size-full\"><img loading=\"lazy\" decoding=\"async\" width=\"1080\" height=\"1080\" src=\"https:\/\/evolve-fitness.eu\/wp-content\/uploads\/2026\/04\/EV-FL-PP-1.png\" alt=\"\" class=\"wp-image-230149\" srcset=\"https:\/\/evolve-fitness.eu\/wp-content\/uploads\/2026\/04\/EV-FL-PP-1.png 1080w, https:\/\/evolve-fitness.eu\/wp-content\/uploads\/2026\/04\/EV-FL-PP-1-300x300.png 300w, https:\/\/evolve-fitness.eu\/wp-content\/uploads\/2026\/04\/EV-FL-PP-1-1024x1024.png 1024w, https:\/\/evolve-fitness.eu\/wp-content\/uploads\/2026\/04\/EV-FL-PP-1-150x150.png 150w, https:\/\/evolve-fitness.eu\/wp-content\/uploads\/2026\/04\/EV-FL-PP-1-768x768.png 768w, https:\/\/evolve-fitness.eu\/wp-content\/uploads\/2026\/04\/EV-FL-PP-1-600x600.png 600w\" sizes=\"auto, (max-width: 1080px) 100vw, 1080px\" \/><\/figure>\n<\/div>\n<\/div>\n\n\n\n<div class=\"wp-block-columns alignwide mobile-reverse is-layout-flex wp-container-core-columns-is-layout-ca64bf2d wp-block-columns-is-layout-flex\" style=\"margin-bottom:var(--wp--preset--spacing--side-padding)\">\n<div class=\"wp-block-column is-vertically-aligned-center is-layout-flow wp-block-column-is-layout-flow\">\n<div class=\"wp-block-columns is-layout-flex wp-container-core-columns-is-layout-9d6595d7 wp-block-columns-is-layout-flex\">\n<div class=\"wp-block-column is-layout-flow wp-block-column-is-layout-flow\" style=\"flex-basis:100%\">\n<figure class=\"wp-block-image size-full is-resized\"><img loading=\"lazy\" decoding=\"async\" width=\"1080\" height=\"1080\" src=\"https:\/\/evolve-fitness.eu\/wp-content\/uploads\/2026\/04\/EV-FL-PP-2.png\" alt=\"\" class=\"wp-image-230150\" style=\"width:710px;height:auto\" srcset=\"https:\/\/evolve-fitness.eu\/wp-content\/uploads\/2026\/04\/EV-FL-PP-2.png 1080w, https:\/\/evolve-fitness.eu\/wp-content\/uploads\/2026\/04\/EV-FL-PP-2-300x300.png 300w, https:\/\/evolve-fitness.eu\/wp-content\/uploads\/2026\/04\/EV-FL-PP-2-1024x1024.png 1024w, https:\/\/evolve-fitness.eu\/wp-content\/uploads\/2026\/04\/EV-FL-PP-2-150x150.png 150w, https:\/\/evolve-fitness.eu\/wp-content\/uploads\/2026\/04\/EV-FL-PP-2-768x768.png 768w, https:\/\/evolve-fitness.eu\/wp-content\/uploads\/2026\/04\/EV-FL-PP-2-600x600.png 600w\" sizes=\"auto, (max-width: 1080px) 100vw, 1080px\" \/><\/figure>\n<\/div>\n<\/div>\n<\/div>\n\n\n\n<div class=\"wp-block-column is-vertically-aligned-center is-layout-flow wp-block-column-is-layout-flow\">\n<h3 class=\"wp-block-heading\" style=\"margin-bottom:var(--wp--preset--spacing--h-3-bottom)\">Alsidig anvendelse og praktiske bestillingsdetaljer<\/h3>\n\n\n\n<p>Evolve sportsgulve af polypropylen er velegnede til en lang r\u00e6kke milj\u00f8er, herunder sportsbaner til fodbold, basketball, tennis og volleyball samt rekreative omr\u00e5der, tr\u00e6ningszoner, legepladser og andre udend\u00f8rs sports- eller fritidsomr\u00e5der. Den mindste bestillingsm\u00e6ngde er 1 kasse, der d\u00e6kker 8,93 m\u00b2, og hver kasse vejer 33 kg. Dette gulv er et fremragende valg for dem, der leder efter en holdbar, praktisk og p\u00e5lidelig sportsoverflade, der er let at vedligeholde og velegnet til b\u00e5de indend\u00f8rs og udend\u00f8rs brug.  <\/p>\n\n\n\n<p><\/p>\n<\/div>\n<\/div>\n<\/section>\n","protected":false},"excerpt":{"rendered":"<p>Evolve sportsgulve af polypropylen er en slidst\u00e6rk overflade af polypropylen, der er designet til en lang r\u00e6kke sportsgrene og aktive fritidsomr\u00e5der. Gulvet er modstandsdygtigt over for intensiv brug, let at vedligeholde og perfekt egnet til b\u00e5de indend\u00f8rs og udend\u00f8rs omr\u00e5der, afh\u00e6ngigt af installationsstedet. Det er et p\u00e5lideligt valg for dem, der er p\u00e5 udkig efter en langtidsholdbar, praktisk og let at installere sportsoverflade.  <\/p>\n<p>Der er to farvemuligheder: brun eller gr\u00e5.  <\/p>\n","protected":false},"featured_media":230215,"template":"","meta":{"_acf_changed":false,"inline_featured_image":false},"product_brand":[],"product_cat":[5259],"product_tag":[],"class_list":{"0":"post-230214","1":"product","2":"type-product","3":"status-publish","4":"has-post-thumbnail","6":"product_cat-gulvbelaegning","8":"first","9":"instock","10":"shipping-taxable","11":"purchasable","12":"product-type-variable"},"acf":{"long_title":"Evolve sportsgulve af polypropylen (FL-PP)  ","subtitle":"","specifications":[{"label":"VARENUMMER","text_value":"EV-FL-PP","icon":"x"},{"label":"Materiale","text_value":"polypropylen","icon":"x"},{"label":"Farve","text_value":"brun | gr\u00e5","icon":"x"},{"label":"Dimensioner p\u00e5 1 flise","text_value":"8,93 m\u00b2","icon":"x"},{"label":"V\u00e6gt","text_value":"33 kg (1 kasse)","icon":"x"},{"label":"UV-bestandighed","text_value":"ja - hj\u00e6lper med at forhindre, at farven falmer under udend\u00f8rs forhold","icon":"x"},{"label":"Modstandsdygtighed over for fugt","text_value":"direkte montering med specielle fastg\u00f8relseselementer","icon":"v"},{"label":"Monteringstype","text_value":"direkte montering med specielle fastg\u00f8relseselementer","icon":"x"},{"label":"Vedligeholdelse","text_value":"nem at reng\u00f8re og vedligeholde med almindelige reng\u00f8ringsmidler","icon":"x"},{"label":"Lydabsorption","text_value":"medium (det anbefales at bruge ekstra lydisolering i tilst\u00f8dende rum, hvis det er n\u00f8dvendigt)","icon":"x"},{"label":"Mindste ordrem\u00e6ngde","text_value":"1 kasse (8,93 m\u00b2)","icon":"x"},{"label":"V\u00e6gt af 1 kasse","text_value":"33 kg","icon":"x"},{"label":"Anvendelsesomr\u00e5der","text_value":"sportsbaner (fodbold, basketball, tennis, volleyball) | rekreations- og tr\u00e6ningsomr\u00e5der | legepladser | udend\u00f8rs sportspladser og omr\u00e5der til aktiv fritid","icon":"x"}],"product_frequently_asked_questions":null},"yoast_head":"<!-- This site is optimized with the Yoast SEO plugin v27.4 - https:\/\/yoast.com\/product\/yoast-seo-wordpress\/ -->\n<title>Evolve sportsgulve af polypropylen (FL-PP) - Evolve<\/title>\n<meta name=\"robots\" content=\"index, follow, max-snippet:-1, max-image-preview:large, max-video-preview:-1\" \/>\n<link rel=\"canonical\" href=\"https:\/\/evolve-fitness.eu\/da\/vare\/evolve-sportsgulv-af-polypropylen-ev-fl-pp-antal-8-93-m%c2%b2\/\" \/>\n<meta property=\"og:locale\" content=\"da_DK\" \/>\n<meta property=\"og:type\" content=\"article\" \/>\n<meta property=\"og:title\" content=\"Evolve sportsgulve af polypropylen (FL-PP) - Evolve\" \/>\n<meta property=\"og:url\" content=\"https:\/\/evolve-fitness.eu\/da\/vare\/evolve-sportsgulv-af-polypropylen-ev-fl-pp-antal-8-93-m%c2%b2\/\" \/>\n<meta property=\"og:site_name\" content=\"Evolve\" \/>\n<meta property=\"article:publisher\" content=\"https:\/\/www.facebook.com\/EvolveFitnessEurope\" \/>\n<meta property=\"article:modified_time\" content=\"2026-04-16T10:54:01+00:00\" \/>\n<meta property=\"og:image\" content=\"https:\/\/evolve-fitness.eu\/wp-content\/uploads\/2026\/04\/EV-FL-PP-GR-1.png\" \/>\n\t<meta property=\"og:image:width\" content=\"1080\" \/>\n\t<meta property=\"og:image:height\" content=\"1080\" \/>\n\t<meta property=\"og:image:type\" content=\"image\/png\" \/>\n<meta name=\"twitter:card\" content=\"summary_large_image\" \/>\n<script type=\"application\/ld+json\" class=\"yoast-schema-graph\">{\"@context\":\"https:\\\/\\\/schema.org\",\"@graph\":[{\"@type\":\"WebPage\",\"@id\":\"https:\\\/\\\/evolve-fitness.eu\\\/da\\\/vare\\\/evolve-sportsgulv-af-polypropylen-ev-fl-pp-antal-8-93-m%c2%b2\\\/\",\"url\":\"https:\\\/\\\/evolve-fitness.eu\\\/da\\\/vare\\\/evolve-sportsgulv-af-polypropylen-ev-fl-pp-antal-8-93-m%c2%b2\\\/\",\"name\":\"Evolve sportsgulve af polypropylen (FL-PP) - Evolve\",\"isPartOf\":{\"@id\":\"https:\\\/\\\/evolve-fitness.eu\\\/da\\\/#website\"},\"primaryImageOfPage\":{\"@id\":\"https:\\\/\\\/evolve-fitness.eu\\\/da\\\/vare\\\/evolve-sportsgulv-af-polypropylen-ev-fl-pp-antal-8-93-m%c2%b2\\\/#primaryimage\"},\"image\":{\"@id\":\"https:\\\/\\\/evolve-fitness.eu\\\/da\\\/vare\\\/evolve-sportsgulv-af-polypropylen-ev-fl-pp-antal-8-93-m%c2%b2\\\/#primaryimage\"},\"thumbnailUrl\":\"https:\\\/\\\/evolve-fitness.eu\\\/wp-content\\\/uploads\\\/2026\\\/04\\\/EV-FL-PP-GR-1.png\",\"datePublished\":\"2026-04-15T12:24:43+00:00\",\"dateModified\":\"2026-04-16T10:54:01+00:00\",\"breadcrumb\":{\"@id\":\"https:\\\/\\\/evolve-fitness.eu\\\/da\\\/vare\\\/evolve-sportsgulv-af-polypropylen-ev-fl-pp-antal-8-93-m%c2%b2\\\/#breadcrumb\"},\"inLanguage\":\"da-DK\",\"potentialAction\":[{\"@type\":\"ReadAction\",\"target\":[\"https:\\\/\\\/evolve-fitness.eu\\\/da\\\/vare\\\/evolve-sportsgulv-af-polypropylen-ev-fl-pp-antal-8-93-m%c2%b2\\\/\"]}]},{\"@type\":\"ImageObject\",\"inLanguage\":\"da-DK\",\"@id\":\"https:\\\/\\\/evolve-fitness.eu\\\/da\\\/vare\\\/evolve-sportsgulv-af-polypropylen-ev-fl-pp-antal-8-93-m%c2%b2\\\/#primaryimage\",\"url\":\"https:\\\/\\\/evolve-fitness.eu\\\/wp-content\\\/uploads\\\/2026\\\/04\\\/EV-FL-PP-GR-1.png\",\"contentUrl\":\"https:\\\/\\\/evolve-fitness.eu\\\/wp-content\\\/uploads\\\/2026\\\/04\\\/EV-FL-PP-GR-1.png\",\"width\":1080,\"height\":1080},{\"@type\":\"BreadcrumbList\",\"@id\":\"https:\\\/\\\/evolve-fitness.eu\\\/da\\\/vare\\\/evolve-sportsgulv-af-polypropylen-ev-fl-pp-antal-8-93-m%c2%b2\\\/#breadcrumb\",\"itemListElement\":[{\"@type\":\"ListItem\",\"position\":1,\"name\":\"Home\",\"item\":\"https:\\\/\\\/evolve-fitness.eu\\\/da\\\/\"},{\"@type\":\"ListItem\",\"position\":2,\"name\":\"Produkter\",\"item\":\"https:\\\/\\\/evolve-fitness.eu\\\/da\\\/shop\\\/\"},{\"@type\":\"ListItem\",\"position\":3,\"name\":\"Evolve sportsgulve af polypropylen (FL-PP)\"}]},{\"@type\":\"WebSite\",\"@id\":\"https:\\\/\\\/evolve-fitness.eu\\\/da\\\/#website\",\"url\":\"https:\\\/\\\/evolve-fitness.eu\\\/da\\\/\",\"name\":\"Evolve\",\"description\":\"Your Evolved Gear Arrived\",\"publisher\":{\"@id\":\"https:\\\/\\\/evolve-fitness.eu\\\/da\\\/#organization\"},\"potentialAction\":[{\"@type\":\"SearchAction\",\"target\":{\"@type\":\"EntryPoint\",\"urlTemplate\":\"https:\\\/\\\/evolve-fitness.eu\\\/da\\\/?s={search_term_string}\"},\"query-input\":{\"@type\":\"PropertyValueSpecification\",\"valueRequired\":true,\"valueName\":\"search_term_string\"}}],\"inLanguage\":\"da-DK\"},{\"@type\":\"Organization\",\"@id\":\"https:\\\/\\\/evolve-fitness.eu\\\/da\\\/#organization\",\"name\":\"Evolve\",\"url\":\"https:\\\/\\\/evolve-fitness.eu\\\/da\\\/\",\"logo\":{\"@type\":\"ImageObject\",\"inLanguage\":\"da-DK\",\"@id\":\"https:\\\/\\\/evolve-fitness.eu\\\/da\\\/#\\\/schema\\\/logo\\\/image\\\/\",\"url\":\"https:\\\/\\\/evolve-fitness.eu\\\/wp-content\\\/uploads\\\/2023\\\/05\\\/Evolve-logo.svg\",\"contentUrl\":\"https:\\\/\\\/evolve-fitness.eu\\\/wp-content\\\/uploads\\\/2023\\\/05\\\/Evolve-logo.svg\",\"width\":176,\"height\":20,\"caption\":\"Evolve\"},\"image\":{\"@id\":\"https:\\\/\\\/evolve-fitness.eu\\\/da\\\/#\\\/schema\\\/logo\\\/image\\\/\"},\"sameAs\":[\"https:\\\/\\\/www.facebook.com\\\/EvolveFitnessEurope\"]}]}<\/script>\n<!-- \/ Yoast SEO plugin. -->","yoast_head_json":{"title":"Evolve sportsgulve af polypropylen (FL-PP) - Evolve","robots":{"index":"index","follow":"follow","max-snippet":"max-snippet:-1","max-image-preview":"max-image-preview:large","max-video-preview":"max-video-preview:-1"},"canonical":"https:\/\/evolve-fitness.eu\/da\/vare\/evolve-sportsgulv-af-polypropylen-ev-fl-pp-antal-8-93-m%c2%b2\/","og_locale":"da_DK","og_type":"article","og_title":"Evolve sportsgulve af polypropylen (FL-PP) - Evolve","og_url":"https:\/\/evolve-fitness.eu\/da\/vare\/evolve-sportsgulv-af-polypropylen-ev-fl-pp-antal-8-93-m%c2%b2\/","og_site_name":"Evolve","article_publisher":"https:\/\/www.facebook.com\/EvolveFitnessEurope","article_modified_time":"2026-04-16T10:54:01+00:00","og_image":[{"width":1080,"height":1080,"url":"https:\/\/evolve-fitness.eu\/wp-content\/uploads\/2026\/04\/EV-FL-PP-GR-1.png","type":"image\/png"}],"twitter_card":"summary_large_image","schema":{"@context":"https:\/\/schema.org","@graph":[{"@type":"WebPage","@id":"https:\/\/evolve-fitness.eu\/da\/vare\/evolve-sportsgulv-af-polypropylen-ev-fl-pp-antal-8-93-m%c2%b2\/","url":"https:\/\/evolve-fitness.eu\/da\/vare\/evolve-sportsgulv-af-polypropylen-ev-fl-pp-antal-8-93-m%c2%b2\/","name":"Evolve sportsgulve af polypropylen (FL-PP) - Evolve","isPartOf":{"@id":"https:\/\/evolve-fitness.eu\/da\/#website"},"primaryImageOfPage":{"@id":"https:\/\/evolve-fitness.eu\/da\/vare\/evolve-sportsgulv-af-polypropylen-ev-fl-pp-antal-8-93-m%c2%b2\/#primaryimage"},"image":{"@id":"https:\/\/evolve-fitness.eu\/da\/vare\/evolve-sportsgulv-af-polypropylen-ev-fl-pp-antal-8-93-m%c2%b2\/#primaryimage"},"thumbnailUrl":"https:\/\/evolve-fitness.eu\/wp-content\/uploads\/2026\/04\/EV-FL-PP-GR-1.png","datePublished":"2026-04-15T12:24:43+00:00","dateModified":"2026-04-16T10:54:01+00:00","breadcrumb":{"@id":"https:\/\/evolve-fitness.eu\/da\/vare\/evolve-sportsgulv-af-polypropylen-ev-fl-pp-antal-8-93-m%c2%b2\/#breadcrumb"},"inLanguage":"da-DK","potentialAction":[{"@type":"ReadAction","target":["https:\/\/evolve-fitness.eu\/da\/vare\/evolve-sportsgulv-af-polypropylen-ev-fl-pp-antal-8-93-m%c2%b2\/"]}]},{"@type":"ImageObject","inLanguage":"da-DK","@id":"https:\/\/evolve-fitness.eu\/da\/vare\/evolve-sportsgulv-af-polypropylen-ev-fl-pp-antal-8-93-m%c2%b2\/#primaryimage","url":"https:\/\/evolve-fitness.eu\/wp-content\/uploads\/2026\/04\/EV-FL-PP-GR-1.png","contentUrl":"https:\/\/evolve-fitness.eu\/wp-content\/uploads\/2026\/04\/EV-FL-PP-GR-1.png","width":1080,"height":1080},{"@type":"BreadcrumbList","@id":"https:\/\/evolve-fitness.eu\/da\/vare\/evolve-sportsgulv-af-polypropylen-ev-fl-pp-antal-8-93-m%c2%b2\/#breadcrumb","itemListElement":[{"@type":"ListItem","position":1,"name":"Home","item":"https:\/\/evolve-fitness.eu\/da\/"},{"@type":"ListItem","position":2,"name":"Produkter","item":"https:\/\/evolve-fitness.eu\/da\/shop\/"},{"@type":"ListItem","position":3,"name":"Evolve sportsgulve af polypropylen (FL-PP)"}]},{"@type":"WebSite","@id":"https:\/\/evolve-fitness.eu\/da\/#website","url":"https:\/\/evolve-fitness.eu\/da\/","name":"Evolve","description":"Your Evolved Gear Arrived","publisher":{"@id":"https:\/\/evolve-fitness.eu\/da\/#organization"},"potentialAction":[{"@type":"SearchAction","target":{"@type":"EntryPoint","urlTemplate":"https:\/\/evolve-fitness.eu\/da\/?s={search_term_string}"},"query-input":{"@type":"PropertyValueSpecification","valueRequired":true,"valueName":"search_term_string"}}],"inLanguage":"da-DK"},{"@type":"Organization","@id":"https:\/\/evolve-fitness.eu\/da\/#organization","name":"Evolve","url":"https:\/\/evolve-fitness.eu\/da\/","logo":{"@type":"ImageObject","inLanguage":"da-DK","@id":"https:\/\/evolve-fitness.eu\/da\/#\/schema\/logo\/image\/","url":"https:\/\/evolve-fitness.eu\/wp-content\/uploads\/2023\/05\/Evolve-logo.svg","contentUrl":"https:\/\/evolve-fitness.eu\/wp-content\/uploads\/2023\/05\/Evolve-logo.svg","width":176,"height":20,"caption":"Evolve"},"image":{"@id":"https:\/\/evolve-fitness.eu\/da\/#\/schema\/logo\/image\/"},"sameAs":["https:\/\/www.facebook.com\/EvolveFitnessEurope"]}]}},"_links":{"self":[{"href":"https:\/\/evolve-fitness.eu\/da\/wp-json\/wp\/v2\/product\/230214","targetHints":{"allow":["GET"]}}],"collection":[{"href":"https:\/\/evolve-fitness.eu\/da\/wp-json\/wp\/v2\/product"}],"about":[{"href":"https:\/\/evolve-fitness.eu\/da\/wp-json\/wp\/v2\/types\/product"}],"wp:featuredmedia":[{"embeddable":true,"href":"https:\/\/evolve-fitness.eu\/da\/wp-json\/wp\/v2\/media\/230215"}],"wp:attachment":[{"href":"https:\/\/evolve-fitness.eu\/da\/wp-json\/wp\/v2\/media?parent=230214"}],"wp:term":[{"taxonomy":"product_brand","embeddable":true,"href":"https:\/\/evolve-fitness.eu\/da\/wp-json\/wp\/v2\/product_brand?post=230214"},{"taxonomy":"product_cat","embeddable":true,"href":"https:\/\/evolve-fitness.eu\/da\/wp-json\/wp\/v2\/product_cat?post=230214"},{"taxonomy":"product_tag","embeddable":true,"href":"https:\/\/evolve-fitness.eu\/da\/wp-json\/wp\/v2\/product_tag?post=230214"}],"curies":[{"name":"wp","href":"https:\/\/api.w.org\/{rel}","templated":true}]}}