{"id":230275,"date":"2026-04-16T08:42:57","date_gmt":"2026-04-16T05:42:57","guid":{"rendered":"https:\/\/evolve-fitness.eu\/?post_type=product&#038;p=230275"},"modified":"2026-04-16T11:04:41","modified_gmt":"2026-04-16T08:04:41","slug":"evolve-sportsgulv-af-polypropylen-ev-fl-pp-antal-8-93-m%c2%b2-copy","status":"publish","type":"product","link":"https:\/\/evolve-fitness.eu\/da\/vare\/evolve-sportsgulv-af-polypropylen-ev-fl-pp-antal-8-93-m%c2%b2-copy\/","title":{"rendered":"Evolve termoplastisk sportsgulv (FL-TP)"},"content":{"rendered":"\n<section class=\"wp-block-group alignfull black-content has-white-color has-darkgray-background-color has-text-color has-background is-layout-constrained wp-block-group-is-layout-constrained\" style=\"padding-top:var(--wp--preset--spacing--section-bottom);padding-bottom:var(--wp--preset--spacing--section-bottom)\">\n<div class=\"wp-block-columns alignwide is-layout-flex wp-container-core-columns-is-layout-c45ee707 wp-block-columns-is-layout-flex\" style=\"margin-bottom:var(--wp--preset--spacing--side-padding);padding-top:var(--wp--preset--spacing--side-padding)\">\n<div class=\"wp-block-column is-vertically-aligned-center is-layout-flow wp-block-column-is-layout-flow\">\n<h3 class=\"wp-block-heading\" style=\"margin-bottom:var(--wp--preset--spacing--h-3-bottom)\"><strong>Holdbare og alsidige sportsgulve<\/strong><\/h3>\n\n\n\n<p>Evolve termoplastiske sportsgulve er en holdbar og alsidig overflade af h\u00f8j kvalitet, der er designet til en bred vifte af sportsbaner. I dag er de vigtigste kriterier for installation af sportsbaner sportsgulvets alsidighed og langtidsholdbarhed. Denne overflade er modstandsdygtig over for intensiv brug, nem at vedligeholde og perfekt egnet til udend\u00f8rsarealer. Evolve-gulvsystemet er nemt at installere, mens dets holdbarhed og praktiske egenskaber sikrer en h\u00f8j grad af tilfredshed hos brugerne af sportsbaner og andre aktive omr\u00e5der.   <\/p>\n\n\n\n<p><\/p>\n\n\n\n<p><\/p>\n<\/div>\n\n\n\n<div class=\"wp-block-column is-vertically-aligned-center is-layout-flow wp-block-column-is-layout-flow\">\n<figure class=\"wp-block-image size-full\"><img loading=\"lazy\" decoding=\"async\" width=\"1080\" height=\"1080\" src=\"https:\/\/evolve-fitness.eu\/wp-content\/uploads\/2026\/04\/EV-FL-TP-1.png\" alt=\"\" class=\"wp-image-230303\" srcset=\"https:\/\/evolve-fitness.eu\/wp-content\/uploads\/2026\/04\/EV-FL-TP-1.png 1080w, https:\/\/evolve-fitness.eu\/wp-content\/uploads\/2026\/04\/EV-FL-TP-1-300x300.png 300w, https:\/\/evolve-fitness.eu\/wp-content\/uploads\/2026\/04\/EV-FL-TP-1-1024x1024.png 1024w, https:\/\/evolve-fitness.eu\/wp-content\/uploads\/2026\/04\/EV-FL-TP-1-150x150.png 150w, https:\/\/evolve-fitness.eu\/wp-content\/uploads\/2026\/04\/EV-FL-TP-1-768x768.png 768w, https:\/\/evolve-fitness.eu\/wp-content\/uploads\/2026\/04\/EV-FL-TP-1-600x600.png 600w\" sizes=\"auto, (max-width: 1080px) 100vw, 1080px\" \/><\/figure>\n<\/div>\n<\/div>\n\n\n\n<div class=\"wp-block-columns alignwide mobile-reverse is-layout-flex wp-container-core-columns-is-layout-ca64bf2d wp-block-columns-is-layout-flex\" style=\"margin-bottom:var(--wp--preset--spacing--side-padding)\">\n<div class=\"wp-block-column is-vertically-aligned-center is-layout-flow wp-block-column-is-layout-flow\">\n<div class=\"wp-block-columns is-layout-flex wp-container-core-columns-is-layout-9d6595d7 wp-block-columns-is-layout-flex\">\n<div class=\"wp-block-column is-layout-flow wp-block-column-is-layout-flow\" style=\"flex-basis:100%\">\n<figure class=\"wp-block-image size-full is-resized\"><img loading=\"lazy\" decoding=\"async\" width=\"1080\" height=\"1080\" src=\"https:\/\/evolve-fitness.eu\/wp-content\/uploads\/2026\/04\/EV-FL-TP-2-1.png\" alt=\"\" class=\"wp-image-230304\" style=\"width:710px;height:auto\" srcset=\"https:\/\/evolve-fitness.eu\/wp-content\/uploads\/2026\/04\/EV-FL-TP-2-1.png 1080w, https:\/\/evolve-fitness.eu\/wp-content\/uploads\/2026\/04\/EV-FL-TP-2-1-300x300.png 300w, https:\/\/evolve-fitness.eu\/wp-content\/uploads\/2026\/04\/EV-FL-TP-2-1-1024x1024.png 1024w, https:\/\/evolve-fitness.eu\/wp-content\/uploads\/2026\/04\/EV-FL-TP-2-1-150x150.png 150w, https:\/\/evolve-fitness.eu\/wp-content\/uploads\/2026\/04\/EV-FL-TP-2-1-768x768.png 768w, https:\/\/evolve-fitness.eu\/wp-content\/uploads\/2026\/04\/EV-FL-TP-2-1-600x600.png 600w\" sizes=\"auto, (max-width: 1080px) 100vw, 1080px\" \/><\/figure>\n<\/div>\n<\/div>\n<\/div>\n\n\n\n<div class=\"wp-block-column is-vertically-aligned-center is-layout-flow wp-block-column-is-layout-flow\">\n<h3 class=\"wp-block-heading\" style=\"margin-bottom:var(--wp--preset--spacing--h-3-bottom)\">Praktisk vedligeholdelse og tilpasning<\/h3>\n\n\n\n<p>Evolve termoplastiske sportsgulve er lette at vedligeholde og enkle at reng\u00f8re takket v\u00e6re den vandgennemtr\u00e6ngelige overflade, som g\u00f8r det nemt at feje eller vaske. Gulvet har et fritflydende installationssystem, s\u00e5 der kr\u00e6ves ingen kl\u00e6bemidler eller fastg\u00f8relsesmaterialer under monteringen. Det kan ogs\u00e5 tilpasses med forskellige banelinjer, farvekombinationer, logoer og grafiske elementer. Den mindste bestillingsm\u00e6ngde er 1 kasse (8,93 m\u00b2), og v\u00e6gten af 1 kasse er 36 kg. Dette gulv er et fremragende valg for dem, der er p\u00e5 udkig efter en holdbar og praktisk sportsoverflade, der har fremragende st\u00f8dabsorberende egenskaber og g\u00f8r det ideelt til b\u00e5de professionelle og amat\u00f8rsportsbaner, samtidig med at det kun kr\u00e6ver minimale vedligeholdelsesomkostninger.    <\/p>\n\n\n\n<p><\/p>\n<\/div>\n<\/div>\n<\/section>\n","protected":false},"excerpt":{"rendered":"<p>Udend\u00f8rs banegulve af termoplast er ideelle til tennis, fodbold, basketball, h\u00e5ndbold, volleyball, badminton og meget mere. Gulvet udm\u00e6rker sig ved sine fremragende st\u00f8dabsorberende egenskaber. Det er modstandsdygtigt over for frost og UV-str\u00e5ler, falmer ikke i solen og forbliver stabilt.  <\/p>\n<p>F\u00e5s i to farver: gr\u00f8n eller bl\u00e5.<\/p>\n","protected":false},"featured_media":230349,"template":"","meta":{"_acf_changed":false,"inline_featured_image":false},"product_brand":[],"product_cat":[5259],"product_tag":[],"class_list":{"0":"post-230275","1":"product","2":"type-product","3":"status-publish","4":"has-post-thumbnail","6":"product_cat-gulvbelaegning","8":"first","9":"instock","10":"shipping-taxable","11":"purchasable","12":"product-type-variable"},"acf":{"long_title":"Evolve termoplastisk sportsgulv (FL-TP)  ","subtitle":"","specifications":[{"label":"VARENUMMER","text_value":"EV-FL-TP","icon":"x"},{"label":"Materiale","text_value":"Vejrbestandig termoplast","icon":"x"},{"label":"Dimensioner","text_value":"30,48 x 30,48 x 1,4 cm","icon":"x"},{"label":"V\u00e6gt","text_value":"370 g (en flise)","icon":"x"},{"label":"Struktur","text_value":"dobbelt gitter","icon":"x"},{"label":"Tilslutningstype","text_value":"Dobbelte l\u00e5setapper p\u00e5 hver side for nem og hurtig montering","icon":"x"},{"label":"Farver","text_value":"gr\u00f8n eller bl\u00e5","icon":"x"},{"label":"UV-bestandighed","text_value":"ja - for\u00e5rsager ikke farvefading under udend\u00f8rs forhold","icon":"x"},{"label":"Modstandsdygtighed over for fugt","text_value":"medium (det anbefales at bruge ekstra lydisolering i tilst\u00f8dende rum, hvis det er n\u00f8dvendigt)","icon":"v"},{"label":"Installationstype","text_value":"Fritflydende system - kr\u00e6ver ingen lim eller fastg\u00f8relsesmaterialer","icon":"x"},{"label":"Anvendelsesomr\u00e5der","text_value":"tennisbaner | basketballbaner | fodboldbaner | h\u00e5ndboldbaner | volleyballbaner | badmintonbaner | multifunktionelle sportsbaner","icon":"x"},{"label":"V\u00e6gt af 1 kasse","text_value":"36 kg","icon":"x"},{"label":"Reng\u00f8ring","text_value":"nem at reng\u00f8re - vandgennemtr\u00e6ngelig overflade, enkel fejning eller vask","icon":"x"},{"label":"Montering","text_value":"Fritflydende system - kr\u00e6ver ingen lim eller fastg\u00f8relsesmaterialer","icon":"x"},{"label":"Tilpasning","text_value":"forskellige linjemarkeringer, farvekombinationer, logoer og grafiske elementer er tilg\u00e6ngelige","icon":"x"},{"label":"UV-bestandighed","text_value":"falmer ikke i sollys, uden m\u00e6rkbar slitage i mindst 5 \u00e5r","icon":"x"},{"label":"Hurtig t\u00f8rring","text_value":"Vandgennemtr\u00e6ngelig overflade - der er ikke noget vand tilbage efter regn","icon":"x"},{"label":"St\u00f8dabsorbering","text_value":"Fremragende st\u00f8dabsorberende egenskaber for sikker leg","icon":"x"},{"label":"Frostbestandighed","text_value":"forbliver stabil og fleksibel om vinteren","icon":"x"},{"label":"Tr\u00e6kkraft","text_value":"optimale overfladeegenskaber for effektivt spil","icon":"x"},{"label":"Lateral fleksibilitet","text_value":"giver behagelig bev\u00e6gelse","icon":"x"}],"product_frequently_asked_questions":null},"yoast_head":"<!-- This site is optimized with the Yoast SEO plugin v27.4 - https:\/\/yoast.com\/product\/yoast-seo-wordpress\/ -->\n<title>Evolve termoplastisk sportsgulv (FL-TP) - Evolve<\/title>\n<meta name=\"robots\" content=\"index, follow, max-snippet:-1, max-image-preview:large, max-video-preview:-1\" \/>\n<link rel=\"canonical\" href=\"https:\/\/evolve-fitness.eu\/da\/vare\/evolve-sportsgulv-af-polypropylen-ev-fl-pp-antal-8-93-m%c2%b2-copy\/\" \/>\n<meta property=\"og:locale\" content=\"da_DK\" \/>\n<meta property=\"og:type\" content=\"article\" \/>\n<meta property=\"og:title\" content=\"Evolve termoplastisk sportsgulv (FL-TP) - Evolve\" \/>\n<meta property=\"og:url\" content=\"https:\/\/evolve-fitness.eu\/da\/vare\/evolve-sportsgulv-af-polypropylen-ev-fl-pp-antal-8-93-m%c2%b2-copy\/\" \/>\n<meta property=\"og:site_name\" content=\"Evolve\" \/>\n<meta property=\"article:publisher\" content=\"https:\/\/www.facebook.com\/EvolveFitnessEurope\" \/>\n<meta property=\"article:modified_time\" content=\"2026-04-16T08:04:41+00:00\" \/>\n<meta property=\"og:image\" content=\"https:\/\/evolve-fitness.eu\/wp-content\/uploads\/2026\/04\/ev-fl-tp-1-1.png\" \/>\n\t<meta property=\"og:image:width\" content=\"1080\" \/>\n\t<meta property=\"og:image:height\" content=\"1080\" \/>\n\t<meta property=\"og:image:type\" content=\"image\/png\" \/>\n<meta name=\"twitter:card\" content=\"summary_large_image\" \/>\n<script type=\"application\/ld+json\" class=\"yoast-schema-graph\">{\"@context\":\"https:\\\/\\\/schema.org\",\"@graph\":[{\"@type\":\"WebPage\",\"@id\":\"https:\\\/\\\/evolve-fitness.eu\\\/da\\\/vare\\\/evolve-sportsgulv-af-polypropylen-ev-fl-pp-antal-8-93-m%c2%b2-copy\\\/\",\"url\":\"https:\\\/\\\/evolve-fitness.eu\\\/da\\\/vare\\\/evolve-sportsgulv-af-polypropylen-ev-fl-pp-antal-8-93-m%c2%b2-copy\\\/\",\"name\":\"Evolve termoplastisk sportsgulv (FL-TP) - Evolve\",\"isPartOf\":{\"@id\":\"https:\\\/\\\/evolve-fitness.eu\\\/da\\\/#website\"},\"primaryImageOfPage\":{\"@id\":\"https:\\\/\\\/evolve-fitness.eu\\\/da\\\/vare\\\/evolve-sportsgulv-af-polypropylen-ev-fl-pp-antal-8-93-m%c2%b2-copy\\\/#primaryimage\"},\"image\":{\"@id\":\"https:\\\/\\\/evolve-fitness.eu\\\/da\\\/vare\\\/evolve-sportsgulv-af-polypropylen-ev-fl-pp-antal-8-93-m%c2%b2-copy\\\/#primaryimage\"},\"thumbnailUrl\":\"https:\\\/\\\/evolve-fitness.eu\\\/wp-content\\\/uploads\\\/2026\\\/04\\\/ev-fl-tp-1-1.png\",\"datePublished\":\"2026-04-16T05:42:57+00:00\",\"dateModified\":\"2026-04-16T08:04:41+00:00\",\"breadcrumb\":{\"@id\":\"https:\\\/\\\/evolve-fitness.eu\\\/da\\\/vare\\\/evolve-sportsgulv-af-polypropylen-ev-fl-pp-antal-8-93-m%c2%b2-copy\\\/#breadcrumb\"},\"inLanguage\":\"da-DK\",\"potentialAction\":[{\"@type\":\"ReadAction\",\"target\":[\"https:\\\/\\\/evolve-fitness.eu\\\/da\\\/vare\\\/evolve-sportsgulv-af-polypropylen-ev-fl-pp-antal-8-93-m%c2%b2-copy\\\/\"]}]},{\"@type\":\"ImageObject\",\"inLanguage\":\"da-DK\",\"@id\":\"https:\\\/\\\/evolve-fitness.eu\\\/da\\\/vare\\\/evolve-sportsgulv-af-polypropylen-ev-fl-pp-antal-8-93-m%c2%b2-copy\\\/#primaryimage\",\"url\":\"https:\\\/\\\/evolve-fitness.eu\\\/wp-content\\\/uploads\\\/2026\\\/04\\\/ev-fl-tp-1-1.png\",\"contentUrl\":\"https:\\\/\\\/evolve-fitness.eu\\\/wp-content\\\/uploads\\\/2026\\\/04\\\/ev-fl-tp-1-1.png\",\"width\":1080,\"height\":1080},{\"@type\":\"BreadcrumbList\",\"@id\":\"https:\\\/\\\/evolve-fitness.eu\\\/da\\\/vare\\\/evolve-sportsgulv-af-polypropylen-ev-fl-pp-antal-8-93-m%c2%b2-copy\\\/#breadcrumb\",\"itemListElement\":[{\"@type\":\"ListItem\",\"position\":1,\"name\":\"Home\",\"item\":\"https:\\\/\\\/evolve-fitness.eu\\\/da\\\/\"},{\"@type\":\"ListItem\",\"position\":2,\"name\":\"Produkter\",\"item\":\"https:\\\/\\\/evolve-fitness.eu\\\/da\\\/shop\\\/\"},{\"@type\":\"ListItem\",\"position\":3,\"name\":\"Evolve termoplastisk sportsgulv (FL-TP)\"}]},{\"@type\":\"WebSite\",\"@id\":\"https:\\\/\\\/evolve-fitness.eu\\\/da\\\/#website\",\"url\":\"https:\\\/\\\/evolve-fitness.eu\\\/da\\\/\",\"name\":\"Evolve\",\"description\":\"Your Evolved Gear Arrived\",\"publisher\":{\"@id\":\"https:\\\/\\\/evolve-fitness.eu\\\/da\\\/#organization\"},\"potentialAction\":[{\"@type\":\"SearchAction\",\"target\":{\"@type\":\"EntryPoint\",\"urlTemplate\":\"https:\\\/\\\/evolve-fitness.eu\\\/da\\\/?s={search_term_string}\"},\"query-input\":{\"@type\":\"PropertyValueSpecification\",\"valueRequired\":true,\"valueName\":\"search_term_string\"}}],\"inLanguage\":\"da-DK\"},{\"@type\":\"Organization\",\"@id\":\"https:\\\/\\\/evolve-fitness.eu\\\/da\\\/#organization\",\"name\":\"Evolve\",\"url\":\"https:\\\/\\\/evolve-fitness.eu\\\/da\\\/\",\"logo\":{\"@type\":\"ImageObject\",\"inLanguage\":\"da-DK\",\"@id\":\"https:\\\/\\\/evolve-fitness.eu\\\/da\\\/#\\\/schema\\\/logo\\\/image\\\/\",\"url\":\"https:\\\/\\\/evolve-fitness.eu\\\/wp-content\\\/uploads\\\/2023\\\/05\\\/Evolve-logo.svg\",\"contentUrl\":\"https:\\\/\\\/evolve-fitness.eu\\\/wp-content\\\/uploads\\\/2023\\\/05\\\/Evolve-logo.svg\",\"width\":176,\"height\":20,\"caption\":\"Evolve\"},\"image\":{\"@id\":\"https:\\\/\\\/evolve-fitness.eu\\\/da\\\/#\\\/schema\\\/logo\\\/image\\\/\"},\"sameAs\":[\"https:\\\/\\\/www.facebook.com\\\/EvolveFitnessEurope\"]}]}<\/script>\n<!-- \/ Yoast SEO plugin. -->","yoast_head_json":{"title":"Evolve termoplastisk sportsgulv (FL-TP) - Evolve","robots":{"index":"index","follow":"follow","max-snippet":"max-snippet:-1","max-image-preview":"max-image-preview:large","max-video-preview":"max-video-preview:-1"},"canonical":"https:\/\/evolve-fitness.eu\/da\/vare\/evolve-sportsgulv-af-polypropylen-ev-fl-pp-antal-8-93-m%c2%b2-copy\/","og_locale":"da_DK","og_type":"article","og_title":"Evolve termoplastisk sportsgulv (FL-TP) - Evolve","og_url":"https:\/\/evolve-fitness.eu\/da\/vare\/evolve-sportsgulv-af-polypropylen-ev-fl-pp-antal-8-93-m%c2%b2-copy\/","og_site_name":"Evolve","article_publisher":"https:\/\/www.facebook.com\/EvolveFitnessEurope","article_modified_time":"2026-04-16T08:04:41+00:00","og_image":[{"width":1080,"height":1080,"url":"https:\/\/evolve-fitness.eu\/wp-content\/uploads\/2026\/04\/ev-fl-tp-1-1.png","type":"image\/png"}],"twitter_card":"summary_large_image","schema":{"@context":"https:\/\/schema.org","@graph":[{"@type":"WebPage","@id":"https:\/\/evolve-fitness.eu\/da\/vare\/evolve-sportsgulv-af-polypropylen-ev-fl-pp-antal-8-93-m%c2%b2-copy\/","url":"https:\/\/evolve-fitness.eu\/da\/vare\/evolve-sportsgulv-af-polypropylen-ev-fl-pp-antal-8-93-m%c2%b2-copy\/","name":"Evolve termoplastisk sportsgulv (FL-TP) - Evolve","isPartOf":{"@id":"https:\/\/evolve-fitness.eu\/da\/#website"},"primaryImageOfPage":{"@id":"https:\/\/evolve-fitness.eu\/da\/vare\/evolve-sportsgulv-af-polypropylen-ev-fl-pp-antal-8-93-m%c2%b2-copy\/#primaryimage"},"image":{"@id":"https:\/\/evolve-fitness.eu\/da\/vare\/evolve-sportsgulv-af-polypropylen-ev-fl-pp-antal-8-93-m%c2%b2-copy\/#primaryimage"},"thumbnailUrl":"https:\/\/evolve-fitness.eu\/wp-content\/uploads\/2026\/04\/ev-fl-tp-1-1.png","datePublished":"2026-04-16T05:42:57+00:00","dateModified":"2026-04-16T08:04:41+00:00","breadcrumb":{"@id":"https:\/\/evolve-fitness.eu\/da\/vare\/evolve-sportsgulv-af-polypropylen-ev-fl-pp-antal-8-93-m%c2%b2-copy\/#breadcrumb"},"inLanguage":"da-DK","potentialAction":[{"@type":"ReadAction","target":["https:\/\/evolve-fitness.eu\/da\/vare\/evolve-sportsgulv-af-polypropylen-ev-fl-pp-antal-8-93-m%c2%b2-copy\/"]}]},{"@type":"ImageObject","inLanguage":"da-DK","@id":"https:\/\/evolve-fitness.eu\/da\/vare\/evolve-sportsgulv-af-polypropylen-ev-fl-pp-antal-8-93-m%c2%b2-copy\/#primaryimage","url":"https:\/\/evolve-fitness.eu\/wp-content\/uploads\/2026\/04\/ev-fl-tp-1-1.png","contentUrl":"https:\/\/evolve-fitness.eu\/wp-content\/uploads\/2026\/04\/ev-fl-tp-1-1.png","width":1080,"height":1080},{"@type":"BreadcrumbList","@id":"https:\/\/evolve-fitness.eu\/da\/vare\/evolve-sportsgulv-af-polypropylen-ev-fl-pp-antal-8-93-m%c2%b2-copy\/#breadcrumb","itemListElement":[{"@type":"ListItem","position":1,"name":"Home","item":"https:\/\/evolve-fitness.eu\/da\/"},{"@type":"ListItem","position":2,"name":"Produkter","item":"https:\/\/evolve-fitness.eu\/da\/shop\/"},{"@type":"ListItem","position":3,"name":"Evolve termoplastisk sportsgulv (FL-TP)"}]},{"@type":"WebSite","@id":"https:\/\/evolve-fitness.eu\/da\/#website","url":"https:\/\/evolve-fitness.eu\/da\/","name":"Evolve","description":"Your Evolved Gear Arrived","publisher":{"@id":"https:\/\/evolve-fitness.eu\/da\/#organization"},"potentialAction":[{"@type":"SearchAction","target":{"@type":"EntryPoint","urlTemplate":"https:\/\/evolve-fitness.eu\/da\/?s={search_term_string}"},"query-input":{"@type":"PropertyValueSpecification","valueRequired":true,"valueName":"search_term_string"}}],"inLanguage":"da-DK"},{"@type":"Organization","@id":"https:\/\/evolve-fitness.eu\/da\/#organization","name":"Evolve","url":"https:\/\/evolve-fitness.eu\/da\/","logo":{"@type":"ImageObject","inLanguage":"da-DK","@id":"https:\/\/evolve-fitness.eu\/da\/#\/schema\/logo\/image\/","url":"https:\/\/evolve-fitness.eu\/wp-content\/uploads\/2023\/05\/Evolve-logo.svg","contentUrl":"https:\/\/evolve-fitness.eu\/wp-content\/uploads\/2023\/05\/Evolve-logo.svg","width":176,"height":20,"caption":"Evolve"},"image":{"@id":"https:\/\/evolve-fitness.eu\/da\/#\/schema\/logo\/image\/"},"sameAs":["https:\/\/www.facebook.com\/EvolveFitnessEurope"]}]}},"_links":{"self":[{"href":"https:\/\/evolve-fitness.eu\/da\/wp-json\/wp\/v2\/product\/230275","targetHints":{"allow":["GET"]}}],"collection":[{"href":"https:\/\/evolve-fitness.eu\/da\/wp-json\/wp\/v2\/product"}],"about":[{"href":"https:\/\/evolve-fitness.eu\/da\/wp-json\/wp\/v2\/types\/product"}],"wp:featuredmedia":[{"embeddable":true,"href":"https:\/\/evolve-fitness.eu\/da\/wp-json\/wp\/v2\/media\/230349"}],"wp:attachment":[{"href":"https:\/\/evolve-fitness.eu\/da\/wp-json\/wp\/v2\/media?parent=230275"}],"wp:term":[{"taxonomy":"product_brand","embeddable":true,"href":"https:\/\/evolve-fitness.eu\/da\/wp-json\/wp\/v2\/product_brand?post=230275"},{"taxonomy":"product_cat","embeddable":true,"href":"https:\/\/evolve-fitness.eu\/da\/wp-json\/wp\/v2\/product_cat?post=230275"},{"taxonomy":"product_tag","embeddable":true,"href":"https:\/\/evolve-fitness.eu\/da\/wp-json\/wp\/v2\/product_tag?post=230275"}],"curies":[{"name":"wp","href":"https:\/\/api.w.org\/{rel}","templated":true}]}}