{"id":232380,"date":"2026-02-13T13:50:01","date_gmt":"2026-02-13T11:50:01","guid":{"rendered":"https:\/\/evolve-fitness.eu\/product\/evolve-traestige-saet-med-stolper-gw-010\/"},"modified":"2026-04-21T13:55:21","modified_gmt":"2026-04-21T10:55:21","slug":"evolve-traestige-saet-med-stolper-gw-010","status":"publish","type":"product","link":"https:\/\/evolve-fitness.eu\/da\/vare\/evolve-traestige-saet-med-stolper-gw-010\/","title":{"rendered":"Evolve tr\u00e6stige-s\u00e6t med stolper (GW-010)"},"content":{"rendered":"","protected":false},"excerpt":{"rendered":"<p>Evolve Wooden Ladder Set With Uprights er et professionelt tr\u00e6ningstilbeh\u00f8r, der er designet til at blive monteret p\u00e5 v\u00e6gmonterede eller fritst\u00e5ende stativsystemer. Denne komponent muligg\u00f8r sikker og komfortabel udf\u00f8relse af mobilitets-, str\u00e6k- og koordinations\u00f8velser. <\/p>\n<p>Udstyret er bygget til intensiv brug i fitnesscentre, rehabiliteringscentre eller funktionelle tr\u00e6ningsomr\u00e5der, hvor naturlig grebsfornemmelse, stabilitet og langvarig holdbarhed v\u00e6gtes h\u00f8jt.<\/p>\n<p>\n","protected":false},"featured_media":232381,"template":"","meta":{"_acf_changed":false,"inline_featured_image":false},"product_brand":[],"product_cat":[2964,5233,4867],"product_tag":[],"class_list":{"0":"post-232380","1":"product","2":"type-product","3":"status-publish","4":"has-post-thumbnail","6":"product_cat-komponenter-til-riggen","7":"product_cat-studio-da","8":"product_cat-vigtigste-dele","10":"first","11":"instock","12":"shipping-taxable","13":"purchasable","14":"product-type-simple"},"acf":{"long_title":"Evolve tr\u00e6stige-s\u00e6t med stolper (GW-010)","subtitle":"","specifications":[{"label":"VARENUMMER","text_value":"EV-AT-GW-010","icon":"x"},{"label":"H\u00f8jde","text_value":"2700 mm","icon":"x"},{"label":"Bredde","text_value":"1100 mm","icon":"x"},{"label":"Afstand mellem trin","text_value":"175 mm","icon":"x"},{"label":"Diameter","text_value":"\u00d8 30 mm","icon":"x"},{"label":"Konstruktion","text_value":"St\u00e5lramme og tr\u00e6","icon":"x"},{"label":"Anvendelse","text_value":"Kommerciel\/professionel","icon":"x"},{"label":"Garanti","text_value":"2 \u00e5r","icon":"x"}],"product_frequently_asked_questions":null},"yoast_head":"<!-- This site is optimized with the Yoast SEO plugin v27.4 - https:\/\/yoast.com\/product\/yoast-seo-wordpress\/ -->\n<title>Evolve tr\u00e6stige-s\u00e6t med stolper (GW-010) - Evolve<\/title>\n<meta name=\"description\" content=\"Evolve Base Plate - 110 cm er et kraftigt strukturelt fundament, der er designet til at give maksimal stabilitet og justering, n\u00e5r to stolper forbindes.\" \/>\n<meta name=\"robots\" content=\"index, follow, max-snippet:-1, max-image-preview:large, max-video-preview:-1\" \/>\n<link rel=\"canonical\" href=\"https:\/\/evolve-fitness.eu\/da\/vare\/evolve-traestige-saet-med-stolper-gw-010\/\" \/>\n<meta property=\"og:locale\" content=\"da_DK\" \/>\n<meta property=\"og:type\" content=\"article\" \/>\n<meta property=\"og:title\" content=\"Evolve tr\u00e6stige-s\u00e6t med stolper (GW-010) - Evolve\" \/>\n<meta property=\"og:description\" content=\"Evolve Base Plate - 110 cm er et kraftigt strukturelt fundament, der er designet til at give maksimal stabilitet og justering, n\u00e5r to stolper forbindes.\" \/>\n<meta property=\"og:url\" content=\"https:\/\/evolve-fitness.eu\/da\/vare\/evolve-traestige-saet-med-stolper-gw-010\/\" \/>\n<meta property=\"og:site_name\" content=\"Evolve\" \/>\n<meta property=\"article:publisher\" content=\"https:\/\/www.facebook.com\/EvolveFitnessEurope\" \/>\n<meta property=\"article:modified_time\" content=\"2026-04-21T10:55:21+00:00\" \/>\n<meta property=\"og:image\" content=\"https:\/\/evolve-fitness.eu\/wp-content\/uploads\/2026\/02\/EV-AT-GW-010.png\" \/>\n\t<meta property=\"og:image:width\" content=\"1080\" \/>\n\t<meta property=\"og:image:height\" content=\"1080\" \/>\n\t<meta property=\"og:image:type\" content=\"image\/png\" \/>\n<meta name=\"twitter:card\" content=\"summary_large_image\" \/>\n<script type=\"application\/ld+json\" class=\"yoast-schema-graph\">{\"@context\":\"https:\\\/\\\/schema.org\",\"@graph\":[{\"@type\":\"WebPage\",\"@id\":\"https:\\\/\\\/evolve-fitness.eu\\\/da\\\/vare\\\/evolve-traestige-saet-med-stolper-gw-010\\\/\",\"url\":\"https:\\\/\\\/evolve-fitness.eu\\\/da\\\/vare\\\/evolve-traestige-saet-med-stolper-gw-010\\\/\",\"name\":\"Evolve tr\u00e6stige-s\u00e6t med stolper (GW-010) - Evolve\",\"isPartOf\":{\"@id\":\"https:\\\/\\\/evolve-fitness.eu\\\/da\\\/#website\"},\"primaryImageOfPage\":{\"@id\":\"https:\\\/\\\/evolve-fitness.eu\\\/da\\\/vare\\\/evolve-traestige-saet-med-stolper-gw-010\\\/#primaryimage\"},\"image\":{\"@id\":\"https:\\\/\\\/evolve-fitness.eu\\\/da\\\/vare\\\/evolve-traestige-saet-med-stolper-gw-010\\\/#primaryimage\"},\"thumbnailUrl\":\"https:\\\/\\\/evolve-fitness.eu\\\/wp-content\\\/uploads\\\/2026\\\/02\\\/EV-AT-GW-010.png\",\"datePublished\":\"2026-02-13T11:50:01+00:00\",\"dateModified\":\"2026-04-21T10:55:21+00:00\",\"description\":\"Evolve Base Plate - 110 cm er et kraftigt strukturelt fundament, der er designet til at give maksimal stabilitet og justering, n\u00e5r to stolper forbindes.\",\"breadcrumb\":{\"@id\":\"https:\\\/\\\/evolve-fitness.eu\\\/da\\\/vare\\\/evolve-traestige-saet-med-stolper-gw-010\\\/#breadcrumb\"},\"inLanguage\":\"da-DK\",\"potentialAction\":[{\"@type\":\"ReadAction\",\"target\":[\"https:\\\/\\\/evolve-fitness.eu\\\/da\\\/vare\\\/evolve-traestige-saet-med-stolper-gw-010\\\/\"]}]},{\"@type\":\"ImageObject\",\"inLanguage\":\"da-DK\",\"@id\":\"https:\\\/\\\/evolve-fitness.eu\\\/da\\\/vare\\\/evolve-traestige-saet-med-stolper-gw-010\\\/#primaryimage\",\"url\":\"https:\\\/\\\/evolve-fitness.eu\\\/wp-content\\\/uploads\\\/2026\\\/02\\\/EV-AT-GW-010.png\",\"contentUrl\":\"https:\\\/\\\/evolve-fitness.eu\\\/wp-content\\\/uploads\\\/2026\\\/02\\\/EV-AT-GW-010.png\",\"width\":1080,\"height\":1080},{\"@type\":\"BreadcrumbList\",\"@id\":\"https:\\\/\\\/evolve-fitness.eu\\\/da\\\/vare\\\/evolve-traestige-saet-med-stolper-gw-010\\\/#breadcrumb\",\"itemListElement\":[{\"@type\":\"ListItem\",\"position\":1,\"name\":\"Home\",\"item\":\"https:\\\/\\\/evolve-fitness.eu\\\/da\\\/\"},{\"@type\":\"ListItem\",\"position\":2,\"name\":\"Produkter\",\"item\":\"https:\\\/\\\/evolve-fitness.eu\\\/da\\\/shop\\\/\"},{\"@type\":\"ListItem\",\"position\":3,\"name\":\"Evolve tr\u00e6stige-s\u00e6t med stolper (GW-010)\"}]},{\"@type\":\"WebSite\",\"@id\":\"https:\\\/\\\/evolve-fitness.eu\\\/da\\\/#website\",\"url\":\"https:\\\/\\\/evolve-fitness.eu\\\/da\\\/\",\"name\":\"Evolve\",\"description\":\"Your Evolved Gear Arrived\",\"publisher\":{\"@id\":\"https:\\\/\\\/evolve-fitness.eu\\\/da\\\/#organization\"},\"potentialAction\":[{\"@type\":\"SearchAction\",\"target\":{\"@type\":\"EntryPoint\",\"urlTemplate\":\"https:\\\/\\\/evolve-fitness.eu\\\/da\\\/?s={search_term_string}\"},\"query-input\":{\"@type\":\"PropertyValueSpecification\",\"valueRequired\":true,\"valueName\":\"search_term_string\"}}],\"inLanguage\":\"da-DK\"},{\"@type\":\"Organization\",\"@id\":\"https:\\\/\\\/evolve-fitness.eu\\\/da\\\/#organization\",\"name\":\"Evolve\",\"url\":\"https:\\\/\\\/evolve-fitness.eu\\\/da\\\/\",\"logo\":{\"@type\":\"ImageObject\",\"inLanguage\":\"da-DK\",\"@id\":\"https:\\\/\\\/evolve-fitness.eu\\\/da\\\/#\\\/schema\\\/logo\\\/image\\\/\",\"url\":\"https:\\\/\\\/evolve-fitness.eu\\\/wp-content\\\/uploads\\\/2023\\\/05\\\/Evolve-logo.svg\",\"contentUrl\":\"https:\\\/\\\/evolve-fitness.eu\\\/wp-content\\\/uploads\\\/2023\\\/05\\\/Evolve-logo.svg\",\"width\":176,\"height\":20,\"caption\":\"Evolve\"},\"image\":{\"@id\":\"https:\\\/\\\/evolve-fitness.eu\\\/da\\\/#\\\/schema\\\/logo\\\/image\\\/\"},\"sameAs\":[\"https:\\\/\\\/www.facebook.com\\\/EvolveFitnessEurope\"]}]}<\/script>\n<!-- \/ Yoast SEO plugin. -->","yoast_head_json":{"title":"Evolve tr\u00e6stige-s\u00e6t med stolper (GW-010) - Evolve","description":"Evolve Base Plate - 110 cm er et kraftigt strukturelt fundament, der er designet til at give maksimal stabilitet og justering, n\u00e5r to stolper forbindes.","robots":{"index":"index","follow":"follow","max-snippet":"max-snippet:-1","max-image-preview":"max-image-preview:large","max-video-preview":"max-video-preview:-1"},"canonical":"https:\/\/evolve-fitness.eu\/da\/vare\/evolve-traestige-saet-med-stolper-gw-010\/","og_locale":"da_DK","og_type":"article","og_title":"Evolve tr\u00e6stige-s\u00e6t med stolper (GW-010) - Evolve","og_description":"Evolve Base Plate - 110 cm er et kraftigt strukturelt fundament, der er designet til at give maksimal stabilitet og justering, n\u00e5r to stolper forbindes.","og_url":"https:\/\/evolve-fitness.eu\/da\/vare\/evolve-traestige-saet-med-stolper-gw-010\/","og_site_name":"Evolve","article_publisher":"https:\/\/www.facebook.com\/EvolveFitnessEurope","article_modified_time":"2026-04-21T10:55:21+00:00","og_image":[{"width":1080,"height":1080,"url":"https:\/\/evolve-fitness.eu\/wp-content\/uploads\/2026\/02\/EV-AT-GW-010.png","type":"image\/png"}],"twitter_card":"summary_large_image","schema":{"@context":"https:\/\/schema.org","@graph":[{"@type":"WebPage","@id":"https:\/\/evolve-fitness.eu\/da\/vare\/evolve-traestige-saet-med-stolper-gw-010\/","url":"https:\/\/evolve-fitness.eu\/da\/vare\/evolve-traestige-saet-med-stolper-gw-010\/","name":"Evolve tr\u00e6stige-s\u00e6t med stolper (GW-010) - Evolve","isPartOf":{"@id":"https:\/\/evolve-fitness.eu\/da\/#website"},"primaryImageOfPage":{"@id":"https:\/\/evolve-fitness.eu\/da\/vare\/evolve-traestige-saet-med-stolper-gw-010\/#primaryimage"},"image":{"@id":"https:\/\/evolve-fitness.eu\/da\/vare\/evolve-traestige-saet-med-stolper-gw-010\/#primaryimage"},"thumbnailUrl":"https:\/\/evolve-fitness.eu\/wp-content\/uploads\/2026\/02\/EV-AT-GW-010.png","datePublished":"2026-02-13T11:50:01+00:00","dateModified":"2026-04-21T10:55:21+00:00","description":"Evolve Base Plate - 110 cm er et kraftigt strukturelt fundament, der er designet til at give maksimal stabilitet og justering, n\u00e5r to stolper forbindes.","breadcrumb":{"@id":"https:\/\/evolve-fitness.eu\/da\/vare\/evolve-traestige-saet-med-stolper-gw-010\/#breadcrumb"},"inLanguage":"da-DK","potentialAction":[{"@type":"ReadAction","target":["https:\/\/evolve-fitness.eu\/da\/vare\/evolve-traestige-saet-med-stolper-gw-010\/"]}]},{"@type":"ImageObject","inLanguage":"da-DK","@id":"https:\/\/evolve-fitness.eu\/da\/vare\/evolve-traestige-saet-med-stolper-gw-010\/#primaryimage","url":"https:\/\/evolve-fitness.eu\/wp-content\/uploads\/2026\/02\/EV-AT-GW-010.png","contentUrl":"https:\/\/evolve-fitness.eu\/wp-content\/uploads\/2026\/02\/EV-AT-GW-010.png","width":1080,"height":1080},{"@type":"BreadcrumbList","@id":"https:\/\/evolve-fitness.eu\/da\/vare\/evolve-traestige-saet-med-stolper-gw-010\/#breadcrumb","itemListElement":[{"@type":"ListItem","position":1,"name":"Home","item":"https:\/\/evolve-fitness.eu\/da\/"},{"@type":"ListItem","position":2,"name":"Produkter","item":"https:\/\/evolve-fitness.eu\/da\/shop\/"},{"@type":"ListItem","position":3,"name":"Evolve tr\u00e6stige-s\u00e6t med stolper (GW-010)"}]},{"@type":"WebSite","@id":"https:\/\/evolve-fitness.eu\/da\/#website","url":"https:\/\/evolve-fitness.eu\/da\/","name":"Evolve","description":"Your Evolved Gear Arrived","publisher":{"@id":"https:\/\/evolve-fitness.eu\/da\/#organization"},"potentialAction":[{"@type":"SearchAction","target":{"@type":"EntryPoint","urlTemplate":"https:\/\/evolve-fitness.eu\/da\/?s={search_term_string}"},"query-input":{"@type":"PropertyValueSpecification","valueRequired":true,"valueName":"search_term_string"}}],"inLanguage":"da-DK"},{"@type":"Organization","@id":"https:\/\/evolve-fitness.eu\/da\/#organization","name":"Evolve","url":"https:\/\/evolve-fitness.eu\/da\/","logo":{"@type":"ImageObject","inLanguage":"da-DK","@id":"https:\/\/evolve-fitness.eu\/da\/#\/schema\/logo\/image\/","url":"https:\/\/evolve-fitness.eu\/wp-content\/uploads\/2023\/05\/Evolve-logo.svg","contentUrl":"https:\/\/evolve-fitness.eu\/wp-content\/uploads\/2023\/05\/Evolve-logo.svg","width":176,"height":20,"caption":"Evolve"},"image":{"@id":"https:\/\/evolve-fitness.eu\/da\/#\/schema\/logo\/image\/"},"sameAs":["https:\/\/www.facebook.com\/EvolveFitnessEurope"]}]}},"_links":{"self":[{"href":"https:\/\/evolve-fitness.eu\/da\/wp-json\/wp\/v2\/product\/232380","targetHints":{"allow":["GET"]}}],"collection":[{"href":"https:\/\/evolve-fitness.eu\/da\/wp-json\/wp\/v2\/product"}],"about":[{"href":"https:\/\/evolve-fitness.eu\/da\/wp-json\/wp\/v2\/types\/product"}],"wp:featuredmedia":[{"embeddable":true,"href":"https:\/\/evolve-fitness.eu\/da\/wp-json\/wp\/v2\/media\/232381"}],"wp:attachment":[{"href":"https:\/\/evolve-fitness.eu\/da\/wp-json\/wp\/v2\/media?parent=232380"}],"wp:term":[{"taxonomy":"product_brand","embeddable":true,"href":"https:\/\/evolve-fitness.eu\/da\/wp-json\/wp\/v2\/product_brand?post=232380"},{"taxonomy":"product_cat","embeddable":true,"href":"https:\/\/evolve-fitness.eu\/da\/wp-json\/wp\/v2\/product_cat?post=232380"},{"taxonomy":"product_tag","embeddable":true,"href":"https:\/\/evolve-fitness.eu\/da\/wp-json\/wp\/v2\/product_tag?post=232380"}],"curies":[{"name":"wp","href":"https:\/\/api.w.org\/{rel}","templated":true}]}}