{"id":234338,"date":"2025-10-14T10:36:44","date_gmt":"2025-10-14T10:36:44","guid":{"rendered":"https:\/\/evolve-fitness.eu\/product\/evolve-econ-series-pladebelastet-lodret-benpres-ec-120\/"},"modified":"2025-10-14T10:36:44","modified_gmt":"2025-10-14T07:36:44","slug":"evolve-econ-series-pladebelastet-lodret-benpres-ec-120","status":"publish","type":"product","link":"https:\/\/evolve-fitness.eu\/da\/vare\/evolve-econ-series-pladebelastet-lodret-benpres-ec-120\/","title":{"rendered":"Evolve Econ Series pladebelastet lodret benpres (EC-120)"},"content":{"rendered":"","protected":false},"excerpt":{"rendered":"<p>Evolve Econ Series Plate Loaded Vertical Leg Press er konstrueret til at maksimere styrken i underkroppen med fokus p\u00e5 quadriceps, hamstrings og glutes. Det lodrette design giver en naturlig og effektiv pressebev\u00e6gelse med optimal belastningsfordeling, mens det pladebelastede system sikrer en j\u00e6vn justering af modstanden. Den er bygget af kraftige materialer for holdbarhed og stabilitet og er ideel til b\u00e5de kommercielle og professionelle tr\u00e6ningsmilj\u00f8er.  <\/p>\n<p>\n","protected":false},"featured_media":234342,"template":"","meta":{"_acf_changed":false,"inline_featured_image":false},"product_brand":[],"product_cat":[6772,2919],"product_tag":[13143,1868],"class_list":{"0":"post-234338","1":"product","2":"type-product","3":"status-publish","4":"has-post-thumbnail","6":"product_cat-econ-series-pladebelastede-maskiner","7":"product_cat-pladebelastede-maskiner","8":"product_tag-pladen-er-lastet","9":"product_tag-styrke","11":"first","12":"instock","13":"shipping-taxable","14":"purchasable","15":"product-type-simple"},"acf":{"long_title":"Evolve Econ Series pladebelastet lodret benpres (EC-120)","subtitle":"","specifications":[{"label":"VARENUMMER","text_value":"EV-PL-EC-120","icon":"x"},{"label":"Dimensioner","text_value":"1655 x 1214 x 1711 mm","icon":"x"},{"label":"V\u00e6gt","text_value":"110,4 kg","icon":"x"},{"label":"Max. belastning","text_value":"2 x 100 kg + 1 x 150 kg","icon":"x"},{"label":"Anti-korrosionsmaling","text_value":"","icon":"v"},{"label":"Metalramme uden skarpe kanter","text_value":"","icon":"v"},{"label":"Holdbare gulvbeskyttere","text_value":"","icon":"v"},{"label":"Garanti","text_value":"2 \u00e5r","icon":"x"}],"product_frequently_asked_questions":null},"yoast_head":"<!-- This site is optimized with the Yoast SEO plugin v27.4 - https:\/\/yoast.com\/product\/yoast-seo-wordpress\/ -->\n<title>Evolve Econ Series pladebelastet lodret benpres (EC-120) - Evolve<\/title>\n<meta name=\"description\" content=\"Evolve Econ Series Plate Loaded Vertical Leg Press er konstrueret til at maksimere styrken i underkroppen med fokus p\u00e5 quadriceps.\" \/>\n<meta name=\"robots\" content=\"index, follow, max-snippet:-1, max-image-preview:large, max-video-preview:-1\" \/>\n<link rel=\"canonical\" href=\"https:\/\/evolve-fitness.eu\/da\/vare\/evolve-econ-series-pladebelastet-lodret-benpres-ec-120\/\" \/>\n<meta property=\"og:locale\" content=\"da_DK\" \/>\n<meta property=\"og:type\" content=\"article\" \/>\n<meta property=\"og:title\" content=\"Evolve Econ Series pladebelastet lodret benpres (EC-120) - Evolve\" \/>\n<meta property=\"og:description\" content=\"Evolve Econ Series Plate Loaded Vertical Leg Press er konstrueret til at maksimere styrken i underkroppen med fokus p\u00e5 quadriceps.\" \/>\n<meta property=\"og:url\" content=\"https:\/\/evolve-fitness.eu\/da\/vare\/evolve-econ-series-pladebelastet-lodret-benpres-ec-120\/\" \/>\n<meta property=\"og:site_name\" content=\"Evolve\" \/>\n<meta property=\"article:publisher\" content=\"https:\/\/www.facebook.com\/EvolveFitnessEurope\" \/>\n<meta property=\"og:image\" content=\"https:\/\/evolve-fitness.eu\/wp-content\/uploads\/2025\/10\/EV-PL-EC-1201.png\" \/>\n\t<meta property=\"og:image:width\" content=\"1200\" \/>\n\t<meta property=\"og:image:height\" content=\"1200\" \/>\n\t<meta property=\"og:image:type\" content=\"image\/png\" \/>\n<meta name=\"twitter:card\" content=\"summary_large_image\" \/>\n<script type=\"application\/ld+json\" class=\"yoast-schema-graph\">{\"@context\":\"https:\\\/\\\/schema.org\",\"@graph\":[{\"@type\":\"WebPage\",\"@id\":\"https:\\\/\\\/evolve-fitness.eu\\\/da\\\/vare\\\/evolve-econ-series-pladebelastet-lodret-benpres-ec-120\\\/\",\"url\":\"https:\\\/\\\/evolve-fitness.eu\\\/da\\\/vare\\\/evolve-econ-series-pladebelastet-lodret-benpres-ec-120\\\/\",\"name\":\"Evolve Econ Series pladebelastet lodret benpres (EC-120) - Evolve\",\"isPartOf\":{\"@id\":\"https:\\\/\\\/evolve-fitness.eu\\\/da\\\/#website\"},\"primaryImageOfPage\":{\"@id\":\"https:\\\/\\\/evolve-fitness.eu\\\/da\\\/vare\\\/evolve-econ-series-pladebelastet-lodret-benpres-ec-120\\\/#primaryimage\"},\"image\":{\"@id\":\"https:\\\/\\\/evolve-fitness.eu\\\/da\\\/vare\\\/evolve-econ-series-pladebelastet-lodret-benpres-ec-120\\\/#primaryimage\"},\"thumbnailUrl\":\"https:\\\/\\\/evolve-fitness.eu\\\/wp-content\\\/uploads\\\/2025\\\/10\\\/EV-PL-EC-1201.png\",\"datePublished\":\"2025-10-14T10:36:44+00:00\",\"description\":\"Evolve Econ Series Plate Loaded Vertical Leg Press er konstrueret til at maksimere styrken i underkroppen med fokus p\u00e5 quadriceps.\",\"breadcrumb\":{\"@id\":\"https:\\\/\\\/evolve-fitness.eu\\\/da\\\/vare\\\/evolve-econ-series-pladebelastet-lodret-benpres-ec-120\\\/#breadcrumb\"},\"inLanguage\":\"da-DK\",\"potentialAction\":[{\"@type\":\"ReadAction\",\"target\":[\"https:\\\/\\\/evolve-fitness.eu\\\/da\\\/vare\\\/evolve-econ-series-pladebelastet-lodret-benpres-ec-120\\\/\"]}]},{\"@type\":\"ImageObject\",\"inLanguage\":\"da-DK\",\"@id\":\"https:\\\/\\\/evolve-fitness.eu\\\/da\\\/vare\\\/evolve-econ-series-pladebelastet-lodret-benpres-ec-120\\\/#primaryimage\",\"url\":\"https:\\\/\\\/evolve-fitness.eu\\\/wp-content\\\/uploads\\\/2025\\\/10\\\/EV-PL-EC-1201.png\",\"contentUrl\":\"https:\\\/\\\/evolve-fitness.eu\\\/wp-content\\\/uploads\\\/2025\\\/10\\\/EV-PL-EC-1201.png\",\"width\":1200,\"height\":1200},{\"@type\":\"BreadcrumbList\",\"@id\":\"https:\\\/\\\/evolve-fitness.eu\\\/da\\\/vare\\\/evolve-econ-series-pladebelastet-lodret-benpres-ec-120\\\/#breadcrumb\",\"itemListElement\":[{\"@type\":\"ListItem\",\"position\":1,\"name\":\"Home\",\"item\":\"https:\\\/\\\/evolve-fitness.eu\\\/da\\\/\"},{\"@type\":\"ListItem\",\"position\":2,\"name\":\"Produkter\",\"item\":\"https:\\\/\\\/evolve-fitness.eu\\\/da\\\/shop\\\/\"},{\"@type\":\"ListItem\",\"position\":3,\"name\":\"Evolve Econ Series pladebelastet lodret benpres (EC-120)\"}]},{\"@type\":\"WebSite\",\"@id\":\"https:\\\/\\\/evolve-fitness.eu\\\/da\\\/#website\",\"url\":\"https:\\\/\\\/evolve-fitness.eu\\\/da\\\/\",\"name\":\"Evolve\",\"description\":\"Your Evolved Gear Arrived\",\"publisher\":{\"@id\":\"https:\\\/\\\/evolve-fitness.eu\\\/da\\\/#organization\"},\"potentialAction\":[{\"@type\":\"SearchAction\",\"target\":{\"@type\":\"EntryPoint\",\"urlTemplate\":\"https:\\\/\\\/evolve-fitness.eu\\\/da\\\/?s={search_term_string}\"},\"query-input\":{\"@type\":\"PropertyValueSpecification\",\"valueRequired\":true,\"valueName\":\"search_term_string\"}}],\"inLanguage\":\"da-DK\"},{\"@type\":\"Organization\",\"@id\":\"https:\\\/\\\/evolve-fitness.eu\\\/da\\\/#organization\",\"name\":\"Evolve\",\"url\":\"https:\\\/\\\/evolve-fitness.eu\\\/da\\\/\",\"logo\":{\"@type\":\"ImageObject\",\"inLanguage\":\"da-DK\",\"@id\":\"https:\\\/\\\/evolve-fitness.eu\\\/da\\\/#\\\/schema\\\/logo\\\/image\\\/\",\"url\":\"https:\\\/\\\/evolve-fitness.eu\\\/wp-content\\\/uploads\\\/2023\\\/05\\\/Evolve-logo.svg\",\"contentUrl\":\"https:\\\/\\\/evolve-fitness.eu\\\/wp-content\\\/uploads\\\/2023\\\/05\\\/Evolve-logo.svg\",\"width\":176,\"height\":20,\"caption\":\"Evolve\"},\"image\":{\"@id\":\"https:\\\/\\\/evolve-fitness.eu\\\/da\\\/#\\\/schema\\\/logo\\\/image\\\/\"},\"sameAs\":[\"https:\\\/\\\/www.facebook.com\\\/EvolveFitnessEurope\"]}]}<\/script>\n<!-- \/ Yoast SEO plugin. -->","yoast_head_json":{"title":"Evolve Econ Series pladebelastet lodret benpres (EC-120) - Evolve","description":"Evolve Econ Series Plate Loaded Vertical Leg Press er konstrueret til at maksimere styrken i underkroppen med fokus p\u00e5 quadriceps.","robots":{"index":"index","follow":"follow","max-snippet":"max-snippet:-1","max-image-preview":"max-image-preview:large","max-video-preview":"max-video-preview:-1"},"canonical":"https:\/\/evolve-fitness.eu\/da\/vare\/evolve-econ-series-pladebelastet-lodret-benpres-ec-120\/","og_locale":"da_DK","og_type":"article","og_title":"Evolve Econ Series pladebelastet lodret benpres (EC-120) - Evolve","og_description":"Evolve Econ Series Plate Loaded Vertical Leg Press er konstrueret til at maksimere styrken i underkroppen med fokus p\u00e5 quadriceps.","og_url":"https:\/\/evolve-fitness.eu\/da\/vare\/evolve-econ-series-pladebelastet-lodret-benpres-ec-120\/","og_site_name":"Evolve","article_publisher":"https:\/\/www.facebook.com\/EvolveFitnessEurope","og_image":[{"width":1200,"height":1200,"url":"https:\/\/evolve-fitness.eu\/wp-content\/uploads\/2025\/10\/EV-PL-EC-1201.png","type":"image\/png"}],"twitter_card":"summary_large_image","schema":{"@context":"https:\/\/schema.org","@graph":[{"@type":"WebPage","@id":"https:\/\/evolve-fitness.eu\/da\/vare\/evolve-econ-series-pladebelastet-lodret-benpres-ec-120\/","url":"https:\/\/evolve-fitness.eu\/da\/vare\/evolve-econ-series-pladebelastet-lodret-benpres-ec-120\/","name":"Evolve Econ Series pladebelastet lodret benpres (EC-120) - Evolve","isPartOf":{"@id":"https:\/\/evolve-fitness.eu\/da\/#website"},"primaryImageOfPage":{"@id":"https:\/\/evolve-fitness.eu\/da\/vare\/evolve-econ-series-pladebelastet-lodret-benpres-ec-120\/#primaryimage"},"image":{"@id":"https:\/\/evolve-fitness.eu\/da\/vare\/evolve-econ-series-pladebelastet-lodret-benpres-ec-120\/#primaryimage"},"thumbnailUrl":"https:\/\/evolve-fitness.eu\/wp-content\/uploads\/2025\/10\/EV-PL-EC-1201.png","datePublished":"2025-10-14T10:36:44+00:00","description":"Evolve Econ Series Plate Loaded Vertical Leg Press er konstrueret til at maksimere styrken i underkroppen med fokus p\u00e5 quadriceps.","breadcrumb":{"@id":"https:\/\/evolve-fitness.eu\/da\/vare\/evolve-econ-series-pladebelastet-lodret-benpres-ec-120\/#breadcrumb"},"inLanguage":"da-DK","potentialAction":[{"@type":"ReadAction","target":["https:\/\/evolve-fitness.eu\/da\/vare\/evolve-econ-series-pladebelastet-lodret-benpres-ec-120\/"]}]},{"@type":"ImageObject","inLanguage":"da-DK","@id":"https:\/\/evolve-fitness.eu\/da\/vare\/evolve-econ-series-pladebelastet-lodret-benpres-ec-120\/#primaryimage","url":"https:\/\/evolve-fitness.eu\/wp-content\/uploads\/2025\/10\/EV-PL-EC-1201.png","contentUrl":"https:\/\/evolve-fitness.eu\/wp-content\/uploads\/2025\/10\/EV-PL-EC-1201.png","width":1200,"height":1200},{"@type":"BreadcrumbList","@id":"https:\/\/evolve-fitness.eu\/da\/vare\/evolve-econ-series-pladebelastet-lodret-benpres-ec-120\/#breadcrumb","itemListElement":[{"@type":"ListItem","position":1,"name":"Home","item":"https:\/\/evolve-fitness.eu\/da\/"},{"@type":"ListItem","position":2,"name":"Produkter","item":"https:\/\/evolve-fitness.eu\/da\/shop\/"},{"@type":"ListItem","position":3,"name":"Evolve Econ Series pladebelastet lodret benpres (EC-120)"}]},{"@type":"WebSite","@id":"https:\/\/evolve-fitness.eu\/da\/#website","url":"https:\/\/evolve-fitness.eu\/da\/","name":"Evolve","description":"Your Evolved Gear Arrived","publisher":{"@id":"https:\/\/evolve-fitness.eu\/da\/#organization"},"potentialAction":[{"@type":"SearchAction","target":{"@type":"EntryPoint","urlTemplate":"https:\/\/evolve-fitness.eu\/da\/?s={search_term_string}"},"query-input":{"@type":"PropertyValueSpecification","valueRequired":true,"valueName":"search_term_string"}}],"inLanguage":"da-DK"},{"@type":"Organization","@id":"https:\/\/evolve-fitness.eu\/da\/#organization","name":"Evolve","url":"https:\/\/evolve-fitness.eu\/da\/","logo":{"@type":"ImageObject","inLanguage":"da-DK","@id":"https:\/\/evolve-fitness.eu\/da\/#\/schema\/logo\/image\/","url":"https:\/\/evolve-fitness.eu\/wp-content\/uploads\/2023\/05\/Evolve-logo.svg","contentUrl":"https:\/\/evolve-fitness.eu\/wp-content\/uploads\/2023\/05\/Evolve-logo.svg","width":176,"height":20,"caption":"Evolve"},"image":{"@id":"https:\/\/evolve-fitness.eu\/da\/#\/schema\/logo\/image\/"},"sameAs":["https:\/\/www.facebook.com\/EvolveFitnessEurope"]}]}},"_links":{"self":[{"href":"https:\/\/evolve-fitness.eu\/da\/wp-json\/wp\/v2\/product\/234338","targetHints":{"allow":["GET"]}}],"collection":[{"href":"https:\/\/evolve-fitness.eu\/da\/wp-json\/wp\/v2\/product"}],"about":[{"href":"https:\/\/evolve-fitness.eu\/da\/wp-json\/wp\/v2\/types\/product"}],"wp:featuredmedia":[{"embeddable":true,"href":"https:\/\/evolve-fitness.eu\/da\/wp-json\/wp\/v2\/media\/234342"}],"wp:attachment":[{"href":"https:\/\/evolve-fitness.eu\/da\/wp-json\/wp\/v2\/media?parent=234338"}],"wp:term":[{"taxonomy":"product_brand","embeddable":true,"href":"https:\/\/evolve-fitness.eu\/da\/wp-json\/wp\/v2\/product_brand?post=234338"},{"taxonomy":"product_cat","embeddable":true,"href":"https:\/\/evolve-fitness.eu\/da\/wp-json\/wp\/v2\/product_cat?post=234338"},{"taxonomy":"product_tag","embeddable":true,"href":"https:\/\/evolve-fitness.eu\/da\/wp-json\/wp\/v2\/product_tag?post=234338"}],"curies":[{"name":"wp","href":"https:\/\/api.w.org\/{rel}","templated":true}]}}