{"id":23512,"date":"2023-11-14T07:48:07","date_gmt":"2023-11-14T07:48:07","guid":{"rendered":"https:\/\/evolve-fitness.eu\/product\/evolve-kettlebells-i-stoebejern\/"},"modified":"2026-04-09T15:52:34","modified_gmt":"2026-04-09T12:52:34","slug":"evolve-kettlebells-i-stoebejern","status":"publish","type":"product","link":"https:\/\/evolve-fitness.eu\/da\/vare\/evolve-kettlebells-i-stoebejern\/","title":{"rendered":"Evolve Kettlebells i st\u00f8bejern (FB-UC)"},"content":{"rendered":"\n<section class=\"wp-block-group alignfull has-lightgray-background-color has-background is-layout-constrained wp-block-group-is-layout-constrained\">\n<div class=\"wp-block-columns alignwide is-layout-flex wp-container-core-columns-is-layout-2edb0647 wp-block-columns-is-layout-flex\" style=\"margin-top:0;margin-bottom:0\">\n<div class=\"wp-block-column is-layout-flow wp-block-column-is-layout-flow\" style=\"flex-basis:33.33%\"><\/div>\n\n\n\n<div class=\"wp-block-column is-layout-flow wp-block-column-is-layout-flow\" style=\"flex-basis:66.66%\"><\/div>\n<\/div>\n<\/section>\n\n<section class=\"wp-block-group alignfull black-content has-white-color has-darkgray-background-color has-text-color has-background is-layout-constrained wp-block-group-is-layout-constrained\" style=\"padding-top:var(--wp--preset--spacing--section-bottom);padding-bottom:var(--wp--preset--spacing--section-bottom)\">\n<div class=\"wp-block-columns alignwide mobile-reverse is-layout-flex wp-container-core-columns-is-layout-ca64bf2d wp-block-columns-is-layout-flex\" style=\"margin-bottom:var(--wp--preset--spacing--side-padding)\">\n<div class=\"wp-block-column is-vertically-aligned-center is-layout-flow wp-block-column-is-layout-flow\">\n<h3 class=\"wp-block-heading\" style=\"margin-bottom:var(--wp--preset--spacing--h-3-bottom)\"><strong>Ekstraordin\u00e6r holdbarhed<\/strong><\/h3>\n\n\n\n<p><strong><em><strong><em><strong><em>Bygget til at holde<\/em><\/strong><\/em><\/strong><\/em><\/strong><\/p>\n\n\n\n<p>Evolve kettlebells er fremstillet af en h\u00e5rd jernlegering, der sikrer exceptionel holdbarhed og modstandsdygtighed over for deformation. St\u00f8beteknikken i \u00e9t stykke, der bruges til fremstillingen, garanterer ikke kun balancepr\u00e6cision og en robust struktur, men ogs\u00e5 lang levetid. Disse kettlebells er modstandsdygtige over for slitage, hvilket g\u00f8r dem velegnede til kr\u00e6vende brug i b\u00e5de professionelle fitnesscentre, milit\u00e6rbaser, rehabiliteringscentre og hjemmetr\u00e6ningscentre.<\/p>\n<\/div>\n\n\n\n<div class=\"wp-block-column is-vertically-aligned-center is-layout-flow wp-block-column-is-layout-flow\">\n<figure class=\"wp-block-video\"><video height=\"720\" style=\"aspect-ratio: 1280 \/ 720;\" width=\"1280\" autoplay=\"\" controls=\"\" loop=\"\" muted=\"\" src=\"https:\/\/evolve-fitness.eu\/wp-content\/uploads\/2023\/11\/EVOLVE-CAST-IRON-KETTLEBELLS.mp4\"><\/video><\/figure>\n<\/div>\n<\/div>\n\n\n\n<div class=\"wp-block-columns alignwide is-layout-flex wp-container-core-columns-is-layout-c45ee707 wp-block-columns-is-layout-flex\" style=\"margin-bottom:var(--wp--preset--spacing--side-padding);padding-top:var(--wp--preset--spacing--side-padding)\">\n<div class=\"wp-block-column is-vertically-aligned-center is-layout-flow wp-block-column-is-layout-flow\">\n<figure class=\"wp-block-image size-full is-resized is-style-rounded\"><img loading=\"lazy\" decoding=\"async\" width=\"680\" height=\"600\" src=\"https:\/\/evolve-fitness.eu\/wp-content\/uploads\/2023\/11\/EVOLVE-CAST-IRON-KETTLEBELLS.png\" alt=\"\" class=\"wp-image-5735\" style=\"object-fit:cover;width:680px;height:600px\" srcset=\"https:\/\/evolve-fitness.eu\/wp-content\/uploads\/2023\/11\/EVOLVE-CAST-IRON-KETTLEBELLS.png 680w, https:\/\/evolve-fitness.eu\/wp-content\/uploads\/2023\/11\/EVOLVE-CAST-IRON-KETTLEBELLS-300x265.png 300w, https:\/\/evolve-fitness.eu\/wp-content\/uploads\/2023\/11\/EVOLVE-CAST-IRON-KETTLEBELLS-170x150.png 170w, https:\/\/evolve-fitness.eu\/wp-content\/uploads\/2023\/11\/EVOLVE-CAST-IRON-KETTLEBELLS-600x529.png 600w, https:\/\/evolve-fitness.eu\/wp-content\/uploads\/2023\/11\/EVOLVE-CAST-IRON-KETTLEBELLS-150x132.png 150w\" sizes=\"auto, (max-width: 680px) 100vw, 680px\" \/><\/figure>\n<\/div>\n\n\n\n<div class=\"wp-block-column is-vertically-aligned-center is-layout-flow wp-block-column-is-layout-flow\">\n<h3 class=\"wp-block-heading\" style=\"margin-bottom:var(--wp--preset--spacing--h-3-bottom)\"><strong><strong>Funktionalitet<\/strong><\/strong><\/h3>\n\n\n\n<p><strong><em>Designet til ydeevne<\/em><\/strong><\/p>\n\n\n\n<p>Alle Evolve kettlebells har et let buet, skridsikkert h\u00e5ndtag med struktur, der giver et st\u00e6rkt og stabilt greb. Dette design er afg\u00f8rende for \u00f8velser, der kr\u00e6ver skarpe, pludselige bev\u00e6gelser, hvilket g\u00f8r dem ideelle til individuel, gruppe-, funktionel eller CrossFit-tr\u00e6ning. Den ru overflade p\u00e5 h\u00e5ndtagene er god til at holde magnesium, hvilket sikrer et sikkert greb selv under de mest intense tr\u00e6ningssessioner.<\/p>\n<\/div>\n<\/div>\n\n\n\n<div class=\"wp-block-columns alignwide are-vertically-aligned-center mobile-reverse is-layout-flex wp-container-core-columns-is-layout-e8158c2f wp-block-columns-is-layout-flex\" style=\"padding-top:var(--wp--preset--spacing--side-padding)\">\n<div class=\"wp-block-column is-vertically-aligned-center is-layout-flow wp-block-column-is-layout-flow\">\n<h3 class=\"wp-block-heading\" style=\"margin-bottom:var(--wp--preset--spacing--h-3-bottom)\"><strong><strong><strong>Et godt valg  <\/strong><\/strong><\/strong><\/h3>\n\n\n\n<p><strong><em><strong><em><strong><strong><strong><strong>Til forskellige tr\u00e6ningsbehov<\/strong><\/strong><\/strong><\/strong><\/em><\/strong><\/em><\/strong><\/p>\n\n\n\n<p>Evolve kettlebells handler ikke kun om styrke, men ogs\u00e5 om alsidighed. Disse kettlebells f\u00e5s i v\u00e6gte fra 4 kg til 32 kg og passer til forskellige fitnessniveauer og tr\u00e6ningsstile. Den flade bund p\u00e5 hver kettlebell sikrer maksimal stabilitet, forhindrer slingren og g\u00f8r dem sikre til en lang r\u00e6kke \u00f8velser.<\/p>\n<\/div>\n\n\n\n<div class=\"wp-block-column is-vertically-aligned-center is-layout-flow wp-block-column-is-layout-flow\">\n<figure class=\"wp-block-image alignright size-full is-resized is-style-rounded\"><img loading=\"lazy\" decoding=\"async\" width=\"680\" height=\"600\" src=\"https:\/\/evolve-fitness.eu\/wp-content\/uploads\/2023\/11\/EVOLVE-CAST-IRON-KETTLEBELLS-2.png\" alt=\"\" class=\"wp-image-5731\" style=\"object-fit:cover;width:680px;height:600px\" srcset=\"https:\/\/evolve-fitness.eu\/wp-content\/uploads\/2023\/11\/EVOLVE-CAST-IRON-KETTLEBELLS-2.png 680w, https:\/\/evolve-fitness.eu\/wp-content\/uploads\/2023\/11\/EVOLVE-CAST-IRON-KETTLEBELLS-2-300x265.png 300w, https:\/\/evolve-fitness.eu\/wp-content\/uploads\/2023\/11\/EVOLVE-CAST-IRON-KETTLEBELLS-2-170x150.png 170w, https:\/\/evolve-fitness.eu\/wp-content\/uploads\/2023\/11\/EVOLVE-CAST-IRON-KETTLEBELLS-2-600x529.png 600w, https:\/\/evolve-fitness.eu\/wp-content\/uploads\/2023\/11\/EVOLVE-CAST-IRON-KETTLEBELLS-2-150x132.png 150w\" sizes=\"auto, (max-width: 680px) 100vw, 680px\" \/><\/figure>\n<\/div>\n<\/div>\n\n\n\n<div class=\"wp-block-columns alignwide are-vertically-aligned-center mobile-reverse is-layout-flex wp-container-core-columns-is-layout-e8158c2f wp-block-columns-is-layout-flex\" style=\"padding-top:var(--wp--preset--spacing--side-padding)\">\n<div class=\"wp-block-column is-vertically-aligned-center is-layout-flow wp-block-column-is-layout-flow\">\n<figure class=\"wp-block-image alignright size-full is-resized is-style-rounded\"><img loading=\"lazy\" decoding=\"async\" width=\"680\" height=\"600\" src=\"https:\/\/evolve-fitness.eu\/wp-content\/uploads\/2023\/11\/EVOLVE-CAST-IRON-KETTLEBELLS-3.png\" alt=\"\" class=\"wp-image-5733\" style=\"object-fit:cover;width:680px;height:600px\" srcset=\"https:\/\/evolve-fitness.eu\/wp-content\/uploads\/2023\/11\/EVOLVE-CAST-IRON-KETTLEBELLS-3.png 680w, https:\/\/evolve-fitness.eu\/wp-content\/uploads\/2023\/11\/EVOLVE-CAST-IRON-KETTLEBELLS-3-300x265.png 300w, https:\/\/evolve-fitness.eu\/wp-content\/uploads\/2023\/11\/EVOLVE-CAST-IRON-KETTLEBELLS-3-170x150.png 170w, https:\/\/evolve-fitness.eu\/wp-content\/uploads\/2023\/11\/EVOLVE-CAST-IRON-KETTLEBELLS-3-600x529.png 600w, https:\/\/evolve-fitness.eu\/wp-content\/uploads\/2023\/11\/EVOLVE-CAST-IRON-KETTLEBELLS-3-150x132.png 150w\" sizes=\"auto, (max-width: 680px) 100vw, 680px\" \/><\/figure>\n<\/div>\n\n\n\n<div class=\"wp-block-column is-vertically-aligned-center is-layout-flow wp-block-column-is-layout-flow\">\n<h3 class=\"wp-block-heading\" style=\"margin-bottom:var(--wp--preset--spacing--h-3-bottom)\"><strong><strong><strong>Let at \u00e6ndre modstand<\/strong><\/strong><\/strong><\/h3>\n\n\n\n<p><strong><em><strong><em><strong><strong><strong><strong>Farvekodet bekvemmelighed<\/strong><\/strong><\/strong><\/strong><\/em><\/strong><\/em><\/strong><\/p>\n\n\n\n<p>For at \u00f8ge brugervenligheden har Evolve kettlebells farvekodede h\u00e5ndtag, s\u00e5 brugerne nemt kan identificere forskellige v\u00e6gte med et enkelt blik. Denne funktion er is\u00e6r nyttig i hurtige tr\u00e6ningsmilj\u00f8er, hvor hurtige v\u00e6gt\u00e6ndringer er almindelige.<\/p>\n<\/div>\n<\/div>\n\n\n\n<p class=\"has-text-align-center has-medium-font-size\"><strong>Evolve Cast Iron Kettlebells er indbegrebet af kvalitet og funktionalitet. Uanset om du er fitnessentusiast, professionel atlet eller ejer af et fitnesscenter, er disse kettlebells et fremragende valg til at im\u00f8dekomme en bred vifte af tr\u00e6ningsbehov, idet de kombinerer holdbarhed, funktionalitet og brugervenlighed i \u00e9t fremragende fitnessredskab.<\/strong><\/p>\n<\/section>\n","protected":false},"excerpt":{"rendered":"<p>Slip dit fitnesspotentiale l\u00f8s med Evolve Cast Iron Kettlebells<br \/>\nI den dynamiske fitnessverden skiller Evolve Cast Iron Kettlebells sig ud som et symbol p\u00e5 holdbarhed, funktionalitet og stil, der er skr\u00e6ddersyet til at opfylde fitnessentusiasters forskellige behov. Uanset om du skal udstyre et professionelt fitnesscenter, indrette et tr\u00e6ningsrum derhjemme eller fylde et kommercielt fitnesscenter op, er Evolves udvalg af kettlebells designet til at l\u00f8fte din tr\u00e6ningsoplevelse.<\/p>\n","protected":false},"featured_media":23518,"template":"","meta":{"_acf_changed":false,"inline_featured_image":false},"product_brand":[],"product_cat":[13036,1462,2863],"product_tag":[],"class_list":{"0":"post-23512","1":"product","2":"type-product","3":"status-publish","4":"has-post-thumbnail","6":"product_cat-hyrox-gear","7":"product_cat-frie-vaegte","8":"product_cat-kettlebells-da","10":"first","11":"instock","12":"shipping-taxable","13":"purchasable","14":"product-type-variable"},"acf":{"long_title":"Evolve Kettlebells i st\u00f8bejern (FB-UC)","subtitle":"","specifications":[{"label":"VARENUMMER","text_value":"EV-KB-IK","icon":"x"},{"label":"Brede, strukturerede h\u00e5ndtag giver et godt greb","text_value":"","icon":"v"},{"label":"Farvekodning for nem identifikation af v\u00e6gten","text_value":"","icon":"v"},{"label":"Bred, flad base for perfekt balance","text_value":"","icon":"v"},{"label":"Jernst\u00f8bning i \u00e9t stykke med pulverlakeret finish for rustbeskyttelse","text_value":"","icon":"v"}]},"yoast_head":"<!-- This site is optimized with the Yoast SEO plugin v26.6 - https:\/\/yoast.com\/wordpress\/plugins\/seo\/ -->\n<title>Evolve Kettlebells i st\u00f8bejern (FB-UC) - Evolve<\/title>\n<meta name=\"robots\" content=\"index, follow, max-snippet:-1, max-image-preview:large, max-video-preview:-1\" \/>\n<link rel=\"canonical\" href=\"https:\/\/evolve-fitness.eu\/da\/vare\/evolve-kettlebells-i-stoebejern\/\" \/>\n<meta property=\"og:locale\" content=\"da_DK\" \/>\n<meta property=\"og:type\" content=\"article\" \/>\n<meta property=\"og:title\" content=\"Evolve Kettlebells i st\u00f8bejern (FB-UC) - Evolve\" \/>\n<meta property=\"og:url\" content=\"https:\/\/evolve-fitness.eu\/da\/vare\/evolve-kettlebells-i-stoebejern\/\" \/>\n<meta property=\"og:site_name\" content=\"Evolve\" \/>\n<meta property=\"article:publisher\" content=\"https:\/\/www.facebook.com\/EvolveFitnessEurope\" \/>\n<meta property=\"article:modified_time\" content=\"2026-04-09T12:52:34+00:00\" \/>\n<meta property=\"og:image\" content=\"https:\/\/evolve-fitness.eu\/wp-content\/uploads\/2023\/11\/EV-KB-RB-1.png\" \/>\n\t<meta property=\"og:image:width\" content=\"680\" \/>\n\t<meta property=\"og:image:height\" content=\"600\" \/>\n\t<meta property=\"og:image:type\" content=\"image\/png\" \/>\n<meta name=\"twitter:card\" content=\"summary_large_image\" \/>\n<script type=\"application\/ld+json\" class=\"yoast-schema-graph\">{\"@context\":\"https:\/\/schema.org\",\"@graph\":[{\"@type\":\"WebPage\",\"@id\":\"https:\/\/evolve-fitness.eu\/da\/vare\/evolve-kettlebells-i-stoebejern\/\",\"url\":\"https:\/\/evolve-fitness.eu\/da\/vare\/evolve-kettlebells-i-stoebejern\/\",\"name\":\"Evolve Kettlebells i st\u00f8bejern (FB-UC) - Evolve\",\"isPartOf\":{\"@id\":\"https:\/\/evolve-fitness.eu\/da\/#website\"},\"primaryImageOfPage\":{\"@id\":\"https:\/\/evolve-fitness.eu\/da\/vare\/evolve-kettlebells-i-stoebejern\/#primaryimage\"},\"image\":{\"@id\":\"https:\/\/evolve-fitness.eu\/da\/vare\/evolve-kettlebells-i-stoebejern\/#primaryimage\"},\"thumbnailUrl\":\"https:\/\/evolve-fitness.eu\/wp-content\/uploads\/2023\/11\/EV-KB-RB-1.png\",\"datePublished\":\"2023-11-14T07:48:07+00:00\",\"dateModified\":\"2026-04-09T12:52:34+00:00\",\"breadcrumb\":{\"@id\":\"https:\/\/evolve-fitness.eu\/da\/vare\/evolve-kettlebells-i-stoebejern\/#breadcrumb\"},\"inLanguage\":\"da-DK\",\"potentialAction\":[{\"@type\":\"ReadAction\",\"target\":[\"https:\/\/evolve-fitness.eu\/da\/vare\/evolve-kettlebells-i-stoebejern\/\"]}]},{\"@type\":\"ImageObject\",\"inLanguage\":\"da-DK\",\"@id\":\"https:\/\/evolve-fitness.eu\/da\/vare\/evolve-kettlebells-i-stoebejern\/#primaryimage\",\"url\":\"https:\/\/evolve-fitness.eu\/wp-content\/uploads\/2023\/11\/EV-KB-RB-1.png\",\"contentUrl\":\"https:\/\/evolve-fitness.eu\/wp-content\/uploads\/2023\/11\/EV-KB-RB-1.png\",\"width\":680,\"height\":600,\"caption\":\"EV-KB-RB-1\"},{\"@type\":\"BreadcrumbList\",\"@id\":\"https:\/\/evolve-fitness.eu\/da\/vare\/evolve-kettlebells-i-stoebejern\/#breadcrumb\",\"itemListElement\":[{\"@type\":\"ListItem\",\"position\":1,\"name\":\"Home\",\"item\":\"https:\/\/evolve-fitness.eu\/da\/\"},{\"@type\":\"ListItem\",\"position\":2,\"name\":\"Produkter\",\"item\":\"https:\/\/evolve-fitness.eu\/da\/shop\/\"},{\"@type\":\"ListItem\",\"position\":3,\"name\":\"Evolve Kettlebells i st\u00f8bejern (FB-UC)\"}]},{\"@type\":\"WebSite\",\"@id\":\"https:\/\/evolve-fitness.eu\/da\/#website\",\"url\":\"https:\/\/evolve-fitness.eu\/da\/\",\"name\":\"Evolve\",\"description\":\"Your Evolved Gear Arrived\",\"publisher\":{\"@id\":\"https:\/\/evolve-fitness.eu\/da\/#organization\"},\"potentialAction\":[{\"@type\":\"SearchAction\",\"target\":{\"@type\":\"EntryPoint\",\"urlTemplate\":\"https:\/\/evolve-fitness.eu\/da\/?s={search_term_string}\"},\"query-input\":{\"@type\":\"PropertyValueSpecification\",\"valueRequired\":true,\"valueName\":\"search_term_string\"}}],\"inLanguage\":\"da-DK\"},{\"@type\":\"Organization\",\"@id\":\"https:\/\/evolve-fitness.eu\/da\/#organization\",\"name\":\"Evolve\",\"url\":\"https:\/\/evolve-fitness.eu\/da\/\",\"logo\":{\"@type\":\"ImageObject\",\"inLanguage\":\"da-DK\",\"@id\":\"https:\/\/evolve-fitness.eu\/da\/#\/schema\/logo\/image\/\",\"url\":\"https:\/\/evolve-fitness.eu\/wp-content\/uploads\/2023\/05\/Evolve-logo.svg\",\"contentUrl\":\"https:\/\/evolve-fitness.eu\/wp-content\/uploads\/2023\/05\/Evolve-logo.svg\",\"width\":176,\"height\":20,\"caption\":\"Evolve\"},\"image\":{\"@id\":\"https:\/\/evolve-fitness.eu\/da\/#\/schema\/logo\/image\/\"},\"sameAs\":[\"https:\/\/www.facebook.com\/EvolveFitnessEurope\"]}]}<\/script>\n<!-- \/ Yoast SEO plugin. -->","yoast_head_json":{"title":"Evolve Kettlebells i st\u00f8bejern (FB-UC) - Evolve","robots":{"index":"index","follow":"follow","max-snippet":"max-snippet:-1","max-image-preview":"max-image-preview:large","max-video-preview":"max-video-preview:-1"},"canonical":"https:\/\/evolve-fitness.eu\/da\/vare\/evolve-kettlebells-i-stoebejern\/","og_locale":"da_DK","og_type":"article","og_title":"Evolve Kettlebells i st\u00f8bejern (FB-UC) - Evolve","og_url":"https:\/\/evolve-fitness.eu\/da\/vare\/evolve-kettlebells-i-stoebejern\/","og_site_name":"Evolve","article_publisher":"https:\/\/www.facebook.com\/EvolveFitnessEurope","article_modified_time":"2026-04-09T12:52:34+00:00","og_image":[{"width":680,"height":600,"url":"https:\/\/evolve-fitness.eu\/wp-content\/uploads\/2023\/11\/EV-KB-RB-1.png","type":"image\/png"}],"twitter_card":"summary_large_image","schema":{"@context":"https:\/\/schema.org","@graph":[{"@type":"WebPage","@id":"https:\/\/evolve-fitness.eu\/da\/vare\/evolve-kettlebells-i-stoebejern\/","url":"https:\/\/evolve-fitness.eu\/da\/vare\/evolve-kettlebells-i-stoebejern\/","name":"Evolve Kettlebells i st\u00f8bejern (FB-UC) - Evolve","isPartOf":{"@id":"https:\/\/evolve-fitness.eu\/da\/#website"},"primaryImageOfPage":{"@id":"https:\/\/evolve-fitness.eu\/da\/vare\/evolve-kettlebells-i-stoebejern\/#primaryimage"},"image":{"@id":"https:\/\/evolve-fitness.eu\/da\/vare\/evolve-kettlebells-i-stoebejern\/#primaryimage"},"thumbnailUrl":"https:\/\/evolve-fitness.eu\/wp-content\/uploads\/2023\/11\/EV-KB-RB-1.png","datePublished":"2023-11-14T07:48:07+00:00","dateModified":"2026-04-09T12:52:34+00:00","breadcrumb":{"@id":"https:\/\/evolve-fitness.eu\/da\/vare\/evolve-kettlebells-i-stoebejern\/#breadcrumb"},"inLanguage":"da-DK","potentialAction":[{"@type":"ReadAction","target":["https:\/\/evolve-fitness.eu\/da\/vare\/evolve-kettlebells-i-stoebejern\/"]}]},{"@type":"ImageObject","inLanguage":"da-DK","@id":"https:\/\/evolve-fitness.eu\/da\/vare\/evolve-kettlebells-i-stoebejern\/#primaryimage","url":"https:\/\/evolve-fitness.eu\/wp-content\/uploads\/2023\/11\/EV-KB-RB-1.png","contentUrl":"https:\/\/evolve-fitness.eu\/wp-content\/uploads\/2023\/11\/EV-KB-RB-1.png","width":680,"height":600,"caption":"EV-KB-RB-1"},{"@type":"BreadcrumbList","@id":"https:\/\/evolve-fitness.eu\/da\/vare\/evolve-kettlebells-i-stoebejern\/#breadcrumb","itemListElement":[{"@type":"ListItem","position":1,"name":"Home","item":"https:\/\/evolve-fitness.eu\/da\/"},{"@type":"ListItem","position":2,"name":"Produkter","item":"https:\/\/evolve-fitness.eu\/da\/shop\/"},{"@type":"ListItem","position":3,"name":"Evolve Kettlebells i st\u00f8bejern (FB-UC)"}]},{"@type":"WebSite","@id":"https:\/\/evolve-fitness.eu\/da\/#website","url":"https:\/\/evolve-fitness.eu\/da\/","name":"Evolve","description":"Your Evolved Gear Arrived","publisher":{"@id":"https:\/\/evolve-fitness.eu\/da\/#organization"},"potentialAction":[{"@type":"SearchAction","target":{"@type":"EntryPoint","urlTemplate":"https:\/\/evolve-fitness.eu\/da\/?s={search_term_string}"},"query-input":{"@type":"PropertyValueSpecification","valueRequired":true,"valueName":"search_term_string"}}],"inLanguage":"da-DK"},{"@type":"Organization","@id":"https:\/\/evolve-fitness.eu\/da\/#organization","name":"Evolve","url":"https:\/\/evolve-fitness.eu\/da\/","logo":{"@type":"ImageObject","inLanguage":"da-DK","@id":"https:\/\/evolve-fitness.eu\/da\/#\/schema\/logo\/image\/","url":"https:\/\/evolve-fitness.eu\/wp-content\/uploads\/2023\/05\/Evolve-logo.svg","contentUrl":"https:\/\/evolve-fitness.eu\/wp-content\/uploads\/2023\/05\/Evolve-logo.svg","width":176,"height":20,"caption":"Evolve"},"image":{"@id":"https:\/\/evolve-fitness.eu\/da\/#\/schema\/logo\/image\/"},"sameAs":["https:\/\/www.facebook.com\/EvolveFitnessEurope"]}]}},"_links":{"self":[{"href":"https:\/\/evolve-fitness.eu\/da\/wp-json\/wp\/v2\/product\/23512","targetHints":{"allow":["GET"]}}],"collection":[{"href":"https:\/\/evolve-fitness.eu\/da\/wp-json\/wp\/v2\/product"}],"about":[{"href":"https:\/\/evolve-fitness.eu\/da\/wp-json\/wp\/v2\/types\/product"}],"wp:featuredmedia":[{"embeddable":true,"href":"https:\/\/evolve-fitness.eu\/da\/wp-json\/wp\/v2\/media\/23518"}],"wp:attachment":[{"href":"https:\/\/evolve-fitness.eu\/da\/wp-json\/wp\/v2\/media?parent=23512"}],"wp:term":[{"taxonomy":"product_brand","embeddable":true,"href":"https:\/\/evolve-fitness.eu\/da\/wp-json\/wp\/v2\/product_brand?post=23512"},{"taxonomy":"product_cat","embeddable":true,"href":"https:\/\/evolve-fitness.eu\/da\/wp-json\/wp\/v2\/product_cat?post=23512"},{"taxonomy":"product_tag","embeddable":true,"href":"https:\/\/evolve-fitness.eu\/da\/wp-json\/wp\/v2\/product_tag?post=23512"}],"curies":[{"name":"wp","href":"https:\/\/api.w.org\/{rel}","templated":true}]}}