{"id":235330,"date":"2025-10-14T16:25:13","date_gmt":"2025-10-14T13:25:13","guid":{"rendered":"https:\/\/evolve-fitness.eu\/product\/evolve-econ-series-plate-loaded-half-rack-smith-machine-ec-230\/"},"modified":"2025-10-14T16:25:13","modified_gmt":"2025-10-14T13:25:13","slug":"evolve-econ-series-plate-loaded-half-rack-smith-machine-ec-230","status":"publish","type":"product","link":"https:\/\/evolve-fitness.eu\/da\/vare\/evolve-econ-series-plate-loaded-half-rack-smith-machine-ec-230\/","title":{"rendered":"Evolve Econ Series Plate Loaded Half Rack &amp; Smith Machine (EC-230)"},"content":{"rendered":"","protected":false},"excerpt":{"rendered":"<p>Evolve Econ Series Plate Loaded Half Rack and Smith Machine (EC-230) er en multifunktionel styrketr\u00e6ningsstation, der er designet til komplet alsidighed i tr\u00e6ningen. Den kombinerer stabiliteten fra en Smith-maskine med friheden fra et halvstativ, hvilket giver mulighed for sikre og kontrollerede \u00f8velser med v\u00e6gtstang. Den er bygget med en holdbar ramme og glat, pladebelastet modstand og er ideel til b\u00e5de kommercielle og professionelle tr\u00e6ningsmilj\u00f8er.  <\/p>\n","protected":false},"featured_media":235351,"template":"","meta":{"_acf_changed":false,"inline_featured_image":false},"product_brand":[],"product_cat":[6772,2919],"product_tag":[13221,13163,13220,1868],"class_list":{"0":"post-235330","1":"product","2":"type-product","3":"status-publish","4":"has-post-thumbnail","6":"product_cat-econ-series-pladebelastede-maskiner","7":"product_cat-pladebelastede-maskiner","8":"product_tag-fastgorelse-af-siddende-raekke","9":"product_tag-hack-squat","10":"product_tag-smith-maskine","11":"product_tag-styrke","13":"first","14":"instock","15":"shipping-taxable","16":"purchasable","17":"product-type-simple"},"acf":{"long_title":"Evolve Econ Series Plate Loaded Half Rack & Smith Machine (EC-230)","subtitle":"","specifications":[{"label":"VARENUMMER","text_value":"EV-PL-EC-230","icon":"x"},{"label":"Dimensioner","text_value":"1404 x 1850 x 2343 mm","icon":"x"},{"label":"V\u00e6gt","text_value":"77,5 kg","icon":"x"},{"label":"Max. belastning","text_value":"250 kg","icon":"x"},{"label":"Garanti","text_value":"2 \u00e5r","icon":"x"}],"product_frequently_asked_questions":null},"yoast_head":"<!-- This site is optimized with the Yoast SEO plugin v27.4 - https:\/\/yoast.com\/product\/yoast-seo-wordpress\/ -->\n<title>Evolve Econ Series Plate Loaded Half Rack &amp; Smith Machine (EC-230) - Evolve<\/title>\n<meta name=\"description\" content=\"Evolve Econ Series Plate Loaded Half Rack &amp; Smith Machine med Lat Pulldown\/Seated Row-tilbeh\u00f8r er en multifunktionel styrketr\u00e6ningsmaskine.\" \/>\n<meta name=\"robots\" content=\"index, follow, max-snippet:-1, max-image-preview:large, max-video-preview:-1\" \/>\n<link rel=\"canonical\" href=\"https:\/\/evolve-fitness.eu\/da\/vare\/evolve-econ-series-plate-loaded-half-rack-smith-machine-ec-230\/\" \/>\n<meta property=\"og:locale\" content=\"da_DK\" \/>\n<meta property=\"og:type\" content=\"article\" \/>\n<meta property=\"og:title\" content=\"Evolve Econ Series Plate Loaded Half Rack &amp; Smith Machine (EC-230) - Evolve\" \/>\n<meta property=\"og:description\" content=\"Evolve Econ Series Plate Loaded Half Rack &amp; Smith Machine med Lat Pulldown\/Seated Row-tilbeh\u00f8r er en multifunktionel styrketr\u00e6ningsmaskine.\" \/>\n<meta property=\"og:url\" content=\"https:\/\/evolve-fitness.eu\/da\/vare\/evolve-econ-series-plate-loaded-half-rack-smith-machine-ec-230\/\" \/>\n<meta property=\"og:site_name\" content=\"Evolve\" \/>\n<meta property=\"article:publisher\" content=\"https:\/\/www.facebook.com\/EvolveFitnessEurope\" \/>\n<meta property=\"og:image\" content=\"https:\/\/evolve-fitness.eu\/wp-content\/uploads\/2025\/10\/EC-230.png\" \/>\n\t<meta property=\"og:image:width\" content=\"450\" \/>\n\t<meta property=\"og:image:height\" content=\"338\" \/>\n\t<meta property=\"og:image:type\" content=\"image\/png\" \/>\n<meta name=\"twitter:card\" content=\"summary_large_image\" \/>\n<script type=\"application\/ld+json\" class=\"yoast-schema-graph\">{\"@context\":\"https:\\\/\\\/schema.org\",\"@graph\":[{\"@type\":\"WebPage\",\"@id\":\"https:\\\/\\\/evolve-fitness.eu\\\/da\\\/vare\\\/evolve-econ-series-plate-loaded-half-rack-smith-machine-ec-230\\\/\",\"url\":\"https:\\\/\\\/evolve-fitness.eu\\\/da\\\/vare\\\/evolve-econ-series-plate-loaded-half-rack-smith-machine-ec-230\\\/\",\"name\":\"Evolve Econ Series Plate Loaded Half Rack &amp; Smith Machine (EC-230) - Evolve\",\"isPartOf\":{\"@id\":\"https:\\\/\\\/evolve-fitness.eu\\\/da\\\/#website\"},\"primaryImageOfPage\":{\"@id\":\"https:\\\/\\\/evolve-fitness.eu\\\/da\\\/vare\\\/evolve-econ-series-plate-loaded-half-rack-smith-machine-ec-230\\\/#primaryimage\"},\"image\":{\"@id\":\"https:\\\/\\\/evolve-fitness.eu\\\/da\\\/vare\\\/evolve-econ-series-plate-loaded-half-rack-smith-machine-ec-230\\\/#primaryimage\"},\"thumbnailUrl\":\"https:\\\/\\\/evolve-fitness.eu\\\/wp-content\\\/uploads\\\/2025\\\/10\\\/EC-230.png\",\"datePublished\":\"2025-10-14T13:25:13+00:00\",\"description\":\"Evolve Econ Series Plate Loaded Half Rack & Smith Machine med Lat Pulldown\\\/Seated Row-tilbeh\u00f8r er en multifunktionel styrketr\u00e6ningsmaskine.\",\"breadcrumb\":{\"@id\":\"https:\\\/\\\/evolve-fitness.eu\\\/da\\\/vare\\\/evolve-econ-series-plate-loaded-half-rack-smith-machine-ec-230\\\/#breadcrumb\"},\"inLanguage\":\"da-DK\",\"potentialAction\":[{\"@type\":\"ReadAction\",\"target\":[\"https:\\\/\\\/evolve-fitness.eu\\\/da\\\/vare\\\/evolve-econ-series-plate-loaded-half-rack-smith-machine-ec-230\\\/\"]}]},{\"@type\":\"ImageObject\",\"inLanguage\":\"da-DK\",\"@id\":\"https:\\\/\\\/evolve-fitness.eu\\\/da\\\/vare\\\/evolve-econ-series-plate-loaded-half-rack-smith-machine-ec-230\\\/#primaryimage\",\"url\":\"https:\\\/\\\/evolve-fitness.eu\\\/wp-content\\\/uploads\\\/2025\\\/10\\\/EC-230.png\",\"contentUrl\":\"https:\\\/\\\/evolve-fitness.eu\\\/wp-content\\\/uploads\\\/2025\\\/10\\\/EC-230.png\",\"width\":450,\"height\":338},{\"@type\":\"BreadcrumbList\",\"@id\":\"https:\\\/\\\/evolve-fitness.eu\\\/da\\\/vare\\\/evolve-econ-series-plate-loaded-half-rack-smith-machine-ec-230\\\/#breadcrumb\",\"itemListElement\":[{\"@type\":\"ListItem\",\"position\":1,\"name\":\"Home\",\"item\":\"https:\\\/\\\/evolve-fitness.eu\\\/da\\\/\"},{\"@type\":\"ListItem\",\"position\":2,\"name\":\"Produkter\",\"item\":\"https:\\\/\\\/evolve-fitness.eu\\\/da\\\/shop\\\/\"},{\"@type\":\"ListItem\",\"position\":3,\"name\":\"Evolve Econ Series Plate Loaded Half Rack &amp; Smith Machine (EC-230)\"}]},{\"@type\":\"WebSite\",\"@id\":\"https:\\\/\\\/evolve-fitness.eu\\\/da\\\/#website\",\"url\":\"https:\\\/\\\/evolve-fitness.eu\\\/da\\\/\",\"name\":\"Evolve\",\"description\":\"Your Evolved Gear Arrived\",\"publisher\":{\"@id\":\"https:\\\/\\\/evolve-fitness.eu\\\/da\\\/#organization\"},\"potentialAction\":[{\"@type\":\"SearchAction\",\"target\":{\"@type\":\"EntryPoint\",\"urlTemplate\":\"https:\\\/\\\/evolve-fitness.eu\\\/da\\\/?s={search_term_string}\"},\"query-input\":{\"@type\":\"PropertyValueSpecification\",\"valueRequired\":true,\"valueName\":\"search_term_string\"}}],\"inLanguage\":\"da-DK\"},{\"@type\":\"Organization\",\"@id\":\"https:\\\/\\\/evolve-fitness.eu\\\/da\\\/#organization\",\"name\":\"Evolve\",\"url\":\"https:\\\/\\\/evolve-fitness.eu\\\/da\\\/\",\"logo\":{\"@type\":\"ImageObject\",\"inLanguage\":\"da-DK\",\"@id\":\"https:\\\/\\\/evolve-fitness.eu\\\/da\\\/#\\\/schema\\\/logo\\\/image\\\/\",\"url\":\"https:\\\/\\\/evolve-fitness.eu\\\/wp-content\\\/uploads\\\/2023\\\/05\\\/Evolve-logo.svg\",\"contentUrl\":\"https:\\\/\\\/evolve-fitness.eu\\\/wp-content\\\/uploads\\\/2023\\\/05\\\/Evolve-logo.svg\",\"width\":176,\"height\":20,\"caption\":\"Evolve\"},\"image\":{\"@id\":\"https:\\\/\\\/evolve-fitness.eu\\\/da\\\/#\\\/schema\\\/logo\\\/image\\\/\"},\"sameAs\":[\"https:\\\/\\\/www.facebook.com\\\/EvolveFitnessEurope\"]}]}<\/script>\n<!-- \/ Yoast SEO plugin. -->","yoast_head_json":{"title":"Evolve Econ Series Plate Loaded Half Rack &amp; Smith Machine (EC-230) - Evolve","description":"Evolve Econ Series Plate Loaded Half Rack & Smith Machine med Lat Pulldown\/Seated Row-tilbeh\u00f8r er en multifunktionel styrketr\u00e6ningsmaskine.","robots":{"index":"index","follow":"follow","max-snippet":"max-snippet:-1","max-image-preview":"max-image-preview:large","max-video-preview":"max-video-preview:-1"},"canonical":"https:\/\/evolve-fitness.eu\/da\/vare\/evolve-econ-series-plate-loaded-half-rack-smith-machine-ec-230\/","og_locale":"da_DK","og_type":"article","og_title":"Evolve Econ Series Plate Loaded Half Rack &amp; Smith Machine (EC-230) - Evolve","og_description":"Evolve Econ Series Plate Loaded Half Rack & Smith Machine med Lat Pulldown\/Seated Row-tilbeh\u00f8r er en multifunktionel styrketr\u00e6ningsmaskine.","og_url":"https:\/\/evolve-fitness.eu\/da\/vare\/evolve-econ-series-plate-loaded-half-rack-smith-machine-ec-230\/","og_site_name":"Evolve","article_publisher":"https:\/\/www.facebook.com\/EvolveFitnessEurope","og_image":[{"width":450,"height":338,"url":"https:\/\/evolve-fitness.eu\/wp-content\/uploads\/2025\/10\/EC-230.png","type":"image\/png"}],"twitter_card":"summary_large_image","schema":{"@context":"https:\/\/schema.org","@graph":[{"@type":"WebPage","@id":"https:\/\/evolve-fitness.eu\/da\/vare\/evolve-econ-series-plate-loaded-half-rack-smith-machine-ec-230\/","url":"https:\/\/evolve-fitness.eu\/da\/vare\/evolve-econ-series-plate-loaded-half-rack-smith-machine-ec-230\/","name":"Evolve Econ Series Plate Loaded Half Rack &amp; Smith Machine (EC-230) - Evolve","isPartOf":{"@id":"https:\/\/evolve-fitness.eu\/da\/#website"},"primaryImageOfPage":{"@id":"https:\/\/evolve-fitness.eu\/da\/vare\/evolve-econ-series-plate-loaded-half-rack-smith-machine-ec-230\/#primaryimage"},"image":{"@id":"https:\/\/evolve-fitness.eu\/da\/vare\/evolve-econ-series-plate-loaded-half-rack-smith-machine-ec-230\/#primaryimage"},"thumbnailUrl":"https:\/\/evolve-fitness.eu\/wp-content\/uploads\/2025\/10\/EC-230.png","datePublished":"2025-10-14T13:25:13+00:00","description":"Evolve Econ Series Plate Loaded Half Rack & Smith Machine med Lat Pulldown\/Seated Row-tilbeh\u00f8r er en multifunktionel styrketr\u00e6ningsmaskine.","breadcrumb":{"@id":"https:\/\/evolve-fitness.eu\/da\/vare\/evolve-econ-series-plate-loaded-half-rack-smith-machine-ec-230\/#breadcrumb"},"inLanguage":"da-DK","potentialAction":[{"@type":"ReadAction","target":["https:\/\/evolve-fitness.eu\/da\/vare\/evolve-econ-series-plate-loaded-half-rack-smith-machine-ec-230\/"]}]},{"@type":"ImageObject","inLanguage":"da-DK","@id":"https:\/\/evolve-fitness.eu\/da\/vare\/evolve-econ-series-plate-loaded-half-rack-smith-machine-ec-230\/#primaryimage","url":"https:\/\/evolve-fitness.eu\/wp-content\/uploads\/2025\/10\/EC-230.png","contentUrl":"https:\/\/evolve-fitness.eu\/wp-content\/uploads\/2025\/10\/EC-230.png","width":450,"height":338},{"@type":"BreadcrumbList","@id":"https:\/\/evolve-fitness.eu\/da\/vare\/evolve-econ-series-plate-loaded-half-rack-smith-machine-ec-230\/#breadcrumb","itemListElement":[{"@type":"ListItem","position":1,"name":"Home","item":"https:\/\/evolve-fitness.eu\/da\/"},{"@type":"ListItem","position":2,"name":"Produkter","item":"https:\/\/evolve-fitness.eu\/da\/shop\/"},{"@type":"ListItem","position":3,"name":"Evolve Econ Series Plate Loaded Half Rack &amp; Smith Machine (EC-230)"}]},{"@type":"WebSite","@id":"https:\/\/evolve-fitness.eu\/da\/#website","url":"https:\/\/evolve-fitness.eu\/da\/","name":"Evolve","description":"Your Evolved Gear Arrived","publisher":{"@id":"https:\/\/evolve-fitness.eu\/da\/#organization"},"potentialAction":[{"@type":"SearchAction","target":{"@type":"EntryPoint","urlTemplate":"https:\/\/evolve-fitness.eu\/da\/?s={search_term_string}"},"query-input":{"@type":"PropertyValueSpecification","valueRequired":true,"valueName":"search_term_string"}}],"inLanguage":"da-DK"},{"@type":"Organization","@id":"https:\/\/evolve-fitness.eu\/da\/#organization","name":"Evolve","url":"https:\/\/evolve-fitness.eu\/da\/","logo":{"@type":"ImageObject","inLanguage":"da-DK","@id":"https:\/\/evolve-fitness.eu\/da\/#\/schema\/logo\/image\/","url":"https:\/\/evolve-fitness.eu\/wp-content\/uploads\/2023\/05\/Evolve-logo.svg","contentUrl":"https:\/\/evolve-fitness.eu\/wp-content\/uploads\/2023\/05\/Evolve-logo.svg","width":176,"height":20,"caption":"Evolve"},"image":{"@id":"https:\/\/evolve-fitness.eu\/da\/#\/schema\/logo\/image\/"},"sameAs":["https:\/\/www.facebook.com\/EvolveFitnessEurope"]}]}},"_links":{"self":[{"href":"https:\/\/evolve-fitness.eu\/da\/wp-json\/wp\/v2\/product\/235330","targetHints":{"allow":["GET"]}}],"collection":[{"href":"https:\/\/evolve-fitness.eu\/da\/wp-json\/wp\/v2\/product"}],"about":[{"href":"https:\/\/evolve-fitness.eu\/da\/wp-json\/wp\/v2\/types\/product"}],"wp:featuredmedia":[{"embeddable":true,"href":"https:\/\/evolve-fitness.eu\/da\/wp-json\/wp\/v2\/media\/235351"}],"wp:attachment":[{"href":"https:\/\/evolve-fitness.eu\/da\/wp-json\/wp\/v2\/media?parent=235330"}],"wp:term":[{"taxonomy":"product_brand","embeddable":true,"href":"https:\/\/evolve-fitness.eu\/da\/wp-json\/wp\/v2\/product_brand?post=235330"},{"taxonomy":"product_cat","embeddable":true,"href":"https:\/\/evolve-fitness.eu\/da\/wp-json\/wp\/v2\/product_cat?post=235330"},{"taxonomy":"product_tag","embeddable":true,"href":"https:\/\/evolve-fitness.eu\/da\/wp-json\/wp\/v2\/product_tag?post=235330"}],"curies":[{"name":"wp","href":"https:\/\/api.w.org\/{rel}","templated":true}]}}