{"id":235378,"date":"2025-10-20T08:48:54","date_gmt":"2025-10-20T05:48:54","guid":{"rendered":"https:\/\/evolve-fitness.eu\/product\/evolve-kabeltilbehor-ca-010\/"},"modified":"2025-10-20T08:48:54","modified_gmt":"2025-10-20T05:48:54","slug":"evolve-kabeltilbehor-ca-010","status":"publish","type":"product","link":"https:\/\/evolve-fitness.eu\/da\/vare\/evolve-kabeltilbehor-ca-010\/","title":{"rendered":"Evolve kabeltilbeh\u00f8r (CA-010)"},"content":{"rendered":"","protected":false},"excerpt":{"rendered":"<p>Evolve Cable Attachment er et holdbart, ergonomisk tilbeh\u00f8r, der er designet til alsidig styrketr\u00e6ning. Det er kompatibelt med alle standard kabelmaskiner og giver mulighed for j\u00e6vn og kontrolleret bev\u00e6gelse til \u00f8velser som triceps pushdowns, biceps curls og rows. Det er bygget til komfort og pr\u00e6cision og er ideelt til b\u00e5de hjemme- og kommercielle fitnesscentre.  <\/p>\n","protected":false},"featured_media":235379,"template":"","meta":{"_acf_changed":false,"inline_featured_image":false},"product_brand":[],"product_cat":[2964,2965],"product_tag":[13231,13230],"class_list":{"0":"post-235378","1":"product","2":"type-product","3":"status-publish","4":"has-post-thumbnail","6":"product_cat-komponenter-til-riggen","7":"product_cat-tilbehor","8":"product_tag-komponenter","9":"product_tag-rig","11":"first","12":"instock","13":"shipping-taxable","14":"purchasable","15":"product-type-simple"},"acf":{"long_title":"Evolve kabeltilbeh\u00f8r (CA-010)","subtitle":"","specifications":[{"label":"VARENUMMER","text_value":"EV-AT-CA-010","icon":"x"},{"label":"V\u00e6gt","text_value":"180 kg","icon":"x"},{"label":"Garanti","text_value":"2 \u00e5r","icon":"x"}],"product_frequently_asked_questions":null},"yoast_head":"<!-- This site is optimized with the Yoast SEO plugin v27.4 - https:\/\/yoast.com\/product\/yoast-seo-wordpress\/ -->\n<title>Evolve kabeltilbeh\u00f8r (CA-010) - Evolve<\/title>\n<meta name=\"description\" content=\"Evolve Cable Attachment er et holdbart, ergonomisk tilbeh\u00f8r, der er designet til alsidig styrketr\u00e6ning. Kompatibel med alle standard kabelmaskiner\" \/>\n<meta name=\"robots\" content=\"index, follow, max-snippet:-1, max-image-preview:large, max-video-preview:-1\" \/>\n<link rel=\"canonical\" href=\"https:\/\/evolve-fitness.eu\/da\/vare\/evolve-kabeltilbehor-ca-010\/\" \/>\n<meta property=\"og:locale\" content=\"da_DK\" \/>\n<meta property=\"og:type\" content=\"article\" \/>\n<meta property=\"og:title\" content=\"Evolve kabeltilbeh\u00f8r (CA-010) - Evolve\" \/>\n<meta property=\"og:description\" content=\"Evolve Cable Attachment er et holdbart, ergonomisk tilbeh\u00f8r, der er designet til alsidig styrketr\u00e6ning. Kompatibel med alle standard kabelmaskiner\" \/>\n<meta property=\"og:url\" content=\"https:\/\/evolve-fitness.eu\/da\/vare\/evolve-kabeltilbehor-ca-010\/\" \/>\n<meta property=\"og:site_name\" content=\"Evolve\" \/>\n<meta property=\"article:publisher\" content=\"https:\/\/www.facebook.com\/EvolveFitnessEurope\" \/>\n<meta property=\"og:image\" content=\"https:\/\/evolve-fitness.eu\/wp-content\/uploads\/2025\/10\/EV-AT-CA-010.png\" \/>\n\t<meta property=\"og:image:width\" content=\"675\" \/>\n\t<meta property=\"og:image:height\" content=\"844\" \/>\n\t<meta property=\"og:image:type\" content=\"image\/png\" \/>\n<meta name=\"twitter:card\" content=\"summary_large_image\" \/>\n<script type=\"application\/ld+json\" class=\"yoast-schema-graph\">{\"@context\":\"https:\\\/\\\/schema.org\",\"@graph\":[{\"@type\":\"WebPage\",\"@id\":\"https:\\\/\\\/evolve-fitness.eu\\\/da\\\/vare\\\/evolve-kabeltilbehor-ca-010\\\/\",\"url\":\"https:\\\/\\\/evolve-fitness.eu\\\/da\\\/vare\\\/evolve-kabeltilbehor-ca-010\\\/\",\"name\":\"Evolve kabeltilbeh\u00f8r (CA-010) - Evolve\",\"isPartOf\":{\"@id\":\"https:\\\/\\\/evolve-fitness.eu\\\/da\\\/#website\"},\"primaryImageOfPage\":{\"@id\":\"https:\\\/\\\/evolve-fitness.eu\\\/da\\\/vare\\\/evolve-kabeltilbehor-ca-010\\\/#primaryimage\"},\"image\":{\"@id\":\"https:\\\/\\\/evolve-fitness.eu\\\/da\\\/vare\\\/evolve-kabeltilbehor-ca-010\\\/#primaryimage\"},\"thumbnailUrl\":\"https:\\\/\\\/evolve-fitness.eu\\\/wp-content\\\/uploads\\\/2025\\\/10\\\/EV-AT-CA-010.png\",\"datePublished\":\"2025-10-20T05:48:54+00:00\",\"description\":\"Evolve Cable Attachment er et holdbart, ergonomisk tilbeh\u00f8r, der er designet til alsidig styrketr\u00e6ning. Kompatibel med alle standard kabelmaskiner\",\"breadcrumb\":{\"@id\":\"https:\\\/\\\/evolve-fitness.eu\\\/da\\\/vare\\\/evolve-kabeltilbehor-ca-010\\\/#breadcrumb\"},\"inLanguage\":\"da-DK\",\"potentialAction\":[{\"@type\":\"ReadAction\",\"target\":[\"https:\\\/\\\/evolve-fitness.eu\\\/da\\\/vare\\\/evolve-kabeltilbehor-ca-010\\\/\"]}]},{\"@type\":\"ImageObject\",\"inLanguage\":\"da-DK\",\"@id\":\"https:\\\/\\\/evolve-fitness.eu\\\/da\\\/vare\\\/evolve-kabeltilbehor-ca-010\\\/#primaryimage\",\"url\":\"https:\\\/\\\/evolve-fitness.eu\\\/wp-content\\\/uploads\\\/2025\\\/10\\\/EV-AT-CA-010.png\",\"contentUrl\":\"https:\\\/\\\/evolve-fitness.eu\\\/wp-content\\\/uploads\\\/2025\\\/10\\\/EV-AT-CA-010.png\",\"width\":675,\"height\":844},{\"@type\":\"BreadcrumbList\",\"@id\":\"https:\\\/\\\/evolve-fitness.eu\\\/da\\\/vare\\\/evolve-kabeltilbehor-ca-010\\\/#breadcrumb\",\"itemListElement\":[{\"@type\":\"ListItem\",\"position\":1,\"name\":\"Home\",\"item\":\"https:\\\/\\\/evolve-fitness.eu\\\/da\\\/\"},{\"@type\":\"ListItem\",\"position\":2,\"name\":\"Produkter\",\"item\":\"https:\\\/\\\/evolve-fitness.eu\\\/da\\\/shop\\\/\"},{\"@type\":\"ListItem\",\"position\":3,\"name\":\"Evolve kabeltilbeh\u00f8r (CA-010)\"}]},{\"@type\":\"WebSite\",\"@id\":\"https:\\\/\\\/evolve-fitness.eu\\\/da\\\/#website\",\"url\":\"https:\\\/\\\/evolve-fitness.eu\\\/da\\\/\",\"name\":\"Evolve\",\"description\":\"Your Evolved Gear Arrived\",\"publisher\":{\"@id\":\"https:\\\/\\\/evolve-fitness.eu\\\/da\\\/#organization\"},\"potentialAction\":[{\"@type\":\"SearchAction\",\"target\":{\"@type\":\"EntryPoint\",\"urlTemplate\":\"https:\\\/\\\/evolve-fitness.eu\\\/da\\\/?s={search_term_string}\"},\"query-input\":{\"@type\":\"PropertyValueSpecification\",\"valueRequired\":true,\"valueName\":\"search_term_string\"}}],\"inLanguage\":\"da-DK\"},{\"@type\":\"Organization\",\"@id\":\"https:\\\/\\\/evolve-fitness.eu\\\/da\\\/#organization\",\"name\":\"Evolve\",\"url\":\"https:\\\/\\\/evolve-fitness.eu\\\/da\\\/\",\"logo\":{\"@type\":\"ImageObject\",\"inLanguage\":\"da-DK\",\"@id\":\"https:\\\/\\\/evolve-fitness.eu\\\/da\\\/#\\\/schema\\\/logo\\\/image\\\/\",\"url\":\"https:\\\/\\\/evolve-fitness.eu\\\/wp-content\\\/uploads\\\/2023\\\/05\\\/Evolve-logo.svg\",\"contentUrl\":\"https:\\\/\\\/evolve-fitness.eu\\\/wp-content\\\/uploads\\\/2023\\\/05\\\/Evolve-logo.svg\",\"width\":176,\"height\":20,\"caption\":\"Evolve\"},\"image\":{\"@id\":\"https:\\\/\\\/evolve-fitness.eu\\\/da\\\/#\\\/schema\\\/logo\\\/image\\\/\"},\"sameAs\":[\"https:\\\/\\\/www.facebook.com\\\/EvolveFitnessEurope\"]}]}<\/script>\n<!-- \/ Yoast SEO plugin. -->","yoast_head_json":{"title":"Evolve kabeltilbeh\u00f8r (CA-010) - Evolve","description":"Evolve Cable Attachment er et holdbart, ergonomisk tilbeh\u00f8r, der er designet til alsidig styrketr\u00e6ning. Kompatibel med alle standard kabelmaskiner","robots":{"index":"index","follow":"follow","max-snippet":"max-snippet:-1","max-image-preview":"max-image-preview:large","max-video-preview":"max-video-preview:-1"},"canonical":"https:\/\/evolve-fitness.eu\/da\/vare\/evolve-kabeltilbehor-ca-010\/","og_locale":"da_DK","og_type":"article","og_title":"Evolve kabeltilbeh\u00f8r (CA-010) - Evolve","og_description":"Evolve Cable Attachment er et holdbart, ergonomisk tilbeh\u00f8r, der er designet til alsidig styrketr\u00e6ning. Kompatibel med alle standard kabelmaskiner","og_url":"https:\/\/evolve-fitness.eu\/da\/vare\/evolve-kabeltilbehor-ca-010\/","og_site_name":"Evolve","article_publisher":"https:\/\/www.facebook.com\/EvolveFitnessEurope","og_image":[{"width":675,"height":844,"url":"https:\/\/evolve-fitness.eu\/wp-content\/uploads\/2025\/10\/EV-AT-CA-010.png","type":"image\/png"}],"twitter_card":"summary_large_image","schema":{"@context":"https:\/\/schema.org","@graph":[{"@type":"WebPage","@id":"https:\/\/evolve-fitness.eu\/da\/vare\/evolve-kabeltilbehor-ca-010\/","url":"https:\/\/evolve-fitness.eu\/da\/vare\/evolve-kabeltilbehor-ca-010\/","name":"Evolve kabeltilbeh\u00f8r (CA-010) - Evolve","isPartOf":{"@id":"https:\/\/evolve-fitness.eu\/da\/#website"},"primaryImageOfPage":{"@id":"https:\/\/evolve-fitness.eu\/da\/vare\/evolve-kabeltilbehor-ca-010\/#primaryimage"},"image":{"@id":"https:\/\/evolve-fitness.eu\/da\/vare\/evolve-kabeltilbehor-ca-010\/#primaryimage"},"thumbnailUrl":"https:\/\/evolve-fitness.eu\/wp-content\/uploads\/2025\/10\/EV-AT-CA-010.png","datePublished":"2025-10-20T05:48:54+00:00","description":"Evolve Cable Attachment er et holdbart, ergonomisk tilbeh\u00f8r, der er designet til alsidig styrketr\u00e6ning. Kompatibel med alle standard kabelmaskiner","breadcrumb":{"@id":"https:\/\/evolve-fitness.eu\/da\/vare\/evolve-kabeltilbehor-ca-010\/#breadcrumb"},"inLanguage":"da-DK","potentialAction":[{"@type":"ReadAction","target":["https:\/\/evolve-fitness.eu\/da\/vare\/evolve-kabeltilbehor-ca-010\/"]}]},{"@type":"ImageObject","inLanguage":"da-DK","@id":"https:\/\/evolve-fitness.eu\/da\/vare\/evolve-kabeltilbehor-ca-010\/#primaryimage","url":"https:\/\/evolve-fitness.eu\/wp-content\/uploads\/2025\/10\/EV-AT-CA-010.png","contentUrl":"https:\/\/evolve-fitness.eu\/wp-content\/uploads\/2025\/10\/EV-AT-CA-010.png","width":675,"height":844},{"@type":"BreadcrumbList","@id":"https:\/\/evolve-fitness.eu\/da\/vare\/evolve-kabeltilbehor-ca-010\/#breadcrumb","itemListElement":[{"@type":"ListItem","position":1,"name":"Home","item":"https:\/\/evolve-fitness.eu\/da\/"},{"@type":"ListItem","position":2,"name":"Produkter","item":"https:\/\/evolve-fitness.eu\/da\/shop\/"},{"@type":"ListItem","position":3,"name":"Evolve kabeltilbeh\u00f8r (CA-010)"}]},{"@type":"WebSite","@id":"https:\/\/evolve-fitness.eu\/da\/#website","url":"https:\/\/evolve-fitness.eu\/da\/","name":"Evolve","description":"Your Evolved Gear Arrived","publisher":{"@id":"https:\/\/evolve-fitness.eu\/da\/#organization"},"potentialAction":[{"@type":"SearchAction","target":{"@type":"EntryPoint","urlTemplate":"https:\/\/evolve-fitness.eu\/da\/?s={search_term_string}"},"query-input":{"@type":"PropertyValueSpecification","valueRequired":true,"valueName":"search_term_string"}}],"inLanguage":"da-DK"},{"@type":"Organization","@id":"https:\/\/evolve-fitness.eu\/da\/#organization","name":"Evolve","url":"https:\/\/evolve-fitness.eu\/da\/","logo":{"@type":"ImageObject","inLanguage":"da-DK","@id":"https:\/\/evolve-fitness.eu\/da\/#\/schema\/logo\/image\/","url":"https:\/\/evolve-fitness.eu\/wp-content\/uploads\/2023\/05\/Evolve-logo.svg","contentUrl":"https:\/\/evolve-fitness.eu\/wp-content\/uploads\/2023\/05\/Evolve-logo.svg","width":176,"height":20,"caption":"Evolve"},"image":{"@id":"https:\/\/evolve-fitness.eu\/da\/#\/schema\/logo\/image\/"},"sameAs":["https:\/\/www.facebook.com\/EvolveFitnessEurope"]}]}},"_links":{"self":[{"href":"https:\/\/evolve-fitness.eu\/da\/wp-json\/wp\/v2\/product\/235378","targetHints":{"allow":["GET"]}}],"collection":[{"href":"https:\/\/evolve-fitness.eu\/da\/wp-json\/wp\/v2\/product"}],"about":[{"href":"https:\/\/evolve-fitness.eu\/da\/wp-json\/wp\/v2\/types\/product"}],"wp:featuredmedia":[{"embeddable":true,"href":"https:\/\/evolve-fitness.eu\/da\/wp-json\/wp\/v2\/media\/235379"}],"wp:attachment":[{"href":"https:\/\/evolve-fitness.eu\/da\/wp-json\/wp\/v2\/media?parent=235378"}],"wp:term":[{"taxonomy":"product_brand","embeddable":true,"href":"https:\/\/evolve-fitness.eu\/da\/wp-json\/wp\/v2\/product_brand?post=235378"},{"taxonomy":"product_cat","embeddable":true,"href":"https:\/\/evolve-fitness.eu\/da\/wp-json\/wp\/v2\/product_cat?post=235378"},{"taxonomy":"product_tag","embeddable":true,"href":"https:\/\/evolve-fitness.eu\/da\/wp-json\/wp\/v2\/product_tag?post=235378"}],"curies":[{"name":"wp","href":"https:\/\/api.w.org\/{rel}","templated":true}]}}