{"id":235600,"date":"2025-11-21T16:06:25","date_gmt":"2025-11-21T14:06:25","guid":{"rendered":"https:\/\/evolve-fitness.eu\/product\/evolve-gymnastikringe-i-trae-wr-320\/"},"modified":"2026-04-23T08:56:53","modified_gmt":"2026-04-23T05:56:53","slug":"evolve-gymnastikringe-i-trae-wr-320","status":"publish","type":"product","link":"https:\/\/evolve-fitness.eu\/da\/vare\/evolve-gymnastikringe-i-trae-wr-320\/","title":{"rendered":"Evolve gymnastikringe i tr\u00e6 (WR-320)"},"content":{"rendered":"\n<section class=\"wp-block-group alignfull black-content has-white-color has-darkgray-background-color has-text-color has-background is-layout-constrained wp-block-group-is-layout-constrained\" style=\"padding-top:var(--wp--preset--spacing--section-bottom);padding-bottom:var(--wp--preset--spacing--section-bottom)\">\n<div class=\"wp-block-columns alignwide mobile-reverse is-layout-flex wp-container-core-columns-is-layout-ca64bf2d wp-block-columns-is-layout-flex\" style=\"margin-bottom:var(--wp--preset--spacing--side-padding)\">\n<div class=\"wp-block-column is-vertically-aligned-center is-layout-flow wp-block-column-is-layout-flow\">\n<h3 class=\"wp-block-heading\" style=\"margin-bottom:var(--wp--preset--spacing--h-3-bottom)\"><strong>Frig\u00f8r kropsv\u00e6gtstyrke og pr\u00e6cisionskontrol<\/strong><br\/><\/h3>\n\n\n\n<p><strong><em><strong>H\u00f8jtydende gymnastiktr\u00e6ning for funktionelle atleter<\/strong><\/em><\/strong><\/p>\n\n\n\n<p><strong>Evolve Wooden Gym Rings<\/strong> er bygget til atleter, der \u00f8nsker at forbedre kropsv\u00e6gtstyrke, stabilitet og bev\u00e6gelseskontrol. Disse ringe er fremstillet af f\u00f8rsteklasses tr\u00e6 og giver et enest\u00e5ende greb og en naturlig fornemmelse, der sikrer sikker h\u00e5ndtering under h\u00f8jintensive og tekniske \u00f8velser. Med en <strong>diameter p\u00e5 24 cm<\/strong> og en <strong>h\u00e5ndtagstykkelse p\u00e5 32 mm<\/strong> giver de optimal ergonomi for b\u00e5de begyndere og avancerede brugere.  <\/p>\n\n\n\n<p>Evolve Wooden Gym Rings er designet til bev\u00e6gelser som ring dips, muscle-ups, pull-ups og statiske hold og aktiverer arme, skuldre, bryst, ryg og kerne p\u00e5 samme tid. Den glatte, men faste overflade muligg\u00f8r pr\u00e6cis udf\u00f8relse af dynamiske og statiske elementer og underst\u00f8tter progressiv udvikling af f\u00e6rdigheder og funktionel styrke. Disse ringe er ideelle til CrossFit-tr\u00e6ning, calisthenics, gymnastiske styrkerutiner og konditionering af hele kroppen, og de hj\u00e6lper atleter med at \u00f8ge deres pr\u00e6stationer, forbedre koordinationen og udvikle en robust overkropsstyrke.  <\/p>\n<\/div>\n\n\n\n<div class=\"wp-block-column is-vertically-aligned-center is-layout-flow wp-block-column-is-layout-flow\">\n<figure class=\"wp-block-gallery has-nested-images columns-default is-cropped wp-block-gallery-1 is-layout-flex wp-block-gallery-is-layout-flex\">\n<figure class=\"wp-block-image size-large\"><img decoding=\"async\" data-id=\"147279\" src=\"https:\/\/store.evolve-fitness.eu\/wp-content\/uploads\/2025\/11\/EV-RP-CR-385-3.png\" alt=\"\" class=\"wp-image-147279\"\/><\/figure>\n<\/figure>\n<\/div>\n<\/div>\n<\/section>\n","protected":false},"excerpt":{"rendered":"<p>Evolve Wooden Gym Rings er designet til alsidig styrketr\u00e6ning og giver fremragende greb og stabilitet takket v\u00e6re en ringdiameter p\u00e5 24 cm og en h\u00e5ndtagstykkelse p\u00e5 32 mm. De er lavet af holdbart tr\u00e6 i h\u00f8j kvalitet og sikrer behagelig h\u00e5ndtering under pull-ups, dips, ring rows og avancerede gymnastiske bev\u00e6gelser. Disse ringe er velegnede til hjemmetr\u00e6ningscentre, funktionelle tr\u00e6ningsomr\u00e5der og professionelle faciliteter og giver p\u00e5lidelig ydeevne til atleter p\u00e5 alle niveauer.  <\/p>\n","protected":false},"featured_media":235601,"template":"","meta":{"_acf_changed":false,"inline_featured_image":false},"product_brand":[],"product_cat":[3882,13036,2963],"product_tag":[],"class_list":{"0":"post-235600","1":"product","2":"type-product","3":"status-publish","4":"has-post-thumbnail","6":"product_cat-funktionelt-udstyr","7":"product_cat-hyrox-gear","8":"product_cat-tvaergaende-og-funktionel","10":"first","11":"outofstock","12":"shipping-taxable","13":"purchasable","14":"product-type-simple"},"acf":{"long_title":"Evolve gymnastikringe i tr\u00e6 (WR-320)","subtitle":"","specifications":null,"product_frequently_asked_questions":null},"yoast_head":"<!-- This site is optimized with the Yoast SEO plugin v27.4 - https:\/\/yoast.com\/product\/yoast-seo-wordpress\/ -->\n<title>Evolve gymnastikringe i tr\u00e6 (WR-320) - Evolve<\/title>\n<meta name=\"robots\" content=\"index, follow, max-snippet:-1, max-image-preview:large, max-video-preview:-1\" \/>\n<link rel=\"canonical\" href=\"https:\/\/evolve-fitness.eu\/da\/vare\/evolve-gymnastikringe-i-trae-wr-320\/\" \/>\n<meta property=\"og:locale\" content=\"da_DK\" \/>\n<meta property=\"og:type\" content=\"article\" \/>\n<meta property=\"og:title\" content=\"Evolve gymnastikringe i tr\u00e6 (WR-320) - Evolve\" \/>\n<meta property=\"og:url\" content=\"https:\/\/evolve-fitness.eu\/da\/vare\/evolve-gymnastikringe-i-trae-wr-320\/\" \/>\n<meta property=\"og:site_name\" content=\"Evolve\" \/>\n<meta property=\"article:publisher\" content=\"https:\/\/www.facebook.com\/EvolveFitnessEurope\" \/>\n<meta property=\"article:modified_time\" content=\"2026-04-23T05:56:53+00:00\" \/>\n<meta property=\"og:image\" content=\"https:\/\/evolve-fitness.eu\/wp-content\/uploads\/2025\/11\/EV-RP-CR-385-1.png\" \/>\n\t<meta property=\"og:image:width\" content=\"600\" \/>\n\t<meta property=\"og:image:height\" content=\"450\" \/>\n\t<meta property=\"og:image:type\" content=\"image\/png\" \/>\n<meta name=\"twitter:card\" content=\"summary_large_image\" \/>\n<script type=\"application\/ld+json\" class=\"yoast-schema-graph\">{\"@context\":\"https:\\\/\\\/schema.org\",\"@graph\":[{\"@type\":\"WebPage\",\"@id\":\"https:\\\/\\\/evolve-fitness.eu\\\/da\\\/vare\\\/evolve-gymnastikringe-i-trae-wr-320\\\/\",\"url\":\"https:\\\/\\\/evolve-fitness.eu\\\/da\\\/vare\\\/evolve-gymnastikringe-i-trae-wr-320\\\/\",\"name\":\"Evolve gymnastikringe i tr\u00e6 (WR-320) - Evolve\",\"isPartOf\":{\"@id\":\"https:\\\/\\\/evolve-fitness.eu\\\/da\\\/#website\"},\"primaryImageOfPage\":{\"@id\":\"https:\\\/\\\/evolve-fitness.eu\\\/da\\\/vare\\\/evolve-gymnastikringe-i-trae-wr-320\\\/#primaryimage\"},\"image\":{\"@id\":\"https:\\\/\\\/evolve-fitness.eu\\\/da\\\/vare\\\/evolve-gymnastikringe-i-trae-wr-320\\\/#primaryimage\"},\"thumbnailUrl\":\"https:\\\/\\\/evolve-fitness.eu\\\/wp-content\\\/uploads\\\/2025\\\/11\\\/EV-RP-CR-385-1.png\",\"datePublished\":\"2025-11-21T14:06:25+00:00\",\"dateModified\":\"2026-04-23T05:56:53+00:00\",\"breadcrumb\":{\"@id\":\"https:\\\/\\\/evolve-fitness.eu\\\/da\\\/vare\\\/evolve-gymnastikringe-i-trae-wr-320\\\/#breadcrumb\"},\"inLanguage\":\"da-DK\",\"potentialAction\":[{\"@type\":\"ReadAction\",\"target\":[\"https:\\\/\\\/evolve-fitness.eu\\\/da\\\/vare\\\/evolve-gymnastikringe-i-trae-wr-320\\\/\"]}]},{\"@type\":\"ImageObject\",\"inLanguage\":\"da-DK\",\"@id\":\"https:\\\/\\\/evolve-fitness.eu\\\/da\\\/vare\\\/evolve-gymnastikringe-i-trae-wr-320\\\/#primaryimage\",\"url\":\"https:\\\/\\\/evolve-fitness.eu\\\/wp-content\\\/uploads\\\/2025\\\/11\\\/EV-RP-CR-385-1.png\",\"contentUrl\":\"https:\\\/\\\/evolve-fitness.eu\\\/wp-content\\\/uploads\\\/2025\\\/11\\\/EV-RP-CR-385-1.png\",\"width\":600,\"height\":450},{\"@type\":\"BreadcrumbList\",\"@id\":\"https:\\\/\\\/evolve-fitness.eu\\\/da\\\/vare\\\/evolve-gymnastikringe-i-trae-wr-320\\\/#breadcrumb\",\"itemListElement\":[{\"@type\":\"ListItem\",\"position\":1,\"name\":\"Home\",\"item\":\"https:\\\/\\\/evolve-fitness.eu\\\/da\\\/\"},{\"@type\":\"ListItem\",\"position\":2,\"name\":\"Produkter\",\"item\":\"https:\\\/\\\/evolve-fitness.eu\\\/da\\\/shop\\\/\"},{\"@type\":\"ListItem\",\"position\":3,\"name\":\"Evolve gymnastikringe i tr\u00e6 (WR-320)\"}]},{\"@type\":\"WebSite\",\"@id\":\"https:\\\/\\\/evolve-fitness.eu\\\/da\\\/#website\",\"url\":\"https:\\\/\\\/evolve-fitness.eu\\\/da\\\/\",\"name\":\"Evolve\",\"description\":\"Your Evolved Gear Arrived\",\"publisher\":{\"@id\":\"https:\\\/\\\/evolve-fitness.eu\\\/da\\\/#organization\"},\"potentialAction\":[{\"@type\":\"SearchAction\",\"target\":{\"@type\":\"EntryPoint\",\"urlTemplate\":\"https:\\\/\\\/evolve-fitness.eu\\\/da\\\/?s={search_term_string}\"},\"query-input\":{\"@type\":\"PropertyValueSpecification\",\"valueRequired\":true,\"valueName\":\"search_term_string\"}}],\"inLanguage\":\"da-DK\"},{\"@type\":\"Organization\",\"@id\":\"https:\\\/\\\/evolve-fitness.eu\\\/da\\\/#organization\",\"name\":\"Evolve\",\"url\":\"https:\\\/\\\/evolve-fitness.eu\\\/da\\\/\",\"logo\":{\"@type\":\"ImageObject\",\"inLanguage\":\"da-DK\",\"@id\":\"https:\\\/\\\/evolve-fitness.eu\\\/da\\\/#\\\/schema\\\/logo\\\/image\\\/\",\"url\":\"https:\\\/\\\/evolve-fitness.eu\\\/wp-content\\\/uploads\\\/2023\\\/05\\\/Evolve-logo.svg\",\"contentUrl\":\"https:\\\/\\\/evolve-fitness.eu\\\/wp-content\\\/uploads\\\/2023\\\/05\\\/Evolve-logo.svg\",\"width\":176,\"height\":20,\"caption\":\"Evolve\"},\"image\":{\"@id\":\"https:\\\/\\\/evolve-fitness.eu\\\/da\\\/#\\\/schema\\\/logo\\\/image\\\/\"},\"sameAs\":[\"https:\\\/\\\/www.facebook.com\\\/EvolveFitnessEurope\"]}]}<\/script>\n<!-- \/ Yoast SEO plugin. -->","yoast_head_json":{"title":"Evolve gymnastikringe i tr\u00e6 (WR-320) - Evolve","robots":{"index":"index","follow":"follow","max-snippet":"max-snippet:-1","max-image-preview":"max-image-preview:large","max-video-preview":"max-video-preview:-1"},"canonical":"https:\/\/evolve-fitness.eu\/da\/vare\/evolve-gymnastikringe-i-trae-wr-320\/","og_locale":"da_DK","og_type":"article","og_title":"Evolve gymnastikringe i tr\u00e6 (WR-320) - Evolve","og_url":"https:\/\/evolve-fitness.eu\/da\/vare\/evolve-gymnastikringe-i-trae-wr-320\/","og_site_name":"Evolve","article_publisher":"https:\/\/www.facebook.com\/EvolveFitnessEurope","article_modified_time":"2026-04-23T05:56:53+00:00","og_image":[{"width":600,"height":450,"url":"https:\/\/evolve-fitness.eu\/wp-content\/uploads\/2025\/11\/EV-RP-CR-385-1.png","type":"image\/png"}],"twitter_card":"summary_large_image","schema":{"@context":"https:\/\/schema.org","@graph":[{"@type":"WebPage","@id":"https:\/\/evolve-fitness.eu\/da\/vare\/evolve-gymnastikringe-i-trae-wr-320\/","url":"https:\/\/evolve-fitness.eu\/da\/vare\/evolve-gymnastikringe-i-trae-wr-320\/","name":"Evolve gymnastikringe i tr\u00e6 (WR-320) - Evolve","isPartOf":{"@id":"https:\/\/evolve-fitness.eu\/da\/#website"},"primaryImageOfPage":{"@id":"https:\/\/evolve-fitness.eu\/da\/vare\/evolve-gymnastikringe-i-trae-wr-320\/#primaryimage"},"image":{"@id":"https:\/\/evolve-fitness.eu\/da\/vare\/evolve-gymnastikringe-i-trae-wr-320\/#primaryimage"},"thumbnailUrl":"https:\/\/evolve-fitness.eu\/wp-content\/uploads\/2025\/11\/EV-RP-CR-385-1.png","datePublished":"2025-11-21T14:06:25+00:00","dateModified":"2026-04-23T05:56:53+00:00","breadcrumb":{"@id":"https:\/\/evolve-fitness.eu\/da\/vare\/evolve-gymnastikringe-i-trae-wr-320\/#breadcrumb"},"inLanguage":"da-DK","potentialAction":[{"@type":"ReadAction","target":["https:\/\/evolve-fitness.eu\/da\/vare\/evolve-gymnastikringe-i-trae-wr-320\/"]}]},{"@type":"ImageObject","inLanguage":"da-DK","@id":"https:\/\/evolve-fitness.eu\/da\/vare\/evolve-gymnastikringe-i-trae-wr-320\/#primaryimage","url":"https:\/\/evolve-fitness.eu\/wp-content\/uploads\/2025\/11\/EV-RP-CR-385-1.png","contentUrl":"https:\/\/evolve-fitness.eu\/wp-content\/uploads\/2025\/11\/EV-RP-CR-385-1.png","width":600,"height":450},{"@type":"BreadcrumbList","@id":"https:\/\/evolve-fitness.eu\/da\/vare\/evolve-gymnastikringe-i-trae-wr-320\/#breadcrumb","itemListElement":[{"@type":"ListItem","position":1,"name":"Home","item":"https:\/\/evolve-fitness.eu\/da\/"},{"@type":"ListItem","position":2,"name":"Produkter","item":"https:\/\/evolve-fitness.eu\/da\/shop\/"},{"@type":"ListItem","position":3,"name":"Evolve gymnastikringe i tr\u00e6 (WR-320)"}]},{"@type":"WebSite","@id":"https:\/\/evolve-fitness.eu\/da\/#website","url":"https:\/\/evolve-fitness.eu\/da\/","name":"Evolve","description":"Your Evolved Gear Arrived","publisher":{"@id":"https:\/\/evolve-fitness.eu\/da\/#organization"},"potentialAction":[{"@type":"SearchAction","target":{"@type":"EntryPoint","urlTemplate":"https:\/\/evolve-fitness.eu\/da\/?s={search_term_string}"},"query-input":{"@type":"PropertyValueSpecification","valueRequired":true,"valueName":"search_term_string"}}],"inLanguage":"da-DK"},{"@type":"Organization","@id":"https:\/\/evolve-fitness.eu\/da\/#organization","name":"Evolve","url":"https:\/\/evolve-fitness.eu\/da\/","logo":{"@type":"ImageObject","inLanguage":"da-DK","@id":"https:\/\/evolve-fitness.eu\/da\/#\/schema\/logo\/image\/","url":"https:\/\/evolve-fitness.eu\/wp-content\/uploads\/2023\/05\/Evolve-logo.svg","contentUrl":"https:\/\/evolve-fitness.eu\/wp-content\/uploads\/2023\/05\/Evolve-logo.svg","width":176,"height":20,"caption":"Evolve"},"image":{"@id":"https:\/\/evolve-fitness.eu\/da\/#\/schema\/logo\/image\/"},"sameAs":["https:\/\/www.facebook.com\/EvolveFitnessEurope"]}]}},"_links":{"self":[{"href":"https:\/\/evolve-fitness.eu\/da\/wp-json\/wp\/v2\/product\/235600","targetHints":{"allow":["GET"]}}],"collection":[{"href":"https:\/\/evolve-fitness.eu\/da\/wp-json\/wp\/v2\/product"}],"about":[{"href":"https:\/\/evolve-fitness.eu\/da\/wp-json\/wp\/v2\/types\/product"}],"wp:featuredmedia":[{"embeddable":true,"href":"https:\/\/evolve-fitness.eu\/da\/wp-json\/wp\/v2\/media\/235601"}],"wp:attachment":[{"href":"https:\/\/evolve-fitness.eu\/da\/wp-json\/wp\/v2\/media?parent=235600"}],"wp:term":[{"taxonomy":"product_brand","embeddable":true,"href":"https:\/\/evolve-fitness.eu\/da\/wp-json\/wp\/v2\/product_brand?post=235600"},{"taxonomy":"product_cat","embeddable":true,"href":"https:\/\/evolve-fitness.eu\/da\/wp-json\/wp\/v2\/product_cat?post=235600"},{"taxonomy":"product_tag","embeddable":true,"href":"https:\/\/evolve-fitness.eu\/da\/wp-json\/wp\/v2\/product_tag?post=235600"}],"curies":[{"name":"wp","href":"https:\/\/api.w.org\/{rel}","templated":true}]}}