{"id":235620,"date":"2025-11-21T16:38:29","date_gmt":"2025-11-21T14:38:29","guid":{"rendered":"https:\/\/evolve-fitness.eu\/product\/evolve-kraftloftningshalsband-pl-01\/"},"modified":"2026-04-23T08:57:25","modified_gmt":"2026-04-23T05:57:25","slug":"evolve-kraftloftningshalsband-pl-01","status":"publish","type":"product","link":"https:\/\/evolve-fitness.eu\/da\/vare\/evolve-kraftloftningshalsband-pl-01\/","title":{"rendered":"Evolve kraftl\u00f8ftningshalsb\u00e5nd (PL-01)"},"content":{"rendered":"\n<section class=\"wp-block-group alignfull black-content has-white-color has-darkgray-background-color has-text-color has-background is-layout-constrained wp-block-group-is-layout-constrained\" style=\"padding-top:var(--wp--preset--spacing--section-bottom);padding-bottom:var(--wp--preset--spacing--section-bottom)\">\n<div class=\"wp-block-columns alignwide mobile-reverse is-layout-flex wp-container-core-columns-is-layout-ca64bf2d wp-block-columns-is-layout-flex\" style=\"margin-bottom:var(--wp--preset--spacing--side-padding)\">\n<div class=\"wp-block-column is-vertically-aligned-center is-layout-flow wp-block-column-is-layout-flow\">\n<h3 class=\"wp-block-heading\" style=\"margin-bottom:var(--wp--preset--spacing--h-3-bottom)\"><strong>Frig\u00f8r stabilitet og selvsikre l\u00f8ft<\/strong><\/h3>\n\n\n\n<p><strong><em><strong><em><strong><em><strong>H\u00f8jtydende l\u00e5sning til tung styrketr\u00e6ning<\/strong><\/em><\/strong><\/em><\/strong><\/em><\/strong><\/p>\n\n\n\n<p><strong>Evolve Powerlifting Collars <\/strong>er udviklet til atleter, der kr\u00e6ver absolut sikkerhed og pr\u00e6cision under deres tungeste l\u00f8ft. Disse kraver er bygget af holdbare materialer af h\u00f8j kvalitet og sikrer et fast greb om v\u00e6gtstangen, hvilket minimerer pladens bev\u00e6gelse og forbedrer den samlede l\u00f8ftestabilitet. Deres robuste konstruktion er designet til at modst\u00e5 gentagen brug, hvilket g\u00f8r dem velegnede til b\u00e5de h\u00f8jintensive tr\u00e6ningssessioner og professionelle styrkel\u00f8ftmilj\u00f8er.  <\/p>\n\n\n\n<p>Evolve Powerlifting Collars er ideelle til \u00f8velser som squat, d\u00f8dl\u00f8ft og b\u00e6nkpres og underst\u00f8tter sikker og effektiv tr\u00e6ning ved at holde v\u00e6gtskiverne sikkert l\u00e5st. Deres p\u00e5lidelige mekanisme giver mulighed for hurtig fastg\u00f8relse og fjernelse, hvilket muligg\u00f8r glidende overgange mellem s\u00e6t. Disse kraver er perfekte til styrkel\u00f8ft, styrketr\u00e6ning og pr\u00e6stationsfokuseret tr\u00e6ning og hj\u00e6lper atleter med at bevare kontrollen, forbedre l\u00f8fteeffektiviteten og tr\u00e6ne med selvtillid under kr\u00e6vende belastninger.  <\/p>\n<\/div>\n\n\n\n<div class=\"wp-block-column is-vertically-aligned-center is-layout-flow wp-block-column-is-layout-flow\">\n<figure class=\"wp-block-image size-full\"><img decoding=\"async\" src=\"https:\/\/store.evolve-fitness.eu\/wp-content\/uploads\/2025\/11\/EV-OC-PL-01-1.png\" alt=\"\" class=\"wp-image-147282\"\/><\/figure>\n<\/div>\n<\/div>\n<\/section>\n","protected":false},"excerpt":{"rendered":"<p>Evolve Powerlifting Collars er en sikker og p\u00e5lidelig l\u00f8sning til l\u00e5sning af v\u00e6gtst\u00e6nger til styrketr\u00e6ning og styrkel\u00f8ft. De er designet til at sikre maksimal stabilitet og holder v\u00e6gtskiverne p\u00e5 plads under tunge l\u00f8ft, hvilket reducerer bev\u00e6gelse og \u00f8ger sikkerheden. Kraverne er fremstillet af holdbare materialer og har en lang levetid i b\u00e5de private og kommercielle fitnesscentre.  <\/p>\n","protected":false},"featured_media":235621,"template":"","meta":{"_acf_changed":false,"inline_featured_image":false},"product_brand":[],"product_cat":[5008,1462,13036],"product_tag":[],"class_list":{"0":"post-235620","1":"product","2":"type-product","3":"status-publish","4":"has-post-thumbnail","6":"product_cat-barer-og-tilbehor","7":"product_cat-frie-vaegte","8":"product_cat-hyrox-gear","10":"first","11":"instock","12":"shipping-taxable","13":"purchasable","14":"product-type-simple"},"acf":{"long_title":"Evolve kraftl\u00f8ftningshalsb\u00e5nd (PL-01)","subtitle":"","specifications":[{"label":"VARENUMMER","text_value":"EV-OC-PL-01","icon":"x"}],"product_frequently_asked_questions":null},"yoast_head":"<!-- This site is optimized with the Yoast SEO plugin v27.4 - https:\/\/yoast.com\/product\/yoast-seo-wordpress\/ -->\n<title>Evolve kraftl\u00f8ftningshalsb\u00e5nd (PL-01) - Evolve<\/title>\n<meta name=\"robots\" content=\"index, follow, max-snippet:-1, max-image-preview:large, max-video-preview:-1\" \/>\n<link rel=\"canonical\" href=\"https:\/\/evolve-fitness.eu\/da\/vare\/evolve-kraftloftningshalsband-pl-01\/\" \/>\n<meta property=\"og:locale\" content=\"da_DK\" \/>\n<meta property=\"og:type\" content=\"article\" \/>\n<meta property=\"og:title\" content=\"Evolve kraftl\u00f8ftningshalsb\u00e5nd (PL-01) - Evolve\" \/>\n<meta property=\"og:url\" content=\"https:\/\/evolve-fitness.eu\/da\/vare\/evolve-kraftloftningshalsband-pl-01\/\" \/>\n<meta property=\"og:site_name\" content=\"Evolve\" \/>\n<meta property=\"article:publisher\" content=\"https:\/\/www.facebook.com\/EvolveFitnessEurope\" \/>\n<meta property=\"article:modified_time\" content=\"2026-04-23T05:57:25+00:00\" \/>\n<meta property=\"og:image\" content=\"https:\/\/evolve-fitness.eu\/wp-content\/uploads\/2025\/11\/EV-OC-PL-01.png\" \/>\n\t<meta property=\"og:image:width\" content=\"940\" \/>\n\t<meta property=\"og:image:height\" content=\"788\" \/>\n\t<meta property=\"og:image:type\" content=\"image\/png\" \/>\n<meta name=\"twitter:card\" content=\"summary_large_image\" \/>\n<script type=\"application\/ld+json\" class=\"yoast-schema-graph\">{\"@context\":\"https:\\\/\\\/schema.org\",\"@graph\":[{\"@type\":\"WebPage\",\"@id\":\"https:\\\/\\\/evolve-fitness.eu\\\/da\\\/vare\\\/evolve-kraftloftningshalsband-pl-01\\\/\",\"url\":\"https:\\\/\\\/evolve-fitness.eu\\\/da\\\/vare\\\/evolve-kraftloftningshalsband-pl-01\\\/\",\"name\":\"Evolve kraftl\u00f8ftningshalsb\u00e5nd (PL-01) - Evolve\",\"isPartOf\":{\"@id\":\"https:\\\/\\\/evolve-fitness.eu\\\/da\\\/#website\"},\"primaryImageOfPage\":{\"@id\":\"https:\\\/\\\/evolve-fitness.eu\\\/da\\\/vare\\\/evolve-kraftloftningshalsband-pl-01\\\/#primaryimage\"},\"image\":{\"@id\":\"https:\\\/\\\/evolve-fitness.eu\\\/da\\\/vare\\\/evolve-kraftloftningshalsband-pl-01\\\/#primaryimage\"},\"thumbnailUrl\":\"https:\\\/\\\/evolve-fitness.eu\\\/wp-content\\\/uploads\\\/2025\\\/11\\\/EV-OC-PL-01.png\",\"datePublished\":\"2025-11-21T14:38:29+00:00\",\"dateModified\":\"2026-04-23T05:57:25+00:00\",\"breadcrumb\":{\"@id\":\"https:\\\/\\\/evolve-fitness.eu\\\/da\\\/vare\\\/evolve-kraftloftningshalsband-pl-01\\\/#breadcrumb\"},\"inLanguage\":\"da-DK\",\"potentialAction\":[{\"@type\":\"ReadAction\",\"target\":[\"https:\\\/\\\/evolve-fitness.eu\\\/da\\\/vare\\\/evolve-kraftloftningshalsband-pl-01\\\/\"]}]},{\"@type\":\"ImageObject\",\"inLanguage\":\"da-DK\",\"@id\":\"https:\\\/\\\/evolve-fitness.eu\\\/da\\\/vare\\\/evolve-kraftloftningshalsband-pl-01\\\/#primaryimage\",\"url\":\"https:\\\/\\\/evolve-fitness.eu\\\/wp-content\\\/uploads\\\/2025\\\/11\\\/EV-OC-PL-01.png\",\"contentUrl\":\"https:\\\/\\\/evolve-fitness.eu\\\/wp-content\\\/uploads\\\/2025\\\/11\\\/EV-OC-PL-01.png\",\"width\":940,\"height\":788},{\"@type\":\"BreadcrumbList\",\"@id\":\"https:\\\/\\\/evolve-fitness.eu\\\/da\\\/vare\\\/evolve-kraftloftningshalsband-pl-01\\\/#breadcrumb\",\"itemListElement\":[{\"@type\":\"ListItem\",\"position\":1,\"name\":\"Home\",\"item\":\"https:\\\/\\\/evolve-fitness.eu\\\/da\\\/\"},{\"@type\":\"ListItem\",\"position\":2,\"name\":\"Produkter\",\"item\":\"https:\\\/\\\/evolve-fitness.eu\\\/da\\\/shop\\\/\"},{\"@type\":\"ListItem\",\"position\":3,\"name\":\"Evolve kraftl\u00f8ftningshalsb\u00e5nd (PL-01)\"}]},{\"@type\":\"WebSite\",\"@id\":\"https:\\\/\\\/evolve-fitness.eu\\\/da\\\/#website\",\"url\":\"https:\\\/\\\/evolve-fitness.eu\\\/da\\\/\",\"name\":\"Evolve\",\"description\":\"Your Evolved Gear Arrived\",\"publisher\":{\"@id\":\"https:\\\/\\\/evolve-fitness.eu\\\/da\\\/#organization\"},\"potentialAction\":[{\"@type\":\"SearchAction\",\"target\":{\"@type\":\"EntryPoint\",\"urlTemplate\":\"https:\\\/\\\/evolve-fitness.eu\\\/da\\\/?s={search_term_string}\"},\"query-input\":{\"@type\":\"PropertyValueSpecification\",\"valueRequired\":true,\"valueName\":\"search_term_string\"}}],\"inLanguage\":\"da-DK\"},{\"@type\":\"Organization\",\"@id\":\"https:\\\/\\\/evolve-fitness.eu\\\/da\\\/#organization\",\"name\":\"Evolve\",\"url\":\"https:\\\/\\\/evolve-fitness.eu\\\/da\\\/\",\"logo\":{\"@type\":\"ImageObject\",\"inLanguage\":\"da-DK\",\"@id\":\"https:\\\/\\\/evolve-fitness.eu\\\/da\\\/#\\\/schema\\\/logo\\\/image\\\/\",\"url\":\"https:\\\/\\\/evolve-fitness.eu\\\/wp-content\\\/uploads\\\/2023\\\/05\\\/Evolve-logo.svg\",\"contentUrl\":\"https:\\\/\\\/evolve-fitness.eu\\\/wp-content\\\/uploads\\\/2023\\\/05\\\/Evolve-logo.svg\",\"width\":176,\"height\":20,\"caption\":\"Evolve\"},\"image\":{\"@id\":\"https:\\\/\\\/evolve-fitness.eu\\\/da\\\/#\\\/schema\\\/logo\\\/image\\\/\"},\"sameAs\":[\"https:\\\/\\\/www.facebook.com\\\/EvolveFitnessEurope\"]}]}<\/script>\n<!-- \/ Yoast SEO plugin. -->","yoast_head_json":{"title":"Evolve kraftl\u00f8ftningshalsb\u00e5nd (PL-01) - Evolve","robots":{"index":"index","follow":"follow","max-snippet":"max-snippet:-1","max-image-preview":"max-image-preview:large","max-video-preview":"max-video-preview:-1"},"canonical":"https:\/\/evolve-fitness.eu\/da\/vare\/evolve-kraftloftningshalsband-pl-01\/","og_locale":"da_DK","og_type":"article","og_title":"Evolve kraftl\u00f8ftningshalsb\u00e5nd (PL-01) - Evolve","og_url":"https:\/\/evolve-fitness.eu\/da\/vare\/evolve-kraftloftningshalsband-pl-01\/","og_site_name":"Evolve","article_publisher":"https:\/\/www.facebook.com\/EvolveFitnessEurope","article_modified_time":"2026-04-23T05:57:25+00:00","og_image":[{"width":940,"height":788,"url":"https:\/\/evolve-fitness.eu\/wp-content\/uploads\/2025\/11\/EV-OC-PL-01.png","type":"image\/png"}],"twitter_card":"summary_large_image","schema":{"@context":"https:\/\/schema.org","@graph":[{"@type":"WebPage","@id":"https:\/\/evolve-fitness.eu\/da\/vare\/evolve-kraftloftningshalsband-pl-01\/","url":"https:\/\/evolve-fitness.eu\/da\/vare\/evolve-kraftloftningshalsband-pl-01\/","name":"Evolve kraftl\u00f8ftningshalsb\u00e5nd (PL-01) - Evolve","isPartOf":{"@id":"https:\/\/evolve-fitness.eu\/da\/#website"},"primaryImageOfPage":{"@id":"https:\/\/evolve-fitness.eu\/da\/vare\/evolve-kraftloftningshalsband-pl-01\/#primaryimage"},"image":{"@id":"https:\/\/evolve-fitness.eu\/da\/vare\/evolve-kraftloftningshalsband-pl-01\/#primaryimage"},"thumbnailUrl":"https:\/\/evolve-fitness.eu\/wp-content\/uploads\/2025\/11\/EV-OC-PL-01.png","datePublished":"2025-11-21T14:38:29+00:00","dateModified":"2026-04-23T05:57:25+00:00","breadcrumb":{"@id":"https:\/\/evolve-fitness.eu\/da\/vare\/evolve-kraftloftningshalsband-pl-01\/#breadcrumb"},"inLanguage":"da-DK","potentialAction":[{"@type":"ReadAction","target":["https:\/\/evolve-fitness.eu\/da\/vare\/evolve-kraftloftningshalsband-pl-01\/"]}]},{"@type":"ImageObject","inLanguage":"da-DK","@id":"https:\/\/evolve-fitness.eu\/da\/vare\/evolve-kraftloftningshalsband-pl-01\/#primaryimage","url":"https:\/\/evolve-fitness.eu\/wp-content\/uploads\/2025\/11\/EV-OC-PL-01.png","contentUrl":"https:\/\/evolve-fitness.eu\/wp-content\/uploads\/2025\/11\/EV-OC-PL-01.png","width":940,"height":788},{"@type":"BreadcrumbList","@id":"https:\/\/evolve-fitness.eu\/da\/vare\/evolve-kraftloftningshalsband-pl-01\/#breadcrumb","itemListElement":[{"@type":"ListItem","position":1,"name":"Home","item":"https:\/\/evolve-fitness.eu\/da\/"},{"@type":"ListItem","position":2,"name":"Produkter","item":"https:\/\/evolve-fitness.eu\/da\/shop\/"},{"@type":"ListItem","position":3,"name":"Evolve kraftl\u00f8ftningshalsb\u00e5nd (PL-01)"}]},{"@type":"WebSite","@id":"https:\/\/evolve-fitness.eu\/da\/#website","url":"https:\/\/evolve-fitness.eu\/da\/","name":"Evolve","description":"Your Evolved Gear Arrived","publisher":{"@id":"https:\/\/evolve-fitness.eu\/da\/#organization"},"potentialAction":[{"@type":"SearchAction","target":{"@type":"EntryPoint","urlTemplate":"https:\/\/evolve-fitness.eu\/da\/?s={search_term_string}"},"query-input":{"@type":"PropertyValueSpecification","valueRequired":true,"valueName":"search_term_string"}}],"inLanguage":"da-DK"},{"@type":"Organization","@id":"https:\/\/evolve-fitness.eu\/da\/#organization","name":"Evolve","url":"https:\/\/evolve-fitness.eu\/da\/","logo":{"@type":"ImageObject","inLanguage":"da-DK","@id":"https:\/\/evolve-fitness.eu\/da\/#\/schema\/logo\/image\/","url":"https:\/\/evolve-fitness.eu\/wp-content\/uploads\/2023\/05\/Evolve-logo.svg","contentUrl":"https:\/\/evolve-fitness.eu\/wp-content\/uploads\/2023\/05\/Evolve-logo.svg","width":176,"height":20,"caption":"Evolve"},"image":{"@id":"https:\/\/evolve-fitness.eu\/da\/#\/schema\/logo\/image\/"},"sameAs":["https:\/\/www.facebook.com\/EvolveFitnessEurope"]}]}},"_links":{"self":[{"href":"https:\/\/evolve-fitness.eu\/da\/wp-json\/wp\/v2\/product\/235620","targetHints":{"allow":["GET"]}}],"collection":[{"href":"https:\/\/evolve-fitness.eu\/da\/wp-json\/wp\/v2\/product"}],"about":[{"href":"https:\/\/evolve-fitness.eu\/da\/wp-json\/wp\/v2\/types\/product"}],"wp:featuredmedia":[{"embeddable":true,"href":"https:\/\/evolve-fitness.eu\/da\/wp-json\/wp\/v2\/media\/235621"}],"wp:attachment":[{"href":"https:\/\/evolve-fitness.eu\/da\/wp-json\/wp\/v2\/media?parent=235620"}],"wp:term":[{"taxonomy":"product_brand","embeddable":true,"href":"https:\/\/evolve-fitness.eu\/da\/wp-json\/wp\/v2\/product_brand?post=235620"},{"taxonomy":"product_cat","embeddable":true,"href":"https:\/\/evolve-fitness.eu\/da\/wp-json\/wp\/v2\/product_cat?post=235620"},{"taxonomy":"product_tag","embeddable":true,"href":"https:\/\/evolve-fitness.eu\/da\/wp-json\/wp\/v2\/product_tag?post=235620"}],"curies":[{"name":"wp","href":"https:\/\/api.w.org\/{rel}","templated":true}]}}