{"id":236124,"date":"2025-04-03T10:15:15","date_gmt":"2025-04-03T07:15:15","guid":{"rendered":"https:\/\/evolve-fitness.eu\/product\/evolve-econ-series-squat-med-pladebelastning-ec-041\/"},"modified":"2026-04-23T09:07:55","modified_gmt":"2026-04-23T06:07:55","slug":"evolve-econ-series-squat-med-pladebelastning-ec-041","status":"publish","type":"product","link":"https:\/\/evolve-fitness.eu\/da\/vare\/evolve-econ-series-squat-med-pladebelastning-ec-041\/","title":{"rendered":"Evolve Econ Series Squat med pladebelastning (EC-041)"},"content":{"rendered":"\n<section class=\"wp-block-group alignfull black-content has-white-color has-darkgray-background-color has-text-color has-background is-layout-constrained wp-block-group-is-layout-constrained\" style=\"padding-top:var(--wp--preset--spacing--section-bottom);padding-bottom:var(--wp--preset--spacing--section-bottom)\">\n<div class=\"wp-block-columns alignwide mobile-reverse is-layout-flex wp-container-core-columns-is-layout-ca64bf2d wp-block-columns-is-layout-flex\" style=\"margin-bottom:var(--wp--preset--spacing--side-padding)\">\n<div class=\"wp-block-column is-vertically-aligned-center is-layout-flow wp-block-column-is-layout-flow\">\n<h3 class=\"wp-block-heading\" style=\"margin-bottom:var(--wp--preset--spacing--h-3-bottom)\"><strong><strong><strong><strong><strong><strong><strong><strong><strong><strong>Effektiv underkropstr\u00e6ning med naturlig bev\u00e6gelse<\/strong><\/strong><\/strong><\/strong><\/strong><\/strong><\/strong><\/strong><\/strong><\/strong><\/h3>\n\n\n\n<p>EV-PL-EC-041 Plate Loaded Squat Machine fra Evolve Econ Series er konstrueret til at levere m\u00e5lrettet og kontrolleret tr\u00e6ning af underkroppen. Denne maskine er designet til at simulere biomekanikken i en naturlig squat og giver brugerne mulighed for at styrke quads, hamstrings, glutes og l\u00e6gge, samtidig med at de opretholder en korrekt kropsholdning og reducerer ledbelastningen. Det er en ideel tilf\u00f8jelse til styrkefokuserede tr\u00e6ningsmilj\u00f8er, der prioriterer sikker og effektiv pr\u00e6station.  <\/p>\n<\/div>\n\n\n\n<div class=\"wp-block-column is-vertically-aligned-center is-layout-flow wp-block-column-is-layout-flow\">\n<figure class=\"wp-block-image size-large\"><img decoding=\"async\" src=\"https:\/\/store.evolve-fitness.eu\/wp-content\/uploads\/2025\/03\/Dizainas-be-pavadinimo-26-4-1024x1024.png\" alt=\"\" class=\"wp-image-124248\"\/><\/figure>\n<\/div>\n<\/div>\n\n\n\n<div class=\"wp-block-columns alignwide is-layout-flex wp-container-core-columns-is-layout-c45ee707 wp-block-columns-is-layout-flex\" style=\"margin-bottom:var(--wp--preset--spacing--side-padding);padding-top:var(--wp--preset--spacing--side-padding)\">\n<div class=\"wp-block-column is-vertically-aligned-center is-layout-flow wp-block-column-is-layout-flow\">\n<figure class=\"wp-block-image size-large\"><img decoding=\"async\" src=\"https:\/\/store.evolve-fitness.eu\/wp-content\/uploads\/2025\/03\/Dizainas-be-pavadinimo-26-4-1024x1024.png\" alt=\"\" class=\"wp-image-124248\"\/><\/figure>\n<\/div>\n\n\n\n<div class=\"wp-block-column is-vertically-aligned-center is-layout-constrained wp-block-column-is-layout-constrained\">\n<h3 class=\"wp-block-heading\" style=\"margin-bottom:var(--wp--preset--spacing--h-3-bottom)\"><strong><strong><strong><strong><strong><strong><strong><strong><strong><strong>Stabil konstruktion og j\u00e6vn pladebelastet modstand<\/strong><\/strong><\/strong><\/strong><\/strong><\/strong><\/strong><\/strong><\/strong><\/strong><\/h3>\n\n\n\n<p>EV-PL-EC-041 er bygget med en kraftig st\u00e5lramme og har en langtidsholdbar pulverlakering, som giver holdbarhed og stabilitet under intense tr\u00e6ningssessioner. Den pladebelastede mekanisme giver justerbar modstand, mens det ergonomiske rygl\u00e6n og skulderpuderne sikrer komfort og tilpasning. Den store, skridsikre fodplatform underst\u00f8tter forskellige stillinger og muligg\u00f8r effektiv tr\u00e6ning af specifikke muskelgrupper.  <\/p>\n<\/div>\n<\/div>\n\n\n\n<p class=\"has-text-align-center has-medium-2-font-size\" style=\"padding-top:var(--wp--preset--spacing--tb-padding);padding-bottom:var(--wp--preset--spacing--tb-padding)\"><\/p>\n<\/section>\n","protected":false},"excerpt":{"rendered":"<p>EV-PL-EC-041 Plate Loaded Squat Machine fra Evolve Econ Series er konstrueret til at levere m\u00e5lrettet og kontrolleret tr\u00e6ning af underkroppen. Denne maskine er designet til at simulere biomekanikken i en naturlig squat og giver brugerne mulighed for at styrke quads, hamstrings, glutes og l\u00e6gge, samtidig med at de opretholder en korrekt kropsholdning og reducerer ledbelastningen. Det er en ideel tilf\u00f8jelse til styrkefokuserede tr\u00e6ningsmilj\u00f8er, der prioriterer sikker og effektiv pr\u00e6station.  <\/p>\n","protected":false},"featured_media":191156,"template":"","meta":{"_acf_changed":false,"inline_featured_image":false},"product_brand":[],"product_cat":[6772,2919],"product_tag":[],"class_list":{"0":"post-236124","1":"product","2":"type-product","3":"status-publish","4":"has-post-thumbnail","6":"product_cat-econ-series-pladebelastede-maskiner","7":"product_cat-pladebelastede-maskiner","9":"first","10":"instock","11":"shipping-taxable","12":"purchasable","13":"product-type-simple"},"acf":{"long_title":"Evolve Econ Series Squat med pladebelastning (EC-041)","subtitle":"","specifications":[{"label":"VARENUMMER","text_value":"EV-PL-EC-041  ","icon":"x"},{"label":"Dimensioner","text_value":"1270 x 1220 x 1520 mm","icon":"x"},{"label":"Maks. belastning","text_value":"300 kg","icon":"x"},{"label":"V\u00e6gt","text_value":"194 kg","icon":"x"},{"label":"Maks. brugerv\u00e6gt","text_value":"180 kg","icon":"x"},{"label":"Anti-korrosionsmaling","text_value":"","icon":"v"},{"label":"Metalramme uden skarpe kanter","text_value":"","icon":"v"},{"label":"Holdbare gulvbeskyttere","text_value":"","icon":"v"},{"label":"Garanti  ","text_value":"2 \u00e5r","icon":"x"}],"product_frequently_asked_questions":null},"yoast_head":"<!-- This site is optimized with the Yoast SEO plugin v27.4 - https:\/\/yoast.com\/product\/yoast-seo-wordpress\/ -->\n<title>Evolve Econ Series Squat med pladebelastning (EC-041) - Evolve<\/title>\n<meta name=\"description\" content=\"EV-PL-EC-041 Plate Loaded Squat Machine fra Evolve Econ Series er konstrueret til at levere m\u00e5lrettet og kontrolleret tr\u00e6ning af underkroppen.\" \/>\n<meta name=\"robots\" content=\"index, follow, max-snippet:-1, max-image-preview:large, max-video-preview:-1\" \/>\n<link rel=\"canonical\" href=\"https:\/\/evolve-fitness.eu\/da\/vare\/evolve-econ-series-squat-med-pladebelastning-ec-041\/\" \/>\n<meta property=\"og:locale\" content=\"da_DK\" \/>\n<meta property=\"og:type\" content=\"article\" \/>\n<meta property=\"og:title\" content=\"Evolve Econ Series Squat med pladebelastning (EC-041) - Evolve\" \/>\n<meta property=\"og:description\" content=\"EV-PL-EC-041 Plate Loaded Squat Machine fra Evolve Econ Series er konstrueret til at levere m\u00e5lrettet og kontrolleret tr\u00e6ning af underkroppen.\" \/>\n<meta property=\"og:url\" content=\"https:\/\/evolve-fitness.eu\/da\/vare\/evolve-econ-series-squat-med-pladebelastning-ec-041\/\" \/>\n<meta property=\"og:site_name\" content=\"Evolve\" \/>\n<meta property=\"article:publisher\" content=\"https:\/\/www.facebook.com\/EvolveFitnessEurope\" \/>\n<meta property=\"article:modified_time\" content=\"2026-04-23T06:07:55+00:00\" \/>\n<meta property=\"og:image\" content=\"https:\/\/evolve-fitness.eu\/wp-content\/uploads\/2025\/04\/EV-PL-EC-041-Evolve-Econ-Series-Plate-Loaded-Squat-2.png\" \/>\n\t<meta property=\"og:image:width\" content=\"2700\" \/>\n\t<meta property=\"og:image:height\" content=\"2700\" \/>\n\t<meta property=\"og:image:type\" content=\"image\/png\" \/>\n<meta name=\"twitter:card\" content=\"summary_large_image\" \/>\n<script type=\"application\/ld+json\" class=\"yoast-schema-graph\">{\"@context\":\"https:\\\/\\\/schema.org\",\"@graph\":[{\"@type\":\"WebPage\",\"@id\":\"https:\\\/\\\/evolve-fitness.eu\\\/da\\\/vare\\\/evolve-econ-series-squat-med-pladebelastning-ec-041\\\/\",\"url\":\"https:\\\/\\\/evolve-fitness.eu\\\/da\\\/vare\\\/evolve-econ-series-squat-med-pladebelastning-ec-041\\\/\",\"name\":\"Evolve Econ Series Squat med pladebelastning (EC-041) - Evolve\",\"isPartOf\":{\"@id\":\"https:\\\/\\\/evolve-fitness.eu\\\/da\\\/#website\"},\"primaryImageOfPage\":{\"@id\":\"https:\\\/\\\/evolve-fitness.eu\\\/da\\\/vare\\\/evolve-econ-series-squat-med-pladebelastning-ec-041\\\/#primaryimage\"},\"image\":{\"@id\":\"https:\\\/\\\/evolve-fitness.eu\\\/da\\\/vare\\\/evolve-econ-series-squat-med-pladebelastning-ec-041\\\/#primaryimage\"},\"thumbnailUrl\":\"https:\\\/\\\/evolve-fitness.eu\\\/wp-content\\\/uploads\\\/2025\\\/04\\\/EV-PL-EC-041-Evolve-Econ-Series-Plate-Loaded-Squat-2.png\",\"datePublished\":\"2025-04-03T07:15:15+00:00\",\"dateModified\":\"2026-04-23T06:07:55+00:00\",\"description\":\"EV-PL-EC-041 Plate Loaded Squat Machine fra Evolve Econ Series er konstrueret til at levere m\u00e5lrettet og kontrolleret tr\u00e6ning af underkroppen.\",\"breadcrumb\":{\"@id\":\"https:\\\/\\\/evolve-fitness.eu\\\/da\\\/vare\\\/evolve-econ-series-squat-med-pladebelastning-ec-041\\\/#breadcrumb\"},\"inLanguage\":\"da-DK\",\"potentialAction\":[{\"@type\":\"ReadAction\",\"target\":[\"https:\\\/\\\/evolve-fitness.eu\\\/da\\\/vare\\\/evolve-econ-series-squat-med-pladebelastning-ec-041\\\/\"]}]},{\"@type\":\"ImageObject\",\"inLanguage\":\"da-DK\",\"@id\":\"https:\\\/\\\/evolve-fitness.eu\\\/da\\\/vare\\\/evolve-econ-series-squat-med-pladebelastning-ec-041\\\/#primaryimage\",\"url\":\"https:\\\/\\\/evolve-fitness.eu\\\/wp-content\\\/uploads\\\/2025\\\/04\\\/EV-PL-EC-041-Evolve-Econ-Series-Plate-Loaded-Squat-2.png\",\"contentUrl\":\"https:\\\/\\\/evolve-fitness.eu\\\/wp-content\\\/uploads\\\/2025\\\/04\\\/EV-PL-EC-041-Evolve-Econ-Series-Plate-Loaded-Squat-2.png\",\"width\":2700,\"height\":2700},{\"@type\":\"BreadcrumbList\",\"@id\":\"https:\\\/\\\/evolve-fitness.eu\\\/da\\\/vare\\\/evolve-econ-series-squat-med-pladebelastning-ec-041\\\/#breadcrumb\",\"itemListElement\":[{\"@type\":\"ListItem\",\"position\":1,\"name\":\"Home\",\"item\":\"https:\\\/\\\/evolve-fitness.eu\\\/da\\\/\"},{\"@type\":\"ListItem\",\"position\":2,\"name\":\"Produkter\",\"item\":\"https:\\\/\\\/evolve-fitness.eu\\\/da\\\/shop\\\/\"},{\"@type\":\"ListItem\",\"position\":3,\"name\":\"Evolve Econ Series Squat med pladebelastning (EC-041)\"}]},{\"@type\":\"WebSite\",\"@id\":\"https:\\\/\\\/evolve-fitness.eu\\\/da\\\/#website\",\"url\":\"https:\\\/\\\/evolve-fitness.eu\\\/da\\\/\",\"name\":\"Evolve\",\"description\":\"Your Evolved Gear Arrived\",\"publisher\":{\"@id\":\"https:\\\/\\\/evolve-fitness.eu\\\/da\\\/#organization\"},\"potentialAction\":[{\"@type\":\"SearchAction\",\"target\":{\"@type\":\"EntryPoint\",\"urlTemplate\":\"https:\\\/\\\/evolve-fitness.eu\\\/da\\\/?s={search_term_string}\"},\"query-input\":{\"@type\":\"PropertyValueSpecification\",\"valueRequired\":true,\"valueName\":\"search_term_string\"}}],\"inLanguage\":\"da-DK\"},{\"@type\":\"Organization\",\"@id\":\"https:\\\/\\\/evolve-fitness.eu\\\/da\\\/#organization\",\"name\":\"Evolve\",\"url\":\"https:\\\/\\\/evolve-fitness.eu\\\/da\\\/\",\"logo\":{\"@type\":\"ImageObject\",\"inLanguage\":\"da-DK\",\"@id\":\"https:\\\/\\\/evolve-fitness.eu\\\/da\\\/#\\\/schema\\\/logo\\\/image\\\/\",\"url\":\"https:\\\/\\\/evolve-fitness.eu\\\/wp-content\\\/uploads\\\/2023\\\/05\\\/Evolve-logo.svg\",\"contentUrl\":\"https:\\\/\\\/evolve-fitness.eu\\\/wp-content\\\/uploads\\\/2023\\\/05\\\/Evolve-logo.svg\",\"width\":176,\"height\":20,\"caption\":\"Evolve\"},\"image\":{\"@id\":\"https:\\\/\\\/evolve-fitness.eu\\\/da\\\/#\\\/schema\\\/logo\\\/image\\\/\"},\"sameAs\":[\"https:\\\/\\\/www.facebook.com\\\/EvolveFitnessEurope\"]}]}<\/script>\n<!-- \/ Yoast SEO plugin. -->","yoast_head_json":{"title":"Evolve Econ Series Squat med pladebelastning (EC-041) - Evolve","description":"EV-PL-EC-041 Plate Loaded Squat Machine fra Evolve Econ Series er konstrueret til at levere m\u00e5lrettet og kontrolleret tr\u00e6ning af underkroppen.","robots":{"index":"index","follow":"follow","max-snippet":"max-snippet:-1","max-image-preview":"max-image-preview:large","max-video-preview":"max-video-preview:-1"},"canonical":"https:\/\/evolve-fitness.eu\/da\/vare\/evolve-econ-series-squat-med-pladebelastning-ec-041\/","og_locale":"da_DK","og_type":"article","og_title":"Evolve Econ Series Squat med pladebelastning (EC-041) - Evolve","og_description":"EV-PL-EC-041 Plate Loaded Squat Machine fra Evolve Econ Series er konstrueret til at levere m\u00e5lrettet og kontrolleret tr\u00e6ning af underkroppen.","og_url":"https:\/\/evolve-fitness.eu\/da\/vare\/evolve-econ-series-squat-med-pladebelastning-ec-041\/","og_site_name":"Evolve","article_publisher":"https:\/\/www.facebook.com\/EvolveFitnessEurope","article_modified_time":"2026-04-23T06:07:55+00:00","og_image":[{"width":2700,"height":2700,"url":"https:\/\/evolve-fitness.eu\/wp-content\/uploads\/2025\/04\/EV-PL-EC-041-Evolve-Econ-Series-Plate-Loaded-Squat-2.png","type":"image\/png"}],"twitter_card":"summary_large_image","schema":{"@context":"https:\/\/schema.org","@graph":[{"@type":"WebPage","@id":"https:\/\/evolve-fitness.eu\/da\/vare\/evolve-econ-series-squat-med-pladebelastning-ec-041\/","url":"https:\/\/evolve-fitness.eu\/da\/vare\/evolve-econ-series-squat-med-pladebelastning-ec-041\/","name":"Evolve Econ Series Squat med pladebelastning (EC-041) - Evolve","isPartOf":{"@id":"https:\/\/evolve-fitness.eu\/da\/#website"},"primaryImageOfPage":{"@id":"https:\/\/evolve-fitness.eu\/da\/vare\/evolve-econ-series-squat-med-pladebelastning-ec-041\/#primaryimage"},"image":{"@id":"https:\/\/evolve-fitness.eu\/da\/vare\/evolve-econ-series-squat-med-pladebelastning-ec-041\/#primaryimage"},"thumbnailUrl":"https:\/\/evolve-fitness.eu\/wp-content\/uploads\/2025\/04\/EV-PL-EC-041-Evolve-Econ-Series-Plate-Loaded-Squat-2.png","datePublished":"2025-04-03T07:15:15+00:00","dateModified":"2026-04-23T06:07:55+00:00","description":"EV-PL-EC-041 Plate Loaded Squat Machine fra Evolve Econ Series er konstrueret til at levere m\u00e5lrettet og kontrolleret tr\u00e6ning af underkroppen.","breadcrumb":{"@id":"https:\/\/evolve-fitness.eu\/da\/vare\/evolve-econ-series-squat-med-pladebelastning-ec-041\/#breadcrumb"},"inLanguage":"da-DK","potentialAction":[{"@type":"ReadAction","target":["https:\/\/evolve-fitness.eu\/da\/vare\/evolve-econ-series-squat-med-pladebelastning-ec-041\/"]}]},{"@type":"ImageObject","inLanguage":"da-DK","@id":"https:\/\/evolve-fitness.eu\/da\/vare\/evolve-econ-series-squat-med-pladebelastning-ec-041\/#primaryimage","url":"https:\/\/evolve-fitness.eu\/wp-content\/uploads\/2025\/04\/EV-PL-EC-041-Evolve-Econ-Series-Plate-Loaded-Squat-2.png","contentUrl":"https:\/\/evolve-fitness.eu\/wp-content\/uploads\/2025\/04\/EV-PL-EC-041-Evolve-Econ-Series-Plate-Loaded-Squat-2.png","width":2700,"height":2700},{"@type":"BreadcrumbList","@id":"https:\/\/evolve-fitness.eu\/da\/vare\/evolve-econ-series-squat-med-pladebelastning-ec-041\/#breadcrumb","itemListElement":[{"@type":"ListItem","position":1,"name":"Home","item":"https:\/\/evolve-fitness.eu\/da\/"},{"@type":"ListItem","position":2,"name":"Produkter","item":"https:\/\/evolve-fitness.eu\/da\/shop\/"},{"@type":"ListItem","position":3,"name":"Evolve Econ Series Squat med pladebelastning (EC-041)"}]},{"@type":"WebSite","@id":"https:\/\/evolve-fitness.eu\/da\/#website","url":"https:\/\/evolve-fitness.eu\/da\/","name":"Evolve","description":"Your Evolved Gear Arrived","publisher":{"@id":"https:\/\/evolve-fitness.eu\/da\/#organization"},"potentialAction":[{"@type":"SearchAction","target":{"@type":"EntryPoint","urlTemplate":"https:\/\/evolve-fitness.eu\/da\/?s={search_term_string}"},"query-input":{"@type":"PropertyValueSpecification","valueRequired":true,"valueName":"search_term_string"}}],"inLanguage":"da-DK"},{"@type":"Organization","@id":"https:\/\/evolve-fitness.eu\/da\/#organization","name":"Evolve","url":"https:\/\/evolve-fitness.eu\/da\/","logo":{"@type":"ImageObject","inLanguage":"da-DK","@id":"https:\/\/evolve-fitness.eu\/da\/#\/schema\/logo\/image\/","url":"https:\/\/evolve-fitness.eu\/wp-content\/uploads\/2023\/05\/Evolve-logo.svg","contentUrl":"https:\/\/evolve-fitness.eu\/wp-content\/uploads\/2023\/05\/Evolve-logo.svg","width":176,"height":20,"caption":"Evolve"},"image":{"@id":"https:\/\/evolve-fitness.eu\/da\/#\/schema\/logo\/image\/"},"sameAs":["https:\/\/www.facebook.com\/EvolveFitnessEurope"]}]}},"_links":{"self":[{"href":"https:\/\/evolve-fitness.eu\/da\/wp-json\/wp\/v2\/product\/236124","targetHints":{"allow":["GET"]}}],"collection":[{"href":"https:\/\/evolve-fitness.eu\/da\/wp-json\/wp\/v2\/product"}],"about":[{"href":"https:\/\/evolve-fitness.eu\/da\/wp-json\/wp\/v2\/types\/product"}],"wp:featuredmedia":[{"embeddable":true,"href":"https:\/\/evolve-fitness.eu\/da\/wp-json\/wp\/v2\/media\/191156"}],"wp:attachment":[{"href":"https:\/\/evolve-fitness.eu\/da\/wp-json\/wp\/v2\/media?parent=236124"}],"wp:term":[{"taxonomy":"product_brand","embeddable":true,"href":"https:\/\/evolve-fitness.eu\/da\/wp-json\/wp\/v2\/product_brand?post=236124"},{"taxonomy":"product_cat","embeddable":true,"href":"https:\/\/evolve-fitness.eu\/da\/wp-json\/wp\/v2\/product_cat?post=236124"},{"taxonomy":"product_tag","embeddable":true,"href":"https:\/\/evolve-fitness.eu\/da\/wp-json\/wp\/v2\/product_tag?post=236124"}],"curies":[{"name":"wp","href":"https:\/\/api.w.org\/{rel}","templated":true}]}}