{"id":236154,"date":"2025-06-26T13:20:46","date_gmt":"2025-06-26T10:20:46","guid":{"rendered":"https:\/\/evolve-fitness.eu\/product\/evolve-ultra-series-pladebelastet-smith-skulderpres-ul-560\/"},"modified":"2026-04-23T09:09:17","modified_gmt":"2026-04-23T06:09:17","slug":"evolve-ultra-series-pladebelastet-smith-skulderpres-ul-560","status":"publish","type":"product","link":"https:\/\/evolve-fitness.eu\/da\/vare\/evolve-ultra-series-pladebelastet-smith-skulderpres-ul-560\/","title":{"rendered":"Evolve Ultra Series pladebelastet Smith-skulderpres (UL-560)"},"content":{"rendered":"\n<section class=\"wp-block-group alignfull has-lightgray-background-color has-background is-layout-constrained wp-block-group-is-layout-constrained\">\n<div class=\"wp-block-columns alignwide is-layout-flex wp-container-core-columns-is-layout-2edb0647 wp-block-columns-is-layout-flex\" style=\"margin-top:0;margin-bottom:0\">\n<div class=\"wp-block-column is-layout-flow wp-block-column-is-layout-flow\" style=\"flex-basis:33.33%\"><\/div>\n\n\n\n<div class=\"wp-block-column is-layout-flow wp-block-column-is-layout-flow\" style=\"flex-basis:66.66%\"><\/div>\n<\/div>\n<\/section>\n\n<section class=\"wp-block-group alignfull black-content has-white-color has-darkgray-background-color has-text-color has-background is-layout-constrained wp-block-group-is-layout-constrained\" style=\"padding-top:var(--wp--preset--spacing--section-bottom);padding-bottom:var(--wp--preset--spacing--section-bottom)\">\n<div class=\"wp-block-columns alignwide mobile-reverse is-layout-flex wp-container-core-columns-is-layout-ca64bf2d wp-block-columns-is-layout-flex\" style=\"margin-bottom:var(--wp--preset--spacing--side-padding)\">\n<div class=\"wp-block-column is-vertically-aligned-center is-layout-flow wp-block-column-is-layout-flow\">\n<h3 class=\"wp-block-heading\" style=\"margin-bottom:var(--wp--preset--spacing--h-3-bottom)\"><strong><strong><strong><strong><strong><strong><strong><strong><strong><strong><strong>Evolve Ultra Series pladebelastet Smith-skulderpres  <\/strong><\/strong><\/strong><\/strong><\/strong><\/strong><\/strong><\/strong><\/strong><\/strong><\/strong><\/h3>\n\n\n\n<p style=\"margin-bottom:var(--wp--preset--spacing--tb-section-padding)\">Evolve Ultra Series Plate Loaded Smith Shoulder Press er konstrueret til at levere pr\u00e6cis, stabil og yderst effektiv skuldertr\u00e6ning til brugere p\u00e5 alle niveauer. Det pladebelastede system giver mulighed for fuld tilpasning af modstanden ved hj\u00e6lp af standardv\u00e6gtskiver, hvilket underst\u00f8tter progressiv overbelastning og afbalanceret styrkeudvikling. Den guidede Smith-mekanisme giver kontrolleret bev\u00e6gelse i hele bev\u00e6gelsesomr\u00e5det, hvilket fremmer korrekt biomekanik og reducerer un\u00f8dvendig belastning af leddene. Et ergonomisk placeret s\u00e6de, skridsikre h\u00e5ndtag og holdbar f\u00f8rsteklasses polstring sikrer komfort og stabilitet under hver eneste gentagelse. Maskinen er bygget af kommercielt st\u00e5l med en korrosionsbestandig finish og er designet til at modst\u00e5 intensiv daglig brug i professionelle fitnesscentre, samtidig med at den er et fremragende valg til avancerede hjemmetr\u00e6ningscentre. Den er en p\u00e5lidelig, langtidsholdbar l\u00f8sning til udvikling af skulderstyrke, forbedring af overkroppens stabilitet og underst\u00f8ttelse af den samlede pr\u00e6station.     <\/p>\n<\/div>\n\n\n\n<div class=\"wp-block-column is-vertically-aligned-center is-layout-flow wp-block-column-is-layout-flow\">\n<figure class=\"wp-block-gallery has-nested-images columns-default is-cropped wp-block-gallery-1 is-layout-flex wp-block-gallery-is-layout-flex\">\n<figure class=\"wp-block-image size-large\"><img decoding=\"async\" data-id=\"147287\" src=\"https:\/\/store.evolve-fitness.eu\/wp-content\/uploads\/2025\/06\/EV-PL-UL-560-Evolve-Ultra-Series-Plate-Loaded-Smith-Shoulder-Press-1-1024x1024.png\" alt=\"\" class=\"wp-image-147287\"\/><\/figure>\n<\/figure>\n<\/div>\n<\/div>\n\n\n\n<h3 class=\"wp-block-heading\" style=\"margin-bottom:var(--wp--preset--spacing--h-3-bottom)\"><\/h3>\n<\/section>\n","protected":false},"excerpt":{"rendered":"<p>Evolve Ultra Series Plate Loaded Smith Shoulder Press, EV-PL-UL-560, er konstrueret til at opfylde kravene til styrketr\u00e6ning p\u00e5 h\u00f8jt niveau og leverer en raffineret kombination af kraft, pr\u00e6cision og biomekanisk effektivitet. Den er designet til professionelle faciliteter og seri\u00f8se atleter og sikrer kontrollerede bev\u00e6gelsesm\u00f8nstre, ensartet modstand og p\u00e5lidelig ydeevne gennem intensiv, langvarig brug. <\/p>\n","protected":false},"featured_media":200298,"template":"","meta":{"_acf_changed":false,"inline_featured_image":false},"product_brand":[],"product_cat":[2919,2920],"product_tag":[],"class_list":{"0":"post-236154","1":"product","2":"type-product","3":"status-publish","4":"has-post-thumbnail","6":"product_cat-pladebelastede-maskiner","7":"product_cat-ultra-series-pladebelastede-maskiner","9":"first","10":"instock","11":"shipping-taxable","12":"purchasable","13":"product-type-simple"},"acf":{"long_title":"Evolve Ultra Series pladebelastet Smith-skulderpres (UL-560)","subtitle":"","specifications":[{"label":"VARENUMMER","text_value":"EV-PL-UL-560","icon":"x"},{"label":"Dimensioner","text_value":"1773 x 1887 x 2106 mm","icon":"x"},{"label":"V\u00e6gt","text_value":"230 kg","icon":"x"},{"label":"Maks. brugerv\u00e6gt","text_value":"180 kg","icon":"x"},{"label":"H\u00e6ldningsniveauer","text_value":"11","icon":"x"},{"label":"Anti-korrosionsmaling","text_value":"","icon":"v"},{"label":"Metalramme uden skarpe kanter","text_value":"","icon":"v"},{"label":"Holdbare gulvbeskyttere","text_value":"","icon":"v"},{"label":"Skridsikre h\u00e5ndtag","text_value":"","icon":"v"},{"label":"Tyk polstring","text_value":"","icon":"v"},{"label":"Garanti","text_value":"2 \u00e5r","icon":"x"}],"product_frequently_asked_questions":null},"yoast_head":"<!-- This site is optimized with the Yoast SEO plugin v27.4 - https:\/\/yoast.com\/product\/yoast-seo-wordpress\/ -->\n<title>Evolve Ultra Series pladebelastet Smith-skulderpres (UL-560) - Evolve<\/title>\n<meta name=\"description\" content=\"Evolve Ultra Series Plate-Loaded Smith Shoulder Press (EV-PL-UL-560) er konstrueret til seri\u00f8s skulderudvikling og leverer styrke, pr\u00e6cision\" \/>\n<meta name=\"robots\" content=\"index, follow, max-snippet:-1, max-image-preview:large, max-video-preview:-1\" \/>\n<link rel=\"canonical\" href=\"https:\/\/evolve-fitness.eu\/da\/vare\/evolve-ultra-series-pladebelastet-smith-skulderpres-ul-560\/\" \/>\n<meta property=\"og:locale\" content=\"da_DK\" \/>\n<meta property=\"og:type\" content=\"article\" \/>\n<meta property=\"og:title\" content=\"Evolve Ultra Series pladebelastet Smith-skulderpres (UL-560) - Evolve\" \/>\n<meta property=\"og:description\" content=\"Evolve Ultra Series Plate-Loaded Smith Shoulder Press (EV-PL-UL-560) er konstrueret til seri\u00f8s skulderudvikling og leverer styrke, pr\u00e6cision\" \/>\n<meta property=\"og:url\" content=\"https:\/\/evolve-fitness.eu\/da\/vare\/evolve-ultra-series-pladebelastet-smith-skulderpres-ul-560\/\" \/>\n<meta property=\"og:site_name\" content=\"Evolve\" \/>\n<meta property=\"article:publisher\" content=\"https:\/\/www.facebook.com\/EvolveFitnessEurope\" \/>\n<meta property=\"article:modified_time\" content=\"2026-04-23T06:09:17+00:00\" \/>\n<meta property=\"og:image\" content=\"https:\/\/evolve-fitness.eu\/wp-content\/uploads\/2025\/06\/EV-PL-UL-560-Evolve-Ultra-Series-Plate-Loaded-Smith-Shoulder-Press-1-1024x1024.png\" \/>\n\t<meta property=\"og:image:width\" content=\"1024\" \/>\n\t<meta property=\"og:image:height\" content=\"1024\" \/>\n\t<meta property=\"og:image:type\" content=\"image\/png\" \/>\n<meta name=\"twitter:card\" content=\"summary_large_image\" \/>\n<script type=\"application\/ld+json\" class=\"yoast-schema-graph\">{\"@context\":\"https:\\\/\\\/schema.org\",\"@graph\":[{\"@type\":\"WebPage\",\"@id\":\"https:\\\/\\\/evolve-fitness.eu\\\/da\\\/vare\\\/evolve-ultra-series-pladebelastet-smith-skulderpres-ul-560\\\/\",\"url\":\"https:\\\/\\\/evolve-fitness.eu\\\/da\\\/vare\\\/evolve-ultra-series-pladebelastet-smith-skulderpres-ul-560\\\/\",\"name\":\"Evolve Ultra Series pladebelastet Smith-skulderpres (UL-560) - Evolve\",\"isPartOf\":{\"@id\":\"https:\\\/\\\/evolve-fitness.eu\\\/da\\\/#website\"},\"primaryImageOfPage\":{\"@id\":\"https:\\\/\\\/evolve-fitness.eu\\\/da\\\/vare\\\/evolve-ultra-series-pladebelastet-smith-skulderpres-ul-560\\\/#primaryimage\"},\"image\":{\"@id\":\"https:\\\/\\\/evolve-fitness.eu\\\/da\\\/vare\\\/evolve-ultra-series-pladebelastet-smith-skulderpres-ul-560\\\/#primaryimage\"},\"thumbnailUrl\":\"https:\\\/\\\/evolve-fitness.eu\\\/wp-content\\\/uploads\\\/2025\\\/06\\\/EV-PL-UL-560-Evolve-Ultra-Series-Plate-Loaded-Smith-Shoulder-Press-1.png\",\"datePublished\":\"2025-06-26T10:20:46+00:00\",\"dateModified\":\"2026-04-23T06:09:17+00:00\",\"description\":\"Evolve Ultra Series Plate-Loaded Smith Shoulder Press (EV-PL-UL-560) er konstrueret til seri\u00f8s skulderudvikling og leverer styrke, pr\u00e6cision\",\"breadcrumb\":{\"@id\":\"https:\\\/\\\/evolve-fitness.eu\\\/da\\\/vare\\\/evolve-ultra-series-pladebelastet-smith-skulderpres-ul-560\\\/#breadcrumb\"},\"inLanguage\":\"da-DK\",\"potentialAction\":[{\"@type\":\"ReadAction\",\"target\":[\"https:\\\/\\\/evolve-fitness.eu\\\/da\\\/vare\\\/evolve-ultra-series-pladebelastet-smith-skulderpres-ul-560\\\/\"]}]},{\"@type\":\"ImageObject\",\"inLanguage\":\"da-DK\",\"@id\":\"https:\\\/\\\/evolve-fitness.eu\\\/da\\\/vare\\\/evolve-ultra-series-pladebelastet-smith-skulderpres-ul-560\\\/#primaryimage\",\"url\":\"https:\\\/\\\/evolve-fitness.eu\\\/wp-content\\\/uploads\\\/2025\\\/06\\\/EV-PL-UL-560-Evolve-Ultra-Series-Plate-Loaded-Smith-Shoulder-Press-1.png\",\"contentUrl\":\"https:\\\/\\\/evolve-fitness.eu\\\/wp-content\\\/uploads\\\/2025\\\/06\\\/EV-PL-UL-560-Evolve-Ultra-Series-Plate-Loaded-Smith-Shoulder-Press-1.png\",\"width\":2200,\"height\":2200},{\"@type\":\"BreadcrumbList\",\"@id\":\"https:\\\/\\\/evolve-fitness.eu\\\/da\\\/vare\\\/evolve-ultra-series-pladebelastet-smith-skulderpres-ul-560\\\/#breadcrumb\",\"itemListElement\":[{\"@type\":\"ListItem\",\"position\":1,\"name\":\"Home\",\"item\":\"https:\\\/\\\/evolve-fitness.eu\\\/da\\\/\"},{\"@type\":\"ListItem\",\"position\":2,\"name\":\"Produkter\",\"item\":\"https:\\\/\\\/evolve-fitness.eu\\\/da\\\/shop\\\/\"},{\"@type\":\"ListItem\",\"position\":3,\"name\":\"Evolve Ultra Series pladebelastet Smith-skulderpres (UL-560)\"}]},{\"@type\":\"WebSite\",\"@id\":\"https:\\\/\\\/evolve-fitness.eu\\\/da\\\/#website\",\"url\":\"https:\\\/\\\/evolve-fitness.eu\\\/da\\\/\",\"name\":\"Evolve\",\"description\":\"Your Evolved Gear Arrived\",\"publisher\":{\"@id\":\"https:\\\/\\\/evolve-fitness.eu\\\/da\\\/#organization\"},\"potentialAction\":[{\"@type\":\"SearchAction\",\"target\":{\"@type\":\"EntryPoint\",\"urlTemplate\":\"https:\\\/\\\/evolve-fitness.eu\\\/da\\\/?s={search_term_string}\"},\"query-input\":{\"@type\":\"PropertyValueSpecification\",\"valueRequired\":true,\"valueName\":\"search_term_string\"}}],\"inLanguage\":\"da-DK\"},{\"@type\":\"Organization\",\"@id\":\"https:\\\/\\\/evolve-fitness.eu\\\/da\\\/#organization\",\"name\":\"Evolve\",\"url\":\"https:\\\/\\\/evolve-fitness.eu\\\/da\\\/\",\"logo\":{\"@type\":\"ImageObject\",\"inLanguage\":\"da-DK\",\"@id\":\"https:\\\/\\\/evolve-fitness.eu\\\/da\\\/#\\\/schema\\\/logo\\\/image\\\/\",\"url\":\"https:\\\/\\\/evolve-fitness.eu\\\/wp-content\\\/uploads\\\/2023\\\/05\\\/Evolve-logo.svg\",\"contentUrl\":\"https:\\\/\\\/evolve-fitness.eu\\\/wp-content\\\/uploads\\\/2023\\\/05\\\/Evolve-logo.svg\",\"width\":176,\"height\":20,\"caption\":\"Evolve\"},\"image\":{\"@id\":\"https:\\\/\\\/evolve-fitness.eu\\\/da\\\/#\\\/schema\\\/logo\\\/image\\\/\"},\"sameAs\":[\"https:\\\/\\\/www.facebook.com\\\/EvolveFitnessEurope\"]}]}<\/script>\n<!-- \/ Yoast SEO plugin. -->","yoast_head_json":{"title":"Evolve Ultra Series pladebelastet Smith-skulderpres (UL-560) - Evolve","description":"Evolve Ultra Series Plate-Loaded Smith Shoulder Press (EV-PL-UL-560) er konstrueret til seri\u00f8s skulderudvikling og leverer styrke, pr\u00e6cision","robots":{"index":"index","follow":"follow","max-snippet":"max-snippet:-1","max-image-preview":"max-image-preview:large","max-video-preview":"max-video-preview:-1"},"canonical":"https:\/\/evolve-fitness.eu\/da\/vare\/evolve-ultra-series-pladebelastet-smith-skulderpres-ul-560\/","og_locale":"da_DK","og_type":"article","og_title":"Evolve Ultra Series pladebelastet Smith-skulderpres (UL-560) - Evolve","og_description":"Evolve Ultra Series Plate-Loaded Smith Shoulder Press (EV-PL-UL-560) er konstrueret til seri\u00f8s skulderudvikling og leverer styrke, pr\u00e6cision","og_url":"https:\/\/evolve-fitness.eu\/da\/vare\/evolve-ultra-series-pladebelastet-smith-skulderpres-ul-560\/","og_site_name":"Evolve","article_publisher":"https:\/\/www.facebook.com\/EvolveFitnessEurope","article_modified_time":"2026-04-23T06:09:17+00:00","og_image":[{"width":1024,"height":1024,"url":"https:\/\/evolve-fitness.eu\/wp-content\/uploads\/2025\/06\/EV-PL-UL-560-Evolve-Ultra-Series-Plate-Loaded-Smith-Shoulder-Press-1-1024x1024.png","type":"image\/png"}],"twitter_card":"summary_large_image","schema":{"@context":"https:\/\/schema.org","@graph":[{"@type":"WebPage","@id":"https:\/\/evolve-fitness.eu\/da\/vare\/evolve-ultra-series-pladebelastet-smith-skulderpres-ul-560\/","url":"https:\/\/evolve-fitness.eu\/da\/vare\/evolve-ultra-series-pladebelastet-smith-skulderpres-ul-560\/","name":"Evolve Ultra Series pladebelastet Smith-skulderpres (UL-560) - Evolve","isPartOf":{"@id":"https:\/\/evolve-fitness.eu\/da\/#website"},"primaryImageOfPage":{"@id":"https:\/\/evolve-fitness.eu\/da\/vare\/evolve-ultra-series-pladebelastet-smith-skulderpres-ul-560\/#primaryimage"},"image":{"@id":"https:\/\/evolve-fitness.eu\/da\/vare\/evolve-ultra-series-pladebelastet-smith-skulderpres-ul-560\/#primaryimage"},"thumbnailUrl":"https:\/\/evolve-fitness.eu\/wp-content\/uploads\/2025\/06\/EV-PL-UL-560-Evolve-Ultra-Series-Plate-Loaded-Smith-Shoulder-Press-1.png","datePublished":"2025-06-26T10:20:46+00:00","dateModified":"2026-04-23T06:09:17+00:00","description":"Evolve Ultra Series Plate-Loaded Smith Shoulder Press (EV-PL-UL-560) er konstrueret til seri\u00f8s skulderudvikling og leverer styrke, pr\u00e6cision","breadcrumb":{"@id":"https:\/\/evolve-fitness.eu\/da\/vare\/evolve-ultra-series-pladebelastet-smith-skulderpres-ul-560\/#breadcrumb"},"inLanguage":"da-DK","potentialAction":[{"@type":"ReadAction","target":["https:\/\/evolve-fitness.eu\/da\/vare\/evolve-ultra-series-pladebelastet-smith-skulderpres-ul-560\/"]}]},{"@type":"ImageObject","inLanguage":"da-DK","@id":"https:\/\/evolve-fitness.eu\/da\/vare\/evolve-ultra-series-pladebelastet-smith-skulderpres-ul-560\/#primaryimage","url":"https:\/\/evolve-fitness.eu\/wp-content\/uploads\/2025\/06\/EV-PL-UL-560-Evolve-Ultra-Series-Plate-Loaded-Smith-Shoulder-Press-1.png","contentUrl":"https:\/\/evolve-fitness.eu\/wp-content\/uploads\/2025\/06\/EV-PL-UL-560-Evolve-Ultra-Series-Plate-Loaded-Smith-Shoulder-Press-1.png","width":2200,"height":2200},{"@type":"BreadcrumbList","@id":"https:\/\/evolve-fitness.eu\/da\/vare\/evolve-ultra-series-pladebelastet-smith-skulderpres-ul-560\/#breadcrumb","itemListElement":[{"@type":"ListItem","position":1,"name":"Home","item":"https:\/\/evolve-fitness.eu\/da\/"},{"@type":"ListItem","position":2,"name":"Produkter","item":"https:\/\/evolve-fitness.eu\/da\/shop\/"},{"@type":"ListItem","position":3,"name":"Evolve Ultra Series pladebelastet Smith-skulderpres (UL-560)"}]},{"@type":"WebSite","@id":"https:\/\/evolve-fitness.eu\/da\/#website","url":"https:\/\/evolve-fitness.eu\/da\/","name":"Evolve","description":"Your Evolved Gear Arrived","publisher":{"@id":"https:\/\/evolve-fitness.eu\/da\/#organization"},"potentialAction":[{"@type":"SearchAction","target":{"@type":"EntryPoint","urlTemplate":"https:\/\/evolve-fitness.eu\/da\/?s={search_term_string}"},"query-input":{"@type":"PropertyValueSpecification","valueRequired":true,"valueName":"search_term_string"}}],"inLanguage":"da-DK"},{"@type":"Organization","@id":"https:\/\/evolve-fitness.eu\/da\/#organization","name":"Evolve","url":"https:\/\/evolve-fitness.eu\/da\/","logo":{"@type":"ImageObject","inLanguage":"da-DK","@id":"https:\/\/evolve-fitness.eu\/da\/#\/schema\/logo\/image\/","url":"https:\/\/evolve-fitness.eu\/wp-content\/uploads\/2023\/05\/Evolve-logo.svg","contentUrl":"https:\/\/evolve-fitness.eu\/wp-content\/uploads\/2023\/05\/Evolve-logo.svg","width":176,"height":20,"caption":"Evolve"},"image":{"@id":"https:\/\/evolve-fitness.eu\/da\/#\/schema\/logo\/image\/"},"sameAs":["https:\/\/www.facebook.com\/EvolveFitnessEurope"]}]}},"_links":{"self":[{"href":"https:\/\/evolve-fitness.eu\/da\/wp-json\/wp\/v2\/product\/236154","targetHints":{"allow":["GET"]}}],"collection":[{"href":"https:\/\/evolve-fitness.eu\/da\/wp-json\/wp\/v2\/product"}],"about":[{"href":"https:\/\/evolve-fitness.eu\/da\/wp-json\/wp\/v2\/types\/product"}],"wp:featuredmedia":[{"embeddable":true,"href":"https:\/\/evolve-fitness.eu\/da\/wp-json\/wp\/v2\/media\/200298"}],"wp:attachment":[{"href":"https:\/\/evolve-fitness.eu\/da\/wp-json\/wp\/v2\/media?parent=236154"}],"wp:term":[{"taxonomy":"product_brand","embeddable":true,"href":"https:\/\/evolve-fitness.eu\/da\/wp-json\/wp\/v2\/product_brand?post=236154"},{"taxonomy":"product_cat","embeddable":true,"href":"https:\/\/evolve-fitness.eu\/da\/wp-json\/wp\/v2\/product_cat?post=236154"},{"taxonomy":"product_tag","embeddable":true,"href":"https:\/\/evolve-fitness.eu\/da\/wp-json\/wp\/v2\/product_tag?post=236154"}],"curies":[{"name":"wp","href":"https:\/\/api.w.org\/{rel}","templated":true}]}}