{"id":236427,"date":"2025-03-19T12:37:48","date_gmt":"2025-03-19T10:37:48","guid":{"rendered":"https:\/\/evolve-fitness.eu\/product\/evolve-prime-series-pladebelastet-siddende-laeghaevning\/"},"modified":"2026-04-23T09:16:09","modified_gmt":"2026-04-23T06:16:09","slug":"evolve-prime-series-pladebelastet-siddende-laeghaevning","status":"publish","type":"product","link":"https:\/\/evolve-fitness.eu\/da\/vare\/evolve-prime-series-pladebelastet-siddende-laeghaevning\/","title":{"rendered":"Evolve Prime Series pladebelastet siddende l\u00e6gh\u00e6vning"},"content":{"rendered":"\n<section class=\"wp-block-group alignfull has-lightgray-background-color has-background is-layout-constrained wp-block-group-is-layout-constrained\">\n<div class=\"wp-block-columns alignwide is-layout-flex wp-container-core-columns-is-layout-2edb0647 wp-block-columns-is-layout-flex\" style=\"margin-top:0;margin-bottom:0\">\n<div class=\"wp-block-column is-layout-flow wp-block-column-is-layout-flow\" style=\"flex-basis:33.33%\"><\/div>\n\n\n\n<div class=\"wp-block-column is-layout-flow wp-block-column-is-layout-flow\" style=\"flex-basis:66.66%\"><\/div>\n<\/div>\n<\/section>\n\n<section class=\"wp-block-group alignfull black-content has-white-color has-darkgray-background-color has-text-color has-background is-layout-constrained wp-block-group-is-layout-constrained\" style=\"padding-top:var(--wp--preset--spacing--section-bottom);padding-bottom:var(--wp--preset--spacing--section-bottom)\">\n<h3 class=\"wp-block-heading has-text-align-center\"><strong><strong>EVOLVE PLADEBELASTET PRIME-SERIE<\/strong><\/strong><\/h3>\n\n\n\n<p>Med Evolve Plate Loaded Prime Series er ekspertise standarden. L\u00f8ft din styrketr\u00e6ning med maskiner, der er designet til komfort, holdbarhed og ydeevne. Udforsk hele serien i dag, og omdefiner din fitnessrejse.  <\/p>\n\n\n\n<section class=\"wp-block-group alignfull black-content has-white-color has-darkgray-background-color has-text-color has-background is-layout-constrained wp-block-group-is-layout-constrained\" style=\"padding-top:var(--wp--preset--spacing--section-bottom);padding-bottom:var(--wp--preset--spacing--section-bottom)\">\n<div class=\"wp-block-columns alignwide mobile-reverse is-layout-flex wp-container-core-columns-is-layout-ca64bf2d wp-block-columns-is-layout-flex\" style=\"margin-bottom:var(--wp--preset--spacing--side-padding)\">\n<div class=\"wp-block-column is-vertically-aligned-center is-layout-flow wp-block-column-is-layout-flow\">\n<h3 class=\"wp-block-heading\" style=\"margin-bottom:var(--wp--preset--spacing--h-3-bottom)\"><strong><strong><strong>Excellence omdefineret<\/strong><\/strong><\/strong><\/h3>\n\n\n\n<p><strong><em><strong>Vi pr\u00e6senterer Evolve Plate Loaded Prime Series<\/strong><\/em><\/strong><\/p>\n\n\n\n<p style=\"margin-bottom:var(--wp--preset--spacing--tb-section-padding)\">Oplev det ypperste inden for styrketr\u00e6ning med Evolve Plate Loaded Prime Series. Hver maskine i denne serie er omhyggeligt udformet til at give en overlegen tr\u00e6ningsoplevelse, og her er hvorfor<\/p>\n\n\n\n<h3 class=\"wp-block-heading\" style=\"margin-bottom:var(--wp--preset--spacing--h-3-bottom)\"><strong><strong><strong><strong><strong>Tyk polstring<\/strong><\/strong><\/strong><\/strong><\/strong><\/h3>\n\n\n\n<p><strong><em><strong><strong><strong>Overlegen komfort og holdbarhed<\/strong><\/strong><\/strong><\/em><\/strong><\/p>\n\n\n\n<p>Hold orden og maksimer pladsen med <strong>Pegs til opbevaring af v\u00e6gtskiver<\/strong>. Hold dine tallerkener inden for r\u00e6kkevidde, og s\u00f8rg for et tr\u00e6ningsmilj\u00f8 uden rod.<\/p>\n<\/div>\n\n\n\n<div class=\"wp-block-column is-vertically-aligned-center is-layout-flow wp-block-column-is-layout-flow\">\n<figure class=\"wp-block-image size-large is-resized is-style-rounded\"><img loading=\"lazy\" decoding=\"async\" width=\"933\" height=\"1024\" src=\"https:\/\/evolve-fitness.eu\/wp-content\/uploads\/2023\/08\/EV-PL-EC-001-933x1024.jpg\" alt=\"\" class=\"wp-image-3399\" style=\"width:643px;height:706px\" srcset=\"https:\/\/evolve-fitness.eu\/wp-content\/uploads\/2023\/08\/EV-PL-EC-001-933x1024.jpg 933w, https:\/\/evolve-fitness.eu\/wp-content\/uploads\/2023\/08\/EV-PL-EC-001-300x329.jpg 300w, https:\/\/evolve-fitness.eu\/wp-content\/uploads\/2023\/08\/EV-PL-EC-001-137x150.jpg 137w, https:\/\/evolve-fitness.eu\/wp-content\/uploads\/2023\/08\/EV-PL-EC-001-600x659.jpg 600w, https:\/\/evolve-fitness.eu\/wp-content\/uploads\/2023\/08\/EV-PL-EC-001-273x300.jpg 273w, https:\/\/evolve-fitness.eu\/wp-content\/uploads\/2023\/08\/EV-PL-EC-001-768x843.jpg 768w, https:\/\/evolve-fitness.eu\/wp-content\/uploads\/2023\/08\/EV-PL-EC-001-1399x1536.jpg 1399w, https:\/\/evolve-fitness.eu\/wp-content\/uploads\/2023\/08\/EV-PL-EC-001.jpg 1760w\" sizes=\"auto, (max-width: 933px) 100vw, 933px\" \/><\/figure>\n<\/div>\n<\/div>\n\n\n\n<div class=\"wp-block-columns alignwide mobile-reverse is-layout-flex wp-container-core-columns-is-layout-ca64bf2d wp-block-columns-is-layout-flex\" style=\"margin-bottom:var(--wp--preset--spacing--side-padding)\">\n<div class=\"wp-block-column is-vertically-aligned-center is-layout-flow wp-block-column-is-layout-flow\">\n<figure class=\"wp-block-image alignleft size-large is-resized is-style-rounded\"><img loading=\"lazy\" decoding=\"async\" width=\"1908\" height=\"1430\" src=\"https:\/\/evolve-fitness.eu\/wp-content\/uploads\/2023\/08\/EV-PL-EC-003-edited.jpg\" alt=\"\" class=\"wp-image-3403\" style=\"aspect-ratio:1.3333333333333333;width:637px;height:auto\" srcset=\"https:\/\/evolve-fitness.eu\/wp-content\/uploads\/2023\/08\/EV-PL-EC-003-edited.jpg 1908w, https:\/\/evolve-fitness.eu\/wp-content\/uploads\/2023\/08\/EV-PL-EC-003-edited-300x225.jpg 300w, https:\/\/evolve-fitness.eu\/wp-content\/uploads\/2023\/08\/EV-PL-EC-003-edited-200x150.jpg 200w, https:\/\/evolve-fitness.eu\/wp-content\/uploads\/2023\/08\/EV-PL-EC-003-edited-600x450.jpg 600w, https:\/\/evolve-fitness.eu\/wp-content\/uploads\/2023\/08\/EV-PL-EC-003-edited-1024x767.jpg 1024w, https:\/\/evolve-fitness.eu\/wp-content\/uploads\/2023\/08\/EV-PL-EC-003-edited-150x112.jpg 150w, https:\/\/evolve-fitness.eu\/wp-content\/uploads\/2023\/08\/EV-PL-EC-003-edited-768x576.jpg 768w, https:\/\/evolve-fitness.eu\/wp-content\/uploads\/2023\/08\/EV-PL-EC-003-edited-1536x1151.jpg 1536w\" sizes=\"auto, (max-width: 1908px) 100vw, 1908px\" \/><\/figure>\n<\/div>\n\n\n\n<div class=\"wp-block-column is-vertically-aligned-center is-layout-flow wp-block-column-is-layout-flow\">\n<h3 class=\"wp-block-heading\" style=\"margin-bottom:var(--wp--preset--spacing--h-3-bottom)\"><strong><strong>M\u00e5lrettet aktivering af musklerne<\/strong><\/strong><\/h3>\n\n\n\n<p><strong>Brugervenlige justeringsknapper i levende gul<\/strong><\/p>\n\n\n\n<p style=\"margin-bottom:var(--wp--preset--spacing--tb-section-padding)\">For dem, der s\u00f8ger alsidighed, tilbyder udvalgte maskiner i Prime-serien <strong>unilateral armbev\u00e6gelse<\/strong>. Denne funktion giver dig mulighed for effektivt at m\u00e5lrette mod specifikke muskelgrupper, s\u00e5 du kan tilpasse dit tr\u00e6ningsprogram.<\/p>\n\n\n\n<h3 class=\"wp-block-heading\" style=\"margin-bottom:var(--wp--preset--spacing--h-3-bottom)\"><strong><strong><strong>Justerbar siddeposition<\/strong><\/strong><\/strong><\/h3>\n\n\n\n<p><strong><em><strong><strong>Brugervenlige justeringsknapper i levende gul<\/strong><\/strong><\/em><\/strong><\/p>\n\n\n\n<p>Vores maskiner har en <strong>justerbar siddestilling<\/strong> med justeringsknapper og h\u00e5ndtag i lys, let synlig gul. Det brugervenlige design sikrer, at du kan indstille dit udstyr hurtigt og pr\u00e6cist, hvilket forbedrer din tr\u00e6ningsoplevelse.<\/p>\n<\/div>\n<\/div>\n\n\n\n<div class=\"wp-block-columns alignwide mobile-reverse is-layout-flex wp-container-core-columns-is-layout-ca64bf2d wp-block-columns-is-layout-flex\" style=\"margin-bottom:var(--wp--preset--spacing--side-padding)\">\n<div class=\"wp-block-column is-vertically-aligned-center is-layout-flow wp-block-column-is-layout-flow\">\n<h3 class=\"wp-block-heading\" style=\"margin-bottom:var(--wp--preset--spacing--h-3-bottom)\"><strong><strong>Problemfri tr\u00e6ning<\/strong><\/strong><\/h3>\n\n\n\n<p><strong><em><strong><strong><strong><strong><strong>\u00c5ben ramme for nem adgang<\/strong><\/strong><\/strong><\/strong><\/strong><\/em><\/strong><\/p>\n\n\n\n<p style=\"margin-bottom:var(--wp--preset--spacing--tb-section-padding)\">Open Frame-designet p\u00e5 vores maskiner sikrer nem adgang, s\u00e5 du kan skifte mellem \u00f8velserne uden problemer. Sig farvel til un\u00f8dvendigt besv\u00e6r, og fokuser p\u00e5 din tr\u00e6ning.<\/p>\n\n\n\n<h3 class=\"wp-block-heading\" style=\"margin-bottom:var(--wp--preset--spacing--h-3-bottom)\"><strong><strong><strong><strong>Skridsikre h\u00e5ndtag<\/strong><\/strong><\/strong><\/strong><\/h3>\n\n\n\n<p><strong><em><strong><strong>Sikkert greb for tryghed og selvtillid<\/strong><\/strong><\/em><\/strong><\/p>\n\n\n\n<p>Prioriter sikkerhed og tillid med vores <strong>skridsikre h\u00e5ndtag<\/strong>. De giver et sikkert greb og reducerer risikoen for ulykker under tr\u00e6ningen.<\/p>\n<\/div>\n\n\n\n<div class=\"wp-block-column is-vertically-aligned-center is-layout-flow wp-block-column-is-layout-flow\">\n<figure class=\"wp-block-image size-large is-resized is-style-rounded\"><img loading=\"lazy\" decoding=\"async\" width=\"1024\" height=\"1024\" src=\"https:\/\/evolve-fitness.eu\/wp-content\/uploads\/2023\/09\/EV-PL-PR-100-1024x1024.jpg\" alt=\"\" class=\"wp-image-3436\" style=\"object-fit:cover;width:578px;height:771px\" srcset=\"https:\/\/evolve-fitness.eu\/wp-content\/uploads\/2023\/09\/EV-PL-PR-100-1024x1024.jpg 1024w, https:\/\/evolve-fitness.eu\/wp-content\/uploads\/2023\/09\/EV-PL-PR-100-300x300.jpg 300w, https:\/\/evolve-fitness.eu\/wp-content\/uploads\/2023\/09\/EV-PL-PR-100-150x150.jpg 150w, https:\/\/evolve-fitness.eu\/wp-content\/uploads\/2023\/09\/EV-PL-PR-100-600x600.jpg 600w, https:\/\/evolve-fitness.eu\/wp-content\/uploads\/2023\/09\/EV-PL-PR-100-768x768.jpg 768w, https:\/\/evolve-fitness.eu\/wp-content\/uploads\/2023\/09\/EV-PL-PR-100-1536x1536.jpg 1536w, https:\/\/evolve-fitness.eu\/wp-content\/uploads\/2023\/09\/EV-PL-PR-100.jpg 2000w\" sizes=\"auto, (max-width: 1024px) 100vw, 1024px\" \/><\/figure>\n<\/div>\n<\/div>\n\n\n\n<div class=\"wp-block-columns alignwide mobile-reverse is-layout-flex wp-container-core-columns-is-layout-ca64bf2d wp-block-columns-is-layout-flex\" style=\"margin-bottom:var(--wp--preset--spacing--side-padding)\">\n<div class=\"wp-block-column is-vertically-aligned-center is-layout-flow wp-block-column-is-layout-flow\">\n<figure class=\"wp-block-image size-large is-resized is-style-rounded\"><img loading=\"lazy\" decoding=\"async\" width=\"1024\" height=\"1024\" src=\"https:\/\/evolve-fitness.eu\/wp-content\/uploads\/2023\/09\/EV-PL-PR-040-Low-Row-1024x1024.jpg\" alt=\"\" class=\"wp-image-3438\" style=\"object-fit:cover;width:630px;height:auto\" srcset=\"https:\/\/evolve-fitness.eu\/wp-content\/uploads\/2023\/09\/EV-PL-PR-040-Low-Row-1024x1024.jpg 1024w, https:\/\/evolve-fitness.eu\/wp-content\/uploads\/2023\/09\/EV-PL-PR-040-Low-Row-300x300.jpg 300w, https:\/\/evolve-fitness.eu\/wp-content\/uploads\/2023\/09\/EV-PL-PR-040-Low-Row-150x150.jpg 150w, https:\/\/evolve-fitness.eu\/wp-content\/uploads\/2023\/09\/EV-PL-PR-040-Low-Row-600x600.jpg 600w, https:\/\/evolve-fitness.eu\/wp-content\/uploads\/2023\/09\/EV-PL-PR-040-Low-Row-768x768.jpg 768w, https:\/\/evolve-fitness.eu\/wp-content\/uploads\/2023\/09\/EV-PL-PR-040-Low-Row-1536x1536.jpg 1536w, https:\/\/evolve-fitness.eu\/wp-content\/uploads\/2023\/09\/EV-PL-PR-040-Low-Row.jpg 2000w\" sizes=\"auto, (max-width: 1024px) 100vw, 1024px\" \/><\/figure>\n<\/div>\n\n\n\n<div class=\"wp-block-column is-vertically-aligned-center is-layout-flow wp-block-column-is-layout-flow\">\n<h3 class=\"wp-block-heading\" style=\"margin-bottom:var(--wp--preset--spacing--h-3-bottom)\"><strong><strong><strong>Langvarig ydeevne<\/strong><\/strong><\/strong><\/h3>\n\n\n\n<p><strong><em><strong><strong>Kraftigt PU-l\u00e6der af f\u00f8rsteklasses kvalitet<\/strong><\/strong><\/em><\/strong><\/p>\n\n\n\n<p style=\"margin-bottom:var(--wp--preset--spacing--tb-section-padding)\">Vores udstyr er lavet af <strong>kraftigt PU-l\u00e6der af f\u00f8rsteklasses kvalitet<\/strong>, som er designet til at holde til selv den h\u00e5rdeste tr\u00e6ning. Det ser ikke bare godt ud, men holder ogs\u00e5 l\u00e6nge.<\/p>\n\n\n\n<h3 class=\"wp-block-heading\" style=\"margin-bottom:var(--wp--preset--spacing--h-3-bottom)\"><strong><strong><strong><strong><strong><strong><strong>Holdbar finish<\/strong><\/strong><\/strong><\/strong><\/strong><\/strong><\/strong><\/h3>\n\n\n\n<p><strong><em><strong><strong><strong><strong><strong>Elektrostatisk spr\u00f8jteteknologi til termoh\u00e6rdende pulver<\/strong><\/strong><\/strong><\/strong><\/strong><\/em><\/strong><\/p>\n\n\n\n<p>Oplev en holdbar finish med vores <strong>elektrostatiske spr\u00f8jteteknologi til termoh\u00e6rdende pulver<\/strong>. Denne avancerede bel\u00e6gning sikrer, at dit udstyr bevarer sin visuelle fremtoning over tid.<\/p>\n\n\n\n<h3 class=\"wp-block-heading\" style=\"margin-bottom:var(--wp--preset--spacing--h-3-bottom)\"><strong><strong><strong><strong>Bygget til at holde<\/strong><\/strong><\/strong><\/strong><\/h3>\n\n\n\n<p><strong><em><strong><strong><strong>Bolte og m\u00f8trikker i rustfrit st\u00e5l<\/strong><\/strong><\/strong><\/em><\/strong><\/p>\n\n\n\n<p style=\"margin-bottom:var(--wp--preset--spacing--tb-section-padding)\">Prime-serien er bygget til at holde, med alle bolte og m\u00f8trikker lavet af <strong>rustfrit st\u00e5l<\/strong>. Denne kvalitetskonstruktion sikrer dit udstyrs lange levetid.<\/p>\n<\/div>\n<\/div>\n<\/section>\n<\/section>\n","protected":false},"excerpt":{"rendered":"<p>Evolve Prime Series Plate Loaded Seated Calf Raise er designet til effektivt at m\u00e5lrette og styrke soleus-musklen, hvilket giver en overlegen udvikling af underbenet. Med sit ergonomiske s\u00e6de, justerbare l\u00e5rpuder og glatte pladebelastede modstandssystem sikrer denne maskine optimal biomekanik for kontrollerede og kraftfulde l\u00e6gkontraktioner. Den er bygget til stabilitet og holdbarhed og giver brugerne mulighed for gradvist at overbelaste deres l\u00e6gmuskler, hvilket g\u00f8r den til en vigtig tilf\u00f8jelse til enhver styrketr\u00e6ningsrutine.    <\/p>\n","protected":false},"featured_media":187367,"template":"","meta":{"_acf_changed":false,"inline_featured_image":false},"product_brand":[],"product_cat":[2919,5437],"product_tag":[],"class_list":{"0":"post-236427","1":"product","2":"type-product","3":"status-publish","4":"has-post-thumbnail","6":"product_cat-pladebelastede-maskiner","7":"product_cat-prime-series-pladelaesset","9":"first","10":"instock","11":"virtual","12":"purchasable","13":"product-type-simple"},"acf":{"long_title":"Evolve Prime Series pladebelastet siddende l\u00e6gh\u00e6vning","subtitle":"","specifications":[{"label":"VARENUMMER","text_value":"EV-PL-PR-023","icon":"x"},{"label":"Garanti  ","text_value":"2 \u00e5r","icon":"x"},{"label":"Max. belastning  ","text_value":"280 kg","icon":"x"},{"label":"Dimensioner","text_value":"750 x 1260 x 850 mm","icon":"x"},{"label":"V\u00e6gt","text_value":"69 kg","icon":"x"},{"label":"Opbevaring af v\u00e6gtskiver","text_value":"","icon":"v"},{"label":"Tyk polstring","text_value":"","icon":"v"},{"label":"Holdbare gulvbeskyttere","text_value":"","icon":"v"},{"label":"Metalramme uden skarpe kanter","text_value":"","icon":"v"},{"label":"Anti-korrosionsmaling","text_value":"","icon":"v"},{"label":"Skridsikre h\u00e5ndtag","text_value":"","icon":"v"},{"label":"Garanti","text_value":"2 \u00e5r  ","icon":"x"}],"product_frequently_asked_questions":null},"yoast_head":"<!-- This site is optimized with the Yoast SEO plugin v27.4 - https:\/\/yoast.com\/product\/yoast-seo-wordpress\/ -->\n<title>Evolve Prime Series pladebelastet siddende l\u00e6gh\u00e6vning - Evolve<\/title>\n<meta name=\"description\" content=\"Evolve Plate Loaded Seated Calf Raise er designet til effektivt at m\u00e5lrette og styrke soleus-musklen, hvilket giver en overlegen udvikling af underbenet.\" \/>\n<meta name=\"robots\" content=\"index, follow, max-snippet:-1, max-image-preview:large, max-video-preview:-1\" \/>\n<link rel=\"canonical\" href=\"https:\/\/evolve-fitness.eu\/da\/vare\/evolve-prime-series-pladebelastet-siddende-laeghaevning\/\" \/>\n<meta property=\"og:locale\" content=\"da_DK\" \/>\n<meta property=\"og:type\" content=\"article\" \/>\n<meta property=\"og:title\" content=\"Evolve Prime Series pladebelastet siddende l\u00e6gh\u00e6vning - Evolve\" \/>\n<meta property=\"og:description\" content=\"Evolve Plate Loaded Seated Calf Raise er designet til effektivt at m\u00e5lrette og styrke soleus-musklen, hvilket giver en overlegen udvikling af underbenet.\" \/>\n<meta property=\"og:url\" content=\"https:\/\/evolve-fitness.eu\/da\/vare\/evolve-prime-series-pladebelastet-siddende-laeghaevning\/\" \/>\n<meta property=\"og:site_name\" content=\"Evolve\" \/>\n<meta property=\"article:publisher\" content=\"https:\/\/www.facebook.com\/EvolveFitnessEurope\" \/>\n<meta property=\"article:modified_time\" content=\"2026-04-23T06:16:09+00:00\" \/>\n<meta property=\"og:image\" content=\"https:\/\/evolve-fitness.eu\/wp-content\/uploads\/2025\/03\/EV-PL-PR-023-Evolve-Prime-Series-Plate-Loaded-Seated-Calf-Raise-Recovered.png\" \/>\n\t<meta property=\"og:image:width\" content=\"3000\" \/>\n\t<meta property=\"og:image:height\" content=\"3000\" \/>\n\t<meta property=\"og:image:type\" content=\"image\/png\" \/>\n<meta name=\"twitter:card\" content=\"summary_large_image\" \/>\n<script type=\"application\/ld+json\" class=\"yoast-schema-graph\">{\"@context\":\"https:\\\/\\\/schema.org\",\"@graph\":[{\"@type\":\"WebPage\",\"@id\":\"https:\\\/\\\/evolve-fitness.eu\\\/da\\\/vare\\\/evolve-prime-series-pladebelastet-siddende-laeghaevning\\\/\",\"url\":\"https:\\\/\\\/evolve-fitness.eu\\\/da\\\/vare\\\/evolve-prime-series-pladebelastet-siddende-laeghaevning\\\/\",\"name\":\"Evolve Prime Series pladebelastet siddende l\u00e6gh\u00e6vning - Evolve\",\"isPartOf\":{\"@id\":\"https:\\\/\\\/evolve-fitness.eu\\\/da\\\/#website\"},\"primaryImageOfPage\":{\"@id\":\"https:\\\/\\\/evolve-fitness.eu\\\/da\\\/vare\\\/evolve-prime-series-pladebelastet-siddende-laeghaevning\\\/#primaryimage\"},\"image\":{\"@id\":\"https:\\\/\\\/evolve-fitness.eu\\\/da\\\/vare\\\/evolve-prime-series-pladebelastet-siddende-laeghaevning\\\/#primaryimage\"},\"thumbnailUrl\":\"https:\\\/\\\/evolve-fitness.eu\\\/wp-content\\\/uploads\\\/2025\\\/03\\\/EV-PL-PR-023-Evolve-Prime-Series-Plate-Loaded-Seated-Calf-Raise-Recovered.png\",\"datePublished\":\"2025-03-19T10:37:48+00:00\",\"dateModified\":\"2026-04-23T06:16:09+00:00\",\"description\":\"Evolve Plate Loaded Seated Calf Raise er designet til effektivt at m\u00e5lrette og styrke soleus-musklen, hvilket giver en overlegen udvikling af underbenet.\",\"breadcrumb\":{\"@id\":\"https:\\\/\\\/evolve-fitness.eu\\\/da\\\/vare\\\/evolve-prime-series-pladebelastet-siddende-laeghaevning\\\/#breadcrumb\"},\"inLanguage\":\"da-DK\",\"potentialAction\":[{\"@type\":\"ReadAction\",\"target\":[\"https:\\\/\\\/evolve-fitness.eu\\\/da\\\/vare\\\/evolve-prime-series-pladebelastet-siddende-laeghaevning\\\/\"]}]},{\"@type\":\"ImageObject\",\"inLanguage\":\"da-DK\",\"@id\":\"https:\\\/\\\/evolve-fitness.eu\\\/da\\\/vare\\\/evolve-prime-series-pladebelastet-siddende-laeghaevning\\\/#primaryimage\",\"url\":\"https:\\\/\\\/evolve-fitness.eu\\\/wp-content\\\/uploads\\\/2025\\\/03\\\/EV-PL-PR-023-Evolve-Prime-Series-Plate-Loaded-Seated-Calf-Raise-Recovered.png\",\"contentUrl\":\"https:\\\/\\\/evolve-fitness.eu\\\/wp-content\\\/uploads\\\/2025\\\/03\\\/EV-PL-PR-023-Evolve-Prime-Series-Plate-Loaded-Seated-Calf-Raise-Recovered.png\",\"width\":3000,\"height\":3000},{\"@type\":\"BreadcrumbList\",\"@id\":\"https:\\\/\\\/evolve-fitness.eu\\\/da\\\/vare\\\/evolve-prime-series-pladebelastet-siddende-laeghaevning\\\/#breadcrumb\",\"itemListElement\":[{\"@type\":\"ListItem\",\"position\":1,\"name\":\"Home\",\"item\":\"https:\\\/\\\/evolve-fitness.eu\\\/da\\\/\"},{\"@type\":\"ListItem\",\"position\":2,\"name\":\"Produkter\",\"item\":\"https:\\\/\\\/evolve-fitness.eu\\\/da\\\/shop\\\/\"},{\"@type\":\"ListItem\",\"position\":3,\"name\":\"Evolve Prime Series pladebelastet siddende l\u00e6gh\u00e6vning\"}]},{\"@type\":\"WebSite\",\"@id\":\"https:\\\/\\\/evolve-fitness.eu\\\/da\\\/#website\",\"url\":\"https:\\\/\\\/evolve-fitness.eu\\\/da\\\/\",\"name\":\"Evolve\",\"description\":\"Your Evolved Gear Arrived\",\"publisher\":{\"@id\":\"https:\\\/\\\/evolve-fitness.eu\\\/da\\\/#organization\"},\"potentialAction\":[{\"@type\":\"SearchAction\",\"target\":{\"@type\":\"EntryPoint\",\"urlTemplate\":\"https:\\\/\\\/evolve-fitness.eu\\\/da\\\/?s={search_term_string}\"},\"query-input\":{\"@type\":\"PropertyValueSpecification\",\"valueRequired\":true,\"valueName\":\"search_term_string\"}}],\"inLanguage\":\"da-DK\"},{\"@type\":\"Organization\",\"@id\":\"https:\\\/\\\/evolve-fitness.eu\\\/da\\\/#organization\",\"name\":\"Evolve\",\"url\":\"https:\\\/\\\/evolve-fitness.eu\\\/da\\\/\",\"logo\":{\"@type\":\"ImageObject\",\"inLanguage\":\"da-DK\",\"@id\":\"https:\\\/\\\/evolve-fitness.eu\\\/da\\\/#\\\/schema\\\/logo\\\/image\\\/\",\"url\":\"https:\\\/\\\/evolve-fitness.eu\\\/wp-content\\\/uploads\\\/2023\\\/05\\\/Evolve-logo.svg\",\"contentUrl\":\"https:\\\/\\\/evolve-fitness.eu\\\/wp-content\\\/uploads\\\/2023\\\/05\\\/Evolve-logo.svg\",\"width\":176,\"height\":20,\"caption\":\"Evolve\"},\"image\":{\"@id\":\"https:\\\/\\\/evolve-fitness.eu\\\/da\\\/#\\\/schema\\\/logo\\\/image\\\/\"},\"sameAs\":[\"https:\\\/\\\/www.facebook.com\\\/EvolveFitnessEurope\"]}]}<\/script>\n<!-- \/ Yoast SEO plugin. -->","yoast_head_json":{"title":"Evolve Prime Series pladebelastet siddende l\u00e6gh\u00e6vning - Evolve","description":"Evolve Plate Loaded Seated Calf Raise er designet til effektivt at m\u00e5lrette og styrke soleus-musklen, hvilket giver en overlegen udvikling af underbenet.","robots":{"index":"index","follow":"follow","max-snippet":"max-snippet:-1","max-image-preview":"max-image-preview:large","max-video-preview":"max-video-preview:-1"},"canonical":"https:\/\/evolve-fitness.eu\/da\/vare\/evolve-prime-series-pladebelastet-siddende-laeghaevning\/","og_locale":"da_DK","og_type":"article","og_title":"Evolve Prime Series pladebelastet siddende l\u00e6gh\u00e6vning - Evolve","og_description":"Evolve Plate Loaded Seated Calf Raise er designet til effektivt at m\u00e5lrette og styrke soleus-musklen, hvilket giver en overlegen udvikling af underbenet.","og_url":"https:\/\/evolve-fitness.eu\/da\/vare\/evolve-prime-series-pladebelastet-siddende-laeghaevning\/","og_site_name":"Evolve","article_publisher":"https:\/\/www.facebook.com\/EvolveFitnessEurope","article_modified_time":"2026-04-23T06:16:09+00:00","og_image":[{"width":3000,"height":3000,"url":"https:\/\/evolve-fitness.eu\/wp-content\/uploads\/2025\/03\/EV-PL-PR-023-Evolve-Prime-Series-Plate-Loaded-Seated-Calf-Raise-Recovered.png","type":"image\/png"}],"twitter_card":"summary_large_image","schema":{"@context":"https:\/\/schema.org","@graph":[{"@type":"WebPage","@id":"https:\/\/evolve-fitness.eu\/da\/vare\/evolve-prime-series-pladebelastet-siddende-laeghaevning\/","url":"https:\/\/evolve-fitness.eu\/da\/vare\/evolve-prime-series-pladebelastet-siddende-laeghaevning\/","name":"Evolve Prime Series pladebelastet siddende l\u00e6gh\u00e6vning - Evolve","isPartOf":{"@id":"https:\/\/evolve-fitness.eu\/da\/#website"},"primaryImageOfPage":{"@id":"https:\/\/evolve-fitness.eu\/da\/vare\/evolve-prime-series-pladebelastet-siddende-laeghaevning\/#primaryimage"},"image":{"@id":"https:\/\/evolve-fitness.eu\/da\/vare\/evolve-prime-series-pladebelastet-siddende-laeghaevning\/#primaryimage"},"thumbnailUrl":"https:\/\/evolve-fitness.eu\/wp-content\/uploads\/2025\/03\/EV-PL-PR-023-Evolve-Prime-Series-Plate-Loaded-Seated-Calf-Raise-Recovered.png","datePublished":"2025-03-19T10:37:48+00:00","dateModified":"2026-04-23T06:16:09+00:00","description":"Evolve Plate Loaded Seated Calf Raise er designet til effektivt at m\u00e5lrette og styrke soleus-musklen, hvilket giver en overlegen udvikling af underbenet.","breadcrumb":{"@id":"https:\/\/evolve-fitness.eu\/da\/vare\/evolve-prime-series-pladebelastet-siddende-laeghaevning\/#breadcrumb"},"inLanguage":"da-DK","potentialAction":[{"@type":"ReadAction","target":["https:\/\/evolve-fitness.eu\/da\/vare\/evolve-prime-series-pladebelastet-siddende-laeghaevning\/"]}]},{"@type":"ImageObject","inLanguage":"da-DK","@id":"https:\/\/evolve-fitness.eu\/da\/vare\/evolve-prime-series-pladebelastet-siddende-laeghaevning\/#primaryimage","url":"https:\/\/evolve-fitness.eu\/wp-content\/uploads\/2025\/03\/EV-PL-PR-023-Evolve-Prime-Series-Plate-Loaded-Seated-Calf-Raise-Recovered.png","contentUrl":"https:\/\/evolve-fitness.eu\/wp-content\/uploads\/2025\/03\/EV-PL-PR-023-Evolve-Prime-Series-Plate-Loaded-Seated-Calf-Raise-Recovered.png","width":3000,"height":3000},{"@type":"BreadcrumbList","@id":"https:\/\/evolve-fitness.eu\/da\/vare\/evolve-prime-series-pladebelastet-siddende-laeghaevning\/#breadcrumb","itemListElement":[{"@type":"ListItem","position":1,"name":"Home","item":"https:\/\/evolve-fitness.eu\/da\/"},{"@type":"ListItem","position":2,"name":"Produkter","item":"https:\/\/evolve-fitness.eu\/da\/shop\/"},{"@type":"ListItem","position":3,"name":"Evolve Prime Series pladebelastet siddende l\u00e6gh\u00e6vning"}]},{"@type":"WebSite","@id":"https:\/\/evolve-fitness.eu\/da\/#website","url":"https:\/\/evolve-fitness.eu\/da\/","name":"Evolve","description":"Your Evolved Gear Arrived","publisher":{"@id":"https:\/\/evolve-fitness.eu\/da\/#organization"},"potentialAction":[{"@type":"SearchAction","target":{"@type":"EntryPoint","urlTemplate":"https:\/\/evolve-fitness.eu\/da\/?s={search_term_string}"},"query-input":{"@type":"PropertyValueSpecification","valueRequired":true,"valueName":"search_term_string"}}],"inLanguage":"da-DK"},{"@type":"Organization","@id":"https:\/\/evolve-fitness.eu\/da\/#organization","name":"Evolve","url":"https:\/\/evolve-fitness.eu\/da\/","logo":{"@type":"ImageObject","inLanguage":"da-DK","@id":"https:\/\/evolve-fitness.eu\/da\/#\/schema\/logo\/image\/","url":"https:\/\/evolve-fitness.eu\/wp-content\/uploads\/2023\/05\/Evolve-logo.svg","contentUrl":"https:\/\/evolve-fitness.eu\/wp-content\/uploads\/2023\/05\/Evolve-logo.svg","width":176,"height":20,"caption":"Evolve"},"image":{"@id":"https:\/\/evolve-fitness.eu\/da\/#\/schema\/logo\/image\/"},"sameAs":["https:\/\/www.facebook.com\/EvolveFitnessEurope"]}]}},"_links":{"self":[{"href":"https:\/\/evolve-fitness.eu\/da\/wp-json\/wp\/v2\/product\/236427","targetHints":{"allow":["GET"]}}],"collection":[{"href":"https:\/\/evolve-fitness.eu\/da\/wp-json\/wp\/v2\/product"}],"about":[{"href":"https:\/\/evolve-fitness.eu\/da\/wp-json\/wp\/v2\/types\/product"}],"wp:featuredmedia":[{"embeddable":true,"href":"https:\/\/evolve-fitness.eu\/da\/wp-json\/wp\/v2\/media\/187367"}],"wp:attachment":[{"href":"https:\/\/evolve-fitness.eu\/da\/wp-json\/wp\/v2\/media?parent=236427"}],"wp:term":[{"taxonomy":"product_brand","embeddable":true,"href":"https:\/\/evolve-fitness.eu\/da\/wp-json\/wp\/v2\/product_brand?post=236427"},{"taxonomy":"product_cat","embeddable":true,"href":"https:\/\/evolve-fitness.eu\/da\/wp-json\/wp\/v2\/product_cat?post=236427"},{"taxonomy":"product_tag","embeddable":true,"href":"https:\/\/evolve-fitness.eu\/da\/wp-json\/wp\/v2\/product_tag?post=236427"}],"curies":[{"name":"wp","href":"https:\/\/api.w.org\/{rel}","templated":true}]}}