{"id":236507,"date":"2025-03-21T11:37:07","date_gmt":"2025-03-21T09:37:07","guid":{"rendered":"https:\/\/evolve-fitness.eu\/product\/evolve-prime-series-pladebelastet-lineaer-raekke\/"},"modified":"2026-04-23T09:20:28","modified_gmt":"2026-04-23T06:20:28","slug":"evolve-prime-series-pladebelastet-lineaer-raekke","status":"publish","type":"product","link":"https:\/\/evolve-fitness.eu\/da\/vare\/evolve-prime-series-pladebelastet-lineaer-raekke\/","title":{"rendered":"Evolve Prime Series pladebelastet line\u00e6r r\u00e6kke"},"content":{"rendered":"\n<section class=\"wp-block-group alignfull has-lightgray-background-color has-background is-layout-constrained wp-block-group-is-layout-constrained\">\n<div class=\"wp-block-columns alignwide is-layout-flex wp-container-core-columns-is-layout-2edb0647 wp-block-columns-is-layout-flex\" style=\"margin-top:0;margin-bottom:0\">\n<div class=\"wp-block-column is-layout-flow wp-block-column-is-layout-flow\" style=\"flex-basis:33.33%\"><\/div>\n\n\n\n<div class=\"wp-block-column is-layout-flow wp-block-column-is-layout-flow\" style=\"flex-basis:66.66%\"><\/div>\n<\/div>\n<\/section>\n\n<section class=\"wp-block-group alignfull black-content has-white-color has-darkgray-background-color has-text-color has-background is-layout-constrained wp-block-group-is-layout-constrained\" style=\"padding-top:var(--wp--preset--spacing--section-bottom);padding-bottom:var(--wp--preset--spacing--section-bottom)\">\n<h3 class=\"wp-block-heading has-text-align-center\"><strong><strong>EVOLVE PLADEBELASTET PRIME-SERIE<\/strong><\/strong><\/h3>\n\n\n\n<p>Med Evolve Plate Loaded Prime Series er ekspertise standarden. L\u00f8ft din styrketr\u00e6ning med maskiner, der er designet til komfort, holdbarhed og ydeevne. Udforsk hele serien i dag, og omdefiner din fitnessrejse.  <\/p>\n\n\n\n<section class=\"wp-block-group alignfull black-content has-white-color has-darkgray-background-color has-text-color has-background is-layout-constrained wp-block-group-is-layout-constrained\" style=\"padding-top:var(--wp--preset--spacing--section-bottom);padding-bottom:var(--wp--preset--spacing--section-bottom)\">\n<div class=\"wp-block-columns alignwide mobile-reverse is-layout-flex wp-container-core-columns-is-layout-ca64bf2d wp-block-columns-is-layout-flex\" style=\"margin-bottom:var(--wp--preset--spacing--side-padding)\">\n<div class=\"wp-block-column is-vertically-aligned-center is-layout-flow wp-block-column-is-layout-flow\">\n<h3 class=\"wp-block-heading\" style=\"margin-bottom:var(--wp--preset--spacing--h-3-bottom)\"><strong><strong><strong>M\u00e5lrettet tr\u00e6ning af overkroppen<\/strong><\/strong><\/strong><\/h3>\n\n\n\n<p><strong><em><strong>Fokuseret muskelindsats<\/strong><\/em><\/strong><\/p>\n\n\n\n<p style=\"margin-bottom:var(--wp--preset--spacing--tb-section-padding)\">Evolve Prime Series Plate Loaded Linear Row er designet til at give en kraftfuld og effektiv rygtr\u00e6ning, der retter sig mod lats, traps og rhomboids med en naturlig tr\u00e6kbev\u00e6gelse. Med en ergonomisk brystpude, justerbare h\u00e5ndtagspositioner og et glat pladebelastet modstandssystem sikrer denne maskine korrekt biomekanik for maksimal muskelaktivering, samtidig med at den reducerer belastningen af l\u00e6nden. Den er bygget med henblik p\u00e5 holdbarhed og stabilitet og er et vigtigt redskab til at udvikle overkroppens styrke og forbedre kropsholdningen.    <\/p>\n\n\n\n<h3 class=\"wp-block-heading\" style=\"margin-bottom:var(--wp--preset--spacing--h-3-bottom)\"><strong><strong><strong><strong><strong>Funktioner af h\u00f8j kvalitet<\/strong><\/strong><\/strong><\/strong><\/strong><\/h3>\n\n\n\n<p><strong><em>Holdbarhed og pladsbesparelse<\/em><\/strong><\/p>\n\n\n\n<p>Evolve Prime Series Plate Loaded Linear Row tilbyder en guidet bev\u00e6gelsesbane, der eliminerer un\u00f8dvendig belastning og giver mulighed for pr\u00e6cis og effektiv muskelaktivering. Den uafh\u00e6ngige armbev\u00e6gelse fremmer en afbalanceret udvikling, mens det pladebelastede system giver mulighed for progressiv overbelastning, hvilket g\u00f8r den velegnet til alle fitnessniveauer. Med sin robuste konstruktion og behagelige st\u00f8tte er denne maskine ideel til atleter og fitnessentusiaster, der \u00f8nsker at forbedre rygstyrken, udholdenheden og den generelle konditionering af overkroppen.  <\/p>\n<\/div>\n\n\n\n<div class=\"wp-block-column is-vertically-aligned-center is-layout-flow wp-block-column-is-layout-flow\">\n<figure class=\"wp-block-image size-large is-resized is-style-rounded\"><img loading=\"lazy\" decoding=\"async\" width=\"1024\" height=\"1024\" src=\"https:\/\/evolve-fitness.eu\/wp-content\/uploads\/2025\/03\/EV-PL-PR-119-Evolve-Prime-Series-Plate-Loaded-Linear-Row-Recovered-1024x1024.png\" alt=\"\" class=\"wp-image-187841\" style=\"width:643px;height:706px\" srcset=\"https:\/\/evolve-fitness.eu\/wp-content\/uploads\/2025\/03\/EV-PL-PR-119-Evolve-Prime-Series-Plate-Loaded-Linear-Row-Recovered-1024x1024.png 1024w, https:\/\/evolve-fitness.eu\/wp-content\/uploads\/2025\/03\/EV-PL-PR-119-Evolve-Prime-Series-Plate-Loaded-Linear-Row-Recovered-300x300.png 300w, https:\/\/evolve-fitness.eu\/wp-content\/uploads\/2025\/03\/EV-PL-PR-119-Evolve-Prime-Series-Plate-Loaded-Linear-Row-Recovered-150x150.png 150w, https:\/\/evolve-fitness.eu\/wp-content\/uploads\/2025\/03\/EV-PL-PR-119-Evolve-Prime-Series-Plate-Loaded-Linear-Row-Recovered-768x768.png 768w, https:\/\/evolve-fitness.eu\/wp-content\/uploads\/2025\/03\/EV-PL-PR-119-Evolve-Prime-Series-Plate-Loaded-Linear-Row-Recovered-1536x1536.png 1536w, https:\/\/evolve-fitness.eu\/wp-content\/uploads\/2025\/03\/EV-PL-PR-119-Evolve-Prime-Series-Plate-Loaded-Linear-Row-Recovered-2048x2048.png 2048w, https:\/\/evolve-fitness.eu\/wp-content\/uploads\/2025\/03\/EV-PL-PR-119-Evolve-Prime-Series-Plate-Loaded-Linear-Row-Recovered-600x600.png 600w\" sizes=\"auto, (max-width: 1024px) 100vw, 1024px\" \/><\/figure>\n<\/div>\n<\/div>\n<\/section>\n<\/section>\n","protected":false},"excerpt":{"rendered":"<p>Evolve Prime Series Plate Loaded Linear Row er designet til at m\u00e5lrette lats, traps og rhomboids med en j\u00e6vn og kontrolleret robev\u00e6gelse. Med en ergonomisk brystpude, justerbare h\u00e5ndtag og et pladebelastet modstandssystem sikrer den korrekt form og reducerer belastningen af l\u00e6nden. Denne maskine er ideel til at opbygge overkropsstyrke, underst\u00f8tter progressiv overbelastning og er velegnet til alle fitnessniveauer. Perfekt til at forbedre kropsholdning, rygstyrke og generel konditionering af overkroppen.   <\/p>\n","protected":false},"featured_media":187845,"template":"","meta":{"_acf_changed":false,"inline_featured_image":false},"product_brand":[],"product_cat":[2919,5437],"product_tag":[],"class_list":{"0":"post-236507","1":"product","2":"type-product","3":"status-publish","4":"has-post-thumbnail","6":"product_cat-pladebelastede-maskiner","7":"product_cat-prime-series-pladelaesset","9":"first","10":"instock","11":"shipping-taxable","12":"purchasable","13":"product-type-simple"},"acf":{"long_title":"Evolve Prime Series pladebelastet line\u00e6r r\u00e6kke","subtitle":"","specifications":[{"label":"VARENUMMER","text_value":"EV-PL-PR-119","icon":"x"},{"label":"Dimensioner","text_value":"1720 x 1210 x 1700 mm","icon":"x"},{"label":"V\u00e6gt","text_value":"165 kg","icon":"x"},{"label":"Maks. brugerv\u00e6gt","text_value":"180 kg","icon":"x"},{"label":"Opbevaring af v\u00e6gtskiver","text_value":"","icon":"v"},{"label":"Holdbare gulvbeskyttere","text_value":"","icon":"v"},{"label":"Metalramme uden skarpe kanter","text_value":"","icon":"v"},{"label":"Tilpas farver p\u00e5 stel og polstring","text_value":"","icon":"v"},{"label":"Tyk polstring","text_value":"","icon":"x"},{"label":"Anti-korrosionsmaling","text_value":"","icon":"x"},{"label":"Skridsikre h\u00e5ndtag","text_value":"","icon":"x"},{"label":"Garanti","text_value":"2 \u00e5r","icon":"x"}],"product_frequently_asked_questions":null},"yoast_head":"<!-- This site is optimized with the Yoast SEO plugin v27.4 - https:\/\/yoast.com\/product\/yoast-seo-wordpress\/ -->\n<title>Evolve Prime Series pladebelastet line\u00e6r r\u00e6kke - Evolve<\/title>\n<meta name=\"description\" content=\"Evolve Prime Series Plate Loaded Linear Row er designet til at m\u00e5lrette lats, traps og rhomboids med en j\u00e6vn og kontrolleret robev\u00e6gelse.\" \/>\n<meta name=\"robots\" content=\"index, follow, max-snippet:-1, max-image-preview:large, max-video-preview:-1\" \/>\n<link rel=\"canonical\" href=\"https:\/\/evolve-fitness.eu\/da\/vare\/evolve-prime-series-pladebelastet-lineaer-raekke\/\" \/>\n<meta property=\"og:locale\" content=\"da_DK\" \/>\n<meta property=\"og:type\" content=\"article\" \/>\n<meta property=\"og:title\" content=\"Evolve Prime Series pladebelastet line\u00e6r r\u00e6kke - Evolve\" \/>\n<meta property=\"og:description\" content=\"Evolve Prime Series Plate Loaded Linear Row er designet til at m\u00e5lrette lats, traps og rhomboids med en j\u00e6vn og kontrolleret robev\u00e6gelse.\" \/>\n<meta property=\"og:url\" content=\"https:\/\/evolve-fitness.eu\/da\/vare\/evolve-prime-series-pladebelastet-lineaer-raekke\/\" \/>\n<meta property=\"og:site_name\" content=\"Evolve\" \/>\n<meta property=\"article:publisher\" content=\"https:\/\/www.facebook.com\/EvolveFitnessEurope\" \/>\n<meta property=\"article:modified_time\" content=\"2026-04-23T06:20:28+00:00\" \/>\n<meta property=\"og:image\" content=\"https:\/\/evolve-fitness.eu\/wp-content\/uploads\/2025\/03\/EV-PL-PR-119-Evolve-Prime-Series-Plate-Loaded-Linear-Row-Recovered.png\" \/>\n\t<meta property=\"og:image:width\" content=\"3000\" \/>\n\t<meta property=\"og:image:height\" content=\"3000\" \/>\n\t<meta property=\"og:image:type\" content=\"image\/png\" \/>\n<meta name=\"twitter:card\" content=\"summary_large_image\" \/>\n<script type=\"application\/ld+json\" class=\"yoast-schema-graph\">{\"@context\":\"https:\\\/\\\/schema.org\",\"@graph\":[{\"@type\":\"WebPage\",\"@id\":\"https:\\\/\\\/evolve-fitness.eu\\\/da\\\/vare\\\/evolve-prime-series-pladebelastet-lineaer-raekke\\\/\",\"url\":\"https:\\\/\\\/evolve-fitness.eu\\\/da\\\/vare\\\/evolve-prime-series-pladebelastet-lineaer-raekke\\\/\",\"name\":\"Evolve Prime Series pladebelastet line\u00e6r r\u00e6kke - Evolve\",\"isPartOf\":{\"@id\":\"https:\\\/\\\/evolve-fitness.eu\\\/da\\\/#website\"},\"primaryImageOfPage\":{\"@id\":\"https:\\\/\\\/evolve-fitness.eu\\\/da\\\/vare\\\/evolve-prime-series-pladebelastet-lineaer-raekke\\\/#primaryimage\"},\"image\":{\"@id\":\"https:\\\/\\\/evolve-fitness.eu\\\/da\\\/vare\\\/evolve-prime-series-pladebelastet-lineaer-raekke\\\/#primaryimage\"},\"thumbnailUrl\":\"https:\\\/\\\/evolve-fitness.eu\\\/wp-content\\\/uploads\\\/2025\\\/03\\\/EV-PL-PR-119-Evolve-Prime-Series-Plate-Loaded-Linear-Row-Recovered.png\",\"datePublished\":\"2025-03-21T09:37:07+00:00\",\"dateModified\":\"2026-04-23T06:20:28+00:00\",\"description\":\"Evolve Prime Series Plate Loaded Linear Row er designet til at m\u00e5lrette lats, traps og rhomboids med en j\u00e6vn og kontrolleret robev\u00e6gelse.\",\"breadcrumb\":{\"@id\":\"https:\\\/\\\/evolve-fitness.eu\\\/da\\\/vare\\\/evolve-prime-series-pladebelastet-lineaer-raekke\\\/#breadcrumb\"},\"inLanguage\":\"da-DK\",\"potentialAction\":[{\"@type\":\"ReadAction\",\"target\":[\"https:\\\/\\\/evolve-fitness.eu\\\/da\\\/vare\\\/evolve-prime-series-pladebelastet-lineaer-raekke\\\/\"]}]},{\"@type\":\"ImageObject\",\"inLanguage\":\"da-DK\",\"@id\":\"https:\\\/\\\/evolve-fitness.eu\\\/da\\\/vare\\\/evolve-prime-series-pladebelastet-lineaer-raekke\\\/#primaryimage\",\"url\":\"https:\\\/\\\/evolve-fitness.eu\\\/wp-content\\\/uploads\\\/2025\\\/03\\\/EV-PL-PR-119-Evolve-Prime-Series-Plate-Loaded-Linear-Row-Recovered.png\",\"contentUrl\":\"https:\\\/\\\/evolve-fitness.eu\\\/wp-content\\\/uploads\\\/2025\\\/03\\\/EV-PL-PR-119-Evolve-Prime-Series-Plate-Loaded-Linear-Row-Recovered.png\",\"width\":3000,\"height\":3000},{\"@type\":\"BreadcrumbList\",\"@id\":\"https:\\\/\\\/evolve-fitness.eu\\\/da\\\/vare\\\/evolve-prime-series-pladebelastet-lineaer-raekke\\\/#breadcrumb\",\"itemListElement\":[{\"@type\":\"ListItem\",\"position\":1,\"name\":\"Home\",\"item\":\"https:\\\/\\\/evolve-fitness.eu\\\/da\\\/\"},{\"@type\":\"ListItem\",\"position\":2,\"name\":\"Produkter\",\"item\":\"https:\\\/\\\/evolve-fitness.eu\\\/da\\\/shop\\\/\"},{\"@type\":\"ListItem\",\"position\":3,\"name\":\"Evolve Prime Series pladebelastet line\u00e6r r\u00e6kke\"}]},{\"@type\":\"WebSite\",\"@id\":\"https:\\\/\\\/evolve-fitness.eu\\\/da\\\/#website\",\"url\":\"https:\\\/\\\/evolve-fitness.eu\\\/da\\\/\",\"name\":\"Evolve\",\"description\":\"Your Evolved Gear Arrived\",\"publisher\":{\"@id\":\"https:\\\/\\\/evolve-fitness.eu\\\/da\\\/#organization\"},\"potentialAction\":[{\"@type\":\"SearchAction\",\"target\":{\"@type\":\"EntryPoint\",\"urlTemplate\":\"https:\\\/\\\/evolve-fitness.eu\\\/da\\\/?s={search_term_string}\"},\"query-input\":{\"@type\":\"PropertyValueSpecification\",\"valueRequired\":true,\"valueName\":\"search_term_string\"}}],\"inLanguage\":\"da-DK\"},{\"@type\":\"Organization\",\"@id\":\"https:\\\/\\\/evolve-fitness.eu\\\/da\\\/#organization\",\"name\":\"Evolve\",\"url\":\"https:\\\/\\\/evolve-fitness.eu\\\/da\\\/\",\"logo\":{\"@type\":\"ImageObject\",\"inLanguage\":\"da-DK\",\"@id\":\"https:\\\/\\\/evolve-fitness.eu\\\/da\\\/#\\\/schema\\\/logo\\\/image\\\/\",\"url\":\"https:\\\/\\\/evolve-fitness.eu\\\/wp-content\\\/uploads\\\/2023\\\/05\\\/Evolve-logo.svg\",\"contentUrl\":\"https:\\\/\\\/evolve-fitness.eu\\\/wp-content\\\/uploads\\\/2023\\\/05\\\/Evolve-logo.svg\",\"width\":176,\"height\":20,\"caption\":\"Evolve\"},\"image\":{\"@id\":\"https:\\\/\\\/evolve-fitness.eu\\\/da\\\/#\\\/schema\\\/logo\\\/image\\\/\"},\"sameAs\":[\"https:\\\/\\\/www.facebook.com\\\/EvolveFitnessEurope\"]}]}<\/script>\n<!-- \/ Yoast SEO plugin. -->","yoast_head_json":{"title":"Evolve Prime Series pladebelastet line\u00e6r r\u00e6kke - Evolve","description":"Evolve Prime Series Plate Loaded Linear Row er designet til at m\u00e5lrette lats, traps og rhomboids med en j\u00e6vn og kontrolleret robev\u00e6gelse.","robots":{"index":"index","follow":"follow","max-snippet":"max-snippet:-1","max-image-preview":"max-image-preview:large","max-video-preview":"max-video-preview:-1"},"canonical":"https:\/\/evolve-fitness.eu\/da\/vare\/evolve-prime-series-pladebelastet-lineaer-raekke\/","og_locale":"da_DK","og_type":"article","og_title":"Evolve Prime Series pladebelastet line\u00e6r r\u00e6kke - Evolve","og_description":"Evolve Prime Series Plate Loaded Linear Row er designet til at m\u00e5lrette lats, traps og rhomboids med en j\u00e6vn og kontrolleret robev\u00e6gelse.","og_url":"https:\/\/evolve-fitness.eu\/da\/vare\/evolve-prime-series-pladebelastet-lineaer-raekke\/","og_site_name":"Evolve","article_publisher":"https:\/\/www.facebook.com\/EvolveFitnessEurope","article_modified_time":"2026-04-23T06:20:28+00:00","og_image":[{"width":3000,"height":3000,"url":"https:\/\/evolve-fitness.eu\/wp-content\/uploads\/2025\/03\/EV-PL-PR-119-Evolve-Prime-Series-Plate-Loaded-Linear-Row-Recovered.png","type":"image\/png"}],"twitter_card":"summary_large_image","schema":{"@context":"https:\/\/schema.org","@graph":[{"@type":"WebPage","@id":"https:\/\/evolve-fitness.eu\/da\/vare\/evolve-prime-series-pladebelastet-lineaer-raekke\/","url":"https:\/\/evolve-fitness.eu\/da\/vare\/evolve-prime-series-pladebelastet-lineaer-raekke\/","name":"Evolve Prime Series pladebelastet line\u00e6r r\u00e6kke - Evolve","isPartOf":{"@id":"https:\/\/evolve-fitness.eu\/da\/#website"},"primaryImageOfPage":{"@id":"https:\/\/evolve-fitness.eu\/da\/vare\/evolve-prime-series-pladebelastet-lineaer-raekke\/#primaryimage"},"image":{"@id":"https:\/\/evolve-fitness.eu\/da\/vare\/evolve-prime-series-pladebelastet-lineaer-raekke\/#primaryimage"},"thumbnailUrl":"https:\/\/evolve-fitness.eu\/wp-content\/uploads\/2025\/03\/EV-PL-PR-119-Evolve-Prime-Series-Plate-Loaded-Linear-Row-Recovered.png","datePublished":"2025-03-21T09:37:07+00:00","dateModified":"2026-04-23T06:20:28+00:00","description":"Evolve Prime Series Plate Loaded Linear Row er designet til at m\u00e5lrette lats, traps og rhomboids med en j\u00e6vn og kontrolleret robev\u00e6gelse.","breadcrumb":{"@id":"https:\/\/evolve-fitness.eu\/da\/vare\/evolve-prime-series-pladebelastet-lineaer-raekke\/#breadcrumb"},"inLanguage":"da-DK","potentialAction":[{"@type":"ReadAction","target":["https:\/\/evolve-fitness.eu\/da\/vare\/evolve-prime-series-pladebelastet-lineaer-raekke\/"]}]},{"@type":"ImageObject","inLanguage":"da-DK","@id":"https:\/\/evolve-fitness.eu\/da\/vare\/evolve-prime-series-pladebelastet-lineaer-raekke\/#primaryimage","url":"https:\/\/evolve-fitness.eu\/wp-content\/uploads\/2025\/03\/EV-PL-PR-119-Evolve-Prime-Series-Plate-Loaded-Linear-Row-Recovered.png","contentUrl":"https:\/\/evolve-fitness.eu\/wp-content\/uploads\/2025\/03\/EV-PL-PR-119-Evolve-Prime-Series-Plate-Loaded-Linear-Row-Recovered.png","width":3000,"height":3000},{"@type":"BreadcrumbList","@id":"https:\/\/evolve-fitness.eu\/da\/vare\/evolve-prime-series-pladebelastet-lineaer-raekke\/#breadcrumb","itemListElement":[{"@type":"ListItem","position":1,"name":"Home","item":"https:\/\/evolve-fitness.eu\/da\/"},{"@type":"ListItem","position":2,"name":"Produkter","item":"https:\/\/evolve-fitness.eu\/da\/shop\/"},{"@type":"ListItem","position":3,"name":"Evolve Prime Series pladebelastet line\u00e6r r\u00e6kke"}]},{"@type":"WebSite","@id":"https:\/\/evolve-fitness.eu\/da\/#website","url":"https:\/\/evolve-fitness.eu\/da\/","name":"Evolve","description":"Your Evolved Gear Arrived","publisher":{"@id":"https:\/\/evolve-fitness.eu\/da\/#organization"},"potentialAction":[{"@type":"SearchAction","target":{"@type":"EntryPoint","urlTemplate":"https:\/\/evolve-fitness.eu\/da\/?s={search_term_string}"},"query-input":{"@type":"PropertyValueSpecification","valueRequired":true,"valueName":"search_term_string"}}],"inLanguage":"da-DK"},{"@type":"Organization","@id":"https:\/\/evolve-fitness.eu\/da\/#organization","name":"Evolve","url":"https:\/\/evolve-fitness.eu\/da\/","logo":{"@type":"ImageObject","inLanguage":"da-DK","@id":"https:\/\/evolve-fitness.eu\/da\/#\/schema\/logo\/image\/","url":"https:\/\/evolve-fitness.eu\/wp-content\/uploads\/2023\/05\/Evolve-logo.svg","contentUrl":"https:\/\/evolve-fitness.eu\/wp-content\/uploads\/2023\/05\/Evolve-logo.svg","width":176,"height":20,"caption":"Evolve"},"image":{"@id":"https:\/\/evolve-fitness.eu\/da\/#\/schema\/logo\/image\/"},"sameAs":["https:\/\/www.facebook.com\/EvolveFitnessEurope"]}]}},"_links":{"self":[{"href":"https:\/\/evolve-fitness.eu\/da\/wp-json\/wp\/v2\/product\/236507","targetHints":{"allow":["GET"]}}],"collection":[{"href":"https:\/\/evolve-fitness.eu\/da\/wp-json\/wp\/v2\/product"}],"about":[{"href":"https:\/\/evolve-fitness.eu\/da\/wp-json\/wp\/v2\/types\/product"}],"wp:featuredmedia":[{"embeddable":true,"href":"https:\/\/evolve-fitness.eu\/da\/wp-json\/wp\/v2\/media\/187845"}],"wp:attachment":[{"href":"https:\/\/evolve-fitness.eu\/da\/wp-json\/wp\/v2\/media?parent=236507"}],"wp:term":[{"taxonomy":"product_brand","embeddable":true,"href":"https:\/\/evolve-fitness.eu\/da\/wp-json\/wp\/v2\/product_brand?post=236507"},{"taxonomy":"product_cat","embeddable":true,"href":"https:\/\/evolve-fitness.eu\/da\/wp-json\/wp\/v2\/product_cat?post=236507"},{"taxonomy":"product_tag","embeddable":true,"href":"https:\/\/evolve-fitness.eu\/da\/wp-json\/wp\/v2\/product_tag?post=236507"}],"curies":[{"name":"wp","href":"https:\/\/api.w.org\/{rel}","templated":true}]}}