{"id":236532,"date":"2025-03-21T12:40:27","date_gmt":"2025-03-21T10:40:27","guid":{"rendered":"https:\/\/evolve-fitness.eu\/product\/evolve-prime-series-pladebelastet-trapezius-maskine-pr-022\/"},"modified":"2026-04-23T09:21:54","modified_gmt":"2026-04-23T06:21:54","slug":"evolve-prime-series-pladebelastet-trapezius-maskine-pr-022","status":"publish","type":"product","link":"https:\/\/evolve-fitness.eu\/da\/vare\/evolve-prime-series-pladebelastet-trapezius-maskine-pr-022\/","title":{"rendered":"Evolve Prime Series pladebelastet trapezius-maskine (PR-022)"},"content":{"rendered":"\n<section class=\"wp-block-group alignfull has-lightgray-background-color has-background is-layout-constrained wp-block-group-is-layout-constrained\">\n<div class=\"wp-block-columns alignwide is-layout-flex wp-container-core-columns-is-layout-2edb0647 wp-block-columns-is-layout-flex\" style=\"margin-top:0;margin-bottom:0\">\n<div class=\"wp-block-column is-layout-flow wp-block-column-is-layout-flow\" style=\"flex-basis:33.33%\"><\/div>\n\n\n\n<div class=\"wp-block-column is-layout-flow wp-block-column-is-layout-flow\" style=\"flex-basis:66.66%\"><\/div>\n<\/div>\n<\/section>\n\n<section class=\"wp-block-group alignfull black-content has-white-color has-darkgray-background-color has-text-color has-background is-layout-constrained wp-block-group-is-layout-constrained\" style=\"padding-top:var(--wp--preset--spacing--section-bottom);padding-bottom:var(--wp--preset--spacing--section-bottom)\">\n<h3 class=\"wp-block-heading has-text-align-center\"><strong><strong>EVOLVE PLADEBELASTET PRIME-SERIE<\/strong><\/strong><\/h3>\n\n\n\n<p>Med Evolve Plate Loaded Prime Series er ekspertise standarden. L\u00f8ft din styrketr\u00e6ning med maskiner, der er designet til komfort, holdbarhed og ydeevne. Udforsk hele serien i dag, og omdefiner din fitnessrejse.  <\/p>\n\n\n\n<section class=\"wp-block-group alignfull black-content has-white-color has-darkgray-background-color has-text-color has-background is-layout-constrained wp-block-group-is-layout-constrained\" style=\"padding-top:var(--wp--preset--spacing--section-bottom);padding-bottom:var(--wp--preset--spacing--section-bottom)\">\n<div class=\"wp-block-columns alignwide mobile-reverse is-layout-flex wp-container-core-columns-is-layout-ca64bf2d wp-block-columns-is-layout-flex\" style=\"margin-bottom:var(--wp--preset--spacing--side-padding)\">\n<div class=\"wp-block-column is-vertically-aligned-center is-layout-flow wp-block-column-is-layout-flow\">\n<h3 class=\"wp-block-heading\" style=\"margin-bottom:var(--wp--preset--spacing--h-3-bottom)\"><strong><strong><strong>M\u00e5lrettet tr\u00e6ning af overkroppen<\/strong><\/strong><\/strong><\/h3>\n\n\n\n<p><strong><em><strong>Fokuseret muskelindsats<\/strong><\/em><\/strong><\/p>\n\n\n\n<p style=\"margin-bottom:var(--wp--preset--spacing--tb-section-padding)\">Evolve Prime Series Plate Loaded Trapezius Machine tr\u00e6ner effektivt trapezius- og \u00f8vre rygmuskler. Det brugervenlige justeringssystem og de farvestr\u00e5lende gule komponenter g\u00f8r det nemt at s\u00e6tte maskinen op og skifte \u00f8velser, hvilket giver en alsidig tr\u00e6ningsoplevelse. <\/p>\n\n\n\n<h3 class=\"wp-block-heading\" style=\"margin-bottom:var(--wp--preset--spacing--h-3-bottom)\"><strong><strong><strong><strong><strong>Funktioner af h\u00f8j kvalitet<\/strong><\/strong><\/strong><\/strong><\/strong><\/h3>\n\n\n\n<p><strong><em>Holdbarhed og pladsbesparelse<\/em><\/strong><\/p>\n\n\n\n<p>Denne maskine er fremstillet af kraftigt stof i h\u00f8j kvalitet og hardware i rustfrit st\u00e5l og garanterer langvarig brug. Den elektrostatiske spr\u00f8jteteknologi med termoh\u00e6rdende pulver sikrer en holdbar finish, der bevarer udstyrets udseende.  Integrerede pinde til opbevaring af v\u00e6gtskiver \u00f8ger pladseffektiviteten og holder dit tr\u00e6ningsomr\u00e5de organiseret.<\/p>\n<\/div>\n\n\n\n<div class=\"wp-block-column is-vertically-aligned-center is-layout-flow wp-block-column-is-layout-flow\">\n<figure class=\"wp-block-image size-large is-resized is-style-rounded\"><img loading=\"lazy\" decoding=\"async\" width=\"1024\" height=\"1024\" src=\"https:\/\/evolve-fitness.eu\/wp-content\/uploads\/2025\/03\/EV-PL-PR-022-Evolve-Prime-Series-Plate-Loaded-Iso-Lateral-Squat-Lunge-Recovered-1024x1024.png\" alt=\"\" class=\"wp-image-187994\" style=\"width:643px;height:706px\" srcset=\"https:\/\/evolve-fitness.eu\/wp-content\/uploads\/2025\/03\/EV-PL-PR-022-Evolve-Prime-Series-Plate-Loaded-Iso-Lateral-Squat-Lunge-Recovered-1024x1024.png 1024w, https:\/\/evolve-fitness.eu\/wp-content\/uploads\/2025\/03\/EV-PL-PR-022-Evolve-Prime-Series-Plate-Loaded-Iso-Lateral-Squat-Lunge-Recovered-300x300.png 300w, https:\/\/evolve-fitness.eu\/wp-content\/uploads\/2025\/03\/EV-PL-PR-022-Evolve-Prime-Series-Plate-Loaded-Iso-Lateral-Squat-Lunge-Recovered-150x150.png 150w, https:\/\/evolve-fitness.eu\/wp-content\/uploads\/2025\/03\/EV-PL-PR-022-Evolve-Prime-Series-Plate-Loaded-Iso-Lateral-Squat-Lunge-Recovered-768x768.png 768w, https:\/\/evolve-fitness.eu\/wp-content\/uploads\/2025\/03\/EV-PL-PR-022-Evolve-Prime-Series-Plate-Loaded-Iso-Lateral-Squat-Lunge-Recovered-1536x1536.png 1536w, https:\/\/evolve-fitness.eu\/wp-content\/uploads\/2025\/03\/EV-PL-PR-022-Evolve-Prime-Series-Plate-Loaded-Iso-Lateral-Squat-Lunge-Recovered-2048x2048.png 2048w, https:\/\/evolve-fitness.eu\/wp-content\/uploads\/2025\/03\/EV-PL-PR-022-Evolve-Prime-Series-Plate-Loaded-Iso-Lateral-Squat-Lunge-Recovered-600x600.png 600w\" sizes=\"auto, (max-width: 1024px) 100vw, 1024px\" \/><\/figure>\n<\/div>\n<\/div>\n<\/section>\n<\/section>\n","protected":false},"excerpt":{"rendered":"<p>Evolve Prime Series Plate Loaded Trapezius Machine er designet til at m\u00e5lrette og styrke trapezius-musklerne med en kontrolleret og effektiv bev\u00e6gelse. Med justerbare indstillinger, ergonomisk polstring og et pladebelastet modstandssystem sikrer denne maskine optimal muskelaktivering, samtidig med at den giver komfort og stabilitet. Den er ideel til at udvikle den \u00f8vre del af ryggen og forbedre kropsholdningen, og den underst\u00f8tter progressiv overbelastning, hvilket g\u00f8r den velegnet til alle fitnessniveauer. Perfekt til at forbedre den generelle styrke og definition af ryggen.   <\/p>\n","protected":false},"featured_media":187998,"template":"","meta":{"_acf_changed":false,"inline_featured_image":false},"product_brand":[],"product_cat":[2919,5437],"product_tag":[],"class_list":{"0":"post-236532","1":"product","2":"type-product","3":"status-publish","4":"has-post-thumbnail","6":"product_cat-pladebelastede-maskiner","7":"product_cat-prime-series-pladelaesset","9":"first","10":"instock","11":"shipping-taxable","12":"purchasable","13":"product-type-simple"},"acf":{"long_title":"Evolve Prime Series pladebelastet trapezius-maskine (PR-022)","subtitle":"","specifications":[{"label":"VARENUMMER","text_value":"EV-PL-PR-022","icon":"x"},{"label":"Dimensioner","text_value":"1745 x 1655 x 1065 mm","icon":"x"},{"label":"V\u00e6gt","text_value":"92 kg","icon":"x"},{"label":"Maks. brugerv\u00e6gt","text_value":"180 kg","icon":"x"},{"label":"Opbevaring af v\u00e6gtskiver","text_value":"","icon":"v"},{"label":"Holdbare gulvbeskyttere","text_value":"","icon":"v"},{"label":"Metalramme uden skarpe kanter","text_value":"","icon":"v"},{"label":"Anti-korrosionsmaling","text_value":"","icon":"v"},{"label":"Skridsikre h\u00e5ndtag","text_value":"","icon":"v"},{"label":"Tyk polstring","text_value":"","icon":"x"},{"label":"Garanti","text_value":"2 \u00e5r","icon":"x"}],"product_frequently_asked_questions":null},"yoast_head":"<!-- This site is optimized with the Yoast SEO plugin v27.4 - https:\/\/yoast.com\/product\/yoast-seo-wordpress\/ -->\n<title>Evolve Prime Series pladebelastet trapezius-maskine (PR-022) - Evolve<\/title>\n<meta name=\"description\" content=\"Evolve Prime Series Plate Loaded Trapezius Machine er designet til at m\u00e5lrette og styrke trapeziusmusklerne med en kontrolleret og effektiv bev\u00e6gelse.\" \/>\n<meta name=\"robots\" content=\"index, follow, max-snippet:-1, max-image-preview:large, max-video-preview:-1\" \/>\n<link rel=\"canonical\" href=\"https:\/\/evolve-fitness.eu\/da\/vare\/evolve-prime-series-pladebelastet-trapezius-maskine-pr-022\/\" \/>\n<meta property=\"og:locale\" content=\"da_DK\" \/>\n<meta property=\"og:type\" content=\"article\" \/>\n<meta property=\"og:title\" content=\"Evolve Prime Series pladebelastet trapezius-maskine (PR-022) - Evolve\" \/>\n<meta property=\"og:description\" content=\"Evolve Prime Series Plate Loaded Trapezius Machine er designet til at m\u00e5lrette og styrke trapeziusmusklerne med en kontrolleret og effektiv bev\u00e6gelse.\" \/>\n<meta property=\"og:url\" content=\"https:\/\/evolve-fitness.eu\/da\/vare\/evolve-prime-series-pladebelastet-trapezius-maskine-pr-022\/\" \/>\n<meta property=\"og:site_name\" content=\"Evolve\" \/>\n<meta property=\"article:publisher\" content=\"https:\/\/www.facebook.com\/EvolveFitnessEurope\" \/>\n<meta property=\"article:modified_time\" content=\"2026-04-23T06:21:54+00:00\" \/>\n<meta property=\"og:image\" content=\"https:\/\/evolve-fitness.eu\/wp-content\/uploads\/2025\/03\/EV-PL-PR-022-Evolve-Prime-Series-Plate-Loaded-Iso-Lateral-Squat-Lunge-Recovered.png\" \/>\n\t<meta property=\"og:image:width\" content=\"3000\" \/>\n\t<meta property=\"og:image:height\" content=\"3000\" \/>\n\t<meta property=\"og:image:type\" content=\"image\/png\" \/>\n<meta name=\"twitter:card\" content=\"summary_large_image\" \/>\n<script type=\"application\/ld+json\" class=\"yoast-schema-graph\">{\"@context\":\"https:\\\/\\\/schema.org\",\"@graph\":[{\"@type\":\"WebPage\",\"@id\":\"https:\\\/\\\/evolve-fitness.eu\\\/da\\\/vare\\\/evolve-prime-series-pladebelastet-trapezius-maskine-pr-022\\\/\",\"url\":\"https:\\\/\\\/evolve-fitness.eu\\\/da\\\/vare\\\/evolve-prime-series-pladebelastet-trapezius-maskine-pr-022\\\/\",\"name\":\"Evolve Prime Series pladebelastet trapezius-maskine (PR-022) - Evolve\",\"isPartOf\":{\"@id\":\"https:\\\/\\\/evolve-fitness.eu\\\/da\\\/#website\"},\"primaryImageOfPage\":{\"@id\":\"https:\\\/\\\/evolve-fitness.eu\\\/da\\\/vare\\\/evolve-prime-series-pladebelastet-trapezius-maskine-pr-022\\\/#primaryimage\"},\"image\":{\"@id\":\"https:\\\/\\\/evolve-fitness.eu\\\/da\\\/vare\\\/evolve-prime-series-pladebelastet-trapezius-maskine-pr-022\\\/#primaryimage\"},\"thumbnailUrl\":\"https:\\\/\\\/evolve-fitness.eu\\\/wp-content\\\/uploads\\\/2025\\\/03\\\/EV-PL-PR-022-Evolve-Prime-Series-Plate-Loaded-Iso-Lateral-Squat-Lunge-Recovered.png\",\"datePublished\":\"2025-03-21T10:40:27+00:00\",\"dateModified\":\"2026-04-23T06:21:54+00:00\",\"description\":\"Evolve Prime Series Plate Loaded Trapezius Machine er designet til at m\u00e5lrette og styrke trapeziusmusklerne med en kontrolleret og effektiv bev\u00e6gelse.\",\"breadcrumb\":{\"@id\":\"https:\\\/\\\/evolve-fitness.eu\\\/da\\\/vare\\\/evolve-prime-series-pladebelastet-trapezius-maskine-pr-022\\\/#breadcrumb\"},\"inLanguage\":\"da-DK\",\"potentialAction\":[{\"@type\":\"ReadAction\",\"target\":[\"https:\\\/\\\/evolve-fitness.eu\\\/da\\\/vare\\\/evolve-prime-series-pladebelastet-trapezius-maskine-pr-022\\\/\"]}]},{\"@type\":\"ImageObject\",\"inLanguage\":\"da-DK\",\"@id\":\"https:\\\/\\\/evolve-fitness.eu\\\/da\\\/vare\\\/evolve-prime-series-pladebelastet-trapezius-maskine-pr-022\\\/#primaryimage\",\"url\":\"https:\\\/\\\/evolve-fitness.eu\\\/wp-content\\\/uploads\\\/2025\\\/03\\\/EV-PL-PR-022-Evolve-Prime-Series-Plate-Loaded-Iso-Lateral-Squat-Lunge-Recovered.png\",\"contentUrl\":\"https:\\\/\\\/evolve-fitness.eu\\\/wp-content\\\/uploads\\\/2025\\\/03\\\/EV-PL-PR-022-Evolve-Prime-Series-Plate-Loaded-Iso-Lateral-Squat-Lunge-Recovered.png\",\"width\":3000,\"height\":3000},{\"@type\":\"BreadcrumbList\",\"@id\":\"https:\\\/\\\/evolve-fitness.eu\\\/da\\\/vare\\\/evolve-prime-series-pladebelastet-trapezius-maskine-pr-022\\\/#breadcrumb\",\"itemListElement\":[{\"@type\":\"ListItem\",\"position\":1,\"name\":\"Home\",\"item\":\"https:\\\/\\\/evolve-fitness.eu\\\/da\\\/\"},{\"@type\":\"ListItem\",\"position\":2,\"name\":\"Produkter\",\"item\":\"https:\\\/\\\/evolve-fitness.eu\\\/da\\\/shop\\\/\"},{\"@type\":\"ListItem\",\"position\":3,\"name\":\"Evolve Prime Series pladebelastet trapezius-maskine (PR-022)\"}]},{\"@type\":\"WebSite\",\"@id\":\"https:\\\/\\\/evolve-fitness.eu\\\/da\\\/#website\",\"url\":\"https:\\\/\\\/evolve-fitness.eu\\\/da\\\/\",\"name\":\"Evolve\",\"description\":\"Your Evolved Gear Arrived\",\"publisher\":{\"@id\":\"https:\\\/\\\/evolve-fitness.eu\\\/da\\\/#organization\"},\"potentialAction\":[{\"@type\":\"SearchAction\",\"target\":{\"@type\":\"EntryPoint\",\"urlTemplate\":\"https:\\\/\\\/evolve-fitness.eu\\\/da\\\/?s={search_term_string}\"},\"query-input\":{\"@type\":\"PropertyValueSpecification\",\"valueRequired\":true,\"valueName\":\"search_term_string\"}}],\"inLanguage\":\"da-DK\"},{\"@type\":\"Organization\",\"@id\":\"https:\\\/\\\/evolve-fitness.eu\\\/da\\\/#organization\",\"name\":\"Evolve\",\"url\":\"https:\\\/\\\/evolve-fitness.eu\\\/da\\\/\",\"logo\":{\"@type\":\"ImageObject\",\"inLanguage\":\"da-DK\",\"@id\":\"https:\\\/\\\/evolve-fitness.eu\\\/da\\\/#\\\/schema\\\/logo\\\/image\\\/\",\"url\":\"https:\\\/\\\/evolve-fitness.eu\\\/wp-content\\\/uploads\\\/2023\\\/05\\\/Evolve-logo.svg\",\"contentUrl\":\"https:\\\/\\\/evolve-fitness.eu\\\/wp-content\\\/uploads\\\/2023\\\/05\\\/Evolve-logo.svg\",\"width\":176,\"height\":20,\"caption\":\"Evolve\"},\"image\":{\"@id\":\"https:\\\/\\\/evolve-fitness.eu\\\/da\\\/#\\\/schema\\\/logo\\\/image\\\/\"},\"sameAs\":[\"https:\\\/\\\/www.facebook.com\\\/EvolveFitnessEurope\"]}]}<\/script>\n<!-- \/ Yoast SEO plugin. -->","yoast_head_json":{"title":"Evolve Prime Series pladebelastet trapezius-maskine (PR-022) - Evolve","description":"Evolve Prime Series Plate Loaded Trapezius Machine er designet til at m\u00e5lrette og styrke trapeziusmusklerne med en kontrolleret og effektiv bev\u00e6gelse.","robots":{"index":"index","follow":"follow","max-snippet":"max-snippet:-1","max-image-preview":"max-image-preview:large","max-video-preview":"max-video-preview:-1"},"canonical":"https:\/\/evolve-fitness.eu\/da\/vare\/evolve-prime-series-pladebelastet-trapezius-maskine-pr-022\/","og_locale":"da_DK","og_type":"article","og_title":"Evolve Prime Series pladebelastet trapezius-maskine (PR-022) - Evolve","og_description":"Evolve Prime Series Plate Loaded Trapezius Machine er designet til at m\u00e5lrette og styrke trapeziusmusklerne med en kontrolleret og effektiv bev\u00e6gelse.","og_url":"https:\/\/evolve-fitness.eu\/da\/vare\/evolve-prime-series-pladebelastet-trapezius-maskine-pr-022\/","og_site_name":"Evolve","article_publisher":"https:\/\/www.facebook.com\/EvolveFitnessEurope","article_modified_time":"2026-04-23T06:21:54+00:00","og_image":[{"width":3000,"height":3000,"url":"https:\/\/evolve-fitness.eu\/wp-content\/uploads\/2025\/03\/EV-PL-PR-022-Evolve-Prime-Series-Plate-Loaded-Iso-Lateral-Squat-Lunge-Recovered.png","type":"image\/png"}],"twitter_card":"summary_large_image","schema":{"@context":"https:\/\/schema.org","@graph":[{"@type":"WebPage","@id":"https:\/\/evolve-fitness.eu\/da\/vare\/evolve-prime-series-pladebelastet-trapezius-maskine-pr-022\/","url":"https:\/\/evolve-fitness.eu\/da\/vare\/evolve-prime-series-pladebelastet-trapezius-maskine-pr-022\/","name":"Evolve Prime Series pladebelastet trapezius-maskine (PR-022) - Evolve","isPartOf":{"@id":"https:\/\/evolve-fitness.eu\/da\/#website"},"primaryImageOfPage":{"@id":"https:\/\/evolve-fitness.eu\/da\/vare\/evolve-prime-series-pladebelastet-trapezius-maskine-pr-022\/#primaryimage"},"image":{"@id":"https:\/\/evolve-fitness.eu\/da\/vare\/evolve-prime-series-pladebelastet-trapezius-maskine-pr-022\/#primaryimage"},"thumbnailUrl":"https:\/\/evolve-fitness.eu\/wp-content\/uploads\/2025\/03\/EV-PL-PR-022-Evolve-Prime-Series-Plate-Loaded-Iso-Lateral-Squat-Lunge-Recovered.png","datePublished":"2025-03-21T10:40:27+00:00","dateModified":"2026-04-23T06:21:54+00:00","description":"Evolve Prime Series Plate Loaded Trapezius Machine er designet til at m\u00e5lrette og styrke trapeziusmusklerne med en kontrolleret og effektiv bev\u00e6gelse.","breadcrumb":{"@id":"https:\/\/evolve-fitness.eu\/da\/vare\/evolve-prime-series-pladebelastet-trapezius-maskine-pr-022\/#breadcrumb"},"inLanguage":"da-DK","potentialAction":[{"@type":"ReadAction","target":["https:\/\/evolve-fitness.eu\/da\/vare\/evolve-prime-series-pladebelastet-trapezius-maskine-pr-022\/"]}]},{"@type":"ImageObject","inLanguage":"da-DK","@id":"https:\/\/evolve-fitness.eu\/da\/vare\/evolve-prime-series-pladebelastet-trapezius-maskine-pr-022\/#primaryimage","url":"https:\/\/evolve-fitness.eu\/wp-content\/uploads\/2025\/03\/EV-PL-PR-022-Evolve-Prime-Series-Plate-Loaded-Iso-Lateral-Squat-Lunge-Recovered.png","contentUrl":"https:\/\/evolve-fitness.eu\/wp-content\/uploads\/2025\/03\/EV-PL-PR-022-Evolve-Prime-Series-Plate-Loaded-Iso-Lateral-Squat-Lunge-Recovered.png","width":3000,"height":3000},{"@type":"BreadcrumbList","@id":"https:\/\/evolve-fitness.eu\/da\/vare\/evolve-prime-series-pladebelastet-trapezius-maskine-pr-022\/#breadcrumb","itemListElement":[{"@type":"ListItem","position":1,"name":"Home","item":"https:\/\/evolve-fitness.eu\/da\/"},{"@type":"ListItem","position":2,"name":"Produkter","item":"https:\/\/evolve-fitness.eu\/da\/shop\/"},{"@type":"ListItem","position":3,"name":"Evolve Prime Series pladebelastet trapezius-maskine (PR-022)"}]},{"@type":"WebSite","@id":"https:\/\/evolve-fitness.eu\/da\/#website","url":"https:\/\/evolve-fitness.eu\/da\/","name":"Evolve","description":"Your Evolved Gear Arrived","publisher":{"@id":"https:\/\/evolve-fitness.eu\/da\/#organization"},"potentialAction":[{"@type":"SearchAction","target":{"@type":"EntryPoint","urlTemplate":"https:\/\/evolve-fitness.eu\/da\/?s={search_term_string}"},"query-input":{"@type":"PropertyValueSpecification","valueRequired":true,"valueName":"search_term_string"}}],"inLanguage":"da-DK"},{"@type":"Organization","@id":"https:\/\/evolve-fitness.eu\/da\/#organization","name":"Evolve","url":"https:\/\/evolve-fitness.eu\/da\/","logo":{"@type":"ImageObject","inLanguage":"da-DK","@id":"https:\/\/evolve-fitness.eu\/da\/#\/schema\/logo\/image\/","url":"https:\/\/evolve-fitness.eu\/wp-content\/uploads\/2023\/05\/Evolve-logo.svg","contentUrl":"https:\/\/evolve-fitness.eu\/wp-content\/uploads\/2023\/05\/Evolve-logo.svg","width":176,"height":20,"caption":"Evolve"},"image":{"@id":"https:\/\/evolve-fitness.eu\/da\/#\/schema\/logo\/image\/"},"sameAs":["https:\/\/www.facebook.com\/EvolveFitnessEurope"]}]}},"_links":{"self":[{"href":"https:\/\/evolve-fitness.eu\/da\/wp-json\/wp\/v2\/product\/236532","targetHints":{"allow":["GET"]}}],"collection":[{"href":"https:\/\/evolve-fitness.eu\/da\/wp-json\/wp\/v2\/product"}],"about":[{"href":"https:\/\/evolve-fitness.eu\/da\/wp-json\/wp\/v2\/types\/product"}],"wp:featuredmedia":[{"embeddable":true,"href":"https:\/\/evolve-fitness.eu\/da\/wp-json\/wp\/v2\/media\/187998"}],"wp:attachment":[{"href":"https:\/\/evolve-fitness.eu\/da\/wp-json\/wp\/v2\/media?parent=236532"}],"wp:term":[{"taxonomy":"product_brand","embeddable":true,"href":"https:\/\/evolve-fitness.eu\/da\/wp-json\/wp\/v2\/product_brand?post=236532"},{"taxonomy":"product_cat","embeddable":true,"href":"https:\/\/evolve-fitness.eu\/da\/wp-json\/wp\/v2\/product_cat?post=236532"},{"taxonomy":"product_tag","embeddable":true,"href":"https:\/\/evolve-fitness.eu\/da\/wp-json\/wp\/v2\/product_tag?post=236532"}],"curies":[{"name":"wp","href":"https:\/\/api.w.org\/{rel}","templated":true}]}}