{"id":236720,"date":"2025-10-13T07:53:31","date_gmt":"2025-10-13T07:53:31","guid":{"rendered":"https:\/\/evolve-fitness.eu\/product\/evolve-bundplade-110-cm-bp-110\/"},"modified":"2025-10-13T07:53:31","modified_gmt":"2025-10-13T04:53:31","slug":"evolve-bundplade-110-cm-bp-110","status":"publish","type":"product","link":"https:\/\/evolve-fitness.eu\/da\/vare\/evolve-bundplade-110-cm-bp-110\/","title":{"rendered":"Evolve bundplade &#8211; 110 cm (BP-110)"},"content":{"rendered":"","protected":false},"excerpt":{"rendered":"<p>Evolve Base Plate &#8211; 110 cm er et kraftigt strukturelt fundament, der er designet til at give maksimal stabilitet og justering, n\u00e5r du forbinder to stolper med en 110 cm pull-up bar eller multifunktionel bj\u00e6lke. Den er fremstillet af h\u00f8jkvalitetsst\u00e5l og sikrer en solid og sikker forbindelse, der forbedrer tr\u00e6ningsstrukturens overordnede stivhed og sikkerhed. Bundpladen minimerer rammens bev\u00e6gelse under dynamiske \u00f8velser som pull-ups, muscle-ups eller suspensionstr\u00e6ning. Evolve Base Plate &#8211; 110 cm er konstrueret til modul\u00e6re konfigurationer og leverer enest\u00e5ende holdbarhed og p\u00e5lidelighed, hvilket g\u00f8r den til en vigtig komponent i professionelle tr\u00e6ningscentre og pr\u00e6stationstr\u00e6ningssystemer.   <\/p>\n<p>\n","protected":false},"featured_media":236721,"template":"","meta":{"_acf_changed":false,"inline_featured_image":false},"product_brand":[],"product_cat":[2964,4867],"product_tag":[],"class_list":{"0":"post-236720","1":"product","2":"type-product","3":"status-publish","4":"has-post-thumbnail","6":"product_cat-komponenter-til-riggen","7":"product_cat-vigtigste-dele","9":"first","10":"instock","11":"shipping-taxable","12":"purchasable","13":"product-type-simple"},"acf":{"long_title":"Evolve bundplade - 110 cm (BP-110)","subtitle":"","specifications":[{"label":"VARENUMMER","text_value":"EV-AT-BP-110","icon":"x"},{"label":"Garanti","text_value":"2 \u00e5r","icon":"x"}],"product_frequently_asked_questions":null},"yoast_head":"<!-- This site is optimized with the Yoast SEO plugin v27.4 - https:\/\/yoast.com\/product\/yoast-seo-wordpress\/ -->\n<title>Evolve bundplade - 110 cm (BP-110) - Evolve<\/title>\n<meta name=\"description\" content=\"Evolve Base Plate - 110 cm er et kraftigt strukturelt fundament, der er designet til at give maksimal stabilitet og justering, n\u00e5r to stolper forbindes.\" \/>\n<meta name=\"robots\" content=\"index, follow, max-snippet:-1, max-image-preview:large, max-video-preview:-1\" \/>\n<link rel=\"canonical\" href=\"https:\/\/evolve-fitness.eu\/da\/vare\/evolve-bundplade-110-cm-bp-110\/\" \/>\n<meta property=\"og:locale\" content=\"da_DK\" \/>\n<meta property=\"og:type\" content=\"article\" \/>\n<meta property=\"og:title\" content=\"Evolve bundplade - 110 cm (BP-110) - Evolve\" \/>\n<meta property=\"og:description\" content=\"Evolve Base Plate - 110 cm er et kraftigt strukturelt fundament, der er designet til at give maksimal stabilitet og justering, n\u00e5r to stolper forbindes.\" \/>\n<meta property=\"og:url\" content=\"https:\/\/evolve-fitness.eu\/da\/vare\/evolve-bundplade-110-cm-bp-110\/\" \/>\n<meta property=\"og:site_name\" content=\"Evolve\" \/>\n<meta property=\"article:publisher\" content=\"https:\/\/www.facebook.com\/EvolveFitnessEurope\" \/>\n<meta property=\"og:image\" content=\"https:\/\/evolve-fitness.eu\/wp-content\/uploads\/2025\/10\/3-2.png\" \/>\n\t<meta property=\"og:image:width\" content=\"810\" \/>\n\t<meta property=\"og:image:height\" content=\"810\" \/>\n\t<meta property=\"og:image:type\" content=\"image\/png\" \/>\n<meta name=\"twitter:card\" content=\"summary_large_image\" \/>\n<script type=\"application\/ld+json\" class=\"yoast-schema-graph\">{\"@context\":\"https:\\\/\\\/schema.org\",\"@graph\":[{\"@type\":\"WebPage\",\"@id\":\"https:\\\/\\\/evolve-fitness.eu\\\/da\\\/vare\\\/evolve-bundplade-110-cm-bp-110\\\/\",\"url\":\"https:\\\/\\\/evolve-fitness.eu\\\/da\\\/vare\\\/evolve-bundplade-110-cm-bp-110\\\/\",\"name\":\"Evolve bundplade - 110 cm (BP-110) - Evolve\",\"isPartOf\":{\"@id\":\"https:\\\/\\\/evolve-fitness.eu\\\/da\\\/#website\"},\"primaryImageOfPage\":{\"@id\":\"https:\\\/\\\/evolve-fitness.eu\\\/da\\\/vare\\\/evolve-bundplade-110-cm-bp-110\\\/#primaryimage\"},\"image\":{\"@id\":\"https:\\\/\\\/evolve-fitness.eu\\\/da\\\/vare\\\/evolve-bundplade-110-cm-bp-110\\\/#primaryimage\"},\"thumbnailUrl\":\"https:\\\/\\\/evolve-fitness.eu\\\/wp-content\\\/uploads\\\/2025\\\/10\\\/3-2.png\",\"datePublished\":\"2025-10-13T07:53:31+00:00\",\"description\":\"Evolve Base Plate - 110 cm er et kraftigt strukturelt fundament, der er designet til at give maksimal stabilitet og justering, n\u00e5r to stolper forbindes.\",\"breadcrumb\":{\"@id\":\"https:\\\/\\\/evolve-fitness.eu\\\/da\\\/vare\\\/evolve-bundplade-110-cm-bp-110\\\/#breadcrumb\"},\"inLanguage\":\"da-DK\",\"potentialAction\":[{\"@type\":\"ReadAction\",\"target\":[\"https:\\\/\\\/evolve-fitness.eu\\\/da\\\/vare\\\/evolve-bundplade-110-cm-bp-110\\\/\"]}]},{\"@type\":\"ImageObject\",\"inLanguage\":\"da-DK\",\"@id\":\"https:\\\/\\\/evolve-fitness.eu\\\/da\\\/vare\\\/evolve-bundplade-110-cm-bp-110\\\/#primaryimage\",\"url\":\"https:\\\/\\\/evolve-fitness.eu\\\/wp-content\\\/uploads\\\/2025\\\/10\\\/3-2.png\",\"contentUrl\":\"https:\\\/\\\/evolve-fitness.eu\\\/wp-content\\\/uploads\\\/2025\\\/10\\\/3-2.png\",\"width\":810,\"height\":810},{\"@type\":\"BreadcrumbList\",\"@id\":\"https:\\\/\\\/evolve-fitness.eu\\\/da\\\/vare\\\/evolve-bundplade-110-cm-bp-110\\\/#breadcrumb\",\"itemListElement\":[{\"@type\":\"ListItem\",\"position\":1,\"name\":\"Home\",\"item\":\"https:\\\/\\\/evolve-fitness.eu\\\/da\\\/\"},{\"@type\":\"ListItem\",\"position\":2,\"name\":\"Produkter\",\"item\":\"https:\\\/\\\/evolve-fitness.eu\\\/da\\\/shop\\\/\"},{\"@type\":\"ListItem\",\"position\":3,\"name\":\"Evolve bundplade &#8211; 110 cm (BP-110)\"}]},{\"@type\":\"WebSite\",\"@id\":\"https:\\\/\\\/evolve-fitness.eu\\\/da\\\/#website\",\"url\":\"https:\\\/\\\/evolve-fitness.eu\\\/da\\\/\",\"name\":\"Evolve\",\"description\":\"Your Evolved Gear Arrived\",\"publisher\":{\"@id\":\"https:\\\/\\\/evolve-fitness.eu\\\/da\\\/#organization\"},\"potentialAction\":[{\"@type\":\"SearchAction\",\"target\":{\"@type\":\"EntryPoint\",\"urlTemplate\":\"https:\\\/\\\/evolve-fitness.eu\\\/da\\\/?s={search_term_string}\"},\"query-input\":{\"@type\":\"PropertyValueSpecification\",\"valueRequired\":true,\"valueName\":\"search_term_string\"}}],\"inLanguage\":\"da-DK\"},{\"@type\":\"Organization\",\"@id\":\"https:\\\/\\\/evolve-fitness.eu\\\/da\\\/#organization\",\"name\":\"Evolve\",\"url\":\"https:\\\/\\\/evolve-fitness.eu\\\/da\\\/\",\"logo\":{\"@type\":\"ImageObject\",\"inLanguage\":\"da-DK\",\"@id\":\"https:\\\/\\\/evolve-fitness.eu\\\/da\\\/#\\\/schema\\\/logo\\\/image\\\/\",\"url\":\"https:\\\/\\\/evolve-fitness.eu\\\/wp-content\\\/uploads\\\/2023\\\/05\\\/Evolve-logo.svg\",\"contentUrl\":\"https:\\\/\\\/evolve-fitness.eu\\\/wp-content\\\/uploads\\\/2023\\\/05\\\/Evolve-logo.svg\",\"width\":176,\"height\":20,\"caption\":\"Evolve\"},\"image\":{\"@id\":\"https:\\\/\\\/evolve-fitness.eu\\\/da\\\/#\\\/schema\\\/logo\\\/image\\\/\"},\"sameAs\":[\"https:\\\/\\\/www.facebook.com\\\/EvolveFitnessEurope\"]}]}<\/script>\n<!-- \/ Yoast SEO plugin. -->","yoast_head_json":{"title":"Evolve bundplade - 110 cm (BP-110) - Evolve","description":"Evolve Base Plate - 110 cm er et kraftigt strukturelt fundament, der er designet til at give maksimal stabilitet og justering, n\u00e5r to stolper forbindes.","robots":{"index":"index","follow":"follow","max-snippet":"max-snippet:-1","max-image-preview":"max-image-preview:large","max-video-preview":"max-video-preview:-1"},"canonical":"https:\/\/evolve-fitness.eu\/da\/vare\/evolve-bundplade-110-cm-bp-110\/","og_locale":"da_DK","og_type":"article","og_title":"Evolve bundplade - 110 cm (BP-110) - Evolve","og_description":"Evolve Base Plate - 110 cm er et kraftigt strukturelt fundament, der er designet til at give maksimal stabilitet og justering, n\u00e5r to stolper forbindes.","og_url":"https:\/\/evolve-fitness.eu\/da\/vare\/evolve-bundplade-110-cm-bp-110\/","og_site_name":"Evolve","article_publisher":"https:\/\/www.facebook.com\/EvolveFitnessEurope","og_image":[{"width":810,"height":810,"url":"https:\/\/evolve-fitness.eu\/wp-content\/uploads\/2025\/10\/3-2.png","type":"image\/png"}],"twitter_card":"summary_large_image","schema":{"@context":"https:\/\/schema.org","@graph":[{"@type":"WebPage","@id":"https:\/\/evolve-fitness.eu\/da\/vare\/evolve-bundplade-110-cm-bp-110\/","url":"https:\/\/evolve-fitness.eu\/da\/vare\/evolve-bundplade-110-cm-bp-110\/","name":"Evolve bundplade - 110 cm (BP-110) - Evolve","isPartOf":{"@id":"https:\/\/evolve-fitness.eu\/da\/#website"},"primaryImageOfPage":{"@id":"https:\/\/evolve-fitness.eu\/da\/vare\/evolve-bundplade-110-cm-bp-110\/#primaryimage"},"image":{"@id":"https:\/\/evolve-fitness.eu\/da\/vare\/evolve-bundplade-110-cm-bp-110\/#primaryimage"},"thumbnailUrl":"https:\/\/evolve-fitness.eu\/wp-content\/uploads\/2025\/10\/3-2.png","datePublished":"2025-10-13T07:53:31+00:00","description":"Evolve Base Plate - 110 cm er et kraftigt strukturelt fundament, der er designet til at give maksimal stabilitet og justering, n\u00e5r to stolper forbindes.","breadcrumb":{"@id":"https:\/\/evolve-fitness.eu\/da\/vare\/evolve-bundplade-110-cm-bp-110\/#breadcrumb"},"inLanguage":"da-DK","potentialAction":[{"@type":"ReadAction","target":["https:\/\/evolve-fitness.eu\/da\/vare\/evolve-bundplade-110-cm-bp-110\/"]}]},{"@type":"ImageObject","inLanguage":"da-DK","@id":"https:\/\/evolve-fitness.eu\/da\/vare\/evolve-bundplade-110-cm-bp-110\/#primaryimage","url":"https:\/\/evolve-fitness.eu\/wp-content\/uploads\/2025\/10\/3-2.png","contentUrl":"https:\/\/evolve-fitness.eu\/wp-content\/uploads\/2025\/10\/3-2.png","width":810,"height":810},{"@type":"BreadcrumbList","@id":"https:\/\/evolve-fitness.eu\/da\/vare\/evolve-bundplade-110-cm-bp-110\/#breadcrumb","itemListElement":[{"@type":"ListItem","position":1,"name":"Home","item":"https:\/\/evolve-fitness.eu\/da\/"},{"@type":"ListItem","position":2,"name":"Produkter","item":"https:\/\/evolve-fitness.eu\/da\/shop\/"},{"@type":"ListItem","position":3,"name":"Evolve bundplade &#8211; 110 cm (BP-110)"}]},{"@type":"WebSite","@id":"https:\/\/evolve-fitness.eu\/da\/#website","url":"https:\/\/evolve-fitness.eu\/da\/","name":"Evolve","description":"Your Evolved Gear Arrived","publisher":{"@id":"https:\/\/evolve-fitness.eu\/da\/#organization"},"potentialAction":[{"@type":"SearchAction","target":{"@type":"EntryPoint","urlTemplate":"https:\/\/evolve-fitness.eu\/da\/?s={search_term_string}"},"query-input":{"@type":"PropertyValueSpecification","valueRequired":true,"valueName":"search_term_string"}}],"inLanguage":"da-DK"},{"@type":"Organization","@id":"https:\/\/evolve-fitness.eu\/da\/#organization","name":"Evolve","url":"https:\/\/evolve-fitness.eu\/da\/","logo":{"@type":"ImageObject","inLanguage":"da-DK","@id":"https:\/\/evolve-fitness.eu\/da\/#\/schema\/logo\/image\/","url":"https:\/\/evolve-fitness.eu\/wp-content\/uploads\/2023\/05\/Evolve-logo.svg","contentUrl":"https:\/\/evolve-fitness.eu\/wp-content\/uploads\/2023\/05\/Evolve-logo.svg","width":176,"height":20,"caption":"Evolve"},"image":{"@id":"https:\/\/evolve-fitness.eu\/da\/#\/schema\/logo\/image\/"},"sameAs":["https:\/\/www.facebook.com\/EvolveFitnessEurope"]}]}},"_links":{"self":[{"href":"https:\/\/evolve-fitness.eu\/da\/wp-json\/wp\/v2\/product\/236720","targetHints":{"allow":["GET"]}}],"collection":[{"href":"https:\/\/evolve-fitness.eu\/da\/wp-json\/wp\/v2\/product"}],"about":[{"href":"https:\/\/evolve-fitness.eu\/da\/wp-json\/wp\/v2\/types\/product"}],"wp:featuredmedia":[{"embeddable":true,"href":"https:\/\/evolve-fitness.eu\/da\/wp-json\/wp\/v2\/media\/236721"}],"wp:attachment":[{"href":"https:\/\/evolve-fitness.eu\/da\/wp-json\/wp\/v2\/media?parent=236720"}],"wp:term":[{"taxonomy":"product_brand","embeddable":true,"href":"https:\/\/evolve-fitness.eu\/da\/wp-json\/wp\/v2\/product_brand?post=236720"},{"taxonomy":"product_cat","embeddable":true,"href":"https:\/\/evolve-fitness.eu\/da\/wp-json\/wp\/v2\/product_cat?post=236720"},{"taxonomy":"product_tag","embeddable":true,"href":"https:\/\/evolve-fitness.eu\/da\/wp-json\/wp\/v2\/product_tag?post=236720"}],"curies":[{"name":"wp","href":"https:\/\/api.w.org\/{rel}","templated":true}]}}