{"id":236996,"date":"2025-10-14T07:50:57","date_gmt":"2025-10-14T07:50:57","guid":{"rendered":"https:\/\/evolve-fitness.eu\/product\/evolve-econ-series-plate-loaded-standing-chest-fly-ec-040\/"},"modified":"2025-10-14T07:50:57","modified_gmt":"2025-10-14T04:50:57","slug":"evolve-econ-series-plate-loaded-standing-chest-fly-ec-040","status":"publish","type":"product","link":"https:\/\/evolve-fitness.eu\/da\/vare\/evolve-econ-series-plate-loaded-standing-chest-fly-ec-040\/","title":{"rendered":"Evolve Econ Series Plate Loaded Standing Chest Fly (EC-040)"},"content":{"rendered":"","protected":false},"excerpt":{"rendered":"<p>Evolve Econ Series Plate Loaded Standing Chest Fly er konstrueret til effektivt at isolere og udvikle brystmusklerne gennem en kontrolleret, naturlig st\u00e5ende bev\u00e6gelse. Det pladebelastede system giver j\u00e6vn modstandsjustering, mens det ergonomiske armdesign sikrer korrekt bev\u00e6gelse og muskelengagement. Den er bygget af holdbare materialer og leverer p\u00e5lidelig ydeevne til b\u00e5de professionelle og kommercielle tr\u00e6ningsmilj\u00f8er.  <\/p>\n","protected":false},"featured_media":236997,"template":"","meta":{"_acf_changed":false,"inline_featured_image":false},"product_brand":[],"product_cat":[6772,2919],"product_tag":[],"class_list":{"0":"post-236996","1":"product","2":"type-product","3":"status-publish","4":"has-post-thumbnail","6":"product_cat-econ-series-pladebelastede-maskiner","7":"product_cat-pladebelastede-maskiner","9":"first","10":"instock","11":"shipping-taxable","12":"purchasable","13":"product-type-simple"},"acf":{"long_title":"Evolve Econ Series Plate Loaded Standing Chest Fly (EC-040)","subtitle":"","specifications":[{"label":"VARENUMMER","text_value":"EV-PL-EC-040","icon":"x"},{"label":"Dimensioner","text_value":"1515 x 1310 x 1491 mm","icon":"x"},{"label":"V\u00e6gt","text_value":"70 kg","icon":"x"},{"label":"Max. Brugerv\u00e6gt","text_value":"150 kg","icon":"x"},{"label":"Max. belastning","text_value":"2 x 100 kg","icon":"x"},{"label":"Anti-korrosionsmaling","text_value":"","icon":"v"},{"label":"Metalramme uden skarpe kanter","text_value":"","icon":"v"},{"label":"Holdbare gulvbeskyttere","text_value":"","icon":"v"},{"label":"Garanti","text_value":"2 \u00e5r","icon":"x"}],"product_frequently_asked_questions":null},"yoast_head":"<!-- This site is optimized with the Yoast SEO plugin v27.4 - https:\/\/yoast.com\/product\/yoast-seo-wordpress\/ -->\n<title>Evolve Econ Series Plate Loaded Standing Chest Fly (EC-040) - Evolve<\/title>\n<meta name=\"description\" content=\"Evolve Econ Series Plate Loaded Standing Chest Fly er konstrueret til effektivt at isolere og udvikle brystmusklerne gennem en kontrolleret, naturlig\" \/>\n<meta name=\"robots\" content=\"index, follow, max-snippet:-1, max-image-preview:large, max-video-preview:-1\" \/>\n<link rel=\"canonical\" href=\"https:\/\/evolve-fitness.eu\/da\/vare\/evolve-econ-series-plate-loaded-standing-chest-fly-ec-040\/\" \/>\n<meta property=\"og:locale\" content=\"da_DK\" \/>\n<meta property=\"og:type\" content=\"article\" \/>\n<meta property=\"og:title\" content=\"Evolve Econ Series Plate Loaded Standing Chest Fly (EC-040) - Evolve\" \/>\n<meta property=\"og:description\" content=\"Evolve Econ Series Plate Loaded Standing Chest Fly er konstrueret til effektivt at isolere og udvikle brystmusklerne gennem en kontrolleret, naturlig\" \/>\n<meta property=\"og:url\" content=\"https:\/\/evolve-fitness.eu\/da\/vare\/evolve-econ-series-plate-loaded-standing-chest-fly-ec-040\/\" \/>\n<meta property=\"og:site_name\" content=\"Evolve\" \/>\n<meta property=\"article:publisher\" content=\"https:\/\/www.facebook.com\/EvolveFitnessEurope\" \/>\n<meta property=\"og:image\" content=\"https:\/\/evolve-fitness.eu\/wp-content\/uploads\/2025\/10\/EV-PL-EC-040-2.png\" \/>\n\t<meta property=\"og:image:width\" content=\"810\" \/>\n\t<meta property=\"og:image:height\" content=\"810\" \/>\n\t<meta property=\"og:image:type\" content=\"image\/png\" \/>\n<meta name=\"twitter:card\" content=\"summary_large_image\" \/>\n<script type=\"application\/ld+json\" class=\"yoast-schema-graph\">{\"@context\":\"https:\\\/\\\/schema.org\",\"@graph\":[{\"@type\":\"WebPage\",\"@id\":\"https:\\\/\\\/evolve-fitness.eu\\\/da\\\/vare\\\/evolve-econ-series-plate-loaded-standing-chest-fly-ec-040\\\/\",\"url\":\"https:\\\/\\\/evolve-fitness.eu\\\/da\\\/vare\\\/evolve-econ-series-plate-loaded-standing-chest-fly-ec-040\\\/\",\"name\":\"Evolve Econ Series Plate Loaded Standing Chest Fly (EC-040) - Evolve\",\"isPartOf\":{\"@id\":\"https:\\\/\\\/evolve-fitness.eu\\\/da\\\/#website\"},\"primaryImageOfPage\":{\"@id\":\"https:\\\/\\\/evolve-fitness.eu\\\/da\\\/vare\\\/evolve-econ-series-plate-loaded-standing-chest-fly-ec-040\\\/#primaryimage\"},\"image\":{\"@id\":\"https:\\\/\\\/evolve-fitness.eu\\\/da\\\/vare\\\/evolve-econ-series-plate-loaded-standing-chest-fly-ec-040\\\/#primaryimage\"},\"thumbnailUrl\":\"https:\\\/\\\/evolve-fitness.eu\\\/wp-content\\\/uploads\\\/2025\\\/10\\\/EV-PL-EC-040-2.png\",\"datePublished\":\"2025-10-14T07:50:57+00:00\",\"description\":\"Evolve Econ Series Plate Loaded Standing Chest Fly er konstrueret til effektivt at isolere og udvikle brystmusklerne gennem en kontrolleret, naturlig\",\"breadcrumb\":{\"@id\":\"https:\\\/\\\/evolve-fitness.eu\\\/da\\\/vare\\\/evolve-econ-series-plate-loaded-standing-chest-fly-ec-040\\\/#breadcrumb\"},\"inLanguage\":\"da-DK\",\"potentialAction\":[{\"@type\":\"ReadAction\",\"target\":[\"https:\\\/\\\/evolve-fitness.eu\\\/da\\\/vare\\\/evolve-econ-series-plate-loaded-standing-chest-fly-ec-040\\\/\"]}]},{\"@type\":\"ImageObject\",\"inLanguage\":\"da-DK\",\"@id\":\"https:\\\/\\\/evolve-fitness.eu\\\/da\\\/vare\\\/evolve-econ-series-plate-loaded-standing-chest-fly-ec-040\\\/#primaryimage\",\"url\":\"https:\\\/\\\/evolve-fitness.eu\\\/wp-content\\\/uploads\\\/2025\\\/10\\\/EV-PL-EC-040-2.png\",\"contentUrl\":\"https:\\\/\\\/evolve-fitness.eu\\\/wp-content\\\/uploads\\\/2025\\\/10\\\/EV-PL-EC-040-2.png\",\"width\":810,\"height\":810},{\"@type\":\"BreadcrumbList\",\"@id\":\"https:\\\/\\\/evolve-fitness.eu\\\/da\\\/vare\\\/evolve-econ-series-plate-loaded-standing-chest-fly-ec-040\\\/#breadcrumb\",\"itemListElement\":[{\"@type\":\"ListItem\",\"position\":1,\"name\":\"Home\",\"item\":\"https:\\\/\\\/evolve-fitness.eu\\\/da\\\/\"},{\"@type\":\"ListItem\",\"position\":2,\"name\":\"Produkter\",\"item\":\"https:\\\/\\\/evolve-fitness.eu\\\/da\\\/shop\\\/\"},{\"@type\":\"ListItem\",\"position\":3,\"name\":\"Evolve Econ Series Plate Loaded Standing Chest Fly (EC-040)\"}]},{\"@type\":\"WebSite\",\"@id\":\"https:\\\/\\\/evolve-fitness.eu\\\/da\\\/#website\",\"url\":\"https:\\\/\\\/evolve-fitness.eu\\\/da\\\/\",\"name\":\"Evolve\",\"description\":\"Your Evolved Gear Arrived\",\"publisher\":{\"@id\":\"https:\\\/\\\/evolve-fitness.eu\\\/da\\\/#organization\"},\"potentialAction\":[{\"@type\":\"SearchAction\",\"target\":{\"@type\":\"EntryPoint\",\"urlTemplate\":\"https:\\\/\\\/evolve-fitness.eu\\\/da\\\/?s={search_term_string}\"},\"query-input\":{\"@type\":\"PropertyValueSpecification\",\"valueRequired\":true,\"valueName\":\"search_term_string\"}}],\"inLanguage\":\"da-DK\"},{\"@type\":\"Organization\",\"@id\":\"https:\\\/\\\/evolve-fitness.eu\\\/da\\\/#organization\",\"name\":\"Evolve\",\"url\":\"https:\\\/\\\/evolve-fitness.eu\\\/da\\\/\",\"logo\":{\"@type\":\"ImageObject\",\"inLanguage\":\"da-DK\",\"@id\":\"https:\\\/\\\/evolve-fitness.eu\\\/da\\\/#\\\/schema\\\/logo\\\/image\\\/\",\"url\":\"https:\\\/\\\/evolve-fitness.eu\\\/wp-content\\\/uploads\\\/2023\\\/05\\\/Evolve-logo.svg\",\"contentUrl\":\"https:\\\/\\\/evolve-fitness.eu\\\/wp-content\\\/uploads\\\/2023\\\/05\\\/Evolve-logo.svg\",\"width\":176,\"height\":20,\"caption\":\"Evolve\"},\"image\":{\"@id\":\"https:\\\/\\\/evolve-fitness.eu\\\/da\\\/#\\\/schema\\\/logo\\\/image\\\/\"},\"sameAs\":[\"https:\\\/\\\/www.facebook.com\\\/EvolveFitnessEurope\"]}]}<\/script>\n<!-- \/ Yoast SEO plugin. -->","yoast_head_json":{"title":"Evolve Econ Series Plate Loaded Standing Chest Fly (EC-040) - Evolve","description":"Evolve Econ Series Plate Loaded Standing Chest Fly er konstrueret til effektivt at isolere og udvikle brystmusklerne gennem en kontrolleret, naturlig","robots":{"index":"index","follow":"follow","max-snippet":"max-snippet:-1","max-image-preview":"max-image-preview:large","max-video-preview":"max-video-preview:-1"},"canonical":"https:\/\/evolve-fitness.eu\/da\/vare\/evolve-econ-series-plate-loaded-standing-chest-fly-ec-040\/","og_locale":"da_DK","og_type":"article","og_title":"Evolve Econ Series Plate Loaded Standing Chest Fly (EC-040) - Evolve","og_description":"Evolve Econ Series Plate Loaded Standing Chest Fly er konstrueret til effektivt at isolere og udvikle brystmusklerne gennem en kontrolleret, naturlig","og_url":"https:\/\/evolve-fitness.eu\/da\/vare\/evolve-econ-series-plate-loaded-standing-chest-fly-ec-040\/","og_site_name":"Evolve","article_publisher":"https:\/\/www.facebook.com\/EvolveFitnessEurope","og_image":[{"width":810,"height":810,"url":"https:\/\/evolve-fitness.eu\/wp-content\/uploads\/2025\/10\/EV-PL-EC-040-2.png","type":"image\/png"}],"twitter_card":"summary_large_image","schema":{"@context":"https:\/\/schema.org","@graph":[{"@type":"WebPage","@id":"https:\/\/evolve-fitness.eu\/da\/vare\/evolve-econ-series-plate-loaded-standing-chest-fly-ec-040\/","url":"https:\/\/evolve-fitness.eu\/da\/vare\/evolve-econ-series-plate-loaded-standing-chest-fly-ec-040\/","name":"Evolve Econ Series Plate Loaded Standing Chest Fly (EC-040) - Evolve","isPartOf":{"@id":"https:\/\/evolve-fitness.eu\/da\/#website"},"primaryImageOfPage":{"@id":"https:\/\/evolve-fitness.eu\/da\/vare\/evolve-econ-series-plate-loaded-standing-chest-fly-ec-040\/#primaryimage"},"image":{"@id":"https:\/\/evolve-fitness.eu\/da\/vare\/evolve-econ-series-plate-loaded-standing-chest-fly-ec-040\/#primaryimage"},"thumbnailUrl":"https:\/\/evolve-fitness.eu\/wp-content\/uploads\/2025\/10\/EV-PL-EC-040-2.png","datePublished":"2025-10-14T07:50:57+00:00","description":"Evolve Econ Series Plate Loaded Standing Chest Fly er konstrueret til effektivt at isolere og udvikle brystmusklerne gennem en kontrolleret, naturlig","breadcrumb":{"@id":"https:\/\/evolve-fitness.eu\/da\/vare\/evolve-econ-series-plate-loaded-standing-chest-fly-ec-040\/#breadcrumb"},"inLanguage":"da-DK","potentialAction":[{"@type":"ReadAction","target":["https:\/\/evolve-fitness.eu\/da\/vare\/evolve-econ-series-plate-loaded-standing-chest-fly-ec-040\/"]}]},{"@type":"ImageObject","inLanguage":"da-DK","@id":"https:\/\/evolve-fitness.eu\/da\/vare\/evolve-econ-series-plate-loaded-standing-chest-fly-ec-040\/#primaryimage","url":"https:\/\/evolve-fitness.eu\/wp-content\/uploads\/2025\/10\/EV-PL-EC-040-2.png","contentUrl":"https:\/\/evolve-fitness.eu\/wp-content\/uploads\/2025\/10\/EV-PL-EC-040-2.png","width":810,"height":810},{"@type":"BreadcrumbList","@id":"https:\/\/evolve-fitness.eu\/da\/vare\/evolve-econ-series-plate-loaded-standing-chest-fly-ec-040\/#breadcrumb","itemListElement":[{"@type":"ListItem","position":1,"name":"Home","item":"https:\/\/evolve-fitness.eu\/da\/"},{"@type":"ListItem","position":2,"name":"Produkter","item":"https:\/\/evolve-fitness.eu\/da\/shop\/"},{"@type":"ListItem","position":3,"name":"Evolve Econ Series Plate Loaded Standing Chest Fly (EC-040)"}]},{"@type":"WebSite","@id":"https:\/\/evolve-fitness.eu\/da\/#website","url":"https:\/\/evolve-fitness.eu\/da\/","name":"Evolve","description":"Your Evolved Gear Arrived","publisher":{"@id":"https:\/\/evolve-fitness.eu\/da\/#organization"},"potentialAction":[{"@type":"SearchAction","target":{"@type":"EntryPoint","urlTemplate":"https:\/\/evolve-fitness.eu\/da\/?s={search_term_string}"},"query-input":{"@type":"PropertyValueSpecification","valueRequired":true,"valueName":"search_term_string"}}],"inLanguage":"da-DK"},{"@type":"Organization","@id":"https:\/\/evolve-fitness.eu\/da\/#organization","name":"Evolve","url":"https:\/\/evolve-fitness.eu\/da\/","logo":{"@type":"ImageObject","inLanguage":"da-DK","@id":"https:\/\/evolve-fitness.eu\/da\/#\/schema\/logo\/image\/","url":"https:\/\/evolve-fitness.eu\/wp-content\/uploads\/2023\/05\/Evolve-logo.svg","contentUrl":"https:\/\/evolve-fitness.eu\/wp-content\/uploads\/2023\/05\/Evolve-logo.svg","width":176,"height":20,"caption":"Evolve"},"image":{"@id":"https:\/\/evolve-fitness.eu\/da\/#\/schema\/logo\/image\/"},"sameAs":["https:\/\/www.facebook.com\/EvolveFitnessEurope"]}]}},"_links":{"self":[{"href":"https:\/\/evolve-fitness.eu\/da\/wp-json\/wp\/v2\/product\/236996","targetHints":{"allow":["GET"]}}],"collection":[{"href":"https:\/\/evolve-fitness.eu\/da\/wp-json\/wp\/v2\/product"}],"about":[{"href":"https:\/\/evolve-fitness.eu\/da\/wp-json\/wp\/v2\/types\/product"}],"wp:featuredmedia":[{"embeddable":true,"href":"https:\/\/evolve-fitness.eu\/da\/wp-json\/wp\/v2\/media\/236997"}],"wp:attachment":[{"href":"https:\/\/evolve-fitness.eu\/da\/wp-json\/wp\/v2\/media?parent=236996"}],"wp:term":[{"taxonomy":"product_brand","embeddable":true,"href":"https:\/\/evolve-fitness.eu\/da\/wp-json\/wp\/v2\/product_brand?post=236996"},{"taxonomy":"product_cat","embeddable":true,"href":"https:\/\/evolve-fitness.eu\/da\/wp-json\/wp\/v2\/product_cat?post=236996"},{"taxonomy":"product_tag","embeddable":true,"href":"https:\/\/evolve-fitness.eu\/da\/wp-json\/wp\/v2\/product_tag?post=236996"}],"curies":[{"name":"wp","href":"https:\/\/api.w.org\/{rel}","templated":true}]}}