{"id":238526,"date":"2023-11-15T11:38:39","date_gmt":"2023-11-15T09:38:39","guid":{"rendered":"https:\/\/evolve-fitness.eu\/product\/evolve-studio-stativ-til-handvaegte\/"},"modified":"2026-04-23T09:54:42","modified_gmt":"2026-04-23T06:54:42","slug":"evolve-studio-stativ-til-handvaegte","status":"publish","type":"product","link":"https:\/\/evolve-fitness.eu\/da\/vare\/evolve-studio-stativ-til-handvaegte\/","title":{"rendered":"Evolve Studio-stativ til h\u00e5ndv\u00e6gte"},"content":{"rendered":"\n<section class=\"wp-block-group alignfull black-content has-white-color has-darkgray-background-color has-text-color has-background is-layout-constrained wp-block-group-is-layout-constrained\" style=\"padding-top:var(--wp--preset--spacing--section-bottom);padding-bottom:var(--wp--preset--spacing--section-bottom)\">\n<p class=\"has-text-align-center has-medium-2-font-size\" style=\"padding-top:var(--wp--preset--spacing--tb-padding);padding-bottom:var(--wp--preset--spacing--tb-padding)\"><strong>Maximiza\u021bi spa\u021biul dvs. de fitness cu raftul de haltere Aerobic de la Evolve Studio <\/strong><\/p>\n\n\n\n<p>Transforma\u021bi-v\u0103 studioul de fitness sau sala de gimnastic\u0103 de acas\u0103 cu <strong>suportul pentru haltere aerobice Evolve<\/strong>, proiectat \u00een mod expert pentru a \u00eembun\u0103t\u0103\u021bi organizarea \u0219i accesibilitatea. Designul vertical eficient din punct de vedere al spa\u021biului al suportului nostru \u00eel face un accesoriu ideal pentru studiourile de fitness, centrele de wellness \u0219i spa\u021biile de antrenament la domiciliu, g\u0103zduind diverse haltere aerobice \u0219i de vinil. <\/p>\n\n\n\n<div class=\"wp-block-columns alignwide mobile-reverse is-layout-flex wp-container-core-columns-is-layout-ca64bf2d wp-block-columns-is-layout-flex\" style=\"margin-bottom:var(--wp--preset--spacing--side-padding)\">\n<div class=\"wp-block-column is-vertically-aligned-center is-layout-flow wp-block-column-is-layout-flow\">\n<h3 class=\"wp-block-heading\" style=\"margin-bottom:var(--wp--preset--spacing--h-3-bottom)\"><strong>\n  <strong>\n    <strong>\n      <strong>\n        <strong>\n          <strong>\n            <strong>\n              <strong>\n                <strong>\n                  <strong>Karakteristikker, der er gode<\/strong>\n                <\/strong>\n              <\/strong>\n            <\/strong>\n          <\/strong>\n        <\/strong>\n      <\/strong>\n    <\/strong>\n  <\/strong>\n<\/strong>:<\/h3>\n\n\n\n<ul class=\"wp-block-list\">\n<li><strong>\u00d8konomisk design af spa\u021biului:<\/strong> Den lodrette struktur p\u00e5 fl\u00e5den til halterne Evolve g\u00f8r det muligt at deponere mest muligt uden at ofre spa\u021biul p\u00e5 pladsen, perfekt til kompakte omr\u00e5der.<\/li>\n\n\n\n<li><strong>Mobiliser dig selv:<\/strong> Echipat cu patru ro\u021bi robuste cu fr\u00e2ne sigure, acest suport poate fi deplasat \u0219i pozi\u021bionat f\u0103r\u0103 efort, oferind un confort de neegalat.<\/li>\n\n\n\n<li><strong>Konstruktionsm\u00e6ssig holdbarhed:<\/strong> Den har en lang levetid og er velegnet til at holde sig i form, og den er velegnet til at holde sig i form.<\/li>\n\n\n\n<li><strong>Stabil og kompakt:<\/strong> Cadrul s\u0103u stabil ofer\u0103 o solu\u021bie de depozitare sigur\u0103, p\u0103str\u00e2nd zona de antrenament \u00eengrijit\u0103 \u0219i organizat\u0103.<\/li>\n<\/ul>\n<\/div>\n\n\n\n<div class=\"wp-block-column is-vertically-aligned-center is-layout-flow wp-block-column-is-layout-flow\">\n<figure class=\"wp-block-video\"><video height=\"2160\" style=\"aspect-ratio: 3840 \/ 2160;\" width=\"3840\" autoplay=\"\" controls=\"\" loop=\"\" muted=\"\" src=\"https:\/\/evolve-fitness.eu\/wp-content\/uploads\/2023\/12\/1-2.mp4\"><\/video><\/figure>\n<\/div>\n<\/div>\n\n\n\n<div class=\"wp-block-columns alignwide is-layout-flex wp-container-core-columns-is-layout-c45ee707 wp-block-columns-is-layout-flex\" style=\"margin-bottom:var(--wp--preset--spacing--side-padding);padding-top:var(--wp--preset--spacing--side-padding)\">\n<div class=\"wp-block-column is-vertically-aligned-center is-layout-flow wp-block-column-is-layout-flow\">\n<figure class=\"wp-block-video\"><video height=\"2160\" style=\"aspect-ratio: 3840 \/ 2160;\" width=\"3840\" autoplay=\"\" controls=\"\" loop=\"\" muted=\"\" src=\"https:\/\/evolve-fitness.eu\/wp-content\/uploads\/2023\/12\/2-2.mp4\"><\/video><\/figure>\n<\/div>\n\n\n\n<div class=\"wp-block-column is-vertically-aligned-center is-layout-constrained wp-block-column-is-layout-constrained\">\n<h3 class=\"wp-block-heading\" style=\"margin-bottom:var(--wp--preset--spacing--h-3-bottom)\"><strong><strong><strong><strong><strong><strong><strong><strong><strong><strong>Hvad skal der til for at holde Evolve Aerobic i gang?<\/strong><\/strong><\/strong><\/strong><\/strong><\/strong><\/strong><\/strong><\/strong><\/strong><\/h3>\n\n\n\n<p>Denne st\u00f8tte er nu en l\u00f8sning til aflastning; den er et tilbeh\u00f8r til fitness. Fie c\u0103 este vorba de un centru de fitness profesionist sau de o sal\u0103 de gimnastic\u0103 personal\u0103, suportul nostru asigur\u0103 c\u0103 ganterele dvs. sunt \u00eentotdeauna la \u00eendem\u00e2n\u0103, organizate \u0219i depozitate \u00een siguran\u021b\u0103. Designul s\u0103u elegant \u0219i mobilitatea u\u0219oar\u0103 \u00eel fac o alegere de top pentru entuzia\u0219tii \u0219i profesioni\u0219tii de fitness.    <\/p>\n<\/div>\n<\/div>\n\n\n\n<p class=\"has-text-align-center has-medium-2-font-size\">Investi\u021bi \u00een <strong>suportul pentru gantere Evolve Studio<\/strong> \u0219i experimenta\u021bi combina\u021bia perfect\u0103 de func\u021bionalitate, durabilitate \u0219i stil. Comanda\u021bi acum \u0219i ridica\u021bi spa\u021biul de fitness! <\/p>\n<\/section>\n","protected":false},"excerpt":{"rendered":"<p>Ridica\u021bi spa\u021biul de fitness cu suportul pentru haltere aerobice Evolve (EV-RS-SD-500), o solu\u021bie mobil\u0103 \u0219i eficient\u0103 din punct de vedere al spa\u021biului pentru organizarea halterelor aerobice \u0219i de vinil. Designul s\u0103u vertical, compact \u0219i cadrul acoperit cu pulbere \u00eel fac ideal pentru studiourile de fitness \u0219i s\u0103lile de sport de acas\u0103, \u00een timp ce greutatea de 34 kg asigur\u0103 stabilitate. Echipat cu ro\u021bi de transport \u0219i cu o garan\u021bie de doi ani, acest suport este un amestec perfect de func\u021bionalitate \u0219i durabilitate pentru pasiona\u021bii de fitness care caut\u0103 un mediu de antrenament ordonat \u0219i accesibil.  <\/p>\n","protected":false},"featured_media":0,"template":"","meta":{"_acf_changed":false,"inline_featured_image":false},"product_brand":[],"product_cat":[13036],"product_tag":[],"class_list":{"0":"post-238526","1":"product","2":"type-product","3":"status-publish","5":"product_cat-hyrox-gear","7":"first","8":"instock","9":"shipping-taxable","10":"purchasable","11":"product-type-simple"},"acf":{"long_title":"","subtitle":"","specifications":null,"product_frequently_asked_questions":null},"yoast_head":"<!-- This site is optimized with the Yoast SEO plugin v27.4 - https:\/\/yoast.com\/product\/yoast-seo-wordpress\/ -->\n<title>Evolve Studio-stativ til h\u00e5ndv\u00e6gte - Evolve<\/title>\n<meta name=\"robots\" content=\"index, follow, max-snippet:-1, max-image-preview:large, max-video-preview:-1\" \/>\n<link rel=\"canonical\" href=\"https:\/\/evolve-fitness.eu\/da\/vare\/evolve-studio-stativ-til-handvaegte\/\" \/>\n<meta property=\"og:locale\" content=\"da_DK\" \/>\n<meta property=\"og:type\" content=\"article\" \/>\n<meta property=\"og:title\" content=\"Evolve Studio-stativ til h\u00e5ndv\u00e6gte - Evolve\" \/>\n<meta property=\"og:url\" content=\"https:\/\/evolve-fitness.eu\/da\/vare\/evolve-studio-stativ-til-handvaegte\/\" \/>\n<meta property=\"og:site_name\" content=\"Evolve\" \/>\n<meta property=\"article:publisher\" content=\"https:\/\/www.facebook.com\/EvolveFitnessEurope\" \/>\n<meta property=\"article:modified_time\" content=\"2026-04-23T06:54:42+00:00\" \/>\n<meta name=\"twitter:card\" content=\"summary_large_image\" \/>\n<script type=\"application\/ld+json\" class=\"yoast-schema-graph\">{\"@context\":\"https:\\\/\\\/schema.org\",\"@graph\":[{\"@type\":\"WebPage\",\"@id\":\"https:\\\/\\\/evolve-fitness.eu\\\/da\\\/vare\\\/evolve-studio-stativ-til-handvaegte\\\/\",\"url\":\"https:\\\/\\\/evolve-fitness.eu\\\/da\\\/vare\\\/evolve-studio-stativ-til-handvaegte\\\/\",\"name\":\"Evolve Studio-stativ til h\u00e5ndv\u00e6gte - Evolve\",\"isPartOf\":{\"@id\":\"https:\\\/\\\/evolve-fitness.eu\\\/da\\\/#website\"},\"datePublished\":\"2023-11-15T09:38:39+00:00\",\"dateModified\":\"2026-04-23T06:54:42+00:00\",\"breadcrumb\":{\"@id\":\"https:\\\/\\\/evolve-fitness.eu\\\/da\\\/vare\\\/evolve-studio-stativ-til-handvaegte\\\/#breadcrumb\"},\"inLanguage\":\"da-DK\",\"potentialAction\":[{\"@type\":\"ReadAction\",\"target\":[\"https:\\\/\\\/evolve-fitness.eu\\\/da\\\/vare\\\/evolve-studio-stativ-til-handvaegte\\\/\"]}]},{\"@type\":\"BreadcrumbList\",\"@id\":\"https:\\\/\\\/evolve-fitness.eu\\\/da\\\/vare\\\/evolve-studio-stativ-til-handvaegte\\\/#breadcrumb\",\"itemListElement\":[{\"@type\":\"ListItem\",\"position\":1,\"name\":\"Home\",\"item\":\"https:\\\/\\\/evolve-fitness.eu\\\/da\\\/\"},{\"@type\":\"ListItem\",\"position\":2,\"name\":\"Produkter\",\"item\":\"https:\\\/\\\/evolve-fitness.eu\\\/da\\\/shop\\\/\"},{\"@type\":\"ListItem\",\"position\":3,\"name\":\"Evolve Studio-stativ til h\u00e5ndv\u00e6gte\"}]},{\"@type\":\"WebSite\",\"@id\":\"https:\\\/\\\/evolve-fitness.eu\\\/da\\\/#website\",\"url\":\"https:\\\/\\\/evolve-fitness.eu\\\/da\\\/\",\"name\":\"Evolve\",\"description\":\"Your Evolved Gear Arrived\",\"publisher\":{\"@id\":\"https:\\\/\\\/evolve-fitness.eu\\\/da\\\/#organization\"},\"potentialAction\":[{\"@type\":\"SearchAction\",\"target\":{\"@type\":\"EntryPoint\",\"urlTemplate\":\"https:\\\/\\\/evolve-fitness.eu\\\/da\\\/?s={search_term_string}\"},\"query-input\":{\"@type\":\"PropertyValueSpecification\",\"valueRequired\":true,\"valueName\":\"search_term_string\"}}],\"inLanguage\":\"da-DK\"},{\"@type\":\"Organization\",\"@id\":\"https:\\\/\\\/evolve-fitness.eu\\\/da\\\/#organization\",\"name\":\"Evolve\",\"url\":\"https:\\\/\\\/evolve-fitness.eu\\\/da\\\/\",\"logo\":{\"@type\":\"ImageObject\",\"inLanguage\":\"da-DK\",\"@id\":\"https:\\\/\\\/evolve-fitness.eu\\\/da\\\/#\\\/schema\\\/logo\\\/image\\\/\",\"url\":\"https:\\\/\\\/evolve-fitness.eu\\\/wp-content\\\/uploads\\\/2023\\\/05\\\/Evolve-logo.svg\",\"contentUrl\":\"https:\\\/\\\/evolve-fitness.eu\\\/wp-content\\\/uploads\\\/2023\\\/05\\\/Evolve-logo.svg\",\"width\":176,\"height\":20,\"caption\":\"Evolve\"},\"image\":{\"@id\":\"https:\\\/\\\/evolve-fitness.eu\\\/da\\\/#\\\/schema\\\/logo\\\/image\\\/\"},\"sameAs\":[\"https:\\\/\\\/www.facebook.com\\\/EvolveFitnessEurope\"]}]}<\/script>\n<!-- \/ Yoast SEO plugin. -->","yoast_head_json":{"title":"Evolve Studio-stativ til h\u00e5ndv\u00e6gte - Evolve","robots":{"index":"index","follow":"follow","max-snippet":"max-snippet:-1","max-image-preview":"max-image-preview:large","max-video-preview":"max-video-preview:-1"},"canonical":"https:\/\/evolve-fitness.eu\/da\/vare\/evolve-studio-stativ-til-handvaegte\/","og_locale":"da_DK","og_type":"article","og_title":"Evolve Studio-stativ til h\u00e5ndv\u00e6gte - Evolve","og_url":"https:\/\/evolve-fitness.eu\/da\/vare\/evolve-studio-stativ-til-handvaegte\/","og_site_name":"Evolve","article_publisher":"https:\/\/www.facebook.com\/EvolveFitnessEurope","article_modified_time":"2026-04-23T06:54:42+00:00","twitter_card":"summary_large_image","schema":{"@context":"https:\/\/schema.org","@graph":[{"@type":"WebPage","@id":"https:\/\/evolve-fitness.eu\/da\/vare\/evolve-studio-stativ-til-handvaegte\/","url":"https:\/\/evolve-fitness.eu\/da\/vare\/evolve-studio-stativ-til-handvaegte\/","name":"Evolve Studio-stativ til h\u00e5ndv\u00e6gte - Evolve","isPartOf":{"@id":"https:\/\/evolve-fitness.eu\/da\/#website"},"datePublished":"2023-11-15T09:38:39+00:00","dateModified":"2026-04-23T06:54:42+00:00","breadcrumb":{"@id":"https:\/\/evolve-fitness.eu\/da\/vare\/evolve-studio-stativ-til-handvaegte\/#breadcrumb"},"inLanguage":"da-DK","potentialAction":[{"@type":"ReadAction","target":["https:\/\/evolve-fitness.eu\/da\/vare\/evolve-studio-stativ-til-handvaegte\/"]}]},{"@type":"BreadcrumbList","@id":"https:\/\/evolve-fitness.eu\/da\/vare\/evolve-studio-stativ-til-handvaegte\/#breadcrumb","itemListElement":[{"@type":"ListItem","position":1,"name":"Home","item":"https:\/\/evolve-fitness.eu\/da\/"},{"@type":"ListItem","position":2,"name":"Produkter","item":"https:\/\/evolve-fitness.eu\/da\/shop\/"},{"@type":"ListItem","position":3,"name":"Evolve Studio-stativ til h\u00e5ndv\u00e6gte"}]},{"@type":"WebSite","@id":"https:\/\/evolve-fitness.eu\/da\/#website","url":"https:\/\/evolve-fitness.eu\/da\/","name":"Evolve","description":"Your Evolved Gear Arrived","publisher":{"@id":"https:\/\/evolve-fitness.eu\/da\/#organization"},"potentialAction":[{"@type":"SearchAction","target":{"@type":"EntryPoint","urlTemplate":"https:\/\/evolve-fitness.eu\/da\/?s={search_term_string}"},"query-input":{"@type":"PropertyValueSpecification","valueRequired":true,"valueName":"search_term_string"}}],"inLanguage":"da-DK"},{"@type":"Organization","@id":"https:\/\/evolve-fitness.eu\/da\/#organization","name":"Evolve","url":"https:\/\/evolve-fitness.eu\/da\/","logo":{"@type":"ImageObject","inLanguage":"da-DK","@id":"https:\/\/evolve-fitness.eu\/da\/#\/schema\/logo\/image\/","url":"https:\/\/evolve-fitness.eu\/wp-content\/uploads\/2023\/05\/Evolve-logo.svg","contentUrl":"https:\/\/evolve-fitness.eu\/wp-content\/uploads\/2023\/05\/Evolve-logo.svg","width":176,"height":20,"caption":"Evolve"},"image":{"@id":"https:\/\/evolve-fitness.eu\/da\/#\/schema\/logo\/image\/"},"sameAs":["https:\/\/www.facebook.com\/EvolveFitnessEurope"]}]}},"_links":{"self":[{"href":"https:\/\/evolve-fitness.eu\/da\/wp-json\/wp\/v2\/product\/238526","targetHints":{"allow":["GET"]}}],"collection":[{"href":"https:\/\/evolve-fitness.eu\/da\/wp-json\/wp\/v2\/product"}],"about":[{"href":"https:\/\/evolve-fitness.eu\/da\/wp-json\/wp\/v2\/types\/product"}],"wp:attachment":[{"href":"https:\/\/evolve-fitness.eu\/da\/wp-json\/wp\/v2\/media?parent=238526"}],"wp:term":[{"taxonomy":"product_brand","embeddable":true,"href":"https:\/\/evolve-fitness.eu\/da\/wp-json\/wp\/v2\/product_brand?post=238526"},{"taxonomy":"product_cat","embeddable":true,"href":"https:\/\/evolve-fitness.eu\/da\/wp-json\/wp\/v2\/product_cat?post=238526"},{"taxonomy":"product_tag","embeddable":true,"href":"https:\/\/evolve-fitness.eu\/da\/wp-json\/wp\/v2\/product_tag?post=238526"}],"curies":[{"name":"wp","href":"https:\/\/api.w.org\/{rel}","templated":true}]}}