{"id":24429,"date":"2023-11-16T10:52:46","date_gmt":"2023-11-16T10:52:46","guid":{"rendered":"https:\/\/evolve-fitness.eu\/product\/evolve-ultra-series-plade-pendulbelastet-squat\/"},"modified":"2024-03-25T13:49:23","modified_gmt":"2024-03-25T13:49:23","slug":"evolve-ultra-series-plade-pendulbelastet-squat","status":"publish","type":"product","link":"https:\/\/evolve-fitness.eu\/da\/vare\/evolve-ultra-series-plade-pendulbelastet-squat\/","title":{"rendered":"Evolve Ultra Series plade pendulbelastet squat"},"content":{"rendered":"\n<section class=\"wp-block-group alignfull has-lightgray-background-color has-background is-layout-constrained wp-block-group-is-layout-constrained\">\n<div class=\"wp-block-columns alignwide is-layout-flex wp-container-core-columns-is-layout-2edb0647 wp-block-columns-is-layout-flex\" style=\"margin-top:0;margin-bottom:0\">\n<div class=\"wp-block-column is-layout-flow wp-block-column-is-layout-flow\" style=\"flex-basis:33.33%\"><\/div>\n\n\n\n<div class=\"wp-block-column is-layout-flow wp-block-column-is-layout-flow\" style=\"flex-basis:66.66%\"><\/div>\n<\/div>\n<\/section>\n\n<section class=\"wp-block-group alignfull black-content has-white-color has-darkgray-background-color has-text-color has-background is-layout-constrained wp-block-group-is-layout-constrained\" style=\"padding-top:var(--wp--preset--spacing--section-bottom);padding-bottom:var(--wp--preset--spacing--section-bottom)\">\n<section class=\"wp-block-group alignfull black-content has-white-color has-darkgray-background-color has-text-color has-background is-layout-constrained wp-block-group-is-layout-constrained\" style=\"margin-bottom:0;padding-top:var(--wp--preset--spacing--tb-padding);padding-bottom:var(--wp--preset--spacing--tb-padding)\">\n<div class=\"wp-block-columns alignwide mobile-reverse is-layout-flex wp-container-core-columns-is-layout-7a02faa9 wp-block-columns-is-layout-flex\" style=\"margin-bottom:var(--wp--preset--spacing--tb-section-padding)\">\n<div class=\"wp-block-column is-vertically-aligned-center is-layout-flow wp-block-column-is-layout-flow\">\n<h3 class=\"wp-block-heading\" style=\"margin-bottom:var(--wp--preset--spacing--h-3-bottom)\"><strong><strong><strong><strong><strong><strong><strong>M\u00e5lrettet muskelinddragelse<\/strong><\/strong><\/strong><\/strong><\/strong><\/strong><\/strong><\/h3>\n\n\n\n<p><strong><em><strong><strong><strong><strong><strong>Unilateral armbev\u00e6gelse (tilg\u00e6ngelig p\u00e5 nogle maskiner)<\/strong><\/strong><\/strong><\/strong><\/strong><\/em><\/strong><\/p>\n\n\n\n<p>Evolve Ultra Series Plate Loaded Pendulum Squat er designet til at give en omfattende tr\u00e6ning af underkroppen, der specifikt er rettet mod quadriceps, haser, baller og l\u00e6gge. Med sit unikke pendulbelastede design giver denne maskine et flydende og kontrolleret bev\u00e6gelsesomr\u00e5de, s\u00e5 brugerne kan udf\u00f8re squats med optimal form og effektivitet. Den justerbare fodplade og s\u00e6det passer til brugere med forskellige h\u00f8jder og pr\u00e6ferencer, hvilket sikrer korrekt justering og stabilitet under tr\u00e6ningen. Brugerdefinerbare modstandsniveauer giver brugerne mulighed for at skr\u00e6ddersy deres tr\u00e6ning, s\u00e5 den passer til deres styrke- og fitnessm\u00e5l, s\u00e5 den passer til personer p\u00e5 alle erfaringsniveauer. Ved at l\u00e6gge v\u00e6gt p\u00e5 korrekt form og teknik hj\u00e6lper Pendulum Squat-maskinen med at forbedre underkroppens styrke, stabilitet og generelle funktion. Uanset om brugerne \u00f8nsker at opbygge muskelmasse, \u00f8ge styrken eller forbedre den muskul\u00e6re udholdenhed, er Pendulum Squat en praktisk og effektiv l\u00f8sning til at n\u00e5 deres fitnessm\u00e5l.<\/p>\n<\/div>\n\n\n\n<div class=\"wp-block-column is-vertically-aligned-center is-layout-flow wp-block-column-is-layout-flow\">\n<figure class=\"wp-block-video\"><video height=\"2000\" style=\"aspect-ratio: 2000 \/ 2000;\" width=\"2000\" autoplay=\"\" controls=\"\" loop=\"\" muted=\"\" src=\"https:\/\/evolve-fitness.eu\/wp-content\/uploads\/2024\/03\/EV-PL-UL-330-Evolve-Ultra-Series-Plate-Pendulum-Loaded-Squat-1.mp4\"><\/video><\/figure>\n<\/div>\n<\/div>\n\n\n\n<div class=\"wp-block-columns alignwide mobile-reverse is-layout-flex wp-container-core-columns-is-layout-035fa626 wp-block-columns-is-layout-flex\" style=\"margin-bottom:var(--wp--preset--spacing--side-padding);padding-top:var(--wp--preset--spacing--tb-padding);padding-bottom:var(--wp--preset--spacing--tb-padding)\">\n<div class=\"wp-block-column is-vertically-aligned-center is-layout-flow wp-block-column-is-layout-flow\">\n<figure class=\"wp-block-image size-large\"><img loading=\"lazy\" decoding=\"async\" width=\"1024\" height=\"1024\" src=\"https:\/\/evolve-fitness.eu\/wp-content\/uploads\/2024\/03\/EV-PL-UL-330-Evolve-Ultra-Series-Plate-Pendulum-Loaded-Squat-7-1024x1024.jpg\" alt=\"\" class=\"wp-image-116259\" srcset=\"https:\/\/evolve-fitness.eu\/wp-content\/uploads\/2024\/03\/EV-PL-UL-330-Evolve-Ultra-Series-Plate-Pendulum-Loaded-Squat-7-1024x1024.jpg 1024w, https:\/\/evolve-fitness.eu\/wp-content\/uploads\/2024\/03\/EV-PL-UL-330-Evolve-Ultra-Series-Plate-Pendulum-Loaded-Squat-7-300x300.jpg 300w, https:\/\/evolve-fitness.eu\/wp-content\/uploads\/2024\/03\/EV-PL-UL-330-Evolve-Ultra-Series-Plate-Pendulum-Loaded-Squat-7-150x150.jpg 150w, https:\/\/evolve-fitness.eu\/wp-content\/uploads\/2024\/03\/EV-PL-UL-330-Evolve-Ultra-Series-Plate-Pendulum-Loaded-Squat-7-600x600.jpg 600w, https:\/\/evolve-fitness.eu\/wp-content\/uploads\/2024\/03\/EV-PL-UL-330-Evolve-Ultra-Series-Plate-Pendulum-Loaded-Squat-7-768x768.jpg 768w, https:\/\/evolve-fitness.eu\/wp-content\/uploads\/2024\/03\/EV-PL-UL-330-Evolve-Ultra-Series-Plate-Pendulum-Loaded-Squat-7-1536x1536.jpg 1536w, https:\/\/evolve-fitness.eu\/wp-content\/uploads\/2024\/03\/EV-PL-UL-330-Evolve-Ultra-Series-Plate-Pendulum-Loaded-Squat-7.jpg 2000w\" sizes=\"auto, (max-width: 1024px) 100vw, 1024px\" \/><\/figure>\n<\/div>\n\n\n\n<div class=\"wp-block-column is-vertically-aligned-center is-layout-flow wp-block-column-is-layout-flow\">\n<h3 class=\"wp-block-heading\" style=\"margin-bottom:var(--wp--preset--spacing--h-3-bottom)\"><strong><strong><strong><strong><strong><strong><strong><strong><strong>Justerbar modstand<\/strong><\/strong><\/strong><\/strong><\/strong><\/strong><\/strong><\/strong><\/strong><\/h3>\n\n\n\n<p><strong><em><strong><strong><strong><strong><strong><strong>V\u00e6gtstakke, der kan tilpasses<\/strong><\/strong><\/strong><\/strong><\/strong><\/strong><\/em><\/strong><\/p>\n\n\n\n<p>Brugerne kan nemt justere modstandsniveauet ved at tilf\u00f8je eller fjerne v\u00e6gtskiver, hvilket giver mulighed for skr\u00e6ddersyet tr\u00e6ning, der tager h\u00f8jde for individuelle styrkeniveauer og progression i l\u00e6ggene. Uanset om m\u00e5let er at \u00f8ge l\u00e6ggenes udholdenhed eller styrke, giver den justerbare modstandsfunktion alsidighed til at tilpasse sig forskellige tr\u00e6ningsm\u00e5l.<\/p>\n\n\n\n<p><\/p>\n\n\n\n<h3 class=\"wp-block-heading\" style=\"margin-bottom:var(--wp--preset--spacing--h-3-bottom)\"><strong><strong><strong><strong><strong><strong><strong><strong>Komfortabelt design<\/strong><\/strong><\/strong><\/strong><\/strong><\/strong><\/strong><\/strong><\/h3>\n\n\n\n<p><strong><em><strong><strong><strong><strong><strong><strong>Ergonomisk polstring og h\u00e5ndtag<\/strong><\/strong><\/strong><\/strong><\/strong><\/strong><\/em><\/strong><\/p>\n\n\n\n<p>Seated Calf Raise-maskinen er designet med brugerkomfort for \u00f8je og har ergonomiske puder og h\u00e5ndtag, der fremmer korrekt benpositionering og st\u00f8tte under \u00f8velserne.<\/p>\n<\/div>\n<\/div>\n\n\n\n<div class=\"wp-block-columns alignwide mobile-reverse is-layout-flex wp-container-core-columns-is-layout-7a02faa9 wp-block-columns-is-layout-flex\" style=\"margin-bottom:var(--wp--preset--spacing--tb-section-padding)\">\n<div class=\"wp-block-column is-vertically-aligned-center is-layout-flow wp-block-column-is-layout-flow\">\n<h3 class=\"wp-block-heading\" style=\"margin-bottom:var(--wp--preset--spacing--h-3-bottom)\"><strong><strong><strong><strong><strong><strong><strong><strong><strong>Kompakt fodaftryk<\/strong><\/strong><\/strong><\/strong><\/strong><\/strong><\/strong><\/strong><\/strong><\/h3>\n\n\n\n<p><strong><em><strong><strong><strong><strong><strong><strong>Pladsbesparende design<\/strong><\/strong><\/strong><\/strong><\/strong><\/strong><\/em><\/strong><\/p>\n\n\n\n<p>P\u00e5 trods af sin funktionalitet har Standing Leg Curl-maskinen et kompakt fodaftryk, hvilket g\u00f8r den velegnet til personer med begr\u00e6nset tr\u00e6ningsplads. Det str\u00f8mlinede design maksimerer pladseffektiviteten uden at g\u00e5 p\u00e5 kompromis med funktionaliteten, hvilket sikrer et optimeret tr\u00e6ningsomr\u00e5de dedikeret til effektiv hasetr\u00e6ning.<\/p>\n\n\n\n<p><\/p>\n\n\n\n<h3 class=\"wp-block-heading\" style=\"margin-bottom:var(--wp--preset--spacing--h-3-bottom)\"><strong><strong><strong><strong><strong><strong><strong><strong><strong>Holdbar finish<\/strong><\/strong><\/strong><\/strong><\/strong><\/strong><\/strong><\/strong><\/strong><\/h3>\n\n\n\n<p><strong><em><strong><strong><strong><strong><strong><strong>Elektrostatisk spr\u00f8jteteknologi til termoh\u00e6rdende pulver<\/strong><\/strong><\/strong><\/strong><\/strong><\/strong><\/em><\/strong><\/p>\n\n\n\n<p>Vores maskiner har elektrostatisk spr\u00f8jteteknologi med termoh\u00e6rdende pulver, der sikrer en holdbar finish. Denne avancerede bel\u00e6gning bevarer udstyrets visuelle tiltr\u00e6kningskraft over tid.<\/p>\n<\/div>\n\n\n\n<div class=\"wp-block-column is-vertically-aligned-center is-layout-flow wp-block-column-is-layout-flow\">\n<figure class=\"wp-block-image size-large\"><img loading=\"lazy\" decoding=\"async\" width=\"1024\" height=\"1024\" src=\"https:\/\/evolve-fitness.eu\/wp-content\/uploads\/2024\/03\/EV-PL-UL-330-Evolve-Ultra-Series-Plate-Pendulum-Loaded-Squat-4-1024x1024.jpg\" alt=\"\" class=\"wp-image-116284\" srcset=\"https:\/\/evolve-fitness.eu\/wp-content\/uploads\/2024\/03\/EV-PL-UL-330-Evolve-Ultra-Series-Plate-Pendulum-Loaded-Squat-4-1024x1024.jpg 1024w, https:\/\/evolve-fitness.eu\/wp-content\/uploads\/2024\/03\/EV-PL-UL-330-Evolve-Ultra-Series-Plate-Pendulum-Loaded-Squat-4-300x300.jpg 300w, https:\/\/evolve-fitness.eu\/wp-content\/uploads\/2024\/03\/EV-PL-UL-330-Evolve-Ultra-Series-Plate-Pendulum-Loaded-Squat-4-150x150.jpg 150w, https:\/\/evolve-fitness.eu\/wp-content\/uploads\/2024\/03\/EV-PL-UL-330-Evolve-Ultra-Series-Plate-Pendulum-Loaded-Squat-4-600x600.jpg 600w, https:\/\/evolve-fitness.eu\/wp-content\/uploads\/2024\/03\/EV-PL-UL-330-Evolve-Ultra-Series-Plate-Pendulum-Loaded-Squat-4-768x768.jpg 768w, https:\/\/evolve-fitness.eu\/wp-content\/uploads\/2024\/03\/EV-PL-UL-330-Evolve-Ultra-Series-Plate-Pendulum-Loaded-Squat-4-1536x1536.jpg 1536w, https:\/\/evolve-fitness.eu\/wp-content\/uploads\/2024\/03\/EV-PL-UL-330-Evolve-Ultra-Series-Plate-Pendulum-Loaded-Squat-4.jpg 2000w\" sizes=\"auto, (max-width: 1024px) 100vw, 1024px\" \/><\/figure>\n<\/div>\n<\/div>\n\n\n\n<div class=\"wp-block-columns alignwide mobile-reverse is-layout-flex wp-container-core-columns-is-layout-ca64bf2d wp-block-columns-is-layout-flex\" style=\"margin-bottom:var(--wp--preset--spacing--side-padding)\">\n<div class=\"wp-block-column is-vertically-aligned-center is-layout-flow wp-block-column-is-layout-flow\"><\/div>\n<\/div>\n<\/section>\n<\/section>\n","protected":false},"excerpt":{"rendered":"<p>Evolve Ultra Series Plate Pendulum Loaded Squat, UL-330, er et paradigme for robusthed og raffinement inden for tr\u00e6ningsudstyr. Den er designet med sans for detaljer og har bolte og m\u00f8trikker i rustfrit st\u00e5l for uovertruffen holdbarhed. Den elektrostatiske spr\u00f8jteteknologi med termoh\u00e6rdende pulver sikrer en varig, visuelt tiltalende finish. Maskinen har slidst\u00e6rke gulvbeskyttere, der forhindrer skader p\u00e5 gulvet, og praktiske pl\u00f8kker til effektiv opbevaring af v\u00e6gtskiver. Den f\u00f8rsteklasses, kraftige PU-l\u00e6derpolstring kombinerer komfort med udholdenhed, hvilket forbedrer den samlede tr\u00e6ningsoplevelse. Derudover giver de skridsikre h\u00e5ndtag et sikkert greb, der giver tryghed og sikkerhed under intense \u00f8velser. Dette kvalitetsudstyr, der vejer 248 kg, leveres med 2 \u00e5rs garanti, hvilket garanterer vedvarende ydeevne og p\u00e5lidelighed i ethvert fitnessmilj\u00f8.<\/p>\n","protected":false},"featured_media":116012,"template":"","meta":{"_acf_changed":false,"inline_featured_image":false},"product_brand":[],"product_cat":[2919,2920],"product_tag":[],"class_list":{"0":"post-24429","1":"product","2":"type-product","3":"status-publish","4":"has-post-thumbnail","6":"product_cat-pladebelastede-maskiner","7":"product_cat-ultra-series-pladebelastede-maskiner","9":"first","10":"instock","11":"virtual","12":"purchasable","13":"product-type-simple"},"acf":{"long_title":"Evolve Ultra Series-plade med pendulbelastet squat, UL-330","subtitle":"","specifications":[{"label":"SKU","text_value":"EV-PL-UL-330","icon":"x"},{"label":"Dimensioner","text_value":"2366 x 1475 x 1790 mm","icon":"x"},{"label":"V\u00e6gt","text_value":"210 kg","icon":"x"},{"label":"Garanti  ","text_value":"2 \u00e5r","icon":"x"},{"label":"Max. belastning","text_value":"248 kg","icon":"x"},{"label":"Skridsikre h\u00e5ndtag","text_value":"","icon":"v"},{"label":"Tyk polstring betrukket med PU-l\u00e6der","text_value":"","icon":"v"},{"label":"Holdbare gulvbeskyttere","text_value":"","icon":"v"},{"label":"Pinde til opbevaring af v\u00e6gtskiver","text_value":"","icon":"v"},{"label":"","text_value":"","icon":"v"},{"label":"","text_value":"","icon":"v"},{"label":"","text_value":"","icon":"x"}]},"yoast_head":"<!-- This site is optimized with the Yoast SEO plugin v26.6 - https:\/\/yoast.com\/wordpress\/plugins\/seo\/ -->\n<title>Evolve Ultra Series plade pendulbelastet squat - Evolve<\/title>\n<meta name=\"robots\" content=\"index, follow, max-snippet:-1, max-image-preview:large, max-video-preview:-1\" \/>\n<link rel=\"canonical\" href=\"https:\/\/evolve-fitness.eu\/da\/vare\/evolve-ultra-series-plade-pendulbelastet-squat\/\" \/>\n<meta property=\"og:locale\" content=\"da_DK\" \/>\n<meta property=\"og:type\" content=\"article\" \/>\n<meta property=\"og:title\" content=\"Evolve Ultra Series plade pendulbelastet squat - Evolve\" \/>\n<meta property=\"og:url\" content=\"https:\/\/evolve-fitness.eu\/da\/vare\/evolve-ultra-series-plade-pendulbelastet-squat\/\" \/>\n<meta property=\"og:site_name\" content=\"Evolve\" \/>\n<meta property=\"article:publisher\" content=\"https:\/\/www.facebook.com\/EvolveFitnessEurope\" \/>\n<meta property=\"article:modified_time\" content=\"2024-03-25T13:49:23+00:00\" \/>\n<meta property=\"og:image\" content=\"https:\/\/evolve-fitness.eu\/wp-content\/uploads\/2023\/11\/EV-PL-UL-330-Evolve-Ultra-Series-Plate-Pendulum-Loaded-Squat-1.jpg\" \/>\n\t<meta property=\"og:image:width\" content=\"2000\" \/>\n\t<meta property=\"og:image:height\" content=\"2000\" \/>\n\t<meta property=\"og:image:type\" content=\"image\/jpeg\" \/>\n<meta name=\"twitter:card\" content=\"summary_large_image\" \/>\n<script type=\"application\/ld+json\" class=\"yoast-schema-graph\">{\"@context\":\"https:\/\/schema.org\",\"@graph\":[{\"@type\":\"WebPage\",\"@id\":\"https:\/\/evolve-fitness.eu\/da\/vare\/evolve-ultra-series-plade-pendulbelastet-squat\/\",\"url\":\"https:\/\/evolve-fitness.eu\/da\/vare\/evolve-ultra-series-plade-pendulbelastet-squat\/\",\"name\":\"Evolve Ultra Series plade pendulbelastet squat - Evolve\",\"isPartOf\":{\"@id\":\"https:\/\/evolve-fitness.eu\/da\/#website\"},\"primaryImageOfPage\":{\"@id\":\"https:\/\/evolve-fitness.eu\/da\/vare\/evolve-ultra-series-plade-pendulbelastet-squat\/#primaryimage\"},\"image\":{\"@id\":\"https:\/\/evolve-fitness.eu\/da\/vare\/evolve-ultra-series-plade-pendulbelastet-squat\/#primaryimage\"},\"thumbnailUrl\":\"https:\/\/evolve-fitness.eu\/wp-content\/uploads\/2023\/11\/EV-PL-UL-330-Evolve-Ultra-Series-Plate-Pendulum-Loaded-Squat-1.jpg\",\"datePublished\":\"2023-11-16T10:52:46+00:00\",\"dateModified\":\"2024-03-25T13:49:23+00:00\",\"breadcrumb\":{\"@id\":\"https:\/\/evolve-fitness.eu\/da\/vare\/evolve-ultra-series-plade-pendulbelastet-squat\/#breadcrumb\"},\"inLanguage\":\"da-DK\",\"potentialAction\":[{\"@type\":\"ReadAction\",\"target\":[\"https:\/\/evolve-fitness.eu\/da\/vare\/evolve-ultra-series-plade-pendulbelastet-squat\/\"]}]},{\"@type\":\"ImageObject\",\"inLanguage\":\"da-DK\",\"@id\":\"https:\/\/evolve-fitness.eu\/da\/vare\/evolve-ultra-series-plade-pendulbelastet-squat\/#primaryimage\",\"url\":\"https:\/\/evolve-fitness.eu\/wp-content\/uploads\/2023\/11\/EV-PL-UL-330-Evolve-Ultra-Series-Plate-Pendulum-Loaded-Squat-1.jpg\",\"contentUrl\":\"https:\/\/evolve-fitness.eu\/wp-content\/uploads\/2023\/11\/EV-PL-UL-330-Evolve-Ultra-Series-Plate-Pendulum-Loaded-Squat-1.jpg\",\"width\":2000,\"height\":2000,\"caption\":\"EV-PL-UL-330\"},{\"@type\":\"BreadcrumbList\",\"@id\":\"https:\/\/evolve-fitness.eu\/da\/vare\/evolve-ultra-series-plade-pendulbelastet-squat\/#breadcrumb\",\"itemListElement\":[{\"@type\":\"ListItem\",\"position\":1,\"name\":\"Home\",\"item\":\"https:\/\/evolve-fitness.eu\/da\/\"},{\"@type\":\"ListItem\",\"position\":2,\"name\":\"Produkter\",\"item\":\"https:\/\/evolve-fitness.eu\/da\/shop\/\"},{\"@type\":\"ListItem\",\"position\":3,\"name\":\"Evolve Ultra Series plade pendulbelastet squat\"}]},{\"@type\":\"WebSite\",\"@id\":\"https:\/\/evolve-fitness.eu\/da\/#website\",\"url\":\"https:\/\/evolve-fitness.eu\/da\/\",\"name\":\"Evolve\",\"description\":\"Your Evolved Gear Arrived\",\"publisher\":{\"@id\":\"https:\/\/evolve-fitness.eu\/da\/#organization\"},\"potentialAction\":[{\"@type\":\"SearchAction\",\"target\":{\"@type\":\"EntryPoint\",\"urlTemplate\":\"https:\/\/evolve-fitness.eu\/da\/?s={search_term_string}\"},\"query-input\":{\"@type\":\"PropertyValueSpecification\",\"valueRequired\":true,\"valueName\":\"search_term_string\"}}],\"inLanguage\":\"da-DK\"},{\"@type\":\"Organization\",\"@id\":\"https:\/\/evolve-fitness.eu\/da\/#organization\",\"name\":\"Evolve\",\"url\":\"https:\/\/evolve-fitness.eu\/da\/\",\"logo\":{\"@type\":\"ImageObject\",\"inLanguage\":\"da-DK\",\"@id\":\"https:\/\/evolve-fitness.eu\/da\/#\/schema\/logo\/image\/\",\"url\":\"https:\/\/evolve-fitness.eu\/wp-content\/uploads\/2023\/05\/Evolve-logo.svg\",\"contentUrl\":\"https:\/\/evolve-fitness.eu\/wp-content\/uploads\/2023\/05\/Evolve-logo.svg\",\"width\":176,\"height\":20,\"caption\":\"Evolve\"},\"image\":{\"@id\":\"https:\/\/evolve-fitness.eu\/da\/#\/schema\/logo\/image\/\"},\"sameAs\":[\"https:\/\/www.facebook.com\/EvolveFitnessEurope\"]}]}<\/script>\n<!-- \/ Yoast SEO plugin. -->","yoast_head_json":{"title":"Evolve Ultra Series plade pendulbelastet squat - Evolve","robots":{"index":"index","follow":"follow","max-snippet":"max-snippet:-1","max-image-preview":"max-image-preview:large","max-video-preview":"max-video-preview:-1"},"canonical":"https:\/\/evolve-fitness.eu\/da\/vare\/evolve-ultra-series-plade-pendulbelastet-squat\/","og_locale":"da_DK","og_type":"article","og_title":"Evolve Ultra Series plade pendulbelastet squat - Evolve","og_url":"https:\/\/evolve-fitness.eu\/da\/vare\/evolve-ultra-series-plade-pendulbelastet-squat\/","og_site_name":"Evolve","article_publisher":"https:\/\/www.facebook.com\/EvolveFitnessEurope","article_modified_time":"2024-03-25T13:49:23+00:00","og_image":[{"width":2000,"height":2000,"url":"https:\/\/evolve-fitness.eu\/wp-content\/uploads\/2023\/11\/EV-PL-UL-330-Evolve-Ultra-Series-Plate-Pendulum-Loaded-Squat-1.jpg","type":"image\/jpeg"}],"twitter_card":"summary_large_image","schema":{"@context":"https:\/\/schema.org","@graph":[{"@type":"WebPage","@id":"https:\/\/evolve-fitness.eu\/da\/vare\/evolve-ultra-series-plade-pendulbelastet-squat\/","url":"https:\/\/evolve-fitness.eu\/da\/vare\/evolve-ultra-series-plade-pendulbelastet-squat\/","name":"Evolve Ultra Series plade pendulbelastet squat - Evolve","isPartOf":{"@id":"https:\/\/evolve-fitness.eu\/da\/#website"},"primaryImageOfPage":{"@id":"https:\/\/evolve-fitness.eu\/da\/vare\/evolve-ultra-series-plade-pendulbelastet-squat\/#primaryimage"},"image":{"@id":"https:\/\/evolve-fitness.eu\/da\/vare\/evolve-ultra-series-plade-pendulbelastet-squat\/#primaryimage"},"thumbnailUrl":"https:\/\/evolve-fitness.eu\/wp-content\/uploads\/2023\/11\/EV-PL-UL-330-Evolve-Ultra-Series-Plate-Pendulum-Loaded-Squat-1.jpg","datePublished":"2023-11-16T10:52:46+00:00","dateModified":"2024-03-25T13:49:23+00:00","breadcrumb":{"@id":"https:\/\/evolve-fitness.eu\/da\/vare\/evolve-ultra-series-plade-pendulbelastet-squat\/#breadcrumb"},"inLanguage":"da-DK","potentialAction":[{"@type":"ReadAction","target":["https:\/\/evolve-fitness.eu\/da\/vare\/evolve-ultra-series-plade-pendulbelastet-squat\/"]}]},{"@type":"ImageObject","inLanguage":"da-DK","@id":"https:\/\/evolve-fitness.eu\/da\/vare\/evolve-ultra-series-plade-pendulbelastet-squat\/#primaryimage","url":"https:\/\/evolve-fitness.eu\/wp-content\/uploads\/2023\/11\/EV-PL-UL-330-Evolve-Ultra-Series-Plate-Pendulum-Loaded-Squat-1.jpg","contentUrl":"https:\/\/evolve-fitness.eu\/wp-content\/uploads\/2023\/11\/EV-PL-UL-330-Evolve-Ultra-Series-Plate-Pendulum-Loaded-Squat-1.jpg","width":2000,"height":2000,"caption":"EV-PL-UL-330"},{"@type":"BreadcrumbList","@id":"https:\/\/evolve-fitness.eu\/da\/vare\/evolve-ultra-series-plade-pendulbelastet-squat\/#breadcrumb","itemListElement":[{"@type":"ListItem","position":1,"name":"Home","item":"https:\/\/evolve-fitness.eu\/da\/"},{"@type":"ListItem","position":2,"name":"Produkter","item":"https:\/\/evolve-fitness.eu\/da\/shop\/"},{"@type":"ListItem","position":3,"name":"Evolve Ultra Series plade pendulbelastet squat"}]},{"@type":"WebSite","@id":"https:\/\/evolve-fitness.eu\/da\/#website","url":"https:\/\/evolve-fitness.eu\/da\/","name":"Evolve","description":"Your Evolved Gear Arrived","publisher":{"@id":"https:\/\/evolve-fitness.eu\/da\/#organization"},"potentialAction":[{"@type":"SearchAction","target":{"@type":"EntryPoint","urlTemplate":"https:\/\/evolve-fitness.eu\/da\/?s={search_term_string}"},"query-input":{"@type":"PropertyValueSpecification","valueRequired":true,"valueName":"search_term_string"}}],"inLanguage":"da-DK"},{"@type":"Organization","@id":"https:\/\/evolve-fitness.eu\/da\/#organization","name":"Evolve","url":"https:\/\/evolve-fitness.eu\/da\/","logo":{"@type":"ImageObject","inLanguage":"da-DK","@id":"https:\/\/evolve-fitness.eu\/da\/#\/schema\/logo\/image\/","url":"https:\/\/evolve-fitness.eu\/wp-content\/uploads\/2023\/05\/Evolve-logo.svg","contentUrl":"https:\/\/evolve-fitness.eu\/wp-content\/uploads\/2023\/05\/Evolve-logo.svg","width":176,"height":20,"caption":"Evolve"},"image":{"@id":"https:\/\/evolve-fitness.eu\/da\/#\/schema\/logo\/image\/"},"sameAs":["https:\/\/www.facebook.com\/EvolveFitnessEurope"]}]}},"_links":{"self":[{"href":"https:\/\/evolve-fitness.eu\/da\/wp-json\/wp\/v2\/product\/24429","targetHints":{"allow":["GET"]}}],"collection":[{"href":"https:\/\/evolve-fitness.eu\/da\/wp-json\/wp\/v2\/product"}],"about":[{"href":"https:\/\/evolve-fitness.eu\/da\/wp-json\/wp\/v2\/types\/product"}],"wp:featuredmedia":[{"embeddable":true,"href":"https:\/\/evolve-fitness.eu\/da\/wp-json\/wp\/v2\/media\/116012"}],"wp:attachment":[{"href":"https:\/\/evolve-fitness.eu\/da\/wp-json\/wp\/v2\/media?parent=24429"}],"wp:term":[{"taxonomy":"product_brand","embeddable":true,"href":"https:\/\/evolve-fitness.eu\/da\/wp-json\/wp\/v2\/product_brand?post=24429"},{"taxonomy":"product_cat","embeddable":true,"href":"https:\/\/evolve-fitness.eu\/da\/wp-json\/wp\/v2\/product_cat?post=24429"},{"taxonomy":"product_tag","embeddable":true,"href":"https:\/\/evolve-fitness.eu\/da\/wp-json\/wp\/v2\/product_tag?post=24429"}],"curies":[{"name":"wp","href":"https:\/\/api.w.org\/{rel}","templated":true}]}}