{"id":28194,"date":"2024-01-12T06:46:57","date_gmt":"2024-01-12T06:46:57","guid":{"rendered":"https:\/\/evolve-fitness.eu\/product\/evolve-ultra-series-cpu-vaegtskive-i-urethan-125-25-kg\/"},"modified":"2024-11-22T09:16:01","modified_gmt":"2024-11-22T09:16:01","slug":"evolve-ultra-series-cpu-vaegtskive-i-urethan-125-25-kg","status":"publish","type":"product","link":"https:\/\/evolve-fitness.eu\/da\/vare\/evolve-ultra-series-cpu-vaegtskive-i-urethan-125-25-kg\/","title":{"rendered":"Ultra Series CPU-plade i urethan 1,25-25 kg"},"content":{"rendered":"\n<section class=\"wp-block-group alignfull has-lightgray-background-color has-background is-layout-constrained wp-block-group-is-layout-constrained\">\n<div class=\"wp-block-columns alignwide is-layout-flex wp-container-core-columns-is-layout-2edb0647 wp-block-columns-is-layout-flex\" style=\"margin-top:0;margin-bottom:0\">\n<div class=\"wp-block-column is-layout-flow wp-block-column-is-layout-flow\" style=\"flex-basis:33.33%\"><\/div>\n\n\n\n<div class=\"wp-block-column is-layout-flow wp-block-column-is-layout-flow\" style=\"flex-basis:66.66%\"><\/div>\n<\/div>\n<\/section>\n\n<section class=\"wp-block-group alignfull black-content has-white-color has-darkgray-background-color has-text-color has-background is-layout-constrained wp-block-group-is-layout-constrained\" style=\"padding-top:var(--wp--preset--spacing--section-bottom);padding-bottom:var(--wp--preset--spacing--section-bottom)\">\n<div class=\"wp-block-columns alignwide is-layout-flex wp-container-core-columns-is-layout-c45ee707 wp-block-columns-is-layout-flex\" style=\"margin-bottom:var(--wp--preset--spacing--side-padding);padding-top:var(--wp--preset--spacing--side-padding)\">\n<div class=\"wp-block-column is-vertically-aligned-center is-layout-flow wp-block-column-is-layout-flow\">\n<figure class=\"wp-block-video\"><video height=\"1080\" style=\"aspect-ratio: 1920 \/ 1080;\" width=\"1920\" autoplay=\"\" controls=\"\" loop=\"\" muted=\"\" src=\"https:\/\/evolve-fitness.eu\/wp-content\/uploads\/2024\/01\/EV-WP-CP-1.25-25-3D-WEB.mp4\"><\/video><\/figure>\n<\/div>\n\n\n\n<div class=\"wp-block-column is-vertically-aligned-center is-layout-constrained wp-block-column-is-layout-constrained\">\n<h3 class=\"wp-block-heading\" style=\"margin-bottom:var(--wp--preset--spacing--h-3-bottom)\">Tilpas, s\u00e5 det passer til dit brand<\/h3>\n\n\n\n<p><strong><em><strong><em>Forbedring af et fitnesscenters brand og \u00e6stetiske appel<\/em><\/strong><\/em><\/strong><\/p>\n\n\n\n<p style=\"margin-bottom:var(--wp--preset--spacing--tb-section-padding)\">En af de mest fremtr\u00e6dende egenskaber ved disse v\u00e6gtskiver er, at de kan tilpasses. Ejere af fitnesscentre har mulighed for at skr\u00e6ddersy udstyret, s\u00e5 det passer til deres brand. Dette omfatter muligheder for farvematchning og lasersk\u00e5rne, urethan-infunderede logoer, hvilket betyder, at pladerne kan personaliseres til at have gymlogoer eller specifikke farveskemaer. Denne tilpasning forbedrer ikke kun udstyrets \u00e6stetiske appel, men hj\u00e6lper ogs\u00e5 med at etablere en unik brandidentitet for fitnesscentret.<\/p>\n<\/div>\n<\/div>\n\n\n\n<div class=\"wp-block-columns alignwide is-layout-flex wp-container-core-columns-is-layout-c45ee707 wp-block-columns-is-layout-flex\" style=\"margin-bottom:var(--wp--preset--spacing--side-padding);padding-top:var(--wp--preset--spacing--side-padding)\">\n<div class=\"wp-block-column is-vertically-aligned-center is-layout-flow wp-block-column-is-layout-flow\">\n<h3 class=\"wp-block-heading\" style=\"margin-bottom:var(--wp--preset--spacing--h-3-bottom)\">Holdbart valg til fitnesscentre<\/h3>\n\n\n\n<p><em><strong>Kombination af holdbarhed, \u00e6stetik og tilpasning<\/strong><\/em><\/p>\n\n\n\n<p>Evolve Ultra Series CPU Urethane Weight Plates er kendt for deres TPU urethanbel\u00e6gning af h\u00f8j kvalitet, som sikrer maksimal holdbarhed og modstandsdygtighed over for sk\u00e5r, revner og afskalning, som er almindelige problemer med gummibel\u00e6gninger. Det g\u00f8r dem til en langtidsholdbar investering, is\u00e6r i professionelle milj\u00f8er, hvor udstyret bruges ofte og intensivt.<\/p>\n<\/div>\n\n\n\n<div class=\"wp-block-column is-vertically-aligned-center is-layout-flow wp-block-column-is-layout-flow\">\n<div class=\"wp-block-columns is-layout-flex wp-container-core-columns-is-layout-9d6595d7 wp-block-columns-is-layout-flex\">\n<div class=\"wp-block-column is-layout-flow wp-block-column-is-layout-flow\">\n<figure class=\"wp-block-image size-large\"><img loading=\"lazy\" decoding=\"async\" width=\"1024\" height=\"576\" src=\"https:\/\/evolve-fitness.eu\/wp-content\/uploads\/2024\/01\/New-Weight-Plate-DesignV2-1024x576.png\" alt=\"EV-WP-CP-1.25-25\" class=\"wp-image-10092\" srcset=\"https:\/\/evolve-fitness.eu\/wp-content\/uploads\/2024\/01\/New-Weight-Plate-DesignV2-1024x576.png 1024w, https:\/\/evolve-fitness.eu\/wp-content\/uploads\/2024\/01\/New-Weight-Plate-DesignV2-300x169.png 300w, https:\/\/evolve-fitness.eu\/wp-content\/uploads\/2024\/01\/New-Weight-Plate-DesignV2-267x150.png 267w, https:\/\/evolve-fitness.eu\/wp-content\/uploads\/2024\/01\/New-Weight-Plate-DesignV2-600x337.png 600w, https:\/\/evolve-fitness.eu\/wp-content\/uploads\/2024\/01\/New-Weight-Plate-DesignV2-150x84.png 150w, https:\/\/evolve-fitness.eu\/wp-content\/uploads\/2024\/01\/New-Weight-Plate-DesignV2-768x432.png 768w, https:\/\/evolve-fitness.eu\/wp-content\/uploads\/2024\/01\/New-Weight-Plate-DesignV2-1536x864.png 1536w, https:\/\/evolve-fitness.eu\/wp-content\/uploads\/2024\/01\/New-Weight-Plate-DesignV2.png 1778w\" sizes=\"auto, (max-width: 1024px) 100vw, 1024px\" \/><\/figure>\n<\/div>\n<\/div>\n<\/div>\n<\/div>\n\n\n\n<div class=\"wp-block-columns alignwide is-layout-flex wp-container-core-columns-is-layout-c45ee707 wp-block-columns-is-layout-flex\" style=\"margin-bottom:var(--wp--preset--spacing--side-padding);padding-top:var(--wp--preset--spacing--side-padding)\">\n<div class=\"wp-block-column is-vertically-aligned-center is-layout-flow wp-block-column-is-layout-flow\">\n<figure class=\"wp-block-image size-large\"><img loading=\"lazy\" decoding=\"async\" width=\"1024\" height=\"576\" src=\"https:\/\/evolve-fitness.eu\/wp-content\/uploads\/2024\/01\/EV-WP-CP-1-25-Evolve-Ultra-Series-CPU-Urethane-Weight-plates-1024x576.jpg\" alt=\"EV-WP-CP-1-25\" class=\"wp-image-10103\" srcset=\"https:\/\/evolve-fitness.eu\/wp-content\/uploads\/2024\/01\/EV-WP-CP-1-25-Evolve-Ultra-Series-CPU-Urethane-Weight-plates-1024x576.jpg 1024w, https:\/\/evolve-fitness.eu\/wp-content\/uploads\/2024\/01\/EV-WP-CP-1-25-Evolve-Ultra-Series-CPU-Urethane-Weight-plates-300x169.jpg 300w, https:\/\/evolve-fitness.eu\/wp-content\/uploads\/2024\/01\/EV-WP-CP-1-25-Evolve-Ultra-Series-CPU-Urethane-Weight-plates-267x150.jpg 267w, https:\/\/evolve-fitness.eu\/wp-content\/uploads\/2024\/01\/EV-WP-CP-1-25-Evolve-Ultra-Series-CPU-Urethane-Weight-plates-600x337.jpg 600w, https:\/\/evolve-fitness.eu\/wp-content\/uploads\/2024\/01\/EV-WP-CP-1-25-Evolve-Ultra-Series-CPU-Urethane-Weight-plates-150x84.jpg 150w, https:\/\/evolve-fitness.eu\/wp-content\/uploads\/2024\/01\/EV-WP-CP-1-25-Evolve-Ultra-Series-CPU-Urethane-Weight-plates-768x432.jpg 768w, https:\/\/evolve-fitness.eu\/wp-content\/uploads\/2024\/01\/EV-WP-CP-1-25-Evolve-Ultra-Series-CPU-Urethane-Weight-plates-1536x863.jpg 1536w, https:\/\/evolve-fitness.eu\/wp-content\/uploads\/2024\/01\/EV-WP-CP-1-25-Evolve-Ultra-Series-CPU-Urethane-Weight-plates.jpg 1779w\" sizes=\"auto, (max-width: 1024px) 100vw, 1024px\" \/><\/figure>\n<\/div>\n\n\n\n<div class=\"wp-block-column is-vertically-aligned-center is-layout-flow wp-block-column-is-layout-flow\">\n<h3 class=\"wp-block-heading\" style=\"margin-bottom:var(--wp--preset--spacing--h-3-bottom)\"><strong>Perfektioneret pr\u00e6cision<\/strong><\/h3>\n\n\n\n<p><strong><em>Den mest avancerede teknologi<\/em><\/strong><\/p>\n\n\n\n<p>Designm\u00e6ssigt er Evolve-v\u00e6gtskiverne udstyret med fire h\u00e5ndtag og afrundede muffespidser, hvilket g\u00f8r dem nemme at h\u00e5ndtere og l\u00e6gge p\u00e5 st\u00e6nger. Deres ergonomiske design sikrer et sikkert greb og g\u00f8r det nemt at skifte v\u00e6gt, hvilket er s\u00e6rligt fordelagtigt under dynamiske og tunge l\u00f8ft. Pladerne er ogs\u00e5 udformet, s\u00e5 de passer til alle olympiske 50 mm-st\u00e6nger, hvilket \u00f8ger deres alsidighed.<br\/><br\/>Derudover sikrer pr\u00e6cisionsst\u00f8bningen af disse plader maksimal balance og n\u00f8jagtighed i dimensionerne, hvilket bidrager til deres enest\u00e5ende holdbarhed. Denne funktion er is\u00e6r vigtig for at sikre en ensartet og afbalanceret v\u00e6gt under tr\u00e6ningen.<\/p>\n<\/div>\n<\/div>\n<\/section>\n","protected":false},"excerpt":{"rendered":"<p>Evolve Ultra Series CPU v\u00e6gtskiver i urethan. Disse f\u00f8rsteklasses plader har en enest\u00e5ende holdbarhed med en UV- og slidst\u00e6rk urethanbel\u00e6gning. De er pr\u00e6cist kalibrerede og har lasersk\u00e5rne v\u00e6gtangivelser og logoer, der er tilf\u00f8rt urethan, s\u00e5 de holder sig levende. Evolve CPU Urethane Weight Plates er ideelle til b\u00e5de private og kommercielle fitnesscentre og er en \u00f8konomisk, langsigtet investering i ydeevne og holdbarhed.<\/p>\n","protected":false},"featured_media":28201,"template":"","meta":{"_acf_changed":false,"inline_featured_image":false},"product_brand":[],"product_cat":[1462,1467],"product_tag":[],"class_list":{"0":"post-28194","1":"product","2":"type-product","3":"status-publish","4":"has-post-thumbnail","6":"product_cat-frie-vaegte","7":"product_cat-vaegtskiver","9":"first","10":"instock","11":"shipping-taxable","12":"purchasable","13":"product-type-variable"},"acf":{"long_title":"Evolve Ultra Series CPU-v\u00e6gtskive i urethan 1,25-25 kg","subtitle":"","specifications":[{"label":"VARENUMMER","text_value":"EV-WP-CP","icon":"x"},{"label":"Lasersk\u00e5ret, urethan-infunderet logo og v\u00e6gtangivelse","text_value":"","icon":"v"},{"label":"St\u00e5lnav i \u00e9t stykke uden bolte eller svejsninger","text_value":"","icon":"v"},{"label":"Urethanbel\u00e6gning for maksimal holdbarhed","text_value":"","icon":"v"},{"label":"Pr\u00e6cisionsst\u00f8bning med v\u00e6gttolerance p\u00e5 +\/- 2 g","text_value":"","icon":"v"},{"label":"V\u00e6gte","text_value":"1,25 - 25 kg","icon":"x"},{"label":"Garanti","text_value":"5 \u00e5r","icon":"x"}]},"yoast_head":"<!-- This site is optimized with the Yoast SEO plugin v26.6 - https:\/\/yoast.com\/wordpress\/plugins\/seo\/ -->\n<title>Ultra Series CPU-plade i urethan 1,25-25 kg - Evolve<\/title>\n<meta name=\"description\" content=\"Holdbare Evolve Ultra Series CPU Urethane Weight Plates 1,25-25 kg. UV-bestandig, pr\u00e6cisionskalibreret og perfekt til hjemmet eller kommercielle fitnesscentre.\" \/>\n<meta name=\"robots\" content=\"index, follow, max-snippet:-1, max-image-preview:large, max-video-preview:-1\" \/>\n<link rel=\"canonical\" href=\"https:\/\/evolve-fitness.eu\/da\/vare\/evolve-ultra-series-cpu-vaegtskive-i-urethan-125-25-kg\/\" \/>\n<meta property=\"og:locale\" content=\"da_DK\" \/>\n<meta property=\"og:type\" content=\"article\" \/>\n<meta property=\"og:title\" content=\"Ultra Series CPU-plade i urethan 1,25-25 kg - Evolve\" \/>\n<meta property=\"og:description\" content=\"Holdbare Evolve Ultra Series CPU Urethane Weight Plates 1,25-25 kg. UV-bestandig, pr\u00e6cisionskalibreret og perfekt til hjemmet eller kommercielle fitnesscentre.\" \/>\n<meta property=\"og:url\" content=\"https:\/\/evolve-fitness.eu\/da\/vare\/evolve-ultra-series-cpu-vaegtskive-i-urethan-125-25-kg\/\" \/>\n<meta property=\"og:site_name\" content=\"Evolve\" \/>\n<meta property=\"article:publisher\" content=\"https:\/\/www.facebook.com\/EvolveFitnessEurope\" \/>\n<meta property=\"article:modified_time\" content=\"2024-11-22T09:16:01+00:00\" \/>\n<meta property=\"og:image\" content=\"https:\/\/evolve-fitness.eu\/wp-content\/uploads\/2024\/01\/EV-WP-CP-1-25.png\" \/>\n\t<meta property=\"og:image:width\" content=\"680\" \/>\n\t<meta property=\"og:image:height\" content=\"600\" \/>\n\t<meta property=\"og:image:type\" content=\"image\/png\" \/>\n<meta name=\"twitter:card\" content=\"summary_large_image\" \/>\n<script type=\"application\/ld+json\" class=\"yoast-schema-graph\">{\"@context\":\"https:\/\/schema.org\",\"@graph\":[{\"@type\":\"WebPage\",\"@id\":\"https:\/\/evolve-fitness.eu\/da\/vare\/evolve-ultra-series-cpu-vaegtskive-i-urethan-125-25-kg\/\",\"url\":\"https:\/\/evolve-fitness.eu\/da\/vare\/evolve-ultra-series-cpu-vaegtskive-i-urethan-125-25-kg\/\",\"name\":\"Ultra Series CPU-plade i urethan 1,25-25 kg - Evolve\",\"isPartOf\":{\"@id\":\"https:\/\/evolve-fitness.eu\/da\/#website\"},\"primaryImageOfPage\":{\"@id\":\"https:\/\/evolve-fitness.eu\/da\/vare\/evolve-ultra-series-cpu-vaegtskive-i-urethan-125-25-kg\/#primaryimage\"},\"image\":{\"@id\":\"https:\/\/evolve-fitness.eu\/da\/vare\/evolve-ultra-series-cpu-vaegtskive-i-urethan-125-25-kg\/#primaryimage\"},\"thumbnailUrl\":\"https:\/\/evolve-fitness.eu\/wp-content\/uploads\/2024\/01\/EV-WP-CP-1-25.png\",\"datePublished\":\"2024-01-12T06:46:57+00:00\",\"dateModified\":\"2024-11-22T09:16:01+00:00\",\"description\":\"Holdbare Evolve Ultra Series CPU Urethane Weight Plates 1,25-25 kg. UV-bestandig, pr\u00e6cisionskalibreret og perfekt til hjemmet eller kommercielle fitnesscentre.\",\"breadcrumb\":{\"@id\":\"https:\/\/evolve-fitness.eu\/da\/vare\/evolve-ultra-series-cpu-vaegtskive-i-urethan-125-25-kg\/#breadcrumb\"},\"inLanguage\":\"da-DK\",\"potentialAction\":[{\"@type\":\"ReadAction\",\"target\":[\"https:\/\/evolve-fitness.eu\/da\/vare\/evolve-ultra-series-cpu-vaegtskive-i-urethan-125-25-kg\/\"]}]},{\"@type\":\"ImageObject\",\"inLanguage\":\"da-DK\",\"@id\":\"https:\/\/evolve-fitness.eu\/da\/vare\/evolve-ultra-series-cpu-vaegtskive-i-urethan-125-25-kg\/#primaryimage\",\"url\":\"https:\/\/evolve-fitness.eu\/wp-content\/uploads\/2024\/01\/EV-WP-CP-1-25.png\",\"contentUrl\":\"https:\/\/evolve-fitness.eu\/wp-content\/uploads\/2024\/01\/EV-WP-CP-1-25.png\",\"width\":680,\"height\":600,\"caption\":\"EV-WP-CP-1.25-25\"},{\"@type\":\"BreadcrumbList\",\"@id\":\"https:\/\/evolve-fitness.eu\/da\/vare\/evolve-ultra-series-cpu-vaegtskive-i-urethan-125-25-kg\/#breadcrumb\",\"itemListElement\":[{\"@type\":\"ListItem\",\"position\":1,\"name\":\"Home\",\"item\":\"https:\/\/evolve-fitness.eu\/da\/\"},{\"@type\":\"ListItem\",\"position\":2,\"name\":\"Produkter\",\"item\":\"https:\/\/evolve-fitness.eu\/da\/shop\/\"},{\"@type\":\"ListItem\",\"position\":3,\"name\":\"Ultra Series CPU-plade i urethan 1,25-25 kg\"}]},{\"@type\":\"WebSite\",\"@id\":\"https:\/\/evolve-fitness.eu\/da\/#website\",\"url\":\"https:\/\/evolve-fitness.eu\/da\/\",\"name\":\"Evolve\",\"description\":\"Your Evolved Gear Arrived\",\"publisher\":{\"@id\":\"https:\/\/evolve-fitness.eu\/da\/#organization\"},\"potentialAction\":[{\"@type\":\"SearchAction\",\"target\":{\"@type\":\"EntryPoint\",\"urlTemplate\":\"https:\/\/evolve-fitness.eu\/da\/?s={search_term_string}\"},\"query-input\":{\"@type\":\"PropertyValueSpecification\",\"valueRequired\":true,\"valueName\":\"search_term_string\"}}],\"inLanguage\":\"da-DK\"},{\"@type\":\"Organization\",\"@id\":\"https:\/\/evolve-fitness.eu\/da\/#organization\",\"name\":\"Evolve\",\"url\":\"https:\/\/evolve-fitness.eu\/da\/\",\"logo\":{\"@type\":\"ImageObject\",\"inLanguage\":\"da-DK\",\"@id\":\"https:\/\/evolve-fitness.eu\/da\/#\/schema\/logo\/image\/\",\"url\":\"https:\/\/evolve-fitness.eu\/wp-content\/uploads\/2023\/05\/Evolve-logo.svg\",\"contentUrl\":\"https:\/\/evolve-fitness.eu\/wp-content\/uploads\/2023\/05\/Evolve-logo.svg\",\"width\":176,\"height\":20,\"caption\":\"Evolve\"},\"image\":{\"@id\":\"https:\/\/evolve-fitness.eu\/da\/#\/schema\/logo\/image\/\"},\"sameAs\":[\"https:\/\/www.facebook.com\/EvolveFitnessEurope\"]}]}<\/script>\n<!-- \/ Yoast SEO plugin. -->","yoast_head_json":{"title":"Ultra Series CPU-plade i urethan 1,25-25 kg - Evolve","description":"Holdbare Evolve Ultra Series CPU Urethane Weight Plates 1,25-25 kg. UV-bestandig, pr\u00e6cisionskalibreret og perfekt til hjemmet eller kommercielle fitnesscentre.","robots":{"index":"index","follow":"follow","max-snippet":"max-snippet:-1","max-image-preview":"max-image-preview:large","max-video-preview":"max-video-preview:-1"},"canonical":"https:\/\/evolve-fitness.eu\/da\/vare\/evolve-ultra-series-cpu-vaegtskive-i-urethan-125-25-kg\/","og_locale":"da_DK","og_type":"article","og_title":"Ultra Series CPU-plade i urethan 1,25-25 kg - Evolve","og_description":"Holdbare Evolve Ultra Series CPU Urethane Weight Plates 1,25-25 kg. UV-bestandig, pr\u00e6cisionskalibreret og perfekt til hjemmet eller kommercielle fitnesscentre.","og_url":"https:\/\/evolve-fitness.eu\/da\/vare\/evolve-ultra-series-cpu-vaegtskive-i-urethan-125-25-kg\/","og_site_name":"Evolve","article_publisher":"https:\/\/www.facebook.com\/EvolveFitnessEurope","article_modified_time":"2024-11-22T09:16:01+00:00","og_image":[{"width":680,"height":600,"url":"https:\/\/evolve-fitness.eu\/wp-content\/uploads\/2024\/01\/EV-WP-CP-1-25.png","type":"image\/png"}],"twitter_card":"summary_large_image","schema":{"@context":"https:\/\/schema.org","@graph":[{"@type":"WebPage","@id":"https:\/\/evolve-fitness.eu\/da\/vare\/evolve-ultra-series-cpu-vaegtskive-i-urethan-125-25-kg\/","url":"https:\/\/evolve-fitness.eu\/da\/vare\/evolve-ultra-series-cpu-vaegtskive-i-urethan-125-25-kg\/","name":"Ultra Series CPU-plade i urethan 1,25-25 kg - Evolve","isPartOf":{"@id":"https:\/\/evolve-fitness.eu\/da\/#website"},"primaryImageOfPage":{"@id":"https:\/\/evolve-fitness.eu\/da\/vare\/evolve-ultra-series-cpu-vaegtskive-i-urethan-125-25-kg\/#primaryimage"},"image":{"@id":"https:\/\/evolve-fitness.eu\/da\/vare\/evolve-ultra-series-cpu-vaegtskive-i-urethan-125-25-kg\/#primaryimage"},"thumbnailUrl":"https:\/\/evolve-fitness.eu\/wp-content\/uploads\/2024\/01\/EV-WP-CP-1-25.png","datePublished":"2024-01-12T06:46:57+00:00","dateModified":"2024-11-22T09:16:01+00:00","description":"Holdbare Evolve Ultra Series CPU Urethane Weight Plates 1,25-25 kg. UV-bestandig, pr\u00e6cisionskalibreret og perfekt til hjemmet eller kommercielle fitnesscentre.","breadcrumb":{"@id":"https:\/\/evolve-fitness.eu\/da\/vare\/evolve-ultra-series-cpu-vaegtskive-i-urethan-125-25-kg\/#breadcrumb"},"inLanguage":"da-DK","potentialAction":[{"@type":"ReadAction","target":["https:\/\/evolve-fitness.eu\/da\/vare\/evolve-ultra-series-cpu-vaegtskive-i-urethan-125-25-kg\/"]}]},{"@type":"ImageObject","inLanguage":"da-DK","@id":"https:\/\/evolve-fitness.eu\/da\/vare\/evolve-ultra-series-cpu-vaegtskive-i-urethan-125-25-kg\/#primaryimage","url":"https:\/\/evolve-fitness.eu\/wp-content\/uploads\/2024\/01\/EV-WP-CP-1-25.png","contentUrl":"https:\/\/evolve-fitness.eu\/wp-content\/uploads\/2024\/01\/EV-WP-CP-1-25.png","width":680,"height":600,"caption":"EV-WP-CP-1.25-25"},{"@type":"BreadcrumbList","@id":"https:\/\/evolve-fitness.eu\/da\/vare\/evolve-ultra-series-cpu-vaegtskive-i-urethan-125-25-kg\/#breadcrumb","itemListElement":[{"@type":"ListItem","position":1,"name":"Home","item":"https:\/\/evolve-fitness.eu\/da\/"},{"@type":"ListItem","position":2,"name":"Produkter","item":"https:\/\/evolve-fitness.eu\/da\/shop\/"},{"@type":"ListItem","position":3,"name":"Ultra Series CPU-plade i urethan 1,25-25 kg"}]},{"@type":"WebSite","@id":"https:\/\/evolve-fitness.eu\/da\/#website","url":"https:\/\/evolve-fitness.eu\/da\/","name":"Evolve","description":"Your Evolved Gear Arrived","publisher":{"@id":"https:\/\/evolve-fitness.eu\/da\/#organization"},"potentialAction":[{"@type":"SearchAction","target":{"@type":"EntryPoint","urlTemplate":"https:\/\/evolve-fitness.eu\/da\/?s={search_term_string}"},"query-input":{"@type":"PropertyValueSpecification","valueRequired":true,"valueName":"search_term_string"}}],"inLanguage":"da-DK"},{"@type":"Organization","@id":"https:\/\/evolve-fitness.eu\/da\/#organization","name":"Evolve","url":"https:\/\/evolve-fitness.eu\/da\/","logo":{"@type":"ImageObject","inLanguage":"da-DK","@id":"https:\/\/evolve-fitness.eu\/da\/#\/schema\/logo\/image\/","url":"https:\/\/evolve-fitness.eu\/wp-content\/uploads\/2023\/05\/Evolve-logo.svg","contentUrl":"https:\/\/evolve-fitness.eu\/wp-content\/uploads\/2023\/05\/Evolve-logo.svg","width":176,"height":20,"caption":"Evolve"},"image":{"@id":"https:\/\/evolve-fitness.eu\/da\/#\/schema\/logo\/image\/"},"sameAs":["https:\/\/www.facebook.com\/EvolveFitnessEurope"]}]}},"_links":{"self":[{"href":"https:\/\/evolve-fitness.eu\/da\/wp-json\/wp\/v2\/product\/28194","targetHints":{"allow":["GET"]}}],"collection":[{"href":"https:\/\/evolve-fitness.eu\/da\/wp-json\/wp\/v2\/product"}],"about":[{"href":"https:\/\/evolve-fitness.eu\/da\/wp-json\/wp\/v2\/types\/product"}],"wp:featuredmedia":[{"embeddable":true,"href":"https:\/\/evolve-fitness.eu\/da\/wp-json\/wp\/v2\/media\/28201"}],"wp:attachment":[{"href":"https:\/\/evolve-fitness.eu\/da\/wp-json\/wp\/v2\/media?parent=28194"}],"wp:term":[{"taxonomy":"product_brand","embeddable":true,"href":"https:\/\/evolve-fitness.eu\/da\/wp-json\/wp\/v2\/product_brand?post=28194"},{"taxonomy":"product_cat","embeddable":true,"href":"https:\/\/evolve-fitness.eu\/da\/wp-json\/wp\/v2\/product_cat?post=28194"},{"taxonomy":"product_tag","embeddable":true,"href":"https:\/\/evolve-fitness.eu\/da\/wp-json\/wp\/v2\/product_tag?post=28194"}],"curies":[{"name":"wp","href":"https:\/\/api.w.org\/{rel}","templated":true}]}}