{"id":31271,"date":"2024-01-30T09:01:32","date_gmt":"2024-01-30T09:01:32","guid":{"rendered":"https:\/\/evolve-fitness.eu\/product\/evolve-fladbaenk-i-econ-serien\/"},"modified":"2026-04-07T13:38:09","modified_gmt":"2026-04-07T10:38:09","slug":"evolve-fladbaenk-i-econ-serien","status":"publish","type":"product","link":"https:\/\/evolve-fitness.eu\/da\/vare\/evolve-fladbaenk-i-econ-serien\/","title":{"rendered":"Evolve Econ Series fladb\u00e6nk (EC-050)"},"content":{"rendered":"\n<section class=\"wp-block-group alignfull has-lightgray-background-color has-background is-layout-constrained wp-block-group-is-layout-constrained\">\n<div class=\"wp-block-columns alignwide is-layout-flex wp-container-core-columns-is-layout-2edb0647 wp-block-columns-is-layout-flex\" style=\"margin-top:0;margin-bottom:0\">\n<div class=\"wp-block-column is-layout-flow wp-block-column-is-layout-flow\" style=\"flex-basis:33.33%\"><\/div>\n\n\n\n<div class=\"wp-block-column is-layout-flow wp-block-column-is-layout-flow\" style=\"flex-basis:66.66%\"><\/div>\n<\/div>\n<\/section>\n\n<section class=\"wp-block-group alignfull black-content has-white-color has-darkgray-background-color has-text-color has-background is-layout-constrained wp-block-group-is-layout-constrained\" style=\"padding-top:var(--wp--preset--spacing--section-bottom);padding-bottom:var(--wp--preset--spacing--section-bottom)\">\n<div class=\"wp-block-columns alignwide mobile-reverse is-layout-flex wp-container-core-columns-is-layout-ca64bf2d wp-block-columns-is-layout-flex\" style=\"margin-bottom:var(--wp--preset--spacing--side-padding)\">\n<div class=\"wp-block-column is-vertically-aligned-center is-layout-flow wp-block-column-is-layout-flow\">\n<h3 class=\"wp-block-heading\" style=\"margin-bottom:var(--wp--preset--spacing--h-3-bottom)\"><strong>Alsidig nyttev\u00e6rdi<\/strong><\/h3>\n\n\n\n<p><strong><em><strong>Et fundament for talrige tr\u00e6ningsformer<\/strong><\/em><\/strong><\/p>\n\n\n\n<p style=\"margin-bottom:var(--wp--preset--spacing--tb-section-padding)\">Evolve Econ Series Flat Bench er et robust og p\u00e5lideligt stykke udstyr, der er designet til en bred vifte af v\u00e6gttr\u00e6nings\u00f8velser. Den er ideel til \u00f8velser som b\u00e6nkpres, dumbbell rows og forskellige kropsv\u00e6gtsbev\u00e6gelser, der tr\u00e6ner musklerne i overkroppen, kernen og endda benene, n\u00e5r den bruges kreativt. Dens enkelhed og stabilitet g\u00f8r den til et grundl\u00e6ggende element i ethvert fitnessprogram, velegnet til brugere, der \u00f8nsker at opbygge styrke og muskler p\u00e5 flere kropsomr\u00e5der.<\/p>\n<\/div>\n\n\n\n<div class=\"wp-block-column is-vertically-aligned-center is-layout-flow wp-block-column-is-layout-flow\">\n<figure class=\"wp-block-video\"><video height=\"1080\" style=\"aspect-ratio: 1920 \/ 1080;\" width=\"1920\" autoplay=\"\" controls=\"\" loop=\"\" muted=\"\" src=\"https:\/\/evolve-fitness.eu\/wp-content\/uploads\/2024\/01\/Evolve-Econ-Series-Flat-Bench-video.mp4\"><\/video><\/figure>\n<\/div>\n<\/div>\n\n\n\n<div class=\"wp-block-columns alignwide is-layout-flex wp-container-core-columns-is-layout-c45ee707 wp-block-columns-is-layout-flex\" style=\"margin-bottom:var(--wp--preset--spacing--side-padding);padding-top:var(--wp--preset--spacing--side-padding)\">\n<div class=\"wp-block-column is-vertically-aligned-center is-layout-flow wp-block-column-is-layout-flow\">\n<figure class=\"wp-block-image size-large\"><img loading=\"lazy\" decoding=\"async\" width=\"1024\" height=\"683\" src=\"https:\/\/evolve-fitness.eu\/wp-content\/uploads\/2024\/01\/EV-BN-EC-050-Evolve-Econ-Series-Flat-Bench-6-1-1024x683.jpg\" alt=\"EV-BN-EC-050\" class=\"wp-image-128604\" srcset=\"https:\/\/evolve-fitness.eu\/wp-content\/uploads\/2024\/01\/EV-BN-EC-050-Evolve-Econ-Series-Flat-Bench-6-1-1024x683.jpg 1024w, https:\/\/evolve-fitness.eu\/wp-content\/uploads\/2024\/01\/EV-BN-EC-050-Evolve-Econ-Series-Flat-Bench-6-1-300x200.jpg 300w, https:\/\/evolve-fitness.eu\/wp-content\/uploads\/2024\/01\/EV-BN-EC-050-Evolve-Econ-Series-Flat-Bench-6-1-225x150.jpg 225w, https:\/\/evolve-fitness.eu\/wp-content\/uploads\/2024\/01\/EV-BN-EC-050-Evolve-Econ-Series-Flat-Bench-6-1-600x400.jpg 600w, https:\/\/evolve-fitness.eu\/wp-content\/uploads\/2024\/01\/EV-BN-EC-050-Evolve-Econ-Series-Flat-Bench-6-1-150x100.jpg 150w, https:\/\/evolve-fitness.eu\/wp-content\/uploads\/2024\/01\/EV-BN-EC-050-Evolve-Econ-Series-Flat-Bench-6-1-768x512.jpg 768w, https:\/\/evolve-fitness.eu\/wp-content\/uploads\/2024\/01\/EV-BN-EC-050-Evolve-Econ-Series-Flat-Bench-6-1-1536x1024.jpg 1536w, https:\/\/evolve-fitness.eu\/wp-content\/uploads\/2024\/01\/EV-BN-EC-050-Evolve-Econ-Series-Flat-Bench-6-1-2048x1365.jpg 2048w\" sizes=\"auto, (max-width: 1024px) 100vw, 1024px\" \/><\/figure>\n<\/div>\n\n\n\n<div class=\"wp-block-column is-vertically-aligned-center is-layout-flow wp-block-column-is-layout-flow\">\n<h3 class=\"wp-block-heading\" style=\"margin-bottom:var(--wp--preset--spacing--h-3-bottom)\"><strong>Pladsbesparende design<\/strong><\/h3>\n\n\n\n<p><strong><em> <strong>Maksimerer tr\u00e6ningspladsen<\/strong><\/em><\/strong><\/p>\n\n\n\n<p>Evolve Econ Series Flat Bench er designet med en robust, langtidsholdbar konstruktion, der sikrer holdbarhed og p\u00e5lidelighed til omfattende brug. Dens robuste design underst\u00f8tter h\u00e5rd tr\u00e6ning, hvilket g\u00f8r den til en v\u00e6rdifuld tilf\u00f8jelse til enhver fitnessrutine for dem, der s\u00f8ger en p\u00e5lidelig b\u00e6nk.<\/p>\n<\/div>\n<\/div>\n\n\n\n<div class=\"wp-block-columns alignwide is-layout-flex wp-container-core-columns-is-layout-c45ee707 wp-block-columns-is-layout-flex\" style=\"margin-bottom:var(--wp--preset--spacing--side-padding);padding-top:var(--wp--preset--spacing--side-padding)\">\n<div class=\"wp-block-column is-vertically-aligned-center is-layout-flow wp-block-column-is-layout-flow\">\n<h3 class=\"wp-block-heading\" style=\"margin-bottom:var(--wp--preset--spacing--h-3-bottom)\"><strong>Optimal komfort<\/strong><\/h3>\n\n\n\n<p><strong><em><strong>Designet med brugerkomfort i tankerne<\/strong><\/em><\/strong><\/p>\n\n\n\n<p style=\"margin-bottom:var(--wp--preset--spacing--tb-section-padding)\">B\u00e6nken har en tyk skumpolstring med h\u00f8j densitet og giver overlegen komfort under tr\u00e6ningen, s\u00e5 brugerne kan fokusere p\u00e5 deres form og pr\u00e6station uden at blive distraheret. Den har en l\u00e6derbekl\u00e6dning af h\u00f8j kvalitet, som er b\u00e5de holdbar og behagelig, og som giver en stabil og skridsikker overflade til forskellige \u00f8velser. Dette materiale sikrer lang levetid og nem vedligeholdelse, hvilket g\u00f8r det velegnet til intense tr\u00e6ningsmilj\u00f8er.<\/p>\n<\/div>\n\n\n\n<div class=\"wp-block-column is-vertically-aligned-center is-layout-flow wp-block-column-is-layout-flow\">\n<figure class=\"wp-block-image size-large\"><img loading=\"lazy\" decoding=\"async\" width=\"1024\" height=\"683\" src=\"https:\/\/evolve-fitness.eu\/wp-content\/uploads\/2024\/01\/EV-BN-EC-050-Evolve-Econ-Series-Flat-Bench-7-1-1024x683.jpg\" alt=\"EV-BN-EC-050\" class=\"wp-image-128629\" srcset=\"https:\/\/evolve-fitness.eu\/wp-content\/uploads\/2024\/01\/EV-BN-EC-050-Evolve-Econ-Series-Flat-Bench-7-1-1024x683.jpg 1024w, https:\/\/evolve-fitness.eu\/wp-content\/uploads\/2024\/01\/EV-BN-EC-050-Evolve-Econ-Series-Flat-Bench-7-1-300x200.jpg 300w, https:\/\/evolve-fitness.eu\/wp-content\/uploads\/2024\/01\/EV-BN-EC-050-Evolve-Econ-Series-Flat-Bench-7-1-225x150.jpg 225w, https:\/\/evolve-fitness.eu\/wp-content\/uploads\/2024\/01\/EV-BN-EC-050-Evolve-Econ-Series-Flat-Bench-7-1-600x400.jpg 600w, https:\/\/evolve-fitness.eu\/wp-content\/uploads\/2024\/01\/EV-BN-EC-050-Evolve-Econ-Series-Flat-Bench-7-1-150x100.jpg 150w, https:\/\/evolve-fitness.eu\/wp-content\/uploads\/2024\/01\/EV-BN-EC-050-Evolve-Econ-Series-Flat-Bench-7-1-768x512.jpg 768w, https:\/\/evolve-fitness.eu\/wp-content\/uploads\/2024\/01\/EV-BN-EC-050-Evolve-Econ-Series-Flat-Bench-7-1-1536x1024.jpg 1536w, https:\/\/evolve-fitness.eu\/wp-content\/uploads\/2024\/01\/EV-BN-EC-050-Evolve-Econ-Series-Flat-Bench-7-1-2048x1365.jpg 2048w\" sizes=\"auto, (max-width: 1024px) 100vw, 1024px\" \/><\/figure>\n<\/div>\n<\/div>\n\n\n\n<div class=\"wp-block-columns alignwide is-layout-flex wp-container-core-columns-is-layout-c45ee707 wp-block-columns-is-layout-flex\" style=\"margin-bottom:var(--wp--preset--spacing--side-padding);padding-top:var(--wp--preset--spacing--side-padding)\">\n<div class=\"wp-block-column is-vertically-aligned-center is-layout-flow wp-block-column-is-layout-flow\">\n<figure class=\"wp-block-image size-large\"><img loading=\"lazy\" decoding=\"async\" width=\"683\" height=\"1024\" src=\"https:\/\/evolve-fitness.eu\/wp-content\/uploads\/2024\/01\/EV-BN-EC-050-Evolve-Econ-Series-Flat-Bench-8-1-683x1024.jpg\" alt=\"\" class=\"wp-image-128655\" srcset=\"https:\/\/evolve-fitness.eu\/wp-content\/uploads\/2024\/01\/EV-BN-EC-050-Evolve-Econ-Series-Flat-Bench-8-1-683x1024.jpg 683w, https:\/\/evolve-fitness.eu\/wp-content\/uploads\/2024\/01\/EV-BN-EC-050-Evolve-Econ-Series-Flat-Bench-8-1-300x450.jpg 300w, https:\/\/evolve-fitness.eu\/wp-content\/uploads\/2024\/01\/EV-BN-EC-050-Evolve-Econ-Series-Flat-Bench-8-1-100x150.jpg 100w, https:\/\/evolve-fitness.eu\/wp-content\/uploads\/2024\/01\/EV-BN-EC-050-Evolve-Econ-Series-Flat-Bench-8-1-600x900.jpg 600w, https:\/\/evolve-fitness.eu\/wp-content\/uploads\/2024\/01\/EV-BN-EC-050-Evolve-Econ-Series-Flat-Bench-8-1-200x300.jpg 200w, https:\/\/evolve-fitness.eu\/wp-content\/uploads\/2024\/01\/EV-BN-EC-050-Evolve-Econ-Series-Flat-Bench-8-1-768x1152.jpg 768w, https:\/\/evolve-fitness.eu\/wp-content\/uploads\/2024\/01\/EV-BN-EC-050-Evolve-Econ-Series-Flat-Bench-8-1-1024x1536.jpg 1024w, https:\/\/evolve-fitness.eu\/wp-content\/uploads\/2024\/01\/EV-BN-EC-050-Evolve-Econ-Series-Flat-Bench-8-1-1365x2048.jpg 1365w, https:\/\/evolve-fitness.eu\/wp-content\/uploads\/2024\/01\/EV-BN-EC-050-Evolve-Econ-Series-Flat-Bench-8-1.jpg 1373w\" sizes=\"auto, (max-width: 683px) 100vw, 683px\" \/><\/figure>\n<\/div>\n\n\n\n<div class=\"wp-block-column is-vertically-aligned-center is-layout-flow wp-block-column-is-layout-flow\">\n<h3 class=\"wp-block-heading\" style=\"margin-bottom:var(--wp--preset--spacing--h-3-bottom)\"><strong><strong><strong><strong>Nem vedligeholdelse<\/strong><\/strong><\/strong><\/strong><\/h3>\n\n\n\n<p><strong><em>Bygget til bekvemmelighed<\/em><\/strong><\/p>\n\n\n\n<p>B\u00e6nkens slanke, minimalistiske design ser ikke kun godt ud, men er ogs\u00e5 let at reng\u00f8re og vedligeholde, s\u00e5 den forbliver i topform med minimal indsats. Benene er udstyret med plastikd\u00e6ksler, der er designet til at beskytte dit gulv mod ridser og skader under brug. Denne gennemt\u00e6nkte funktion sikrer, at b\u00e6nken kan bruges sikkert p\u00e5 en r\u00e6kke forskellige overflader uden at g\u00e5 p\u00e5 kompromis med tilstanden af dit tr\u00e6ningsrum.<\/p>\n<\/div>\n<\/div>\n\n\n\n<div class=\"wp-block-columns alignwide is-layout-flex wp-container-core-columns-is-layout-c45ee707 wp-block-columns-is-layout-flex\" style=\"margin-bottom:var(--wp--preset--spacing--side-padding);padding-top:var(--wp--preset--spacing--side-padding)\">\n<div class=\"wp-block-column is-vertically-aligned-center is-layout-flow wp-block-column-is-layout-flow\">\n<h3 class=\"wp-block-heading\" style=\"margin-bottom:var(--wp--preset--spacing--h-3-bottom)\"><strong>Robust konstruktion<\/strong><\/h3>\n\n\n\n<p><strong><strong><em>Udviklet til stabilitet<\/em><\/strong><\/strong><\/p>\n\n\n\n<p style=\"margin-bottom:var(--wp--preset--spacing--tb-section-padding)\">B\u00e6nken er bygget af h\u00f8jkvalitetsst\u00e5l, som sikrer, at den kan modst\u00e5 h\u00e5rdt brug og give en stabil base for en r\u00e6kke forskellige \u00f8velser, hvilket g\u00f8r den til et p\u00e5lideligt stykke udstyr for enhver fitnessentusiast. Konstruktionen er kendt for sin styrke og holdbarhed, hvilket sikrer, at den kan modst\u00e5 kravene fra tung og konstant brug. Det g\u00f8r b\u00e6nken til et fremragende valg til b\u00e5de hjemmet og kommercielle tr\u00e6ningsmilj\u00f8er, hvor p\u00e5lidelighed er afg\u00f8rende.<\/p>\n<\/div>\n\n\n\n<div class=\"wp-block-column is-vertically-aligned-center is-layout-flow wp-block-column-is-layout-flow\">\n<figure class=\"wp-block-image size-large\"><img loading=\"lazy\" decoding=\"async\" width=\"683\" height=\"1024\" src=\"https:\/\/evolve-fitness.eu\/wp-content\/uploads\/2024\/01\/EV-BN-EC-050-Evolve-Econ-Series-Flat-Bench-9-1-683x1024.jpg\" alt=\"\" class=\"wp-image-128680\" srcset=\"https:\/\/evolve-fitness.eu\/wp-content\/uploads\/2024\/01\/EV-BN-EC-050-Evolve-Econ-Series-Flat-Bench-9-1-683x1024.jpg 683w, https:\/\/evolve-fitness.eu\/wp-content\/uploads\/2024\/01\/EV-BN-EC-050-Evolve-Econ-Series-Flat-Bench-9-1-300x450.jpg 300w, https:\/\/evolve-fitness.eu\/wp-content\/uploads\/2024\/01\/EV-BN-EC-050-Evolve-Econ-Series-Flat-Bench-9-1-100x150.jpg 100w, https:\/\/evolve-fitness.eu\/wp-content\/uploads\/2024\/01\/EV-BN-EC-050-Evolve-Econ-Series-Flat-Bench-9-1-600x900.jpg 600w, https:\/\/evolve-fitness.eu\/wp-content\/uploads\/2024\/01\/EV-BN-EC-050-Evolve-Econ-Series-Flat-Bench-9-1-200x300.jpg 200w, https:\/\/evolve-fitness.eu\/wp-content\/uploads\/2024\/01\/EV-BN-EC-050-Evolve-Econ-Series-Flat-Bench-9-1-768x1152.jpg 768w, https:\/\/evolve-fitness.eu\/wp-content\/uploads\/2024\/01\/EV-BN-EC-050-Evolve-Econ-Series-Flat-Bench-9-1-1024x1536.jpg 1024w, https:\/\/evolve-fitness.eu\/wp-content\/uploads\/2024\/01\/EV-BN-EC-050-Evolve-Econ-Series-Flat-Bench-9-1-1365x2048.jpg 1365w, https:\/\/evolve-fitness.eu\/wp-content\/uploads\/2024\/01\/EV-BN-EC-050-Evolve-Econ-Series-Flat-Bench-9-1.jpg 1373w\" sizes=\"auto, (max-width: 683px) 100vw, 683px\" \/><\/figure>\n<\/div>\n<\/div>\n<\/section>\n","protected":false},"excerpt":{"rendered":"<p>Evolve Econ Series Flat Bench, EC-050 er designet til holdbarhed og stabilitet og giver et solidt fundament til en lang r\u00e6kke v\u00e6gtl\u00f8ftnings\u00f8velser. Det kompakte og effektive design sikrer, at den passer problemfrit ind i ethvert tr\u00e6ningslokale, hvilket g\u00f8r den til et ideelt valg til b\u00e5de hjemmetr\u00e6ningscentre og kommercielle faciliteter. Denne b\u00e6nk er bygget til at underst\u00f8tte h\u00e5rde tr\u00e6ningsrutiner og tilbyder b\u00e5de komfort og p\u00e5lidelighed til brugere, der fokuserer p\u00e5 styrke og fitness.<\/p>\n","protected":false},"featured_media":31279,"template":"","meta":{"_acf_changed":false,"inline_featured_image":false},"product_brand":[],"product_cat":[1123,1124],"product_tag":[],"class_list":{"0":"post-31271","1":"product","2":"type-product","3":"status-publish","4":"has-post-thumbnail","6":"product_cat-baenke","7":"product_cat-baenke-i-econ-serien","9":"first","10":"instock","11":"shipping-taxable","12":"purchasable","13":"product-type-simple"},"acf":{"long_title":"Evolve Econ Series fladb\u00e6nk (EC-050)","subtitle":"","specifications":[{"label":"VARENUMMER","text_value":"EV-BN-EC-050","icon":"x"},{"label":"L\u00e6ngde","text_value":"1200 mm","icon":"x"},{"label":"Bredde","text_value":"550 mm","icon":"x"},{"label":"H\u00f8jde","text_value":"475 mm","icon":"x"},{"label":"V\u00e6gt","text_value":"25 kg","icon":"x"},{"label":"Maks. brugerv\u00e6gt","text_value":"180 kg","icon":"x"},{"label":"Tyk polstring","text_value":"","icon":"v"},{"label":"Holdbare gulvbeskyttere","text_value":"","icon":"v"},{"label":"Garanti","text_value":"2 \u00e5r","icon":"x"}]},"yoast_head":"<!-- This site is optimized with the Yoast SEO plugin v26.6 - https:\/\/yoast.com\/wordpress\/plugins\/seo\/ -->\n<title>Evolve Econ Series fladb\u00e6nk (EC-050) - Evolve<\/title>\n<meta name=\"robots\" content=\"index, follow, max-snippet:-1, max-image-preview:large, max-video-preview:-1\" \/>\n<link rel=\"canonical\" href=\"https:\/\/evolve-fitness.eu\/da\/vare\/evolve-fladbaenk-i-econ-serien\/\" \/>\n<meta property=\"og:locale\" content=\"da_DK\" \/>\n<meta property=\"og:type\" content=\"article\" \/>\n<meta property=\"og:title\" content=\"Evolve Econ Series fladb\u00e6nk (EC-050) - Evolve\" \/>\n<meta property=\"og:url\" content=\"https:\/\/evolve-fitness.eu\/da\/vare\/evolve-fladbaenk-i-econ-serien\/\" \/>\n<meta property=\"og:site_name\" content=\"Evolve\" \/>\n<meta property=\"article:publisher\" content=\"https:\/\/www.facebook.com\/EvolveFitnessEurope\" \/>\n<meta property=\"article:modified_time\" content=\"2026-04-07T10:38:09+00:00\" \/>\n<meta property=\"og:image\" content=\"https:\/\/evolve-fitness.eu\/wp-content\/uploads\/2024\/01\/EV-BN-EC-050-Evolve-Econ-Series-Flat-Bench-1.png\" \/>\n\t<meta property=\"og:image:width\" content=\"680\" \/>\n\t<meta property=\"og:image:height\" content=\"600\" \/>\n\t<meta property=\"og:image:type\" content=\"image\/png\" \/>\n<meta name=\"twitter:card\" content=\"summary_large_image\" \/>\n<script type=\"application\/ld+json\" class=\"yoast-schema-graph\">{\"@context\":\"https:\/\/schema.org\",\"@graph\":[{\"@type\":\"WebPage\",\"@id\":\"https:\/\/evolve-fitness.eu\/da\/vare\/evolve-fladbaenk-i-econ-serien\/\",\"url\":\"https:\/\/evolve-fitness.eu\/da\/vare\/evolve-fladbaenk-i-econ-serien\/\",\"name\":\"Evolve Econ Series fladb\u00e6nk (EC-050) - Evolve\",\"isPartOf\":{\"@id\":\"https:\/\/evolve-fitness.eu\/da\/#website\"},\"primaryImageOfPage\":{\"@id\":\"https:\/\/evolve-fitness.eu\/da\/vare\/evolve-fladbaenk-i-econ-serien\/#primaryimage\"},\"image\":{\"@id\":\"https:\/\/evolve-fitness.eu\/da\/vare\/evolve-fladbaenk-i-econ-serien\/#primaryimage\"},\"thumbnailUrl\":\"https:\/\/evolve-fitness.eu\/wp-content\/uploads\/2024\/01\/EV-BN-EC-050-Evolve-Econ-Series-Flat-Bench-1.png\",\"datePublished\":\"2024-01-30T09:01:32+00:00\",\"dateModified\":\"2026-04-07T10:38:09+00:00\",\"breadcrumb\":{\"@id\":\"https:\/\/evolve-fitness.eu\/da\/vare\/evolve-fladbaenk-i-econ-serien\/#breadcrumb\"},\"inLanguage\":\"da-DK\",\"potentialAction\":[{\"@type\":\"ReadAction\",\"target\":[\"https:\/\/evolve-fitness.eu\/da\/vare\/evolve-fladbaenk-i-econ-serien\/\"]}]},{\"@type\":\"ImageObject\",\"inLanguage\":\"da-DK\",\"@id\":\"https:\/\/evolve-fitness.eu\/da\/vare\/evolve-fladbaenk-i-econ-serien\/#primaryimage\",\"url\":\"https:\/\/evolve-fitness.eu\/wp-content\/uploads\/2024\/01\/EV-BN-EC-050-Evolve-Econ-Series-Flat-Bench-1.png\",\"contentUrl\":\"https:\/\/evolve-fitness.eu\/wp-content\/uploads\/2024\/01\/EV-BN-EC-050-Evolve-Econ-Series-Flat-Bench-1.png\",\"width\":680,\"height\":600,\"caption\":\"EV-BN-EC-050\"},{\"@type\":\"BreadcrumbList\",\"@id\":\"https:\/\/evolve-fitness.eu\/da\/vare\/evolve-fladbaenk-i-econ-serien\/#breadcrumb\",\"itemListElement\":[{\"@type\":\"ListItem\",\"position\":1,\"name\":\"Home\",\"item\":\"https:\/\/evolve-fitness.eu\/da\/\"},{\"@type\":\"ListItem\",\"position\":2,\"name\":\"Produkter\",\"item\":\"https:\/\/evolve-fitness.eu\/da\/shop\/\"},{\"@type\":\"ListItem\",\"position\":3,\"name\":\"Evolve Econ Series fladb\u00e6nk (EC-050)\"}]},{\"@type\":\"WebSite\",\"@id\":\"https:\/\/evolve-fitness.eu\/da\/#website\",\"url\":\"https:\/\/evolve-fitness.eu\/da\/\",\"name\":\"Evolve\",\"description\":\"Your Evolved Gear Arrived\",\"publisher\":{\"@id\":\"https:\/\/evolve-fitness.eu\/da\/#organization\"},\"potentialAction\":[{\"@type\":\"SearchAction\",\"target\":{\"@type\":\"EntryPoint\",\"urlTemplate\":\"https:\/\/evolve-fitness.eu\/da\/?s={search_term_string}\"},\"query-input\":{\"@type\":\"PropertyValueSpecification\",\"valueRequired\":true,\"valueName\":\"search_term_string\"}}],\"inLanguage\":\"da-DK\"},{\"@type\":\"Organization\",\"@id\":\"https:\/\/evolve-fitness.eu\/da\/#organization\",\"name\":\"Evolve\",\"url\":\"https:\/\/evolve-fitness.eu\/da\/\",\"logo\":{\"@type\":\"ImageObject\",\"inLanguage\":\"da-DK\",\"@id\":\"https:\/\/evolve-fitness.eu\/da\/#\/schema\/logo\/image\/\",\"url\":\"https:\/\/evolve-fitness.eu\/wp-content\/uploads\/2023\/05\/Evolve-logo.svg\",\"contentUrl\":\"https:\/\/evolve-fitness.eu\/wp-content\/uploads\/2023\/05\/Evolve-logo.svg\",\"width\":176,\"height\":20,\"caption\":\"Evolve\"},\"image\":{\"@id\":\"https:\/\/evolve-fitness.eu\/da\/#\/schema\/logo\/image\/\"},\"sameAs\":[\"https:\/\/www.facebook.com\/EvolveFitnessEurope\"]}]}<\/script>\n<!-- \/ Yoast SEO plugin. -->","yoast_head_json":{"title":"Evolve Econ Series fladb\u00e6nk (EC-050) - Evolve","robots":{"index":"index","follow":"follow","max-snippet":"max-snippet:-1","max-image-preview":"max-image-preview:large","max-video-preview":"max-video-preview:-1"},"canonical":"https:\/\/evolve-fitness.eu\/da\/vare\/evolve-fladbaenk-i-econ-serien\/","og_locale":"da_DK","og_type":"article","og_title":"Evolve Econ Series fladb\u00e6nk (EC-050) - Evolve","og_url":"https:\/\/evolve-fitness.eu\/da\/vare\/evolve-fladbaenk-i-econ-serien\/","og_site_name":"Evolve","article_publisher":"https:\/\/www.facebook.com\/EvolveFitnessEurope","article_modified_time":"2026-04-07T10:38:09+00:00","og_image":[{"width":680,"height":600,"url":"https:\/\/evolve-fitness.eu\/wp-content\/uploads\/2024\/01\/EV-BN-EC-050-Evolve-Econ-Series-Flat-Bench-1.png","type":"image\/png"}],"twitter_card":"summary_large_image","schema":{"@context":"https:\/\/schema.org","@graph":[{"@type":"WebPage","@id":"https:\/\/evolve-fitness.eu\/da\/vare\/evolve-fladbaenk-i-econ-serien\/","url":"https:\/\/evolve-fitness.eu\/da\/vare\/evolve-fladbaenk-i-econ-serien\/","name":"Evolve Econ Series fladb\u00e6nk (EC-050) - Evolve","isPartOf":{"@id":"https:\/\/evolve-fitness.eu\/da\/#website"},"primaryImageOfPage":{"@id":"https:\/\/evolve-fitness.eu\/da\/vare\/evolve-fladbaenk-i-econ-serien\/#primaryimage"},"image":{"@id":"https:\/\/evolve-fitness.eu\/da\/vare\/evolve-fladbaenk-i-econ-serien\/#primaryimage"},"thumbnailUrl":"https:\/\/evolve-fitness.eu\/wp-content\/uploads\/2024\/01\/EV-BN-EC-050-Evolve-Econ-Series-Flat-Bench-1.png","datePublished":"2024-01-30T09:01:32+00:00","dateModified":"2026-04-07T10:38:09+00:00","breadcrumb":{"@id":"https:\/\/evolve-fitness.eu\/da\/vare\/evolve-fladbaenk-i-econ-serien\/#breadcrumb"},"inLanguage":"da-DK","potentialAction":[{"@type":"ReadAction","target":["https:\/\/evolve-fitness.eu\/da\/vare\/evolve-fladbaenk-i-econ-serien\/"]}]},{"@type":"ImageObject","inLanguage":"da-DK","@id":"https:\/\/evolve-fitness.eu\/da\/vare\/evolve-fladbaenk-i-econ-serien\/#primaryimage","url":"https:\/\/evolve-fitness.eu\/wp-content\/uploads\/2024\/01\/EV-BN-EC-050-Evolve-Econ-Series-Flat-Bench-1.png","contentUrl":"https:\/\/evolve-fitness.eu\/wp-content\/uploads\/2024\/01\/EV-BN-EC-050-Evolve-Econ-Series-Flat-Bench-1.png","width":680,"height":600,"caption":"EV-BN-EC-050"},{"@type":"BreadcrumbList","@id":"https:\/\/evolve-fitness.eu\/da\/vare\/evolve-fladbaenk-i-econ-serien\/#breadcrumb","itemListElement":[{"@type":"ListItem","position":1,"name":"Home","item":"https:\/\/evolve-fitness.eu\/da\/"},{"@type":"ListItem","position":2,"name":"Produkter","item":"https:\/\/evolve-fitness.eu\/da\/shop\/"},{"@type":"ListItem","position":3,"name":"Evolve Econ Series fladb\u00e6nk (EC-050)"}]},{"@type":"WebSite","@id":"https:\/\/evolve-fitness.eu\/da\/#website","url":"https:\/\/evolve-fitness.eu\/da\/","name":"Evolve","description":"Your Evolved Gear Arrived","publisher":{"@id":"https:\/\/evolve-fitness.eu\/da\/#organization"},"potentialAction":[{"@type":"SearchAction","target":{"@type":"EntryPoint","urlTemplate":"https:\/\/evolve-fitness.eu\/da\/?s={search_term_string}"},"query-input":{"@type":"PropertyValueSpecification","valueRequired":true,"valueName":"search_term_string"}}],"inLanguage":"da-DK"},{"@type":"Organization","@id":"https:\/\/evolve-fitness.eu\/da\/#organization","name":"Evolve","url":"https:\/\/evolve-fitness.eu\/da\/","logo":{"@type":"ImageObject","inLanguage":"da-DK","@id":"https:\/\/evolve-fitness.eu\/da\/#\/schema\/logo\/image\/","url":"https:\/\/evolve-fitness.eu\/wp-content\/uploads\/2023\/05\/Evolve-logo.svg","contentUrl":"https:\/\/evolve-fitness.eu\/wp-content\/uploads\/2023\/05\/Evolve-logo.svg","width":176,"height":20,"caption":"Evolve"},"image":{"@id":"https:\/\/evolve-fitness.eu\/da\/#\/schema\/logo\/image\/"},"sameAs":["https:\/\/www.facebook.com\/EvolveFitnessEurope"]}]}},"_links":{"self":[{"href":"https:\/\/evolve-fitness.eu\/da\/wp-json\/wp\/v2\/product\/31271","targetHints":{"allow":["GET"]}}],"collection":[{"href":"https:\/\/evolve-fitness.eu\/da\/wp-json\/wp\/v2\/product"}],"about":[{"href":"https:\/\/evolve-fitness.eu\/da\/wp-json\/wp\/v2\/types\/product"}],"wp:featuredmedia":[{"embeddable":true,"href":"https:\/\/evolve-fitness.eu\/da\/wp-json\/wp\/v2\/media\/31279"}],"wp:attachment":[{"href":"https:\/\/evolve-fitness.eu\/da\/wp-json\/wp\/v2\/media?parent=31271"}],"wp:term":[{"taxonomy":"product_brand","embeddable":true,"href":"https:\/\/evolve-fitness.eu\/da\/wp-json\/wp\/v2\/product_brand?post=31271"},{"taxonomy":"product_cat","embeddable":true,"href":"https:\/\/evolve-fitness.eu\/da\/wp-json\/wp\/v2\/product_cat?post=31271"},{"taxonomy":"product_tag","embeddable":true,"href":"https:\/\/evolve-fitness.eu\/da\/wp-json\/wp\/v2\/product_tag?post=31271"}],"curies":[{"name":"wp","href":"https:\/\/api.w.org\/{rel}","templated":true}]}}